{"id":728,"date":"2020-06-15T13:31:17","date_gmt":"2020-06-15T12:31:17","guid":{"rendered":"https:\/\/mythslegendes.com\/?page_id=728"},"modified":"2022-12-03T22:06:57","modified_gmt":"2022-12-03T22:06:57","slug":"partholon","status":"publish","type":"page","link":"https:\/\/mythslegendes.com\/en\/irish-mythology\/partholon\/","title":{"rendered":"Partholon"},"content":{"rendered":"<div data-elementor-type=\"wp-page\" data-elementor-id=\"728\" class=\"elementor elementor-728\">\n\t\t\t\t\t\t<section class=\"elementor-section elementor-top-section elementor-element elementor-element-35f0ae0 elementor-section-boxed elementor-section-height-default elementor-section-height-default\" data-id=\"35f0ae0\" data-element_type=\"section\" data-e-type=\"section\">\n\t\t\t\t\t\t<div class=\"elementor-container elementor-column-gap-default\">\n\t\t\t\t\t<div class=\"elementor-column elementor-col-50 elementor-top-column elementor-element elementor-element-673063e\" data-id=\"673063e\" data-element_type=\"column\" data-e-type=\"column\">\n\t\t\t<div class=\"elementor-widget-wrap elementor-element-populated\">\n\t\t\t\t\t\t<div class=\"elementor-element elementor-element-3124519 elementor-align-justify elementor-widget elementor-widget-button\" data-id=\"3124519\" data-element_type=\"widget\" data-e-type=\"widget\" data-widget_type=\"button.default\">\n\t\t\t\t<div class=\"elementor-widget-container\">\n\t\t\t\t\t\t\t\t\t<div class=\"elementor-button-wrapper\">\n\t\t\t\t\t<a class=\"elementor-button elementor-button-link elementor-size-sm\" href=\"https:\/\/mythslegendes.com\/en\/irish-mythology\/\">\n\t\t\t\t\t\t<span class=\"elementor-button-content-wrapper\">\n\t\t\t\t\t\t\t\t\t<span class=\"elementor-button-text\">Irish mythology<\/span>\n\t\t\t\t\t<\/span>\n\t\t\t\t\t<\/a>\n\t\t\t\t<\/div>\n\t\t\t\t\t\t\t\t<\/div>\n\t\t\t\t<\/div>\n\t\t\t\t\t<\/div>\n\t\t<\/div>\n\t\t\t\t<div class=\"elementor-column elementor-col-50 elementor-top-column elementor-element elementor-element-9d4dd69\" data-id=\"9d4dd69\" data-element_type=\"column\" data-e-type=\"column\">\n\t\t\t<div class=\"elementor-widget-wrap elementor-element-populated\">\n\t\t\t\t\t\t<div class=\"elementor-element elementor-element-b351008 elementor-align-justify elementor-widget elementor-widget-button\" data-id=\"b351008\" data-element_type=\"widget\" data-e-type=\"widget\" data-widget_type=\"button.default\">\n\t\t\t\t<div class=\"elementor-widget-container\">\n\t\t\t\t\t\t\t\t\t<div class=\"elementor-button-wrapper\">\n\t\t\t\t\t<a class=\"elementor-button elementor-button-link elementor-size-sm\" href=\"https:\/\/fr.wikipedia.org\/wiki\/Mythologie_celtique_irlandaise\" target=\"_blank\" rel=\"noopener\">\n\t\t\t\t\t\t<span class=\"elementor-button-content-wrapper\">\n\t\t\t\t\t\t\t\t\t<span class=\"elementor-button-text\">Wiki<\/span>\n\t\t\t\t\t<\/span>\n\t\t\t\t\t<\/a>\n\t\t\t\t<\/div>\n\t\t\t\t\t\t\t\t<\/div>\n\t\t\t\t<\/div>\n\t\t\t\t\t<\/div>\n\t\t<\/div>\n\t\t\t\t\t<\/div>\n\t\t<\/section>\n\t\t\t\t<section class=\"elementor-section elementor-top-section elementor-element elementor-element-3ba7a9f2 elementor-section-boxed elementor-section-height-default elementor-section-height-default\" data-id=\"3ba7a9f2\" data-element_type=\"section\" data-e-type=\"section\">\n\t\t\t\t\t\t<div class=\"elementor-container elementor-column-gap-default\">\n\t\t\t\t\t<div class=\"elementor-column elementor-col-100 elementor-top-column elementor-element elementor-element-56de1cbd\" data-id=\"56de1cbd\" data-element_type=\"column\" data-e-type=\"column\">\n\t\t\t<div class=\"elementor-widget-wrap elementor-element-populated\">\n\t\t\t\t\t\t<div class=\"elementor-element elementor-element-4666abea elementor-widget elementor-widget-text-editor\" data-id=\"4666abea\" data-element_type=\"widget\" data-e-type=\"widget\" data-widget_type=\"text-editor.default\">\n\t\t\t\t<div class=\"elementor-widget-container\">\n\t\t\t\t\t\t\t\t\t\n<p>Here is the so-called Partholon part of the <a href=\"https:\/\/mythslegendes.com\/en\/irish-mythology\/\">Book of Invasions<\/a>.<\/p>\n<p><img decoding=\"async\" class=\"alignnone wp-image-5284 size-full\" src=\"https:\/\/mythslegendes.com\/wp-content\/uploads\/2020\/09\/AlphaOmega-e1602613368367.png\" alt=\"Partholon\" width=\"25\" height=\"26\" title=\"\"><\/p>\n<div id=\"ez-toc-container\" class=\"ez-toc-v2_0_82_2 counter-hierarchy ez-toc-counter ez-toc-grey ez-toc-container-direction\">\n<div class=\"ez-toc-title-container\">\n<p class=\"ez-toc-title\" style=\"cursor:inherit\">Contents<\/p>\n<span class=\"ez-toc-title-toggle\"><a href=\"#\" class=\"ez-toc-pull-right ez-toc-btn ez-toc-btn-xs ez-toc-btn-default ez-toc-toggle\" aria-label=\"Toggle Table of Content\"><span class=\"ez-toc-js-icon-con\"><span class=\"\"><span class=\"eztoc-hide\" style=\"display:none;\">Toggle<\/span><span class=\"ez-toc-icon-toggle-span\"><svg style=\"fill: #999;color:#999\" xmlns=\"http:\/\/www.w3.org\/2000\/svg\" class=\"list-377408\" width=\"20px\" height=\"20px\" viewbox=\"0 0 24 24\" fill=\"none\"><path d=\"M6 6H4v2h2V6zm14 0H8v2h12V6zM4 11h2v2H4v-2zm16 0H8v2h12v-2zM4 16h2v2H4v-2zm16 0H8v2h12v-2z\" fill=\"currentColor\"><\/path><\/svg><svg style=\"fill: #999;color:#999\" class=\"arrow-unsorted-368013\" xmlns=\"http:\/\/www.w3.org\/2000\/svg\" width=\"10px\" height=\"10px\" viewbox=\"0 0 24 24\" version=\"1.2\" baseprofile=\"tiny\"><path d=\"M18.2 9.3l-6.2-6.3-6.2 6.3c-.2.2-.3.4-.3.7s.1.5.3.7c.2.2.4.3.7.3h11c.3 0 .5-.1.7-.3.2-.2.3-.5.3-.7s-.1-.5-.3-.7zM5.8 14.7l6.2 6.3 6.2-6.3c.2-.2.3-.5.3-.7s-.1-.5-.3-.7c-.2-.2-.4-.3-.7-.3h-11c-.3 0-.5.1-.7.3-.2.2-.3.5-.3.7s.1.5.3.7z\"\/><\/svg><\/span><\/span><\/span><\/a><\/span><\/div>\n<nav><ul class='ez-toc-list ez-toc-list-level-1' ><li class='ez-toc-page-1 ez-toc-heading-level-2'><a class=\"ez-toc-link ez-toc-heading-1\" href=\"https:\/\/mythslegendes.com\/en\/irish-mythology\/partholon\/#Partholon\" >Partholon<\/a><\/li><\/ul><\/nav><\/div>\n<h2><span class=\"ez-toc-section\" id=\"Partholon\"><\/span>Partholon<span class=\"ez-toc-section-end\"><\/span><\/h2>\n<p><strong>\u00a730.<\/strong> Now Ireland was deserted thereafter, for a period of three hundred years, or three hundred and twelve, that&#039;s correct; until Partholon f. Will be f. Sru came there. He is the first who took Ireland after the Flood, one Tuesday, the fourteenth of the lunar season, at Inber Scene: because three times Ireland was taken at Inber Scene. From the descendants of Magog f. Iafeth was he: in the sixtieth year of the age of Abraham, Partholon conquered Ireland.<\/p>\n\n<p><strong>\u00a731.<\/strong> Strong of four chiefs was Partholon: himself and his son Laiglinne, eponymous from Loch Laighlinne to Ui Mac Uais of Breg; Slanga and Rudraige, the two other sons of Partholon, eponymous of Sliab Slanga and Loch Rudraige. When Rudraige&#039;s tomb was dug, the lake sprang up above the earth.<\/p>\n\n<p><strong>\u00a732.<\/strong> Partholon was seven years in <a href=\"https:\/\/mythslegendes.com\/en\/irish-mythology\/\">Ireland<\/a> before the first man of his people died, namely, Fea, eponymous of Mag Fea, for that is where he was buried, at Mag Fea.<\/p>\n\n<p><strong>\u00a733.<\/strong> In the third year thereafter, the First Battle of Ireland, which Partholon won at Slemna of Mag Itha against Cichol the lame of Fomoiraig. They were men with one arm and one leg, who joined him in battle.<\/p>\n\n<p><strong>\u00a734.<\/strong> There were seven lake gushes in Ireland during Partholon&#039;s time: Loch Laighlinne in Ui Mac Uais de Breg, Loch Cuan and Loch Rudraige in Ulster, Loch Dechet and Loch Mese and Loch Con in Connachta, and Loch Echtra in Airg\u00edalla because Partholon does not found only three lakes and nine rivers in Ireland before him - Loch Fordremain in Sliab Mis de Mumu, Loch Lumnig on Tir Find, Loch Cera in Irrus; Aba Lif\u00e9, Lui, Muad, Slicech, Samer (where Ess Ruaid is located), Find, Modorn, Buas, and Banna between L\u00e9 and Ell\u00e9. Four years before Partholon&#039;s death, Brena&#039;s spurt to earth.<\/p>\n\n<p><strong>\u00a735.<\/strong> Four plains were cleared by Partholon in Ireland: Mag Itha in Leinster, Mag Tuired in Connachta, Mag Li in Ui Mac Uais, Mag Ladrand in Dal nAraide. For Partholon found only one plain in Ireland before him, the Old Plain of Elta of Edar. This is why it is called the &quot;Old Plain&quot;: never a branch of a branch of wood grew through it.<\/p>\n\n<p><strong>\u00a736.<\/strong> And it is there that Partholon died, five thousand men and four thousand women, of a week of plague in the calends of May. One Monday the plague killed them all except one man - Tuan f. Starn f. Will be Partholon&#039;s nephew: and God shaped him in many forms, and this man survived alone from the time of Partholon until the time of Findian and Colum Cille. So he told them about the Conquests of Ireland from the time of Cessair, the first to conquer it, until then. And this is Tuan f. Cairell f. Muiredach Muinderg. From him the wise historian sang the following song -<\/p>\n\n<p><em>You scholars of the Plain of beautiful and white Conn,<\/em><br \/><em>From the land of the men of Fal, as I tell,<\/em><br \/><em>What company, after the creation of the world,<\/em><br \/><em>First arrived in Ireland?<\/em><br \/><em>Ireland before the rapid flood,<\/em><br \/><em>As I count its eras, namely,<\/em><br \/><em>Pure white warriors have found her,<\/em><br \/><em>Including Cessair daughter of Bith.<\/em><br \/><em>Bith son of Noah with many troops,<\/em><br \/><em>Although he won thanks to a trench,<\/em><br \/><em>Died as in the war in Sliab Betha;<\/em><br \/><em>Ladra died in Ard Ladrann.<\/em><br \/><em>Fintan went on a journey of weakness,<\/em><br \/><em>His grave was found, it was a mark of ardor:<\/em><br \/><em>He was not hastily buried in the grave of a cemetery,<\/em><br \/><em>But in a tomb in Tul Tuinde.<\/em><br \/><em>In Dun na mBarc for a separation party<\/em><br \/><em>A journey beyond measure brought them<\/em><br \/><em>In the tumulus, near a fertile sea<\/em><br \/><em>Cessair died in Cul Cessrach.<\/em><br \/><em>Forty days barely, the thin one<\/em><br \/><em>And graceful troop arrived in his ship,<\/em><br \/><em>Before the sound of the Flood, they landed<\/em><br \/><em>At a point in the land of Ireland.<\/em><br \/><em>He went in search of truth, by the power<\/em><br \/><em>Of the King whom he used to adore;<\/em><br \/><em>Fintan, who was a messenger for the lords,<\/em><br \/><em>The mighty of the earth.<\/em><br \/><em>Three hundred years, I brag about it,<\/em><br \/><em>I speak through the kingdoms that I number,<\/em><br \/><em>The joke Ireland, I proclaim it against<\/em><br \/><em>Diviners, was deserted after the Flood.<\/em><\/p>\n\n<p><em>Partholon the eminent came,<\/em><br \/><em>A royal course on the rowed sea:<\/em><br \/><em>His quartet of heroes, just and faithful -<\/em><br \/><em>Among them, Slanga the freed.<\/em><br \/><em>Slanga, Laiglinne the shining,<\/em><br \/><em>Solid, noble and strong was his canoe;<\/em><br \/><em>Such was his swift trio of leaders,<\/em><br \/><em>As well as the noble Rudraige.<\/em><br \/><em>Plains were cleared of their great wood,<\/em><br \/><em>Through him, to be closer to his dear children;<\/em><br \/><em>Mag Itha to the south, a hill of victory,<\/em><br \/><em>Mag Li of the ash trees, Mag Lathraind.<\/em><br \/><em>Seven lakes sprang up, but gauge them yourselves,<\/em><br \/><em>By the fame of their name,<\/em><br \/><em>Although you list them, they filled up,<\/em><br \/><em>In the enclave of the valleys of the island of Ireland in its time.<\/em><br \/><em>Loch Laiglinne, the daring Loch Cuan,<\/em><br \/><em>Loch de Rudraige, a lord without legislation.<\/em><br \/><em>Loch Techet, Loch Mesc abundant with mead,<\/em><br \/><em>Loch Con, Loch Echtra full of swans.<\/em><br \/><em>In Ireland of beautiful color,<\/em><br \/><em>As I tell every foundation,<\/em><br \/><em>On the fortress of Bith<\/em><br \/><em>He found no more than three lakes in front of him.<\/em><br \/><em>Three lakes, immense and without tide,<\/em><br \/><em>And nine rivers full of beauty:<\/em><br \/><em>Loch Fordremain, Loch Luimnig,<\/em><br \/><em>Findloch beyond the borders of Irrus.<\/em><br \/><em>The Lif\u00e9 river, the Lee, let it be pointed out,<\/em><br \/><em>Let every druid who knows diana senga hums;<\/em><br \/><em>The story of Ireland&#039;s ancient rivers<\/em><br \/><em>Demonstrated the true height of the Flood.<\/em><br \/><em>Muad, Slicech, Samer, you gotta name them, Buas,<\/em><br \/><em>A stream with the same fame as a summit, Modorn,<\/em><br \/><em>Find with some kind of sword blade<\/em><br \/><em>Banna between Lee and Eille.<\/em><br \/><em>He died after the pride, with warriors,<\/em><br \/><em>Partholon, of the hundredfold troop:<\/em><br \/><em>They were slaughtered with their possessions,<\/em><br \/><em>Their treasures, on the Old Plain of Elta of Edar.<\/em><br \/><em>That&#039;s why it&#039;s the happy Old Plain<\/em><br \/><em>It was God the Creator who provoked it:<\/em><br \/><em>On his land that the estuary separated<\/em><br \/><em>There was neither root nor branch of a wood.<\/em><br \/><em>His grave is there according to men of truth,<\/em><br \/><em>Although he had no power among the saints:<\/em><br \/><em>Silent was his sleep under peaceful places<\/em><br \/><em>Which are not a place of pilgrimage for our scholars.<\/em><br \/><em>Three hundred years, although you know it,<\/em><br \/><em>In lands unknown to the exalted,<\/em><br \/><em>The troop remained, brilliantly melodious and lasting,<\/em><br \/><em>In the secular, noble Ireland.<\/em><br \/><em>Men, women, boys and girls,<\/em><br \/><em>In the calends of May, a great obstacle,<\/em><br \/><em>The plague for Partholon from Mag Breg<\/em><br \/><em>Was not an uninterrupted summer truce.<\/em><br \/><em>It was thirty thin years<\/em><br \/><em>That she remained empty in the face of the heroes,<\/em><br \/><em>After the death of his army in a week,<\/em><br \/><em>Troops on Mag Elta.<\/em><br \/><em>Let us worship the King of the Elements,<\/em><br \/><em>The good leader, the Fortress of our people,<\/em><br \/><em>Who owns every troop, every generation,<\/em><br \/><em>Who owns all head, all knowledge.<\/em><br \/><em>I am Ua Flaind, who spread the truths;<\/em><br \/><em>A retribution of kings he chose;<\/em><br \/><em>That all he says is a speech of grace,<\/em><br \/><em>May it be in keeping with holiness, you scholars!<\/em><\/p>\n\n<p><strong>\u00a737.<\/strong> These are the four sons of Partholon who made the first division of Ireland at the beginning, Er, Orba, Fergna, Feron. There were four men, their namesakes, among the sons of Mil, but they were not the same. From Ath Cliath in Leinster to Ailech Neit, is the part of Er. From Ath Cliath to the island of Ard Nemid, is Orba&#039;s share. From Ailech to Ath Cliath in Medraige, is Feron&#039;s share. From this Ath Cliath to Ailech Neit, is Fergna&#039;s share. So it was in this way that they first divided Ireland.<\/p>\n\n<p><strong>\u00a738.<\/strong> Partholon had four oxen, this was the first cattle in Ireland. Of his company was Brea, son of Senboth, who first made a home, a hearth with a cauldron, and a residence in Ireland. Of his company was Samailiath, who first consumed beer and stood surety in Ireland. Of his company was Beoir, who was the first to set up an inn in Ireland.<\/p>\n\n<p>As the poet says,<br \/><em>Partholon, where did he come from in Ireland,<\/em><br \/><em>Do you believe?<\/em><br \/><em>The day he crossed the sea,<\/em><br \/><em>What was the land from which Partholon came?<\/em><br \/><em>He came from Sicily, from <a href=\"https:\/\/mythslegendes.com\/en\/mythes-et-legendes-grecques-1664\/\">Greece<\/a>,<\/em><br \/><em>A year-long journey, without shameless lies:<\/em><br \/><em>A month-long crossing from Greece to the west,<\/em><br \/><em>Towards Cappadocia.<\/em><br \/><em>From Cappadocia he traveled,<\/em><br \/><em>A three-day crossing for Gothia,<\/em><br \/><em>A month-long journey through white Gothie,<\/em><br \/><em>To Spain at the three points.<\/em><br \/><em>After that he reached Inis Fail,<\/em><br \/><em>To Ireland from Spain:<\/em><br \/><em>Monday, the tenth without blemish<\/em><br \/><em>An octad took Ireland.<\/em><\/p>\n\n<p><em>He is the first man who took a wife<\/em><br \/><em>In the time of Partholon without a lie:<\/em><br \/><em>Fintan, who took a wife by battle -<\/em><br \/><em>Aif\u00e9, daughter of Partholon.<\/em><br \/><em>Partholon came out one day,<\/em><br \/><em>Visit its fertile land:<\/em><br \/><em>His wife and his laborer together<\/em><br \/><em>He left behind on the island.<\/em><br \/><em>As they were in his house,<\/em><br \/><em>Both, an incredible miracle,<\/em><br \/><em>She made advances to the faithful maneuver,<\/em><br \/><em>He made no advance to her.<\/em><br \/><em>As he did not respond quickly to the maneuver,<\/em><br \/><em>Stubborn against base intention,<\/em><br \/><em>She undressed in despair -<\/em><br \/><em>Impulsive action for a good woman!<\/em><br \/><em>The maneuver rose without uncertainty,<\/em><br \/><em>A fragile thing that humanity! -<\/em><br \/><em>And came a word without pleasure,<\/em><br \/><em>With Delgnat to share his bed.<\/em><br \/><em>Insolent was the farce for a pleasant maneuver<\/em><br \/><em>That Topa with harmonious muscles committed:<\/em><br \/><em>Go, a bad turn, a happiness without pleasure,<\/em><br \/><em>With Delgnat, to share his bed.<\/em><\/p>\n\n<p><em>Partholon, who was a man of knowledge,<\/em><br \/><em>Had a barrel of the sweetest beer:<\/em><br \/><em>That no one could drink<\/em><br \/><em>Except by a pipe of red gold.<\/em><br \/><em>Thirst seizes them after the act,<\/em><br \/><em>Topa and Delgnat, according to the truth:<\/em><br \/><em>So that both their mouths drank<\/em><br \/><em>Their two gulps down the pipe.<\/em><br \/><em>When they did, a couple without remorse,<\/em><br \/><em>A very great thirst came upon them;<\/em><br \/><em>Soon they drank the shining refreshment,<\/em><br \/><em>Through the golden pipe.<\/em><br \/><em>Partholon came outside,<\/em><br \/><em>After running the uninhabited countryside:<\/em><br \/><em>They brought him, it was a slight stir,<\/em><br \/><em>His barrel and his pipe.<\/em><br \/><em>When he took the right pipe,<\/em><br \/><em>He perceived it immediately,<\/em><br \/><em>The taste of Topa&#039;s mouth so far,<\/em><br \/><em>And the taste of Delgnat&#039;s mouth.<\/em><br \/><em>A black, surly demon revealed<\/em><br \/><em>The bad, wrong and unpleasant action:<\/em><br \/><em>&quot;This is the taste of Topa&#039;s mouth&quot; he said,<\/em><br \/><em>&quot;And the taste of Delmat&#039;s mouth&quot;<\/em><br \/><em>So said the loyal son of Sera,<\/em><br \/><em>The man called Partholon:<\/em><br \/><em>&quot;As short was the time we spent outside,<\/em><br \/><em>We have the right to complain about you. &quot;<\/em><br \/><em>The man hit the woman&#039;s dog<\/em><br \/><em>It had no effect - he killed the dog,<\/em><br \/><em>It was a very fragile treasure;<\/em><br \/><em>So this is Ireland&#039;s first jealousy.<\/em><br \/><em>Delgnat replied to her husband:<\/em><br \/><em>&quot;The fault is not on us,<\/em><br \/><em>As bitter as my words are,<\/em><br \/><em>Really, but it&#039;s on you.<\/em><br \/><em>Although you think my words are bad,<\/em><br \/><em>Partholon, his right will be mine:<\/em><br \/><em>I am one on one here,<\/em><br \/><em>I&#039;m innocent, compensation is owed to me<\/em><\/p>\n\n<p><em>Honey with a woman, milk with a cat,<\/em><br \/><em>Food with the generous, meat with a child,<\/em><br \/><em>An interior craftsman and a sharp tool<\/em><br \/><em>One on one is a big risk.<\/em><br \/><em>The woman will taste the thick honey,<\/em><br \/><em>The cat will drink the milk,<\/em><br \/><em>The generous will give pure food,<\/em><br \/><em>The child will eat the meat.<\/em><br \/><em>The craftsman will grab the tool,<\/em><br \/><em>One and one will go together:<\/em><br \/><em>That&#039;s why it&#039;s fair to keep them<\/em><br \/><em>Good from the start.<\/em><br \/><em>This is the first known adultery<\/em><br \/><em>Who was originally committed here:<\/em><br \/><em>Partholon&#039;s wife, a man of rank,<\/em><br \/><em>Alley with a badly born maneuver.<\/em><\/p>\n\n<p><em>He pursued the henchman<\/em><br \/><em>And killed him angrily:<\/em><br \/><em>No help from God came to him<\/em><br \/><em>To prevent homicide.<\/em><br \/><em>The place where it was done,<\/em><br \/><em>After its occurrence certainly,<\/em><br \/><em>Great was his sweetness<\/em><br \/><em>One day in the land of Inis Saimera.<\/em><br \/><em>And this, without deception,<\/em><br \/><em>Is the first judgment in Ireland, and from there,<\/em><br \/><em>By a very noble judgment,<\/em><br \/><em>Comes &quot;the right of his wife against Partholon&quot;.<\/em><br \/><em>Seventeen years passed then<\/em><br \/><em>Until the death of this man;<\/em><br \/><em>The battle of Mag Itha fighting<\/em><br \/><em>Was one of Partholon&#039;s exploits.<\/em><\/p>\n\n<p>Further on in Partholon&#039;s epic -<br \/><em>Good was the great troop<\/em><br \/><em>What did Partholon have;<\/em><br \/><em>Energetic young women and men,<\/em><br \/><em>Chefs and champions.<\/em><br \/><em>Totacht and Fort Tarba,<\/em><br \/><em>Eochar and Aithechbel,<\/em><br \/><em>Cuaille, Dorcha, Dam,<\/em><br \/><em>The Seven Master Plowmen of Partholon<\/em><br \/><em>Liac and Lecmag the colorful,<\/em><br \/><em>Imar and Etrigi,<\/em><br \/><em>The four oxen, a suitable group,<\/em><br \/><em>Who plowed the land of Partholon.<\/em><br \/><em>Beoir was the man&#039;s name,<\/em><br \/><em>With his nobles and his people,<\/em><br \/><em>Who accepted a guest into his solid house,<\/em><br \/><em>The first in the island of Ireland.<\/em><br \/><em>By this Brea son of Senboth<\/em><br \/><em>A house was the first, a cauldron on the fire;<\/em><br \/><em>A feat that the pleasant Gael did not desert,<\/em><br \/><em>A residence in Ireland.<\/em><br \/><em>By Samaliliath were known<\/em><br \/><em>Beer consumption and guarantee:<\/em><br \/><em>By him were brought later<\/em><br \/><em>Worship, prayer, questioning.<\/em><br \/><em>The three druids of Partholon of the ports,<\/em><br \/><em>Fiss, Eolas, Fochmarc:<\/em><br \/><em>The names of his three champions in addition,<\/em><br \/><em>Milchu, Meran, Muinechan.<\/em><br \/><em>The names of the ten noble daughters<\/em><br \/><em>That Partholon had,<\/em><br \/><em>And the names of his ten sons-in-law<\/em><br \/><em>I put them aside, it&#039;s a complete list.<\/em><br \/><em>Aife, Aine, the noble Adnad,<\/em><br \/><em>Macha, Mucha, Melepard,<\/em><br \/><em>Glas and Grenach,<\/em><br \/><em>Auach and Achanach.<\/em><br \/><em>Aidbli, Bomnad and Ban,<\/em><br \/><em>Caertin, Echtach, Athchosan,<\/em><br \/><em>Lucraid, Ligair, Lugaid the warrior,<\/em><br \/><em>Gerber, who was not speaking in vain.<\/em><br \/><em>Beothach, Iarbonel, Fergus,<\/em><br \/><em>Art, Corb, who followed without sin,<\/em><br \/><em>Sobairche, the energetic Dobairche,<\/em><br \/><em>Were the five chiefs of Nemed, of good strength.<\/em><br \/><em>Bacorb Ladra, who was a renowned sage,<\/em><br \/><em>He was Partholon&#039;s scientist;<\/em><br \/><em>He is the first man, without uncertainty,<\/em><br \/><em>Who offered hospitality at first.<\/em><\/p>\n\n<p><em>Where they plowed in the west is in Dun Finntain,<\/em><br \/><em>Although it was very far:<\/em><br \/><em>And they grazed the resting grass<\/em><br \/><em>East of Mag Sanais.<\/em><br \/><em>Bibal and Babal the white,<\/em><br \/><em>Were two Partholon merchants:<\/em><br \/><em>Bibal brought the gold here,<\/em><br \/><em>Babal brought in the cattle.<\/em><br \/><em>The first building in Ireland, without difficulty,<\/em><br \/><em>Was made by Partholon:<\/em><br \/><em>The first brewing, the churning, the beer, a graceful journey,<\/em><br \/><em>In the beginning, in good and noble Ireland.<\/em><br \/><em>Rimad was the farm laborer in the back,<\/em><br \/><em>Tairle the head general plowman;<\/em><br \/><em>Fodbach was the ploughshare, it&#039;s not a fiction,<\/em><br \/><em>And Fetain the coulter.<\/em><br \/><em>Broken was the man&#039;s name, it was perfect,<\/em><br \/><em>Who was the first to foment secret scandals:<\/em><br \/><em>It was destroyed and scattered, which was not bad.<\/em><br \/><em>Partholon thought it was good.<\/em><\/p>\n\n<p>So this is the news of Ireland&#039;s first capture after the Flood.<\/p>\n\t\t\t\t\t\t\t\t<\/div>\n\t\t\t\t<\/div>\n\t\t\t\t\t<\/div>\n\t\t<\/div>\n\t\t\t\t\t<\/div>\n\t\t<\/section>\n\t\t\t\t<\/div>","protected":false},"excerpt":{"rendered":"<p>Mythologie irlandaise Wiki Voici la partie dite de Partholon du Livre des Invasions. Partholon \u00a730. Or, l\u2019Irlande fut d\u00e9serte par &hellip; <\/p>","protected":false},"author":1,"featured_media":0,"parent":439,"menu_order":0,"comment_status":"closed","ping_status":"closed","template":"","meta":{"footnotes":""},"class_list":["post-728","page","type-page","status-publish","hentry"],"amp_enabled":true,"_links":{"self":[{"href":"https:\/\/mythslegendes.com\/en\/wp-json\/wp\/v2\/pages\/728","targetHints":{"allow":["GET"]}}],"collection":[{"href":"https:\/\/mythslegendes.com\/en\/wp-json\/wp\/v2\/pages"}],"about":[{"href":"https:\/\/mythslegendes.com\/en\/wp-json\/wp\/v2\/types\/page"}],"author":[{"embeddable":true,"href":"https:\/\/mythslegendes.com\/en\/wp-json\/wp\/v2\/users\/1"}],"replies":[{"embeddable":true,"href":"https:\/\/mythslegendes.com\/en\/wp-json\/wp\/v2\/comments?post=728"}],"version-history":[{"count":1,"href":"https:\/\/mythslegendes.com\/en\/wp-json\/wp\/v2\/pages\/728\/revisions"}],"predecessor-version":[{"id":24581,"href":"https:\/\/mythslegendes.com\/en\/wp-json\/wp\/v2\/pages\/728\/revisions\/24581"}],"up":[{"embeddable":true,"href":"https:\/\/mythslegendes.com\/en\/wp-json\/wp\/v2\/pages\/439"}],"wp:attachment":[{"href":"https:\/\/mythslegendes.com\/en\/wp-json\/wp\/v2\/media?parent=728"}],"curies":[{"name":"wp","href":"https:\/\/api.w.org\/{rel}","templated":true}]}}