{"id":788,"date":"2020-06-15T16:57:55","date_gmt":"2020-06-15T15:57:55","guid":{"rendered":"https:\/\/mythslegendes.com\/?page_id=788"},"modified":"2022-12-03T22:06:58","modified_gmt":"2022-12-03T22:06:58","slug":"histoire-de-nede-fils-dadnae","status":"publish","type":"page","link":"https:\/\/mythslegendes.com\/en\/irish-mythology\/story-of-nede-son-dadnae\/","title":{"rendered":"Story of N\u00e9d\u00e9 son of Adnae"},"content":{"rendered":"<div data-elementor-type=\"wp-page\" data-elementor-id=\"788\" class=\"elementor elementor-788\">\n\t\t\t\t\t\t<section class=\"elementor-section elementor-top-section elementor-element elementor-element-bcf652a elementor-section-boxed elementor-section-height-default elementor-section-height-default\" data-id=\"bcf652a\" data-element_type=\"section\" data-e-type=\"section\">\n\t\t\t\t\t\t<div class=\"elementor-container elementor-column-gap-default\">\n\t\t\t\t\t<div class=\"elementor-column elementor-col-50 elementor-top-column elementor-element elementor-element-4efd754\" data-id=\"4efd754\" data-element_type=\"column\" data-e-type=\"column\">\n\t\t\t<div class=\"elementor-widget-wrap elementor-element-populated\">\n\t\t\t\t\t\t<div class=\"elementor-element elementor-element-d43257a elementor-align-justify elementor-widget elementor-widget-button\" data-id=\"d43257a\" data-element_type=\"widget\" data-e-type=\"widget\" data-widget_type=\"button.default\">\n\t\t\t\t<div class=\"elementor-widget-container\">\n\t\t\t\t\t\t\t\t\t<div class=\"elementor-button-wrapper\">\n\t\t\t\t\t<a class=\"elementor-button elementor-button-link elementor-size-sm\" href=\"https:\/\/mythslegendes.com\/en\/irish-mythology\/\">\n\t\t\t\t\t\t<span class=\"elementor-button-content-wrapper\">\n\t\t\t\t\t\t\t\t\t<span class=\"elementor-button-text\">Irish mythology<\/span>\n\t\t\t\t\t<\/span>\n\t\t\t\t\t<\/a>\n\t\t\t\t<\/div>\n\t\t\t\t\t\t\t\t<\/div>\n\t\t\t\t<\/div>\n\t\t\t\t\t<\/div>\n\t\t<\/div>\n\t\t\t\t<div class=\"elementor-column elementor-col-50 elementor-top-column elementor-element elementor-element-e2148cb\" data-id=\"e2148cb\" data-element_type=\"column\" data-e-type=\"column\">\n\t\t\t<div class=\"elementor-widget-wrap elementor-element-populated\">\n\t\t\t\t\t\t<div class=\"elementor-element elementor-element-3df6735 elementor-align-justify elementor-widget elementor-widget-button\" data-id=\"3df6735\" data-element_type=\"widget\" data-e-type=\"widget\" data-widget_type=\"button.default\">\n\t\t\t\t<div class=\"elementor-widget-container\">\n\t\t\t\t\t\t\t\t\t<div class=\"elementor-button-wrapper\">\n\t\t\t\t\t<a class=\"elementor-button elementor-button-link elementor-size-sm\" href=\"https:\/\/fr.wikipedia.org\/wiki\/Mythologie_celtique_irlandaise\" target=\"_blank\" rel=\"noopener\">\n\t\t\t\t\t\t<span class=\"elementor-button-content-wrapper\">\n\t\t\t\t\t\t\t\t\t<span class=\"elementor-button-text\">Wiki<\/span>\n\t\t\t\t\t<\/span>\n\t\t\t\t\t<\/a>\n\t\t\t\t<\/div>\n\t\t\t\t\t\t\t\t<\/div>\n\t\t\t\t<\/div>\n\t\t\t\t\t<\/div>\n\t\t<\/div>\n\t\t\t\t\t<\/div>\n\t\t<\/section>\n\t\t\t\t<section class=\"elementor-section elementor-top-section elementor-element elementor-element-20d4e0b0 elementor-section-boxed elementor-section-height-default elementor-section-height-default\" data-id=\"20d4e0b0\" data-element_type=\"section\" data-e-type=\"section\">\n\t\t\t\t\t\t<div class=\"elementor-container elementor-column-gap-default\">\n\t\t\t\t\t<div class=\"elementor-column elementor-col-100 elementor-top-column elementor-element elementor-element-2b28f2f3\" data-id=\"2b28f2f3\" data-element_type=\"column\" data-e-type=\"column\">\n\t\t\t<div class=\"elementor-widget-wrap elementor-element-populated\">\n\t\t\t\t\t\t<div class=\"elementor-element elementor-element-61cba0b8 elementor-widget elementor-widget-text-editor\" data-id=\"61cba0b8\" data-element_type=\"widget\" data-e-type=\"widget\" data-widget_type=\"text-editor.default\">\n\t\t\t\t<div class=\"elementor-widget-container\">\n\t\t\t\t\t\t\t\t\t<p><\/p>\n<p>This is the story of Nede son of Adnae, of the <a href=\"https:\/\/mythslegendes.com\/en\/irish-mythology\/\">red branch<\/a> of the <a href=\"https:\/\/mythslegendes.com\/en\/\">mythology<\/a> Irish.<\/p>\n<p><img decoding=\"async\" class=\"alignnone wp-image-5284 size-full\" src=\"https:\/\/mythslegendes.com\/wp-content\/uploads\/2020\/09\/AlphaOmega-e1602613368367.png\" alt=\"Born son of Adnae\" width=\"25\" height=\"26\" title=\"\"><\/p>\n<div id=\"ez-toc-container\" class=\"ez-toc-v2_0_82_2 counter-hierarchy ez-toc-counter ez-toc-grey ez-toc-container-direction\">\n<div class=\"ez-toc-title-container\">\n<p class=\"ez-toc-title\" style=\"cursor:inherit\">Contents<\/p>\n<span class=\"ez-toc-title-toggle\"><a href=\"#\" class=\"ez-toc-pull-right ez-toc-btn ez-toc-btn-xs ez-toc-btn-default ez-toc-toggle\" aria-label=\"Toggle Table of Content\"><span class=\"ez-toc-js-icon-con\"><span class=\"\"><span class=\"eztoc-hide\" style=\"display:none;\">Toggle<\/span><span class=\"ez-toc-icon-toggle-span\"><svg style=\"fill: #999;color:#999\" xmlns=\"http:\/\/www.w3.org\/2000\/svg\" class=\"list-377408\" width=\"20px\" height=\"20px\" viewbox=\"0 0 24 24\" fill=\"none\"><path d=\"M6 6H4v2h2V6zm14 0H8v2h12V6zM4 11h2v2H4v-2zm16 0H8v2h12v-2zM4 16h2v2H4v-2zm16 0H8v2h12v-2z\" fill=\"currentColor\"><\/path><\/svg><svg style=\"fill: #999;color:#999\" class=\"arrow-unsorted-368013\" xmlns=\"http:\/\/www.w3.org\/2000\/svg\" width=\"10px\" height=\"10px\" viewbox=\"0 0 24 24\" version=\"1.2\" baseprofile=\"tiny\"><path d=\"M18.2 9.3l-6.2-6.3-6.2 6.3c-.2.2-.3.4-.3.7s.1.5.3.7c.2.2.4.3.7.3h11c.3 0 .5-.1.7-.3.2-.2.3-.5.3-.7s-.1-.5-.3-.7zM5.8 14.7l6.2 6.3 6.2-6.3c.2-.2.3-.5.3-.7s-.1-.5-.3-.7c-.2-.2-.4-.3-.7-.3h-11c-.3 0-.5.1-.7.3-.2.2-.3.5-.3.7s.1.5.3.7z\"\/><\/svg><\/span><\/span><\/span><\/a><\/span><\/div>\n<nav><ul class='ez-toc-list ez-toc-list-level-1' ><li class='ez-toc-page-1 ez-toc-heading-level-2'><a class=\"ez-toc-link ez-toc-heading-1\" href=\"https:\/\/mythslegendes.com\/en\/irish-mythology\/story-of-nede-son-dadnae\/#Nede-fils-dAdnae\" >Born son of Adnae<\/a><\/li><\/ul><\/nav><\/div>\n<h2><span class=\"ez-toc-section\" id=\"Nede-fils-dAdnae\"><\/span>Born son of Adnae<span class=\"ez-toc-section-end\"><\/span><\/h2>\n<p>N\u00e9d\u00e9 had an uncle, his father&#039;s brother: it was Caier, king of Connaught. Caier, having no children, considered N\u00e9d\u00e9 as his son; but he had a wife; the latter fell in love with N\u00e9d\u00e9 and gave him, as a token of her passion, a silver apple. N\u00e9d\u00e9, however, refused to comply with his wishes. She promised to give him the kingdom of Connaught, if he agreed to marry her afterwards.<\/p>\n<p><\/p>\n<p>&quot;How could you get me to the throne?&quot; \u00bbSaid N\u00e9d\u00e9 son of Adnae. &quot;It&#039;s not difficult,&quot; replied the young woman. &quot;Satire against Caier, so that a deformity occurs to him which renders him incapable of retaining the kingship.&quot; &quot;It is very hard,&quot; replied N\u00e9d\u00e9, &quot;to compose a satire against such an excellent man: I will never receive a refusal from him. He has nothing in his possession in the world that he is not willing to give to me. &quot;I know very well,&quot; the woman continued, &quot;one thing he won&#039;t give you: it&#039;s the dagger he brought back from Britain.&quot; He will not give it to you, for he is forbidden to part with it. &quot;<\/p>\n<p><\/p>\n<p>N\u00e9d\u00e9 asked Caier to give him the dagger. \u201cIt&#039;s a pity for me,\u201d said Caier, \u201cI have no right to part with it. Nede pronounced a satire on him which caused three enormous buttons to appear on the unhappy king&#039;s cheeks. Here is the satire:<\/p>\n<p><\/p>\n<p>\u201cMale dead, short life in Caier;<br \/>that the spears of battle wound Caier;<br \/>death in Caier; that Caier be underground;<br \/>let Caier be under walls, under stones. &quot;<\/p>\n<p><\/p>\n<p>The next morning Caier got up and went to the spring to wash himself. He put his hand to his face; there he felt the three buttons that satire had produced; he caught sight of them as he stepped into the water. The first was red, the second green, the third white. They were called stain, blemish and shame. In order not to let anyone see his misfortune, he fled and took refuge in Dun-Cermnai, with Cacher, son of Etarscel.<\/p>\n<p><\/p>\n<p>Nede son of Adnae became king of Connaught; it was for a year. Thinking of Caier&#039;s misfortune, he was in great pain. One day, wanting to see him, he left for Dun-Cermnai. He was mounted on Caier&#039;s chariot; he had Caier&#039;s wife and dog beside him. How handsome N\u00e9d\u00e9 was, driving the chariot himself and approaching Dun-Cermnai! Royal dignity was painted on his features.<\/p>\n<p><\/p>\n<p>&quot;Who is this man so handsome?&quot; Everyone cried. Caier said: \u201cIn the past, it was us in this chariot who occupied the warrior&#039;s seat next to the coachman&#039;s seat. &quot;It is a king&#039;s word,&quot; cried Cacher, son of Etarscel. Until then we had not recognized Caier. &quot;No, I&#039;m not a king,&quot; said Caier; and he fled. He went to hide behind the fort.<\/p>\n<p><\/p>\n<p>Meanwhile, N\u00e9d\u00e9, on the cart, was entering Dun-Cermnai. The dogs followed Caier&#039;s trail, and found him in the asylum where he had taken refuge; Caier died there of shame and of the emotion that the sight of N\u00e9d\u00e9 had caused him. At the same time the rock burst, a fragment hit N\u00e9d\u00e9 in the head, who died of it and thus suffered, as he deserved, the punishment for his ingratitude.<\/p>\n<p><\/p>\t\t\t\t\t\t\t\t<\/div>\n\t\t\t\t<\/div>\n\t\t\t\t\t<\/div>\n\t\t<\/div>\n\t\t\t\t\t<\/div>\n\t\t<\/section>\n\t\t\t\t<\/div>","protected":false},"excerpt":{"rendered":"<p>Mythologie irlandaise Wiki Voici l&rsquo;histoire de N\u00e9d\u00e9 fils d&rsquo;Adnae, de la branche rouge de la mythologie irlandaise. N\u00e9d\u00e9 fils d&rsquo;Adnae &hellip; <\/p>","protected":false},"author":1,"featured_media":0,"parent":439,"menu_order":0,"comment_status":"closed","ping_status":"closed","template":"","meta":{"footnotes":""},"class_list":["post-788","page","type-page","status-publish","hentry"],"amp_enabled":true,"_links":{"self":[{"href":"https:\/\/mythslegendes.com\/en\/wp-json\/wp\/v2\/pages\/788","targetHints":{"allow":["GET"]}}],"collection":[{"href":"https:\/\/mythslegendes.com\/en\/wp-json\/wp\/v2\/pages"}],"about":[{"href":"https:\/\/mythslegendes.com\/en\/wp-json\/wp\/v2\/types\/page"}],"author":[{"embeddable":true,"href":"https:\/\/mythslegendes.com\/en\/wp-json\/wp\/v2\/users\/1"}],"replies":[{"embeddable":true,"href":"https:\/\/mythslegendes.com\/en\/wp-json\/wp\/v2\/comments?post=788"}],"version-history":[{"count":1,"href":"https:\/\/mythslegendes.com\/en\/wp-json\/wp\/v2\/pages\/788\/revisions"}],"predecessor-version":[{"id":24595,"href":"https:\/\/mythslegendes.com\/en\/wp-json\/wp\/v2\/pages\/788\/revisions\/24595"}],"up":[{"embeddable":true,"href":"https:\/\/mythslegendes.com\/en\/wp-json\/wp\/v2\/pages\/439"}],"wp:attachment":[{"href":"https:\/\/mythslegendes.com\/en\/wp-json\/wp\/v2\/media?parent=788"}],"curies":[{"name":"wp","href":"https:\/\/api.w.org\/{rel}","templated":true}]}}