{"id":814,"date":"2020-06-15T18:11:27","date_gmt":"2020-06-15T17:11:27","guid":{"rendered":"https:\/\/mythslegendes.com\/?page_id=814"},"modified":"2022-12-03T22:06:58","modified_gmt":"2022-12-03T22:06:58","slug":"le-combat-de-cuchulainn-avec-senbecc","status":"publish","type":"page","link":"https:\/\/mythslegendes.com\/en\/irish-mythology\/the-fight-of-cuchulainn-with-senbecc\/","title":{"rendered":"Cuchulainn&#039;s Combat with Senbecc"},"content":{"rendered":"\t\t<div data-elementor-type=\"wp-page\" data-elementor-id=\"814\" class=\"elementor elementor-814\">\n\t\t\t\t\t\t<section class=\"elementor-section elementor-top-section elementor-element elementor-element-9e7d17c elementor-section-boxed elementor-section-height-default elementor-section-height-default\" data-id=\"9e7d17c\" data-element_type=\"section\" data-e-type=\"section\">\n\t\t\t\t\t\t<div class=\"elementor-container elementor-column-gap-default\">\n\t\t\t\t\t<div class=\"elementor-column elementor-col-50 elementor-top-column elementor-element elementor-element-3e6c772\" data-id=\"3e6c772\" data-element_type=\"column\" data-e-type=\"column\">\n\t\t\t<div class=\"elementor-widget-wrap elementor-element-populated\">\n\t\t\t\t\t\t<div class=\"elementor-element elementor-element-022c73d elementor-align-justify elementor-widget elementor-widget-button\" data-id=\"022c73d\" data-element_type=\"widget\" data-e-type=\"widget\" data-widget_type=\"button.default\">\n\t\t\t\t<div class=\"elementor-widget-container\">\n\t\t\t\t\t\t\t\t\t<div class=\"elementor-button-wrapper\">\n\t\t\t\t\t<a class=\"elementor-button elementor-button-link elementor-size-sm\" href=\"https:\/\/mythslegendes.com\/mythologie-irlandaise\/\">\n\t\t\t\t\t\t<span class=\"elementor-button-content-wrapper\">\n\t\t\t\t\t\t\t\t\t<span class=\"elementor-button-text\">Mythologie irlandaise<\/span>\n\t\t\t\t\t<\/span>\n\t\t\t\t\t<\/a>\n\t\t\t\t<\/div>\n\t\t\t\t\t\t\t\t<\/div>\n\t\t\t\t<\/div>\n\t\t\t\t\t<\/div>\n\t\t<\/div>\n\t\t\t\t<div class=\"elementor-column elementor-col-50 elementor-top-column elementor-element elementor-element-3693581\" data-id=\"3693581\" data-element_type=\"column\" data-e-type=\"column\">\n\t\t\t<div class=\"elementor-widget-wrap elementor-element-populated\">\n\t\t\t\t\t\t<div class=\"elementor-element elementor-element-30bb16e elementor-align-justify elementor-widget elementor-widget-button\" data-id=\"30bb16e\" data-element_type=\"widget\" data-e-type=\"widget\" data-widget_type=\"button.default\">\n\t\t\t\t<div class=\"elementor-widget-container\">\n\t\t\t\t\t\t\t\t\t<div class=\"elementor-button-wrapper\">\n\t\t\t\t\t<a class=\"elementor-button elementor-button-link elementor-size-sm\" href=\"https:\/\/fr.wikipedia.org\/wiki\/Mythologie_celtique_irlandaise\" target=\"_blank\" rel=\"noopener\">\n\t\t\t\t\t\t<span class=\"elementor-button-content-wrapper\">\n\t\t\t\t\t\t\t\t\t<span class=\"elementor-button-text\">Wiki<\/span>\n\t\t\t\t\t<\/span>\n\t\t\t\t\t<\/a>\n\t\t\t\t<\/div>\n\t\t\t\t\t\t\t\t<\/div>\n\t\t\t\t<\/div>\n\t\t\t\t\t<\/div>\n\t\t<\/div>\n\t\t\t\t\t<\/div>\n\t\t<\/section>\n\t\t\t\t<section class=\"elementor-section elementor-top-section elementor-element elementor-element-6d49745d elementor-section-boxed elementor-section-height-default elementor-section-height-default\" data-id=\"6d49745d\" data-element_type=\"section\" data-e-type=\"section\">\n\t\t\t\t\t\t<div class=\"elementor-container elementor-column-gap-default\">\n\t\t\t\t\t<div class=\"elementor-column elementor-col-100 elementor-top-column elementor-element elementor-element-5d4e0507\" data-id=\"5d4e0507\" data-element_type=\"column\" data-e-type=\"column\">\n\t\t\t<div class=\"elementor-widget-wrap elementor-element-populated\">\n\t\t\t\t\t\t<div class=\"elementor-element elementor-element-6d304c76 elementor-widget elementor-widget-text-editor\" data-id=\"6d304c76\" data-element_type=\"widget\" data-e-type=\"widget\" data-widget_type=\"text-editor.default\">\n\t\t\t\t<div class=\"elementor-widget-container\">\n\t\t\t\t\t\t\t\t\t\n<p>Voici l&rsquo;histoire du Combat de Cuchulainn avec Senbecc, de la <a href=\"https:\/\/mythslegendes.com\/en\/irish-mythology\/\">branche rouge<\/a> de la <a href=\"https:\/\/mythslegendes.com\/en\/\">mythologie<\/a> irlandaise.<\/p>\n<p><img decoding=\"async\" class=\"alignnone wp-image-5284 size-full\" src=\"https:\/\/mythslegendes.com\/wp-content\/uploads\/2020\/09\/AlphaOmega-e1602613368367.png\" alt=\"Combat de Cuchulainn avec Senbecc\" width=\"25\" height=\"26\" title=\"\"><\/p>\n<div id=\"ez-toc-container\" class=\"ez-toc-v2_0_82_2 counter-hierarchy ez-toc-counter ez-toc-grey ez-toc-container-direction\">\n<div class=\"ez-toc-title-container\">\n<p class=\"ez-toc-title\" style=\"cursor:inherit\">Contenus<\/p>\n<span class=\"ez-toc-title-toggle\"><a href=\"#\" class=\"ez-toc-pull-right ez-toc-btn ez-toc-btn-xs ez-toc-btn-default ez-toc-toggle\" aria-label=\"Toggle Table of Content\"><span class=\"ez-toc-js-icon-con\"><span class=\"\"><span class=\"eztoc-hide\" style=\"display:none;\">Toggle<\/span><span class=\"ez-toc-icon-toggle-span\"><svg style=\"fill: #999;color:#999\" xmlns=\"http:\/\/www.w3.org\/2000\/svg\" class=\"list-377408\" width=\"20px\" height=\"20px\" viewBox=\"0 0 24 24\" fill=\"none\"><path d=\"M6 6H4v2h2V6zm14 0H8v2h12V6zM4 11h2v2H4v-2zm16 0H8v2h12v-2zM4 16h2v2H4v-2zm16 0H8v2h12v-2z\" fill=\"currentColor\"><\/path><\/svg><svg style=\"fill: #999;color:#999\" class=\"arrow-unsorted-368013\" xmlns=\"http:\/\/www.w3.org\/2000\/svg\" width=\"10px\" height=\"10px\" viewBox=\"0 0 24 24\" version=\"1.2\" baseProfile=\"tiny\"><path d=\"M18.2 9.3l-6.2-6.3-6.2 6.3c-.2.2-.3.4-.3.7s.1.5.3.7c.2.2.4.3.7.3h11c.3 0 .5-.1.7-.3.2-.2.3-.5.3-.7s-.1-.5-.3-.7zM5.8 14.7l6.2 6.3 6.2-6.3c.2-.2.3-.5.3-.7s-.1-.5-.3-.7c-.2-.2-.4-.3-.7-.3h-11c-.3 0-.5.1-.7.3-.2.2-.3.5-.3.7s.1.5.3.7z\"\/><\/svg><\/span><\/span><\/span><\/a><\/span><\/div>\n<nav><ul class='ez-toc-list ez-toc-list-level-1 ' ><li class='ez-toc-page-1 ez-toc-heading-level-2'><a class=\"ez-toc-link ez-toc-heading-1\" href=\"https:\/\/mythslegendes.com\/en\/irish-mythology\/the-fight-of-cuchulainn-with-senbecc\/#Combat-de-Cuchulainn-avec-Senbecc\" >Combat de Cuchulainn avec Senbecc<\/a><\/li><\/ul><\/nav><\/div>\n<h2><span class=\"ez-toc-section\" id=\"Combat-de-Cuchulainn-avec-Senbecc\"><\/span>Combat de Cuchulainn avec Senbecc<span class=\"ez-toc-section-end\"><\/span><\/h2>\n<p>Une fois Cuchulainn \u00e9tait dans son char sur la rive de la Boyne, et Loeg, le fils de Riangabair, \u00e9tait avec lui. Et il accomplissait le tour des neuf h\u00e9ros sur la rivi\u00e8re, tuant le saumon de Lind Feic, quand ils virent un petit homme en robe pourpre, un petit bateau de bronze sous lui &#8230;.. sur la Boyne, qui ne ramait aucunement. Cuchulainn le prit dans sa main avec son bateau. \u00abTu es pris\u00bb dit Cuchulainn. \u00abLe plus vraisemblable alors,\u00bb dit-il [le petit homme] \u00ab est que je donne une ran\u00e7on, \u00e0 savoir, mon manteau et ma chemise. Ils ont leur vertu, \u00e0 savoir, ils s&rsquo;adapte \u00e0 tout homme, qu&rsquo;il soit petit ou grand. Celui-ci ne pourra \u00eatre noy\u00e9, ni br\u00fbl\u00e9, tant qu&rsquo;ils seront sur lui. Ils ne vieillissent pas, non plus que celui qui les porte, et toute couleur que vous aimez sera sur eux. \u00bb \u00ab Ils sont \u00e0 moi sans cela \u00bb dit Cuchulainn. \u00abPrends mon bouclier et ma lance, et tu ne pourras pas \u00eatre battu dans la bataille ou le combat, et tu ne seras jamais bless\u00e9 aussi longtemps que le bouclier te prot\u00e8gera. \u00bb \u00ab Ils sont tous \u00e0 moi \u00bb dit Cuchulainn. \u00abIls sont &#8230;.. de mon poing. \u00bb \u00ab Tu es dur avec moi \u00bb, d\u00e9clara Senbecc. \u00abQuelle est cette petite chose avec toi? \u00bb demanda Cuchulainn. \u00abUne petite harpe\u00bb, dit Senbecc \u00abveux-tu que j&rsquo;en joue pour toi? \u00bb \u00ab J&rsquo;en serais heureux \u00bb dit Cuchulainn. Puis il passa ses doigts dessus, de telle mani\u00e8re que Cuchulainn versa des larmes en entendant l&rsquo;air m\u00e9lancolique. Puis il joua l&rsquo;air joyeux, et Cuchulainn rit sans cesser. Il joua l&rsquo;air du sommeil, et Cuchulainn s&rsquo;endormit et son sommeil dura d&rsquo;une heure \u00e0 la suivantee. Senbecc rentra chez lui, et<\/p>\n\n<p>Fuair hua Eibricc forsin sruth<br \/>itir sceoil ainscelu gugud<br \/>S\u00e9phain Senbecc sal iar sruth<br \/>do Coinculaind chostadhach.<br \/>Ni hagh a seinm na suainchi<br \/>Senbecc na seghsa siancha<br \/>for bruinnib Bonne braiche<br \/>do dhalta Scathchi sciathcha.<br \/>Senbecc ua hEibric a Seghais<br \/>is \u00e9 ro sepaind a seinm.<\/p>\n\n<p>Finit.<\/p>\n\t\t\t\t\t\t\t\t<\/div>\n\t\t\t\t<\/div>\n\t\t\t\t\t<\/div>\n\t\t<\/div>\n\t\t\t\t\t<\/div>\n\t\t<\/section>\n\t\t\t\t<\/div>\n\t\t","protected":false},"excerpt":{"rendered":"<p>Irish Mythology Wiki This is the story of Cuchulainn&#039;s Fight with Senbecc, from the red branch of Irish mythology. Fight\u2026 <\/p>","protected":false},"author":1,"featured_media":0,"parent":439,"menu_order":0,"comment_status":"closed","ping_status":"closed","template":"","meta":{"footnotes":""},"class_list":["post-814","page","type-page","status-publish","hentry"],"amp_enabled":true,"_links":{"self":[{"href":"https:\/\/mythslegendes.com\/en\/wp-json\/wp\/v2\/pages\/814","targetHints":{"allow":["GET"]}}],"collection":[{"href":"https:\/\/mythslegendes.com\/en\/wp-json\/wp\/v2\/pages"}],"about":[{"href":"https:\/\/mythslegendes.com\/en\/wp-json\/wp\/v2\/types\/page"}],"author":[{"embeddable":true,"href":"https:\/\/mythslegendes.com\/en\/wp-json\/wp\/v2\/users\/1"}],"replies":[{"embeddable":true,"href":"https:\/\/mythslegendes.com\/en\/wp-json\/wp\/v2\/comments?post=814"}],"version-history":[{"count":1,"href":"https:\/\/mythslegendes.com\/en\/wp-json\/wp\/v2\/pages\/814\/revisions"}],"predecessor-version":[{"id":24602,"href":"https:\/\/mythslegendes.com\/en\/wp-json\/wp\/v2\/pages\/814\/revisions\/24602"}],"up":[{"embeddable":true,"href":"https:\/\/mythslegendes.com\/en\/wp-json\/wp\/v2\/pages\/439"}],"wp:attachment":[{"href":"https:\/\/mythslegendes.com\/en\/wp-json\/wp\/v2\/media?parent=814"}],"curies":[{"name":"wp","href":"https:\/\/api.w.org\/{rel}","templated":true}]}}