{"id":818,"date":"2020-06-15T18:14:10","date_gmt":"2020-06-15T17:14:10","guid":{"rendered":"https:\/\/mythslegendes.com\/?page_id=818"},"modified":"2022-12-03T22:06:58","modified_gmt":"2022-12-03T22:06:58","slug":"la-mort-de-curoi-mac-dari","status":"publish","type":"page","link":"https:\/\/mythslegendes.com\/en\/irish-mythology\/the-death-of-curoi-mac-dari\/","title":{"rendered":"The Death of Curoi MacDari"},"content":{"rendered":"\t\t<div data-elementor-type=\"wp-page\" data-elementor-id=\"818\" class=\"elementor elementor-818\">\n\t\t\t\t\t\t<section class=\"elementor-section elementor-top-section elementor-element elementor-element-caaa519 elementor-section-boxed elementor-section-height-default elementor-section-height-default\" data-id=\"caaa519\" data-element_type=\"section\" data-e-type=\"section\">\n\t\t\t\t\t\t<div class=\"elementor-container elementor-column-gap-default\">\n\t\t\t\t\t<div class=\"elementor-column elementor-col-50 elementor-top-column elementor-element elementor-element-88eeb65\" data-id=\"88eeb65\" data-element_type=\"column\" data-e-type=\"column\">\n\t\t\t<div class=\"elementor-widget-wrap elementor-element-populated\">\n\t\t\t\t\t\t<div class=\"elementor-element elementor-element-ab346f1 elementor-align-justify elementor-widget elementor-widget-button\" data-id=\"ab346f1\" data-element_type=\"widget\" data-e-type=\"widget\" data-widget_type=\"button.default\">\n\t\t\t\t<div class=\"elementor-widget-container\">\n\t\t\t\t\t\t\t\t\t<div class=\"elementor-button-wrapper\">\n\t\t\t\t\t<a class=\"elementor-button elementor-button-link elementor-size-sm\" href=\"https:\/\/mythslegendes.com\/mythologie-irlandaise\/\">\n\t\t\t\t\t\t<span class=\"elementor-button-content-wrapper\">\n\t\t\t\t\t\t\t\t\t<span class=\"elementor-button-text\">Mythologie irlandaise<\/span>\n\t\t\t\t\t<\/span>\n\t\t\t\t\t<\/a>\n\t\t\t\t<\/div>\n\t\t\t\t\t\t\t\t<\/div>\n\t\t\t\t<\/div>\n\t\t\t\t\t<\/div>\n\t\t<\/div>\n\t\t\t\t<div class=\"elementor-column elementor-col-50 elementor-top-column elementor-element elementor-element-047321d\" data-id=\"047321d\" data-element_type=\"column\" data-e-type=\"column\">\n\t\t\t<div class=\"elementor-widget-wrap elementor-element-populated\">\n\t\t\t\t\t\t<div class=\"elementor-element elementor-element-4bda41e elementor-align-justify elementor-widget elementor-widget-button\" data-id=\"4bda41e\" data-element_type=\"widget\" data-e-type=\"widget\" data-widget_type=\"button.default\">\n\t\t\t\t<div class=\"elementor-widget-container\">\n\t\t\t\t\t\t\t\t\t<div class=\"elementor-button-wrapper\">\n\t\t\t\t\t<a class=\"elementor-button elementor-button-link elementor-size-sm\" href=\"https:\/\/fr.wikipedia.org\/wiki\/Mythologie_celtique_irlandaise\" target=\"_blank\" rel=\"noopener\">\n\t\t\t\t\t\t<span class=\"elementor-button-content-wrapper\">\n\t\t\t\t\t\t\t\t\t<span class=\"elementor-button-text\">Wiki<\/span>\n\t\t\t\t\t<\/span>\n\t\t\t\t\t<\/a>\n\t\t\t\t<\/div>\n\t\t\t\t\t\t\t\t<\/div>\n\t\t\t\t<\/div>\n\t\t\t\t\t<\/div>\n\t\t<\/div>\n\t\t\t\t\t<\/div>\n\t\t<\/section>\n\t\t\t\t<section class=\"elementor-section elementor-top-section elementor-element elementor-element-7e1b7d84 elementor-section-boxed elementor-section-height-default elementor-section-height-default\" data-id=\"7e1b7d84\" data-element_type=\"section\" data-e-type=\"section\">\n\t\t\t\t\t\t<div class=\"elementor-container elementor-column-gap-default\">\n\t\t\t\t\t<div class=\"elementor-column elementor-col-100 elementor-top-column elementor-element elementor-element-1d1428cf\" data-id=\"1d1428cf\" data-element_type=\"column\" data-e-type=\"column\">\n\t\t\t<div class=\"elementor-widget-wrap elementor-element-populated\">\n\t\t\t\t\t\t<div class=\"elementor-element elementor-element-dcf3a63 elementor-widget elementor-widget-text-editor\" data-id=\"dcf3a63\" data-element_type=\"widget\" data-e-type=\"widget\" data-widget_type=\"text-editor.default\">\n\t\t\t\t<div class=\"elementor-widget-container\">\n\t\t\t\t\t\t\t\t\t\n<p>Voici l&rsquo;histoire de la Mort de Curoi Mac Dari, de la <a href=\"https:\/\/mythslegendes.com\/en\/irish-mythology\/\">branche rouge<\/a> de la <a href=\"https:\/\/mythslegendes.com\/en\/\">mythologie<\/a> irlandaise.<\/p>\n<p><img decoding=\"async\" class=\"alignnone wp-image-5284 size-full\" src=\"https:\/\/mythslegendes.com\/wp-content\/uploads\/2020\/09\/AlphaOmega-e1602613368367.png\" alt=\"la Mort de Curoi Mac Dari\" width=\"25\" height=\"26\" title=\"\"><\/p>\n<div id=\"ez-toc-container\" class=\"ez-toc-v2_0_82_2 counter-hierarchy ez-toc-counter ez-toc-grey ez-toc-container-direction\">\n<div class=\"ez-toc-title-container\">\n<p class=\"ez-toc-title\" style=\"cursor:inherit\">Contenus<\/p>\n<span class=\"ez-toc-title-toggle\"><a href=\"#\" class=\"ez-toc-pull-right ez-toc-btn ez-toc-btn-xs ez-toc-btn-default ez-toc-toggle\" aria-label=\"Toggle Table of Content\"><span class=\"ez-toc-js-icon-con\"><span class=\"\"><span class=\"eztoc-hide\" style=\"display:none;\">Toggle<\/span><span class=\"ez-toc-icon-toggle-span\"><svg style=\"fill: #999;color:#999\" xmlns=\"http:\/\/www.w3.org\/2000\/svg\" class=\"list-377408\" width=\"20px\" height=\"20px\" viewBox=\"0 0 24 24\" fill=\"none\"><path d=\"M6 6H4v2h2V6zm14 0H8v2h12V6zM4 11h2v2H4v-2zm16 0H8v2h12v-2zM4 16h2v2H4v-2zm16 0H8v2h12v-2z\" fill=\"currentColor\"><\/path><\/svg><svg style=\"fill: #999;color:#999\" class=\"arrow-unsorted-368013\" xmlns=\"http:\/\/www.w3.org\/2000\/svg\" width=\"10px\" height=\"10px\" viewBox=\"0 0 24 24\" version=\"1.2\" baseProfile=\"tiny\"><path d=\"M18.2 9.3l-6.2-6.3-6.2 6.3c-.2.2-.3.4-.3.7s.1.5.3.7c.2.2.4.3.7.3h11c.3 0 .5-.1.7-.3.2-.2.3-.5.3-.7s-.1-.5-.3-.7zM5.8 14.7l6.2 6.3 6.2-6.3c.2-.2.3-.5.3-.7s-.1-.5-.3-.7c-.2-.2-.4-.3-.7-.3h-11c-.3 0-.5.1-.7.3-.2.2-.3.5-.3.7s.1.5.3.7z\"\/><\/svg><\/span><\/span><\/span><\/a><\/span><\/div>\n<nav><ul class='ez-toc-list ez-toc-list-level-1 ' ><li class='ez-toc-page-1 ez-toc-heading-level-2'><a class=\"ez-toc-link ez-toc-heading-1\" href=\"https:\/\/mythslegendes.com\/en\/irish-mythology\/the-death-of-curoi-mac-dari\/#La-Mort-de-Curoi-Mac-Dari\" >La Mort de Curoi Mac Dari<\/a><\/li><\/ul><\/nav><\/div>\n<h2><span class=\"ez-toc-section\" id=\"La-Mort-de-Curoi-Mac-Dari\"><\/span>La Mort de Curoi Mac Dari<span class=\"ez-toc-section-end\"><\/span><\/h2>\n<p>1. Lorsque les Ulates \u00e9taient \u00e0 Emain, ils virent un <em>Fer Ecencaill<\/em> venir \u00e0 eux sur la Plaine d&rsquo;Emain. Il appela Blathin, fille de Conchobar, et elle partit avec lui selon sa volont\u00e9. (Pourtant?) elle aimait Curoi, fils de Dare, le sorcier et magicien. C&rsquo;est Echde Echbel (bouche de cheval), qui fit cela, et aucun des Ulates ne s&rsquo;y opposa, sinon Curoi seul.<\/p>\n\n<p>2. Alors, Echde vivait dans Aird Echdi en <em>Cenn Tire Fer Ecencaill<\/em>. Il avait trois excellentes vaches tachet\u00e9es et belles. C&rsquo;est pourquoi on dit \u00ab\u00a0les trois <em>erca<\/em> (tachet\u00e9es) de Echde\u00a0\u00bb. Il les avait ramen\u00e9es d&rsquo;une exp\u00e9dition dans le grand monde, d&rsquo;o\u00f9 il avait rapport\u00e9 la ceinture de Uar (?) des braves et l&rsquo;\u00e9chiquier du fils de Salomon. Ces trois vaches avaient l&rsquo;habitude de *** (Ulster) la parcourant de Aird Echdi jusqu&rsquo;\u00e0 Magee et Larne. Un chaudron de cuivre, c&rsquo;\u00e9tait leur veau. Soixante <em>sextarii [un sextarius = 0,546 litres]<\/em>, voil\u00e0 ce qui remplissait le chaudron de jour en jour. Ainsi dit Cuchulainn dans le <em>Siaburcharpat<\/em>:<\/p>\n\n<p>\u00ab\u00a0Le chaudron \u00e9tait dans le ch\u00e2teau,<br \/>le \u00ab\u00a0veau des trois vaches\u00a0\u00bb;<br \/>trente vaches dans sa gorge,<br \/>elles ne le remplissaient pas.<\/p>\n\n<p>Elles (les trois vaches) inclinaient \u00e0 aller au chaudron<br \/>&#8211; Charmante \u00e9tait la comp\u00e9tition -;<br \/>elles ne s&rsquo;\u00e9loignaient pas de lui,<br \/>tant qu&rsquo;elles ne l&rsquo;avaient pleinement rempli.<\/p>\n\n<p>Beaucoup d&rsquo;or et d&rsquo;argent \u00e9tait l\u00e0 (ou en lui)<br \/>&#8211; Bon fut le profit &#8211;<br \/>J&#8217;emportai ce chaudron<br \/>en m\u00eame temps que la fille du roi.\u00a0\u00bb<\/p>\n\n<p>3. Que leur pays soit p\u00e2tur\u00e9 ennuyait les Ulates. Ils surveill\u00e8rent leurs terres. Ils enferm\u00e8rent les vaches. Celles-ci s&rsquo;\u00e9chapp\u00e8rent. Les Ulates travers\u00e8rent la mer \u00e0 la poursuite des vaches jusqu&rsquo;\u00e0 ce qu&rsquo;ils arrivent \u00e0 la tour de Echde. Ils \u00e9taient tous partis (?) \u00e0 part Conall et Lo\u00e9gair\u00e9. (Cependant) Cuchulainn n&rsquo;y alla pas, aucun d&rsquo;eux n&rsquo;en avait envie (?). (Puis) finalement Cuchulainn s&rsquo;y rendit. Quand il monta dans une barque, il vit un jeune homme d&rsquo;apparence discr\u00e8te: une tunique grise, un manteau gris, un <em>muirnech<\/em> de cuivre dans son manteau.<\/p>\n\n<p>4. Ils se sont assis ensemble sur (?). Trois nuits d&rsquo;hospitalit\u00e9 leur furent accord\u00e9es. Les Ulates se lev\u00e8rent apr\u00e8s que Echde se soit endormi. Ils emport\u00e8rent le chaudron avec eux et la fille et les vaches et bien d&rsquo;autres tr\u00e9sors. Lorsqu&rsquo;ils eurent parcouru une grande distance, Echde les suivit sur la mer. Le butin fut accord\u00e9 \u00e0 Curoi, s&rsquo;il les d\u00e9barrassait de Echde. Le jeune homme bondit (?) hors du navire, de sorte que *** une grande crue (forte vague?), l&rsquo;homme du sud \u00e9tait pr\u00e8s de lui. C&rsquo;\u00e9tait *** son \u00e2me. Echde tomba. Il mourut.<\/p>\n\n<p>5. Les Ulates et le jeune homme arriv\u00e8rent en <a href=\"https:\/\/mythslegendes.com\/en\/irish-mythology\/\">Irlande<\/a>. Ils lui demand\u00e8rent de prendre tous les tr\u00e9sors, mais de leur laisser le b\u00e9tail et la fille jusqu&rsquo;\u00e0 la fin d&rsquo;une ann\u00e9e. \u00c0 plusieurs reprises, on lui demanda la m\u00eame chose jusqu&rsquo;\u00e0 la fin de trois ans. Il l&rsquo;accepta. A la fin de l&rsquo;ann\u00e9e (troisi\u00e8me), il vint. Pour finir, ils \u00e9taient des menteurs, ils ne l&rsquo;auraient pas laiss\u00e9 les prendre (les vaches et la fille), et les contrats furent annul\u00e9s.<\/p>\n\n<p>6. Alors il enleva, de leur propre main, les vaches et la chaudron et la jeune fille. Cuchulainn le suivit. Il posa la main (?) sur l&rsquo;anse du chaudron. Le jeune homme se retourna contre lui. Il le jeta (Cuchulainn) \u00e0 travers la terre, une fois jusqu&rsquo;au genoux, une autre fois jusqu&rsquo;aux fesses, la fois suivante jusqu&rsquo;\u00e0 la taille, la suivante jusqu&rsquo;aux aisselles.<\/p>\n\n<p>7. Ensuite, il mena les vaches et la jeune fille \u00e0 Caher Conree entre *** et la mer \u00e0 l&rsquo;ouest. L\u00e0, les vaches laiss\u00e8rent couler leur lait, par la suite sans \u00eatre traites, ils vagabondaient aux alentours. De cela, une herbe poussa. Son nom est <em>bo-Eirne<\/em>. Car Curoi est l&rsquo;un des Erainn.<\/p>\n\n<p>8. Plus tard Ferchertne le po\u00e8te de Curoi vint, avec une <em>ailges<\/em>, voir les Ulates pour emporter leLiath de Macha. Il l&#8217;emmena \u00e0 cause de leur honneur. Apr\u00e8s un mois il vint \u00e0 nouveau. Les \u00ab\u00a0Gens du Dire\u00a0\u00bb avaient coutume de faire la louange du <em>Midchuairt<\/em> (la salle des festins) des Ulates et de leur roi et de la reine. Une fois il fut irrit\u00e9. Il dit, Curoi fils de Dare a plus de gloire qu&rsquo;ils n&rsquo;en ont. <em>[Dans les vers suivants, intraduisibles en d\u00e9tail, il se vante que les trois erca de Echde sont en possession de Curoi.]<\/em> Depuis, il fut alors su que c&rsquo;\u00e9tait Curoi qui \u00e9tait venu vers lui (Cuchulainn) et l&rsquo;avait insult\u00e9. Les Ulates furent grandement contrari\u00e9s.<\/p>\n\n<p>9. Apr\u00e8s cela, Cuchulainn se rendit sous la forme d&rsquo;un pauvre (mendiant) en Caher Conree. Il reconnut la fille de Conchobar. Il lui parla (?) de ses promenades autour des Ulates et de l&rsquo;int\u00e9r\u00eat de son p\u00e8re, de peur qu&rsquo;elle trahisse l&rsquo;homme. Il (Curoi) avait un vaisseau de cuivre, \u00e0 partir duquel il avait l&rsquo;habitude de combattre (se livrer au pillage) Albion et les autres \u00eeles de la mer jusqu&rsquo;au \u00ab\u00a0grand monde\u00a0\u00bb.<\/p>\n\n<p>10. Puis la femme le trahit. Car il dit \u00e0 la femme, dans sa simplicit\u00e9, pour la r\u00e9conforter dans sa douleur, qu&rsquo;il y avait une source \u00e0 l&rsquo;ouest sur la pente de Sliab Mis, dans laquelle un saumon apparaissait \u00e0 la fin de sept ans, une pomme d&rsquo;or \u00e9tait dans son ventre, cette pomme pouvait (seulement) \u00eatre coup\u00e9e avec sa propre \u00e9p\u00e9e, son \u00e2me \u00e9tait \u00e0 l&rsquo;int\u00e9rieur.<\/p>\n\n<p>11. Sept ans avait \u00e9t\u00e9 la femme dans l&rsquo;Ouest, jusqu&rsquo;\u00e0 ce que Cuchulainn prenne la forme du l\u00e9preux, sept ans de plus d\u00e8s lors, jusqu&rsquo;\u00e0 ce que le saumon apparaisse. Maintenant, elle attendait que la chance (?). Les Ulates arriv\u00e8rent et ils \u00e9taient tous au nord, au dehors de Caher. L&rsquo;homme jeta de grosses pierres sur eux, afin qu&rsquo;ils ne puissent pas approcher. Ensuite, le saumon fut tu\u00e9 (?) par Cuchulainn. Aussit\u00f4t cela retira la force et la bravoure de Curoi. Et il dit: \u00abAucun secret pour les femmes! Aucun joyau pour les esclaves!\u00a0\u00bb &lsquo;Alors Cuchulainn le tua. Et ils eurent la victoire sur lui.<\/p>\n\n<p>12. Deux de ses hommes le veng\u00e8rent alors. Luach le Grand (?), cocher de Curoi, monta dans le char de Coirbre, le fils de Conchobar, et le projeta en le bas sur le rocher, de sorte qu&rsquo;ils p\u00e9rirent. Ferchertne le po\u00e8te &#8211; lorsqu&rsquo;il fut conduit jusqu&rsquo;\u00e0 Blathin, il projeta sa lance entre ses deux seins, de sorte qu&rsquo;elle mourut. Lui aussi fut tu\u00e9 aussit\u00f4t. Par cons\u00e9quent, \u00ab\u00a0la tombe de Blathin\u00a0\u00bb est \u00e0 l&#8217;embouchure du Shannon avec la tombe de Ferchertne.<\/p>\n\t\t\t\t\t\t\t\t<\/div>\n\t\t\t\t<\/div>\n\t\t\t\t\t<\/div>\n\t\t<\/div>\n\t\t\t\t\t<\/div>\n\t\t<\/section>\n\t\t\t\t<\/div>\n\t\t","protected":false},"excerpt":{"rendered":"<p>Irish Mythology Wiki Here is the story of the Death of Curoi Mac Dari, from the red branch of Irish mythology. \u2026 <\/p>","protected":false},"author":1,"featured_media":0,"parent":439,"menu_order":0,"comment_status":"closed","ping_status":"closed","template":"","meta":{"footnotes":""},"class_list":["post-818","page","type-page","status-publish","hentry"],"amp_enabled":true,"_links":{"self":[{"href":"https:\/\/mythslegendes.com\/en\/wp-json\/wp\/v2\/pages\/818","targetHints":{"allow":["GET"]}}],"collection":[{"href":"https:\/\/mythslegendes.com\/en\/wp-json\/wp\/v2\/pages"}],"about":[{"href":"https:\/\/mythslegendes.com\/en\/wp-json\/wp\/v2\/types\/page"}],"author":[{"embeddable":true,"href":"https:\/\/mythslegendes.com\/en\/wp-json\/wp\/v2\/users\/1"}],"replies":[{"embeddable":true,"href":"https:\/\/mythslegendes.com\/en\/wp-json\/wp\/v2\/comments?post=818"}],"version-history":[{"count":1,"href":"https:\/\/mythslegendes.com\/en\/wp-json\/wp\/v2\/pages\/818\/revisions"}],"predecessor-version":[{"id":24603,"href":"https:\/\/mythslegendes.com\/en\/wp-json\/wp\/v2\/pages\/818\/revisions\/24603"}],"up":[{"embeddable":true,"href":"https:\/\/mythslegendes.com\/en\/wp-json\/wp\/v2\/pages\/439"}],"wp:attachment":[{"href":"https:\/\/mythslegendes.com\/en\/wp-json\/wp\/v2\/media?parent=818"}],"curies":[{"name":"wp","href":"https:\/\/api.w.org\/{rel}","templated":true}]}}