{"id":852,"date":"2020-06-15T20:34:52","date_gmt":"2020-06-15T19:34:52","guid":{"rendered":"https:\/\/mythslegendes.com\/?page_id=852"},"modified":"2022-12-03T22:06:58","modified_gmt":"2022-12-03T22:06:58","slug":"la-prise-du-sid","status":"publish","type":"page","link":"https:\/\/mythslegendes.com\/en\/irish-mythology\/the-catch-of-the-sid\/","title":{"rendered":"The Taking of the Sid"},"content":{"rendered":"\t\t<div data-elementor-type=\"wp-page\" data-elementor-id=\"852\" class=\"elementor elementor-852\">\n\t\t\t\t\t\t<section class=\"elementor-section elementor-top-section elementor-element elementor-element-4f816a3 elementor-section-boxed elementor-section-height-default elementor-section-height-default\" data-id=\"4f816a3\" data-element_type=\"section\" data-e-type=\"section\">\n\t\t\t\t\t\t<div class=\"elementor-container elementor-column-gap-default\">\n\t\t\t\t\t<div class=\"elementor-column elementor-col-50 elementor-top-column elementor-element elementor-element-8ee661d\" data-id=\"8ee661d\" data-element_type=\"column\" data-e-type=\"column\">\n\t\t\t<div class=\"elementor-widget-wrap elementor-element-populated\">\n\t\t\t\t\t\t<div class=\"elementor-element elementor-element-ad33a30 elementor-align-justify elementor-widget elementor-widget-button\" data-id=\"ad33a30\" data-element_type=\"widget\" data-e-type=\"widget\" data-widget_type=\"button.default\">\n\t\t\t\t<div class=\"elementor-widget-container\">\n\t\t\t\t\t\t\t\t\t<div class=\"elementor-button-wrapper\">\n\t\t\t\t\t<a class=\"elementor-button elementor-button-link elementor-size-sm\" href=\"https:\/\/mythslegendes.com\/mythologie-irlandaise\/\">\n\t\t\t\t\t\t<span class=\"elementor-button-content-wrapper\">\n\t\t\t\t\t\t\t\t\t<span class=\"elementor-button-text\">Mythologie irlandaise<\/span>\n\t\t\t\t\t<\/span>\n\t\t\t\t\t<\/a>\n\t\t\t\t<\/div>\n\t\t\t\t\t\t\t\t<\/div>\n\t\t\t\t<\/div>\n\t\t\t\t\t<\/div>\n\t\t<\/div>\n\t\t\t\t<div class=\"elementor-column elementor-col-50 elementor-top-column elementor-element elementor-element-499e72f\" data-id=\"499e72f\" data-element_type=\"column\" data-e-type=\"column\">\n\t\t\t<div class=\"elementor-widget-wrap elementor-element-populated\">\n\t\t\t\t\t\t<div class=\"elementor-element elementor-element-b961a5e elementor-align-justify elementor-widget elementor-widget-button\" data-id=\"b961a5e\" data-element_type=\"widget\" data-e-type=\"widget\" data-widget_type=\"button.default\">\n\t\t\t\t<div class=\"elementor-widget-container\">\n\t\t\t\t\t\t\t\t\t<div class=\"elementor-button-wrapper\">\n\t\t\t\t\t<a class=\"elementor-button elementor-button-link elementor-size-sm\" href=\"https:\/\/fr.wikipedia.org\/wiki\/Mythologie_celtique_irlandaise\" target=\"_blank\" rel=\"noopener\">\n\t\t\t\t\t\t<span class=\"elementor-button-content-wrapper\">\n\t\t\t\t\t\t\t\t\t<span class=\"elementor-button-text\">Wiki<\/span>\n\t\t\t\t\t<\/span>\n\t\t\t\t\t<\/a>\n\t\t\t\t<\/div>\n\t\t\t\t\t\t\t\t<\/div>\n\t\t\t\t<\/div>\n\t\t\t\t\t<\/div>\n\t\t<\/div>\n\t\t\t\t\t<\/div>\n\t\t<\/section>\n\t\t\t\t<section class=\"elementor-section elementor-top-section elementor-element elementor-element-5f29a05 elementor-section-boxed elementor-section-height-default elementor-section-height-default\" data-id=\"5f29a05\" data-element_type=\"section\" data-e-type=\"section\">\n\t\t\t\t\t\t<div class=\"elementor-container elementor-column-gap-default\">\n\t\t\t\t\t<div class=\"elementor-column elementor-col-100 elementor-top-column elementor-element elementor-element-103b705d\" data-id=\"103b705d\" data-element_type=\"column\" data-e-type=\"column\">\n\t\t\t<div class=\"elementor-widget-wrap elementor-element-populated\">\n\t\t\t\t\t\t<div class=\"elementor-element elementor-element-4ca8b736 elementor-widget elementor-widget-text-editor\" data-id=\"4ca8b736\" data-element_type=\"widget\" data-e-type=\"widget\" data-widget_type=\"text-editor.default\">\n\t\t\t\t<div class=\"elementor-widget-container\">\n\t\t\t\t\t\t\t\t\t\n<p>Voici l&rsquo;histoire de la Prise du Sid. Il y avait un roi merveilleux qui r\u00e9gnait sur les Tuatha D\u00e9 en <a href=\"https:\/\/mythslegendes.com\/en\/irish-mythology\/\">Irlande<\/a>, Dagan \u00e9tait son nom [ie \u00ab\u00a0Dagda\u00a0\u00bb]. Grand \u00e9tait son pouvoir, m\u00eame sur les fils de Mil, apr\u00e8s qu&rsquo;ils avaient saisi les terres. Car les Tuatha D\u00e9 g\u00e2ch\u00e8rent le grain et le lait des fils de Mil jusqu&rsquo;\u00e0 ce qu&rsquo;ils fassent un trait\u00e9 [<em>cairdes<\/em>] avec le Dagda. Par la suite, ils ont conserv\u00e9 leur grain et leur lait pour eux.<\/p>\n<p><img decoding=\"async\" class=\"alignnone wp-image-5284 size-full\" src=\"https:\/\/mythslegendes.com\/wp-content\/uploads\/2020\/09\/AlphaOmega-e1602613368367.png\" alt=\"la Prise du Sid\" width=\"25\" height=\"26\" title=\"\"><\/p>\n<div id=\"ez-toc-container\" class=\"ez-toc-v2_0_82_2 counter-hierarchy ez-toc-counter ez-toc-grey ez-toc-container-direction\">\n<div class=\"ez-toc-title-container\">\n<p class=\"ez-toc-title\" style=\"cursor:inherit\">Contenus<\/p>\n<span class=\"ez-toc-title-toggle\"><a href=\"#\" class=\"ez-toc-pull-right ez-toc-btn ez-toc-btn-xs ez-toc-btn-default ez-toc-toggle\" aria-label=\"Toggle Table of Content\"><span class=\"ez-toc-js-icon-con\"><span class=\"\"><span class=\"eztoc-hide\" style=\"display:none;\">Toggle<\/span><span class=\"ez-toc-icon-toggle-span\"><svg style=\"fill: #999;color:#999\" xmlns=\"http:\/\/www.w3.org\/2000\/svg\" class=\"list-377408\" width=\"20px\" height=\"20px\" viewBox=\"0 0 24 24\" fill=\"none\"><path d=\"M6 6H4v2h2V6zm14 0H8v2h12V6zM4 11h2v2H4v-2zm16 0H8v2h12v-2zM4 16h2v2H4v-2zm16 0H8v2h12v-2z\" fill=\"currentColor\"><\/path><\/svg><svg style=\"fill: #999;color:#999\" class=\"arrow-unsorted-368013\" xmlns=\"http:\/\/www.w3.org\/2000\/svg\" width=\"10px\" height=\"10px\" viewBox=\"0 0 24 24\" version=\"1.2\" baseProfile=\"tiny\"><path d=\"M18.2 9.3l-6.2-6.3-6.2 6.3c-.2.2-.3.4-.3.7s.1.5.3.7c.2.2.4.3.7.3h11c.3 0 .5-.1.7-.3.2-.2.3-.5.3-.7s-.1-.5-.3-.7zM5.8 14.7l6.2 6.3 6.2-6.3c.2-.2.3-.5.3-.7s-.1-.5-.3-.7c-.2-.2-.4-.3-.7-.3h-11c-.3 0-.5.1-.7.3-.2.2-.3.5-.3.7s.1.5.3.7z\"\/><\/svg><\/span><\/span><\/span><\/a><\/span><\/div>\n<nav><ul class='ez-toc-list ez-toc-list-level-1 ' ><li class='ez-toc-page-1 ez-toc-heading-level-2'><a class=\"ez-toc-link ez-toc-heading-1\" href=\"https:\/\/mythslegendes.com\/en\/irish-mythology\/the-catch-of-the-sid\/#La-Prise-du-Sid\" >La Prise du Sid<\/a><\/li><\/ul><\/nav><\/div>\n<h2><span class=\"ez-toc-section\" id=\"La-Prise-du-Sid\"><\/span>La Prise du Sid<span class=\"ez-toc-section-end\"><\/span><\/h2>\n\n<p>Grand aussi \u00e9tait son pouvoir [i.e. au Dagda] quand il \u00e9tait roi au d\u00e9but, et c&rsquo;est lui qui r\u00e9partit les <em>s\u00edd<\/em> entre les Fir D\u00e9 [\u00ab\u00a0hommes des dieux\u00a0\u00bb]: Lug fils d&rsquo;Eithliu \u00e0 <em>S\u00edd<\/em> Rodrub\u00e1n, Ogma \u00e0 <em>S\u00edd<\/em> Aircheltrai, le Dagda lui-m\u00eame avait <em>S\u00edd<\/em> Lethet Lachtmaige. [&#8230;]<\/p>\n\n<p>Il est dit, cependant, que <em>S\u00edd<\/em> Broga [i.e. Brug na Boinne] lui appartenait au d\u00e9but. [Oengus Mac Ind Oc] vint au Dagda pour obtenir son territoire lorsqu&rsquo;il eut fait la r\u00e9partition entre tout le monde ; il \u00e9tait un des fils nourriciers de Midir de Bri Leith et de Nindid le proph\u00e8te.<\/p>\n\n<p>\u00ab\u00a0Je n&rsquo;ai rien pour toi\u00a0\u00bb, dit le Dagda. \u00ab\u00a0J&rsquo;ai achev\u00e9 la distribution.\u00a0\u00bb<\/p>\n\n<p>\u00ab\u00a0Donne-moi alors\u00bb, dit le Mac Oc, \u00ab\u00a0juste un jour et une nuit dans ta propre demeure.\u00a0\u00bb Cela lui fut accord\u00e9 alors.<\/p>\n\n<p>\u00ab\u00a0Maintenant, retourne \u00e0 ta demeure\u00a0\u00bb, dit le Dagda, \u00ab\u00a0parce que tu as \u00e9puis\u00e9 ton temps.\u00a0\u00bb<\/p>\n\n<p>\u00ab\u00a0Il est clair,\u00a0\u00bb dit-il, \u00ab\u00a0que le monde entier est jour et nuit, et c&rsquo;est ce qui m&rsquo;a \u00e9t\u00e9 accord\u00e9.\u00a0\u00bb<\/p>\n\n<p>Le Dagan partit de l\u00e0, et le Mac Oc resta dans son <em>s\u00edd<\/em>. C&rsquo;est une contr\u00e9e merveilleuse. Il y a trois arbres qui portent perp\u00e9tuellement des fruits, et un porc toujours vivant et sur pied et un cochon cuit, et un vase contenant une liqueur excellente, et tout cela ne diminue jamais.<\/p>\n\t\t\t\t\t\t\t\t<\/div>\n\t\t\t\t<\/div>\n\t\t\t\t\t<\/div>\n\t\t<\/div>\n\t\t\t\t\t<\/div>\n\t\t<\/section>\n\t\t\t\t<\/div>\n\t\t","protected":false},"excerpt":{"rendered":"<p>Irish Mythology Wiki This is the story of the Taking of Sid. There was a marvelous king who reigned over the... <\/p>","protected":false},"author":1,"featured_media":0,"parent":439,"menu_order":0,"comment_status":"closed","ping_status":"closed","template":"","meta":{"footnotes":""},"class_list":["post-852","page","type-page","status-publish","hentry"],"amp_enabled":true,"_links":{"self":[{"href":"https:\/\/mythslegendes.com\/en\/wp-json\/wp\/v2\/pages\/852","targetHints":{"allow":["GET"]}}],"collection":[{"href":"https:\/\/mythslegendes.com\/en\/wp-json\/wp\/v2\/pages"}],"about":[{"href":"https:\/\/mythslegendes.com\/en\/wp-json\/wp\/v2\/types\/page"}],"author":[{"embeddable":true,"href":"https:\/\/mythslegendes.com\/en\/wp-json\/wp\/v2\/users\/1"}],"replies":[{"embeddable":true,"href":"https:\/\/mythslegendes.com\/en\/wp-json\/wp\/v2\/comments?post=852"}],"version-history":[{"count":1,"href":"https:\/\/mythslegendes.com\/en\/wp-json\/wp\/v2\/pages\/852\/revisions"}],"predecessor-version":[{"id":24612,"href":"https:\/\/mythslegendes.com\/en\/wp-json\/wp\/v2\/pages\/852\/revisions\/24612"}],"up":[{"embeddable":true,"href":"https:\/\/mythslegendes.com\/en\/wp-json\/wp\/v2\/pages\/439"}],"wp:attachment":[{"href":"https:\/\/mythslegendes.com\/en\/wp-json\/wp\/v2\/media?parent=852"}],"curies":[{"name":"wp","href":"https:\/\/api.w.org\/{rel}","templated":true}]}}