{"id":863,"date":"2020-06-15T20:51:44","date_gmt":"2020-06-15T19:51:44","guid":{"rendered":"https:\/\/mythslegendes.com\/?page_id=863"},"modified":"2022-12-03T22:06:58","modified_gmt":"2022-12-03T22:06:58","slug":"cause-de-la-bataille-de-cnucha","status":"publish","type":"page","link":"https:\/\/mythslegendes.com\/en\/irish-mythology\/cause-of-the-battle-of-cnucha\/","title":{"rendered":"Cause of the battle of Cnucha"},"content":{"rendered":"\t\t<div data-elementor-type=\"wp-page\" data-elementor-id=\"863\" class=\"elementor elementor-863\">\n\t\t\t\t\t\t<section class=\"elementor-section elementor-top-section elementor-element elementor-element-5623e7a elementor-section-boxed elementor-section-height-default elementor-section-height-default\" data-id=\"5623e7a\" data-element_type=\"section\" data-e-type=\"section\">\n\t\t\t\t\t\t<div class=\"elementor-container elementor-column-gap-default\">\n\t\t\t\t\t<div class=\"elementor-column elementor-col-50 elementor-top-column elementor-element elementor-element-d1e9b1c\" data-id=\"d1e9b1c\" data-element_type=\"column\" data-e-type=\"column\">\n\t\t\t<div class=\"elementor-widget-wrap elementor-element-populated\">\n\t\t\t\t\t\t<div class=\"elementor-element elementor-element-9a76a5c elementor-align-justify elementor-widget elementor-widget-button\" data-id=\"9a76a5c\" data-element_type=\"widget\" data-e-type=\"widget\" data-widget_type=\"button.default\">\n\t\t\t\t<div class=\"elementor-widget-container\">\n\t\t\t\t\t\t\t\t\t<div class=\"elementor-button-wrapper\">\n\t\t\t\t\t<a class=\"elementor-button elementor-button-link elementor-size-sm\" href=\"https:\/\/mythslegendes.com\/mythologie-irlandaise\/\">\n\t\t\t\t\t\t<span class=\"elementor-button-content-wrapper\">\n\t\t\t\t\t\t\t\t\t<span class=\"elementor-button-text\">Mythologie irlandaise<\/span>\n\t\t\t\t\t<\/span>\n\t\t\t\t\t<\/a>\n\t\t\t\t<\/div>\n\t\t\t\t\t\t\t\t<\/div>\n\t\t\t\t<\/div>\n\t\t\t\t\t<\/div>\n\t\t<\/div>\n\t\t\t\t<div class=\"elementor-column elementor-col-50 elementor-top-column elementor-element elementor-element-fef3856\" data-id=\"fef3856\" data-element_type=\"column\" data-e-type=\"column\">\n\t\t\t<div class=\"elementor-widget-wrap elementor-element-populated\">\n\t\t\t\t\t\t<div class=\"elementor-element elementor-element-e5a35c0 elementor-align-justify elementor-widget elementor-widget-button\" data-id=\"e5a35c0\" data-element_type=\"widget\" data-e-type=\"widget\" data-widget_type=\"button.default\">\n\t\t\t\t<div class=\"elementor-widget-container\">\n\t\t\t\t\t\t\t\t\t<div class=\"elementor-button-wrapper\">\n\t\t\t\t\t<a class=\"elementor-button elementor-button-link elementor-size-sm\" href=\"https:\/\/fr.wikipedia.org\/wiki\/Mythologie_celtique_irlandaise\" target=\"_blank\" rel=\"noopener\">\n\t\t\t\t\t\t<span class=\"elementor-button-content-wrapper\">\n\t\t\t\t\t\t\t\t\t<span class=\"elementor-button-text\">Wiki<\/span>\n\t\t\t\t\t<\/span>\n\t\t\t\t\t<\/a>\n\t\t\t\t<\/div>\n\t\t\t\t\t\t\t\t<\/div>\n\t\t\t\t<\/div>\n\t\t\t\t\t<\/div>\n\t\t<\/div>\n\t\t\t\t\t<\/div>\n\t\t<\/section>\n\t\t\t\t<section class=\"elementor-section elementor-top-section elementor-element elementor-element-51a2b8c elementor-section-boxed elementor-section-height-default elementor-section-height-default\" data-id=\"51a2b8c\" data-element_type=\"section\" data-e-type=\"section\">\n\t\t\t\t\t\t<div class=\"elementor-container elementor-column-gap-default\">\n\t\t\t\t\t<div class=\"elementor-column elementor-col-100 elementor-top-column elementor-element elementor-element-15e61dc9\" data-id=\"15e61dc9\" data-element_type=\"column\" data-e-type=\"column\">\n\t\t\t<div class=\"elementor-widget-wrap elementor-element-populated\">\n\t\t\t\t\t\t<div class=\"elementor-element elementor-element-4d647c21 elementor-widget elementor-widget-text-editor\" data-id=\"4d647c21\" data-element_type=\"widget\" data-e-type=\"widget\" data-widget_type=\"text-editor.default\">\n\t\t\t\t<div class=\"elementor-widget-container\">\n\t\t\t\t\t\t\t\t\t\n<p>Voici l&rsquo;histoire de la bataille de Cnucha du <a href=\"https:\/\/mythslegendes.com\/en\/irish-mythology\/\">Cycle Fenian<\/a>.<\/p>\n<p><img decoding=\"async\" class=\"alignnone wp-image-5284 size-full\" src=\"https:\/\/mythslegendes.com\/wp-content\/uploads\/2020\/09\/AlphaOmega-e1602613368367.png\" alt=\"la bataille de Cnucha\" width=\"25\" height=\"26\" title=\"\"><\/p>\n<div id=\"ez-toc-container\" class=\"ez-toc-v2_0_82_2 counter-hierarchy ez-toc-counter ez-toc-grey ez-toc-container-direction\">\n<div class=\"ez-toc-title-container\">\n<p class=\"ez-toc-title\" style=\"cursor:inherit\">Contenus<\/p>\n<span class=\"ez-toc-title-toggle\"><a href=\"#\" class=\"ez-toc-pull-right ez-toc-btn ez-toc-btn-xs ez-toc-btn-default ez-toc-toggle\" aria-label=\"Toggle Table of Content\"><span class=\"ez-toc-js-icon-con\"><span class=\"\"><span class=\"eztoc-hide\" style=\"display:none;\">Toggle<\/span><span class=\"ez-toc-icon-toggle-span\"><svg style=\"fill: #999;color:#999\" xmlns=\"http:\/\/www.w3.org\/2000\/svg\" class=\"list-377408\" width=\"20px\" height=\"20px\" viewBox=\"0 0 24 24\" fill=\"none\"><path d=\"M6 6H4v2h2V6zm14 0H8v2h12V6zM4 11h2v2H4v-2zm16 0H8v2h12v-2zM4 16h2v2H4v-2zm16 0H8v2h12v-2z\" fill=\"currentColor\"><\/path><\/svg><svg style=\"fill: #999;color:#999\" class=\"arrow-unsorted-368013\" xmlns=\"http:\/\/www.w3.org\/2000\/svg\" width=\"10px\" height=\"10px\" viewBox=\"0 0 24 24\" version=\"1.2\" baseProfile=\"tiny\"><path d=\"M18.2 9.3l-6.2-6.3-6.2 6.3c-.2.2-.3.4-.3.7s.1.5.3.7c.2.2.4.3.7.3h11c.3 0 .5-.1.7-.3.2-.2.3-.5.3-.7s-.1-.5-.3-.7zM5.8 14.7l6.2 6.3 6.2-6.3c.2-.2.3-.5.3-.7s-.1-.5-.3-.7c-.2-.2-.4-.3-.7-.3h-11c-.3 0-.5.1-.7.3-.2.2-.3.5-.3.7s.1.5.3.7z\"\/><\/svg><\/span><\/span><\/span><\/a><\/span><\/div>\n<nav><ul class='ez-toc-list ez-toc-list-level-1 ' ><li class='ez-toc-page-1 ez-toc-heading-level-2'><a class=\"ez-toc-link ez-toc-heading-1\" href=\"https:\/\/mythslegendes.com\/en\/irish-mythology\/cause-of-the-battle-of-cnucha\/#La-bataille-de-Cnucha\" >La bataille de Cnucha<\/a><\/li><\/ul><\/nav><\/div>\n<h2><span class=\"ez-toc-section\" id=\"La-bataille-de-Cnucha\"><\/span>La bataille de Cnucha<span class=\"ez-toc-section-end\"><\/span><\/h2>\n<p>[1.] En ce temps-l\u00e0, Cathair le Grand, fils de Fedelmid Fir-Urglas et petit-fils de Cormac Gelta-G\u00e1ith, \u00e9tait roi de Tara. Cond Egal-\u00e0-cent-guerriers habitait Kells, domaine des h\u00e9ritiers pr\u00e9somptifs de la royaut\u00e9 supr\u00eame. Il y avait un druide merveilleux pr\u00e8s de Cathair : c&rsquo;\u00e9tait Nuadu, fils d&rsquo;Ach\u00e9, petit-fils de Dath\u00e9, arri\u00e8re-petit-fils de Broc\u00e1n, fils lui-m\u00eame de Fint\u00e1n ; il \u00e9tait des gens de Dath\u00e9, dans la plaine de Breg. Ce druide demanda \u00e0 Cathair le Grand une terre en Leinster, car c&rsquo;\u00e9tait en Leinster, savait-il, que serait son h\u00e9ritage. Cathair le Grand lui donna le choix, et voici la terre que choisit le druide : ce fut Almu.<\/p>\n\n<p>Or, il \u00e9tait une femme qu&rsquo;avait \u00e9pous\u00e9 Nuadu : c&rsquo;\u00e9tait Almu, fille de Becc\u00e1n.<\/p>\n\n<p>[2.] Un ch\u00e2teau fut b\u00e2ti en Almu, par le druide Nuadu, et il le fit enduire d&rsquo;alun, en sorte que ce ch\u00e2teau fut tout blanc en entier. Ce serait, a-t-on dit, de cet alun (en <a href=\"https:\/\/mythslegendes.com\/en\/irish-mythology\/\">irlandais<\/a>, <em>alamu<\/em>) que le ch\u00e2teau a re\u00e7u le nom d&rsquo;Almu , et c&rsquo;est pour cela qu&rsquo;on a fait le quatrain suivant :<\/p>\n\n<p>Toute blanche la forteresse, \u2014 fureur des batailles, \u2014<br \/>Comme si l&rsquo;on y e\u00fbt mis la chaux de l&rsquo;Irlande enti\u00e8re.<br \/>De l&rsquo;alun dont il a enduit sa maison,<br \/>Sa maison tire le nom d&rsquo;Almu.<\/p>\n\n<p>[Mais, suivant d&rsquo;autres], ce fut la femme de Nuadu, ce fut Almu qui demanda que son nom f\u00fbt donn\u00e9 \u00e0 la colline, et on lui accorda ce qu&rsquo;elle voulait. Son nom fut donn\u00e9 \u00e0 la colline [selon son d\u00e9sir et] parce que c&rsquo;est sur la colline qu&rsquo;elle fut enterr\u00e9e plus tard. Voil\u00e0 pourquoi on fit les quatre vers :<\/p>\n\n<p>Almu ! \u2014 elle fut belle, la femme ! \u2014<br \/>Femme de Nuadu le Grand, fils d&rsquo;Ach\u00e9.<br \/>Elle demanda, \u2014 fut juste la requ\u00eate, \u2014<br \/>Son nom pour la colline enti\u00e8re.<\/p>\n\n<p>[3.] Un fils tr\u00e8s distingu\u00e9 \u00e9tait n\u00e9 \u00e0 Nuadu : ce fut Tadg, fils de Nuadu. R\u00e1iriu, fille de Dond Dum\u00e9, devint sa femme. Tadg \u00e9tait un druide merveilleux. La mort frappa Nuadu qui laissa \u00e0 son fils son ch\u00e2teau tel qu&rsquo;il se trouvait, et Tadg fut, apr\u00e8s son p\u00e8re, druide du roi Cathair le Grand. R\u00e1iriu donna \u00e0 Tadg une fille, Murni au joli cou fut le nom de cette fille. En grandissant, elle acquit une grande beaut\u00e9. Les fils des rois et des princes d&rsquo;Irlande se mirent \u00e0 la rechercher en mariage. Or, Cumall, fils de Tr\u00e9nm\u00f3r, avait alors la fonction de guerrier royal d&rsquo;Irlande, sous les ordres de Cond [qui avait succ\u00e9d\u00e9 au roi supr\u00eame, Cathair le Grand]. Il fit comme les autres, et demanda en mariage Morni. Tadg le refusa, car, [\u00e9tant druide,] il savait que ce serait \u00e0 cause de Cumall qu&rsquo;il perdrait le ch\u00e2teau d&rsquo;Almu. Cumall et le p\u00e8re du roi Cond, c&rsquo;est-\u00e0-dire F\u00e9delmid Rechtmar, avaient la m\u00eame m\u00e8re. Cumall [\u00e9tait donc oncle du roi, fier de cette parent\u00e9], il arrive [chez Tadg], prend Murni par force et l&rsquo;enl\u00e8ve, puisqu&rsquo;il ne pouvait pas l&rsquo;avoir autrement.<\/p>\n\n<p>[4.] Tadg va trouver Cond, lui raconte quelle insulte il a re\u00e7ue de Cumall, et il rend Cond rouge de col\u00e8re par les reproches qu&rsquo;il lui adresse. Cond envoie un message \u00e0 Cumall ; il lui fait dire de quitter l&rsquo;Irlande ou de rendre \u00e0 Tadg la fille enlev\u00e9e. Cumall r\u00e9pondit qu&rsquo;il ne la rendrait pas; qu&rsquo;il donnerait n&rsquo;importe quoi, mais pas Murni, sa femme. Cond envoya ses soldats attaquer Cumall sous le commandement de trois chefs : Urgrend, fils de Lugaid La Grue, roi de Luagn\u00e9 ; Dair\u00e9 le Rouge [autrement dit Morna], fils d&rsquo;Echaid, et Aed, fils de Dair\u00e9 le Rouge. C&rsquo;est cet Aed qui, plus tard, fut surnomm\u00e9 le Borgne, en irlandais <em>Goll<\/em>.<\/p>\n\n<p>[5.] Cumall r\u00e9unit son arm\u00e9e contre eux ; la bataille de Cnucha se <a href=\"https:\/\/mythslegendes.com\/en\/book-libraries\/\">livre<\/a> entre eux et lui. Cumall est tu\u00e9; on massacre ses gens. Celui qui frappa mortellement Cumall fut Aed, dit Goll, fils de Dair\u00e9 autrement dit Morna. [Pour venger Cumall,] Luchet blessa Goll \u00e0 l&rsquo;oeil et le lui fit perdre. De l\u00e0 le nom de Goll, c&rsquo;est-\u00e0-dire Borgne, qu&rsquo;Aed , fils de Dair\u00e9 le Rouge,, porta d\u00e9sormais. D&rsquo;o\u00f9 le quatrain :<\/p>\n\n<p>Aed \u00e9tait le nom du fils de Dair\u00e9;<br \/>Mais depuis que l&rsquo;illustre Luchet lui fit une blessure,<br \/>Depuis que la lourde lance blessa le fils de Dair\u00e9,<br \/>On lui donna pour cela le nom de Goll.<\/p>\n\n<p>Goll tua Luchet. D\u00e8s lors, il y eut haine h\u00e9r\u00e9ditaire entre les descendants de Find [fils de Cumall], et les descendants de Morna [ou Dair\u00e9]. Rappelons que Dair\u00e9, [p\u00e8re d&rsquo;Aed dit Goll], avait deux noms; il s&rsquo;appelait \u00e0 la fois Morna et Dair\u00e9.<\/p>\n\n<p>[6.] Murni [veuve de Cumall], alla trouver Cond. Tadg, p\u00e8re de Murni, avait reni\u00e9 sa fille et avait refus\u00e9 de la recevoir chez lui , car elle \u00e9tait grosse ; il avait m\u00eame dit \u00e0 ses gens de la br\u00fbler, puis cependant, \u00e0 cause de Cond, il n&rsquo;avait pas os\u00e9 ex\u00e9cuter cette menace cruelle. Murni demanda \u00e0 Cond ce qu&rsquo;elle avait \u00e0 faire. \u00ab Va, \u00bb lui dit Cond, \u00ab va trouver Fiacail, fils de Conchend, \u00e0 Temair-Mairc\u00e9, et tu y feras tes couches. \u00bb En effet, la femme de Fiacail \u00e9tait Bodball la Femme Forte, soeur de Cumall. Condl\u00e9, domestique de Cond, accompagna Murni jusqu&rsquo;\u00e0 la maison de Fiacail, \u00e0 Temair-Mairci. Murni y re\u00e7ut bon accueil ; elle y \u00e9tait arriv\u00e9e \u00e0 bon port. Elle y accoucha ensuite et donna le jour \u00e0 un fils qui re\u00e7ut le nom de Demni [et qui est plus connu sous le nom de Find].<\/p>\n\n<p>[7.] Puis ce fils devint grand et capable de mettre au pillage les biens de tout ennemi. Il offrit \u00e0 Tadg [son grand-p\u00e8re maternel] le choix ; ou bataille de plusieurs, ou combat singulier, ou payement int\u00e9gral de la composition l\u00e9galement due pour le meurtre de Cumall. Tadg r\u00e9pondit qu&rsquo;il voulait jugement. Un jugement fut rendu, et en voici le dispositif : Almu sera c\u00e9d\u00e9 en pleine propri\u00e9t\u00e9 au fils de Cumall ; Tadg l&rsquo;abandonnera. Ainsi fut fait. Tadg laissa la maison d&rsquo;Almu \u00e0 Find. Cette maison et la terre qui en d\u00e9pendait passa aux gens de Dath\u00e9 [dont \u00e9tait Find]. Tadg alla demeurer sur la colline de Ren, qu&rsquo;on appelle aujourd&rsquo;hui Montagne de Tadg; et si cette colline a pris le nom de Montagne de Tadg, c&rsquo;est \u00e0 cause de lui. A l&rsquo;occasion de ces \u00e9v\u00e9nements, on a fait les vers que voici :<\/p>\n\n<p>A Tadg des arm\u00e9es, Find demanda,<br \/>Pour avoir tu\u00e9 Cumall le Grand,<br \/>Guerre sans merci \u00e0 toute rencontre<br \/>Ou combat singulier.<br \/><br \/>Tadg, incapable de soutenir la guerre<br \/>En face de ce haut seigneur,<br \/>Lui abandonna, \u2014 c&rsquo;\u00e9tait suffisant pour lui, \u2014<br \/>Toute la maison d&rsquo;Almu telle qu&rsquo;elle \u00e9tait.<\/p>\n\n<p>[8.] Ensuite Find se rendit \u00e0 Almu et il habita dans la maison d&rsquo;Almu, l\u00e0 fut sa r\u00e9sidence principale tant qu&rsquo;il v\u00e9cut. Find et Goll [ou Aed] firent la paix. La famille de Morna [ou Dair\u00e9], p\u00e8re de Goll, paya \u00e0 Find la composition que Goll devait, pour avoir tu\u00e9 Cumall, p\u00e8re de Find. Find et Goll rest\u00e8rent en paix jusqu&rsquo;\u00e0 la querelle qui \u00e9clata entre eux \u00e0 Temair-Luachra [en Kerry], \u00e0 propos du cochon de Slanga et du meurtre de Banb Sinna, fils de Mailenach, comme dit un quatrain :<\/p>\n\n<p>Alors furent en paix<br \/>Find et Goll aux nombreux exploits,<br \/>Jusqu&rsquo;\u00e0 ce que Banb Sinna fut tu\u00e9 par l&rsquo;un d&rsquo;eux<br \/>A cause du cochon \u00e0 Temair Luacra.<\/p>\n\t\t\t\t\t\t\t\t<\/div>\n\t\t\t\t<\/div>\n\t\t\t\t\t<\/div>\n\t\t<\/div>\n\t\t\t\t\t<\/div>\n\t\t<\/section>\n\t\t\t\t<\/div>\n\t\t","protected":false},"excerpt":{"rendered":"<p>Mythologie irlandaise Wiki Voici l&rsquo;histoire de la bataille de Cnucha du Cycle Fenian. La bataille de Cnucha [1.] En ce &hellip; <\/p>\n","protected":false},"author":1,"featured_media":0,"parent":439,"menu_order":0,"comment_status":"closed","ping_status":"closed","template":"","meta":{"footnotes":""},"class_list":["post-863","page","type-page","status-publish","hentry"],"amp_enabled":true,"_links":{"self":[{"href":"https:\/\/mythslegendes.com\/en\/wp-json\/wp\/v2\/pages\/863","targetHints":{"allow":["GET"]}}],"collection":[{"href":"https:\/\/mythslegendes.com\/en\/wp-json\/wp\/v2\/pages"}],"about":[{"href":"https:\/\/mythslegendes.com\/en\/wp-json\/wp\/v2\/types\/page"}],"author":[{"embeddable":true,"href":"https:\/\/mythslegendes.com\/en\/wp-json\/wp\/v2\/users\/1"}],"replies":[{"embeddable":true,"href":"https:\/\/mythslegendes.com\/en\/wp-json\/wp\/v2\/comments?post=863"}],"version-history":[{"count":1,"href":"https:\/\/mythslegendes.com\/en\/wp-json\/wp\/v2\/pages\/863\/revisions"}],"predecessor-version":[{"id":24615,"href":"https:\/\/mythslegendes.com\/en\/wp-json\/wp\/v2\/pages\/863\/revisions\/24615"}],"up":[{"embeddable":true,"href":"https:\/\/mythslegendes.com\/en\/wp-json\/wp\/v2\/pages\/439"}],"wp:attachment":[{"href":"https:\/\/mythslegendes.com\/en\/wp-json\/wp\/v2\/media?parent=863"}],"curies":[{"name":"wp","href":"https:\/\/api.w.org\/{rel}","templated":true}]}}