{"id":874,"date":"2020-06-16T10:24:00","date_gmt":"2020-06-16T09:24:00","guid":{"rendered":"https:\/\/mythslegendes.com\/?page_id=874"},"modified":"2021-04-24T13:02:56","modified_gmt":"2021-04-24T13:02:56","slug":"cycle-historique-irlandais","status":"publish","type":"page","link":"https:\/\/mythslegendes.com\/en\/irish-mythology\/irish-historical-cycle\/","title":{"rendered":"Irish Historical Cycle"},"content":{"rendered":"<ul class=\"wp-block-list\"><li><strong><a href=\"https:\/\/mythslegendes.com\/en\/irish-mythology\/lexpedition-de-loegaire\/\">Echtra Laegaire maic Crimthainn (The Expedition of Lo\u00e9gair\u00e9, Son of Crimthann)<\/a><\/strong><\/li><li><strong><a href=\"https:\/\/mythslegendes.com\/en\/irish-mythology\/connle-ruad-expedition\/\">Echtra Condla (The Expedition of Connle Ruad, Son of Conn Cechathach)<\/a><\/strong><\/li><li><strong><a href=\"https:\/\/mythslegendes.com\/en\/irish-mythology\/adventures-of-cormac\/\">Echtra Cormaic i T\u00edr Tairngire (Adventures of Cormac, son of Art)<\/a><\/strong><\/li><li><strong>Adventures of Cormac in the Land of Promise<\/strong><\/li><li><strong>The Madness of Suibhne<\/strong><\/li><li><strong>The Death of Eochaid Mac Mairid<\/strong><\/li><li><strong><a href=\"https:\/\/mythslegendes.com\/en\/\">Sc\u00e9l Bail\u00e9 Binnb\u00e9rlaig mic B\u00faain (The Story of Bail\u00e9 with the Sweet Language)<\/a><\/strong><\/li><\/ul>","protected":false},"excerpt":{"rendered":"<p>Echtra Laegaire maic Crimthainn (The Expedition of Loegair\u00e9, Son of Crimthann) Echtra Condla (The Expedition of Connle Ruad, Son of Conn Cetchathach) \u2026 <\/p>","protected":false},"author":1,"featured_media":0,"parent":439,"menu_order":0,"comment_status":"closed","ping_status":"closed","template":"","meta":{"footnotes":""},"class_list":["post-874","page","type-page","status-publish","hentry"],"amp_enabled":true,"_links":{"self":[{"href":"https:\/\/mythslegendes.com\/en\/wp-json\/wp\/v2\/pages\/874","targetHints":{"allow":["GET"]}}],"collection":[{"href":"https:\/\/mythslegendes.com\/en\/wp-json\/wp\/v2\/pages"}],"about":[{"href":"https:\/\/mythslegendes.com\/en\/wp-json\/wp\/v2\/types\/page"}],"author":[{"embeddable":true,"href":"https:\/\/mythslegendes.com\/en\/wp-json\/wp\/v2\/users\/1"}],"replies":[{"embeddable":true,"href":"https:\/\/mythslegendes.com\/en\/wp-json\/wp\/v2\/comments?post=874"}],"version-history":[{"count":0,"href":"https:\/\/mythslegendes.com\/en\/wp-json\/wp\/v2\/pages\/874\/revisions"}],"up":[{"embeddable":true,"href":"https:\/\/mythslegendes.com\/en\/wp-json\/wp\/v2\/pages\/439"}],"wp:attachment":[{"href":"https:\/\/mythslegendes.com\/en\/wp-json\/wp\/v2\/media?parent=874"}],"curies":[{"name":"wp","href":"https:\/\/api.w.org\/{rel}","templated":true}]}}