{"id":904,"date":"2020-06-16T10:47:15","date_gmt":"2020-06-16T09:47:15","guid":{"rendered":"https:\/\/mythslegendes.com\/?page_id=904"},"modified":"2022-12-03T22:06:59","modified_gmt":"2022-12-03T22:06:59","slug":"ystoria-trystan","status":"publish","type":"page","link":"https:\/\/mythslegendes.com\/en\/breton-mythology\/ystoria-trystan\/","title":{"rendered":"Ystoria Trystan"},"content":{"rendered":"\t\t<div data-elementor-type=\"wp-page\" data-elementor-id=\"904\" class=\"elementor elementor-904\">\n\t\t\t\t\t\t<section class=\"elementor-section elementor-top-section elementor-element elementor-element-baf08cb elementor-section-boxed elementor-section-height-default elementor-section-height-default\" data-id=\"baf08cb\" data-element_type=\"section\" data-e-type=\"section\">\n\t\t\t\t\t\t<div class=\"elementor-container elementor-column-gap-default\">\n\t\t\t\t\t<div class=\"elementor-column elementor-col-50 elementor-top-column elementor-element elementor-element-023f063\" data-id=\"023f063\" data-element_type=\"column\" data-e-type=\"column\">\n\t\t\t<div class=\"elementor-widget-wrap elementor-element-populated\">\n\t\t\t\t\t\t<div class=\"elementor-element elementor-element-e3ed95a elementor-align-justify elementor-widget elementor-widget-button\" data-id=\"e3ed95a\" data-element_type=\"widget\" data-e-type=\"widget\" data-widget_type=\"button.default\">\n\t\t\t\t<div class=\"elementor-widget-container\">\n\t\t\t\t\t\t\t\t\t<div class=\"elementor-button-wrapper\">\n\t\t\t\t\t<a class=\"elementor-button elementor-button-link elementor-size-sm\" href=\"https:\/\/mythslegendes.com\/mythologie-bretonne\/\">\n\t\t\t\t\t\t<span class=\"elementor-button-content-wrapper\">\n\t\t\t\t\t\t\t\t\t<span class=\"elementor-button-text\">Mythologie Bretonne<\/span>\n\t\t\t\t\t<\/span>\n\t\t\t\t\t<\/a>\n\t\t\t\t<\/div>\n\t\t\t\t\t\t\t\t<\/div>\n\t\t\t\t<\/div>\n\t\t\t\t\t<\/div>\n\t\t<\/div>\n\t\t\t\t<div class=\"elementor-column elementor-col-50 elementor-top-column elementor-element elementor-element-de13e87\" data-id=\"de13e87\" data-element_type=\"column\" data-e-type=\"column\">\n\t\t\t<div class=\"elementor-widget-wrap elementor-element-populated\">\n\t\t\t\t\t\t<div class=\"elementor-element elementor-element-fb792a5 elementor-align-justify elementor-widget elementor-widget-button\" data-id=\"fb792a5\" data-element_type=\"widget\" data-e-type=\"widget\" data-widget_type=\"button.default\">\n\t\t\t\t<div class=\"elementor-widget-container\">\n\t\t\t\t\t\t\t\t\t<div class=\"elementor-button-wrapper\">\n\t\t\t\t\t<a class=\"elementor-button elementor-button-link elementor-size-sm\" href=\"https:\/\/fr.wikipedia.org\/wiki\/Mythologie_bretonne\" target=\"_blank\" rel=\"noopener\">\n\t\t\t\t\t\t<span class=\"elementor-button-content-wrapper\">\n\t\t\t\t\t\t\t\t\t<span class=\"elementor-button-text\">Wiki<\/span>\n\t\t\t\t\t<\/span>\n\t\t\t\t\t<\/a>\n\t\t\t\t<\/div>\n\t\t\t\t\t\t\t\t<\/div>\n\t\t\t\t<\/div>\n\t\t\t\t\t<\/div>\n\t\t<\/div>\n\t\t\t\t\t<\/div>\n\t\t<\/section>\n\t\t\t\t<section class=\"elementor-section elementor-top-section elementor-element elementor-element-2194b5e0 elementor-section-boxed elementor-section-height-default elementor-section-height-default\" data-id=\"2194b5e0\" data-element_type=\"section\" data-e-type=\"section\">\n\t\t\t\t\t\t<div class=\"elementor-container elementor-column-gap-default\">\n\t\t\t\t\t<div class=\"elementor-column elementor-col-100 elementor-top-column elementor-element elementor-element-2117dabe\" data-id=\"2117dabe\" data-element_type=\"column\" data-e-type=\"column\">\n\t\t\t<div class=\"elementor-widget-wrap elementor-element-populated\">\n\t\t\t\t\t\t<div class=\"elementor-element elementor-element-42eff2f4 elementor-widget elementor-widget-text-editor\" data-id=\"42eff2f4\" data-element_type=\"widget\" data-e-type=\"widget\" data-widget_type=\"text-editor.default\">\n\t\t\t\t<div class=\"elementor-widget-container\">\n\t\t\t\t\t\t\t\t\t\n<p>Sur ces entrefaites, Trystan ap Trallwch et Esylld, femme de March ap Meirchion, se retir\u00e8rent en fugitifs dans le bois de Kelyddon, Golwg Hafddydd (Aspect d&rsquo;un jour d&rsquo;\u00e9t\u00e9), suivante d&rsquo;Esyllt, et y Bach Bychan (le Petil Petit), page de Trystan, emportant avec eux des p\u00e2t\u00e9s et du vin. Un lit de feuillages leur fut fait.<\/p>\n<p><img decoding=\"async\" class=\"alignnone wp-image-5284 size-full\" src=\"https:\/\/mythslegendes.com\/wp-content\/uploads\/2020\/09\/AlphaOmega-e1602613368367.png\" alt=\"Trystan et Esylld\" width=\"25\" height=\"26\" title=\"\"><\/p>\n<div id=\"ez-toc-container\" class=\"ez-toc-v2_0_82_2 counter-hierarchy ez-toc-counter ez-toc-grey ez-toc-container-direction\">\n<div class=\"ez-toc-title-container\">\n<p class=\"ez-toc-title\" style=\"cursor:inherit\">Contenus<\/p>\n<span class=\"ez-toc-title-toggle\"><a href=\"#\" class=\"ez-toc-pull-right ez-toc-btn ez-toc-btn-xs ez-toc-btn-default ez-toc-toggle\" aria-label=\"Toggle Table of Content\"><span class=\"ez-toc-js-icon-con\"><span class=\"\"><span class=\"eztoc-hide\" style=\"display:none;\">Toggle<\/span><span class=\"ez-toc-icon-toggle-span\"><svg style=\"fill: #999;color:#999\" xmlns=\"http:\/\/www.w3.org\/2000\/svg\" class=\"list-377408\" width=\"20px\" height=\"20px\" viewBox=\"0 0 24 24\" fill=\"none\"><path d=\"M6 6H4v2h2V6zm14 0H8v2h12V6zM4 11h2v2H4v-2zm16 0H8v2h12v-2zM4 16h2v2H4v-2zm16 0H8v2h12v-2z\" fill=\"currentColor\"><\/path><\/svg><svg style=\"fill: #999;color:#999\" class=\"arrow-unsorted-368013\" xmlns=\"http:\/\/www.w3.org\/2000\/svg\" width=\"10px\" height=\"10px\" viewBox=\"0 0 24 24\" version=\"1.2\" baseProfile=\"tiny\"><path d=\"M18.2 9.3l-6.2-6.3-6.2 6.3c-.2.2-.3.4-.3.7s.1.5.3.7c.2.2.4.3.7.3h11c.3 0 .5-.1.7-.3.2-.2.3-.5.3-.7s-.1-.5-.3-.7zM5.8 14.7l6.2 6.3 6.2-6.3c.2-.2.3-.5.3-.7s-.1-.5-.3-.7c-.2-.2-.4-.3-.7-.3h-11c-.3 0-.5.1-.7.3-.2.2-.3.5-.3.7s.1.5.3.7z\"\/><\/svg><\/span><\/span><\/span><\/a><\/span><\/div>\n<nav><ul class='ez-toc-list ez-toc-list-level-1 ' ><li class='ez-toc-page-1 ez-toc-heading-level-2'><a class=\"ez-toc-link ez-toc-heading-1\" href=\"https:\/\/mythslegendes.com\/en\/breton-mythology\/ystoria-trystan\/#Trystan-et-Esylld\" >Trystan et Esylld<\/a><\/li><\/ul><\/nav><\/div>\n<h2><span class=\"ez-toc-section\" id=\"Trystan-et-Esylld\"><\/span>Trystan et Esylld<span class=\"ez-toc-section-end\"><\/span><\/h2>\n\n<p>March ap Meirchion alla trouver Arthur pour se plaindre de Trystan et le prier de venger l&rsquo;offense fait \u00e0 son honneur [disant qu&rsquo;il \u00e9tait, au point de vue de la parent\u00e9, plus pr\u00e8s d&rsquo;Arthur que Trystan, lui March ab Meirchion \u00e9tant cousin <a href=\"https:\/\/mythslegendes.com\/en\/mythes-et-legendes-germaniques-60\/\">germain<\/a> d&rsquo;Arthur, tandis que Trystan n&rsquo;\u00e9tait qu&rsquo;un neveu fils de cousin-germain. \u00ab\u00a0J&rsquo;irai avec ma famille,\u00a0\u00bb dit Arthur, \u00ab\u00a0pour chercher ou bien *** ou \u00e0 t&rsquo;obtenir satisfaction.\u00a0\u00bb]\u00a0Et alors ils all\u00e8rent entourer le bois de Kelyddon.<\/p>\n\n<p>C&rsquo;\u00e9tait une des particularit\u00e9s de Trystan, que quiconque lui tirait du sang mourait, que quiconque \u00e0 qui il en tirait mourait aussi.<\/p>\n\n<p>Quand Essylld entendit le tapage et les bruits de voix de tous les c\u00f4t\u00e9s du bois, elle se r\u00e9fugia effray\u00e9e entre les bras de Trystan. Celui-ci lui demanda pourquoi elle s&rsquo;\u00e9tait effray\u00e9e ainsi; elle dit que c&rsquo;\u00e9tait par peur pour lui. Trystan dit:<\/p>\n\n<p>\u00ab\u00a0Essylld b\u00e9nie, ne crains pas,<br \/>tant que je serai \u00e0 ton c\u00f4t\u00e9<br \/>trois cents chevaliers ne t&rsquo;enl\u00e8veraient pas,<br \/>ni trois cents chefs cuirass\u00e9s.\u00a0\u00bb<\/p>\n\n<p>Et sur ce, Trystan se dressa levant son \u00e9p\u00e9e et marcha contre la premi\u00e8re bataille\u00a0aussi vite qu&rsquo;il put, jusqu&rsquo;\u00e0 ce qu&rsquo;il se rencontra avec March ap Meirchion. Celui-ci s&rsquo;\u00e9cria : \u00ab\u00a0Je me tuerai moi-m\u00eame pour le tuer lui\u00a0\u00bb, mais les autres nobles dirent : \u00ab\u00a0Honte \u00e0 nous si nous nous jetons sur lui.\u00a0\u00bb Alors Trystan traversa les trois batailles sans dommage.<\/p>\n\n<p>Kae le Long qui aimait Golwg Haf Ddydd se rendit \u00e0 l&rsquo;endroit o\u00f9 \u00e9tait Essylld et chanta cet\u00a0<em>englyn<\/em>\u00a0(\u00e9pigramme) :<\/p>\n\n<p>Kae :<br \/>Essylld b\u00e9nie, go\u00e9land amoureux,<br \/>si j&rsquo;ose m&rsquo;entretenir avec toi :<br \/>Trystan s&rsquo;est \u00e9chapp\u00e9.<\/p>\n\n<p>Essylld :<br \/>Kae b\u00e9ni, si ce que tu me dis<br \/>dans ta conversation avec moi est vrai,<br \/>tu auras une amante pr\u00e9cieuse.<\/p>\n\n<p>Kae :<br \/>une amante pr\u00e9cieuse je ne d\u00e9sire pas<br \/>pour ce que je t&rsquo;ai dit ici :<br \/>c&rsquo;est Golwg Haf Ddydd que j&rsquo;aime.<\/p>\n\n<p>Essylld :<br \/>si la nouvelle que tu viens de me dire<br \/>de ta bouche est vraie,<br \/>Golwg Haf Ddvdd sera tienne.<\/p>\n\n<p>March ap Meirchiawn alla trouver Arthur une seconde fois et se lamenta aupr\u00e8s de lui de ce qu&rsquo;il n&rsquo;obtenait ni sang, ni satisfaction au sujet de sa femme : \u00ab\u00a0Je ne vois qu&rsquo;un conseil \u00e0 te donner,\u00a0\u00bb dit Arthur : \u00ab\u00a0envoyer des musiciens \u00e0 instrument \u00e0 cordes pour lui faire entendre leur harmonie de loin puis des po\u00e8tes avec des \u00e9pigrammes de louange en son honneur et le faire sortir ainsi de sa col\u00e8re et de son ressentiment.\u00a0\u00bb<\/p>\n\n<p>Ainsi firent-ils. En suite de cela, Trystan appela les artistes et leur donna des poign\u00e9es d&rsquo;or et d&rsquo;argent. Puis on lui d\u00e9p\u00eacha le chef de la paix, c&rsquo;est-\u00e0-dire Gwalchmai ap Gwyar. C&rsquo;est alors que Gwalchmai chanta ce vieil\u00a0<em>englyn<\/em>.<\/p>\n\n<p>Gwalchmai :<br \/>Bruyante est la vague immense,<br \/>quand la mer est en son plein;<br \/>qui es-tu, guerrier imp\u00e9tueux.<\/p>\n\n<p>Trystan :<br \/>Bruyants sont (ensemble) le feu et le tonnerre,<br \/>quoi qu&rsquo;ils le soient aussi s\u00e9par\u00e9s :<br \/>au jour du combat, c&rsquo;est moi qui suis Trystan.<\/p>\n\n<p>Gwalchmai :<br \/>Trystan aux habitudes irr\u00e9prochables,<br \/>je ne saurais trouver \u00e0 reprendre \u00e0 ta conversation :<br \/>Gwalchmai \u00e9tait ton compagnon.<\/p>\n\n<p>Trystan :<br \/>Je ferais pour Gwalchmai<br \/>le jour o\u00f9 il aurait sur les bras la sanglante besogne,<br \/>ce qu&rsquo;un fr\u00e8re ne ferait pas pour son fr\u00e8re.<\/p>\n\n<p>Gwalchmai :<br \/>Trystan aux habitudes parfaites,<br \/>si mon poignet ne me refusait pas (son service),<br \/>moi aussi je ferais du mieux que je pourrais.<\/p>\n\n<p>Trystan :<br \/>Je le demanderai pour adoucir<br \/>et non pour irriter :<br \/>quelle est la troupe qui est devant ?<\/p>\n\n<p>Gwalchmai :<br \/>Trystan aux habitudes bien connues,<br \/>ils ne te connaissent pas :<br \/>c&rsquo;est la famille d&rsquo;Arthur qui t&rsquo;a pr\u00e9venu.<\/p>\n\n<p>Trystan :<br \/>A cause d&rsquo;Arthur je ne menacerai pas,<br \/>neuf cent rencontres je provoquerai :<br \/>si on me tue, je tue aussi.<\/p>\n\n<p>Gwalchmai :<br \/>Trystan ami des dames,<br \/>avant d&rsquo;aller \u00e0 la besogne sanglante (sache-le) :<br \/>ce qu&rsquo;il y a de meilleur, c&rsquo;est la paix.<\/p>\n\n<p>Trystan :<br \/>Si j&rsquo;ai mon \u00e9p\u00e9e sur ma hanche,<br \/>et ma main droite bien en garde,<br \/>je ne suis pas en plus mauvaise posture qu&rsquo;eux.<\/p>\n\n<p>Gwalchmai :<br \/>Trystan aux habitudes brillantes,<br \/>dont l&rsquo;effort brise leshampes des lances,<br \/>ne repousse pas un parent unique, Arthur.<\/p>\n\n<p>Trystan :<br \/>Gwalchmai aux habitudes excellentes,<br \/>l&rsquo;ond\u00e9e inonde cent champs :<br \/>comme il m&rsquo;aimera, je l&rsquo;aimerai.<\/p>\n\n<p>Gwalchmai :<br \/>Trystan aux moeurs d&rsquo;avant-garde,<br \/>l&rsquo;ond\u00e9e inonde cent ch\u00eanes :<br \/>accours t&rsquo;entretenir avec ton parent.<\/p>\n\n<p>Trystan :<br \/>Gwalchmai aux moeurs contrariantes,<br \/>l&rsquo;ond\u00e9e inonde cent sillons :<br \/>moi j&rsquo;irai o\u00f9 tu voudras.<\/p>\n\n<p>Alors Trystan se rendit avec Gwalchmai aupr\u00e8s d&rsquo;Arthur, et Gwalchmai chanta cet\u00a0<em>englyn<\/em>\u00a0:<\/p>\n\n<p>Gwalchmai :<br \/>Arthur aux moeurs courtoises,<br \/>l&rsquo;ond\u00e9e inonde cent t\u00eates:<br \/>voici Trystan, sois joyeux.<\/p>\n\n<p>Arthur :<br \/>Gwalchmai aux moeurs irr\u00e9prochables,<br \/>qui ne se cachait pas au jour de bataille :<br \/>bienvenue \u00e0 mon neveu Trystan.<\/p>\n\n<p>Malgr\u00e9 cela Trystan ne souffla mot. Alors Arthur chanta ce second\u00a0<em>englyn<\/em>\u00a0:<\/p>\n\n<p>Trystan b\u00e9ni, chef d&rsquo;arm\u00e9e,<br \/>aime ta race en m\u00eame temps que toi,<br \/>et moi comme chef de tribu.<\/p>\n\n<p>Et Trystan ne souffla mot malgr\u00e9 cela; et Arthur chanta ce troisi\u00e8me\u00a0<em>englyn<\/em>\u00a0:<\/p>\n\n<p>Trystan chef de batailles,<br \/>prends tout autant que le meilleur,<br \/>et sinc\u00e8rement aime-moi.<\/p>\n\n<p>Et maigre cela, Trystan ne souffla mot.<\/p>\n\n<p>Arthur :<br \/>Trystan aux moeurs grandement sages,<br \/>aime ta race, elle ne t&rsquo;apportera pas de dommage;<br \/>il n&rsquo;y a pas de froid entre deux parents.<\/p>\n\n<p>Et alors, Trystan r\u00e9pondit \u00e0 Arthur :<\/p>\n\n<p>Trystan :<br \/>Arthur, je prends tes paroles en consid\u00e9ration,<br \/>et c&rsquo;est toi d&rsquo;abord que je salue ;<br \/>ce que tu voudras, je le ferai.<\/p>\n\n<p>Alors Arthur lui fit faire la paix avec March ap Meirchion. Il s&rsquo;entretint avec eux deux tour \u00e0 tour, mais aucun d&rsquo;eux ne voulait se passer d&rsquo;Essylld. Arthur alors d\u00e9cida que l&rsquo;un l&rsquo;aurait pendant qu&rsquo;il y a des feuilles sur les arbres ; l&rsquo;autre quand il n&rsquo;y en a pas : au mari de choisir. March choisit l&rsquo;\u00e9poque o\u00f9 il n&rsquo;y a pas de feuilles, parce qu&rsquo;alors les nuits sont plus longues. Arthur en informa Essylld qui s&rsquo;\u00e9cria : \u00ab\u00a0B\u00e9ni soit le jugement et celui qui l&rsquo;a rendu!\u00a0\u00bb Et alors, elle chanta cet\u00a0<em>englyn<\/em>\u00a0:<\/p>\n\n<p>Trois arbres sont d&rsquo;esp\u00e8ce g\u00e9n\u00e9reuse:<br \/>le houx, le lierre et l&rsquo;if,<br \/>qui gardent leurs feuilles toute leur vie :<br \/>je suis \u00e0 Trystan tant qu&rsquo;il vivra.<\/p>\n\t\t\t\t\t\t\t\t<\/div>\n\t\t\t\t<\/div>\n\t\t\t\t\t<\/div>\n\t\t<\/div>\n\t\t\t\t\t<\/div>\n\t\t<\/section>\n\t\t\t\t<\/div>\n\t\t","protected":false},"excerpt":{"rendered":"<p>Breton Mythology Wiki Meanwhile, Trystan ap Trallwch and Esylld, wife of March ap Meirchion, retired as fugitives\u2026 <\/p>","protected":false},"author":1,"featured_media":0,"parent":96,"menu_order":0,"comment_status":"closed","ping_status":"closed","template":"","meta":{"footnotes":""},"class_list":["post-904","page","type-page","status-publish","hentry"],"amp_enabled":true,"_links":{"self":[{"href":"https:\/\/mythslegendes.com\/en\/wp-json\/wp\/v2\/pages\/904","targetHints":{"allow":["GET"]}}],"collection":[{"href":"https:\/\/mythslegendes.com\/en\/wp-json\/wp\/v2\/pages"}],"about":[{"href":"https:\/\/mythslegendes.com\/en\/wp-json\/wp\/v2\/types\/page"}],"author":[{"embeddable":true,"href":"https:\/\/mythslegendes.com\/en\/wp-json\/wp\/v2\/users\/1"}],"replies":[{"embeddable":true,"href":"https:\/\/mythslegendes.com\/en\/wp-json\/wp\/v2\/comments?post=904"}],"version-history":[{"count":1,"href":"https:\/\/mythslegendes.com\/en\/wp-json\/wp\/v2\/pages\/904\/revisions"}],"predecessor-version":[{"id":24621,"href":"https:\/\/mythslegendes.com\/en\/wp-json\/wp\/v2\/pages\/904\/revisions\/24621"}],"up":[{"embeddable":true,"href":"https:\/\/mythslegendes.com\/en\/wp-json\/wp\/v2\/pages\/96"}],"wp:attachment":[{"href":"https:\/\/mythslegendes.com\/en\/wp-json\/wp\/v2\/media?parent=904"}],"curies":[{"name":"wp","href":"https:\/\/api.w.org\/{rel}","templated":true}]}}