{"id":930,"date":"2020-06-16T11:35:14","date_gmt":"2020-06-16T10:35:14","guid":{"rendered":"https:\/\/mythslegendes.com\/?page_id=930"},"modified":"2022-12-03T22:06:59","modified_gmt":"2022-12-03T22:06:59","slug":"la-mort-de-jean-le-baptiste","status":"publish","type":"page","link":"https:\/\/mythslegendes.com\/en\/irish-mythology\/the-death-of-jean-le-baptiste\/","title":{"rendered":"The Death of John the Baptist"},"content":{"rendered":"\t\t<div data-elementor-type=\"wp-page\" data-elementor-id=\"930\" class=\"elementor elementor-930\">\n\t\t\t\t\t\t<section class=\"elementor-section elementor-top-section elementor-element elementor-element-8835ed8 elementor-section-boxed elementor-section-height-default elementor-section-height-default\" data-id=\"8835ed8\" data-element_type=\"section\" data-e-type=\"section\">\n\t\t\t\t\t\t<div class=\"elementor-container elementor-column-gap-default\">\n\t\t\t\t\t<div class=\"elementor-column elementor-col-50 elementor-top-column elementor-element elementor-element-504da77\" data-id=\"504da77\" data-element_type=\"column\" data-e-type=\"column\">\n\t\t\t<div class=\"elementor-widget-wrap elementor-element-populated\">\n\t\t\t\t\t\t<div class=\"elementor-element elementor-element-fcd8bba elementor-align-justify elementor-widget elementor-widget-button\" data-id=\"fcd8bba\" data-element_type=\"widget\" data-e-type=\"widget\" data-widget_type=\"button.default\">\n\t\t\t\t<div class=\"elementor-widget-container\">\n\t\t\t\t\t\t\t\t\t<div class=\"elementor-button-wrapper\">\n\t\t\t\t\t<a class=\"elementor-button elementor-button-link elementor-size-sm\" href=\"https:\/\/mythslegendes.com\/mythologie-irlandaise\/\">\n\t\t\t\t\t\t<span class=\"elementor-button-content-wrapper\">\n\t\t\t\t\t\t\t\t\t<span class=\"elementor-button-text\">Mythologie irlandaise<\/span>\n\t\t\t\t\t<\/span>\n\t\t\t\t\t<\/a>\n\t\t\t\t<\/div>\n\t\t\t\t\t\t\t\t<\/div>\n\t\t\t\t<\/div>\n\t\t\t\t\t<\/div>\n\t\t<\/div>\n\t\t\t\t<div class=\"elementor-column elementor-col-50 elementor-top-column elementor-element elementor-element-9aadaeb\" data-id=\"9aadaeb\" data-element_type=\"column\" data-e-type=\"column\">\n\t\t\t<div class=\"elementor-widget-wrap elementor-element-populated\">\n\t\t\t\t\t\t<div class=\"elementor-element elementor-element-f795cfe elementor-align-justify elementor-widget elementor-widget-button\" data-id=\"f795cfe\" data-element_type=\"widget\" data-e-type=\"widget\" data-widget_type=\"button.default\">\n\t\t\t\t<div class=\"elementor-widget-container\">\n\t\t\t\t\t\t\t\t\t<div class=\"elementor-button-wrapper\">\n\t\t\t\t\t<a class=\"elementor-button elementor-button-link elementor-size-sm\" href=\"https:\/\/fr.wikipedia.org\/wiki\/Mythologie_celtique_irlandaise\" target=\"_blank\" rel=\"noopener\">\n\t\t\t\t\t\t<span class=\"elementor-button-content-wrapper\">\n\t\t\t\t\t\t\t\t\t<span class=\"elementor-button-text\">Wiki<\/span>\n\t\t\t\t\t<\/span>\n\t\t\t\t\t<\/a>\n\t\t\t\t<\/div>\n\t\t\t\t\t\t\t\t<\/div>\n\t\t\t\t<\/div>\n\t\t\t\t\t<\/div>\n\t\t<\/div>\n\t\t\t\t\t<\/div>\n\t\t<\/section>\n\t\t\t\t<section class=\"elementor-section elementor-top-section elementor-element elementor-element-4fdb7595 elementor-section-boxed elementor-section-height-default elementor-section-height-default\" data-id=\"4fdb7595\" data-element_type=\"section\" data-e-type=\"section\">\n\t\t\t\t\t\t<div class=\"elementor-container elementor-column-gap-default\">\n\t\t\t\t\t<div class=\"elementor-column elementor-col-100 elementor-top-column elementor-element elementor-element-19730f4e\" data-id=\"19730f4e\" data-element_type=\"column\" data-e-type=\"column\">\n\t\t\t<div class=\"elementor-widget-wrap elementor-element-populated\">\n\t\t\t\t\t\t<div class=\"elementor-element elementor-element-3c289233 elementor-widget elementor-widget-text-editor\" data-id=\"3c289233\" data-element_type=\"widget\" data-e-type=\"widget\" data-widget_type=\"text-editor.default\">\n\t\t\t\t<div class=\"elementor-widget-container\">\n\t\t\t\t\t\t\t\t\t\n<p>Voici l&rsquo;histoire de la Mort de Jean le Baptiste, de la <a href=\"https:\/\/mythslegendes.com\/en\/\">l\u00e9gende<\/a> de <a href=\"https:\/\/mythslegendes.com\/en\/irish-mythology\/\">Mogh Ruith<\/a>.<\/p>\n<p><img decoding=\"async\" class=\"alignnone wp-image-5284 size-full\" src=\"https:\/\/mythslegendes.com\/wp-content\/uploads\/2020\/09\/AlphaOmega-e1602613368367.png\" alt=\"Mort de Jean le Baptiste\" width=\"25\" height=\"26\" title=\"\"><\/p>\n<div id=\"ez-toc-container\" class=\"ez-toc-v2_0_82_2 counter-hierarchy ez-toc-counter ez-toc-grey ez-toc-container-direction\">\n<div class=\"ez-toc-title-container\">\n<p class=\"ez-toc-title\" style=\"cursor:inherit\">Contenus<\/p>\n<span class=\"ez-toc-title-toggle\"><a href=\"#\" class=\"ez-toc-pull-right ez-toc-btn ez-toc-btn-xs ez-toc-btn-default ez-toc-toggle\" aria-label=\"Toggle Table of Content\"><span class=\"ez-toc-js-icon-con\"><span class=\"\"><span class=\"eztoc-hide\" style=\"display:none;\">Toggle<\/span><span class=\"ez-toc-icon-toggle-span\"><svg style=\"fill: #999;color:#999\" xmlns=\"http:\/\/www.w3.org\/2000\/svg\" class=\"list-377408\" width=\"20px\" height=\"20px\" viewBox=\"0 0 24 24\" fill=\"none\"><path d=\"M6 6H4v2h2V6zm14 0H8v2h12V6zM4 11h2v2H4v-2zm16 0H8v2h12v-2zM4 16h2v2H4v-2zm16 0H8v2h12v-2z\" fill=\"currentColor\"><\/path><\/svg><svg style=\"fill: #999;color:#999\" class=\"arrow-unsorted-368013\" xmlns=\"http:\/\/www.w3.org\/2000\/svg\" width=\"10px\" height=\"10px\" viewBox=\"0 0 24 24\" version=\"1.2\" baseProfile=\"tiny\"><path d=\"M18.2 9.3l-6.2-6.3-6.2 6.3c-.2.2-.3.4-.3.7s.1.5.3.7c.2.2.4.3.7.3h11c.3 0 .5-.1.7-.3.2-.2.3-.5.3-.7s-.1-.5-.3-.7zM5.8 14.7l6.2 6.3 6.2-6.3c.2-.2.3-.5.3-.7s-.1-.5-.3-.7c-.2-.2-.4-.3-.7-.3h-11c-.3 0-.5.1-.7.3-.2.2-.3.5-.3.7s.1.5.3.7z\"\/><\/svg><\/span><\/span><\/span><\/a><\/span><\/div>\n<nav><ul class='ez-toc-list ez-toc-list-level-1 ' ><li class='ez-toc-page-1 ez-toc-heading-level-2'><a class=\"ez-toc-link ez-toc-heading-1\" href=\"https:\/\/mythslegendes.com\/en\/irish-mythology\/the-death-of-jean-le-baptiste\/#Mort-de-Jean-le-Baptiste\" >Mort de Jean le Baptiste<\/a><\/li><\/ul><\/nav><\/div>\n<h2><span class=\"ez-toc-section\" id=\"Mort-de-Jean-le-Baptiste\"><\/span>Mort de Jean le Baptiste<span class=\"ez-toc-section-end\"><\/span><\/h2>\n<p>Il y avait un roi mauvais et impitoyable \u00e0 l&rsquo;Est du monde, \u00e0 savoir H\u00e9rode, fils d&rsquo;Antipater, et c&rsquo;est par lui que Jean-Baptiste fut tu\u00e9, et voici la raison pour laquelle ce merveilleux jeune croyant fut mis \u00e0 mort, \u00e0 savoir: (il y avait) un juge noble, qui vivait sous le r\u00e8gne d&rsquo;H\u00e9rode, et qui, \u00e0 tout le monde, rendait un jugement juste; et de ce fait, il r\u00e9tablit la paix parce qu&rsquo;il disait le droit et la loi. A savoir, Philippe \u00e9tait son nom, et grandes furent sa r\u00e9putation et sa r\u00e9ussite. La ville o\u00f9 il vivait s&rsquo;appelait Ardargais. Alors, il tomba malade, et, en peu de temps, il mourut. Il avait une femme belle et de gracieuse allure. Nulle part \u00e0 travers le monde ne se trouvait son \u00e9gale quant \u00e0 sa gr\u00e2ce et la perfection de son corps et de son visage, sa belle \u00e9loquence et son habilet\u00e9. Et H\u00e9rode \u00e9prouvait une grande affection pour elle quand son mari lui-m\u00eame vivait encore, \u00e0 savoir le juge Philippe. Et si l&rsquo;homme qui la poss\u00e9dait n&rsquo;avait \u00e9t\u00e9 si puissant, il aurait souvent essay\u00e9 de la lui enlever de force. Mais maintenant (les \u00e9v\u00e9nements \u00e9taient les suivants:) comme le roi d&rsquo;Askalon, \u00e0 savoir Philippe, fils d&rsquo;Antipater, c&rsquo;est-\u00e0-dire le fr\u00e8re d&rsquo;H\u00e9rode, avait appris que H\u00e9rodiade, autrement dit l&rsquo;\u00e9pouse de Philippe, vivait dans la solitude d&rsquo;une veuve, il se pr\u00e9cipita avec une suite dans la ville o\u00f9 r\u00e9sidait H\u00e9rodiade, l&#8217;emmena avec lui et ils furent longtemps dans l&rsquo;\u00e9tat de p\u00e9ch\u00e9.<\/p>\n\n<p>Dans le coeur d&rsquo;H\u00e9rode se gliss\u00e8rent une jalousie forte et violente et une fureur insupportable parce que la seule femme qu&rsquo;il aimait au monde, lui \u00e9tait arrach\u00e9e par son propre fr\u00e8re, et il ne pouvait pas s&rsquo;en d\u00e9tourner, si grand \u00e9tait son amour, m\u00eame si son fr\u00e8re la poss\u00e9dait. Alors, le roi r\u00e9unit une suite nombreuse et alla vers Askalon, tout \u00e0 fait comme s&rsquo;il se trouvait sur un circuit royal &#8211; jusqu&rsquo;\u00e0 ce qu&rsquo;il arrive \u00e0 la ville de son fr\u00e8re; Philippe se leva devant son fr\u00e8re, lui donna un baiser, lui souhaita la bienvenue et lui attribua une maison o\u00f9 s&rsquo;installer. Il le fit installer dignement et donna \u00e0 H\u00e9rode nourriture et boisson jusqu&rsquo;\u00e0 ce qu&rsquo;il ait eu assez. Quand ensuite le repas fut termin\u00e9, il se leva plein d&rsquo;affliction et avec lui un grand nombre de ses soldats, arm\u00e9s et pr\u00e9par\u00e9s. Il leur en avait, en effet, donn\u00e9 l&rsquo;ordre. Il fit dans cet \u00e9quipage le trajet jusqu&rsquo;\u00e0 la maison dans laquelle H\u00e9rodiade et Philippe se trouvaient. Et H\u00e9rode tremblant (de rage) n&rsquo;avait aucune autre arme qu&rsquo;une grande cravache. Quand il fut \u00e0 l&rsquo;int\u00e9rieur, il s&rsquo;assit dans une haute et belle chaise imposante qui (brillait) de l&rsquo;\u00e9clat de l&rsquo;or et (reposait) sur ses colonnes. Philippe \u00e9tait l\u00e0, et H\u00e9rodiade \u00e0 son c\u00f4t\u00e9. H\u00e9rode fut secou\u00e9 par la col\u00e8re des pieds jusqu&rsquo;\u00e0 la t\u00eate, il leva la main et porta un coup impitoyable sur la t\u00eate de Philippe avec la cravache qu&rsquo;il avait sur lui. Ensuite, il bondit de la chaise, s&#8217;empressa au c\u00f4t\u00e9 d&rsquo;H\u00e9rodiade, et l&#8217;embrassa. Le lit de son fr\u00e8re lui fut pr\u00e9par\u00e9 et il prit la femme de son fr\u00e8re et passa la nuit avec elle. Le matin prochain, il l&#8217;emmena avec lui \u00e0 son domicile, et alors, elle v\u00e9cut avec lui et l&rsquo;aima davantage. Quand Jean le Baptiste, fils de Zacharias, l&rsquo;apprit, il trouva cela honteux que la femme p\u00e9cheresse se trouve aupr\u00e8s d&rsquo;H\u00e9rode. Car, entre Jean le Baptiste et H\u00e9rode il y avaient des relations \u00e9troites. A savoir Casanntra, fille de Gomer, \u00e9tait la m\u00e8re de H\u00e9rode et de Philippe, et \u00c9lisabeth, fille de Gomer, \u00e9tait la m\u00e8re de Jean le Baptiste. Et il lui ordonna de quitter cette femme, et il venait souvent pour lui r\u00e9p\u00e9ter cela. Et elle la premi\u00e8re p\u00e9cheresse qui fut publiquement d\u00e9cri\u00e9e dans le monde. Lui, Jean, cependant, fut le premier martyr et le premier p\u00e8lerins, le premier moine et premier vrai croyant de la chr\u00e9tient\u00e9. Un proph\u00e8te parmi les proph\u00e8tes \u00e9tait cet homme et un p\u00e8lerin parmi les p\u00e8lerins, un pasteur parmi les pasteurs, un pur parmi les purs et un ap\u00f4tre parmi les ap\u00f4tres. Car le Seigneur avait donn\u00e9 un sublime t\u00e9moignage sur lui en disant : \u00ab\u00a0Il n&rsquo;y a pas dans le monde un fils n\u00e9 d&rsquo;une femme, aussi grand que l&rsquo;est Jean le Baptiste.\u00a0\u00bb<\/p>\n\n<p>H\u00e9rode vint alors (\u00e0 Juda), et l\u00e0 un grand banquet fut organis\u00e9 par lui. H\u00e9rodiade avait deux filles, \u00e0 savoir. Sailiusa et Neptis \u00e9taient leurs noms. L&rsquo;une des deux (s&rsquo;y entendait) en chant et en flute, et elle fournissait de l&rsquo;excellente musique, \u00e0 savoir Neptis; l&rsquo;autre,par ailleurs, [s&rsquo;y entendait]en tours d&rsquo;adresse, sauts et danse. H\u00e9rode les fit venir \u00e0 lui, afin qu&rsquo;elles le servent dans l&rsquo;exercice de leur art, dont se d\u00e9lectaient l&rsquo;esprit et les sens des nobles et des princes du royaume, dans toute la maison. Les jeunes filles dirent qu&rsquo;elles n&rsquo;exerceraient pas leur art, s&rsquo;il ne leur \u00e9tait accord\u00e9 ce qu&rsquo;elles choisiraient comme r\u00e9compense. Cela le roi le leur promit, et elles engag\u00e8rent sa parole par le t\u00e9moignage de la noblesse pr\u00e9sente afin qu&rsquo;il satisfasse l&rsquo;obligation qu&rsquo;elles lui imposaient. Et H\u00e9rode consentit \u00e0 cela, comme elles l&rsquo;ordonnaient elles-m\u00eames. Alors maintenant, elles ex\u00e9cut\u00e8rent des tours d&rsquo;adresse merveilleux, beaux et difficiles. Et les nobles de la maison lou\u00e8rent beaucoup les tours d&rsquo;adresse qu&rsquo;elles faisaient. Quand elles eurent enfin termin\u00e9 leurs d\u00e9monstrations, elles all\u00e8rent l\u00e0 o\u00f9 leur m\u00e8re se trouvait, \u00e0 savoir la femme d&rsquo;H\u00e9rode, pour lui demander conseil au sujet des exigences qu&rsquo;elles devaient pr\u00e9senter au roi. \u00ab\u00a0Exigez la t\u00eate de Jean le Baptiste,\u00a0\u00bb dit la reine, \u00ab\u00a0et n&rsquo;acceptez aucune autre proposition que celle-l\u00e0; et qu&rsquo;elle vous soit apport\u00e9e ici sur un large plat!\u00a0\u00bb<\/p>\n\n<p>Les jeunes filles retourn\u00e8rent aupr\u00e8s de H\u00e9rode et en exig\u00e8rent la t\u00eate de Jean le Baptiste. Cela sembla tr\u00e8s mauvais \u00e0 H\u00e9rode. Il dit qu&rsquo;il pr\u00e9f\u00e8rerait leur donner la plus grande partie de son royaume et de sa terre, \u00ab\u00a0plut\u00f4t que la t\u00eate que vous r\u00e9clamez.\u00a0\u00bb Et elles n&rsquo;en voulaient rien; mais comme il avait engag\u00e9 sa parole royale pour elles, il leur accorda que Jean soit d\u00e9capit\u00e9. Et ainsi Jean le Baptiste fut d\u00e9capit\u00e9. Et la t\u00eate leur fut pr\u00e9sent\u00e9e sur un large plat qu&rsquo;une femme tenait sur sa t\u00eate. Et ce fut ainsi, il ne fut trouv\u00e9 personne qui accepte de le d\u00e9capiter, jusqu&rsquo;\u00e0 ce qu&rsquo;enfin, Mog Ruith, l&rsquo;Irlandais, le fasse contre pour une r\u00e9compense. Et c&rsquo;est cela qui apporta le froid, la famine et la maladie sur tous les <a href=\"https:\/\/mythslegendes.com\/en\/irish-mythology\/\">Irlandais<\/a>. H\u00e9rode cependant \u00e9tait inquiet, car il avait peur du peuple \u00e0 cause de son crime: avoir d\u00e9capit\u00e9 Jean. Sur cela la t\u00eate fut apport\u00e9e \u00e0 H\u00e9rodiade. Et les disciples de Jean demand\u00e8rent le corps afin de l&rsquo;enterrer. Il leur fut remis. Il fut enterr\u00e9 avec tous les honneurs. Pendant ce temps, la t\u00eate fut enterr\u00e9e par H\u00e9rodiade, sans que les disciples et les amis que Jean avait soient inform\u00e9s.<\/p>\n\n<p>Maintenant, de l&rsquo;est du monde, deux saints moines vinrent \u00e0 J\u00e9rusalem. C&rsquo;\u00e9tait \u00e0 une autre \u00e9poque, et un long temps s&rsquo;\u00e9tait \u00e9coul\u00e9. L\u00e0, il voulaient je\u00fbner en l&rsquo;honneur du Seigneur. Sur le chemin, ils rencontr\u00e8rent un ange qui leur parla : \u00ab\u00a0Il y a une maison \u00e0 J\u00e9rusalem, et l\u00e0 se trouve la t\u00eate de Jean le Baptiste, et je veux vous montrer le lieu o\u00f9 elle est, prenez-la et emmenez-la au loin avec vous.\u00a0\u00bb Les moines vinrent \u00e0 J\u00e9rusalem et ils all\u00e8rent au lieu que l&rsquo;ange leur indiqua. Ils d\u00e9terr\u00e8rent la t\u00eate. Et quand la t\u00eate \u00e9tait encore li\u00e9e au corps, elle n&rsquo;avait pas eu meilleure couleur ou forme qu&rsquo;\u00e0 cet instant. Et ils la mirent dans le sac qu&rsquo;ils avaient pour l&#8217;emporter dans leur pays natal. Quand les moines se trouvaient sur le chemin du pays de leurs p\u00e8res, un autre homme vint \u00e0 eux sur la route, \u00e0 savoir un bon artiste de la forge, qui avait quitt\u00e9 son propre pays natal, pouss\u00e9 sur la route parce qu&rsquo;il s&rsquo;\u00e9tait retrouv\u00e9 dans la n\u00e9cessit\u00e9. Les moines lui firent porter le sac dans lequel \u00e9tait la t\u00eate de Jean sur la t\u00eate. Les moines s&rsquo;arr\u00eat\u00e8rent dans une autre ville qui \u00e9tait sur le chemin et ils y rest\u00e8rent la nuit. Cette nuit-l\u00e0, Jean le Baptiste apparut au forgeron et il lui parla : \u00ab\u00a0Je suis Jean le Baptiste\u00a0\u00bb, dit-il \u00a0\u00bb et ma t\u00eate est dans le sac qui est pr\u00e8s de toi. L\u00e8ve-toi \u00ab\u00a0, dit-il, \u00a0\u00bb et quitte les moines et emporte la t\u00eate. Et je te donnerai de la nourriture et des v\u00eatements.\u00a0\u00bb Le forgeron se leva, quitta les moines et emporta le sac, dans lequel la t\u00eate se trouvait. Il arriva \u00e0 une ville qui \u00e9tait appel\u00e9e Insena. Et longtemps il habita en cette ville. Et dans cette ville, il fut re\u00e7u en haut honneur, et on l&rsquo;aima et on eut foi en lui. Puis, le forgeron fabriqua une chasse d&rsquo;or pour la t\u00eate et y mit une serrure, un verrou et une fermeture. Alors cependant, le forgeron mourut apr\u00e8s cela et laissa sa fortune \u00e0 sa soeur, une veuve croyante. Ensuite, la femme mourut \u00e0 son tour et laissa la chasse, dans ses derni\u00e8res volont\u00e9s, \u00e0 son h\u00e9ritier. Alors cependant, un autre homme, du nom d&rsquo;Eodraissinus, re\u00e7ut la chasse dans laquelle \u00e9tait la t\u00eate. Et il accomplit de ce fait de nombreux et magnifiques miracles par la gr\u00e2ce de la t\u00eate qu&rsquo;il avait. Par elle, maladies et \u00e9pid\u00e9mies furent gu\u00e9ries dans le peuple. Puis les merveilles et les miracles de Jean le Baptiste devinrent notoires. Quand alors l&rsquo;homme devint c\u00e9l\u00e8bre, il fut chass\u00e9 de la r\u00e9gion. L\u00e0, un saint arriva \u00e0 sa place dans la maison dans laquelle il avait v\u00e9cu. Cet homme s&rsquo;appelait Marsellus. Et la t\u00eate de jean le Baptiste \u00e9tait cach\u00e9e \u00e0 l&rsquo;int\u00e9rieur, dans la terre. Jean apparut de nuit \u00e0 Marsellus et lui r\u00e9v\u00e9la que la t\u00eate se trouvait dans la terre et lui indiqua l&#8217;emplacement, et lui dit qu&rsquo;il devait la retirer.<\/p>\n\n<p>Quand Marsellus eut entendu cela, il en informa Lubrabanus, \u00e0 savoir l&rsquo;\u00e9v\u00eaque. C&rsquo;\u00e9tait alors le dirigeant de la ville de Emisena. Il all\u00e8rent ensemble, accompagn\u00e9s de la population de la ville, et retir\u00e8rent la t\u00eate de Jean de la cavit\u00e9 et des psaumes et des hymnes furent chant\u00e9s en l&rsquo;honneur de Jean. Et tous le lou\u00e8rent, car ils voyaient tous les miracles que faisait chaque jour la t\u00eate du pur et du martyr, \u00e0 savoir la t\u00eate de Jean le Baptiste. Une pri\u00e8re pour Mc. Firbisich qui \u00e9crivit lui-m\u00eame ce <a href=\"https:\/\/mythslegendes.com\/en\/book-libraries\/\">livre<\/a>, et apr\u00e8s lui son fils.\u00a0<em>Finit<\/em>.<\/p>\n\t\t\t\t\t\t\t\t<\/div>\n\t\t\t\t<\/div>\n\t\t\t\t\t<\/div>\n\t\t<\/div>\n\t\t\t\t\t<\/div>\n\t\t<\/section>\n\t\t\t\t<\/div>\n\t\t","protected":false},"excerpt":{"rendered":"<p>Irish Mythology Wiki Here is the story of the Death of John the Baptist, from the legend of Mogh Ruith. Dead of \u2026 <\/p>","protected":false},"author":1,"featured_media":0,"parent":439,"menu_order":0,"comment_status":"closed","ping_status":"closed","template":"","meta":{"footnotes":""},"class_list":["post-930","page","type-page","status-publish","hentry"],"amp_enabled":true,"_links":{"self":[{"href":"https:\/\/mythslegendes.com\/en\/wp-json\/wp\/v2\/pages\/930","targetHints":{"allow":["GET"]}}],"collection":[{"href":"https:\/\/mythslegendes.com\/en\/wp-json\/wp\/v2\/pages"}],"about":[{"href":"https:\/\/mythslegendes.com\/en\/wp-json\/wp\/v2\/types\/page"}],"author":[{"embeddable":true,"href":"https:\/\/mythslegendes.com\/en\/wp-json\/wp\/v2\/users\/1"}],"replies":[{"embeddable":true,"href":"https:\/\/mythslegendes.com\/en\/wp-json\/wp\/v2\/comments?post=930"}],"version-history":[{"count":1,"href":"https:\/\/mythslegendes.com\/en\/wp-json\/wp\/v2\/pages\/930\/revisions"}],"predecessor-version":[{"id":24623,"href":"https:\/\/mythslegendes.com\/en\/wp-json\/wp\/v2\/pages\/930\/revisions\/24623"}],"up":[{"embeddable":true,"href":"https:\/\/mythslegendes.com\/en\/wp-json\/wp\/v2\/pages\/439"}],"wp:attachment":[{"href":"https:\/\/mythslegendes.com\/en\/wp-json\/wp\/v2\/media?parent=930"}],"curies":[{"name":"wp","href":"https:\/\/api.w.org\/{rel}","templated":true}]}}