{"id":958,"date":"2020-06-16T12:57:50","date_gmt":"2020-06-16T11:57:50","guid":{"rendered":"https:\/\/mythslegendes.com\/?page_id=958"},"modified":"2022-12-03T22:06:59","modified_gmt":"2022-12-03T22:06:59","slug":"vie-du-roi-grallons","status":"publish","type":"page","link":"https:\/\/mythslegendes.com\/en\/breton-mythology\/life-of-king-grallons\/","title":{"rendered":"Life of King Grallons"},"content":{"rendered":"\t\t<div data-elementor-type=\"wp-page\" data-elementor-id=\"958\" class=\"elementor elementor-958\">\n\t\t\t\t\t\t<section class=\"elementor-section elementor-top-section elementor-element elementor-element-63915eb elementor-section-boxed elementor-section-height-default elementor-section-height-default\" data-id=\"63915eb\" data-element_type=\"section\" data-e-type=\"section\">\n\t\t\t\t\t\t<div class=\"elementor-container elementor-column-gap-default\">\n\t\t\t\t\t<div class=\"elementor-column elementor-col-50 elementor-top-column elementor-element elementor-element-493303d\" data-id=\"493303d\" data-element_type=\"column\" data-e-type=\"column\">\n\t\t\t<div class=\"elementor-widget-wrap elementor-element-populated\">\n\t\t\t\t\t\t<div class=\"elementor-element elementor-element-65af065 elementor-align-justify elementor-widget elementor-widget-button\" data-id=\"65af065\" data-element_type=\"widget\" data-e-type=\"widget\" data-widget_type=\"button.default\">\n\t\t\t\t<div class=\"elementor-widget-container\">\n\t\t\t\t\t\t\t\t\t<div class=\"elementor-button-wrapper\">\n\t\t\t\t\t<a class=\"elementor-button elementor-button-link elementor-size-sm\" href=\"https:\/\/mythslegendes.com\/mythologie-bretonne\/\">\n\t\t\t\t\t\t<span class=\"elementor-button-content-wrapper\">\n\t\t\t\t\t\t\t\t\t<span class=\"elementor-button-text\">Mythologie Bretonne<\/span>\n\t\t\t\t\t<\/span>\n\t\t\t\t\t<\/a>\n\t\t\t\t<\/div>\n\t\t\t\t\t\t\t\t<\/div>\n\t\t\t\t<\/div>\n\t\t\t\t\t<\/div>\n\t\t<\/div>\n\t\t\t\t<div class=\"elementor-column elementor-col-50 elementor-top-column elementor-element elementor-element-54513ce\" data-id=\"54513ce\" data-element_type=\"column\" data-e-type=\"column\">\n\t\t\t<div class=\"elementor-widget-wrap elementor-element-populated\">\n\t\t\t\t\t\t<div class=\"elementor-element elementor-element-f4a590c elementor-align-justify elementor-widget elementor-widget-button\" data-id=\"f4a590c\" data-element_type=\"widget\" data-e-type=\"widget\" data-widget_type=\"button.default\">\n\t\t\t\t<div class=\"elementor-widget-container\">\n\t\t\t\t\t\t\t\t\t<div class=\"elementor-button-wrapper\">\n\t\t\t\t\t<a class=\"elementor-button elementor-button-link elementor-size-sm\" href=\"https:\/\/fr.wikipedia.org\/wiki\/Mythologie_bretonne\" target=\"_blank\" rel=\"noopener\">\n\t\t\t\t\t\t<span class=\"elementor-button-content-wrapper\">\n\t\t\t\t\t\t\t\t\t<span class=\"elementor-button-text\">Wiki<\/span>\n\t\t\t\t\t<\/span>\n\t\t\t\t\t<\/a>\n\t\t\t\t<\/div>\n\t\t\t\t\t\t\t\t<\/div>\n\t\t\t\t<\/div>\n\t\t\t\t\t<\/div>\n\t\t<\/div>\n\t\t\t\t\t<\/div>\n\t\t<\/section>\n\t\t\t\t<section class=\"elementor-section elementor-top-section elementor-element elementor-element-6d999bad elementor-section-boxed elementor-section-height-default elementor-section-height-default\" data-id=\"6d999bad\" data-element_type=\"section\" data-e-type=\"section\">\n\t\t\t\t\t\t<div class=\"elementor-container elementor-column-gap-default\">\n\t\t\t\t\t<div class=\"elementor-column elementor-col-100 elementor-top-column elementor-element elementor-element-743e6b78\" data-id=\"743e6b78\" data-element_type=\"column\" data-e-type=\"column\">\n\t\t\t<div class=\"elementor-widget-wrap elementor-element-populated\">\n\t\t\t\t\t\t<div class=\"elementor-element elementor-element-21437968 elementor-widget elementor-widget-text-editor\" data-id=\"21437968\" data-element_type=\"widget\" data-e-type=\"widget\" data-widget_type=\"text-editor.default\">\n\t\t\t\t<div class=\"elementor-widget-container\">\n\t\t\t\t\t\t\t\t\t<p><\/p>\n<p>Mourut Conan Meriadoch premier roy de <a href=\"https:\/\/mythslegendes.com\/en\/breton-mythology\/\">Bretagne<\/a> Armoricane &amp; fut ensepultur\u00e9 en la cit\u00e9 royalle de Legionense auquel adonc succ\u00e9da Grallons par avant duc de la province de Cornouaille, &amp; fut roy en son lieu.<\/p>\n<p><img decoding=\"async\" class=\"alignnone wp-image-5284 size-full\" src=\"https:\/\/mythslegendes.com\/wp-content\/uploads\/2020\/09\/AlphaOmega-e1602613368367.png\" alt=\"Le Roi Grallons\" width=\"25\" height=\"26\" title=\"\"><\/p>\n<div id=\"ez-toc-container\" class=\"ez-toc-v2_0_82_2 counter-hierarchy ez-toc-counter ez-toc-grey ez-toc-container-direction\">\n<div class=\"ez-toc-title-container\">\n<p class=\"ez-toc-title\" style=\"cursor:inherit\">Contenus<\/p>\n<span class=\"ez-toc-title-toggle\"><a href=\"#\" class=\"ez-toc-pull-right ez-toc-btn ez-toc-btn-xs ez-toc-btn-default ez-toc-toggle\" aria-label=\"Toggle Table of Content\"><span class=\"ez-toc-js-icon-con\"><span class=\"\"><span class=\"eztoc-hide\" style=\"display:none;\">Toggle<\/span><span class=\"ez-toc-icon-toggle-span\"><svg style=\"fill: #999;color:#999\" xmlns=\"http:\/\/www.w3.org\/2000\/svg\" class=\"list-377408\" width=\"20px\" height=\"20px\" viewBox=\"0 0 24 24\" fill=\"none\"><path d=\"M6 6H4v2h2V6zm14 0H8v2h12V6zM4 11h2v2H4v-2zm16 0H8v2h12v-2zM4 16h2v2H4v-2zm16 0H8v2h12v-2z\" fill=\"currentColor\"><\/path><\/svg><svg style=\"fill: #999;color:#999\" class=\"arrow-unsorted-368013\" xmlns=\"http:\/\/www.w3.org\/2000\/svg\" width=\"10px\" height=\"10px\" viewBox=\"0 0 24 24\" version=\"1.2\" baseProfile=\"tiny\"><path d=\"M18.2 9.3l-6.2-6.3-6.2 6.3c-.2.2-.3.4-.3.7s.1.5.3.7c.2.2.4.3.7.3h11c.3 0 .5-.1.7-.3.2-.2.3-.5.3-.7s-.1-.5-.3-.7zM5.8 14.7l6.2 6.3 6.2-6.3c.2-.2.3-.5.3-.7s-.1-.5-.3-.7c-.2-.2-.4-.3-.7-.3h-11c-.3 0-.5.1-.7.3-.2.2-.3.5-.3.7s.1.5.3.7z\"\/><\/svg><\/span><\/span><\/span><\/a><\/span><\/div>\n<nav><ul class='ez-toc-list ez-toc-list-level-1 ' ><li class='ez-toc-page-1 ez-toc-heading-level-2'><a class=\"ez-toc-link ez-toc-heading-1\" href=\"https:\/\/mythslegendes.com\/en\/breton-mythology\/life-of-king-grallons\/#Le-Roi-Grallons\" >Le Roi Grallons<\/a><\/li><\/ul><\/nav><\/div>\n<h2><span class=\"ez-toc-section\" id=\"Le-Roi-Grallons\"><\/span>Le Roi Grallons<span class=\"ez-toc-section-end\"><\/span><\/h2>\n<p>Duquel rapporte l&rsquo;histoire S. Ronan qui jadis passant la mer avecques le dessus dit Conan Meriadoch vint en Armorique &amp; r\u00e9sida premi\u00e8rement en Legionense, puis apr\u00e8s en Cornouaille en la grande fort de Memet.<\/p>\n<p>Et dit que celui Grallons qui au temps dudit Ronan tenoit la monarchie des <a href=\"https:\/\/mythslegendes.com\/en\/breton-mythology\/\">Bretons<\/a>, de son plein gr\u00e9 volontiers o\u00fcoit ses pr\u00e9dications &amp; qu&rsquo;il parlait tr\u00e8s ententivement avecques les religieux &amp; d\u00e9vots hommes: dit aussi qu&rsquo;il aima pers\u00e9v\u00e9ramment droicture &amp; v\u00e9rit\u00e9 &amp; qu&rsquo;il estoit tr\u00e8s d\u00e9bonnaire auditeur des pupilles &amp; des veusves, support des oppresiez, donnant aux indigens leurs n\u00e9cessitez, ind\u00e9faillant op\u00e9rateur de bonnes \u0153uvres, colonne des Eglises, &amp; sans doute tr\u00e8s bon chr\u00e9stian.<\/p>\n<p>Et comme l&rsquo;adversaire de humaine nature cogneust par son astuce que celuy roy Grallons tousjours profitoit pour la doctrine Ronan, il pensa estaindre sa renomm\u00e9e ja ventill\u00e9e par les provinces: &amp; les fist accuser par une femme appell\u00e9e Keban, de lui avoir ravy sa fille. Mais la fraude Keban fut appertement cognue en la pr\u00e9sence du roy, &amp; la fille par sainct Ronan ressuscit\u00e9e de mort, laquelle par le p\u00e9ch\u00e9 de la m\u00e8re estoit estainte.<\/p>\n<p><\/p>\n<p><\/p>\n<p>Aussi eut Grallons familier le benoist Corentin, en la <a href=\"https:\/\/mythslegendes.com\/en\/\">l\u00e9gende<\/a> duquel il est contenu qu&rsquo;un jour comme Grallons fust travaill\u00e9 par le labeur de la chasse &amp; par n\u00e9cessit\u00e9 contreint se divertir &amp; loger \u00e0 Ploemodiern, un lieu ou Corentin se tenoit solitaire: ledit Corentin qui autre chose n&rsquo;avoit \u00e0 pr\u00e9senter au roy trancha une porcion d&rsquo;un poisson qu&rsquo;il nourrissoit en la fontaine, laquelle porcion cuite superabonda tellement que le roy &amp; toute sa famille en furent refectionnez.<\/p>\n<p>Et quand le roy cogneust cest admirable fait, &amp; vit le poisson sain &amp; entier nageant par la fontaine, il honora plus ch\u00e8rement sainct Corentin, &amp; luy donna son palais en sa salle royalle nomm\u00e9e Kemper, avecques les bois &amp; la terre d&rsquo;environ, auquel lieu Corentin mit le si\u00e8ge \u00e9piscopal des Corisopitenses, car peu apr\u00e8s il fut consacr\u00e9 leur \u00e9vesque par sainct Martin, &amp; leur grande cit\u00e9 de Ys.<\/p>\n<p>Situ\u00e9e pr\u00e8s la grand mer, si comme on dit, fut en celuy temps pour les p\u00e9chez des habitans submerg\u00e9e par les eaues issants de celle mer qui trespass\u00e8rent leurs termes; laquelle submersion le roy Grallons qui lors estoit en celle cit\u00e9, eschappa miraculeusement c&rsquo;est \u00e0 scavoir par le m\u00e9rite de sainct Guingalreus, duquel il est touch\u00e9 cy apr\u00e8s. Et dit l&rsquo;on que encores en appi\u00e9rent ses vestiges sus la rive de celle mer qui de l&rsquo;ancien nom de la cit\u00e9 est jusques \u00e0 maintenant appell\u00e9 Ys.<\/p>\n<p><\/p>\n<p><\/p>\n<p>Et de celui sainct homme Guingalreus qui sauva Grallons dudit p\u00e9ril est trouv\u00e9 es Chronicques &amp; <a href=\"https:\/\/mythslegendes.com\/en\/\">L\u00e9gendes<\/a> d&rsquo;une tr\u00e8s ancienne abbaye appell\u00e9e Landevenec situ\u00e9e en Cornouaille, que un noble homme nomm\u00e9 Fracanus, cousin de Cathonus, l&rsquo;un des roys de l&rsquo;isle de Bretagne, homme selon le si\u00e8cle tr\u00e8s-renomm\u00e9, vint en ceste Armoricque, ainsi que les autres Bretons de ladite isle avecques deux enfans g\u00e9meaux appellez Gu\u00e9thenoc &amp; Jacques &amp; leur m\u00e8re qui estoit surnomm\u00e9e Blanche Trimamme, pour ce qu&rsquo;elle avait trois mammelles selon le nombre de ses enfans, car lesdits Gu\u00e9thenoc &amp; Jacques avaient une s\u0153ur germaine qui n&rsquo;est pas mise au calcule ne au nombre desdits enfans, parce que plusieurs autheurs n&rsquo;ont pas de coustume asseoir en leurs escripts le cathalogue des femmes.<\/p>\n<p>Si appliqua celuy Fracanus avecques sa famille \u00e0 un port appell\u00e9 Brachet, &amp; perlustrant &amp; encherchant la terre armoricane, trouva un grand fonds &amp; ample territoire, de toutes parts environn\u00e9 de buissons &amp; de forests, lequel fut lors [par] ledit Fracanus son inventeur appell\u00e9 Goetlo, par l&rsquo;innondation d&rsquo;un fleuve qui l\u00e0 d\u00e9court, lequel est proprement appell\u00e9 Sang en <a href=\"https:\/\/mythslegendes.com\/en\/gallic-mythology\/\">gaulois<\/a> &amp; en breton Goet, &amp; signifie Goetlo lieu de sang, lequel celui Fracanus habita, &amp; l\u00e0 lui naquit le dessusdit nomm\u00e9 Guingalreus, &amp; qui fut homme de tr\u00e8s merveilleuse abstinence, &amp; de tr\u00e8s saincte &amp; prouv\u00e9e vie.<\/p>\n<p><\/p>\n<p><\/p>\n<p>Et dit ladite histoire, que entre ces choses la renomm\u00e9e de luy volitante par la r\u00e9gion vint au roy Grallons, qui tenait lors le sceptre de la partie occidentalle de Gaulle, &amp; luy estoit celuy grand royaume submis, &amp; si estoit mod\u00e9rateur des Corisopitenses: pourquoy il fut convoiteux de le voir, &amp; vint craintif &amp; enclin l&rsquo;adorer, demandant quels dons il vouloit de luy, &amp; qu&rsquo;il avait grand abondance de chasteaux; &amp; puissance de choses, grand espace de terres, &amp; abondance d&rsquo;or &amp; d&rsquo;argent, de vestemens, &amp; d&rsquo;autres dons: lesquels quand il les luy auroit baillez luy demeureroient francs &amp; quittes, car nul n&rsquo;a pouvoir de no\u00fcer les dons du prince.<\/p>\n<p>Toutes lesquelles choses ledit sainct homme Guingalreus refusa, &amp; levant le roy par la dextre luy fist un sermon d&rsquo;humilit\u00e9, l&rsquo;exhortant fuir les richesses &amp; les pompes du si\u00e8cle variable. Par lequel sermon il fut de l\u00e0 en apr\u00e8s plus d\u00e9bonnaire, &amp; fist droict &amp; justice en son royaume: jusques \u00e0 tant qu&rsquo;il contemna les lubricitez de ce monde fluctuant, &amp; monta au ciel. Touteffois conferma Grallons \u00e0 Guingalreus les terres que un noble homme de grand puissance appell\u00e9 Riocus luy donna \u00e0 fonder un hermitage, &amp; depuis les amplia de grandes possessions. Et aussi en fonda un autre en Alethense, o\u00f9 Jacques fr\u00e8re dudit Guingalrus mena une vie solitaire, selon qu&rsquo;il est trouv\u00e9 es escrits de celle Eglise.<\/p>\n<p>Et depuis ont est\u00e9 ces deux hermitages erigez en abbayes de l&rsquo;Ordre de sainct Beno\u00eet, dont celle qui est situ\u00e9e en Cornouaille, comme dit a est\u00e9, est appell\u00e9e Landevenec, &amp; l&rsquo;autre l&rsquo;Alethense sainct Jacut, du nom dudit Jacques qui premierement l&rsquo;habita.<\/p>\n<p><\/p>\n<p><\/p>\n<p>Ainsi vacca &amp; fut entendant celuy roy \u00e0 servir Dieu, &amp; \u00e0 honorer l&rsquo;Eglise, &amp; doter ses ministres, parce que en ses jours il eut paix avec les Gaulois. Et aussi en son temps s&rsquo;entretindrent concordablement en union la grant Bretagne &amp; la Bretagne armoricane, comme la m\u00e8re &amp; la fille. Mais neantmoins qu&rsquo;il r\u00e9gnast sainctement, si fut-il preux &amp; vaillant aux armes, &amp; deffendit vertueusernent son royaume contre ceux qui l&rsquo;assaillirent.<\/p>\n<p>De quoy rapporte ladite Chronique de Landevenec, qu&rsquo;il s&rsquo;enrichit des despouilles qu&rsquo;il osta aux Normans : non pas \u00e0 ceux de Neustrie, car ils n&rsquo;estoient pas encore ainsi nommez: mais aux pyrates de Norv\u00e8gue, qui par mer vindrent descendre en Armoricque. Car selon celle Chronicque, il prosterna celle gent barbare, puissante, &amp; ennemie, &amp; occist &amp; d\u00e9trancha cinq ducs de leur gent avecques leurs compagnies es rivages du fleuve de Loire.<\/p>\n<p><\/p>\t\t\t\t\t\t\t\t<\/div>\n\t\t\t\t<\/div>\n\t\t\t\t\t<\/div>\n\t\t<\/div>\n\t\t\t\t\t<\/div>\n\t\t<\/section>\n\t\t\t\t<\/div>\n\t\t","protected":false},"excerpt":{"rendered":"<p>Breton Mythology Wiki Died Conan Meriadoch first king of Armorican Brittany &amp; was buried in the royal city of Legionense\u2026 <\/p>","protected":false},"author":1,"featured_media":0,"parent":96,"menu_order":0,"comment_status":"closed","ping_status":"closed","template":"","meta":{"footnotes":""},"class_list":["post-958","page","type-page","status-publish","hentry"],"amp_enabled":true,"_links":{"self":[{"href":"https:\/\/mythslegendes.com\/en\/wp-json\/wp\/v2\/pages\/958","targetHints":{"allow":["GET"]}}],"collection":[{"href":"https:\/\/mythslegendes.com\/en\/wp-json\/wp\/v2\/pages"}],"about":[{"href":"https:\/\/mythslegendes.com\/en\/wp-json\/wp\/v2\/types\/page"}],"author":[{"embeddable":true,"href":"https:\/\/mythslegendes.com\/en\/wp-json\/wp\/v2\/users\/1"}],"replies":[{"embeddable":true,"href":"https:\/\/mythslegendes.com\/en\/wp-json\/wp\/v2\/comments?post=958"}],"version-history":[{"count":1,"href":"https:\/\/mythslegendes.com\/en\/wp-json\/wp\/v2\/pages\/958\/revisions"}],"predecessor-version":[{"id":24628,"href":"https:\/\/mythslegendes.com\/en\/wp-json\/wp\/v2\/pages\/958\/revisions\/24628"}],"up":[{"embeddable":true,"href":"https:\/\/mythslegendes.com\/en\/wp-json\/wp\/v2\/pages\/96"}],"wp:attachment":[{"href":"https:\/\/mythslegendes.com\/en\/wp-json\/wp\/v2\/media?parent=958"}],"curies":[{"name":"wp","href":"https:\/\/api.w.org\/{rel}","templated":true}]}}