{"id":10041,"date":"2021-01-27T09:54:26","date_gmt":"2021-01-27T09:54:26","guid":{"rendered":"https:\/\/mythslegendes.com\/?page_id=10041"},"modified":"2023-03-05T09:32:01","modified_gmt":"2023-03-05T09:32:01","slug":"mythologie-tahitienne-gambier","status":"publish","type":"page","link":"https:\/\/mythslegendes.com\/es\/mitologia-tahitiana-gambier\/","title":{"rendered":"Mitolog\u00eda tahitiana - Gambier"},"content":{"rendered":"<div data-elementor-type=\"wp-page\" data-elementor-id=\"10041\" class=\"elementor elementor-10041\">\n\t\t\t\t\t\t<section class=\"elementor-section elementor-top-section elementor-element elementor-element-df6b328 elementor-section-boxed elementor-section-height-default elementor-section-height-default\" data-id=\"df6b328\" data-element_type=\"section\" data-e-type=\"section\">\n\t\t\t\t\t\t<div class=\"elementor-container elementor-column-gap-default\">\n\t\t\t\t\t<div class=\"elementor-column elementor-col-33 elementor-top-column elementor-element elementor-element-7a2a0c8\" data-id=\"7a2a0c8\" data-element_type=\"column\" data-e-type=\"column\">\n\t\t\t<div class=\"elementor-widget-wrap elementor-element-populated\">\n\t\t\t\t\t\t<div class=\"elementor-element elementor-element-4c269ae elementor-align-justify elementor-widget elementor-widget-button\" data-id=\"4c269ae\" data-element_type=\"widget\" data-e-type=\"widget\" data-widget_type=\"button.default\">\n\t\t\t\t<div class=\"elementor-widget-container\">\n\t\t\t\t\t\t\t\t\t<div class=\"elementor-button-wrapper\">\n\t\t\t\t\t<a class=\"elementor-button elementor-button-link elementor-size-sm\" href=\"https:\/\/mythslegendes.com\/es\/mythes-et-legendes-oceaniques-1855\/\">\n\t\t\t\t\t\t<span class=\"elementor-button-content-wrapper\">\n\t\t\t\t\t\t\t\t\t<span class=\"elementor-button-text\">Volver al Grupo Cultural<\/span>\n\t\t\t\t\t<\/span>\n\t\t\t\t\t<\/a>\n\t\t\t\t<\/div>\n\t\t\t\t\t\t\t\t<\/div>\n\t\t\t\t<\/div>\n\t\t\t\t\t<\/div>\n\t\t<\/div>\n\t\t\t\t<div class=\"elementor-column elementor-col-33 elementor-top-column elementor-element elementor-element-64598fa\" data-id=\"64598fa\" data-element_type=\"column\" data-e-type=\"column\">\n\t\t\t<div class=\"elementor-widget-wrap elementor-element-populated\">\n\t\t\t\t\t\t<div class=\"elementor-element elementor-element-4213499 elementor-align-justify elementor-widget elementor-widget-button\" data-id=\"4213499\" data-element_type=\"widget\" data-e-type=\"widget\" data-widget_type=\"button.default\">\n\t\t\t\t<div class=\"elementor-widget-container\">\n\t\t\t\t\t\t\t\t\t<div class=\"elementor-button-wrapper\">\n\t\t\t\t\t<a class=\"elementor-button elementor-button-link elementor-size-sm\" href=\"https:\/\/mythslegendes.com\/es\/bibliotecas-de-libros\/\">\n\t\t\t\t\t\t<span class=\"elementor-button-content-wrapper\">\n\t\t\t\t\t\t\t\t\t<span class=\"elementor-button-text\">Tienda dedicada<\/span>\n\t\t\t\t\t<\/span>\n\t\t\t\t\t<\/a>\n\t\t\t\t<\/div>\n\t\t\t\t\t\t\t\t<\/div>\n\t\t\t\t<\/div>\n\t\t\t\t\t<\/div>\n\t\t<\/div>\n\t\t\t\t<div class=\"elementor-column elementor-col-33 elementor-top-column elementor-element elementor-element-2495fd1\" data-id=\"2495fd1\" data-element_type=\"column\" data-e-type=\"column\">\n\t\t\t<div class=\"elementor-widget-wrap elementor-element-populated\">\n\t\t\t\t\t\t<div class=\"elementor-element elementor-element-02f43ec elementor-align-justify elementor-widget elementor-widget-button\" data-id=\"02f43ec\" data-element_type=\"widget\" data-e-type=\"widget\" data-widget_type=\"button.default\">\n\t\t\t\t<div class=\"elementor-widget-container\">\n\t\t\t\t\t\t\t\t\t<div class=\"elementor-button-wrapper\">\n\t\t\t\t\t<a class=\"elementor-button elementor-button-link elementor-size-sm\" href=\"https:\/\/fr.wikipedia.org\/wiki\/Histoire_de_la_Polyn%C3%A9sie_fran%C3%A7aise\" target=\"_blank\" rel=\"noopener\">\n\t\t\t\t\t\t<span class=\"elementor-button-content-wrapper\">\n\t\t\t\t\t\t\t\t\t<span class=\"elementor-button-text\">Wiki<\/span>\n\t\t\t\t\t<\/span>\n\t\t\t\t\t<\/a>\n\t\t\t\t<\/div>\n\t\t\t\t\t\t\t\t<\/div>\n\t\t\t\t<\/div>\n\t\t\t\t\t<\/div>\n\t\t<\/div>\n\t\t\t\t\t<\/div>\n\t\t<\/section>\n\t\t\t\t<section class=\"elementor-section elementor-top-section elementor-element elementor-element-1363145 elementor-section-boxed elementor-section-height-default elementor-section-height-default\" data-id=\"1363145\" data-element_type=\"section\" data-e-type=\"section\">\n\t\t\t\t\t\t<div class=\"elementor-container elementor-column-gap-default\">\n\t\t\t\t\t<div class=\"elementor-column elementor-col-100 elementor-top-column elementor-element elementor-element-4e67fbe\" data-id=\"4e67fbe\" data-element_type=\"column\" data-e-type=\"column\">\n\t\t\t<div class=\"elementor-widget-wrap elementor-element-populated\">\n\t\t\t\t\t\t<div class=\"elementor-element elementor-element-aca2104 elementor-widget elementor-widget-heading\" data-id=\"aca2104\" data-element_type=\"widget\" data-e-type=\"widget\" data-widget_type=\"heading.default\">\n\t\t\t\t<div class=\"elementor-widget-container\">\n\t\t\t\t\t<div id=\"ez-toc-container\" class=\"ez-toc-v2_0_82_2 counter-hierarchy ez-toc-counter ez-toc-grey ez-toc-container-direction\">\n<div class=\"ez-toc-title-container\">\n<p class=\"ez-toc-title\" style=\"cursor:inherit\">Contenido<\/p>\n<span class=\"ez-toc-title-toggle\"><a href=\"#\" class=\"ez-toc-pull-right ez-toc-btn ez-toc-btn-xs ez-toc-btn-default ez-toc-toggle\" aria-label=\"Alternar tabla de contenidos\"><span class=\"ez-toc-js-icon-con\"><span class=\"\"><span class=\"eztoc-hide\" style=\"display:none;\">Palanca<\/span><span class=\"ez-toc-icon-toggle-span\"><svg style=\"fill: #999;color:#999\" xmlns=\"http:\/\/www.w3.org\/2000\/svg\" class=\"list-377408\" width=\"20px\" height=\"20px\" viewbox=\"0 0 24 24\" fill=\"none\"><path d=\"M6 6H4v2h2V6zm14 0H8v2h12V6zM4 11h2v2H4v-2zm16 0H8v2h12v-2zM4 16h2v2H4v-2zm16 0H8v2h12v-2z\" fill=\"currentColor\"><\/path><\/svg><svg style=\"fill: #999;color:#999\" class=\"arrow-unsorted-368013\" xmlns=\"http:\/\/www.w3.org\/2000\/svg\" width=\"10px\" height=\"10px\" viewbox=\"0 0 24 24\" version=\"1.2\" baseprofile=\"tiny\"><path d=\"M18.2 9.3l-6.2-6.3-6.2 6.3c-.2.2-.3.4-.3.7s.1.5.3.7c.2.2.4.3.7.3h11c.3 0 .5-.1.7-.3.2-.2.3-.5.3-.7s-.1-.5-.3-.7zM5.8 14.7l6.2 6.3 6.2-6.3c.2-.2.3-.5.3-.7s-.1-.5-.3-.7c-.2-.2-.4-.3-.7-.3h-11c-.3 0-.5.1-.7.3-.2.2-.3.5-.3.7s.1.5.3.7z\"\/><\/svg><\/span><\/span><\/span><\/a><\/span><\/div>\n<nav><ul class='ez-toc-list ez-toc-list-level-1' ><li class='ez-toc-page-1 ez-toc-heading-level-2'><a class=\"ez-toc-link ez-toc-heading-1\" href=\"https:\/\/mythslegendes.com\/es\/mitologia-tahitiana-gambier\/#Mythologie-Tahitienne-iles-Gambier\" >Mitolog\u00eda de Tahit\u00ed - Islas Gambier<\/a><\/li><li class='ez-toc-page-1 ez-toc-heading-level-2'><a class=\"ez-toc-link ez-toc-heading-2\" href=\"https:\/\/mythslegendes.com\/es\/mitologia-tahitiana-gambier\/#Mythologie-Tahitienne-iles-Gambier-textes\" >Mitolog\u00eda de Tahit\u00ed - Islas Gambier (textos)<\/a><\/li><li class='ez-toc-page-1 ez-toc-heading-level-2'><a class=\"ez-toc-link ez-toc-heading-3\" href=\"https:\/\/mythslegendes.com\/es\/mitologia-tahitiana-gambier\/#Livres-sur-la-mythologie-Iles-oceaniques\" >Libros de mitolog\u00eda de las islas oce\u00e1nicas<\/a><\/li><\/ul><\/nav><\/div>\n<h2 class=\"elementor-heading-title elementor-size-default\"><span class=\"ez-toc-section\" id=\"Mythologie-Tahitienne-iles-Gambier\"><\/span>Mitolog\u00eda de Tahit\u00ed - Islas Gambier<span class=\"ez-toc-section-end\"><\/span><\/h2>\t\t\t\t<\/div>\n\t\t\t\t<\/div>\n\t\t\t\t\t<\/div>\n\t\t<\/div>\n\t\t\t\t\t<\/div>\n\t\t<\/section>\n\t\t\t\t<section class=\"elementor-section elementor-top-section elementor-element elementor-element-4925f4e elementor-section-boxed elementor-section-height-default elementor-section-height-default\" data-id=\"4925f4e\" data-element_type=\"section\" data-e-type=\"section\">\n\t\t\t\t\t\t<div class=\"elementor-container elementor-column-gap-default\">\n\t\t\t\t\t<div class=\"elementor-column elementor-col-100 elementor-top-column elementor-element elementor-element-fe43f21\" data-id=\"fe43f21\" data-element_type=\"column\" data-e-type=\"column\">\n\t\t\t<div class=\"elementor-widget-wrap elementor-element-populated\">\n\t\t\t\t\t\t<div class=\"elementor-element elementor-element-44ee9c5 elementor-widget elementor-widget-text-editor\" data-id=\"44ee9c5\" data-element_type=\"widget\" data-e-type=\"widget\" data-widget_type=\"text-editor.default\">\n\t\t\t\t<div class=\"elementor-widget-container\">\n\t\t\t\t\t\t\t\t\t<p>los <a href=\"https:\/\/mythslegendes.com\/es\/\">mitolog\u00eda<\/a> <a href=\"https:\/\/mythslegendes.com\/es\/mitologia-tahitiana-del-viento\/\">tahitiano<\/a> \u2013 Gambier se refiere a los mitos y <a href=\"https:\/\/mythslegendes.com\/es\/\">leyendas<\/a> de la cultura tahitiana ubicada en las Islas Gambier. Ubicados en el noroeste del Oc\u00e9ano Pac\u00edfico Sur, son uno de los cinco archipi\u00e9lagos de la Polinesia Francesa.<\/p><p>El conjunto est\u00e1 formado por catorce islas altas, cuatro de las cuales son muy peque\u00f1as, as\u00ed como varios islotes coralinos anclados en el arrecife que rodea una profunda laguna en la que se sit\u00faan las islas altas. Las islas estaban pobladas desde <abbr class=\"abbr\" title=\"Siglo 12\"><span class=\"romain\">XII<\/span><sup>mi<\/sup><\/abbr>\u00a0siglo de nuestra era.<\/p><p><img decoding=\"async\" class=\"alignnone wp-image-5284 size-full\" src=\"https:\/\/mythslegendes.com\/wp-content\/uploads\/2020\/09\/AlphaOmega-e1602613368367.png\" alt=\"Mitolog\u00eda tahitiana de Gambier\" width=\"25\" height=\"26\" title=\"\"><\/p>\t\t\t\t\t\t\t\t<\/div>\n\t\t\t\t<\/div>\n\t\t\t\t\t<\/div>\n\t\t<\/div>\n\t\t\t\t\t<\/div>\n\t\t<\/section>\n\t\t\t\t<section class=\"elementor-section elementor-top-section elementor-element elementor-element-34070d7 elementor-section-boxed elementor-section-height-default elementor-section-height-default\" data-id=\"34070d7\" data-element_type=\"section\" data-e-type=\"section\">\n\t\t\t\t\t\t<div class=\"elementor-container elementor-column-gap-default\">\n\t\t\t\t\t<div class=\"elementor-column elementor-col-100 elementor-top-column elementor-element elementor-element-1c6bc1e\" data-id=\"1c6bc1e\" data-element_type=\"column\" data-e-type=\"column\">\n\t\t\t<div class=\"elementor-widget-wrap elementor-element-populated\">\n\t\t\t\t\t\t<div class=\"elementor-element elementor-element-acd6126 elementor-widget elementor-widget-heading\" data-id=\"acd6126\" data-element_type=\"widget\" data-e-type=\"widget\" data-widget_type=\"heading.default\">\n\t\t\t\t<div class=\"elementor-widget-container\">\n\t\t\t\t\t<h2 class=\"elementor-heading-title elementor-size-default\"><span class=\"ez-toc-section\" id=\"Mythologie-Tahitienne-iles-Gambier-textes\"><\/span>Mitolog\u00eda de Tahit\u00ed - Islas Gambier (textos)<span class=\"ez-toc-section-end\"><\/span><\/h2>\t\t\t\t<\/div>\n\t\t\t\t<\/div>\n\t\t\t\t\t<\/div>\n\t\t<\/div>\n\t\t\t\t\t<\/div>\n\t\t<\/section>\n\t\t\t\t<section class=\"elementor-section elementor-top-section elementor-element elementor-element-96889dd elementor-section-boxed elementor-section-height-default elementor-section-height-default\" data-id=\"96889dd\" data-element_type=\"section\" data-e-type=\"section\">\n\t\t\t\t\t\t<div class=\"elementor-container elementor-column-gap-default\">\n\t\t\t\t\t<div class=\"elementor-column elementor-col-100 elementor-top-column elementor-element elementor-element-9ea41e0\" data-id=\"9ea41e0\" data-element_type=\"column\" data-e-type=\"column\">\n\t\t\t<div class=\"elementor-widget-wrap elementor-element-populated\">\n\t\t\t\t\t\t<div class=\"elementor-element elementor-element-5596125 elementor-widget elementor-widget-toggle\" data-id=\"5596125\" data-element_type=\"widget\" data-e-type=\"widget\" data-widget_type=\"toggle.default\">\n\t\t\t\t<div class=\"elementor-widget-container\">\n\t\t\t\t\t\t\t<div class=\"elementor-toggle\">\n\t\t\t\t\t\t\t<div class=\"elementor-toggle-item\">\n\t\t\t\t\t<div id=\"elementor-tab-title-8971\" class=\"elementor-tab-title\" data-tab=\"1\" role=\"button\" aria-controls=\"elementor-tab-content-8971\" aria-expanded=\"false\">\n\t\t\t\t\t\t\t\t\t\t\t\t<span class=\"elementor-toggle-icon elementor-toggle-icon-left\" aria-hidden=\"true\">\n\t\t\t\t\t\t\t\t\t\t\t\t\t\t\t<span class=\"elementor-toggle-icon-closed\"><i class=\"fas fa-caret-right\"><\/i><\/span>\n\t\t\t\t\t\t\t\t<span class=\"elementor-toggle-icon-opened\"><i class=\"elementor-toggle-icon-opened fas fa-caret-up\"><\/i><\/span>\n\t\t\t\t\t\t\t\t\t\t\t\t\t<\/span>\n\t\t\t\t\t\t\t\t\t\t\t\t<a class=\"elementor-toggle-title\" tabindex=\"0\">Mitos y leyendas de la isla de Mangareva<\/a>\n\t\t\t\t\t<\/div>\n\n\t\t\t\t\t<div id=\"elementor-tab-content-8971\" class=\"elementor-tab-content elementor-clearfix\" data-tab=\"1\" role=\"region\" aria-labelledby=\"elementor-tab-title-8971\"><ul><li><strong><a href=\"https:\/\/www.tahitiheritage.pf\/danse-requin-legende-mangareva\/\" target=\"_blank\" rel=\"noopener\">Leyenda de &#039;Ina-te-k\u0101kara y el tibur\u00f3n - Mangareva<\/a><\/strong><\/li><li><strong><a href=\"https:\/\/www.tahitiheritage.pf\/femme-fleur-mangareva\/\" target=\"_blank\" rel=\"noopener\">Leyenda de la Mujer Flor de Mangareva<\/a><\/strong><\/li><li><strong><a href=\"https:\/\/www.tahitiheritage.pf\/aventures-de-teiti-a-toakau-mangareva\/\" target=\"_blank\" rel=\"noopener\">Aventuras de Teiti a Toakau en Mangareva<\/a><\/strong><\/li><li><strong><a href=\"https:\/\/www.tahitiheritage.pf\/legende-teiti-a-toakau-mangareva\/\" target=\"_blank\" rel=\"noopener\">Leyenda de Teiti a Toakau de Mangareva<\/a><\/strong><\/li><li><strong><a href=\"https:\/\/www.tahitiheritage.pf\/huriitemonoi-princesse-mangareva\/\" target=\"_blank\" rel=\"noopener\">Leyenda de Huriitemonoi, la misteriosa princesa de Mangareva<\/a><\/strong><\/li><li><strong><a href=\"https:\/\/www.tahitiheritage.pf\/suicide-gambier\/\" target=\"_blank\" rel=\"noopener\">\u00bfVolar lejos de una monta\u00f1a o de un cocotero? suicidio en Gambier<\/a><\/strong><\/li><li><strong><a href=\"https:\/\/www.tahitiheritage.pf\/baie-ananui-de-la-reine-de-taravai\/\" target=\"_blank\" rel=\"noopener\">Bah\u00eda de Ananui de la reina de Taravai<\/a><\/strong><\/li><li><strong><a href=\"https:\/\/www.tahitiheritage.pf\/col-de-manukau-radeau-de-noa\/\" target=\"_blank\" rel=\"noopener\">Paso de Manukau, atravesado por la balsa de Noa - Mangareva<\/a><\/strong><\/li><li><strong><a href=\"https:\/\/www.tahitiheritage.pf\/faille-puapatito\/\" target=\"_blank\" rel=\"noopener\">Falla de Puapatito, de la canoa Ragahenua<\/a><\/strong><\/li><li><strong><a href=\"https:\/\/www.tahitiheritage.pf\/prophetie-toapere\/\" target=\"_blank\" rel=\"noopener\">Profec\u00eda de Toapere - Gambier<\/a><\/strong><\/li><\/ul><\/div>\n\t\t\t\t<\/div>\n\t\t\t\t\t\t\t\t<\/div>\n\t\t\t\t\t\t<\/div>\n\t\t\t\t<\/div>\n\t\t\t\t\t<\/div>\n\t\t<\/div>\n\t\t\t\t\t<\/div>\n\t\t<\/section>\n\t\t\t\t<section class=\"elementor-section elementor-top-section elementor-element elementor-element-f0378e0 elementor-section-boxed elementor-section-height-default elementor-section-height-default\" data-id=\"f0378e0\" data-element_type=\"section\" data-e-type=\"section\">\n\t\t\t\t\t\t<div class=\"elementor-container elementor-column-gap-default\">\n\t\t\t\t\t<div class=\"elementor-column elementor-col-100 elementor-top-column elementor-element elementor-element-f4deb19\" data-id=\"f4deb19\" data-element_type=\"column\" data-e-type=\"column\">\n\t\t\t<div class=\"elementor-widget-wrap elementor-element-populated\">\n\t\t\t\t\t\t<div class=\"elementor-element elementor-element-2a01037 elementor-widget elementor-widget-heading\" data-id=\"2a01037\" data-element_type=\"widget\" data-e-type=\"widget\" data-widget_type=\"heading.default\">\n\t\t\t\t<div class=\"elementor-widget-container\">\n\t\t\t\t\t<h2 class=\"elementor-heading-title elementor-size-default\"><span class=\"ez-toc-section\" id=\"Livres-sur-la-mythologie-Iles-oceaniques\"><\/span>Libros de mitolog\u00eda de las islas oce\u00e1nicas<span class=\"ez-toc-section-end\"><\/span><\/h2>\t\t\t\t<\/div>\n\t\t\t\t<\/div>\n\t\t\t\t\t<\/div>\n\t\t<\/div>\n\t\t\t\t\t<\/div>\n\t\t<\/section>\n\t\t\t\t<section class=\"elementor-section elementor-top-section elementor-element elementor-element-b0a1f84 elementor-section-boxed elementor-section-height-default elementor-section-height-default\" data-id=\"b0a1f84\" data-element_type=\"section\" data-e-type=\"section\">\n\t\t\t\t\t\t<div class=\"elementor-container elementor-column-gap-default\">\n\t\t\t\t\t<div class=\"elementor-column elementor-col-100 elementor-top-column elementor-element elementor-element-c65b079\" data-id=\"c65b079\" data-element_type=\"column\" data-e-type=\"column\">\n\t\t\t<div class=\"elementor-widget-wrap elementor-element-populated\">\n\t\t\t\t\t\t<div class=\"elementor-element elementor-element-5edb811 elementor-widget elementor-widget-text-editor\" data-id=\"5edb811\" data-element_type=\"widget\" data-e-type=\"widget\" data-widget_type=\"text-editor.default\">\n\t\t\t\t<div class=\"elementor-widget-container\">\n\t\t\t\t\t\t\t\t\t<p>C\u00f3mics \/ Ilustrados:<\/p><p>En franc\u00e9s :<\/p><ul><li><a href=\"https:\/\/www.amazon.fr\/Contes-L%C3%A9gendes-Polyn%C3%A9sie-b%C3%A9n%C3%A9fices-revers%C3%A9s\/dp\/B01GZVY4T0?&amp;linkCode=ll1&amp;tag=mythscience-21&amp;linkId=d7445480af95408065b4c405cd8dc171&amp;language=fr_FR&amp;ref_=as_li_ss_tl\" target=\"_blank\" rel=\"noopener\">Cuentos y Leyendas de Polinesia<\/a><\/li><li><a href=\"https:\/\/www.amazon.fr\/Contes-sages-Polyn%C3%A9sie-Celine-Ripoll\/dp\/2021092070?&amp;linkCode=ll1&amp;tag=mythscience-21&amp;linkId=3949b9a599341942e3056f6cbba103a2&amp;language=fr_FR&amp;ref_=as_li_ss_tl\" target=\"_blank\" rel=\"noopener\">Cuentos de los sabios de Polinesia<\/a><\/li><li><a href=\"https:\/\/www.amazon.fr\/mythologie-tahitienne-pour-tous-compagnie\/dp\/2955686093?&amp;linkCode=sl1&amp;tag=mythscience-21&amp;linkId=031fb5d0ab73f906a9726aa331a593f8&amp;language=fr_FR&amp;ref_=as_li_ss_tl\" target=\"_blank\" rel=\"noopener\">Mitolog\u00eda tahitiana para todos: Maui, Hiro, Hina y compa\u00f1\u00eda<\/a><\/li><li><a href=\"https:\/\/www.amazon.fr\/Mahine-f%C3%A9es-fleurs-Contes-Imaginaires\/dp\/1479201766?&amp;linkCode=sl1&amp;tag=mythscience-21&amp;linkId=86c85dcf661c034b8302705c3ffd4ffb&amp;language=fr_FR&amp;ref_=as_li_ss_tl\" target=\"_blank\" rel=\"noopener\">Mahine y las hadas de las flores: los cuentos imaginarios de Tahit\u00ed<\/a><\/li><li><a href=\"https:\/\/www.amazon.fr\/dp\/2070732975?&amp;linkCode=ll1&amp;tag=mythscience-21&amp;linkId=b253d93bbf2afd2d36ad5dbbc3be806f&amp;language=fr_FR&amp;ref_=as_li_ss_tl\" target=\"_blank\" rel=\"noopener\">mitos tahitianos<\/a><\/li><li><a href=\"https:\/\/www.amazon.fr\/dp\/1720924635?&amp;linkCode=ll1&amp;tag=mythscience-21&amp;linkId=6fddf166d6f188346a372adbdb46aa6f&amp;language=fr_FR&amp;ref_=as_li_ss_tl\" target=\"_blank\" rel=\"noopener\">Hiro y Hina: Paseos en el coraz\u00f3n de las leyendas de Bora-Bora y otras islas<\/a><\/li><\/ul><p>Solo en ingles:<\/p><ul><li><a href=\"https:\/\/www.amazon.fr\/Oceanic-Mythology-Polynesia-Micronesia-Australia\/dp\/0814803865?&amp;linkCode=ll1&amp;tag=mythscience-21&amp;linkId=d91d68155ca23d0bb60bc46837ce2406&amp;language=fr_FR&amp;ref_=as_li_ss_tl\" target=\"_blank\" rel=\"noopener\">Mitolog\u00eda oce\u00e1nica: los mitos de Polinesia, Micronesia, Melanesia, Australia<\/a><\/li><li><a href=\"https:\/\/www.amazon.fr\/Mysterious-Polynesia-Legends-Mysteries-Polynesians\/dp\/1700751158?&amp;linkCode=ll1&amp;tag=mythscience-21&amp;linkId=8624fa19e305ea560805b4dfea414d9a&amp;language=fr_FR&amp;ref_=as_li_ss_tl\" target=\"_blank\" rel=\"noopener\">Polinesia misteriosa: los mitos, leyendas y misterios de los polinesios<\/a><\/li><li><a href=\"https:\/\/www.amazon.fr\/Handbook-Polynesian-Mythology-Robert-Craig\/dp\/1576078949?&amp;linkCode=sl1&amp;tag=mythscience-21&amp;linkId=0a9bc21d35f26865230d1a375f2cca8c&amp;language=fr_FR&amp;ref_=as_li_ss_tl\" target=\"_blank\" rel=\"noopener\">manual de mitolog\u00eda polinesia<\/a><\/li><li><a href=\"https:\/\/www.amazon.fr\/Shark-Caller-Zillah-Bethell\/dp\/1474966845?&amp;linkCode=sl1&amp;tag=mythscience-21&amp;linkId=93eab977d1c445951d4e747dc1b2a566&amp;language=fr_FR&amp;ref_=as_li_ss_tl\" target=\"_blank\" rel=\"noopener\">El llamador de tiburones<\/a><\/li><li><a href=\"https:\/\/www.amazon.fr\/Pele-Volcano-Goddess-Hawaii-History\/dp\/0786463473?&amp;linkCode=sl1&amp;tag=mythscience-21&amp;linkId=879a222a204176c78c888f6c1cfb5cc9&amp;language=fr_FR&amp;ref_=as_li_ss_tl\" target=\"_blank\" rel=\"noopener\">Pele, diosa volc\u00e1nica de Hawai&#039;i<\/a><\/li><li><a href=\"https:\/\/www.amazon.fr\/POLYNESIAN-TATTOO-Handbook-meaningful-Polynesian\/dp\/8890601655?&amp;linkCode=sl1&amp;tag=mythscience-21&amp;linkId=ddd2b41ca26b7cb54d675d371eb353ea&amp;language=fr_FR&amp;ref_=as_li_ss_tl\" target=\"_blank\" rel=\"noopener\">El manual del tatuaje polinesio<\/a><\/li><li><a href=\"https:\/\/www.amazon.fr\/Maori-History-Legacy-Zealands-Indigenous\/dp\/1724562355?&amp;linkCode=sl1&amp;tag=mythscience-21&amp;linkId=40a4e19e4c639ab5e1ac1e1961963f04&amp;language=fr_FR&amp;ref_=as_li_ss_tl\" target=\"_blank\" rel=\"noopener\">Los maor\u00edes: la historia y el legado de los pueblos ind\u00edgenas de Nueva Zelanda<\/a><\/li><li><a href=\"https:\/\/www.amazon.fr\/Maori-Myths-Legendary-Tales-Reed\/dp\/1877246107?&amp;linkCode=ll1&amp;tag=mythscience-21&amp;linkId=5dc3e0e2f6927c159defa9552e4aed23&amp;language=fr_FR&amp;ref_=as_li_ss_tl\" target=\"_blank\" rel=\"noopener\">Mitos maor\u00edes y cuentos legendarios<\/a><\/li><li><a href=\"https:\/\/www.amazon.fr\/Purakau-Maori-Retold-Writers-English-ebook\/dp\/B07P935FRF?&amp;linkCode=ll1&amp;tag=mythscience-21&amp;linkId=f305dbbf26dc66e907ba9c7e4c7cfeef&amp;language=fr_FR&amp;ref_=as_li_ss_tl\" target=\"_blank\" rel=\"noopener\">Purakau: mitos maor\u00edes contados por escritores maor\u00edes<\/a><\/li><li><a href=\"https:\/\/www.amazon.fr\/Straight-Path-Spirit-Ancestral-Traditions-ebook\/dp\/B0082CXFJ6?&amp;linkCode=ll1&amp;tag=mythscience-21&amp;linkId=79509b0621656c9b04357fd1c0f5d3f1&amp;language=fr_FR&amp;ref_=as_li_ss_tl\" target=\"_blank\" rel=\"noopener\">El camino recto del esp\u00edritu: sabidur\u00eda ancestral y tradiciones curativas en Fiji<\/a><\/li><li><a href=\"https:\/\/www.amazon.fr\/Tongas-First-King-Other-Folktales\/dp\/1737699419?&amp;linkCode=ll1&amp;tag=mythscience-21&amp;linkId=eb76822abcef60486dddb6572a7af3b6&amp;language=fr_FR&amp;ref_=as_li_ss_tl\" target=\"_blank\" rel=\"noopener\">El primer rey de Tonga y otros cuentos populares<\/a><\/li><li><a href=\"https:\/\/www.amazon.fr\/Sina-Magical-Eel-Legends-Polynesia\/dp\/1091943605?&amp;linkCode=sl1&amp;tag=mythscience-21&amp;linkId=44f85c2eb4860488404344b382d831a1&amp;language=fr_FR&amp;ref_=as_li_ss_tl\" target=\"_blank\" rel=\"noopener\">Sina y la anguila m\u00e1gica: Leyendas de Polinesia<\/a><\/li><li><a href=\"https:\/\/www.amazon.fr\/New-Guinea-Ceremonies-David-Gillison\/dp\/0810906015?&amp;linkCode=ll1&amp;tag=mythscience-21&amp;linkId=24f7afff35e88d0f79476e4aa23a4b14&amp;language=fr_FR&amp;ref_=as_li_ss_tl\" target=\"_blank\" rel=\"noopener\">Ceremonias de Nueva Guinea<\/a><\/li><\/ul>\t\t\t\t\t\t\t\t<\/div>\n\t\t\t\t<\/div>\n\t\t\t\t\t<\/div>\n\t\t<\/div>\n\t\t\t\t\t<\/div>\n\t\t<\/section>\n\t\t\t\t<\/div>","protected":false},"excerpt":{"rendered":"<p>Volver al grupo cultural Tienda dedicada Wiki Mitolog\u00eda tahitiana \u2013 Islas Gambier Mitolog\u00eda tahitiana \u2013 Gambier se refiere a los mitos\u2026 <\/p>","protected":false},"author":1,"featured_media":0,"parent":0,"menu_order":0,"comment_status":"closed","ping_status":"closed","template":"","meta":{"footnotes":""},"class_list":["post-10041","page","type-page","status-publish","hentry"],"amp_enabled":true,"_links":{"self":[{"href":"https:\/\/mythslegendes.com\/es\/wp-json\/wp\/v2\/pages\/10041","targetHints":{"allow":["GET"]}}],"collection":[{"href":"https:\/\/mythslegendes.com\/es\/wp-json\/wp\/v2\/pages"}],"about":[{"href":"https:\/\/mythslegendes.com\/es\/wp-json\/wp\/v2\/types\/page"}],"author":[{"embeddable":true,"href":"https:\/\/mythslegendes.com\/es\/wp-json\/wp\/v2\/users\/1"}],"replies":[{"embeddable":true,"href":"https:\/\/mythslegendes.com\/es\/wp-json\/wp\/v2\/comments?post=10041"}],"version-history":[{"count":7,"href":"https:\/\/mythslegendes.com\/es\/wp-json\/wp\/v2\/pages\/10041\/revisions"}],"predecessor-version":[{"id":27334,"href":"https:\/\/mythslegendes.com\/es\/wp-json\/wp\/v2\/pages\/10041\/revisions\/27334"}],"wp:attachment":[{"href":"https:\/\/mythslegendes.com\/es\/wp-json\/wp\/v2\/media?parent=10041"}],"curies":[{"name":"wp","href":"https:\/\/api.w.org\/{rel}","templated":true}]}}