{"id":1016,"date":"2020-06-16T14:43:57","date_gmt":"2020-06-16T13:43:57","guid":{"rendered":"https:\/\/mythslegendes.com\/?page_id=1016"},"modified":"2022-12-03T22:07:00","modified_gmt":"2022-12-03T22:07:00","slug":"croyances-et-rites-basques","status":"publish","type":"page","link":"https:\/\/mythslegendes.com\/es\/mitologia-vasca\/creencias-y-ritos-vascos\/","title":{"rendered":"Creencias y ritos vascos"},"content":{"rendered":"<div data-elementor-type=\"wp-page\" data-elementor-id=\"1016\" class=\"elementor elementor-1016\">\n\t\t\t\t\t\t<section class=\"elementor-section elementor-top-section elementor-element elementor-element-1f14af7 elementor-section-boxed elementor-section-height-default elementor-section-height-default\" data-id=\"1f14af7\" data-element_type=\"section\" data-e-type=\"section\">\n\t\t\t\t\t\t<div class=\"elementor-container elementor-column-gap-default\">\n\t\t\t\t\t<div class=\"elementor-column elementor-col-50 elementor-top-column elementor-element elementor-element-bbecff4\" data-id=\"bbecff4\" data-element_type=\"column\" data-e-type=\"column\">\n\t\t\t<div class=\"elementor-widget-wrap elementor-element-populated\">\n\t\t\t\t\t\t<div class=\"elementor-element elementor-element-220b11d elementor-align-justify elementor-widget elementor-widget-button\" data-id=\"220b11d\" data-element_type=\"widget\" data-e-type=\"widget\" data-widget_type=\"button.default\">\n\t\t\t\t<div class=\"elementor-widget-container\">\n\t\t\t\t\t\t\t\t\t<div class=\"elementor-button-wrapper\">\n\t\t\t\t\t<a class=\"elementor-button elementor-button-link elementor-size-sm\" href=\"https:\/\/mythslegendes.com\/es\/mitologia-vasca\/\">\n\t\t\t\t\t\t<span class=\"elementor-button-content-wrapper\">\n\t\t\t\t\t\t\t\t\t<span class=\"elementor-button-text\">Mitolog\u00eda vasca<\/span>\n\t\t\t\t\t<\/span>\n\t\t\t\t\t<\/a>\n\t\t\t\t<\/div>\n\t\t\t\t\t\t\t\t<\/div>\n\t\t\t\t<\/div>\n\t\t\t\t\t<\/div>\n\t\t<\/div>\n\t\t\t\t<div class=\"elementor-column elementor-col-50 elementor-top-column elementor-element elementor-element-98c279f\" data-id=\"98c279f\" data-element_type=\"column\" data-e-type=\"column\">\n\t\t\t<div class=\"elementor-widget-wrap elementor-element-populated\">\n\t\t\t\t\t\t<div class=\"elementor-element elementor-element-0309049 elementor-align-justify elementor-widget elementor-widget-button\" data-id=\"0309049\" data-element_type=\"widget\" data-e-type=\"widget\" data-widget_type=\"button.default\">\n\t\t\t\t<div class=\"elementor-widget-container\">\n\t\t\t\t\t\t\t\t\t<div class=\"elementor-button-wrapper\">\n\t\t\t\t\t<a class=\"elementor-button elementor-button-link elementor-size-sm\" href=\"https:\/\/fr.wikipedia.org\/wiki\/Mythologie_basque\" target=\"_blank\" rel=\"noopener\">\n\t\t\t\t\t\t<span class=\"elementor-button-content-wrapper\">\n\t\t\t\t\t\t\t\t\t<span class=\"elementor-button-text\">Wiki<\/span>\n\t\t\t\t\t<\/span>\n\t\t\t\t\t<\/a>\n\t\t\t\t<\/div>\n\t\t\t\t\t\t\t\t<\/div>\n\t\t\t\t<\/div>\n\t\t\t\t\t<\/div>\n\t\t<\/div>\n\t\t\t\t\t<\/div>\n\t\t<\/section>\n\t\t\t\t<section class=\"elementor-section elementor-top-section elementor-element elementor-element-2e20dc2b elementor-section-boxed elementor-section-height-default elementor-section-height-default\" data-id=\"2e20dc2b\" data-element_type=\"section\" data-e-type=\"section\">\n\t\t\t\t\t\t<div class=\"elementor-container elementor-column-gap-default\">\n\t\t\t\t\t<div class=\"elementor-column elementor-col-100 elementor-top-column elementor-element elementor-element-34286567\" data-id=\"34286567\" data-element_type=\"column\" data-e-type=\"column\">\n\t\t\t<div class=\"elementor-widget-wrap elementor-element-populated\">\n\t\t\t\t\t\t<div class=\"elementor-element elementor-element-d8734eb elementor-widget elementor-widget-text-editor\" data-id=\"d8734eb\" data-element_type=\"widget\" data-e-type=\"widget\" data-widget_type=\"text-editor.default\">\n\t\t\t\t<div class=\"elementor-widget-container\">\n\t\t\t\t\t\t\t\t\t\n<p>los <a href=\"https:\/\/mythslegendes.com\/es\/\">mitolog\u00eda<\/a> <a href=\"https:\/\/mythslegendes.com\/es\/mitologia-vasca\/\">vasco<\/a> es producto de toda una evoluci\u00f3n que parte de las creencias y ritos <a href=\"https:\/\/mythslegendes.com\/es\/mitologia-vasca\/\">vasco<\/a> La prehistoria dio lugar a un desarrollo y a la influencia de elementos feriantes y a la incorporaci\u00f3n de mitos provenientes de otras culturas (incidencias de las concepciones de pueblos pastoriles, fase de romanizaci\u00f3n y contactos polite\u00edstas y culturas de la antig\u00fcedad) y sufriendo cambios importantes en la expansi\u00f3n de la Religi\u00f3n cat\u00f3lica.<\/p>\n<p><img decoding=\"async\" class=\"alignnone wp-image-5284 size-full\" src=\"https:\/\/mythslegendes.com\/wp-content\/uploads\/2020\/09\/AlphaOmega-e1602613368367.png\" alt=\"Creencias y ritos vascos\" width=\"25\" height=\"26\" title=\"\"><\/p>\n<div id=\"ez-toc-container\" class=\"ez-toc-v2_0_82_2 counter-hierarchy ez-toc-counter ez-toc-grey ez-toc-container-direction\">\n<div class=\"ez-toc-title-container\">\n<p class=\"ez-toc-title\" style=\"cursor:inherit\">Contenido<\/p>\n<span class=\"ez-toc-title-toggle\"><a href=\"#\" class=\"ez-toc-pull-right ez-toc-btn ez-toc-btn-xs ez-toc-btn-default ez-toc-toggle\" aria-label=\"Alternar tabla de contenidos\"><span class=\"ez-toc-js-icon-con\"><span class=\"\"><span class=\"eztoc-hide\" style=\"display:none;\">Palanca<\/span><span class=\"ez-toc-icon-toggle-span\"><svg style=\"fill: #999;color:#999\" xmlns=\"http:\/\/www.w3.org\/2000\/svg\" class=\"list-377408\" width=\"20px\" height=\"20px\" viewbox=\"0 0 24 24\" fill=\"none\"><path d=\"M6 6H4v2h2V6zm14 0H8v2h12V6zM4 11h2v2H4v-2zm16 0H8v2h12v-2zM4 16h2v2H4v-2zm16 0H8v2h12v-2z\" fill=\"currentColor\"><\/path><\/svg><svg style=\"fill: #999;color:#999\" class=\"arrow-unsorted-368013\" xmlns=\"http:\/\/www.w3.org\/2000\/svg\" width=\"10px\" height=\"10px\" viewbox=\"0 0 24 24\" version=\"1.2\" baseprofile=\"tiny\"><path d=\"M18.2 9.3l-6.2-6.3-6.2 6.3c-.2.2-.3.4-.3.7s.1.5.3.7c.2.2.4.3.7.3h11c.3 0 .5-.1.7-.3.2-.2.3-.5.3-.7s-.1-.5-.3-.7zM5.8 14.7l6.2 6.3 6.2-6.3c.2-.2.3-.5.3-.7s-.1-.5-.3-.7c-.2-.2-.4-.3-.7-.3h-11c-.3 0-.5.1-.7.3-.2.2-.3.5-.3.7s.1.5.3.7z\"\/><\/svg><\/span><\/span><\/span><\/a><\/span><\/div>\n<nav><ul class='ez-toc-list ez-toc-list-level-1' ><li class='ez-toc-page-1 ez-toc-heading-level-2'><a class=\"ez-toc-link ez-toc-heading-1\" href=\"https:\/\/mythslegendes.com\/es\/mitologia-vasca\/creencias-y-ritos-vascos\/#Croyances-et-Rites-basques\" >Creencias y ritos vascos<\/a><\/li><\/ul><\/nav><\/div>\n<h2><span class=\"ez-toc-section\" id=\"Croyances-et-Rites-basques\"><\/span>Creencias y ritos vascos<span class=\"ez-toc-section-end\"><\/span><\/h2>\n\n<p>Izena duen guztia presagio da<br \/>Todo lo que tiene un nombre existe<br \/>Las creencias y los ritos existen desde la antig\u00fcedad.<\/p>\n\n<p>Se trata de un tema complejo que surge a partir de narrativas m\u00edticas y de datos aportados por el folclore, las tradiciones y costumbres populares, etnogr\u00e1ficas y ling\u00fc\u00edsticas. Hay que mencionar a Jos\u00e9 Miguel de Barandiar\u00e1n (maestro de toda una generaci\u00f3n de arque\u00f3logos y etn\u00f3logos) y a Julio Caro Varoja que han contribuido en gran medida al conocimiento de la cultura vasca.<\/p>\n\n<p>Entre los genios y divinidades de la tierra destaca MARI, a quien acompa\u00f1a todo un grupo de divinidades que suelen adoptar forma animal.<\/p>\n\n<p>El otro espacio importante lo ocupan los mitos solares y lunares as\u00ed como la relaci\u00f3n con el cielo. Algunos de estos mitos est\u00e1n presentes en todo el Pa\u00eds Vasco, con variaciones locales o regionales.<\/p>\n\n<p>Buena parte de ellos se extienden a otras regiones pirenaicas o son mitos de car\u00e1cter m\u00e1s importante, si no universal, que, aqu\u00ed, han adquirido un cariz particular.<\/p>\n\n<p>A todo ello hay que sumar los acontecimientos de las almas de los antepasados, los ritos y costumbres ligados al culto dom\u00e9stico.<\/p>\n\n<p>Como la mitolog\u00eda precristiana estaba bien arraigada, la introducci\u00f3n del cristianismo requiri\u00f3 profundas transformaciones.<\/p>\n\n<p>De este modo, <a href=\"https:\/\/mythslegendes.com\/es\/\">leyendas<\/a> Explique que la llegada desde el Este de una gran nube luminosa (o una hermosa estrella) fue el anuncio del nacimiento de Kismi (Cristo) y el fin de la era hist\u00f3rica de los Jentils (jentilak), seres a quienes atribu\u00edamos grandes poderes f\u00edsicos. y capacidades intelectuales pero que no eran cristianos y que se suicidaron colectivamente arroj\u00e1ndose a barrancos o desapareciendo.<\/p>\n\n<p>El t\u00e9rmino \u201cJentil\u201d en lengua vasca proviene del lat\u00edn \u201cgentilis\u201d, identificado como un concepto de paganismo por los cristianos. En muchas zonas del Pa\u00eds Vasco los nombres dados a los monumentos prehist\u00f3ricos tienen relaci\u00f3n con los Jentil (lo que implica que ellos, con su excepcional fuerza f\u00edsica, fueron sus constructores).<\/p>\n\n<p>As\u00ed, Jentilbaratza (jard\u00edn de jentil para los cromlechs; Jentilarri o Jentiletxe (piedra de jentil o casa de jentil) con los d\u00f3lmenes.<\/p>\n\n<p>Lo mismo ocurre con ciertas cuevas, Jentilzulo, Jentilkoba (el agujero de Jentil, la cueva de Jentil) y los accidentes rocosos naturales Jentil-Zubi, Jentil-Leio (puente de Jentil, ventana de Jentil).<\/p>\n\n<p>En determinados lugares, la construcci\u00f3n de iglesias y capillas est\u00e1 ligada a la desaparici\u00f3n de seres antiguos, entre ellos los Jentils, divinidades y esp\u00edritus.<br \/>A pesar de todo, esta nueva \u201creligi\u00f3n\u201d no condujo a la destrucci\u00f3n de viejas creencias. Muchos de ellos continuaron vivos y otros fueron readaptados a las interpretaciones cristianas, transmitidas de generaci\u00f3n en generaci\u00f3n.<\/p>\n\t\t\t\t\t\t\t\t<\/div>\n\t\t\t\t<\/div>\n\t\t\t\t\t<\/div>\n\t\t<\/div>\n\t\t\t\t\t<\/div>\n\t\t<\/section>\n\t\t\t\t<\/div>","protected":false},"excerpt":{"rendered":"<p>Wiki Mitolog\u00eda Vasca La mitolog\u00eda vasca es producto de toda una evoluci\u00f3n que parte de las creencias y ritos\u2026 <\/p>","protected":false},"author":1,"featured_media":0,"parent":1004,"menu_order":0,"comment_status":"closed","ping_status":"closed","template":"","meta":{"footnotes":""},"class_list":["post-1016","page","type-page","status-publish","hentry"],"amp_enabled":true,"_links":{"self":[{"href":"https:\/\/mythslegendes.com\/es\/wp-json\/wp\/v2\/pages\/1016","targetHints":{"allow":["GET"]}}],"collection":[{"href":"https:\/\/mythslegendes.com\/es\/wp-json\/wp\/v2\/pages"}],"about":[{"href":"https:\/\/mythslegendes.com\/es\/wp-json\/wp\/v2\/types\/page"}],"author":[{"embeddable":true,"href":"https:\/\/mythslegendes.com\/es\/wp-json\/wp\/v2\/users\/1"}],"replies":[{"embeddable":true,"href":"https:\/\/mythslegendes.com\/es\/wp-json\/wp\/v2\/comments?post=1016"}],"version-history":[{"count":1,"href":"https:\/\/mythslegendes.com\/es\/wp-json\/wp\/v2\/pages\/1016\/revisions"}],"predecessor-version":[{"id":24635,"href":"https:\/\/mythslegendes.com\/es\/wp-json\/wp\/v2\/pages\/1016\/revisions\/24635"}],"up":[{"embeddable":true,"href":"https:\/\/mythslegendes.com\/es\/wp-json\/wp\/v2\/pages\/1004"}],"wp:attachment":[{"href":"https:\/\/mythslegendes.com\/es\/wp-json\/wp\/v2\/media?parent=1016"}],"curies":[{"name":"wp","href":"https:\/\/api.w.org\/{rel}","templated":true}]}}