{"id":1019,"date":"2020-06-16T14:45:34","date_gmt":"2020-06-16T13:45:34","guid":{"rendered":"https:\/\/mythslegendes.com\/?page_id=1019"},"modified":"2022-12-03T22:07:00","modified_gmt":"2022-12-03T22:07:00","slug":"culte-des-pierres-et-du-soleil","status":"publish","type":"page","link":"https:\/\/mythslegendes.com\/es\/mitologia-vasca\/culte-des-pierres-et-du-soleil\/","title":{"rendered":"Adoraci\u00f3n de piedras y sol"},"content":{"rendered":"<div data-elementor-type=\"wp-page\" data-elementor-id=\"1019\" class=\"elementor elementor-1019\">\n\t\t\t\t\t\t<section class=\"elementor-section elementor-top-section elementor-element elementor-element-cf88c25 elementor-section-boxed elementor-section-height-default elementor-section-height-default\" data-id=\"cf88c25\" data-element_type=\"section\" data-e-type=\"section\">\n\t\t\t\t\t\t<div class=\"elementor-container elementor-column-gap-default\">\n\t\t\t\t\t<div class=\"elementor-column elementor-col-50 elementor-top-column elementor-element elementor-element-3ae4501\" data-id=\"3ae4501\" data-element_type=\"column\" data-e-type=\"column\">\n\t\t\t<div class=\"elementor-widget-wrap elementor-element-populated\">\n\t\t\t\t\t\t<div class=\"elementor-element elementor-element-d4d3b6c elementor-align-justify elementor-widget elementor-widget-button\" data-id=\"d4d3b6c\" data-element_type=\"widget\" data-e-type=\"widget\" data-widget_type=\"button.default\">\n\t\t\t\t<div class=\"elementor-widget-container\">\n\t\t\t\t\t\t\t\t\t<div class=\"elementor-button-wrapper\">\n\t\t\t\t\t<a class=\"elementor-button elementor-button-link elementor-size-sm\" href=\"https:\/\/mythslegendes.com\/es\/mitologia-vasca\/\">\n\t\t\t\t\t\t<span class=\"elementor-button-content-wrapper\">\n\t\t\t\t\t\t\t\t\t<span class=\"elementor-button-text\">Mitolog\u00eda vasca<\/span>\n\t\t\t\t\t<\/span>\n\t\t\t\t\t<\/a>\n\t\t\t\t<\/div>\n\t\t\t\t\t\t\t\t<\/div>\n\t\t\t\t<\/div>\n\t\t\t\t\t<\/div>\n\t\t<\/div>\n\t\t\t\t<div class=\"elementor-column elementor-col-50 elementor-top-column elementor-element elementor-element-b7fb762\" data-id=\"b7fb762\" data-element_type=\"column\" data-e-type=\"column\">\n\t\t\t<div class=\"elementor-widget-wrap elementor-element-populated\">\n\t\t\t\t\t\t<div class=\"elementor-element elementor-element-cf3cc86 elementor-align-justify elementor-widget elementor-widget-button\" data-id=\"cf3cc86\" data-element_type=\"widget\" data-e-type=\"widget\" data-widget_type=\"button.default\">\n\t\t\t\t<div class=\"elementor-widget-container\">\n\t\t\t\t\t\t\t\t\t<div class=\"elementor-button-wrapper\">\n\t\t\t\t\t<a class=\"elementor-button elementor-button-link elementor-size-sm\" href=\"https:\/\/fr.wikipedia.org\/wiki\/Mythologie_basque\" target=\"_blank\" rel=\"noopener\">\n\t\t\t\t\t\t<span class=\"elementor-button-content-wrapper\">\n\t\t\t\t\t\t\t\t\t<span class=\"elementor-button-text\">Wiki<\/span>\n\t\t\t\t\t<\/span>\n\t\t\t\t\t<\/a>\n\t\t\t\t<\/div>\n\t\t\t\t\t\t\t\t<\/div>\n\t\t\t\t<\/div>\n\t\t\t\t\t<\/div>\n\t\t<\/div>\n\t\t\t\t\t<\/div>\n\t\t<\/section>\n\t\t\t\t<section class=\"elementor-section elementor-top-section elementor-element elementor-element-679e7991 elementor-section-boxed elementor-section-height-default elementor-section-height-default\" data-id=\"679e7991\" data-element_type=\"section\" data-e-type=\"section\">\n\t\t\t\t\t\t<div class=\"elementor-container elementor-column-gap-default\">\n\t\t\t\t\t<div class=\"elementor-column elementor-col-100 elementor-top-column elementor-element elementor-element-fc0fe8a\" data-id=\"fc0fe8a\" data-element_type=\"column\" data-e-type=\"column\">\n\t\t\t<div class=\"elementor-widget-wrap elementor-element-populated\">\n\t\t\t\t\t\t<div class=\"elementor-element elementor-element-2b344ba0 elementor-widget elementor-widget-text-editor\" data-id=\"2b344ba0\" data-element_type=\"widget\" data-e-type=\"widget\" data-widget_type=\"text-editor.default\">\n\t\t\t\t<div class=\"elementor-widget-container\">\n\t\t\t\t\t\t\t\t\t\n<p>Dans le pays <a href=\"https:\/\/mythslegendes.com\/es\/mitologia-vasca\/\">vasco<\/a>, il y a un culte des pierres et du soleil. Dans la vall\u00e9e de Baztan (Navarre) il y a une pierre qui porte le nom de ARRIKULUNKA, et, comme l&rsquo;indique son nom, bouge en se balan\u00e7ant. On dit que d&rsquo;autres pierres, g\u00e9n\u00e9ralement grandes, portait des inscriptions. Celle qui se situe \u00e0 Zegama (Gipuzkoa), Bergara (Gipuzkoa), Kortezubi (Bizkaye), Arano (Navarre), Sare (Labourd)\u2026<\/p>\n<p><img decoding=\"async\" class=\"alignnone wp-image-5284 size-full\" src=\"https:\/\/mythslegendes.com\/wp-content\/uploads\/2020\/09\/AlphaOmega-e1602613368367.png\" alt=\"culte des pierres et du soleil\" width=\"25\" height=\"26\" title=\"\"><\/p>\n<div id=\"ez-toc-container\" class=\"ez-toc-v2_0_82_2 counter-hierarchy ez-toc-counter ez-toc-grey ez-toc-container-direction\">\n<div class=\"ez-toc-title-container\">\n<p class=\"ez-toc-title\" style=\"cursor:inherit\">Contenido<\/p>\n<span class=\"ez-toc-title-toggle\"><a href=\"#\" class=\"ez-toc-pull-right ez-toc-btn ez-toc-btn-xs ez-toc-btn-default ez-toc-toggle\" aria-label=\"Alternar tabla de contenidos\"><span class=\"ez-toc-js-icon-con\"><span class=\"\"><span class=\"eztoc-hide\" style=\"display:none;\">Palanca<\/span><span class=\"ez-toc-icon-toggle-span\"><svg style=\"fill: #999;color:#999\" xmlns=\"http:\/\/www.w3.org\/2000\/svg\" class=\"list-377408\" width=\"20px\" height=\"20px\" viewbox=\"0 0 24 24\" fill=\"none\"><path d=\"M6 6H4v2h2V6zm14 0H8v2h12V6zM4 11h2v2H4v-2zm16 0H8v2h12v-2zM4 16h2v2H4v-2zm16 0H8v2h12v-2z\" fill=\"currentColor\"><\/path><\/svg><svg style=\"fill: #999;color:#999\" class=\"arrow-unsorted-368013\" xmlns=\"http:\/\/www.w3.org\/2000\/svg\" width=\"10px\" height=\"10px\" viewbox=\"0 0 24 24\" version=\"1.2\" baseprofile=\"tiny\"><path d=\"M18.2 9.3l-6.2-6.3-6.2 6.3c-.2.2-.3.4-.3.7s.1.5.3.7c.2.2.4.3.7.3h11c.3 0 .5-.1.7-.3.2-.2.3-.5.3-.7s-.1-.5-.3-.7zM5.8 14.7l6.2 6.3 6.2-6.3c.2-.2.3-.5.3-.7s-.1-.5-.3-.7c-.2-.2-.4-.3-.7-.3h-11c-.3 0-.5.1-.7.3-.2.2-.3.5-.3.7s.1.5.3.7z\"\/><\/svg><\/span><\/span><\/span><\/a><\/span><\/div>\n<nav><ul class='ez-toc-list ez-toc-list-level-1' ><li class='ez-toc-page-1 ez-toc-heading-level-2'><a class=\"ez-toc-link ez-toc-heading-1\" href=\"https:\/\/mythslegendes.com\/es\/mitologia-vasca\/culte-des-pierres-et-du-soleil\/#Culte-des-pierres-et-du-soleil\" >Adoraci\u00f3n de piedras y sol<\/a><\/li><\/ul><\/nav><\/div>\n<h2><span class=\"ez-toc-section\" id=\"Culte-des-pierres-et-du-soleil\"><\/span>Adoraci\u00f3n de piedras y sol<span class=\"ez-toc-section-end\"><\/span><\/h2>\n<p>Voici ce qui se dit pour cette derni\u00e8re :<\/p>\n\n<p>\u00ab\u00a0Au sommet de La Rhune il avait une pierre s\u00e9pulcrale. Elle se trouvait pr\u00e8s du mur de la chapelle. Au-dessus \u00e9tait \u00e9crit : \u00ab\u00a0Celui qui me retourne, ne se repentira pas\u00a0\u00bb. Le jour suivant Pentec\u00f4te, des jeunes gens arrivent \u00e0 la retourner et lisent une autre inscription :\u00a0\u00bbAvant j&rsquo;\u00e9tais bien et maintenant mieux\u00a0\u00bb.<\/p>\n\n<p>Dans celle de Bergara, l&rsquo;inscription disait :\u00a0\u00bbretourne moi\u00a0\u00bb et une fois fait on a pu lire :\u00a0\u00bbMaintenant je suis bien\u00a0\u00bb.<\/p>\n\n<p>Celle de Zegama avait les inscriptions :\u00a0\u00bbretourne moi\u00a0\u00bb et \u00ab\u00a0Je suis bien\u00a0\u00bb.<\/p>\n\n<p>Le soleil est fondamental pour la vie. Pour cette raison, dans beaucoup de cultures il a \u00e9t\u00e9 d\u00e9ifi\u00e9 car on se sentait assujetti \u00e0 lui. Son absence (la nuit) est le temps des \u00eatres effrayants, le jour, au contraire, celui des vivants.<\/p>\n\n<p>Balin badut iguzkia, ezkoargiaz ez dut antsia.<br \/>Si j&rsquo;ai le soleil, je n&rsquo;ai pas besoin de bougie.<\/p>\n\n<p>Quelques coutumes qui perdurent encore aujourd&rsquo;hui font penser que m\u00eame au Pays Basque il a \u00e9t\u00e9 D\u00e9ifi\u00e9. Le soleil a plusieurs noms : IGUZKI (Irun en Gipuzkoa), IDUZKI (Aezkoa en Navarre), EGUZKU (Erronkari en Navarre), EKI\/EKHI (en Soule) et un plus significatif, JAINKOAREN BEGIA \u00ab\u00a0\u0153il de Dieu\u00a0\u00bb (Ataun en Gipuzkoa).<\/p>\n\n<p><br \/>A Luzaide (Navarre), aujourd&rsquo;hui encore, les femmes offrent des galettes de farine de ma\u00efs le matin.<\/p>\n\n<p><br \/>La v\u00e9n\u00e9ration qu&rsquo;a eu le soleil s&rsquo;est manifest\u00e9e en beaucoup de choses depuis tr\u00e8s longtemps. Les dolmens pr\u00e9-historiques sont orient\u00e9 vers l&rsquo;Est, (c&rsquo;est \u00e0 dire vers le lever du soleil). Il en est de m\u00eame pour les maisons, les tombes et les restes qu&rsquo;elles contiennent. Dans le cas de la maison, le climat a \u00e9galement une incidence car c&rsquo;est du Nord et du couchant que peuvent venir le froid et les temp\u00eates.<\/p>\n\n<p>Les hommages faits \u00e0 la lune, comme au soleil, sont de caract\u00e8re f\u00e9minin comme on peut le voir dans celle de Zerain (Gipuzkoa) :<br \/>\u00ab\u00a0Lune, Madame Sainte m\u00e8re, que Dieu nous b\u00e9nisse ; Que mon bon \u0153il ne donne pas de mal ; dis-le ainsi \u00e0 tout ce que tu vois\u00a0\u00bb.<\/p>\n\n<p>Une croyance tr\u00e8s r\u00e9pandue est que la lune (ILARGIA) \u00e9tait la lumi\u00e8re des d\u00e9funts &#8211; HIL ARGIA &#8211; (lumi\u00e8re des morts). Elle a d&rsquo;autres acceptions : IDARGI, IRETARGI, IRATARGI (en Bizkaye), ILAZKI (en Navarre), ARGIZAGI (en Soule), GOIKOA (en Navarre).<\/p>\n\n<p>Un jour de la semaine, le vendredi, \u00e9tait d\u00e9di\u00e9 \u00e0 la lune. C&rsquo;\u00e9tait le jour o\u00f9 l&rsquo;on croyait que les sorci\u00e8res se r\u00e9unissaient. Pour cette raison, on ne devait pas faire certaines choses le vendredi : se marier, mener le troupeau \u00e0 la montagne, r\u00e9colter le miel des abeilles etc. Pour d&rsquo;autres raisons on tenait compte de la situation lunaire : montante, descendante, nouvelle, pleine etc. Selon le cas, on coupait du bois, on tuait le cochon, on se coupait les cheveux etc. En cas d&rsquo;ignorance, le r\u00e9sultat pouvait \u00eatre mauvais.<\/p>\n\n<p>Les Aezkans, par exemple, disaient : \u00ab\u00a0Le bois fait pendant la lune montante a une meilleure flamme et est plus l\u00e9ger que celui fait lors de la lune descendante\u00a0\u00bb.<\/p>\n\n<p>Les phases lunaires s&#8217;employaient, de surcro\u00eet, pour mesurer le temps. Le mot \u00ab\u00a0Hil\u00a0\u00bb (mort) est utilis\u00e9 pour d\u00e9signer le mois.<br \/>Au XII\u00e8 si\u00e8cle, le voyageur Aymeric Picaud a \u00e9crit que les <a href=\"https:\/\/mythslegendes.com\/es\/mitologia-vasca\/\">vascos<\/a> nommaient Dieu URCI.<\/p>\n\n<p><br \/>Aujourd&rsquo;hui ce mot n&rsquo;est plus utilis\u00e9 dans ce sens mais on peut trouver quelques indices qui montrent que URTZI\/ORTZI a \u00e9t\u00e9 un Dieu : OSTRIA, ORTZADAR, OSTADAR, ORZAIZKI, OZKORRI, OSKORRI, OSKARBI, OSPEL\u2026 Dans ces mots en relation avec le ciel, on voit toujours<\/p>\n\n<p>la racine or\/ost. De fait, utiliser le m\u00eame mot pour d\u00e9signer Dieu et le ciel indique qu&rsquo;ils avaient d\u00e9ifi\u00e9 ce dernier.<\/p>\n\n<p><br \/>Ils ont consacr\u00e9 un jour de la semaine : ORTZEGUNA\/OSTEGUNA, (jour de ORTZI), m\u00eame chose pour la lune. Il semblerait \u00e9galement que ce soit Ortzi qui a cr\u00e9\u00e9 le tonnerre et les \u00e9clairs, comme ces mots peuvent le d\u00e9montrer : ortziri, ortots, ostroi, ostots, ortzantz,\u2026<\/p>\n\n<p><br \/>On prenait des pr\u00e9cautions pour se prot\u00e9ger des temp\u00eates et des \u00e9clairs, g\u00e9n\u00e9ralement en allumant des chandelles b\u00e9nites.<\/p>\n\n<p><br \/>On peut trouver de nombreuses images du soleil et de la lune \u00e0 travers tout le Pays Basque, surtout dans les cimeti\u00e8res. On peut \u00e9galement en rencontrer sur les linteaux et assises des \u00e9glises.<\/p>\n\n<p>On a recueilli beaucoup de petites pri\u00e8res, Otoitz txikiak, (petites pri\u00e8res) faisant allusion au soleil. On voit en elles diff\u00e9rents noms et quelques-uns lui conf\u00e9rant un caract\u00e8re masculin alors que normalement il est consid\u00e9r\u00e9 comme f\u00e9minin. Ces petites pri\u00e8res \u00e9taient dites en soir\u00e9e, quand il se couchait.<\/p>\n\n<p>O Iruzki Saindia,eman zahuzu biziko eta hileko argia! (Luzaide, Navarre)<br \/>Oh ! saint soleil, donne-nous la lumi\u00e8re pour vivre et mourir.<\/p>\n\n<p>Bihar artio Joanes! Zauri Bihar muga onez! (Luzaide, Navarre)<br \/>Au revoir Joanes (Jean) sort demain \u00e0 la bonne heure.<\/p>\n\n<p>Adio Iguzki saintua, bihar arte; bihar xauri, egun bezala. Orain eta beti; halabiz. (Banka, Basse-Navarre)<br \/>Au revoir, saint soleil, \u00e0 demain ; sort demain, comme aujourd&rsquo;hui. Aujourd&rsquo;hui et toujours ; qu&rsquo;il en soit ainsi !<\/p>\n\n<p>Eguzkia joan da bere amagana, biar etorriko da denpora ona bada. (Dima, Bizkaye)<br \/>Le soleil est parti vers sa m\u00e8re, demain il viendra s&rsquo;il fait beau temps.<\/p>\n\n<p>Adios, amandre, biarartio. (Baztan, Navarre)<br \/>Au revoir, seigneure m\u00e8re, \u00e0 demain.<\/p>\n\t\t\t\t\t\t\t\t<\/div>\n\t\t\t\t<\/div>\n\t\t\t\t\t<\/div>\n\t\t<\/div>\n\t\t\t\t\t<\/div>\n\t\t<\/section>\n\t\t\t\t<\/div>","protected":false},"excerpt":{"rendered":"<p>Wiki Mitolog\u00eda Vasca En el Pa\u00eds Vasco existe un culto a las piedras y al sol. En el valle \u2026 <\/p>","protected":false},"author":1,"featured_media":0,"parent":1004,"menu_order":0,"comment_status":"closed","ping_status":"closed","template":"","meta":{"footnotes":""},"class_list":["post-1019","page","type-page","status-publish","hentry"],"amp_enabled":true,"_links":{"self":[{"href":"https:\/\/mythslegendes.com\/es\/wp-json\/wp\/v2\/pages\/1019","targetHints":{"allow":["GET"]}}],"collection":[{"href":"https:\/\/mythslegendes.com\/es\/wp-json\/wp\/v2\/pages"}],"about":[{"href":"https:\/\/mythslegendes.com\/es\/wp-json\/wp\/v2\/types\/page"}],"author":[{"embeddable":true,"href":"https:\/\/mythslegendes.com\/es\/wp-json\/wp\/v2\/users\/1"}],"replies":[{"embeddable":true,"href":"https:\/\/mythslegendes.com\/es\/wp-json\/wp\/v2\/comments?post=1019"}],"version-history":[{"count":1,"href":"https:\/\/mythslegendes.com\/es\/wp-json\/wp\/v2\/pages\/1019\/revisions"}],"predecessor-version":[{"id":24636,"href":"https:\/\/mythslegendes.com\/es\/wp-json\/wp\/v2\/pages\/1019\/revisions\/24636"}],"up":[{"embeddable":true,"href":"https:\/\/mythslegendes.com\/es\/wp-json\/wp\/v2\/pages\/1004"}],"wp:attachment":[{"href":"https:\/\/mythslegendes.com\/es\/wp-json\/wp\/v2\/media?parent=1019"}],"curies":[{"name":"wp","href":"https:\/\/api.w.org\/{rel}","templated":true}]}}