{"id":1023,"date":"2020-06-16T14:46:40","date_gmt":"2020-06-16T13:46:40","guid":{"rendered":"https:\/\/mythslegendes.com\/?page_id=1023"},"modified":"2022-12-03T22:07:00","modified_gmt":"2022-12-03T22:07:00","slug":"culte-des-ancetres-basque","status":"publish","type":"page","link":"https:\/\/mythslegendes.com\/es\/mitologia-vasca\/culto-a-los-antepasados-vascos\/","title":{"rendered":"Culto a los antepasados vascos"},"content":{"rendered":"<div data-elementor-type=\"wp-page\" data-elementor-id=\"1023\" class=\"elementor elementor-1023\">\n\t\t\t\t\t\t<section class=\"elementor-section elementor-top-section elementor-element elementor-element-1f195f8 elementor-section-boxed elementor-section-height-default elementor-section-height-default\" data-id=\"1f195f8\" data-element_type=\"section\" data-e-type=\"section\">\n\t\t\t\t\t\t<div class=\"elementor-container elementor-column-gap-default\">\n\t\t\t\t\t<div class=\"elementor-column elementor-col-50 elementor-top-column elementor-element elementor-element-76b72d1\" data-id=\"76b72d1\" data-element_type=\"column\" data-e-type=\"column\">\n\t\t\t<div class=\"elementor-widget-wrap elementor-element-populated\">\n\t\t\t\t\t\t<div class=\"elementor-element elementor-element-754d784 elementor-align-justify elementor-widget elementor-widget-button\" data-id=\"754d784\" data-element_type=\"widget\" data-e-type=\"widget\" data-widget_type=\"button.default\">\n\t\t\t\t<div class=\"elementor-widget-container\">\n\t\t\t\t\t\t\t\t\t<div class=\"elementor-button-wrapper\">\n\t\t\t\t\t<a class=\"elementor-button elementor-button-link elementor-size-sm\" href=\"https:\/\/mythslegendes.com\/es\/mitologia-vasca\/\">\n\t\t\t\t\t\t<span class=\"elementor-button-content-wrapper\">\n\t\t\t\t\t\t\t\t\t<span class=\"elementor-button-text\">Mitolog\u00eda vasca<\/span>\n\t\t\t\t\t<\/span>\n\t\t\t\t\t<\/a>\n\t\t\t\t<\/div>\n\t\t\t\t\t\t\t\t<\/div>\n\t\t\t\t<\/div>\n\t\t\t\t\t<\/div>\n\t\t<\/div>\n\t\t\t\t<div class=\"elementor-column elementor-col-50 elementor-top-column elementor-element elementor-element-4b265d3\" data-id=\"4b265d3\" data-element_type=\"column\" data-e-type=\"column\">\n\t\t\t<div class=\"elementor-widget-wrap elementor-element-populated\">\n\t\t\t\t\t\t<div class=\"elementor-element elementor-element-7d0a0c0 elementor-align-justify elementor-widget elementor-widget-button\" data-id=\"7d0a0c0\" data-element_type=\"widget\" data-e-type=\"widget\" data-widget_type=\"button.default\">\n\t\t\t\t<div class=\"elementor-widget-container\">\n\t\t\t\t\t\t\t\t\t<div class=\"elementor-button-wrapper\">\n\t\t\t\t\t<a class=\"elementor-button elementor-button-link elementor-size-sm\" href=\"https:\/\/fr.wikipedia.org\/wiki\/Mythologie_basque\" target=\"_blank\" rel=\"noopener\">\n\t\t\t\t\t\t<span class=\"elementor-button-content-wrapper\">\n\t\t\t\t\t\t\t\t\t<span class=\"elementor-button-text\">Wiki<\/span>\n\t\t\t\t\t<\/span>\n\t\t\t\t\t<\/a>\n\t\t\t\t<\/div>\n\t\t\t\t\t\t\t\t<\/div>\n\t\t\t\t<\/div>\n\t\t\t\t\t<\/div>\n\t\t<\/div>\n\t\t\t\t\t<\/div>\n\t\t<\/section>\n\t\t\t\t<section class=\"elementor-section elementor-top-section elementor-element elementor-element-412c6cdd elementor-section-boxed elementor-section-height-default elementor-section-height-default\" data-id=\"412c6cdd\" data-element_type=\"section\" data-e-type=\"section\">\n\t\t\t\t\t\t<div class=\"elementor-container elementor-column-gap-default\">\n\t\t\t\t\t<div class=\"elementor-column elementor-col-100 elementor-top-column elementor-element elementor-element-106aeca4\" data-id=\"106aeca4\" data-element_type=\"column\" data-e-type=\"column\">\n\t\t\t<div class=\"elementor-widget-wrap elementor-element-populated\">\n\t\t\t\t\t\t<div class=\"elementor-element elementor-element-4cce4a28 elementor-widget elementor-widget-text-editor\" data-id=\"4cce4a28\" data-element_type=\"widget\" data-e-type=\"widget\" data-widget_type=\"text-editor.default\">\n\t\t\t\t<div class=\"elementor-widget-container\">\n\t\t\t\t\t\t\t\t\t\n<p>A lo largo de la historia, el <a href=\"https:\/\/mythslegendes.com\/es\/mitologia-vasca\/\">vascos<\/a> estaban estrechamente ligados a la casa (etxe) lo que significaba, para ellos, algo m\u00e1s que una simple vivienda y en el caso de las fincas (baserria), una serie de posesiones. Es un espacio donde la familia realiza buena parte de las actividades diarias y est\u00e1 apegada a sus antepasados. As\u00ed pues, existe toda una serie de creencias y ritos sobre la relaci\u00f3n con los seres queridos fallecidos. Se les llama culto a los antepasados.<\/p>\n<p><img decoding=\"async\" class=\"alignnone wp-image-5284 size-full\" src=\"https:\/\/mythslegendes.com\/wp-content\/uploads\/2020\/09\/AlphaOmega-e1602613368367.png\" alt=\"Culto a los antepasados vascos\" width=\"25\" height=\"26\" title=\"\"><\/p>\n<div id=\"ez-toc-container\" class=\"ez-toc-v2_0_83 counter-hierarchy ez-toc-counter ez-toc-grey ez-toc-container-direction\">\n<div class=\"ez-toc-title-container\">\n<p class=\"ez-toc-title\" style=\"cursor:inherit\">Contenido<\/p>\n<span class=\"ez-toc-title-toggle\"><a href=\"#\" class=\"ez-toc-pull-right ez-toc-btn ez-toc-btn-xs ez-toc-btn-default ez-toc-toggle\" aria-label=\"Alternar tabla de contenidos\"><span class=\"ez-toc-js-icon-con\"><span class=\"\"><span class=\"eztoc-hide\" style=\"display:none;\">Palanca<\/span><span class=\"ez-toc-icon-toggle-span\"><svg style=\"fill: #999;color:#999\" xmlns=\"http:\/\/www.w3.org\/2000\/svg\" class=\"list-377408\" width=\"20px\" height=\"20px\" viewbox=\"0 0 24 24\" fill=\"none\"><path d=\"M6 6H4v2h2V6zm14 0H8v2h12V6zM4 11h2v2H4v-2zm16 0H8v2h12v-2zM4 16h2v2H4v-2zm16 0H8v2h12v-2z\" fill=\"currentColor\"><\/path><\/svg><svg style=\"fill: #999;color:#999\" class=\"arrow-unsorted-368013\" xmlns=\"http:\/\/www.w3.org\/2000\/svg\" width=\"10px\" height=\"10px\" viewbox=\"0 0 24 24\" version=\"1.2\" baseprofile=\"tiny\"><path d=\"M18.2 9.3l-6.2-6.3-6.2 6.3c-.2.2-.3.4-.3.7s.1.5.3.7c.2.2.4.3.7.3h11c.3 0 .5-.1.7-.3.2-.2.3-.5.3-.7s-.1-.5-.3-.7zM5.8 14.7l6.2 6.3 6.2-6.3c.2-.2.3-.5.3-.7s-.1-.5-.3-.7c-.2-.2-.4-.3-.7-.3h-11c-.3 0-.5.1-.7.3-.2.2-.3.5-.3.7s.1.5.3.7z\"\/><\/svg><\/span><\/span><\/span><\/a><\/span><\/div>\n<nav><ul class='ez-toc-list ez-toc-list-level-1' ><li class='ez-toc-page-1 ez-toc-heading-level-2'><a class=\"ez-toc-link ez-toc-heading-1\" href=\"https:\/\/mythslegendes.com\/es\/mitologia-vasca\/culto-a-los-antepasados-vascos\/#Culte-des-ancetres\" >Adoraci\u00f3n de los ancestros<\/a><\/li><\/ul><\/nav><\/div>\n<h2><span class=\"ez-toc-section\" id=\"Culte-des-ancetres\"><\/span>Adoraci\u00f3n de los ancestros<span class=\"ez-toc-section-end\"><\/span><\/h2>\n\n<p>Evidentemente, esta concepci\u00f3n ha cambiado radicalmente hoy. La casa era un espacio sagrado que hab\u00eda que preservar, proteger y transmitir. En este sentido, un tema esencial fue el incendio en el domicilio.<\/p>\n\n<p>En tiempos lejanos e incluso m\u00e1s recientes, la casa sirvi\u00f3 como cementerio familiar. Con la llegada del cristianismo los enterramientos cambiaron de lugar, de manera que en cada iglesia parroquial, cada casa y familia dispon\u00eda de un espacio en el terreno (IARLEKU) que era una parcela inseparable del hogar. Aqu\u00ed se recordaba a los antepasados (colocando ofrendas y cera ARGIZAIOLAS (canastas de cera) y se invocaban sus almas. En determinadas localidades, el camino entre las casas y la iglesia tambi\u00e9n ten\u00eda car\u00e1cter sagrado por haber sido el recorrido seguido durante el funeral.<\/p>\n\n<p>De este conjunto de interacciones naci\u00f3 un culto de tipo familiar-dom\u00e9stico hacia las almas de los difuntos. Cuando las personas mor\u00edan, las almas se separaban del cuerpo, tomando forma de sombras, luces o r\u00e1fagas de viento para vivir bajo tierra. Por la noche, estas almas, a trav\u00e9s de cuevas, picos u otros caminos, regresaban peri\u00f3dicamente a sus primeros hogares. Se les podr\u00eda pedir que ayuden a sus familias que a\u00fan viven. En todas estas tradiciones familiares, en la atenci\u00f3n del espacio en la iglesia y de la tumba de la casa en el cementerio, era el papel principal de la due\u00f1a de la casa (ETXEKOANDRE).<\/p>\n\t\t\t\t\t\t\t\t<\/div>\n\t\t\t\t<\/div>\n\t\t\t\t\t<\/div>\n\t\t<\/div>\n\t\t\t\t\t<\/div>\n\t\t<\/section>\n\t\t\t\t<\/div>","protected":false},"excerpt":{"rendered":"<p>Wiki Mitolog\u00eda Vasca A lo largo de la historia, los vascos han estado muy ligados a la casa (etxe) lo que significa, \u2026 <\/p>","protected":false},"author":1,"featured_media":0,"parent":1004,"menu_order":0,"comment_status":"closed","ping_status":"closed","template":"","meta":{"footnotes":""},"class_list":["post-1023","page","type-page","status-publish","hentry"],"amp_enabled":true,"_links":{"self":[{"href":"https:\/\/mythslegendes.com\/es\/wp-json\/wp\/v2\/pages\/1023","targetHints":{"allow":["GET"]}}],"collection":[{"href":"https:\/\/mythslegendes.com\/es\/wp-json\/wp\/v2\/pages"}],"about":[{"href":"https:\/\/mythslegendes.com\/es\/wp-json\/wp\/v2\/types\/page"}],"author":[{"embeddable":true,"href":"https:\/\/mythslegendes.com\/es\/wp-json\/wp\/v2\/users\/1"}],"replies":[{"embeddable":true,"href":"https:\/\/mythslegendes.com\/es\/wp-json\/wp\/v2\/comments?post=1023"}],"version-history":[{"count":1,"href":"https:\/\/mythslegendes.com\/es\/wp-json\/wp\/v2\/pages\/1023\/revisions"}],"predecessor-version":[{"id":24637,"href":"https:\/\/mythslegendes.com\/es\/wp-json\/wp\/v2\/pages\/1023\/revisions\/24637"}],"up":[{"embeddable":true,"href":"https:\/\/mythslegendes.com\/es\/wp-json\/wp\/v2\/pages\/1004"}],"wp:attachment":[{"href":"https:\/\/mythslegendes.com\/es\/wp-json\/wp\/v2\/media?parent=1023"}],"curies":[{"name":"wp","href":"https:\/\/api.w.org\/{rel}","templated":true}]}}