{"id":1026,"date":"2020-06-16T14:47:41","date_gmt":"2020-06-16T13:47:41","guid":{"rendered":"https:\/\/mythslegendes.com\/?page_id=1026"},"modified":"2022-12-03T22:07:00","modified_gmt":"2022-12-03T22:07:00","slug":"laminak-et-genies","status":"publish","type":"page","link":"https:\/\/mythslegendes.com\/es\/mitologia-vasca\/laminak-y-genios\/","title":{"rendered":"Laminak y genios"},"content":{"rendered":"<div data-elementor-type=\"wp-page\" data-elementor-id=\"1026\" class=\"elementor elementor-1026\">\n\t\t\t\t\t\t<section class=\"elementor-section elementor-top-section elementor-element elementor-element-7e320d1 elementor-section-boxed elementor-section-height-default elementor-section-height-default\" data-id=\"7e320d1\" data-element_type=\"section\" data-e-type=\"section\">\n\t\t\t\t\t\t<div class=\"elementor-container elementor-column-gap-default\">\n\t\t\t\t\t<div class=\"elementor-column elementor-col-50 elementor-top-column elementor-element elementor-element-061690e\" data-id=\"061690e\" data-element_type=\"column\" data-e-type=\"column\">\n\t\t\t<div class=\"elementor-widget-wrap elementor-element-populated\">\n\t\t\t\t\t\t<div class=\"elementor-element elementor-element-1f70170 elementor-align-justify elementor-widget elementor-widget-button\" data-id=\"1f70170\" data-element_type=\"widget\" data-e-type=\"widget\" data-widget_type=\"button.default\">\n\t\t\t\t<div class=\"elementor-widget-container\">\n\t\t\t\t\t\t\t\t\t<div class=\"elementor-button-wrapper\">\n\t\t\t\t\t<a class=\"elementor-button elementor-button-link elementor-size-sm\" href=\"https:\/\/mythslegendes.com\/es\/mitologia-vasca\/\">\n\t\t\t\t\t\t<span class=\"elementor-button-content-wrapper\">\n\t\t\t\t\t\t\t\t\t<span class=\"elementor-button-text\">Mitolog\u00eda vasca<\/span>\n\t\t\t\t\t<\/span>\n\t\t\t\t\t<\/a>\n\t\t\t\t<\/div>\n\t\t\t\t\t\t\t\t<\/div>\n\t\t\t\t<\/div>\n\t\t\t\t\t<\/div>\n\t\t<\/div>\n\t\t\t\t<div class=\"elementor-column elementor-col-50 elementor-top-column elementor-element elementor-element-0b3c7bd\" data-id=\"0b3c7bd\" data-element_type=\"column\" data-e-type=\"column\">\n\t\t\t<div class=\"elementor-widget-wrap elementor-element-populated\">\n\t\t\t\t\t\t<div class=\"elementor-element elementor-element-a177f75 elementor-align-justify elementor-widget elementor-widget-button\" data-id=\"a177f75\" data-element_type=\"widget\" data-e-type=\"widget\" data-widget_type=\"button.default\">\n\t\t\t\t<div class=\"elementor-widget-container\">\n\t\t\t\t\t\t\t\t\t<div class=\"elementor-button-wrapper\">\n\t\t\t\t\t<a class=\"elementor-button elementor-button-link elementor-size-sm\" href=\"https:\/\/fr.wikipedia.org\/wiki\/Mythologie_basque\" target=\"_blank\" rel=\"noopener\">\n\t\t\t\t\t\t<span class=\"elementor-button-content-wrapper\">\n\t\t\t\t\t\t\t\t\t<span class=\"elementor-button-text\">Wiki<\/span>\n\t\t\t\t\t<\/span>\n\t\t\t\t\t<\/a>\n\t\t\t\t<\/div>\n\t\t\t\t\t\t\t\t<\/div>\n\t\t\t\t<\/div>\n\t\t\t\t\t<\/div>\n\t\t<\/div>\n\t\t\t\t\t<\/div>\n\t\t<\/section>\n\t\t\t\t<section class=\"elementor-section elementor-top-section elementor-element elementor-element-1defe674 elementor-section-boxed elementor-section-height-default elementor-section-height-default\" data-id=\"1defe674\" data-element_type=\"section\" data-e-type=\"section\">\n\t\t\t\t\t\t<div class=\"elementor-container elementor-column-gap-default\">\n\t\t\t\t\t<div class=\"elementor-column elementor-col-100 elementor-top-column elementor-element elementor-element-5d3be45b\" data-id=\"5d3be45b\" data-element_type=\"column\" data-e-type=\"column\">\n\t\t\t<div class=\"elementor-widget-wrap elementor-element-populated\">\n\t\t\t\t\t\t<div class=\"elementor-element elementor-element-48d7c9b8 elementor-widget elementor-widget-text-editor\" data-id=\"48d7c9b8\" data-element_type=\"widget\" data-e-type=\"widget\" data-widget_type=\"text-editor.default\">\n\t\t\t\t<div class=\"elementor-widget-container\">\n\t\t\t\t\t\t\t\t\t<p><\/p>\n<p>Uno de los seres que aparece con m\u00e1s frecuencia en los relatos son las Lami\u00f1ak (Lamin, Lami\u00f1aku, Eilalamina, Latsari\u2026), mujeres con patas de gallina, cabra o cola de pez, que viven en cuevas o pozos. A menudo se les ve pein\u00e1ndose con un peine precioso (dorado) y al borde de arroyos, fuentes o entradas de cuevas. Aquellos a quienes se deje una ofrenda durante la noche ayudar\u00e1n en el trabajo diario.<\/p>\n<p><img decoding=\"async\" class=\"alignnone wp-image-5284 size-full\" src=\"https:\/\/mythslegendes.com\/wp-content\/uploads\/2020\/09\/AlphaOmega-e1602613368367.png\" alt=\"Laminak\" width=\"25\" height=\"26\" title=\"\"><\/p>\n<div id=\"ez-toc-container\" class=\"ez-toc-v2_0_82_2 counter-hierarchy ez-toc-counter ez-toc-grey ez-toc-container-direction\">\n<div class=\"ez-toc-title-container\">\n<p class=\"ez-toc-title\" style=\"cursor:inherit\">Contenido<\/p>\n<span class=\"ez-toc-title-toggle\"><a href=\"#\" class=\"ez-toc-pull-right ez-toc-btn ez-toc-btn-xs ez-toc-btn-default ez-toc-toggle\" aria-label=\"Alternar tabla de contenidos\"><span class=\"ez-toc-js-icon-con\"><span class=\"\"><span class=\"eztoc-hide\" style=\"display:none;\">Palanca<\/span><span class=\"ez-toc-icon-toggle-span\"><svg style=\"fill: #999;color:#999\" xmlns=\"http:\/\/www.w3.org\/2000\/svg\" class=\"list-377408\" width=\"20px\" height=\"20px\" viewbox=\"0 0 24 24\" fill=\"none\"><path d=\"M6 6H4v2h2V6zm14 0H8v2h12V6zM4 11h2v2H4v-2zm16 0H8v2h12v-2zM4 16h2v2H4v-2zm16 0H8v2h12v-2z\" fill=\"currentColor\"><\/path><\/svg><svg style=\"fill: #999;color:#999\" class=\"arrow-unsorted-368013\" xmlns=\"http:\/\/www.w3.org\/2000\/svg\" width=\"10px\" height=\"10px\" viewbox=\"0 0 24 24\" version=\"1.2\" baseprofile=\"tiny\"><path d=\"M18.2 9.3l-6.2-6.3-6.2 6.3c-.2.2-.3.4-.3.7s.1.5.3.7c.2.2.4.3.7.3h11c.3 0 .5-.1.7-.3.2-.2.3-.5.3-.7s-.1-.5-.3-.7zM5.8 14.7l6.2 6.3 6.2-6.3c.2-.2.3-.5.3-.7s-.1-.5-.3-.7c-.2-.2-.4-.3-.7-.3h-11c-.3 0-.5.1-.7.3-.2.2-.3.5-.3.7s.1.5.3.7z\"\/><\/svg><\/span><\/span><\/span><\/a><\/span><\/div>\n<nav><ul class='ez-toc-list ez-toc-list-level-1' ><li class='ez-toc-page-1 ez-toc-heading-level-2'><a class=\"ez-toc-link ez-toc-heading-1\" href=\"https:\/\/mythslegendes.com\/es\/mitologia-vasca\/laminak-y-genios\/#Laminak\" >Laminak<\/a><\/li><\/ul><\/nav><\/div>\n<h2><span class=\"ez-toc-section\" id=\"Laminak\"><\/span>Laminak<span class=\"ez-toc-section-end\"><\/span><\/h2>\n<p><\/p>\n<p><\/p>\n<p>Muchos son los <a href=\"https:\/\/mythslegendes.com\/es\/\">leyendas<\/a> que cuentan las historias de amor imposible entre lami\u00f1ak capturada y apuestos j\u00f3venes.<\/p>\n<p>En algunos lugares hay lami\u00f1ak macho y hembra. Se afirma que la construcci\u00f3n de ermitas cristianas en zonas rurales, deforestadas y monta\u00f1osas, as\u00ed como las oraciones p\u00fablicas han contribuido a su desaparici\u00f3n, aunque las seguimos viendo en muchos lugares, siempre con sus rostros tan atractivos.<\/p>\n<p><\/p>\n<p><\/p>\n<p>De todos modos, toponimia <a href=\"https:\/\/mythslegendes.com\/es\/mitologia-vasca\/\">vasco<\/a> abunda en denominaciones que tienen su origen en los lami\u00f1aks: Lamiaran (valle de los lami\u00f1aks), Lamuxain (pozo de los lami\u00f1aks), Laminiturri (fuente de los lami\u00f1aks), Lami\u00f1erreka (arroyo de los lami\u00f1aks) etc.<\/p>\n<p><\/p>\n<p><\/p>\n<p>Se les atribuye la realizaci\u00f3n de determinadas obras y construcciones como puentes: el de EBRAIN (Bidarrai en la Baja Navarra, ARROSA (Arrosa en la Baja Navarra), AZALAIN (Andoain en Gipuzkoa), URKULU (Gatzaga en Gipuzkoa)\u2026 d\u00f3lmenes: SORGINETXE ( Arrizala en Alaba), MAIRETXE (Mendive en la Baja Navarra), y algunas casas-iglesia y castillos.<\/p>\n<p><\/p>\n<p><\/p>\n<p>Tambi\u00e9n se dice que el puente Licq en Soule fue construido por los lami\u00f1ak (ver el <a href=\"https:\/\/mythslegendes.com\/es\/\">leyenda<\/a>).<\/p>\n<p>He aqu\u00ed otra versi\u00f3n contada por Jaureguiberri de Tardets (Soule):<\/p>\n<p><\/p>\n<p><\/p>\n<p>\u201cHace mucho tiempo, el lami\u00f1ak del monte Letxarantz\u00fc se comprometi\u00f3 a construir un puente sobre el Gave de Licq. Trabajo duro si alguna vez hubo uno. Pero, \u00bfhay algo que los Lami\u00f1aks no puedan hacer?<\/p>\n<p>La noche era muy oscura y no quer\u00edan ver ni encontrarse con los curiosos. Se pusieron a trabajar r\u00e1pida y silenciosamente para terminarlo antes del amanecer. Subieron el arco del puente no de ambos lados a la vez, como los hombres, sino de un lado y luego del segundo, como acostumbraban hacerlo.<\/p>\n<p>Hab\u00eda un panadero cerca y, como siempre, justo antes del amanecer, encendi\u00f3 el horno. Un gallo joven en el gallinero, al ver esta luz, pens\u00f3 que estaba amaneciendo y comenz\u00f3 a cantar.<\/p>\n<p>Los lami\u00f1aks, con sus piedras en los brazos, iban a acomodarla en su lugar. Cuando escucharon el canto del gallo, arrojaron la piedra al fondo del arroyo y luego huyeron gritando hacia la oscuridad.<\/p>\n<p>Desde ese d\u00eda, cuando el agua est\u00e1 baja, todos pueden ver en los cimientos, un gran agujero: Este es el lugar que deber\u00eda haber ocupado la \u00faltima piedra del lami\u00f1ak. \u00bb<\/p>\n<p><\/p>\n<p><\/p>\n<p>En los espesos bosques encontramos al BASAJAUN, BASOJAUN o ANXO, se\u00f1or de los bosques con cuerpo humano y pelo largo. Es un ser de fuerza inusual y, seg\u00fan la versi\u00f3n, puede causar miedo o dedicarse a la protecci\u00f3n de los reba\u00f1os de pastores. Tiene un pie como de hombre, y el otro, en cambio, es redondo. Es peludo de pies a cabeza. Cuando se pasea, el lobo no se atreve a acercarse a \u00e9l y los pastores pueden estar tranquilos.<\/p>\n<p>Esta descripci\u00f3n est\u00e1 muy extendida en muchas historias. A veces hablamos de su mujer, la BASANDERE. Muy cercano a este personaje, aunque diferente, el TARTALO o TORTO, un c\u00edclope de comportamiento terror\u00edfico y h\u00e1bitos can\u00edbales.<\/p>\n<p><\/p>\n<p><\/p>\n<p>Algunos de estos muchos genios son nocturnos. Es el caso de GAUEKO (castiga a todos aquellos que se atreven a desafiar o subestimar la noche), IELTXU o IRITXU (con forma de p\u00e1jaro o con rostro humano, se le reconoce por el fuego que emana de su boca), GAUARGI (genio en forma de luz) e INGUMA (de car\u00e1cter malvado y preocupado por entrar en las casas para molestar a sus ocupantes).<\/p>\n<p><\/p>\n<p><\/p>\n<p>Hay muchos otros duendes, m\u00e1s o menos traviesos y simp\u00e1ticos (IRETXO, IRATXO, INTXISU, IRELTXU, GORRI TXIKI\u2026) Asimismo, SORGI\u00d1 es un genio de la noche al servicio de MARI, cuyo nombre servir\u00e1 m\u00e1s tarde para referirse a las brujas.<\/p>\n<p><\/p>\t\t\t\t\t\t\t\t<\/div>\n\t\t\t\t<\/div>\n\t\t\t\t\t<\/div>\n\t\t<\/div>\n\t\t\t\t\t<\/div>\n\t\t<\/section>\n\t\t\t\t<\/div>","protected":false},"excerpt":{"rendered":"<p>Wiki Mitolog\u00eda Vasca Uno de los seres que aparece con m\u00e1s frecuencia en los relatos son los Lami\u00f1ak (Lamin, Lami\u00f1aku, Eilalamina, \u2026 <\/p>","protected":false},"author":1,"featured_media":0,"parent":1004,"menu_order":0,"comment_status":"closed","ping_status":"closed","template":"","meta":{"footnotes":""},"class_list":["post-1026","page","type-page","status-publish","hentry"],"amp_enabled":true,"_links":{"self":[{"href":"https:\/\/mythslegendes.com\/es\/wp-json\/wp\/v2\/pages\/1026","targetHints":{"allow":["GET"]}}],"collection":[{"href":"https:\/\/mythslegendes.com\/es\/wp-json\/wp\/v2\/pages"}],"about":[{"href":"https:\/\/mythslegendes.com\/es\/wp-json\/wp\/v2\/types\/page"}],"author":[{"embeddable":true,"href":"https:\/\/mythslegendes.com\/es\/wp-json\/wp\/v2\/users\/1"}],"replies":[{"embeddable":true,"href":"https:\/\/mythslegendes.com\/es\/wp-json\/wp\/v2\/comments?post=1026"}],"version-history":[{"count":1,"href":"https:\/\/mythslegendes.com\/es\/wp-json\/wp\/v2\/pages\/1026\/revisions"}],"predecessor-version":[{"id":24638,"href":"https:\/\/mythslegendes.com\/es\/wp-json\/wp\/v2\/pages\/1026\/revisions\/24638"}],"up":[{"embeddable":true,"href":"https:\/\/mythslegendes.com\/es\/wp-json\/wp\/v2\/pages\/1004"}],"wp:attachment":[{"href":"https:\/\/mythslegendes.com\/es\/wp-json\/wp\/v2\/media?parent=1026"}],"curies":[{"name":"wp","href":"https:\/\/api.w.org\/{rel}","templated":true}]}}