{"id":1030,"date":"2020-06-16T14:48:39","date_gmt":"2020-06-16T13:48:39","guid":{"rendered":"https:\/\/mythslegendes.com\/?page_id=1030"},"modified":"2022-12-03T22:07:00","modified_gmt":"2022-12-03T22:07:00","slug":"la-magie-basque","status":"publish","type":"page","link":"https:\/\/mythslegendes.com\/es\/mitologia-vasca\/magia-vasca\/","title":{"rendered":"Magia vasca"},"content":{"rendered":"<div data-elementor-type=\"wp-page\" data-elementor-id=\"1030\" class=\"elementor elementor-1030\">\n\t\t\t\t\t\t<section class=\"elementor-section elementor-top-section elementor-element elementor-element-4b7efab elementor-section-boxed elementor-section-height-default elementor-section-height-default\" data-id=\"4b7efab\" data-element_type=\"section\" data-e-type=\"section\">\n\t\t\t\t\t\t<div class=\"elementor-container elementor-column-gap-default\">\n\t\t\t\t\t<div class=\"elementor-column elementor-col-50 elementor-top-column elementor-element elementor-element-554ec8c\" data-id=\"554ec8c\" data-element_type=\"column\" data-e-type=\"column\">\n\t\t\t<div class=\"elementor-widget-wrap elementor-element-populated\">\n\t\t\t\t\t\t<div class=\"elementor-element elementor-element-764fcc3 elementor-align-justify elementor-widget elementor-widget-button\" data-id=\"764fcc3\" data-element_type=\"widget\" data-e-type=\"widget\" data-widget_type=\"button.default\">\n\t\t\t\t<div class=\"elementor-widget-container\">\n\t\t\t\t\t\t\t\t\t<div class=\"elementor-button-wrapper\">\n\t\t\t\t\t<a class=\"elementor-button elementor-button-link elementor-size-sm\" href=\"https:\/\/mythslegendes.com\/es\/mitologia-vasca\/\">\n\t\t\t\t\t\t<span class=\"elementor-button-content-wrapper\">\n\t\t\t\t\t\t\t\t\t<span class=\"elementor-button-text\">Mitolog\u00eda vasca<\/span>\n\t\t\t\t\t<\/span>\n\t\t\t\t\t<\/a>\n\t\t\t\t<\/div>\n\t\t\t\t\t\t\t\t<\/div>\n\t\t\t\t<\/div>\n\t\t\t\t\t<\/div>\n\t\t<\/div>\n\t\t\t\t<div class=\"elementor-column elementor-col-50 elementor-top-column elementor-element elementor-element-0a67565\" data-id=\"0a67565\" data-element_type=\"column\" data-e-type=\"column\">\n\t\t\t<div class=\"elementor-widget-wrap elementor-element-populated\">\n\t\t\t\t\t\t<div class=\"elementor-element elementor-element-ce2309f elementor-align-justify elementor-widget elementor-widget-button\" data-id=\"ce2309f\" data-element_type=\"widget\" data-e-type=\"widget\" data-widget_type=\"button.default\">\n\t\t\t\t<div class=\"elementor-widget-container\">\n\t\t\t\t\t\t\t\t\t<div class=\"elementor-button-wrapper\">\n\t\t\t\t\t<a class=\"elementor-button elementor-button-link elementor-size-sm\" href=\"https:\/\/fr.wikipedia.org\/wiki\/Mythologie_basque\" target=\"_blank\" rel=\"noopener\">\n\t\t\t\t\t\t<span class=\"elementor-button-content-wrapper\">\n\t\t\t\t\t\t\t\t\t<span class=\"elementor-button-text\">Wiki<\/span>\n\t\t\t\t\t<\/span>\n\t\t\t\t\t<\/a>\n\t\t\t\t<\/div>\n\t\t\t\t\t\t\t\t<\/div>\n\t\t\t\t<\/div>\n\t\t\t\t\t<\/div>\n\t\t<\/div>\n\t\t\t\t\t<\/div>\n\t\t<\/section>\n\t\t\t\t<section class=\"elementor-section elementor-top-section elementor-element elementor-element-62236d2e elementor-section-boxed elementor-section-height-default elementor-section-height-default\" data-id=\"62236d2e\" data-element_type=\"section\" data-e-type=\"section\">\n\t\t\t\t\t\t<div class=\"elementor-container elementor-column-gap-default\">\n\t\t\t\t\t<div class=\"elementor-column elementor-col-100 elementor-top-column elementor-element elementor-element-d877df2\" data-id=\"d877df2\" data-element_type=\"column\" data-e-type=\"column\">\n\t\t\t<div class=\"elementor-widget-wrap elementor-element-populated\">\n\t\t\t\t\t\t<div class=\"elementor-element elementor-element-3cdca930 elementor-widget elementor-widget-text-editor\" data-id=\"3cdca930\" data-element_type=\"widget\" data-e-type=\"widget\" data-widget_type=\"text-editor.default\">\n\t\t\t\t<div class=\"elementor-widget-container\">\n\t\t\t\t\t\t\t\t\t<p><\/p>\n<p>De ah\u00ed viene la magia <a href=\"https:\/\/mythslegendes.com\/es\/mitologia-vasca\/\">vasco<\/a>. En el mundo de las viejas creencias todos los seres y cosas tienen su imagen. Ambos est\u00e1n unidos por una fuerza, ADUR, y se supone que lo que se hace a la imagen le ocurrir\u00e1 al ser mismo. Esta, como muchas otras, era una creencia popular en el pa\u00eds y numerosos ejemplos as\u00ed lo atestiguan.<\/p>\n<p><img decoding=\"async\" src=\"https:\/\/mythslegendes.com\/wp-content\/uploads\/2020\/09\/AlphaOmega-e1602613368367.png\" alt=\"Magia vasca\" width=\"25\" height=\"26\" title=\"\"><\/p>\n<div id=\"ez-toc-container\" class=\"ez-toc-v2_0_82_2 counter-hierarchy ez-toc-counter ez-toc-grey ez-toc-container-direction\">\n<div class=\"ez-toc-title-container\">\n<p class=\"ez-toc-title\" style=\"cursor:inherit\">Contenido<\/p>\n<span class=\"ez-toc-title-toggle\"><a href=\"#\" class=\"ez-toc-pull-right ez-toc-btn ez-toc-btn-xs ez-toc-btn-default ez-toc-toggle\" aria-label=\"Alternar tabla de contenidos\"><span class=\"ez-toc-js-icon-con\"><span class=\"\"><span class=\"eztoc-hide\" style=\"display:none;\">Palanca<\/span><span class=\"ez-toc-icon-toggle-span\"><svg style=\"fill: #999;color:#999\" xmlns=\"http:\/\/www.w3.org\/2000\/svg\" class=\"list-377408\" width=\"20px\" height=\"20px\" viewbox=\"0 0 24 24\" fill=\"none\"><path d=\"M6 6H4v2h2V6zm14 0H8v2h12V6zM4 11h2v2H4v-2zm16 0H8v2h12v-2zM4 16h2v2H4v-2zm16 0H8v2h12v-2z\" fill=\"currentColor\"><\/path><\/svg><svg style=\"fill: #999;color:#999\" class=\"arrow-unsorted-368013\" xmlns=\"http:\/\/www.w3.org\/2000\/svg\" width=\"10px\" height=\"10px\" viewbox=\"0 0 24 24\" version=\"1.2\" baseprofile=\"tiny\"><path d=\"M18.2 9.3l-6.2-6.3-6.2 6.3c-.2.2-.3.4-.3.7s.1.5.3.7c.2.2.4.3.7.3h11c.3 0 .5-.1.7-.3.2-.2.3-.5.3-.7s-.1-.5-.3-.7zM5.8 14.7l6.2 6.3 6.2-6.3c.2-.2.3-.5.3-.7s-.1-.5-.3-.7c-.2-.2-.4-.3-.7-.3h-11c-.3 0-.5.1-.7.3-.2.2-.3.5-.3.7s.1.5.3.7z\"\/><\/svg><\/span><\/span><\/span><\/a><\/span><\/div>\n<nav><ul class='ez-toc-list ez-toc-list-level-1' ><li class='ez-toc-page-1 ez-toc-heading-level-2'><a class=\"ez-toc-link ez-toc-heading-1\" href=\"https:\/\/mythslegendes.com\/es\/mitologia-vasca\/magia-vasca\/#Magie-basque\" >Magia vasca<\/a><\/li><\/ul><\/nav><\/div>\n<h2><span class=\"ez-toc-section\" id=\"Magie-basque\"><\/span>Magia vasca<span class=\"ez-toc-section-end\"><\/span><\/h2>\n<p><\/p>\n<p>Un vecino de Ataun (Gipuzkoa) se acerc\u00f3 a un adivino de Tolosa para comprobar qui\u00e9n hab\u00eda robado la vaca. El adivino luego se ofreci\u00f3 a tomar una vela, que representa al ladr\u00f3n, y una vez que se apaga, el ladr\u00f3n debe morir.<\/p>\n<p><\/p>\n<p>En Leitza (Navarra), un hombre vendi\u00f3 a escondidas un cerdo para saldar una deuda. La esposa, creyendo que hab\u00eda sido robada, regres\u00f3 y quem\u00f3 una vela. Poco tiempo despu\u00e9s, el marido muri\u00f3 a causa de una enfermedad desconocida. El \u00e9xito se ha atribuido al llamado &quot;Adur&quot;.<\/p>\n<p><\/p>\n<p>En Sare (Labourd), una joven que ten\u00eda relaciones con un joven amenaz\u00f3 con quemar una vela si no cumpl\u00eda su promesa de matrimonio.<\/p>\n<p><\/p>\n<p>En el conocimiento popular, el rostro representado en monedas podr\u00eda ser de cualquier persona. En Gipuzkoa, por ejemplo, era habitual doblar una moneda o arrojarla hacia una capilla o incluso al fuego para herir a alguien.<\/p>\n<p><\/p>\n<p>En la medicina popular, muchos remedios son m\u00e1gicos. En Bizkaye, en caso de dislocaci\u00f3n colocamos un pa\u00f1uelo en el lugar dolorido mientras pretend\u00edamos coserlo mientras pronunci\u00e1bamos: &quot;Ligamento estirado, ligamento desgarrado, ligamento vuelve a tu sitio&quot;.<\/p>\n<p><\/p>\n<p>Para curar la enfermedad de la piel llamada &quot;enfermedad de las rosas&quot;, el paciente ten\u00eda que rodear un rosal diciendo: &quot;La rosa, con la rosa&quot; y repetir este gesto durante nueve d\u00edas. Se dijo que esta acci\u00f3n estaba curando.<\/p>\n<p><\/p>\n<p>Lo mismo ocurre con los nombres de los seres. Aseguramos que lo que se dice en el nombre resultar\u00e1 ser. As\u00ed es como las maldiciones inspiraban un gran temor. En Dohosti (Baja Navarra) se cre\u00eda que el d\u00eda ten\u00eda un momento preciso para maldecir pero se desconoce. Por ello, un aldeano, queriendo castigar a un ladr\u00f3n, se pas\u00f3 todo el d\u00eda repitiendo una maldici\u00f3n para no perderse ese preciso y desconocido momento. Se dice que gracias a esto un ladr\u00f3n se tir\u00f3 por la ventana.<\/p>\n<p><\/p>\n<p>Por otro lado est\u00e1 el mal de los ojos, (transmitido por los ojos), BEGISKO (del ojo). Era una fuerza malvada que algunas personas ten\u00edan el poder de irradiar a trav\u00e9s de su mirada. Normalmente es un poder atribuido a las brujas, algunas personas pueden tenerlo, aunque no se sabe de d\u00f3nde lo obtuvieron.<\/p>\n<p>Estos, a diferencia de las brujas, podr\u00edan usarlo en personas o animales sin querer.<\/p>\n<p>Para protegerse de este fen\u00f3meno, se utilizaron amuletos. En algunos pueblos tambi\u00e9n se colgaron de animales. Este mundo puede parecernos extra\u00f1o, pero antes estaba muy claro. En Ormaiztegi (Gipuzkoa) dicen: &quot;\u00bfNo hay da\u00f1o en la mirada? &quot;Hay muchos desde que le pusimos un nombre&quot;.<br \/>(volvemos a: todo lo que existe tiene un nombre).<\/p>\n<p>La gente tuvo mucho cuidado con estas fuerzas desconocidas, como dice este refr\u00e1n:<br \/>&quot;No debemos creer que existan, no debemos decir que no existen&quot;.<\/p>\n<p><\/p>\t\t\t\t\t\t\t\t<\/div>\n\t\t\t\t<\/div>\n\t\t\t\t\t<\/div>\n\t\t<\/div>\n\t\t\t\t\t<\/div>\n\t\t<\/section>\n\t\t\t\t<\/div>","protected":false},"excerpt":{"rendered":"<p>Wiki Mitolog\u00eda Vasca De aqu\u00ed proviene la magia vasca. En el mundo de las viejas creencias todos los seres y... <\/p>","protected":false},"author":1,"featured_media":0,"parent":1004,"menu_order":0,"comment_status":"closed","ping_status":"closed","template":"","meta":{"footnotes":""},"class_list":["post-1030","page","type-page","status-publish","hentry"],"amp_enabled":true,"_links":{"self":[{"href":"https:\/\/mythslegendes.com\/es\/wp-json\/wp\/v2\/pages\/1030","targetHints":{"allow":["GET"]}}],"collection":[{"href":"https:\/\/mythslegendes.com\/es\/wp-json\/wp\/v2\/pages"}],"about":[{"href":"https:\/\/mythslegendes.com\/es\/wp-json\/wp\/v2\/types\/page"}],"author":[{"embeddable":true,"href":"https:\/\/mythslegendes.com\/es\/wp-json\/wp\/v2\/users\/1"}],"replies":[{"embeddable":true,"href":"https:\/\/mythslegendes.com\/es\/wp-json\/wp\/v2\/comments?post=1030"}],"version-history":[{"count":1,"href":"https:\/\/mythslegendes.com\/es\/wp-json\/wp\/v2\/pages\/1030\/revisions"}],"predecessor-version":[{"id":24639,"href":"https:\/\/mythslegendes.com\/es\/wp-json\/wp\/v2\/pages\/1030\/revisions\/24639"}],"up":[{"embeddable":true,"href":"https:\/\/mythslegendes.com\/es\/wp-json\/wp\/v2\/pages\/1004"}],"wp:attachment":[{"href":"https:\/\/mythslegendes.com\/es\/wp-json\/wp\/v2\/media?parent=1030"}],"curies":[{"name":"wp","href":"https:\/\/api.w.org\/{rel}","templated":true}]}}