{"id":1033,"date":"2020-06-16T14:50:06","date_gmt":"2020-06-16T13:50:06","guid":{"rendered":"https:\/\/mythslegendes.com\/?page_id=1033"},"modified":"2022-12-03T22:07:00","modified_gmt":"2022-12-03T22:07:00","slug":"la-deesse-mari","status":"publish","type":"page","link":"https:\/\/mythslegendes.com\/es\/mitologia-vasca\/el-marido-diosa\/","title":{"rendered":"La diosa mari"},"content":{"rendered":"<div data-elementor-type=\"wp-page\" data-elementor-id=\"1033\" class=\"elementor elementor-1033\">\n\t\t\t\t\t\t<section class=\"elementor-section elementor-top-section elementor-element elementor-element-6017c21 elementor-section-boxed elementor-section-height-default elementor-section-height-default\" data-id=\"6017c21\" data-element_type=\"section\" data-e-type=\"section\">\n\t\t\t\t\t\t<div class=\"elementor-container elementor-column-gap-default\">\n\t\t\t\t\t<div class=\"elementor-column elementor-col-50 elementor-top-column elementor-element elementor-element-db4ab5f\" data-id=\"db4ab5f\" data-element_type=\"column\" data-e-type=\"column\">\n\t\t\t<div class=\"elementor-widget-wrap elementor-element-populated\">\n\t\t\t\t\t\t<div class=\"elementor-element elementor-element-ce97281 elementor-align-justify elementor-widget elementor-widget-button\" data-id=\"ce97281\" data-element_type=\"widget\" data-e-type=\"widget\" data-widget_type=\"button.default\">\n\t\t\t\t<div class=\"elementor-widget-container\">\n\t\t\t\t\t\t\t\t\t<div class=\"elementor-button-wrapper\">\n\t\t\t\t\t<a class=\"elementor-button elementor-button-link elementor-size-sm\" href=\"https:\/\/mythslegendes.com\/es\/mitologia-vasca\/\">\n\t\t\t\t\t\t<span class=\"elementor-button-content-wrapper\">\n\t\t\t\t\t\t\t\t\t<span class=\"elementor-button-text\">Mitolog\u00eda vasca<\/span>\n\t\t\t\t\t<\/span>\n\t\t\t\t\t<\/a>\n\t\t\t\t<\/div>\n\t\t\t\t\t\t\t\t<\/div>\n\t\t\t\t<\/div>\n\t\t\t\t\t<\/div>\n\t\t<\/div>\n\t\t\t\t<div class=\"elementor-column elementor-col-50 elementor-top-column elementor-element elementor-element-43f8b9b\" data-id=\"43f8b9b\" data-element_type=\"column\" data-e-type=\"column\">\n\t\t\t<div class=\"elementor-widget-wrap elementor-element-populated\">\n\t\t\t\t\t\t<div class=\"elementor-element elementor-element-f4a271f elementor-align-justify elementor-widget elementor-widget-button\" data-id=\"f4a271f\" data-element_type=\"widget\" data-e-type=\"widget\" data-widget_type=\"button.default\">\n\t\t\t\t<div class=\"elementor-widget-container\">\n\t\t\t\t\t\t\t\t\t<div class=\"elementor-button-wrapper\">\n\t\t\t\t\t<a class=\"elementor-button elementor-button-link elementor-size-sm\" href=\"https:\/\/fr.wikipedia.org\/wiki\/Mythologie_basque\" target=\"_blank\" rel=\"noopener\">\n\t\t\t\t\t\t<span class=\"elementor-button-content-wrapper\">\n\t\t\t\t\t\t\t\t\t<span class=\"elementor-button-text\">Wiki<\/span>\n\t\t\t\t\t<\/span>\n\t\t\t\t\t<\/a>\n\t\t\t\t<\/div>\n\t\t\t\t\t\t\t\t<\/div>\n\t\t\t\t<\/div>\n\t\t\t\t\t<\/div>\n\t\t<\/div>\n\t\t\t\t\t<\/div>\n\t\t<\/section>\n\t\t\t\t<section class=\"elementor-section elementor-top-section elementor-element elementor-element-6f60c4a8 elementor-section-boxed elementor-section-height-default elementor-section-height-default\" data-id=\"6f60c4a8\" data-element_type=\"section\" data-e-type=\"section\">\n\t\t\t\t\t\t<div class=\"elementor-container elementor-column-gap-default\">\n\t\t\t\t\t<div class=\"elementor-column elementor-col-100 elementor-top-column elementor-element elementor-element-40a5c406\" data-id=\"40a5c406\" data-element_type=\"column\" data-e-type=\"column\">\n\t\t\t<div class=\"elementor-widget-wrap elementor-element-populated\">\n\t\t\t\t\t\t<div class=\"elementor-element elementor-element-70fe1239 elementor-widget elementor-widget-text-editor\" data-id=\"70fe1239\" data-element_type=\"widget\" data-e-type=\"widget\" data-widget_type=\"text-editor.default\">\n\t\t\t\t<div class=\"elementor-widget-container\">\n\t\t\t\t\t\t\t\t\t\n<p>Entre los personajes mitol\u00f3gicos vinculados a la tierra (lur) y con m\u00e1s presencia en el pa\u00eds <a href=\"https:\/\/mythslegendes.com\/es\/mitologia-vasca\/\">vasco<\/a>, destaca MARI, situada por encima de los dem\u00e1s genios. Es conocido por varios nombres como <a href=\"https:\/\/mythslegendes.com\/es\/mythes-et-legendes-maya-2050\/\">MAYA<\/a>, LEZEKO-ANDRE y LOANA-GORRI. Dependiendo de la regi\u00f3n, el nombre est\u00e1 ligado a la monta\u00f1a o al lugar en el que se supone que habita. Por ejemplo, BASKO-MARI (Esposo del bosque), ARALARKO DAMEA (la Se\u00f1ora de ARALAR) o ANBOTOKO SORGI\u00d1A (la bruja de ANBOTO).<\/p>\n<p><img decoding=\"async\" class=\"alignnone wp-image-5284 size-full\" src=\"https:\/\/mythslegendes.com\/wp-content\/uploads\/2020\/09\/AlphaOmega-e1602613368367.png\" alt=\"esposo de la diosa\" width=\"25\" height=\"26\" title=\"\"><\/p>\n<div id=\"ez-toc-container\" class=\"ez-toc-v2_0_82_2 counter-hierarchy ez-toc-counter ez-toc-grey ez-toc-container-direction\">\n<div class=\"ez-toc-title-container\">\n<p class=\"ez-toc-title\" style=\"cursor:inherit\">Contenido<\/p>\n<span class=\"ez-toc-title-toggle\"><a href=\"#\" class=\"ez-toc-pull-right ez-toc-btn ez-toc-btn-xs ez-toc-btn-default ez-toc-toggle\" aria-label=\"Alternar tabla de contenidos\"><span class=\"ez-toc-js-icon-con\"><span class=\"\"><span class=\"eztoc-hide\" style=\"display:none;\">Palanca<\/span><span class=\"ez-toc-icon-toggle-span\"><svg style=\"fill: #999;color:#999\" xmlns=\"http:\/\/www.w3.org\/2000\/svg\" class=\"list-377408\" width=\"20px\" height=\"20px\" viewbox=\"0 0 24 24\" fill=\"none\"><path d=\"M6 6H4v2h2V6zm14 0H8v2h12V6zM4 11h2v2H4v-2zm16 0H8v2h12v-2zM4 16h2v2H4v-2zm16 0H8v2h12v-2z\" fill=\"currentColor\"><\/path><\/svg><svg style=\"fill: #999;color:#999\" class=\"arrow-unsorted-368013\" xmlns=\"http:\/\/www.w3.org\/2000\/svg\" width=\"10px\" height=\"10px\" viewbox=\"0 0 24 24\" version=\"1.2\" baseprofile=\"tiny\"><path d=\"M18.2 9.3l-6.2-6.3-6.2 6.3c-.2.2-.3.4-.3.7s.1.5.3.7c.2.2.4.3.7.3h11c.3 0 .5-.1.7-.3.2-.2.3-.5.3-.7s-.1-.5-.3-.7zM5.8 14.7l6.2 6.3 6.2-6.3c.2-.2.3-.5.3-.7s-.1-.5-.3-.7c-.2-.2-.4-.3-.7-.3h-11c-.3 0-.5.1-.7.3-.2.2-.3.5-.3.7s.1.5.3.7z\"\/><\/svg><\/span><\/span><\/span><\/a><\/span><\/div>\n<nav><ul class='ez-toc-list ez-toc-list-level-1' ><li class='ez-toc-page-1 ez-toc-heading-level-2'><a class=\"ez-toc-link ez-toc-heading-1\" href=\"https:\/\/mythslegendes.com\/es\/mitologia-vasca\/el-marido-diosa\/#La-deesse-Mari\" >La diosa mari<\/a><\/li><\/ul><\/nav><\/div>\n<h2><span class=\"ez-toc-section\" id=\"La-deesse-Mari\"><\/span>La diosa mari<span class=\"ez-toc-section-end\"><\/span><\/h2>\n\n<p>Vive bajo tierra, en las cuevas o cavernas de las grandes monta\u00f1as, rodeada de riquezas, desplaz\u00e1ndose ocasionalmente al exterior por los picos y otros conductos subterr\u00e1neos. Una vez afuera, se mueve por el aire, visitando sus diversas moradas en varios lugares de las monta\u00f1as. <a href=\"https:\/\/mythslegendes.com\/es\/mitologia-vasca\/\">vasco<\/a>.<\/p>\n\n<p>Al ser mujer, Mari se puede notar de varias formas: una de las m\u00e1s habituales es la de ser una mujer muy bella y muy elegante. En sus viviendas subterr\u00e1neas es com\u00fan que muestre parte de sus extremidades en forma de animal (pata de cabra o ave) o que toda su cara sea zoomorfa (novillo, yegua, etc.). Por otro lado, en exteriores, cuando viaja en el aire, se lo ve rodeado de fuego en forma de nube rojiza o r\u00e1faga de viento.<\/p>\n\n<p>Mari vive bajo tierra, conectada con la superficie a trav\u00e9s de precipicios, pozos y cuevas. Se dice que un d\u00eda un cura de Mugiro (Navarra) iba a celebrar una misa en el mismo territorio que Mari. Si Mari estuvo all\u00ed durante la misa, no par\u00f3 en el lugar durante todo el a\u00f1o. Pero Mari no siempre fue una fuente de miedo, la gente la buscaba con frecuencia para pedirle consejo y ella siempre respond\u00eda correctamente.<br \/>Una vez, en la fragua de Iraeta (Gipuzkoa), al no poder poner en marcha su fragua, el herrero se dirige a la cueva de Mari en Anboto. Despu\u00e9s de explicarle sus problemas, resolvi\u00f3 el problema dejando al herrero muy satisfecho.<\/p>\n\n<p>Se le asegura que ser\u00e1 la reina de los restos de los esp\u00edritus, siendo reincorporada con MAJU (tambi\u00e9n identificada como HERENSUGE o SUGAAR (la serpiente macho) que es su compa\u00f1era y generando tormentas cuando se encuentran. Tambi\u00e9n tienen dos hijos. Hijas que en algunos lugares tienen hijos (Mikelats y Atarrabi).<\/p>\n\n<p>Una de las principales ocupaciones de Mari es el tiempo que dedica a la propagaci\u00f3n de las tormentas contra las que es necesario hacer ofrendas (ovejas u otros animales, monedas, etc.) que permitir\u00e1n evitar estas cat\u00e1strofes. Adem\u00e1s, es posible invocarla para obtener favores e, incluso, visitarla en su vivienda, siempre respetando ciertas reglas y comportamientos. Muerte <a href=\"https:\/\/mythslegendes.com\/es\/\">leyendas<\/a>, surge que Mari es implacable con los mentirosos, los soberbios, los ladrones y con los que no practican la ayuda mutua y la solidaridad entre los humanos, castig\u00e1ndolos con diversas f\u00f3rmulas.<\/p>\n\n<p>Una de las deidades m\u00e1s famosas es la AKER (cabra) y en particular la AKERBELTZ (cabra negra). Una de sus habilidades era influir para siempre en el ganado puesto bajo su protecci\u00f3n. Adquiri\u00f3 una gran reputaci\u00f3n dentro de la brujer\u00eda, por su presidencia y su culto en el \u201cAkelarre\u201d celebrado en diversas regiones del Pa\u00eds Vasco. La m\u00e1s conocida de las ceremonias sigue siendo la de la cueva de las brujas en Zugarramurdi (Labourd) debido al igualmente famoso \u201cjuicio de brujas\u201d.<\/p>\n\n<p>El genio t\u00edpico con un car\u00e1cter subterr\u00e1neo en forma de serpiente, con una o m\u00e1s cabezas, se llama Herensuge, Sugaar o Sugoi (se pronuncia Herenshougu\u00e9, shougar, Sugo\u00ef).<\/p>\n\n<p>Se alimenta de animales y humanos, apareciendo rodeado de llamas. Como dijimos anteriormente, es el compa\u00f1ero de Mari. Hay varias versiones sobre la muerte de Herensuge. En Labourd se dice que fue asesinado por Gaston De Belzunce pero la versi\u00f3n m\u00e1s extendida es la que sit\u00faa la muerte de Herensuge en el antiguo santuario de San Miguel de Aralar. Sucumbi\u00f3 a los golpes de San Miguel, a petici\u00f3n de Teodisio de Go\u00f1i.<\/p>\n\n<p>Se dice que despu\u00e9s de este evento, una iglesia se elev\u00f3 sobre la cueva de la que emergi\u00f3 Herensuge. Todav\u00eda hay una peque\u00f1a ventana en el lado derecho del altar principal que se dice que conduce al interior de la cueva. La gente se pone de cabeza, recitando un credo, para curar los dolores de cabeza.<\/p>\n\n<p>Hay una gran cantidad de genios que vienen en formas animales como ZEZENGORRI (toro rojo) y BEIGORRY (vaca roja), dedicados a custodiar cuevas y otros entornos semi-misteriosos.<\/p>\n\t\t\t\t\t\t\t\t<\/div>\n\t\t\t\t<\/div>\n\t\t\t\t\t<\/div>\n\t\t<\/div>\n\t\t\t\t\t<\/div>\n\t\t<\/section>\n\t\t\t\t<\/div>","protected":false},"excerpt":{"rendered":"<p>Wiki Mitolog\u00eda Vasca Entre los personajes mitol\u00f3gicos vinculados a la tierra (lur) y con m\u00e1s presencia en el Pa\u00eds Vasco, \u2026 <\/p>","protected":false},"author":1,"featured_media":0,"parent":1004,"menu_order":0,"comment_status":"closed","ping_status":"closed","template":"","meta":{"footnotes":""},"class_list":["post-1033","page","type-page","status-publish","hentry"],"amp_enabled":true,"_links":{"self":[{"href":"https:\/\/mythslegendes.com\/es\/wp-json\/wp\/v2\/pages\/1033","targetHints":{"allow":["GET"]}}],"collection":[{"href":"https:\/\/mythslegendes.com\/es\/wp-json\/wp\/v2\/pages"}],"about":[{"href":"https:\/\/mythslegendes.com\/es\/wp-json\/wp\/v2\/types\/page"}],"author":[{"embeddable":true,"href":"https:\/\/mythslegendes.com\/es\/wp-json\/wp\/v2\/users\/1"}],"replies":[{"embeddable":true,"href":"https:\/\/mythslegendes.com\/es\/wp-json\/wp\/v2\/comments?post=1033"}],"version-history":[{"count":1,"href":"https:\/\/mythslegendes.com\/es\/wp-json\/wp\/v2\/pages\/1033\/revisions"}],"predecessor-version":[{"id":24640,"href":"https:\/\/mythslegendes.com\/es\/wp-json\/wp\/v2\/pages\/1033\/revisions\/24640"}],"up":[{"embeddable":true,"href":"https:\/\/mythslegendes.com\/es\/wp-json\/wp\/v2\/pages\/1004"}],"wp:attachment":[{"href":"https:\/\/mythslegendes.com\/es\/wp-json\/wp\/v2\/media?parent=1033"}],"curies":[{"name":"wp","href":"https:\/\/api.w.org\/{rel}","templated":true}]}}