{"id":1059,"date":"2020-06-23T09:35:26","date_gmt":"2020-06-23T08:35:26","guid":{"rendered":"https:\/\/mythslegendes.com\/?page_id=1059"},"modified":"2022-12-03T22:07:01","modified_gmt":"2022-12-03T22:07:01","slug":"la-chartreuse-de-pipaon","status":"publish","type":"page","link":"https:\/\/mythslegendes.com\/es\/mitologia-vasca\/la-chartreuse-de-pipaon\/","title":{"rendered":"La Cartuja de Pipa\u00f3n"},"content":{"rendered":"<div data-elementor-type=\"wp-page\" data-elementor-id=\"1059\" class=\"elementor elementor-1059\">\n\t\t\t\t\t\t<section class=\"elementor-section elementor-top-section elementor-element elementor-element-19c970b elementor-section-boxed elementor-section-height-default elementor-section-height-default\" data-id=\"19c970b\" data-element_type=\"section\" data-e-type=\"section\">\n\t\t\t\t\t\t<div class=\"elementor-container elementor-column-gap-default\">\n\t\t\t\t\t<div class=\"elementor-column elementor-col-50 elementor-top-column elementor-element elementor-element-25084b7\" data-id=\"25084b7\" data-element_type=\"column\" data-e-type=\"column\">\n\t\t\t<div class=\"elementor-widget-wrap elementor-element-populated\">\n\t\t\t\t\t\t<div class=\"elementor-element elementor-element-2bad953 elementor-align-justify elementor-widget elementor-widget-button\" data-id=\"2bad953\" data-element_type=\"widget\" data-e-type=\"widget\" data-widget_type=\"button.default\">\n\t\t\t\t<div class=\"elementor-widget-container\">\n\t\t\t\t\t\t\t\t\t<div class=\"elementor-button-wrapper\">\n\t\t\t\t\t<a class=\"elementor-button elementor-button-link elementor-size-sm\" href=\"https:\/\/mythslegendes.com\/es\/mitologia-vasca\/\">\n\t\t\t\t\t\t<span class=\"elementor-button-content-wrapper\">\n\t\t\t\t\t\t\t\t\t<span class=\"elementor-button-text\">Mitolog\u00eda vasca<\/span>\n\t\t\t\t\t<\/span>\n\t\t\t\t\t<\/a>\n\t\t\t\t<\/div>\n\t\t\t\t\t\t\t\t<\/div>\n\t\t\t\t<\/div>\n\t\t\t\t\t<\/div>\n\t\t<\/div>\n\t\t\t\t<div class=\"elementor-column elementor-col-50 elementor-top-column elementor-element elementor-element-ddc991c\" data-id=\"ddc991c\" data-element_type=\"column\" data-e-type=\"column\">\n\t\t\t<div class=\"elementor-widget-wrap elementor-element-populated\">\n\t\t\t\t\t\t<div class=\"elementor-element elementor-element-c42012c elementor-align-justify elementor-widget elementor-widget-button\" data-id=\"c42012c\" data-element_type=\"widget\" data-e-type=\"widget\" data-widget_type=\"button.default\">\n\t\t\t\t<div class=\"elementor-widget-container\">\n\t\t\t\t\t\t\t\t\t<div class=\"elementor-button-wrapper\">\n\t\t\t\t\t<a class=\"elementor-button elementor-button-link elementor-size-sm\" href=\"https:\/\/fr.wikipedia.org\/wiki\/Mythologie_basque\" target=\"_blank\" rel=\"noopener\">\n\t\t\t\t\t\t<span class=\"elementor-button-content-wrapper\">\n\t\t\t\t\t\t\t\t\t<span class=\"elementor-button-text\">Wiki<\/span>\n\t\t\t\t\t<\/span>\n\t\t\t\t\t<\/a>\n\t\t\t\t<\/div>\n\t\t\t\t\t\t\t\t<\/div>\n\t\t\t\t<\/div>\n\t\t\t\t\t<\/div>\n\t\t<\/div>\n\t\t\t\t\t<\/div>\n\t\t<\/section>\n\t\t\t\t<section class=\"elementor-section elementor-top-section elementor-element elementor-element-1ed3c3fe elementor-section-boxed elementor-section-height-default elementor-section-height-default\" data-id=\"1ed3c3fe\" data-element_type=\"section\" data-e-type=\"section\">\n\t\t\t\t\t\t<div class=\"elementor-container elementor-column-gap-default\">\n\t\t\t\t\t<div class=\"elementor-column elementor-col-100 elementor-top-column elementor-element elementor-element-30022fa5\" data-id=\"30022fa5\" data-element_type=\"column\" data-e-type=\"column\">\n\t\t\t<div class=\"elementor-widget-wrap elementor-element-populated\">\n\t\t\t\t\t\t<div class=\"elementor-element elementor-element-26bcda28 elementor-widget elementor-widget-text-editor\" data-id=\"26bcda28\" data-element_type=\"widget\" data-e-type=\"widget\" data-widget_type=\"text-editor.default\">\n\t\t\t\t<div class=\"elementor-widget-container\">\n\t\t\t\t\t\t\t\t\t\n<p>Aqu\u00ed est\u00e1 la historia de la Cartuja de Pipaon.<\/p>\n<p><img decoding=\"async\" class=\"alignnone wp-image-5284 size-full\" src=\"https:\/\/mythslegendes.com\/wp-content\/uploads\/2020\/09\/AlphaOmega-e1602613368367.png\" alt=\"Cartuja de Pipaon\" width=\"25\" height=\"26\" title=\"\"><\/p>\n<div id=\"ez-toc-container\" class=\"ez-toc-v2_0_82_2 counter-hierarchy ez-toc-counter ez-toc-grey ez-toc-container-direction\">\n<div class=\"ez-toc-title-container\">\n<p class=\"ez-toc-title\" style=\"cursor:inherit\">Contenido<\/p>\n<span class=\"ez-toc-title-toggle\"><a href=\"#\" class=\"ez-toc-pull-right ez-toc-btn ez-toc-btn-xs ez-toc-btn-default ez-toc-toggle\" aria-label=\"Alternar tabla de contenidos\"><span class=\"ez-toc-js-icon-con\"><span class=\"\"><span class=\"eztoc-hide\" style=\"display:none;\">Palanca<\/span><span class=\"ez-toc-icon-toggle-span\"><svg style=\"fill: #999;color:#999\" xmlns=\"http:\/\/www.w3.org\/2000\/svg\" class=\"list-377408\" width=\"20px\" height=\"20px\" viewbox=\"0 0 24 24\" fill=\"none\"><path d=\"M6 6H4v2h2V6zm14 0H8v2h12V6zM4 11h2v2H4v-2zm16 0H8v2h12v-2zM4 16h2v2H4v-2zm16 0H8v2h12v-2z\" fill=\"currentColor\"><\/path><\/svg><svg style=\"fill: #999;color:#999\" class=\"arrow-unsorted-368013\" xmlns=\"http:\/\/www.w3.org\/2000\/svg\" width=\"10px\" height=\"10px\" viewbox=\"0 0 24 24\" version=\"1.2\" baseprofile=\"tiny\"><path d=\"M18.2 9.3l-6.2-6.3-6.2 6.3c-.2.2-.3.4-.3.7s.1.5.3.7c.2.2.4.3.7.3h11c.3 0 .5-.1.7-.3.2-.2.3-.5.3-.7s-.1-.5-.3-.7zM5.8 14.7l6.2 6.3 6.2-6.3c.2-.2.3-.5.3-.7s-.1-.5-.3-.7c-.2-.2-.4-.3-.7-.3h-11c-.3 0-.5.1-.7.3-.2.2-.3.5-.3.7s.1.5.3.7z\"\/><\/svg><\/span><\/span><\/span><\/a><\/span><\/div>\n<nav><ul class='ez-toc-list ez-toc-list-level-1' ><li class='ez-toc-page-1 ez-toc-heading-level-2'><a class=\"ez-toc-link ez-toc-heading-1\" href=\"https:\/\/mythslegendes.com\/es\/mitologia-vasca\/la-chartreuse-de-pipaon\/#La-chartreuse-de-Pipaon\" >La Cartuja de Pipaon<\/a><\/li><\/ul><\/nav><\/div>\n<h2><span class=\"ez-toc-section\" id=\"La-chartreuse-de-Pipaon\"><\/span>La Cartuja de Pipaon<span class=\"ez-toc-section-end\"><\/span><\/h2>\n<p>A diferencia de muchas otras brujas, se dice que la de Pipa\u00f3n estaba hecha de carne y hueso, en fin, de apariencia humana, real como la vida y ten\u00eda un nombre y un nombre de pila. Aunque nadie realmente lo recuerda, simplemente se llamaba Charterhouse. En el pueblo todos sab\u00edan que esta mujer era una bruja y, adem\u00e1s de las sospechas que ten\u00edan sobre ella y sus actividades, nunca renunci\u00f3 a su condici\u00f3n.<\/p>\n\n<p>A veces incluso dec\u00eda:<br \/>- Si crees que tengo un don especial, alg\u00fan poder, me digo, es porque los tengo, \u00bfno?<\/p>\n\n<p>Como la Cartuja conoc\u00eda todos los secretos de las camas, todos los asuntos privados y los chismes del pueblo antes que nadie, sus vecinos sospechaban que pod\u00eda instalarse en un lugar de la casa sin ser vista, transformada en Dios sabe qu\u00e9 animal.<br \/>Algo sucedi\u00f3 un d\u00eda que confirm\u00f3 estas sospechas.<\/p>\n\n<p>Una noche, cuando una pareja estaba en la cocina discutiendo asuntos privados, un gato negro apareci\u00f3 acechando en la sala de estar. Al principio, la pareja no prest\u00f3 mucha atenci\u00f3n, pensando que se trataba de un gato callejero, que hab\u00eda pasado por una puerta abierta. Luego se dirigi\u00f3 a la cocina, adoptando una actitud que pareci\u00f3 sospechosa a la pareja a la que les pareci\u00f3 que el gato parec\u00eda seguir la conversaci\u00f3n con mucha atenci\u00f3n y un inter\u00e9s m\u00e1s all\u00e1 de toda l\u00f3gica, la esposa comenz\u00f3 a detectar algo anormal.<\/p>\n\n<p>As\u00ed, con toda la discreci\u00f3n del mundo, la esposa se acerc\u00f3 poco a poco al fuego hasta que atrap\u00f3 una marca roja. D\u00e1ndose la vuelta apresuradamente y con la velocidad del rayo, se lo arroj\u00f3. Inmediatamente el animal escap\u00f3 maullando de dolor. Pero las cosas no se detuvieron ah\u00ed, al d\u00eda siguiente, todos en el pueblo pudieron ver con sus propios ojos que la Cartuja se hab\u00eda quemado la boca. Ahora nadie dudaba y menos para los maridos en cuesti\u00f3n de que efectivamente fue ella la bruja transformada en gato para espiar las conversaciones de sus vecinos.<\/p>\n\n<p>Pero otro evento tuvo lugar otro d\u00eda, m\u00e1s extra\u00f1o este.<\/p>\n\n<p>Era en pleno invierno, y tras un d\u00eda en el que nevaba con regularidad, un grupo de j\u00f3venes del pueblo, un poco borrachos, se acerc\u00f3 a la casa de la Cartuja para burlarse de ella y de su hija porque el viejo ten\u00eda un hija que hizo llamar la atenci\u00f3n a m\u00e1s de uno. Los j\u00f3venes empezaron, primero a cantar frente a la puerta de la bruja, luego lanzando burlas y otras impertinencias. Pero como la puerta no se abri\u00f3, empezaron a golpearla con toda la insolencia del mundo.<\/p>\n\n<p>El j\u00fabilo feliz desapareci\u00f3 instant\u00e1neamente del grupo. Soplando salvajemente, un toro imponente sali\u00f3 con malas intenciones. Los j\u00f3venes huyeron corriendo como locos para refugiarse en un establo de un prado cercano donde pasaron toda la noche temblando de miedo y de fr\u00edo, habiendo perdido todo deseo de bromear.<\/p>\n\n<p>Cuando la borrachera se disip\u00f3, ya bien despiertos, empezaron a pensar que todo esto era solo una alucinaci\u00f3n, probablemente producida por la bebida, envalentonados, decidieron salir de su escondite. Pero no, no hab\u00edan so\u00f1ado, como todos los dem\u00e1s, pod\u00edan ver claramente sus huellas claramente visibles en la nieve durante la carrera nocturna.<\/p>\n\t\t\t\t\t\t\t\t<\/div>\n\t\t\t\t<\/div>\n\t\t\t\t\t<\/div>\n\t\t<\/div>\n\t\t\t\t\t<\/div>\n\t\t<\/section>\n\t\t\t\t<\/div>","protected":false},"excerpt":{"rendered":"<p>Wiki Mitolog\u00eda Vasca Aqu\u00ed est\u00e1 la historia de la Cartuja de Pipaon. La Cartuja de Pipaon A diferencia de muchas otras\u2026 <\/p>","protected":false},"author":1,"featured_media":0,"parent":1004,"menu_order":0,"comment_status":"closed","ping_status":"closed","template":"","meta":{"footnotes":""},"class_list":["post-1059","page","type-page","status-publish","hentry"],"amp_enabled":true,"_links":{"self":[{"href":"https:\/\/mythslegendes.com\/es\/wp-json\/wp\/v2\/pages\/1059","targetHints":{"allow":["GET"]}}],"collection":[{"href":"https:\/\/mythslegendes.com\/es\/wp-json\/wp\/v2\/pages"}],"about":[{"href":"https:\/\/mythslegendes.com\/es\/wp-json\/wp\/v2\/types\/page"}],"author":[{"embeddable":true,"href":"https:\/\/mythslegendes.com\/es\/wp-json\/wp\/v2\/users\/1"}],"replies":[{"embeddable":true,"href":"https:\/\/mythslegendes.com\/es\/wp-json\/wp\/v2\/comments?post=1059"}],"version-history":[{"count":1,"href":"https:\/\/mythslegendes.com\/es\/wp-json\/wp\/v2\/pages\/1059\/revisions"}],"predecessor-version":[{"id":24644,"href":"https:\/\/mythslegendes.com\/es\/wp-json\/wp\/v2\/pages\/1059\/revisions\/24644"}],"up":[{"embeddable":true,"href":"https:\/\/mythslegendes.com\/es\/wp-json\/wp\/v2\/pages\/1004"}],"wp:attachment":[{"href":"https:\/\/mythslegendes.com\/es\/wp-json\/wp\/v2\/media?parent=1059"}],"curies":[{"name":"wp","href":"https:\/\/api.w.org\/{rel}","templated":true}]}}