{"id":1063,"date":"2020-06-23T09:36:32","date_gmt":"2020-06-23T08:36:32","guid":{"rendered":"https:\/\/mythslegendes.com\/?page_id=1063"},"modified":"2022-12-03T22:07:01","modified_gmt":"2022-12-03T22:07:01","slug":"don-teodosio","status":"publish","type":"page","link":"https:\/\/mythslegendes.com\/es\/mitologia-vasca\/don-teodosio\/","title":{"rendered":"Don Teodosio"},"content":{"rendered":"<div data-elementor-type=\"wp-page\" data-elementor-id=\"1063\" class=\"elementor elementor-1063\">\n\t\t\t\t\t\t<section class=\"elementor-section elementor-top-section elementor-element elementor-element-d94b930 elementor-section-boxed elementor-section-height-default elementor-section-height-default\" data-id=\"d94b930\" data-element_type=\"section\" data-e-type=\"section\">\n\t\t\t\t\t\t<div class=\"elementor-container elementor-column-gap-default\">\n\t\t\t\t\t<div class=\"elementor-column elementor-col-50 elementor-top-column elementor-element elementor-element-41a4f7b\" data-id=\"41a4f7b\" data-element_type=\"column\" data-e-type=\"column\">\n\t\t\t<div class=\"elementor-widget-wrap elementor-element-populated\">\n\t\t\t\t\t\t<div class=\"elementor-element elementor-element-f8ed1d5 elementor-align-justify elementor-widget elementor-widget-button\" data-id=\"f8ed1d5\" data-element_type=\"widget\" data-e-type=\"widget\" data-widget_type=\"button.default\">\n\t\t\t\t<div class=\"elementor-widget-container\">\n\t\t\t\t\t\t\t\t\t<div class=\"elementor-button-wrapper\">\n\t\t\t\t\t<a class=\"elementor-button elementor-button-link elementor-size-sm\" href=\"https:\/\/mythslegendes.com\/es\/mitologia-vasca\/\">\n\t\t\t\t\t\t<span class=\"elementor-button-content-wrapper\">\n\t\t\t\t\t\t\t\t\t<span class=\"elementor-button-text\">Mitolog\u00eda vasca<\/span>\n\t\t\t\t\t<\/span>\n\t\t\t\t\t<\/a>\n\t\t\t\t<\/div>\n\t\t\t\t\t\t\t\t<\/div>\n\t\t\t\t<\/div>\n\t\t\t\t\t<\/div>\n\t\t<\/div>\n\t\t\t\t<div class=\"elementor-column elementor-col-50 elementor-top-column elementor-element elementor-element-66594dc\" data-id=\"66594dc\" data-element_type=\"column\" data-e-type=\"column\">\n\t\t\t<div class=\"elementor-widget-wrap elementor-element-populated\">\n\t\t\t\t\t\t<div class=\"elementor-element elementor-element-99f00de elementor-align-justify elementor-widget elementor-widget-button\" data-id=\"99f00de\" data-element_type=\"widget\" data-e-type=\"widget\" data-widget_type=\"button.default\">\n\t\t\t\t<div class=\"elementor-widget-container\">\n\t\t\t\t\t\t\t\t\t<div class=\"elementor-button-wrapper\">\n\t\t\t\t\t<a class=\"elementor-button elementor-button-link elementor-size-sm\" href=\"https:\/\/fr.wikipedia.org\/wiki\/Mythologie_basque\" target=\"_blank\" rel=\"noopener\">\n\t\t\t\t\t\t<span class=\"elementor-button-content-wrapper\">\n\t\t\t\t\t\t\t\t\t<span class=\"elementor-button-text\">Wiki<\/span>\n\t\t\t\t\t<\/span>\n\t\t\t\t\t<\/a>\n\t\t\t\t<\/div>\n\t\t\t\t\t\t\t\t<\/div>\n\t\t\t\t<\/div>\n\t\t\t\t\t<\/div>\n\t\t<\/div>\n\t\t\t\t\t<\/div>\n\t\t<\/section>\n\t\t\t\t<section class=\"elementor-section elementor-top-section elementor-element elementor-element-264ebf0d elementor-section-boxed elementor-section-height-default elementor-section-height-default\" data-id=\"264ebf0d\" data-element_type=\"section\" data-e-type=\"section\">\n\t\t\t\t\t\t<div class=\"elementor-container elementor-column-gap-default\">\n\t\t\t\t\t<div class=\"elementor-column elementor-col-100 elementor-top-column elementor-element elementor-element-3d9439bf\" data-id=\"3d9439bf\" data-element_type=\"column\" data-e-type=\"column\">\n\t\t\t<div class=\"elementor-widget-wrap elementor-element-populated\">\n\t\t\t\t\t\t<div class=\"elementor-element elementor-element-6f8eea55 elementor-widget elementor-widget-text-editor\" data-id=\"6f8eea55\" data-element_type=\"widget\" data-e-type=\"widget\" data-widget_type=\"text-editor.default\">\n\t\t\t\t<div class=\"elementor-widget-container\">\n\t\t\t\t\t\t\t\t\t\n<p>los <a href=\"https:\/\/mythslegendes.com\/es\/\">leyenda<\/a> cuenta que don Teodosio, hijo del se\u00f1or del palacio de Go\u00f1i, uno de los hombres ricos del pa\u00eds, se cas\u00f3 con do\u00f1a Constanza de Butr\u00f3n y Vianda, noble de la comarca de Go\u00f1i.<\/p>\n<p><img decoding=\"async\" class=\"alignnone wp-image-5284 size-full\" src=\"https:\/\/mythslegendes.com\/wp-content\/uploads\/2020\/09\/AlphaOmega-e1602613368367.png\" alt=\"Don Teodosio\" width=\"25\" height=\"26\" title=\"\"><\/p>\n<div id=\"ez-toc-container\" class=\"ez-toc-v2_0_82_2 counter-hierarchy ez-toc-counter ez-toc-grey ez-toc-container-direction\">\n<div class=\"ez-toc-title-container\">\n<p class=\"ez-toc-title\" style=\"cursor:inherit\">Contenido<\/p>\n<span class=\"ez-toc-title-toggle\"><a href=\"#\" class=\"ez-toc-pull-right ez-toc-btn ez-toc-btn-xs ez-toc-btn-default ez-toc-toggle\" aria-label=\"Alternar tabla de contenidos\"><span class=\"ez-toc-js-icon-con\"><span class=\"\"><span class=\"eztoc-hide\" style=\"display:none;\">Palanca<\/span><span class=\"ez-toc-icon-toggle-span\"><svg style=\"fill: #999;color:#999\" xmlns=\"http:\/\/www.w3.org\/2000\/svg\" class=\"list-377408\" width=\"20px\" height=\"20px\" viewbox=\"0 0 24 24\" fill=\"none\"><path d=\"M6 6H4v2h2V6zm14 0H8v2h12V6zM4 11h2v2H4v-2zm16 0H8v2h12v-2zM4 16h2v2H4v-2zm16 0H8v2h12v-2z\" fill=\"currentColor\"><\/path><\/svg><svg style=\"fill: #999;color:#999\" class=\"arrow-unsorted-368013\" xmlns=\"http:\/\/www.w3.org\/2000\/svg\" width=\"10px\" height=\"10px\" viewbox=\"0 0 24 24\" version=\"1.2\" baseprofile=\"tiny\"><path d=\"M18.2 9.3l-6.2-6.3-6.2 6.3c-.2.2-.3.4-.3.7s.1.5.3.7c.2.2.4.3.7.3h11c.3 0 .5-.1.7-.3.2-.2.3-.5.3-.7s-.1-.5-.3-.7zM5.8 14.7l6.2 6.3 6.2-6.3c.2-.2.3-.5.3-.7s-.1-.5-.3-.7c-.2-.2-.4-.3-.7-.3h-11c-.3 0-.5.1-.7.3-.2.2-.3.5-.3.7s.1.5.3.7z\"\/><\/svg><\/span><\/span><\/span><\/a><\/span><\/div>\n<nav><ul class='ez-toc-list ez-toc-list-level-1' ><li class='ez-toc-page-1 ez-toc-heading-level-2'><a class=\"ez-toc-link ez-toc-heading-1\" href=\"https:\/\/mythslegendes.com\/es\/mitologia-vasca\/don-teodosio\/#Don-Teodosio\" >Don Teodosio<\/a><\/li><\/ul><\/nav><\/div>\n<h2><span class=\"ez-toc-section\" id=\"Don-Teodosio\"><\/span>Don Teodosio<span class=\"ez-toc-section-end\"><\/span><\/h2>\n\n<p>En el a\u00f1o 707, bajo el reinado de Witiza, Don Teodosio parti\u00f3 hacia \u00c1frica para combatir a los moros bajo las \u00f3rdenes del conde don Juli\u00e1n, seg\u00fan algunos, y para defender Iru\u00f1a (Pamplona) asediada por los jud\u00edos en coalici\u00f3n con los moros, seg\u00fan unos, otros.<\/p>\n\n<p>Mientras tanto, Do\u00f1a Constanza hab\u00eda llevado a los padres de Don Teodosio a su lugar de nacimiento. A su regreso de la guerra, acerc\u00e1ndose a su aldea, en los alrededores de Errotavidea (camino del molino) que conduce al valle de Ollo, se le apareci\u00f3 un diablo disfrazado de ermita\u00f1o, inform\u00e1ndole que su esposa le era infiel con un sirviente, profanando su honor y el de su familia.<\/p>\n\n<p>Don Teodosio se apresur\u00f3 a regresar a la casa de su esposa y, equivocadamente, mat\u00f3 a sus propios padres que dorm\u00edan en su cama atraves\u00e1ndoles el pecho con su espada. Al salir de la casa, vio con sorpresa a su esposa salir de la iglesia y dirigirse hacia la casa, feliz con el regreso de su esposo. Vio su error.<\/p>\n\n<p>El parricida confes\u00f3 esa misma tarde su falta al p\u00e1rroco de Go\u00f1i, Juan de Vergara, y luego al obispo de Pamplona, Martial, quien le orden\u00f3 ir a Roma en romer\u00eda para obtener la absoluci\u00f3n del Papa. Este \u00faltimo, despu\u00e9s de haber escuchado la confesi\u00f3n del crimen, lo envi\u00f3 a hacer penitencia luciendo una gran cadena en su cintur\u00f3n y llevando una cruz a la espalda. Cuando se rompa la cadena, habr\u00e1 obtenido el perd\u00f3n y deber\u00e1 construir, en el mismo lugar, una iglesia dedicada al Arc\u00e1ngel San Miguel.<\/p>\n\n<p>Estando en las cercan\u00edas del monte Ayedo, cerca de Go\u00f1i, se rompi\u00f3 un enlace y all\u00ed construy\u00f3 la ermita de San Miguel de Ayedo que a\u00fan existe. Siete a\u00f1os despu\u00e9s, de una cueva en el monte Aralar, emergi\u00f3 un drag\u00f3n horrible con ojos llameantes y una boca peligrosa. Ante el peligro, Don Teodosio convoc\u00f3 a San Miguel. En ese momento, en medio de un gran trueno, apareci\u00f3 el arc\u00e1ngel con una cruz en la cabeza. Muri\u00f3 el drag\u00f3n y se cortaron las cadenas, San Miguel dej\u00f3 a Don Teodosio una peque\u00f1a imagen de madera. All\u00ed construy\u00f3 una iglesia donde se retir\u00f3 con su esposa. Aqu\u00ed se venera desde la imagen de San Miguel y las cadenas del sacrificio.<\/p>\n\t\t\t\t\t\t\t\t<\/div>\n\t\t\t\t<\/div>\n\t\t\t\t\t<\/div>\n\t\t<\/div>\n\t\t\t\t\t<\/div>\n\t\t<\/section>\n\t\t\t\t<\/div>","protected":false},"excerpt":{"rendered":"<p>Wiki Mitolog\u00eda Vasca Cuenta la leyenda que don Teodosio, hijo del se\u00f1or del palacio de Go\u00f1i, uno de los ricos\u2026 <\/p>","protected":false},"author":1,"featured_media":0,"parent":1004,"menu_order":0,"comment_status":"closed","ping_status":"closed","template":"","meta":{"footnotes":""},"class_list":["post-1063","page","type-page","status-publish","hentry"],"amp_enabled":true,"_links":{"self":[{"href":"https:\/\/mythslegendes.com\/es\/wp-json\/wp\/v2\/pages\/1063","targetHints":{"allow":["GET"]}}],"collection":[{"href":"https:\/\/mythslegendes.com\/es\/wp-json\/wp\/v2\/pages"}],"about":[{"href":"https:\/\/mythslegendes.com\/es\/wp-json\/wp\/v2\/types\/page"}],"author":[{"embeddable":true,"href":"https:\/\/mythslegendes.com\/es\/wp-json\/wp\/v2\/users\/1"}],"replies":[{"embeddable":true,"href":"https:\/\/mythslegendes.com\/es\/wp-json\/wp\/v2\/comments?post=1063"}],"version-history":[{"count":1,"href":"https:\/\/mythslegendes.com\/es\/wp-json\/wp\/v2\/pages\/1063\/revisions"}],"predecessor-version":[{"id":24645,"href":"https:\/\/mythslegendes.com\/es\/wp-json\/wp\/v2\/pages\/1063\/revisions\/24645"}],"up":[{"embeddable":true,"href":"https:\/\/mythslegendes.com\/es\/wp-json\/wp\/v2\/pages\/1004"}],"wp:attachment":[{"href":"https:\/\/mythslegendes.com\/es\/wp-json\/wp\/v2\/media?parent=1063"}],"curies":[{"name":"wp","href":"https:\/\/api.w.org\/{rel}","templated":true}]}}