{"id":1085,"date":"2020-06-23T09:46:38","date_gmt":"2020-06-23T08:46:38","guid":{"rendered":"https:\/\/mythslegendes.com\/?page_id=1085"},"modified":"2022-12-03T22:07:01","modified_gmt":"2022-12-03T22:07:01","slug":"les-deux-muletiers","status":"publish","type":"page","link":"https:\/\/mythslegendes.com\/es\/mitologia-vasca\/los-dos-arrieros\/","title":{"rendered":"Los dos arrieros"},"content":{"rendered":"<div data-elementor-type=\"wp-page\" data-elementor-id=\"1085\" class=\"elementor elementor-1085\">\n\t\t\t\t\t\t<section class=\"elementor-section elementor-top-section elementor-element elementor-element-1808e01 elementor-section-boxed elementor-section-height-default elementor-section-height-default\" data-id=\"1808e01\" data-element_type=\"section\" data-e-type=\"section\">\n\t\t\t\t\t\t<div class=\"elementor-container elementor-column-gap-default\">\n\t\t\t\t\t<div class=\"elementor-column elementor-col-50 elementor-top-column elementor-element elementor-element-6e745e5\" data-id=\"6e745e5\" data-element_type=\"column\" data-e-type=\"column\">\n\t\t\t<div class=\"elementor-widget-wrap elementor-element-populated\">\n\t\t\t\t\t\t<div class=\"elementor-element elementor-element-bdf5174 elementor-align-justify elementor-widget elementor-widget-button\" data-id=\"bdf5174\" data-element_type=\"widget\" data-e-type=\"widget\" data-widget_type=\"button.default\">\n\t\t\t\t<div class=\"elementor-widget-container\">\n\t\t\t\t\t\t\t\t\t<div class=\"elementor-button-wrapper\">\n\t\t\t\t\t<a class=\"elementor-button elementor-button-link elementor-size-sm\" href=\"https:\/\/mythslegendes.com\/es\/mitologia-vasca\/\">\n\t\t\t\t\t\t<span class=\"elementor-button-content-wrapper\">\n\t\t\t\t\t\t\t\t\t<span class=\"elementor-button-text\">Mitolog\u00eda vasca<\/span>\n\t\t\t\t\t<\/span>\n\t\t\t\t\t<\/a>\n\t\t\t\t<\/div>\n\t\t\t\t\t\t\t\t<\/div>\n\t\t\t\t<\/div>\n\t\t\t\t\t<\/div>\n\t\t<\/div>\n\t\t\t\t<div class=\"elementor-column elementor-col-50 elementor-top-column elementor-element elementor-element-91536a4\" data-id=\"91536a4\" data-element_type=\"column\" data-e-type=\"column\">\n\t\t\t<div class=\"elementor-widget-wrap elementor-element-populated\">\n\t\t\t\t\t\t<div class=\"elementor-element elementor-element-233baa2 elementor-align-justify elementor-widget elementor-widget-button\" data-id=\"233baa2\" data-element_type=\"widget\" data-e-type=\"widget\" data-widget_type=\"button.default\">\n\t\t\t\t<div class=\"elementor-widget-container\">\n\t\t\t\t\t\t\t\t\t<div class=\"elementor-button-wrapper\">\n\t\t\t\t\t<a class=\"elementor-button elementor-button-link elementor-size-sm\" href=\"https:\/\/fr.wikipedia.org\/wiki\/Mythologie_basque\" target=\"_blank\" rel=\"noopener\">\n\t\t\t\t\t\t<span class=\"elementor-button-content-wrapper\">\n\t\t\t\t\t\t\t\t\t<span class=\"elementor-button-text\">Wiki<\/span>\n\t\t\t\t\t<\/span>\n\t\t\t\t\t<\/a>\n\t\t\t\t<\/div>\n\t\t\t\t\t\t\t\t<\/div>\n\t\t\t\t<\/div>\n\t\t\t\t\t<\/div>\n\t\t<\/div>\n\t\t\t\t\t<\/div>\n\t\t<\/section>\n\t\t\t\t<section class=\"elementor-section elementor-top-section elementor-element elementor-element-64dd9944 elementor-section-boxed elementor-section-height-default elementor-section-height-default\" data-id=\"64dd9944\" data-element_type=\"section\" data-e-type=\"section\">\n\t\t\t\t\t\t<div class=\"elementor-container elementor-column-gap-default\">\n\t\t\t\t\t<div class=\"elementor-column elementor-col-100 elementor-top-column elementor-element elementor-element-7f084295\" data-id=\"7f084295\" data-element_type=\"column\" data-e-type=\"column\">\n\t\t\t<div class=\"elementor-widget-wrap elementor-element-populated\">\n\t\t\t\t\t\t<div class=\"elementor-element elementor-element-60e127b0 elementor-widget elementor-widget-text-editor\" data-id=\"60e127b0\" data-element_type=\"widget\" data-e-type=\"widget\" data-widget_type=\"text-editor.default\">\n\t\t\t\t<div class=\"elementor-widget-container\">\n\t\t\t\t\t\t\t\t\t<p><\/p>\n<p>Esta es la historia de los dos arrieros.<\/p>\n<p><img decoding=\"async\" class=\"alignnone wp-image-5284 size-full\" src=\"https:\/\/mythslegendes.com\/wp-content\/uploads\/2020\/09\/AlphaOmega-e1602613368367.png\" alt=\"dos arrieros\" width=\"25\" height=\"26\" title=\"\"><\/p>\n<div id=\"ez-toc-container\" class=\"ez-toc-v2_0_82_2 counter-hierarchy ez-toc-counter ez-toc-grey ez-toc-container-direction\">\n<div class=\"ez-toc-title-container\">\n<p class=\"ez-toc-title\" style=\"cursor:inherit\">Contenido<\/p>\n<span class=\"ez-toc-title-toggle\"><a href=\"#\" class=\"ez-toc-pull-right ez-toc-btn ez-toc-btn-xs ez-toc-btn-default ez-toc-toggle\" aria-label=\"Alternar tabla de contenidos\"><span class=\"ez-toc-js-icon-con\"><span class=\"\"><span class=\"eztoc-hide\" style=\"display:none;\">Palanca<\/span><span class=\"ez-toc-icon-toggle-span\"><svg style=\"fill: #999;color:#999\" xmlns=\"http:\/\/www.w3.org\/2000\/svg\" class=\"list-377408\" width=\"20px\" height=\"20px\" viewbox=\"0 0 24 24\" fill=\"none\"><path d=\"M6 6H4v2h2V6zm14 0H8v2h12V6zM4 11h2v2H4v-2zm16 0H8v2h12v-2zM4 16h2v2H4v-2zm16 0H8v2h12v-2z\" fill=\"currentColor\"><\/path><\/svg><svg style=\"fill: #999;color:#999\" class=\"arrow-unsorted-368013\" xmlns=\"http:\/\/www.w3.org\/2000\/svg\" width=\"10px\" height=\"10px\" viewbox=\"0 0 24 24\" version=\"1.2\" baseprofile=\"tiny\"><path d=\"M18.2 9.3l-6.2-6.3-6.2 6.3c-.2.2-.3.4-.3.7s.1.5.3.7c.2.2.4.3.7.3h11c.3 0 .5-.1.7-.3.2-.2.3-.5.3-.7s-.1-.5-.3-.7zM5.8 14.7l6.2 6.3 6.2-6.3c.2-.2.3-.5.3-.7s-.1-.5-.3-.7c-.2-.2-.4-.3-.7-.3h-11c-.3 0-.5.1-.7.3-.2.2-.3.5-.3.7s.1.5.3.7z\"\/><\/svg><\/span><\/span><\/span><\/a><\/span><\/div>\n<nav><ul class='ez-toc-list ez-toc-list-level-1' ><li class='ez-toc-page-1 ez-toc-heading-level-2'><a class=\"ez-toc-link ez-toc-heading-1\" href=\"https:\/\/mythslegendes.com\/es\/mitologia-vasca\/los-dos-arrieros\/#Deux-muletiers\" >dos arrieros<\/a><\/li><\/ul><\/nav><\/div>\n<h2><span class=\"ez-toc-section\" id=\"Deux-muletiers\"><\/span>dos arrieros<span class=\"ez-toc-section-end\"><\/span><\/h2>\n<p>Como tantas veces, dos amigos arrieros parten juntos en busca de un buen vino de Rioja. Uno se llamaba Joaniko y era del pueblo de Estafe. Su compa\u00f1ero, \u00c1ngel Mala-Semana, de San Pedro. Como de costumbre, y para matar la monoton\u00eda que les esperaba en este largo paseo, empezaron a hablar de tonter\u00edas. Peor a\u00fan, en poco tiempo, la conversaci\u00f3n amistosa se intensific\u00f3 y result\u00f3 en una acalorada discusi\u00f3n. Luego, finalmente, de la discusi\u00f3n a la discusi\u00f3n feroz, s\u00f3lo hab\u00eda un paso.<\/p>\n<p>\u2013 \u00a1Pero te digo mil y una veces que esa obligaci\u00f3n es siempre primordial! \u2014grita Joaniko.<br \/>\u2013 \u00a1Te lo vuelvo a decir, que todo esto es orgullo! \u00c1ngel apoy\u00f3 con la misma convicci\u00f3n, y para darle m\u00e1s peso a sus palabras, propuso:<br \/>\u2013 Y para demostrarte que no tengo la menor duda de que lo principal es la devoci\u00f3n, \u00a1te apuesto mi manada de mulas!<br \/>\u2013 Acepto con mucho gusto, pero lamentablemente para ti, \u00a1puedes darlo por perdido!.<br \/>Joaniko acept\u00f3 con toda seguridad.<\/p>\n<p><\/p>\n<p><\/p>\n<p>Con eso, un representante de la orden se acerca en su camino. Es un alguacil, un magistrado de la \u00e9poca, que con su rostro cansado les dirige una mirada indiferente, esbozando un gesto de saludo que podr\u00eda decir a la vez hola y adi\u00f3s. M\u00e1s c\u00e1lida es la respuesta de los arrieros, y particularmente la de \u00c1ngel quien, presentando una exagerada sonrisa de cortes\u00eda, pregunta:<br \/>\u2013 No tomes esto como una impertinencia, pero mis amigos y yo tenemos una duda y necesitamos tu ayuda para aclararla. Di: \u00bfQu\u00e9 es lo principal, la obligaci\u00f3n o la devoci\u00f3n?<\/p>\n<p><\/p>\n<p><\/p>\n<p>El alguacil se frota intensamente la barbilla como si en esa parte del cuerpo contuvieran todos los piojos del mundo. Luego tose furiosamente, secretamente temeroso de ahogarse con el polvo del camino. Luego, parpadeando alternativamente un ojo y el otro, cu\u00e1l de los ojos o de los dos arrieros eran soles deslumbradores.<\/p>\n<p>Finalmente, con gesto marcial y tono recitativo, responde:<br \/>-Que yo sepa, creo que esta es la raz\u00f3n por la que toda buena gente, \u00a1la obligaci\u00f3n siempre ha sido, y ser\u00e1 mucho m\u00e1s importante que la devoci\u00f3n! Y temiendo una lluvia de preguntas a\u00fan m\u00e1s complicadas y con respuestas a\u00fan m\u00e1s dif\u00edciles, aprovech\u00f3 para dejarlas despu\u00e9s de haber pronunciado un categ\u00f3rico \u00a1Adi\u00f3s!<br \/>\u2013 Pero perd\u00ed la apuesta, mi reba\u00f1o es tuyo.<br \/>Ante esto Joaniko, con una amplia sonrisa de satisfacci\u00f3n en el rostro, admiti\u00f3:<br \/>\u2013 \u00a1Ciertamente, amigo m\u00edo, pero nunca podr\u00e1s reprocharme haberte avisado!.<\/p>\n<p><\/p>\n<p><\/p>\n<p>Con estos hechos, el criador continu\u00f3 su camino con su reba\u00f1o y el de su amigo, tarareando muy alegremente una tonada. \u00c1ngel, por el contrario, emprendi\u00f3 el regreso a casa, reproch\u00e1ndose mucho por la estupidez de esta apuesta.<\/p>\n<p><\/p>\n<p><\/p>\n<p>De madrugada, \u00c1ngel llega a los prados de Abadelaueta, cerca de Etxaguen. Se dispon\u00eda a sentarse en una piedra para tomar un descanso, cuando de repente lo sorprendi\u00f3 una gran escena en la que destacaba especialmente la risa femenina. Movido por la curiosidad, aunque muy discreto, se esconde detr\u00e1s de unos arbustos que resultan ser un excelente observatorio para esta vigilancia solitaria.<\/p>\n<p>\u00a1Y qu\u00e9 espect\u00e1culo! El origen de esta feria no fue otro que un grupo de veinte mujeres divirti\u00e9ndose descaradamente en bailes locos. Hab\u00eda j\u00f3venes y viejos, bellos y traviesos, algunos desnudos, otros m\u00e1s o menos vestidos pero muy juntos.<br \/>\u2013 \u00a1Brujas! \u00c1ngel exclam\u00f3.<\/p>\n<p><\/p>\n<p><\/p>\n<p>El arriero se qued\u00f3 boquiabierto, fascinado, pregunt\u00e1ndose si estar\u00eda despierto. Intentando tambi\u00e9n grabar esta escena en su memoria. De repente todas las mujeres se pusieron a cantar alegremente:<br \/>\u2013 Lunes y martes, mi\u00e9rcoles tres; Jueves y viernes, s\u00e1bado seis.<\/p>\n<p><\/p>\n<p><\/p>\n<p>Entonces, una de las parejas, la formada precisamente por la anciana que abrazaba a una joven desnuda, se alej\u00f3 del grupo para acercarse cerca del matorral del arriero.<\/p>\n<p>Tumbada en la hierba y abrazada en un beso singular, la anciana le dijo a la joven:<br \/>\u2013 \u00bfSab\u00edas que la anciana de tal o cual casa est\u00e1 muy enferma?<br \/>- \u00a1No! No lo sab\u00eda, pero estoy muy feliz por esta enfermedad. Pero \u00bfcu\u00e1l es la causa de este dolor?<\/p>\n<p><\/p>\n<p><\/p>\n<p>La anciana sonr\u00ede con picard\u00eda antes de responder:<br \/>\u2013 Un d\u00eda, mientras iba a comulgar, se le cay\u00f3 un trozo de hostia pero no se dign\u00f3 agacharse a recogerlo. Desde entonces, este pan bendito se encuentra bajo el cobertizo de una iglesia en el que hay un hormiguero.<br \/>\u2013 \u00bfY esta enfermedad tiene cura? pregunta la joven, muy intrigada.<br \/>\u2013 \u00a1S\u00ed, si alguien la encuentra y le da algo de comer! Pero eso nunca suceder\u00e1, somos los \u00fanicos que conocemos el secreto.<\/p>\n<p><\/p>\n<p><\/p>\n<p>La anciana abri\u00f3 su boca desdentada en una carcajada, seguida por la joven muy feliz antes de unirse a esta danza equ\u00edvoca.<\/p>\n<p><\/p>\n<p><\/p>\n<p>Sin perder un momento y con la misma discreci\u00f3n, el arriero abandon\u00f3 su escondite y emprendi\u00f3 el camino con paso decidido hacia la casa de la enferma. Lleg\u00f3 all\u00ed alrededor del mediod\u00eda sin detenerse ni un momento. Llam\u00f3 a la puerta con impaciencia y apareci\u00f3 un criado.<\/p>\n<p>- Qu\u00e9 esta pasando ? \u00bfPor qu\u00e9 esta conmoci\u00f3n? pregunta este \u00faltimo de mal humor.<br \/>El arriero respondi\u00f3 apresuradamente:<br \/>\u2013 \u00a1Tengo la cura infalible para la enfermedad de tu jefe!<br \/>Todav\u00eda de mal humor, el criado llama a nuestro arriero:<br \/>\u2013 \u00bfC\u00f3mo conoces a mi jefe? \u00bfTal vez eres m\u00e9dico? \u00a1Pero por tu cara dir\u00eda que eres un arriero com\u00fan y corriente!<\/p>\n<p><\/p>\n<p><\/p>\n<p>Como el arriero intent\u00f3 entrar mientras el criado se lo imped\u00eda, decidi\u00f3 olvidarse de la cortes\u00eda y utiliz\u00f3 un tono m\u00e1s brutal. Comenzaron a intercambiar palabras ofensivas y luego bofetadas. Todo este ruido hizo que el propio due\u00f1o viniera a ver qu\u00e9 pasaba. Pudo as\u00ed conocer el motivo de la visita de este arriero y despu\u00e9s de unos momentos de madura reflexi\u00f3n, con gesto serio lo invit\u00f3 a entrar.<\/p>\n<p>\u2013 Entra en mi casa si crees que puedes curar a mi esposa. Si lo logras, te recompensar\u00e9 generosamente. \u00a1Ojo si eres actor...!<\/p>\n<p><\/p>\n<p><\/p>\n<p>\u00c1ngel fue llevado al paciente a quien le pregunt\u00f3 sin molestarse con in\u00fatiles expresiones de cortes\u00eda:<br \/>\u2013 Se\u00f1ora, \u00bfno es cierto que en cierta ocasi\u00f3n, mientras iba a comulgar, se le cay\u00f3 al suelo un trozo de hostia y usted no se tom\u00f3 la molestia de agacharse para recogerlo?<\/p>\n<p><\/p>\n<p><\/p>\n<p>La mujer lo mir\u00f3 con tristeza, suspir\u00f3 profundamente y respondi\u00f3:<br \/>- Ay de m\u00ed ! es verdad y aunque lo lamento, \u00bfser\u00e1 posible que sea por eso que estoy enfermo?<br \/>- Ciertamente ! -respondi\u00f3 el arriero-, pero tu dolencia tiene cura. Debes enviar inmediatamente a alguien a esta iglesia para recuperar este pedazo de hostia de debajo de un hormiguero, si lo pierdes. Con \u00e9l ser\u00e9is sanados.<\/p>\n<p><\/p>\n<p><\/p>\n<p>Tan deseosa de recuperar su salud y sin dudar de las palabras de este desconocido, la enferma envi\u00f3 a uno de sus sirvientes a la iglesia en cuesti\u00f3n. Tan pronto como recogi\u00f3 este pan sagrado, lo comi\u00f3 y de hecho sinti\u00f3 que recobraba su salud.<\/p>\n<p><\/p>\n<p><\/p>\n<p>\u00a1P\u00eddeme lo que quieras, te lo dar\u00e9 como recompensa por este magn\u00edfico servicio! -exclam\u00f3 el due\u00f1o de la casa, abrazando emocionado al arriero.<\/p>\n<p><\/p>\n<p><\/p>\n<p>Despu\u00e9s de parpadear incr\u00e9dulo, quedarse mudo y mirar por unos instantes asombrado a su benefactor, \u00c1ngel dijo:<br \/>\u2013 No quiero parecer taca\u00f1o, pero si es posible, me gustar\u00eda tener dinero para comprar una manada de mulas.<\/p>\n<p><\/p>\n<p><\/p>\n<p>El afortunado arriero recibi\u00f3 su recompensa y, ese mismo d\u00eda, adquiri\u00f3 en este pueblo una excelente manada de bestias de carga, sin duda mejor que la que hab\u00eda perdido. Inmediatamente, y no sin entusiasmo, emprendi\u00f3 su viaje a La Rioja que hab\u00eda sido suspendido a causa de la apuesta.<\/p>\n<p><\/p>\n<p><\/p>\n<p>Llegados a destino, ocupados cargando el vino en las mulas:<br \/>- Mira a ! Qu\u00e9 coincidencia !<\/p>\n<p><\/p>\n<p><\/p>\n<p>Apareci\u00f3 Joaniko. Contemplando las maravillosas bestias de su compa\u00f1ero, no pudo evitar preguntarle:<br \/>\u2013 \u00bfD\u00f3nde encontraste estos animales? \u00a1Porque no creo que hayan ca\u00eddo del cielo!<\/p>\n<p><\/p>\n<p><\/p>\n<p>En tono mon\u00f3tono y con aire burl\u00f3n, \u00c1ngel respondi\u00f3:<br \/>\u2013 No, ciertamente no, no cayeron del cielo, pero podemos decir que vienen del infierno.<br \/>- Cu\u00e9ntame ! -Pregunta Joaniko con entusiasmo, entre la incredulidad y la fascinaci\u00f3n. \u00bfNo entiendo que habiendo perdido la apuesta ahora tengas mejores animales que yo?<\/p>\n<p><\/p>\n<p><\/p>\n<p>Su colega le cont\u00f3 entonces todo el asunto de las brujas, sus risas, sus bailes, sus desenfrenos y el de su secreto. Al concluir su testimonio y sin creer realmente en esta historia, Joaniko dej\u00f3 escapar una declaraci\u00f3n lac\u00f3nica:<br \/>- muy interesante\u2026<\/p>\n<p><\/p>\n<p><\/p>\n<p>Pero cuando se separaron, \u00e9l corri\u00f3 entusiasmado hasta la pradera de Abadelaueta con la firme esperanza de descubrir un nuevo secreto del que podr\u00eda beneficiarse.<\/p>\n<p><\/p>\n<p><\/p>\n<p>Tal como lo hab\u00eda hecho \u00c1ngel, Joaniko lleg\u00f3 poco antes del amanecer. Escuch\u00f3 las risas y la alegr\u00eda. Tambi\u00e9n vio a las brujas bailando. Pero, frot\u00e1ndose las manos de antemano, dando por sentado el \u00e9xito de su aventura, en lugar de ser discreto, corri\u00f3 hacia los extra\u00f1os y se uni\u00f3 a ellos en sus movimientos. Estaba euf\u00f3rico, radiante, transformado.<\/p>\n<p><\/p>\n<p><\/p>\n<p>Entonces las brujas empezaron a cantar:<br \/>lunes, martes mi\u00e9rcoles: tres; Jueves, viernes, s\u00e1bado: \u00a1seis!.<\/p>\n<p><\/p>\n<p><\/p>\n<p>\u00c9l, sin poder contenerse, feliz como un ni\u00f1o haciendo una travesura, a\u00f1adi\u00f3:<br \/>Y el domingo: \u00a1las siete!<\/p>\n<p><\/p>\n<p><\/p>\n<p>El grupo de extravagantes bailarines se detuvo y se disolvi\u00f3. Algunos gritaban, otros vociferaban, muy enojados. Pero todos ellos, con notable irritaci\u00f3n, decidieron atrapar al impertinente desconocido. La que m\u00e1s gritaba era esta anciana que anteriormente hab\u00eda hablado de la enferma.<\/p>\n<p><\/p>\n<p><\/p>\n<p>\u2013 \u00a1Debe ser ese chico del otro d\u00eda que escuch\u00f3 mi conversaci\u00f3n porque el paciente est\u00e1 curado! grit\u00f3 furiosamente.<\/p>\n<p><\/p>\n<p><\/p>\n<p>Inmediatamente, golpearon a Joaniko quien, petrificada de terror, se escondi\u00f3 detr\u00e1s de los arbustos, recibiendo pellizcos, mordiscos y garras.<\/p>\n<p><\/p>\n<p><\/p>\n<p>Qued\u00f3 herido y abandonado all\u00ed, en medio de Abadelaueta, maldici\u00e9ndose y lament\u00e1ndose del dolor de cabeza.<\/p>\n<p><\/p>\t\t\t\t\t\t\t\t<\/div>\n\t\t\t\t<\/div>\n\t\t\t\t\t<\/div>\n\t\t<\/div>\n\t\t\t\t\t<\/div>\n\t\t<\/section>\n\t\t\t\t<\/div>","protected":false},"excerpt":{"rendered":"<p>Mythologie Basque Wiki Voici l&rsquo;histoire des deux muletiers. Deux muletiers Comme tant et tant de fois, deux amis muletiers partirent &hellip; <\/p>","protected":false},"author":1,"featured_media":0,"parent":1004,"menu_order":0,"comment_status":"closed","ping_status":"closed","template":"","meta":{"footnotes":""},"class_list":["post-1085","page","type-page","status-publish","hentry"],"amp_enabled":true,"_links":{"self":[{"href":"https:\/\/mythslegendes.com\/es\/wp-json\/wp\/v2\/pages\/1085","targetHints":{"allow":["GET"]}}],"collection":[{"href":"https:\/\/mythslegendes.com\/es\/wp-json\/wp\/v2\/pages"}],"about":[{"href":"https:\/\/mythslegendes.com\/es\/wp-json\/wp\/v2\/types\/page"}],"author":[{"embeddable":true,"href":"https:\/\/mythslegendes.com\/es\/wp-json\/wp\/v2\/users\/1"}],"replies":[{"embeddable":true,"href":"https:\/\/mythslegendes.com\/es\/wp-json\/wp\/v2\/comments?post=1085"}],"version-history":[{"count":1,"href":"https:\/\/mythslegendes.com\/es\/wp-json\/wp\/v2\/pages\/1085\/revisions"}],"predecessor-version":[{"id":24652,"href":"https:\/\/mythslegendes.com\/es\/wp-json\/wp\/v2\/pages\/1085\/revisions\/24652"}],"up":[{"embeddable":true,"href":"https:\/\/mythslegendes.com\/es\/wp-json\/wp\/v2\/pages\/1004"}],"wp:attachment":[{"href":"https:\/\/mythslegendes.com\/es\/wp-json\/wp\/v2\/media?parent=1085"}],"curies":[{"name":"wp","href":"https:\/\/api.w.org\/{rel}","templated":true}]}}