{"id":1094,"date":"2020-06-23T09:51:19","date_gmt":"2020-06-23T08:51:19","guid":{"rendered":"https:\/\/mythslegendes.com\/?page_id=1094"},"modified":"2022-12-03T22:07:01","modified_gmt":"2022-12-03T22:07:01","slug":"dans-lakelarre-de-petralanda","status":"publish","type":"page","link":"https:\/\/mythslegendes.com\/es\/mitologia-vasca\/en-lakelarre-de-petralanda\/","title":{"rendered":"En el Akelarre de Petralanda"},"content":{"rendered":"<div data-elementor-type=\"wp-page\" data-elementor-id=\"1094\" class=\"elementor elementor-1094\">\n\t\t\t\t\t\t<section class=\"elementor-section elementor-top-section elementor-element elementor-element-c690f64 elementor-section-boxed elementor-section-height-default elementor-section-height-default\" data-id=\"c690f64\" data-element_type=\"section\" data-e-type=\"section\">\n\t\t\t\t\t\t<div class=\"elementor-container elementor-column-gap-default\">\n\t\t\t\t\t<div class=\"elementor-column elementor-col-50 elementor-top-column elementor-element elementor-element-09b2283\" data-id=\"09b2283\" data-element_type=\"column\" data-e-type=\"column\">\n\t\t\t<div class=\"elementor-widget-wrap elementor-element-populated\">\n\t\t\t\t\t\t<div class=\"elementor-element elementor-element-3b78fa1 elementor-align-justify elementor-widget elementor-widget-button\" data-id=\"3b78fa1\" data-element_type=\"widget\" data-e-type=\"widget\" data-widget_type=\"button.default\">\n\t\t\t\t<div class=\"elementor-widget-container\">\n\t\t\t\t\t\t\t\t\t<div class=\"elementor-button-wrapper\">\n\t\t\t\t\t<a class=\"elementor-button elementor-button-link elementor-size-sm\" href=\"https:\/\/mythslegendes.com\/es\/mitologia-vasca\/\">\n\t\t\t\t\t\t<span class=\"elementor-button-content-wrapper\">\n\t\t\t\t\t\t\t\t\t<span class=\"elementor-button-text\">Mitolog\u00eda vasca<\/span>\n\t\t\t\t\t<\/span>\n\t\t\t\t\t<\/a>\n\t\t\t\t<\/div>\n\t\t\t\t\t\t\t\t<\/div>\n\t\t\t\t<\/div>\n\t\t\t\t\t<\/div>\n\t\t<\/div>\n\t\t\t\t<div class=\"elementor-column elementor-col-50 elementor-top-column elementor-element elementor-element-30e0812\" data-id=\"30e0812\" data-element_type=\"column\" data-e-type=\"column\">\n\t\t\t<div class=\"elementor-widget-wrap elementor-element-populated\">\n\t\t\t\t\t\t<div class=\"elementor-element elementor-element-8d72cbc elementor-align-justify elementor-widget elementor-widget-button\" data-id=\"8d72cbc\" data-element_type=\"widget\" data-e-type=\"widget\" data-widget_type=\"button.default\">\n\t\t\t\t<div class=\"elementor-widget-container\">\n\t\t\t\t\t\t\t\t\t<div class=\"elementor-button-wrapper\">\n\t\t\t\t\t<a class=\"elementor-button elementor-button-link elementor-size-sm\" href=\"https:\/\/fr.wikipedia.org\/wiki\/Mythologie_basque\" target=\"_blank\" rel=\"noopener\">\n\t\t\t\t\t\t<span class=\"elementor-button-content-wrapper\">\n\t\t\t\t\t\t\t\t\t<span class=\"elementor-button-text\">Wiki<\/span>\n\t\t\t\t\t<\/span>\n\t\t\t\t\t<\/a>\n\t\t\t\t<\/div>\n\t\t\t\t\t\t\t\t<\/div>\n\t\t\t\t<\/div>\n\t\t\t\t\t<\/div>\n\t\t<\/div>\n\t\t\t\t\t<\/div>\n\t\t<\/section>\n\t\t\t\t<section class=\"elementor-section elementor-top-section elementor-element elementor-element-5ae0a7e4 elementor-section-boxed elementor-section-height-default elementor-section-height-default\" data-id=\"5ae0a7e4\" data-element_type=\"section\" data-e-type=\"section\">\n\t\t\t\t\t\t<div class=\"elementor-container elementor-column-gap-default\">\n\t\t\t\t\t<div class=\"elementor-column elementor-col-100 elementor-top-column elementor-element elementor-element-7deea054\" data-id=\"7deea054\" data-element_type=\"column\" data-e-type=\"column\">\n\t\t\t<div class=\"elementor-widget-wrap elementor-element-populated\">\n\t\t\t\t\t\t<div class=\"elementor-element elementor-element-3f38132a elementor-widget elementor-widget-text-editor\" data-id=\"3f38132a\" data-element_type=\"widget\" data-e-type=\"widget\" data-widget_type=\"text-editor.default\">\n\t\t\t\t<div class=\"elementor-widget-container\">\n\t\t\t\t\t\t\t\t\t<p><\/p>\n<p>Esta es la historia de la fiesta de Akelarre en Petralanda.<\/p>\n<p><img decoding=\"async\" class=\"alignnone wp-image-5284 size-full\" src=\"https:\/\/mythslegendes.com\/wp-content\/uploads\/2020\/09\/AlphaOmega-e1602613368367.png\" alt=\"Akelarre de Petralanda\" width=\"25\" height=\"26\" title=\"\"><\/p>\n<div id=\"ez-toc-container\" class=\"ez-toc-v2_0_82_2 counter-hierarchy ez-toc-counter ez-toc-grey ez-toc-container-direction\">\n<div class=\"ez-toc-title-container\">\n<p class=\"ez-toc-title\" style=\"cursor:inherit\">Contenido<\/p>\n<span class=\"ez-toc-title-toggle\"><a href=\"#\" class=\"ez-toc-pull-right ez-toc-btn ez-toc-btn-xs ez-toc-btn-default ez-toc-toggle\" aria-label=\"Alternar tabla de contenidos\"><span class=\"ez-toc-js-icon-con\"><span class=\"\"><span class=\"eztoc-hide\" style=\"display:none;\">Palanca<\/span><span class=\"ez-toc-icon-toggle-span\"><svg style=\"fill: #999;color:#999\" xmlns=\"http:\/\/www.w3.org\/2000\/svg\" class=\"list-377408\" width=\"20px\" height=\"20px\" viewbox=\"0 0 24 24\" fill=\"none\"><path d=\"M6 6H4v2h2V6zm14 0H8v2h12V6zM4 11h2v2H4v-2zm16 0H8v2h12v-2zM4 16h2v2H4v-2zm16 0H8v2h12v-2z\" fill=\"currentColor\"><\/path><\/svg><svg style=\"fill: #999;color:#999\" class=\"arrow-unsorted-368013\" xmlns=\"http:\/\/www.w3.org\/2000\/svg\" width=\"10px\" height=\"10px\" viewbox=\"0 0 24 24\" version=\"1.2\" baseprofile=\"tiny\"><path d=\"M18.2 9.3l-6.2-6.3-6.2 6.3c-.2.2-.3.4-.3.7s.1.5.3.7c.2.2.4.3.7.3h11c.3 0 .5-.1.7-.3.2-.2.3-.5.3-.7s-.1-.5-.3-.7zM5.8 14.7l6.2 6.3 6.2-6.3c.2-.2.3-.5.3-.7s-.1-.5-.3-.7c-.2-.2-.4-.3-.7-.3h-11c-.3 0-.5.1-.7.3-.2.2-.3.5-.3.7s.1.5.3.7z\"\/><\/svg><\/span><\/span><\/span><\/a><\/span><\/div>\n<nav><ul class='ez-toc-list ez-toc-list-level-1' ><li class='ez-toc-page-1 ez-toc-heading-level-2'><a class=\"ez-toc-link ez-toc-heading-1\" href=\"https:\/\/mythslegendes.com\/es\/mitologia-vasca\/en-lakelarre-de-petralanda\/#Akelarre-de-Petralanda\" >Akelarre de Petralanda<\/a><\/li><\/ul><\/nav><\/div>\n<h2><span class=\"ez-toc-section\" id=\"Akelarre-de-Petralanda\"><\/span>Akelarre de Petralanda<span class=\"ez-toc-section-end\"><\/span><\/h2>\n<p>Dos hermanos, con opiniones diferentes, estaban discutiendo. Uno dijo que lo m\u00e1s importante es cumplir con los deberes de la iglesia mientras que el segundo pens\u00f3 que lo principal era viajar. Como no estaban de acuerdo, el que hab\u00eda planeado el viaje tom\u00f3 el camino y el otro fue a la iglesia.<\/p>\n<p><\/p>\n<p><\/p>\n<p>Por la tarde, el viajero, que pretend\u00eda establecerse en una regi\u00f3n lejana, trep\u00f3 a un roble para pasar all\u00ed la noche lo mejor posible y a salvo de las fieras nocturnas. Se acurruc\u00f3 y, exhausto por el d\u00eda que acababa de pasar, pronto cay\u00f3 en un sue\u00f1o profundo. De repente, despert\u00f3 sobresaltado por un estruendo y descubri\u00f3 un grupo de mujeres completamente desnudas, bailando en c\u00edrculo al pie del \u00e1rbol, alrededor de una estaca.<\/p>\n<p>Cuando se cansaron de bailar y saltar, se juntaron alrededor del fuego y uno dijo al otro:<br \/>La hija del rey est\u00e1 muy enferma y nadie es capaz de detectar la causa. Sin embargo, su recuperaci\u00f3n es muy simple. Le bastar\u00eda con comerse un trozo de hostia que se le cay\u00f3 la \u00faltima vez que comulg\u00f3 y que est\u00e1 en la boca de un sapo.<br \/>&quot;\u00bfY d\u00f3nde est\u00e1 este sapo?&quot; pregunt\u00f3 el m\u00e1s joven, lleno de curiosidad.<br \/>\u2013 Debajo de una piedra en el piso de la iglesia, al pie del agua bendita.<\/p>\n<p><\/p>\n<p><\/p>\n<p>Las brujas continuaron su entretenimiento durante bastante tiempo y luego, cuando se acercaba el amanecer, se fueron. En ese momento, nuestro ocasional esp\u00eda descendi\u00f3 discretamente de su \u00e1rbol y tom\u00f3 el camino hacia la iglesia indicado por las mujeres. Encontr\u00f3 la columna de agua bendita, la piedra en el suelo y el sapo con un trozo de hostia en la boca. Se lo quit\u00f3 con cuidado, lo envolvi\u00f3 en un pa\u00f1uelo limpio y corri\u00f3 hacia el palacio del rey.<\/p>\n<p><\/p>\n<p><\/p>\n<p>Cuando lleg\u00f3 a palacio diciendo que ven\u00eda a curar a la hija del rey, todos lo miraron con gran escepticismo, sobre todo porque muchos cirujanos, f\u00edsicos y charlatanes de lejanos horizontes hab\u00edan hecho las mismas propuestas. .<\/p>\n<p>No cost\u00f3 nada, lo dejaron entrar de todos modos y, encontr\u00e1ndose frente a la enferma, le coloc\u00f3 la hostia en la lengua, diciendo:<br \/>\u2013 \u00a1Come este bendito pan y ver\u00e1s que inmediatamente recobrar\u00e1s tu salud!<\/p>\n<p><\/p>\n<p><\/p>\n<p>Era tan. La princesa se trag\u00f3 este trozo de hostia y al mismo tiempo recuper\u00f3 la salud como por arte de magia ante la inmensa alegr\u00eda de los ocupantes del palacio y m\u00e1s particularmente de su padre, el rey. Este \u00faltimo, tan contento con este acontecimiento, prometi\u00f3 al joven una monta\u00f1a de dinero. Nuestro viajero volvi\u00f3 a su pueblo y que ahora que era rico, su hermano quiso saber la causa de esta s\u00fabita y estrepitosa fortuna.<\/p>\n<p>Al enterarse de la fiesta del akelarre (literalmente: campo de la cabra. lugar de reuni\u00f3n de las brujas) que se hab\u00eda celebrado en Petralanda, se dijo a s\u00ed mismo:<br \/>- Yo tambi\u00e9n tengo que ir all\u00ed sin perder tiempo, \u00a1a ver si tengo la misma suerte!<\/p>\n<p><\/p>\n<p><\/p>\n<p>Sin dudarlo, tom\u00f3 el camino de Petralanda y subi\u00f3 al mismo roble que hab\u00eda hecho antes su hermano. Cuando cay\u00f3 la noche, las brujas no tardaron en llegar pero, a diferencia de la primera vez, no bailaron, no estaban contentas, no se desvistieron sino que se juntaron muy preocupadas.<\/p>\n<p>El que parec\u00eda liderar el grupo dijo sin pre\u00e1mbulos:<br \/>\u201cLa hija del rey fue sanada, y si lo fue, eso significa que alguien sab\u00eda nuestro secreto.<br \/>- \u00bfPero, c\u00f3mo es posible? pregunt\u00f3 uno de los m\u00e1s j\u00f3venes.<br \/>\u2013 Muy f\u00e1cil: \u00a1porque tenemos un esp\u00eda en nuestro akelarre!.<br \/>- \u00a1Oh! dijeron los dem\u00e1s a coro, llenos de asombro.<br \/>&quot;\u00a1Tenemos que averiguarlo y darle lo que se merece!&quot; acus\u00f3 al primero.<\/p>\n<p><\/p>\n<p><\/p>\n<p>Las brujas se apresuraron a buscar detr\u00e1s de cada mata de hierba, cada guijarro o \u00e1rbol en el \u00e1rea. Pronto encontraron a nuestro hombre, temblando de miedo, encima del roble. Todos subieron a la rama en la que estaba acurrucado, lo tiraron al suelo sin contemplaciones. Una vez en el suelo, lo acosaron, golpe\u00e1ndolo en la nuca, ara\u00f1\u00e1ndolo, golpe\u00e1ndolo y pate\u00e1ndolo hasta las primeras luces del d\u00eda. Su partida puso fin a su tortura. Horas despu\u00e9s, un arriero encontr\u00f3 al pobre hombre al pie del \u00e1rbol en Petralanda, medio desprendido, medio desfigurado, sin apenas poder articular unas pocas palabras.<\/p>\n<p><\/p>\t\t\t\t\t\t\t\t<\/div>\n\t\t\t\t<\/div>\n\t\t\t\t\t<\/div>\n\t\t<\/div>\n\t\t\t\t\t<\/div>\n\t\t<\/section>\n\t\t\t\t<\/div>","protected":false},"excerpt":{"rendered":"<p>Mythologie Basque Wiki Voici l&rsquo;histoire de la f\u00eate de l&rsquo;Akelarre de Petralanda. Akelarre de Petralanda Deux fr\u00e8res, aux avis diff\u00e9rents, &hellip; <\/p>","protected":false},"author":1,"featured_media":0,"parent":1004,"menu_order":0,"comment_status":"closed","ping_status":"closed","template":"","meta":{"footnotes":""},"class_list":["post-1094","page","type-page","status-publish","hentry"],"amp_enabled":true,"_links":{"self":[{"href":"https:\/\/mythslegendes.com\/es\/wp-json\/wp\/v2\/pages\/1094","targetHints":{"allow":["GET"]}}],"collection":[{"href":"https:\/\/mythslegendes.com\/es\/wp-json\/wp\/v2\/pages"}],"about":[{"href":"https:\/\/mythslegendes.com\/es\/wp-json\/wp\/v2\/types\/page"}],"author":[{"embeddable":true,"href":"https:\/\/mythslegendes.com\/es\/wp-json\/wp\/v2\/users\/1"}],"replies":[{"embeddable":true,"href":"https:\/\/mythslegendes.com\/es\/wp-json\/wp\/v2\/comments?post=1094"}],"version-history":[{"count":1,"href":"https:\/\/mythslegendes.com\/es\/wp-json\/wp\/v2\/pages\/1094\/revisions"}],"predecessor-version":[{"id":24655,"href":"https:\/\/mythslegendes.com\/es\/wp-json\/wp\/v2\/pages\/1094\/revisions\/24655"}],"up":[{"embeddable":true,"href":"https:\/\/mythslegendes.com\/es\/wp-json\/wp\/v2\/pages\/1004"}],"wp:attachment":[{"href":"https:\/\/mythslegendes.com\/es\/wp-json\/wp\/v2\/media?parent=1094"}],"curies":[{"name":"wp","href":"https:\/\/api.w.org\/{rel}","templated":true}]}}