{"id":1098,"date":"2020-06-23T09:54:12","date_gmt":"2020-06-23T08:54:12","guid":{"rendered":"https:\/\/mythslegendes.com\/?page_id=1098"},"modified":"2022-12-03T22:07:02","modified_gmt":"2022-12-03T22:07:02","slug":"a-la-havanne-en-une-nuit","status":"publish","type":"page","link":"https:\/\/mythslegendes.com\/es\/mitologia-vasca\/en-la-havanne-en-una-noche\/","title":{"rendered":"En la Habana en una noche"},"content":{"rendered":"<div data-elementor-type=\"wp-page\" data-elementor-id=\"1098\" class=\"elementor elementor-1098\">\n\t\t\t\t\t\t<section class=\"elementor-section elementor-top-section elementor-element elementor-element-d6e5ced elementor-section-boxed elementor-section-height-default elementor-section-height-default\" data-id=\"d6e5ced\" data-element_type=\"section\" data-e-type=\"section\">\n\t\t\t\t\t\t<div class=\"elementor-container elementor-column-gap-default\">\n\t\t\t\t\t<div class=\"elementor-column elementor-col-50 elementor-top-column elementor-element elementor-element-869de39\" data-id=\"869de39\" data-element_type=\"column\" data-e-type=\"column\">\n\t\t\t<div class=\"elementor-widget-wrap elementor-element-populated\">\n\t\t\t\t\t\t<div class=\"elementor-element elementor-element-28dfe25 elementor-align-justify elementor-widget elementor-widget-button\" data-id=\"28dfe25\" data-element_type=\"widget\" data-e-type=\"widget\" data-widget_type=\"button.default\">\n\t\t\t\t<div class=\"elementor-widget-container\">\n\t\t\t\t\t\t\t\t\t<div class=\"elementor-button-wrapper\">\n\t\t\t\t\t<a class=\"elementor-button elementor-button-link elementor-size-sm\" href=\"https:\/\/mythslegendes.com\/es\/mitologia-vasca\/\">\n\t\t\t\t\t\t<span class=\"elementor-button-content-wrapper\">\n\t\t\t\t\t\t\t\t\t<span class=\"elementor-button-text\">Mitolog\u00eda vasca<\/span>\n\t\t\t\t\t<\/span>\n\t\t\t\t\t<\/a>\n\t\t\t\t<\/div>\n\t\t\t\t\t\t\t\t<\/div>\n\t\t\t\t<\/div>\n\t\t\t\t\t<\/div>\n\t\t<\/div>\n\t\t\t\t<div class=\"elementor-column elementor-col-50 elementor-top-column elementor-element elementor-element-4c956c1\" data-id=\"4c956c1\" data-element_type=\"column\" data-e-type=\"column\">\n\t\t\t<div class=\"elementor-widget-wrap elementor-element-populated\">\n\t\t\t\t\t\t<div class=\"elementor-element elementor-element-77a97a9 elementor-align-justify elementor-widget elementor-widget-button\" data-id=\"77a97a9\" data-element_type=\"widget\" data-e-type=\"widget\" data-widget_type=\"button.default\">\n\t\t\t\t<div class=\"elementor-widget-container\">\n\t\t\t\t\t\t\t\t\t<div class=\"elementor-button-wrapper\">\n\t\t\t\t\t<a class=\"elementor-button elementor-button-link elementor-size-sm\" href=\"https:\/\/fr.wikipedia.org\/wiki\/Mythologie_basque\" target=\"_blank\" rel=\"noopener\">\n\t\t\t\t\t\t<span class=\"elementor-button-content-wrapper\">\n\t\t\t\t\t\t\t\t\t<span class=\"elementor-button-text\">Wiki<\/span>\n\t\t\t\t\t<\/span>\n\t\t\t\t\t<\/a>\n\t\t\t\t<\/div>\n\t\t\t\t\t\t\t\t<\/div>\n\t\t\t\t<\/div>\n\t\t\t\t\t<\/div>\n\t\t<\/div>\n\t\t\t\t\t<\/div>\n\t\t<\/section>\n\t\t\t\t<section class=\"elementor-section elementor-top-section elementor-element elementor-element-5f473d36 elementor-section-boxed elementor-section-height-default elementor-section-height-default\" data-id=\"5f473d36\" data-element_type=\"section\" data-e-type=\"section\">\n\t\t\t\t\t\t<div class=\"elementor-container elementor-column-gap-default\">\n\t\t\t\t\t<div class=\"elementor-column elementor-col-100 elementor-top-column elementor-element elementor-element-425afdcf\" data-id=\"425afdcf\" data-element_type=\"column\" data-e-type=\"column\">\n\t\t\t<div class=\"elementor-widget-wrap elementor-element-populated\">\n\t\t\t\t\t\t<div class=\"elementor-element elementor-element-3c0308ca elementor-widget elementor-widget-text-editor\" data-id=\"3c0308ca\" data-element_type=\"widget\" data-e-type=\"widget\" data-widget_type=\"text-editor.default\">\n\t\t\t\t<div class=\"elementor-widget-container\">\n\t\t\t\t\t\t\t\t\t<p><\/p>\n<p>Aqu\u00ed est\u00e1 la historia de las brujas que viajaron a La Habana en una noche.<\/p>\n<p><img decoding=\"async\" class=\"alignnone wp-image-5284 size-full\" src=\"https:\/\/mythslegendes.com\/wp-content\/uploads\/2020\/09\/AlphaOmega-e1602613368367.png\" alt=\"La Habana en una noche\" width=\"25\" height=\"26\" title=\"\"><\/p>\n<div id=\"ez-toc-container\" class=\"ez-toc-v2_0_82_2 counter-hierarchy ez-toc-counter ez-toc-grey ez-toc-container-direction\">\n<div class=\"ez-toc-title-container\">\n<p class=\"ez-toc-title\" style=\"cursor:inherit\">Contenido<\/p>\n<span class=\"ez-toc-title-toggle\"><a href=\"#\" class=\"ez-toc-pull-right ez-toc-btn ez-toc-btn-xs ez-toc-btn-default ez-toc-toggle\" aria-label=\"Alternar tabla de contenidos\"><span class=\"ez-toc-js-icon-con\"><span class=\"\"><span class=\"eztoc-hide\" style=\"display:none;\">Palanca<\/span><span class=\"ez-toc-icon-toggle-span\"><svg style=\"fill: #999;color:#999\" xmlns=\"http:\/\/www.w3.org\/2000\/svg\" class=\"list-377408\" width=\"20px\" height=\"20px\" viewbox=\"0 0 24 24\" fill=\"none\"><path d=\"M6 6H4v2h2V6zm14 0H8v2h12V6zM4 11h2v2H4v-2zm16 0H8v2h12v-2zM4 16h2v2H4v-2zm16 0H8v2h12v-2z\" fill=\"currentColor\"><\/path><\/svg><svg style=\"fill: #999;color:#999\" class=\"arrow-unsorted-368013\" xmlns=\"http:\/\/www.w3.org\/2000\/svg\" width=\"10px\" height=\"10px\" viewbox=\"0 0 24 24\" version=\"1.2\" baseprofile=\"tiny\"><path d=\"M18.2 9.3l-6.2-6.3-6.2 6.3c-.2.2-.3.4-.3.7s.1.5.3.7c.2.2.4.3.7.3h11c.3 0 .5-.1.7-.3.2-.2.3-.5.3-.7s-.1-.5-.3-.7zM5.8 14.7l6.2 6.3 6.2-6.3c.2-.2.3-.5.3-.7s-.1-.5-.3-.7c-.2-.2-.4-.3-.7-.3h-11c-.3 0-.5.1-.7.3-.2.2-.3.5-.3.7s.1.5.3.7z\"\/><\/svg><\/span><\/span><\/span><\/a><\/span><\/div>\n<nav><ul class='ez-toc-list ez-toc-list-level-1' ><li class='ez-toc-page-1 ez-toc-heading-level-2'><a class=\"ez-toc-link ez-toc-heading-1\" href=\"https:\/\/mythslegendes.com\/es\/mitologia-vasca\/en-la-havanne-en-una-noche\/#La-Havanne-en-une-nuit\" >La Habana en una noche<\/a><\/li><\/ul><\/nav><\/div>\n<h2><span class=\"ez-toc-section\" id=\"La-Havanne-en-une-nuit\"><\/span>La Habana en una noche<span class=\"ez-toc-section-end\"><\/span><\/h2>\n<p>En un d\u00eda tormentoso, los barcos de pesca entraron en el puerto de Elantxobe. Permanecieron amarrados en el puerto despu\u00e9s de haber sacado las velas de los remos, etc ... S\u00f3lo hab\u00eda cestas a bordo y la tripulaci\u00f3n volvi\u00f3 a dormir en tierra.<\/p>\n<p><\/p>\n<p><\/p>\n<p>Poco antes de la medianoche, un anciano pescador regres\u00f3 al bote y como de costumbre, se estir\u00f3 en una de las cestas para fumar una pipa. Cansado del trabajo de ese d\u00eda, no pas\u00f3 mucho tiempo antes de que se durmiera profundamente. Se despert\u00f3 sobresaltado al escuchar voces femeninas y not\u00f3 que el barco navegaba a gran velocidad.<\/p>\n<p>En lugar de levantarse se qued\u00f3 muy callado en su escondite improvisado mientras observaba lo que suced\u00eda. Descubri\u00f3 que efectivamente el barco navegaba vertiginosamente y que quienes remaban con tanta fuerza eran dos mujeres vestidas con vestidos rojos.<\/p>\n<p><\/p>\n<p><\/p>\n<p>El barco, que parec\u00eda volar, lleg\u00f3 pronto a La Habana donde fue amarrado en una playa de arena fina iluminada por una luna en colores plateados y perfectamente circular. Las mujeres saltaron al suelo y desaparecieron.<\/p>\n<p>Sospechando que eran brujas, el anciano pescador tambi\u00e9n salt\u00f3 al suelo y recogi\u00f3 una fruta ex\u00f3tica de una rama del primer \u00e1rbol que vio. Inmediatamente regres\u00f3 a su bote y se escondi\u00f3 en su canasta. A\u00fan como de costumbre encendi\u00f3 su pipa cuando las brujas regresaron despu\u00e9s de haber hecho Dios sabe qu\u00e9 brujer\u00eda, una de ellas exclam\u00f3:<br \/>- \u00a1Aqu\u00ed huele a pipa, aqu\u00ed huele a pipa!<br \/>- \u00a1Veamos si alg\u00fan hombre no se esconde! grit\u00f3 el segundo.<\/p>\n<p><\/p>\n<p><\/p>\n<p>Maldici\u00e9ndose a s\u00ed mismo por su irreflexi\u00f3n, el pescador apag\u00f3 su pipa lo mejor que pudo y se qued\u00f3 quieto en el fondo de su canasta, conteniendo la respiraci\u00f3n.<\/p>\n<p><\/p>\n<p><\/p>\n<p>Las brujas miraban aqu\u00ed y all\u00e1 pero al no ver a nadie, subieron a bordo y volviendo a tomar los remos dijeron:<br \/>- En cada fila cien leguas.<\/p>\n<p><\/p>\n<p><\/p>\n<p>Inmediatamente el barco parti\u00f3 como un rayo las aguas del Atl\u00e1ntico y un momento despu\u00e9s se encontr\u00f3 nuevamente amarrado en el puerto de Elantxobe como si nunca se hubiera movido de all\u00ed. Las brujas desaparecieron y el viejo pescador sali\u00f3 de su escondite.<\/p>\n<p>Cuando, al amanecer, llegaron los dem\u00e1s pescadores, el anciano se apresur\u00f3 a contarles su aventura nocturna:<br \/>- \u00a1Esa noche vinieron tres brujas y me trajeron a La Habana!<\/p>\n<p><\/p>\n<p><\/p>\n<p>Hab\u00eda que ver los rostros sostenidos por sus compa\u00f1eros, las carcajadas que escuchamos en los botes, los comentarios ir\u00f3nicos que nuestro viejo pescador tuvo que soportar!.<br \/>- \u00a1Esto, lo so\u00f1aste!<br \/>- \u00a1Lo imaginaste!<br \/>- \u00a1Te lo inventaste!<br \/>- \u00a1Est\u00e1s divagando!<\/p>\n<p><\/p>\n<p><\/p>\n<p>Sin perder la compostura ni enojarse, el anciano puso ante los ojos de sus compa\u00f1eros la fruta ex\u00f3tica que hab\u00eda recogido en La Habana y les dijo con orgullo:<br \/>- \u00bfCrees que quiz\u00e1s algo as\u00ed pueda pasar por aqu\u00ed?<\/p>\n<p><\/p>\n<p><\/p>\n<p>Todos miraron esta fruta con genuino asombro y como m\u00e1s de uno reconoci\u00f3 en ella un producto t\u00edpico del Caribe, callaron, preocupados, y reanudaron el trabajo sin decir una palabra.<\/p>\n<p><\/p>\n<p><\/p>\n<p>De hecho, esto solo podr\u00eda ser un acto de las brujas.<\/p>\n<p><\/p>\t\t\t\t\t\t\t\t<\/div>\n\t\t\t\t<\/div>\n\t\t\t\t\t<\/div>\n\t\t<\/div>\n\t\t\t\t\t<\/div>\n\t\t<\/section>\n\t\t\t\t<\/div>","protected":false},"excerpt":{"rendered":"<p>Mythologie Basque Wiki Voici l&rsquo;histoire des sorci\u00e8res qui ont voyag\u00e9 \u00e0 la Havanne en une nuit. La Havanne en une &hellip; <\/p>","protected":false},"author":1,"featured_media":0,"parent":1004,"menu_order":0,"comment_status":"closed","ping_status":"closed","template":"","meta":{"footnotes":""},"class_list":["post-1098","page","type-page","status-publish","hentry"],"amp_enabled":true,"_links":{"self":[{"href":"https:\/\/mythslegendes.com\/es\/wp-json\/wp\/v2\/pages\/1098","targetHints":{"allow":["GET"]}}],"collection":[{"href":"https:\/\/mythslegendes.com\/es\/wp-json\/wp\/v2\/pages"}],"about":[{"href":"https:\/\/mythslegendes.com\/es\/wp-json\/wp\/v2\/types\/page"}],"author":[{"embeddable":true,"href":"https:\/\/mythslegendes.com\/es\/wp-json\/wp\/v2\/users\/1"}],"replies":[{"embeddable":true,"href":"https:\/\/mythslegendes.com\/es\/wp-json\/wp\/v2\/comments?post=1098"}],"version-history":[{"count":1,"href":"https:\/\/mythslegendes.com\/es\/wp-json\/wp\/v2\/pages\/1098\/revisions"}],"predecessor-version":[{"id":24656,"href":"https:\/\/mythslegendes.com\/es\/wp-json\/wp\/v2\/pages\/1098\/revisions\/24656"}],"up":[{"embeddable":true,"href":"https:\/\/mythslegendes.com\/es\/wp-json\/wp\/v2\/pages\/1004"}],"wp:attachment":[{"href":"https:\/\/mythslegendes.com\/es\/wp-json\/wp\/v2\/media?parent=1098"}],"curies":[{"name":"wp","href":"https:\/\/api.w.org\/{rel}","templated":true}]}}