{"id":1102,"date":"2020-06-23T09:55:56","date_gmt":"2020-06-23T08:55:56","guid":{"rendered":"https:\/\/mythslegendes.com\/?page_id=1102"},"modified":"2022-12-03T22:07:02","modified_gmt":"2022-12-03T22:07:02","slug":"une-sorciere-dans-leglise","status":"publish","type":"page","link":"https:\/\/mythslegendes.com\/es\/mitologia-vasca\/una-bruja-en-la-iglesia\/","title":{"rendered":"Una bruja en la iglesia"},"content":{"rendered":"<div data-elementor-type=\"wp-page\" data-elementor-id=\"1102\" class=\"elementor elementor-1102\">\n\t\t\t\t\t\t<section class=\"elementor-section elementor-top-section elementor-element elementor-element-551fb9a elementor-section-boxed elementor-section-height-default elementor-section-height-default\" data-id=\"551fb9a\" data-element_type=\"section\" data-e-type=\"section\">\n\t\t\t\t\t\t<div class=\"elementor-container elementor-column-gap-default\">\n\t\t\t\t\t<div class=\"elementor-column elementor-col-50 elementor-top-column elementor-element elementor-element-fbe1502\" data-id=\"fbe1502\" data-element_type=\"column\" data-e-type=\"column\">\n\t\t\t<div class=\"elementor-widget-wrap elementor-element-populated\">\n\t\t\t\t\t\t<div class=\"elementor-element elementor-element-789b5a8 elementor-align-justify elementor-widget elementor-widget-button\" data-id=\"789b5a8\" data-element_type=\"widget\" data-e-type=\"widget\" data-widget_type=\"button.default\">\n\t\t\t\t<div class=\"elementor-widget-container\">\n\t\t\t\t\t\t\t\t\t<div class=\"elementor-button-wrapper\">\n\t\t\t\t\t<a class=\"elementor-button elementor-button-link elementor-size-sm\" href=\"https:\/\/mythslegendes.com\/es\/mitologia-vasca\/\">\n\t\t\t\t\t\t<span class=\"elementor-button-content-wrapper\">\n\t\t\t\t\t\t\t\t\t<span class=\"elementor-button-text\">Mitolog\u00eda vasca<\/span>\n\t\t\t\t\t<\/span>\n\t\t\t\t\t<\/a>\n\t\t\t\t<\/div>\n\t\t\t\t\t\t\t\t<\/div>\n\t\t\t\t<\/div>\n\t\t\t\t\t<\/div>\n\t\t<\/div>\n\t\t\t\t<div class=\"elementor-column elementor-col-50 elementor-top-column elementor-element elementor-element-78a447e\" data-id=\"78a447e\" data-element_type=\"column\" data-e-type=\"column\">\n\t\t\t<div class=\"elementor-widget-wrap elementor-element-populated\">\n\t\t\t\t\t\t<div class=\"elementor-element elementor-element-8d55ac6 elementor-align-justify elementor-widget elementor-widget-button\" data-id=\"8d55ac6\" data-element_type=\"widget\" data-e-type=\"widget\" data-widget_type=\"button.default\">\n\t\t\t\t<div class=\"elementor-widget-container\">\n\t\t\t\t\t\t\t\t\t<div class=\"elementor-button-wrapper\">\n\t\t\t\t\t<a class=\"elementor-button elementor-button-link elementor-size-sm\" href=\"https:\/\/fr.wikipedia.org\/wiki\/Mythologie_basque\" target=\"_blank\" rel=\"noopener\">\n\t\t\t\t\t\t<span class=\"elementor-button-content-wrapper\">\n\t\t\t\t\t\t\t\t\t<span class=\"elementor-button-text\">Wiki<\/span>\n\t\t\t\t\t<\/span>\n\t\t\t\t\t<\/a>\n\t\t\t\t<\/div>\n\t\t\t\t\t\t\t\t<\/div>\n\t\t\t\t<\/div>\n\t\t\t\t\t<\/div>\n\t\t<\/div>\n\t\t\t\t\t<\/div>\n\t\t<\/section>\n\t\t\t\t<section class=\"elementor-section elementor-top-section elementor-element elementor-element-688edbf6 elementor-section-boxed elementor-section-height-default elementor-section-height-default\" data-id=\"688edbf6\" data-element_type=\"section\" data-e-type=\"section\">\n\t\t\t\t\t\t<div class=\"elementor-container elementor-column-gap-default\">\n\t\t\t\t\t<div class=\"elementor-column elementor-col-100 elementor-top-column elementor-element elementor-element-74e43613\" data-id=\"74e43613\" data-element_type=\"column\" data-e-type=\"column\">\n\t\t\t<div class=\"elementor-widget-wrap elementor-element-populated\">\n\t\t\t\t\t\t<div class=\"elementor-element elementor-element-24da9cdc elementor-widget elementor-widget-text-editor\" data-id=\"24da9cdc\" data-element_type=\"widget\" data-e-type=\"widget\" data-widget_type=\"text-editor.default\">\n\t\t\t\t<div class=\"elementor-widget-container\">\n\t\t\t\t\t\t\t\t\t<p><\/p>\n<p>Aqu\u00ed est\u00e1 la historia de la bruja en la iglesia.<\/p>\n<p><img decoding=\"async\" class=\"alignnone wp-image-5284 size-full\" src=\"https:\/\/mythslegendes.com\/wp-content\/uploads\/2020\/09\/AlphaOmega-e1602613368367.png\" alt=\"la bruja en la iglesia\" width=\"25\" height=\"26\" title=\"\"><\/p>\n<div id=\"ez-toc-container\" class=\"ez-toc-v2_0_82_2 counter-hierarchy ez-toc-counter ez-toc-grey ez-toc-container-direction\">\n<div class=\"ez-toc-title-container\">\n<p class=\"ez-toc-title\" style=\"cursor:inherit\">Contenido<\/p>\n<span class=\"ez-toc-title-toggle\"><a href=\"#\" class=\"ez-toc-pull-right ez-toc-btn ez-toc-btn-xs ez-toc-btn-default ez-toc-toggle\" aria-label=\"Alternar tabla de contenidos\"><span class=\"ez-toc-js-icon-con\"><span class=\"\"><span class=\"eztoc-hide\" style=\"display:none;\">Palanca<\/span><span class=\"ez-toc-icon-toggle-span\"><svg style=\"fill: #999;color:#999\" xmlns=\"http:\/\/www.w3.org\/2000\/svg\" class=\"list-377408\" width=\"20px\" height=\"20px\" viewbox=\"0 0 24 24\" fill=\"none\"><path d=\"M6 6H4v2h2V6zm14 0H8v2h12V6zM4 11h2v2H4v-2zm16 0H8v2h12v-2zM4 16h2v2H4v-2zm16 0H8v2h12v-2z\" fill=\"currentColor\"><\/path><\/svg><svg style=\"fill: #999;color:#999\" class=\"arrow-unsorted-368013\" xmlns=\"http:\/\/www.w3.org\/2000\/svg\" width=\"10px\" height=\"10px\" viewbox=\"0 0 24 24\" version=\"1.2\" baseprofile=\"tiny\"><path d=\"M18.2 9.3l-6.2-6.3-6.2 6.3c-.2.2-.3.4-.3.7s.1.5.3.7c.2.2.4.3.7.3h11c.3 0 .5-.1.7-.3.2-.2.3-.5.3-.7s-.1-.5-.3-.7zM5.8 14.7l6.2 6.3 6.2-6.3c.2-.2.3-.5.3-.7s-.1-.5-.3-.7c-.2-.2-.4-.3-.7-.3h-11c-.3 0-.5.1-.7.3-.2.2-.3.5-.3.7s.1.5.3.7z\"\/><\/svg><\/span><\/span><\/span><\/a><\/span><\/div>\n<nav><ul class='ez-toc-list ez-toc-list-level-1' ><li class='ez-toc-page-1 ez-toc-heading-level-2'><a class=\"ez-toc-link ez-toc-heading-1\" href=\"https:\/\/mythslegendes.com\/es\/mitologia-vasca\/una-bruja-en-la-iglesia\/#La-sorciere-dans-leglise\" >La bruja en la iglesia<\/a><\/li><\/ul><\/nav><\/div>\n<h2><span class=\"ez-toc-section\" id=\"La-sorciere-dans-leglise\"><\/span>La bruja en la iglesia<span class=\"ez-toc-section-end\"><\/span><\/h2>\n<p>Una pareja de Artekale tuvo un hijo enfermo. Como la enfermedad que lo aquejaba sorprendi\u00f3 a los m\u00e9dicos, incapaces de curar a pesar de su ciencia, se pens\u00f3 que este afecto solo pod\u00eda ser el resultado de un begizko (dolor en los ojos, poder de herir a trav\u00e9s de los ojos) debido a cualquier brujo.<\/p>\n<p><\/p>\n<p>Un vecino que ten\u00eda algunos conocimientos de curaci\u00f3n y despu\u00e9s de ver al peque\u00f1o, recomend\u00f3 a los padres:<br \/>Poner un pollo, atravesado por treinta y tres alfileres en forma de cruz, a cocinar en una olla. As\u00ed, la persona que le habr\u00e1 lanzado un hechizo se dejar\u00e1 ver por aqu\u00ed. As\u00ed lo hicieron. Despu\u00e9s de haber formado una cruz con treinta y tres alfileres que fijaron en la pata amarilla del pollo, la echaron en la olla llena de agua y la pusieron a hervir. <\/p>\n<p>Para evitar que se escape el vapor, fijaron la tapa con barro amasado, cuidando que no quedaran grietas. Menos de media hora despu\u00e9s se present\u00f3 la madre del cura de Abadiano. Era una anciana, arrugada y aparentemente humilde e inofensiva. Cuando se le abri\u00f3 la puerta de la casa, grit\u00f3 con evidente nerviosismo:<br \/>- \u00a1Quita esa olla del fuego!<\/p>\n<p><\/p>\n<p>La gente de la casa no pod\u00eda creer que esta anciana fuera una bruja que hab\u00eda lanzado un hechizo sobre el peque\u00f1o. Quien lo hubiera creido ? \u00a1nada menos que la madre del cura! Recuper\u00e1ndose r\u00e1pidamente de la primera impresi\u00f3n, los padres del peque\u00f1o, que hab\u00eda sido advertido por la curandera, respondieron a la anciana con frialdad:<br \/>- Sacaremos el pollo de la olla, pero primero debes prometernos que nunca volver\u00e1s a lastimar a los miembros de nuestra familia.<\/p>\n<p><\/p>\n<p>La anciana prometi\u00f3 con mucha impaciencia. Sacaron el pollo de la olla y la anciana regres\u00f3 a su casa, tranquilizada. Esa misma noche, el peque\u00f1o mostr\u00f3 signos de mejor\u00eda y se encontr\u00f3 completamente curado a la ma\u00f1ana siguiente. La noticia de la maldici\u00f3n y posterior recuperaci\u00f3n de la peque\u00f1a v\u00edctima se extendi\u00f3 como la p\u00f3lvora entre los habitantes de Durango. La noticia se difundi\u00f3 r\u00e1pidamente, adem\u00e1s, el nombre de la bruja, madre del cura de Abadiano, \u00a1creo que s\u00ed !. Unas horas despu\u00e9s, el cura escuch\u00f3 esta noticia y tuvo el mayor disgusto de su vida.<\/p>\n<p><\/p>\n<p>Pasaron unos d\u00edas, durante los cuales, profundamente angustiado, el hijo de la bruja comenz\u00f3 a observarla discretamente. Sin hacer nada extraordinario, nada fuera de lo com\u00fan, siendo valiente adem\u00e1s, al menos en apariencia, nuestro p\u00e1rroco no crey\u00f3 estos comentarios. \u00bfPodr\u00eda ser el resultado de un malentendido? \u00bfPodr\u00eda ser esto el resultado de varias coincidencias tristes?<\/p>\n<p><\/p>\n<p>Un d\u00eda, para comprobar si su madre era realmente una bruja, despu\u00e9s de haber celebrado la misa, el sacerdote dej\u00f3 el misal abierto sobre el altar. Luego sali\u00f3 de la iglesia y se dedic\u00f3 a sus asuntos habituales toda la ma\u00f1ana. Adem\u00e1s, al llegar a casa al mediod\u00eda, encontr\u00f3 el almuerzo preparado para dos, como de costumbre, pero su madre no estaba presente. Esta \u00faltima muy tarde, el p\u00e1rroco envi\u00f3 al ama de llaves a la iglesia para ver si su madre estaba all\u00ed. <\/p>\n<p>Camin\u00f3 entonces hacia la iglesia y al entrar en la nave descubri\u00f3 con asombro que la anciana segu\u00eda parada cerca de la puerta. Estaba petrificada y ten\u00eda una expresi\u00f3n de terror, la mirada fija en el misal abierto sobre el altar. Sin atreverse a acercarse a ella, la criada la llam\u00f3:<br \/>- \u00a1Se\u00f1ora, su hijo le pide que vuelva a casa r\u00e1pidamente!<\/p>\n<p><\/p>\n<p>Sin apartar la mirada del misal, la anciana grit\u00f3 con voz alt\u00edsima:<br \/>- \u00a1Dile en cambio que venga aqu\u00ed y saque de all\u00ed lo que dej\u00f3 abierto!<\/p>\n<p><\/p>\n<p>El criado no tuvo que dec\u00edrselo dos veces y corri\u00f3 a la casa del sacerdote. Al verla llegar tan p\u00e1lida, el sacerdote entendi\u00f3 todo de inmediato. El sirviente le explic\u00f3 lo que estaba pasando y sin perder tiempo, camin\u00f3 hacia la iglesia. Su madre segu\u00eda en medio de la nave central, cerca de la puerta, r\u00edgida y aterrorizada, mirando con ojos desorbitados el misal abierto.<\/p>\n<p>Sin detenerse a hablar con ella, su hijo subi\u00f3 al altar y cerr\u00f3 la <a href=\"https:\/\/mythslegendes.com\/es\/bibliotecas-de-libros\/\">libro<\/a> lit\u00fargico. De regreso a casa, la madre presa tiene todo este nerviosismo y tiene que irse a la cama. Sin dejarse intimidar por todos estos hechos, el sacerdote decidi\u00f3 corregir r\u00e1pidamente a su madre. Se dice que con mucho esfuerzo y conjuros, la anciana abandon\u00f3 la brujer\u00eda.<\/p>\n<p><\/p>\t\t\t\t\t\t\t\t<\/div>\n\t\t\t\t<\/div>\n\t\t\t\t\t<\/div>\n\t\t<\/div>\n\t\t\t\t\t<\/div>\n\t\t<\/section>\n\t\t\t\t<\/div>","protected":false},"excerpt":{"rendered":"<p>Mythologie Basque Wiki Voici l&rsquo;histoire de la sorci\u00e8re dans l&rsquo;\u00e9glise. La sorci\u00e8re dans l&rsquo;\u00e9glise Un couple de Artekale avait un &hellip; <\/p>","protected":false},"author":1,"featured_media":0,"parent":1004,"menu_order":0,"comment_status":"closed","ping_status":"closed","template":"","meta":{"footnotes":""},"class_list":["post-1102","page","type-page","status-publish","hentry"],"amp_enabled":true,"_links":{"self":[{"href":"https:\/\/mythslegendes.com\/es\/wp-json\/wp\/v2\/pages\/1102","targetHints":{"allow":["GET"]}}],"collection":[{"href":"https:\/\/mythslegendes.com\/es\/wp-json\/wp\/v2\/pages"}],"about":[{"href":"https:\/\/mythslegendes.com\/es\/wp-json\/wp\/v2\/types\/page"}],"author":[{"embeddable":true,"href":"https:\/\/mythslegendes.com\/es\/wp-json\/wp\/v2\/users\/1"}],"replies":[{"embeddable":true,"href":"https:\/\/mythslegendes.com\/es\/wp-json\/wp\/v2\/comments?post=1102"}],"version-history":[{"count":1,"href":"https:\/\/mythslegendes.com\/es\/wp-json\/wp\/v2\/pages\/1102\/revisions"}],"predecessor-version":[{"id":24657,"href":"https:\/\/mythslegendes.com\/es\/wp-json\/wp\/v2\/pages\/1102\/revisions\/24657"}],"up":[{"embeddable":true,"href":"https:\/\/mythslegendes.com\/es\/wp-json\/wp\/v2\/pages\/1004"}],"wp:attachment":[{"href":"https:\/\/mythslegendes.com\/es\/wp-json\/wp\/v2\/media?parent=1102"}],"curies":[{"name":"wp","href":"https:\/\/api.w.org\/{rel}","templated":true}]}}