{"id":1106,"date":"2020-06-23T09:59:06","date_gmt":"2020-06-23T08:59:06","guid":{"rendered":"https:\/\/mythslegendes.com\/?page_id=1106"},"modified":"2022-12-03T22:07:02","modified_gmt":"2022-12-03T22:07:02","slug":"la-sorciere-danboto","status":"publish","type":"page","link":"https:\/\/mythslegendes.com\/es\/mitologia-vasca\/la-bruja-danboto\/","title":{"rendered":"La bruja de Anboto"},"content":{"rendered":"<div data-elementor-type=\"wp-page\" data-elementor-id=\"1106\" class=\"elementor elementor-1106\">\n\t\t\t\t\t\t<section class=\"elementor-section elementor-top-section elementor-element elementor-element-ff438a4 elementor-section-boxed elementor-section-height-default elementor-section-height-default\" data-id=\"ff438a4\" data-element_type=\"section\" data-e-type=\"section\">\n\t\t\t\t\t\t<div class=\"elementor-container elementor-column-gap-default\">\n\t\t\t\t\t<div class=\"elementor-column elementor-col-50 elementor-top-column elementor-element elementor-element-aa2b5c3\" data-id=\"aa2b5c3\" data-element_type=\"column\" data-e-type=\"column\">\n\t\t\t<div class=\"elementor-widget-wrap elementor-element-populated\">\n\t\t\t\t\t\t<div class=\"elementor-element elementor-element-644f0e5 elementor-align-justify elementor-widget elementor-widget-button\" data-id=\"644f0e5\" data-element_type=\"widget\" data-e-type=\"widget\" data-widget_type=\"button.default\">\n\t\t\t\t<div class=\"elementor-widget-container\">\n\t\t\t\t\t\t\t\t\t<div class=\"elementor-button-wrapper\">\n\t\t\t\t\t<a class=\"elementor-button elementor-button-link elementor-size-sm\" href=\"https:\/\/mythslegendes.com\/es\/mitologia-vasca\/\">\n\t\t\t\t\t\t<span class=\"elementor-button-content-wrapper\">\n\t\t\t\t\t\t\t\t\t<span class=\"elementor-button-text\">Mitolog\u00eda vasca<\/span>\n\t\t\t\t\t<\/span>\n\t\t\t\t\t<\/a>\n\t\t\t\t<\/div>\n\t\t\t\t\t\t\t\t<\/div>\n\t\t\t\t<\/div>\n\t\t\t\t\t<\/div>\n\t\t<\/div>\n\t\t\t\t<div class=\"elementor-column elementor-col-50 elementor-top-column elementor-element elementor-element-0b07e37\" data-id=\"0b07e37\" data-element_type=\"column\" data-e-type=\"column\">\n\t\t\t<div class=\"elementor-widget-wrap elementor-element-populated\">\n\t\t\t\t\t\t<div class=\"elementor-element elementor-element-cd7181e elementor-align-justify elementor-widget elementor-widget-button\" data-id=\"cd7181e\" data-element_type=\"widget\" data-e-type=\"widget\" data-widget_type=\"button.default\">\n\t\t\t\t<div class=\"elementor-widget-container\">\n\t\t\t\t\t\t\t\t\t<div class=\"elementor-button-wrapper\">\n\t\t\t\t\t<a class=\"elementor-button elementor-button-link elementor-size-sm\" href=\"https:\/\/fr.wikipedia.org\/wiki\/Mythologie_basque\" target=\"_blank\" rel=\"noopener\">\n\t\t\t\t\t\t<span class=\"elementor-button-content-wrapper\">\n\t\t\t\t\t\t\t\t\t<span class=\"elementor-button-text\">Wiki<\/span>\n\t\t\t\t\t<\/span>\n\t\t\t\t\t<\/a>\n\t\t\t\t<\/div>\n\t\t\t\t\t\t\t\t<\/div>\n\t\t\t\t<\/div>\n\t\t\t\t\t<\/div>\n\t\t<\/div>\n\t\t\t\t\t<\/div>\n\t\t<\/section>\n\t\t\t\t<section class=\"elementor-section elementor-top-section elementor-element elementor-element-5c74b15f elementor-section-boxed elementor-section-height-default elementor-section-height-default\" data-id=\"5c74b15f\" data-element_type=\"section\" data-e-type=\"section\">\n\t\t\t\t\t\t<div class=\"elementor-container elementor-column-gap-default\">\n\t\t\t\t\t<div class=\"elementor-column elementor-col-100 elementor-top-column elementor-element elementor-element-aae437a\" data-id=\"aae437a\" data-element_type=\"column\" data-e-type=\"column\">\n\t\t\t<div class=\"elementor-widget-wrap elementor-element-populated\">\n\t\t\t\t\t\t<div class=\"elementor-element elementor-element-36293288 elementor-widget elementor-widget-text-editor\" data-id=\"36293288\" data-element_type=\"widget\" data-e-type=\"widget\" data-widget_type=\"text-editor.default\">\n\t\t\t\t<div class=\"elementor-widget-container\">\n\t\t\t\t\t\t\t\t\t<p><\/p>\n<p>Esta es la historia de la bruja de Anboto.<\/p>\n<p><img decoding=\"async\" class=\"alignnone wp-image-5284 size-full\" src=\"https:\/\/mythslegendes.com\/wp-content\/uploads\/2020\/09\/AlphaOmega-e1602613368367.png\" alt=\"la bruja de anboto\" width=\"25\" height=\"26\" title=\"\"><\/p>\n<div id=\"ez-toc-container\" class=\"ez-toc-v2_0_82_2 counter-hierarchy ez-toc-counter ez-toc-grey ez-toc-container-direction\">\n<div class=\"ez-toc-title-container\">\n<p class=\"ez-toc-title\" style=\"cursor:inherit\">Contenido<\/p>\n<span class=\"ez-toc-title-toggle\"><a href=\"#\" class=\"ez-toc-pull-right ez-toc-btn ez-toc-btn-xs ez-toc-btn-default ez-toc-toggle\" aria-label=\"Alternar tabla de contenidos\"><span class=\"ez-toc-js-icon-con\"><span class=\"\"><span class=\"eztoc-hide\" style=\"display:none;\">Palanca<\/span><span class=\"ez-toc-icon-toggle-span\"><svg style=\"fill: #999;color:#999\" xmlns=\"http:\/\/www.w3.org\/2000\/svg\" class=\"list-377408\" width=\"20px\" height=\"20px\" viewbox=\"0 0 24 24\" fill=\"none\"><path d=\"M6 6H4v2h2V6zm14 0H8v2h12V6zM4 11h2v2H4v-2zm16 0H8v2h12v-2zM4 16h2v2H4v-2zm16 0H8v2h12v-2z\" fill=\"currentColor\"><\/path><\/svg><svg style=\"fill: #999;color:#999\" class=\"arrow-unsorted-368013\" xmlns=\"http:\/\/www.w3.org\/2000\/svg\" width=\"10px\" height=\"10px\" viewbox=\"0 0 24 24\" version=\"1.2\" baseprofile=\"tiny\"><path d=\"M18.2 9.3l-6.2-6.3-6.2 6.3c-.2.2-.3.4-.3.7s.1.5.3.7c.2.2.4.3.7.3h11c.3 0 .5-.1.7-.3.2-.2.3-.5.3-.7s-.1-.5-.3-.7zM5.8 14.7l6.2 6.3 6.2-6.3c.2-.2.3-.5.3-.7s-.1-.5-.3-.7c-.2-.2-.4-.3-.7-.3h-11c-.3 0-.5.1-.7.3-.2.2-.3.5-.3.7s.1.5.3.7z\"\/><\/svg><\/span><\/span><\/span><\/a><\/span><\/div>\n<nav><ul class='ez-toc-list ez-toc-list-level-1' ><li class='ez-toc-page-1 ez-toc-heading-level-2'><a class=\"ez-toc-link ez-toc-heading-1\" href=\"https:\/\/mythslegendes.com\/es\/mitologia-vasca\/la-bruja-danboto\/#La-sorciere-dAnboto\" >La bruja de Anboto<\/a><\/li><\/ul><\/nav><\/div>\n<h2><span class=\"ez-toc-section\" id=\"La-sorciere-dAnboto\"><\/span>La bruja de Anboto<span class=\"ez-toc-section-end\"><\/span><\/h2>\n<p>Se cuenta que, deseando descendencia, una mujer noble, despu\u00e9s de varios a\u00f1os de matrimonio sin haber tenido un hijo, pasaba su tiempo en la iglesia implorando a todos los santos del cielo que fuera madre de una hija. Se dice que por su determinaci\u00f3n de dar a luz a una ni\u00f1a, gast\u00f3 buena parte de su fortuna en ofrendas y donaciones a la iglesia con el fin de obtener la gracia de Dios.<\/p>\n<p><\/p>\n<p><\/p>\n<p>Tambi\u00e9n se dice que, por las mismas razones, rezaba constantemente a la virgen rebosante de fervor. Pero, tambi\u00e9n se dice que, cansada de no ser escuchada en sus oraciones por estas famosas deidades, un d\u00eda abandon\u00f3 el templo, llena de ira, se plant\u00f3 en medio del p\u00f3rtico y, alzando al m\u00e1ximo la voz para que todos pod\u00edan o\u00edrla o\u00edr, vociferaba en su delirio:<\/p>\n<p>\u2013 \u00a1Ni Dios ni la virgen ni los santos del cielo escuchan mi pedido, llamo al diablo para pedirle una ni\u00f1a, para que se la lleve en su vig\u00e9simo cumplea\u00f1os!<\/p>\n<p><\/p>\n<p><\/p>\n<p>Cuando le o\u00edmos decir tal cosa, nos santiguamos a toda prisa, consider\u00e1ndolo unos una blasfemia, otros consternados de o\u00edr que tal tonter\u00eda se deb\u00eda al origen de su desgracia.<\/p>\n<p><\/p>\n<p><\/p>\n<p>Mejor, los vecinos de la se\u00f1ora se escandalizaron y sorprendieron, dominados por cierto susto cuando poco despu\u00e9s anunci\u00f3 que estaba embarazada. Car, en effet, on dit que cette femme si d\u00e9sireuse fut enceinte et que la grossesse fut normale durant laquelle elle n&#039;eut aucun contretemps, ni la moindre indisposition o\u00f9 maladie et qu&#039;elle mis au monde une belle petite fille, souriante, aux cabellos rubios.<\/p>\n<p>Pero, un d\u00eda, vi\u00e9ndola tan linda y a pesar de la felicidad de ser madre y sobre todo recordando con profunda preocupaci\u00f3n estas c\u00e9lebres palabras dichas al diablo, decidi\u00f3 hacer algo para proteger a su hija.<\/p>\n<p><\/p>\n<p><\/p>\n<p>\u00bfQu\u00e9 hizo esta madre? Se dice que no tuvo otra idea que la de mandar hacer una urna de cristal, poner en ella al ni\u00f1o y pasarse horas contempl\u00e1ndola. As\u00ed, d\u00eda tras d\u00eda, semana tras semana, mes tras mes, durante veinte a\u00f1os. Y no otro d\u00eda. El d\u00eda de su 20 cumplea\u00f1os y ante la impotencia, el dolor y la desesperaci\u00f3n de esta madre, apareci\u00f3 el diablo, rompi\u00f3 la urna con un estruendo ensordecedor, agarr\u00f3 a la ni\u00f1a por los cabellos y se la llev\u00f3 por los aires sin que nadie absolutamente nadie pudiera detenerlo.<\/p>\n<p><\/p>\n<p><\/p>\n<p>Se dice que el diablo llev\u00f3 a la joven a la cima del Anboto, a una cueva donde luego fue vista. Se dice que esta caverna es la espectacular Sorginkoba (Cueva de las Brujas), accesible por escaladores experimentados y mirando hacia el desfiladero de Arrazola. Se dice que la bruja en cuesti\u00f3n no es otra que la Dama o Bruja de Anboto, a la que a veces se ve sentada en la entrada, peinando su hermosa cabellera dorada con un peine de oro. Se dice que a veces, convertida en bola de fuego, cruza el firmamento hacia los territorios costeros de Gipuzkoa y cuando esto suced\u00eda era se\u00f1al de mal tiempo.<\/p>\n<p><\/p>\n<p><\/p>\n<p>Por supuesto tambi\u00e9n se dice que en realidad, la historia de la mujer que desea dar a luz a una hija y la urna es una bonita historia. Lo que realmente sucedi\u00f3 fue que la madre enojada maldijo a su hija de la siguiente manera:<br \/>&quot;Ojal\u00e1 vueles por los aires tantos a\u00f1os como semillas de jud\u00edas rojas contenidas en un fanegium&quot; (medida de capacidad: 55,5 litros).<\/p>\n<p><\/p>\n<p><\/p>\n<p>Desde entonces la ni\u00f1a pas\u00f3 siete a\u00f1os en Superlaur y otros siete en Anboto siguiendo un poderoso encantamiento.<\/p>\n<p><\/p>\t\t\t\t\t\t\t\t<\/div>\n\t\t\t\t<\/div>\n\t\t\t\t\t<\/div>\n\t\t<\/div>\n\t\t\t\t\t<\/div>\n\t\t<\/section>\n\t\t\t\t<\/div>","protected":false},"excerpt":{"rendered":"<p>Mythologie Basque Wiki Voici l&rsquo;histoire de la sorci\u00e8re d&rsquo;Anboto. La sorci\u00e8re d&rsquo;Anboto On dit que, d\u00e9sirant une descendance, une noble, &hellip; <\/p>","protected":false},"author":1,"featured_media":0,"parent":1004,"menu_order":0,"comment_status":"closed","ping_status":"closed","template":"","meta":{"footnotes":""},"class_list":["post-1106","page","type-page","status-publish","hentry"],"amp_enabled":true,"_links":{"self":[{"href":"https:\/\/mythslegendes.com\/es\/wp-json\/wp\/v2\/pages\/1106","targetHints":{"allow":["GET"]}}],"collection":[{"href":"https:\/\/mythslegendes.com\/es\/wp-json\/wp\/v2\/pages"}],"about":[{"href":"https:\/\/mythslegendes.com\/es\/wp-json\/wp\/v2\/types\/page"}],"author":[{"embeddable":true,"href":"https:\/\/mythslegendes.com\/es\/wp-json\/wp\/v2\/users\/1"}],"replies":[{"embeddable":true,"href":"https:\/\/mythslegendes.com\/es\/wp-json\/wp\/v2\/comments?post=1106"}],"version-history":[{"count":1,"href":"https:\/\/mythslegendes.com\/es\/wp-json\/wp\/v2\/pages\/1106\/revisions"}],"predecessor-version":[{"id":24658,"href":"https:\/\/mythslegendes.com\/es\/wp-json\/wp\/v2\/pages\/1106\/revisions\/24658"}],"up":[{"embeddable":true,"href":"https:\/\/mythslegendes.com\/es\/wp-json\/wp\/v2\/pages\/1004"}],"wp:attachment":[{"href":"https:\/\/mythslegendes.com\/es\/wp-json\/wp\/v2\/media?parent=1106"}],"curies":[{"name":"wp","href":"https:\/\/api.w.org\/{rel}","templated":true}]}}