{"id":1110,"date":"2020-06-23T10:00:41","date_gmt":"2020-06-23T09:00:41","guid":{"rendered":"https:\/\/mythslegendes.com\/?page_id=1110"},"modified":"2022-12-03T22:07:02","modified_gmt":"2022-12-03T22:07:02","slug":"le-cure-de-gerrikaitz-et-les-sorcieres","status":"publish","type":"page","link":"https:\/\/mythslegendes.com\/es\/mitologia-vasca\/la-cura-de-gerrikaitz-y-las-brujas\/","title":{"rendered":"El cura de Gerrikaitz y las brujas"},"content":{"rendered":"<div data-elementor-type=\"wp-page\" data-elementor-id=\"1110\" class=\"elementor elementor-1110\">\n\t\t\t\t\t\t<section class=\"elementor-section elementor-top-section elementor-element elementor-element-6e0d7bd elementor-section-boxed elementor-section-height-default elementor-section-height-default\" data-id=\"6e0d7bd\" data-element_type=\"section\" data-e-type=\"section\">\n\t\t\t\t\t\t<div class=\"elementor-container elementor-column-gap-default\">\n\t\t\t\t\t<div class=\"elementor-column elementor-col-50 elementor-top-column elementor-element elementor-element-71b3ea3\" data-id=\"71b3ea3\" data-element_type=\"column\" data-e-type=\"column\">\n\t\t\t<div class=\"elementor-widget-wrap elementor-element-populated\">\n\t\t\t\t\t\t<div class=\"elementor-element elementor-element-40596d5 elementor-align-justify elementor-widget elementor-widget-button\" data-id=\"40596d5\" data-element_type=\"widget\" data-e-type=\"widget\" data-widget_type=\"button.default\">\n\t\t\t\t<div class=\"elementor-widget-container\">\n\t\t\t\t\t\t\t\t\t<div class=\"elementor-button-wrapper\">\n\t\t\t\t\t<a class=\"elementor-button elementor-button-link elementor-size-sm\" href=\"https:\/\/mythslegendes.com\/es\/mitologia-vasca\/\">\n\t\t\t\t\t\t<span class=\"elementor-button-content-wrapper\">\n\t\t\t\t\t\t\t\t\t<span class=\"elementor-button-text\">Mitolog\u00eda vasca<\/span>\n\t\t\t\t\t<\/span>\n\t\t\t\t\t<\/a>\n\t\t\t\t<\/div>\n\t\t\t\t\t\t\t\t<\/div>\n\t\t\t\t<\/div>\n\t\t\t\t\t<\/div>\n\t\t<\/div>\n\t\t\t\t<div class=\"elementor-column elementor-col-50 elementor-top-column elementor-element elementor-element-f56b927\" data-id=\"f56b927\" data-element_type=\"column\" data-e-type=\"column\">\n\t\t\t<div class=\"elementor-widget-wrap elementor-element-populated\">\n\t\t\t\t\t\t<div class=\"elementor-element elementor-element-b4a2ad4 elementor-align-justify elementor-widget elementor-widget-button\" data-id=\"b4a2ad4\" data-element_type=\"widget\" data-e-type=\"widget\" data-widget_type=\"button.default\">\n\t\t\t\t<div class=\"elementor-widget-container\">\n\t\t\t\t\t\t\t\t\t<div class=\"elementor-button-wrapper\">\n\t\t\t\t\t<a class=\"elementor-button elementor-button-link elementor-size-sm\" href=\"https:\/\/fr.wikipedia.org\/wiki\/Mythologie_basque\" target=\"_blank\" rel=\"noopener\">\n\t\t\t\t\t\t<span class=\"elementor-button-content-wrapper\">\n\t\t\t\t\t\t\t\t\t<span class=\"elementor-button-text\">Wiki<\/span>\n\t\t\t\t\t<\/span>\n\t\t\t\t\t<\/a>\n\t\t\t\t<\/div>\n\t\t\t\t\t\t\t\t<\/div>\n\t\t\t\t<\/div>\n\t\t\t\t\t<\/div>\n\t\t<\/div>\n\t\t\t\t\t<\/div>\n\t\t<\/section>\n\t\t\t\t<section class=\"elementor-section elementor-top-section elementor-element elementor-element-1739cd39 elementor-section-boxed elementor-section-height-default elementor-section-height-default\" data-id=\"1739cd39\" data-element_type=\"section\" data-e-type=\"section\">\n\t\t\t\t\t\t<div class=\"elementor-container elementor-column-gap-default\">\n\t\t\t\t\t<div class=\"elementor-column elementor-col-100 elementor-top-column elementor-element elementor-element-576de71\" data-id=\"576de71\" data-element_type=\"column\" data-e-type=\"column\">\n\t\t\t<div class=\"elementor-widget-wrap elementor-element-populated\">\n\t\t\t\t\t\t<div class=\"elementor-element elementor-element-69306f94 elementor-widget elementor-widget-text-editor\" data-id=\"69306f94\" data-element_type=\"widget\" data-e-type=\"widget\" data-widget_type=\"text-editor.default\">\n\t\t\t\t<div class=\"elementor-widget-container\">\n\t\t\t\t\t\t\t\t\t<p><\/p>\n<p>El cura de Gerrikaitz no cre\u00eda en las brujas. Por esto repet\u00eda todos los d\u00edas a los feligreses: <\/p>\n<p>\u2013 Criaturas ignorantes y cr\u00e9dulas, no hay brujas, nunca las ha habido y nunca las habr\u00e1\u2026 Porque las brujas son la imaginaci\u00f3n del diablo para asustar a las almas inocentes como t\u00fa. Las brujas son una superstici\u00f3n, la invenci\u00f3n de un esp\u00edritu maligno para burlarse de la humanidad. \u00a1Criaturas est\u00fapidas, estos feligreses que se dejaron enga\u00f1ar por viejas cari\u00f1osas! Hubieran hecho mejor en aprender el catecismo como corresponde y dejar las tonter\u00edas.<\/p>\n<p><img decoding=\"async\" class=\"alignnone wp-image-5284 size-full\" src=\"https:\/\/mythslegendes.com\/wp-content\/uploads\/2020\/09\/AlphaOmega-e1602613368367.png\" alt=\"El p\u00e1rroco de Gerrikaitz\" width=\"25\" height=\"26\" title=\"\"><\/p>\n<div id=\"ez-toc-container\" class=\"ez-toc-v2_0_82_2 counter-hierarchy ez-toc-counter ez-toc-grey ez-toc-container-direction\">\n<div class=\"ez-toc-title-container\">\n<p class=\"ez-toc-title\" style=\"cursor:inherit\">Contenido<\/p>\n<span class=\"ez-toc-title-toggle\"><a href=\"#\" class=\"ez-toc-pull-right ez-toc-btn ez-toc-btn-xs ez-toc-btn-default ez-toc-toggle\" aria-label=\"Alternar tabla de contenidos\"><span class=\"ez-toc-js-icon-con\"><span class=\"\"><span class=\"eztoc-hide\" style=\"display:none;\">Palanca<\/span><span class=\"ez-toc-icon-toggle-span\"><svg style=\"fill: #999;color:#999\" xmlns=\"http:\/\/www.w3.org\/2000\/svg\" class=\"list-377408\" width=\"20px\" height=\"20px\" viewbox=\"0 0 24 24\" fill=\"none\"><path d=\"M6 6H4v2h2V6zm14 0H8v2h12V6zM4 11h2v2H4v-2zm16 0H8v2h12v-2zM4 16h2v2H4v-2zm16 0H8v2h12v-2z\" fill=\"currentColor\"><\/path><\/svg><svg style=\"fill: #999;color:#999\" class=\"arrow-unsorted-368013\" xmlns=\"http:\/\/www.w3.org\/2000\/svg\" width=\"10px\" height=\"10px\" viewbox=\"0 0 24 24\" version=\"1.2\" baseprofile=\"tiny\"><path d=\"M18.2 9.3l-6.2-6.3-6.2 6.3c-.2.2-.3.4-.3.7s.1.5.3.7c.2.2.4.3.7.3h11c.3 0 .5-.1.7-.3.2-.2.3-.5.3-.7s-.1-.5-.3-.7zM5.8 14.7l6.2 6.3 6.2-6.3c.2-.2.3-.5.3-.7s-.1-.5-.3-.7c-.2-.2-.4-.3-.7-.3h-11c-.3 0-.5.1-.7.3-.2.2-.3.5-.3.7s.1.5.3.7z\"\/><\/svg><\/span><\/span><\/span><\/a><\/span><\/div>\n<nav><ul class='ez-toc-list ez-toc-list-level-1' ><li class='ez-toc-page-1 ez-toc-heading-level-2'><a class=\"ez-toc-link ez-toc-heading-1\" href=\"https:\/\/mythslegendes.com\/es\/mitologia-vasca\/la-cura-de-gerrikaitz-y-las-brujas\/#Le-cure-de-Gerrikaitz\" >El p\u00e1rroco de Gerrikaitz<\/a><\/li><\/ul><\/nav><\/div>\n<h2><span class=\"ez-toc-section\" id=\"Le-cure-de-Gerrikaitz\"><\/span>El p\u00e1rroco de Gerrikaitz<span class=\"ez-toc-section-end\"><\/span><\/h2>\n<p><\/p>\n<p><\/p>\n<p>Pero no, al menos alguien susurr\u00f3 que hab\u00eda brujas en el pueblo porque hab\u00edan encontrado una vaca muerta o porque un ni\u00f1o estaba enfermo y las habladur\u00edas pronto llegaron a o\u00eddos del cura.<br \/>\u2013 No hay brujas, no hay brujas\u2026 En todo el mundo no hay una sola bruja. Pero, \u00bfc\u00f3mo voy a dec\u00edrtelo? bram\u00f3 en un nuevo serm\u00f3n. No hay brujas, no hay brujas, \u00a1m\u00e9telo en la cabeza de una vez por todas!<\/p>\n<p><\/p>\n<p><\/p>\n<p>Un d\u00eda, desde su p\u00falpito, desafiando la persistente creencia en las brujas de sus feligreses, despu\u00e9s de gritar una vez m\u00e1s negando su existencia, nuestro cura volvi\u00f3 a casa y se acost\u00f3 sin cenar.<\/p>\n<p><\/p>\n<p><\/p>\n<p>Se durmi\u00f3 de inmediato pero no fue un sue\u00f1o apacible y reparador sino agitado y sudoroso, se mov\u00eda en su cama rodeado de sombras pesadas y espesas.<\/p>\n<p><\/p>\n<p><\/p>\n<p>De repente un ruido lo despert\u00f3 con un sobresalto oblig\u00e1ndolo a sentarse en su cama como empujado por un resorte. Se calm\u00f3 por un momento cuando se dio cuenta de que lo que lo hab\u00eda despertado eran las campanas de la iglesia que indicaban la medianoche.<\/p>\n<p><\/p>\n<p><\/p>\n<p>Sin embargo, cuando el eco del golpe final se disip\u00f3 en el espacio y el monje estaba a punto de volver a la cama, una detonaci\u00f3n lo hizo incorporarse. Inmediatamente, como si brotara de millones o incluso miles de millones de gargantas hechizantes, escuch\u00f3 esta frase:<br \/>\u2013 \u00a1Ba gatituk! (Estamos aqu\u00ed !)<\/p>\n<p><\/p>\n<p><\/p>\n<p>Aterrado, temblando de miedo, con el cuerpo empapado en sudor fr\u00edo y sinti\u00e9ndose rodeado por un mill\u00f3n de ojos peque\u00f1os, brillantes y amenazantes, el sacerdote susurr\u00f3:<br \/>\u201c\u00a1Las brujas son brujas\u2026 y vienen por m\u00ed!<\/p>\n<p><\/p>\n<p><\/p>\n<p>Inmediatamente, llev\u00e1ndose una mano temblorosa a la frente para persignarse, implor\u00f3 con fervor:<br \/>\u201c\u00a1Ay\u00fadame, Dios m\u00edo!<\/p>\n<p><\/p>\n<p><\/p>\n<p>Inmediatamente, la oscuridad de la habitaci\u00f3n se volvi\u00f3 normal para esta hora. Ning\u00fan sonido perturbaba la quietud de la noche.<\/p>\n<p><\/p>\n<p><\/p>\n<p>Recuperado, un momento despu\u00e9s dej\u00f3 su cama y se par\u00f3 en la ventana. Nada especial en el exterior. Todo estaba en orden, como siempre. Finalmente decidi\u00f3 irse a la cama a pesar de que esa noche no pudo dormir.<\/p>\n<p><\/p>\n<p><\/p>\n<p>Desde entonces, y para sorpresa de sus feligreses, el buen cura nunca m\u00e1s volvi\u00f3 a negar la existencia de las brujas, y cuando alguien las mencionaba, se limitaba a persignarse y alejarse r\u00e1pidamente invocando una oraci\u00f3n, dej\u00e1ndolas con sus chismes.<\/p>\n<p><\/p>\t\t\t\t\t\t\t\t<\/div>\n\t\t\t\t<\/div>\n\t\t\t\t\t<\/div>\n\t\t<\/div>\n\t\t\t\t\t<\/div>\n\t\t<\/section>\n\t\t\t\t<\/div>","protected":false},"excerpt":{"rendered":"<p>Mythologie Basque Wiki Le cur\u00e9 de Gerrikaitz ne croyait pas aux sorci\u00e8res. Pour cela il ressassait tous les jours aux &hellip; <\/p>","protected":false},"author":1,"featured_media":0,"parent":1004,"menu_order":0,"comment_status":"closed","ping_status":"closed","template":"","meta":{"footnotes":""},"class_list":["post-1110","page","type-page","status-publish","hentry"],"amp_enabled":true,"_links":{"self":[{"href":"https:\/\/mythslegendes.com\/es\/wp-json\/wp\/v2\/pages\/1110","targetHints":{"allow":["GET"]}}],"collection":[{"href":"https:\/\/mythslegendes.com\/es\/wp-json\/wp\/v2\/pages"}],"about":[{"href":"https:\/\/mythslegendes.com\/es\/wp-json\/wp\/v2\/types\/page"}],"author":[{"embeddable":true,"href":"https:\/\/mythslegendes.com\/es\/wp-json\/wp\/v2\/users\/1"}],"replies":[{"embeddable":true,"href":"https:\/\/mythslegendes.com\/es\/wp-json\/wp\/v2\/comments?post=1110"}],"version-history":[{"count":1,"href":"https:\/\/mythslegendes.com\/es\/wp-json\/wp\/v2\/pages\/1110\/revisions"}],"predecessor-version":[{"id":24659,"href":"https:\/\/mythslegendes.com\/es\/wp-json\/wp\/v2\/pages\/1110\/revisions\/24659"}],"up":[{"embeddable":true,"href":"https:\/\/mythslegendes.com\/es\/wp-json\/wp\/v2\/pages\/1004"}],"wp:attachment":[{"href":"https:\/\/mythslegendes.com\/es\/wp-json\/wp\/v2\/media?parent=1110"}],"curies":[{"name":"wp","href":"https:\/\/api.w.org\/{rel}","templated":true}]}}