{"id":1115,"date":"2020-06-23T10:10:10","date_gmt":"2020-06-23T09:10:10","guid":{"rendered":"https:\/\/mythslegendes.com\/?page_id=1115"},"modified":"2022-12-03T22:07:02","modified_gmt":"2022-12-03T22:07:02","slug":"les-sorcieres-en-guipuzcoa","status":"publish","type":"page","link":"https:\/\/mythslegendes.com\/es\/mitologia-vasca\/las-brujas-en-guipuzcoa\/","title":{"rendered":"Brujas en Guipuzcoa"},"content":{"rendered":"<div data-elementor-type=\"wp-page\" data-elementor-id=\"1115\" class=\"elementor elementor-1115\">\n\t\t\t\t\t\t<section class=\"elementor-section elementor-top-section elementor-element elementor-element-3a8f56f elementor-section-boxed elementor-section-height-default elementor-section-height-default\" data-id=\"3a8f56f\" data-element_type=\"section\" data-e-type=\"section\">\n\t\t\t\t\t\t<div class=\"elementor-container elementor-column-gap-default\">\n\t\t\t\t\t<div class=\"elementor-column elementor-col-50 elementor-top-column elementor-element elementor-element-e349262\" data-id=\"e349262\" data-element_type=\"column\" data-e-type=\"column\">\n\t\t\t<div class=\"elementor-widget-wrap elementor-element-populated\">\n\t\t\t\t\t\t<div class=\"elementor-element elementor-element-0de8619 elementor-align-justify elementor-widget elementor-widget-button\" data-id=\"0de8619\" data-element_type=\"widget\" data-e-type=\"widget\" data-widget_type=\"button.default\">\n\t\t\t\t<div class=\"elementor-widget-container\">\n\t\t\t\t\t\t\t\t\t<div class=\"elementor-button-wrapper\">\n\t\t\t\t\t<a class=\"elementor-button elementor-button-link elementor-size-sm\" href=\"https:\/\/mythslegendes.com\/es\/mitologia-vasca\/\">\n\t\t\t\t\t\t<span class=\"elementor-button-content-wrapper\">\n\t\t\t\t\t\t\t\t\t<span class=\"elementor-button-text\">Mitolog\u00eda vasca<\/span>\n\t\t\t\t\t<\/span>\n\t\t\t\t\t<\/a>\n\t\t\t\t<\/div>\n\t\t\t\t\t\t\t\t<\/div>\n\t\t\t\t<\/div>\n\t\t\t\t\t<\/div>\n\t\t<\/div>\n\t\t\t\t<div class=\"elementor-column elementor-col-50 elementor-top-column elementor-element elementor-element-a648a42\" data-id=\"a648a42\" data-element_type=\"column\" data-e-type=\"column\">\n\t\t\t<div class=\"elementor-widget-wrap elementor-element-populated\">\n\t\t\t\t\t\t<div class=\"elementor-element elementor-element-39a15a0 elementor-align-justify elementor-widget elementor-widget-button\" data-id=\"39a15a0\" data-element_type=\"widget\" data-e-type=\"widget\" data-widget_type=\"button.default\">\n\t\t\t\t<div class=\"elementor-widget-container\">\n\t\t\t\t\t\t\t\t\t<div class=\"elementor-button-wrapper\">\n\t\t\t\t\t<a class=\"elementor-button elementor-button-link elementor-size-sm\" href=\"https:\/\/fr.wikipedia.org\/wiki\/Mythologie_basque\" target=\"_blank\" rel=\"noopener\">\n\t\t\t\t\t\t<span class=\"elementor-button-content-wrapper\">\n\t\t\t\t\t\t\t\t\t<span class=\"elementor-button-text\">Wiki<\/span>\n\t\t\t\t\t<\/span>\n\t\t\t\t\t<\/a>\n\t\t\t\t<\/div>\n\t\t\t\t\t\t\t\t<\/div>\n\t\t\t\t<\/div>\n\t\t\t\t\t<\/div>\n\t\t<\/div>\n\t\t\t\t\t<\/div>\n\t\t<\/section>\n\t\t\t\t<section class=\"elementor-section elementor-top-section elementor-element elementor-element-1165a20d elementor-section-boxed elementor-section-height-default elementor-section-height-default\" data-id=\"1165a20d\" data-element_type=\"section\" data-e-type=\"section\">\n\t\t\t\t\t\t<div class=\"elementor-container elementor-column-gap-default\">\n\t\t\t\t\t<div class=\"elementor-column elementor-col-100 elementor-top-column elementor-element elementor-element-2299e971\" data-id=\"2299e971\" data-element_type=\"column\" data-e-type=\"column\">\n\t\t\t<div class=\"elementor-widget-wrap elementor-element-populated\">\n\t\t\t\t\t\t<div class=\"elementor-element elementor-element-3dc441a1 elementor-widget elementor-widget-text-editor\" data-id=\"3dc441a1\" data-element_type=\"widget\" data-e-type=\"widget\" data-widget_type=\"text-editor.default\">\n\t\t\t\t<div class=\"elementor-widget-container\">\n\t\t\t\t\t\t\t\t\t<p><\/p>\n<div id=\"ez-toc-container\" class=\"ez-toc-v2_0_82_2 counter-hierarchy ez-toc-counter ez-toc-grey ez-toc-container-direction\">\n<div class=\"ez-toc-title-container\">\n<p class=\"ez-toc-title\" style=\"cursor:inherit\">Contenido<\/p>\n<span class=\"ez-toc-title-toggle\"><a href=\"#\" class=\"ez-toc-pull-right ez-toc-btn ez-toc-btn-xs ez-toc-btn-default ez-toc-toggle\" aria-label=\"Alternar tabla de contenidos\"><span class=\"ez-toc-js-icon-con\"><span class=\"\"><span class=\"eztoc-hide\" style=\"display:none;\">Palanca<\/span><span class=\"ez-toc-icon-toggle-span\"><svg style=\"fill: #999;color:#999\" xmlns=\"http:\/\/www.w3.org\/2000\/svg\" class=\"list-377408\" width=\"20px\" height=\"20px\" viewbox=\"0 0 24 24\" fill=\"none\"><path d=\"M6 6H4v2h2V6zm14 0H8v2h12V6zM4 11h2v2H4v-2zm16 0H8v2h12v-2zM4 16h2v2H4v-2zm16 0H8v2h12v-2z\" fill=\"currentColor\"><\/path><\/svg><svg style=\"fill: #999;color:#999\" class=\"arrow-unsorted-368013\" xmlns=\"http:\/\/www.w3.org\/2000\/svg\" width=\"10px\" height=\"10px\" viewbox=\"0 0 24 24\" version=\"1.2\" baseprofile=\"tiny\"><path d=\"M18.2 9.3l-6.2-6.3-6.2 6.3c-.2.2-.3.4-.3.7s.1.5.3.7c.2.2.4.3.7.3h11c.3 0 .5-.1.7-.3.2-.2.3-.5.3-.7s-.1-.5-.3-.7zM5.8 14.7l6.2 6.3 6.2-6.3c.2-.2.3-.5.3-.7s-.1-.5-.3-.7c-.2-.2-.4-.3-.7-.3h-11c-.3 0-.5.1-.7.3-.2.2-.3.5-.3.7s.1.5.3.7z\"\/><\/svg><\/span><\/span><\/span><\/a><\/span><\/div>\n<nav><ul class='ez-toc-list ez-toc-list-level-1' ><li class='ez-toc-page-1 ez-toc-heading-level-2'><a class=\"ez-toc-link ez-toc-heading-1\" href=\"https:\/\/mythslegendes.com\/es\/mitologia-vasca\/las-brujas-en-guipuzcoa\/#Sorcieres-en-Guipuzcoa\" >Brujas en Guipuzcoa<\/a><\/li><li class='ez-toc-page-1 ez-toc-heading-level-2'><a class=\"ez-toc-link ez-toc-heading-2\" href=\"https:\/\/mythslegendes.com\/es\/mitologia-vasca\/las-brujas-en-guipuzcoa\/#Le-charbonnier-et-les-sorcieres\" >El carbonero y las brujas<\/a><\/li><li class='ez-toc-page-1 ez-toc-heading-level-2'><a class=\"ez-toc-link ez-toc-heading-3\" href=\"https:\/\/mythslegendes.com\/es\/mitologia-vasca\/las-brujas-en-guipuzcoa\/#Lessive-nocturne\" >Lavado de noche<\/a><\/li><li class='ez-toc-page-1 ez-toc-heading-level-2'><a class=\"ez-toc-link ez-toc-heading-4\" href=\"https:\/\/mythslegendes.com\/es\/mitologia-vasca\/las-brujas-en-guipuzcoa\/#Mille-cinq-cent-piques\" >Mil quinientas espadas<\/a><\/li><li class='ez-toc-page-1 ez-toc-heading-level-2'><a class=\"ez-toc-link ez-toc-heading-5\" href=\"https:\/\/mythslegendes.com\/es\/mitologia-vasca\/las-brujas-en-guipuzcoa\/#La-demande-du-cure\" >La petici\u00f3n del p\u00e1rroco<\/a><\/li><li class='ez-toc-page-1 ez-toc-heading-level-2'><a class=\"ez-toc-link ez-toc-heading-6\" href=\"https:\/\/mythslegendes.com\/es\/mitologia-vasca\/las-brujas-en-guipuzcoa\/#Mariatxo-pour-nous\" >Mariatxo para nosotros<\/a><\/li><li class='ez-toc-page-1 ez-toc-heading-level-2'><a class=\"ez-toc-link ez-toc-heading-7\" href=\"https:\/\/mythslegendes.com\/es\/mitologia-vasca\/las-brujas-en-guipuzcoa\/#Le-pont-dAzelain\" >El puente Azelain<\/a><\/li><li class='ez-toc-page-1 ez-toc-heading-level-2'><a class=\"ez-toc-link ez-toc-heading-8\" href=\"https:\/\/mythslegendes.com\/es\/mitologia-vasca\/las-brujas-en-guipuzcoa\/#Frappe-moi-encore\" >Golp\u00e9ame de nuevo<\/a><\/li><li class='ez-toc-page-1 ez-toc-heading-level-2'><a class=\"ez-toc-link ez-toc-heading-9\" href=\"https:\/\/mythslegendes.com\/es\/mitologia-vasca\/las-brujas-en-guipuzcoa\/#Mauvaise-rencontre-a-Zubiaundi\" >Mal encuentro en Zubiaundi<\/a><\/li><li class='ez-toc-page-1 ez-toc-heading-level-2'><a class=\"ez-toc-link ez-toc-heading-10\" href=\"https:\/\/mythslegendes.com\/es\/mitologia-vasca\/las-brujas-en-guipuzcoa\/#Une-sorciere-attrapee\" >Una bruja atrapada<\/a><\/li><li class='ez-toc-page-1 ez-toc-heading-level-2'><a class=\"ez-toc-link ez-toc-heading-11\" href=\"https:\/\/mythslegendes.com\/es\/mitologia-vasca\/las-brujas-en-guipuzcoa\/#Un-voleur-de-boudins\" >Un ladr\u00f3n de morcillas<\/a><\/li><\/ul><\/nav><\/div>\n<h2 class=\"wp-block-heading\"><span class=\"ez-toc-section\" id=\"Sorcieres-en-Guipuzcoa\"><\/span>Brujas en Guipuzcoa<span class=\"ez-toc-section-end\"><\/span><\/h2>\n<p>Aqu\u00ed hay historias de brujas en Guipuzcoa: el carbonero y las brujas, la ropa de noche, mil quinientas picas, la petici\u00f3n del p\u00e1rroco, mariatxo para nosotros, el puente de Azelain, me pega de nuevo, mala reuni\u00f3n en Zubiaundi, una bruja atrapada, una ladr\u00f3n de morcillas<\/p>\n<p><img decoding=\"async\" class=\"alignnone wp-image-5284 size-full\" src=\"https:\/\/mythslegendes.com\/wp-content\/uploads\/2020\/09\/AlphaOmega-e1602613368367.png\" alt=\"Brujas en Guipuzcoa\" width=\"25\" height=\"26\" title=\"\"><\/p>\n<h2><span class=\"ez-toc-section\" id=\"Le-charbonnier-et-les-sorcieres\"><\/span>El carbonero y las brujas<span class=\"ez-toc-section-end\"><\/span><\/h2>\n<p><\/p>\n<p>Le sucedi\u00f3 un percance a un hombre de la granja Gorbozuru cerca de Matxinbeta. Era carbonero y llevaba el sobrenombre de Lopia. Esa noche, las cosas no le salieron bien. Siempre que ten\u00eda una buena pira se daba cuenta de que no hab\u00eda la corriente de aire habitual, en fin, ten\u00eda que haber una fuga en alg\u00fan lugar de su hogar. Comenz\u00f3 a buscar, perdiendo m\u00e1s tiempo y maldiciendo constantemente hasta que finalmente encontr\u00f3 una fuga.<\/p>\n<p>Pero no era un agujero peque\u00f1o sino un agujero extraordinario y al no tener un tronco lo suficientemente grande para arreglarlo, se dio cuenta de que tendr\u00eda una tarea dif\u00edcil. En un ataque de furia, mirando desafiante al cielo y con los pu\u00f1os cerrados grit\u00f3:<br \/>- \u00bfNo hay una bruja o un demonio del infierno para ayudarme?<\/p>\n<p><\/p>\n<p>Misteriosamente una voz femenina, estridente y muy desagradable, rompi\u00f3 el silencio de la monta\u00f1a, una voz que le dijo al carbonero:<br \/>- Lopia, \u00bfde qu\u00e9 tama\u00f1o quieres el tronco?<\/p>\n<p><\/p>\n<p>Se dice que el hombre de Goborzuru estaba tan aterrorizado que instant\u00e1neamente abandon\u00f3 su pira y corri\u00f3 sin parar hacia la casa que se encontraba a varios kil\u00f3metros de distancia.<\/p>\n<p><\/p>\n<hr class=\"wp-block-separator\" \/>\n<p><\/p>\n<h2 class=\"wp-block-heading\"><span class=\"ez-toc-section\" id=\"Lessive-nocturne\"><\/span>Lavado de noche<span class=\"ez-toc-section-end\"><\/span><\/h2>\n<p><\/p>\n<p>Una noche, un pastor de Bedaio llamado Maurizio se dirig\u00eda con su equipo a Ugarte cuando, pasando por el r\u00edo cerca de la fuente Edar Iturri, escuch\u00f3 un ruido similar al de lavar ropa. Como, a pesar de la oscuridad de la noche, distingui\u00f3 a algunas lavanderas, les pregunt\u00f3 con gran asombro:<\/p>\n<p>- \u00bfCrees que es hora de lavar la ropa?<br \/>Uno de ellos, cerca del hombre, acerc\u00e1ndose a\u00fan m\u00e1s, le respondi\u00f3:<br \/>- S\u00ed, Maurizio, y, sosteniendo un bulto, agreg\u00f3: Vamos, coge esta ropa y ay\u00fadame a escurrirla.<\/p>\n<p><\/p>\n<p>Nuestro hombre, al ver que la lavandera era bastante escotada, con el vestido muy arremangado, mudo y animado por una curiosidad malsana, no dijo nada. Peor a\u00fan, aturdido, agarr\u00f3 el bulto que la lavandera le tend\u00eda como una aut\u00f3mata sin pensarlo realmente.<\/p>\n<p><\/p>\n<p>Los gritos que solt\u00f3 Maurizio, la risa femenina que escuch\u00e1bamos alrededor, el dolor que ten\u00eda el pastor en las manos, le hicieron darse cuenta de que la lavandera no le hab\u00eda entregado ropa sino un manojo de espinas. Nuestro pobre Maurizio, humillado por la broma, con las manos ara\u00f1adas y ensangrentadas, prosigui\u00f3 su camino asustado, estimulando en\u00e9rgicamente a sus bueyes para que abandonaran el lugar lo antes posible porque comprendi\u00f3 que esas lavanderas eran en realidad brujas.<\/p>\n<p><\/p>\n<hr class=\"wp-block-separator\" \/>\n<p><\/p>\n<h2 class=\"wp-block-heading\"><span class=\"ez-toc-section\" id=\"Mille-cinq-cent-piques\"><\/span>Mil quinientas espadas<span class=\"ez-toc-section-end\"><\/span><\/h2>\n<p><\/p>\n<p>Una noche, un campesino de Asteazu, que siempre se jactaba de no creer en las brujas, al volver a casa se encontr\u00f3 frente a un impresionante grupo de brujas y pens\u00f3 que hab\u00eda llegado su \u00faltima hora. Uno de ellos, ciertamente el capit\u00e1n, le habl\u00f3:<\/p>\n<p>- \u00a1Llevar! \u00a1Fanfarr\u00f3n! \u00bfno est\u00e1s diciendo que no hay brujas? \u00a1Mira, hay al menos mil quinientos aqu\u00ed porque Mari Txuri y otros no pudieron venir hoy!<\/p>\n<p>Se dice que le exigieron que los contara uno a uno y que cada uno picaba a nuestro pobre infeliz.<\/p>\n<p><\/p>\n<hr class=\"wp-block-separator\" \/>\n<p><\/p>\n<h2 class=\"wp-block-heading\"><span class=\"ez-toc-section\" id=\"La-demande-du-cure\"><\/span>La petici\u00f3n del p\u00e1rroco<span class=\"ez-toc-section-end\"><\/span><\/h2>\n<p><\/p>\n<p>Un sacerdote de Amezketa, muy interesado en los fen\u00f3menos relacionados con las brujas y la brujer\u00eda, sospechaba que uno de sus feligreses era un brujo. Un d\u00eda, cuando se cruz\u00f3 con ella en la carretera, le pregunt\u00f3 a bocajarro:<br \/>- Bueno, s\u00e9 que eres una bruja ...<\/p>\n<p><\/p>\n<p>Mientras la mujer lo miraba con mirada penetrante aunque burlona, el cl\u00e9rigo se apresur\u00f3 a agregar:<br \/>- \u00a1No te preocupes, no te voy a denunciar!<\/p>\n<p><\/p>\n<p>Ten\u00eda demasiada curiosidad por saber c\u00f3mo se celebraban las grandes fiestas de Akelarre. Entonces la supuesta bruja, con todas sus bromas habituales, respondi\u00f3:<\/p>\n<p>- Bueno, ya ver\u00e1, Monsieur le Cure. Adelante, adelante, no soy uno pero por lo que escuch\u00e9, lo hacen haciendo las necesidades naturales en la cuchara de una cabra que preside el banquete. El cura no dijo nada y sigui\u00f3 su camino con la cabeza gacha, confuso, sintiendo a sus espaldas la mirada penetrante de esta mujer, una mirada penetrante como la punta de una espada.<\/p>\n<p><\/p>\n<hr class=\"wp-block-separator\" \/>\n<p><\/p>\n<h2 class=\"wp-block-heading\"><span class=\"ez-toc-section\" id=\"Mariatxo-pour-nous\"><\/span>Mariatxo para nosotros<span class=\"ez-toc-section-end\"><\/span><\/h2>\n<p><\/p>\n<p>Mariatxo, la hija m\u00e1s bella de Bedaio, siempre se jactaba de no tener miedo a la noche. Tanto es as\u00ed que un d\u00eda, al caer la noche, persistiendo con otros j\u00f3venes que se hab\u00edan quedado a preparar su ajuar, dijo:<\/p>\n<p>- \u00a1Te apuesto a que puedo dar tres vueltas a la casa ahora mismo!<\/p>\n<p><\/p>\n<p>Dicho y hecho. Saliendo de la casa frente a las asustadas jovencitas, dio una vuelta y luego otra ... atacando a la tercera, una voz hueca surgi\u00f3 de la oscuridad:<\/p>\n<p>- Eguna egunezkoentzat eta gaba gabezkoentzat, Mariatxo orain guretzat!<br \/>(El d\u00eda para los del d\u00eda y la noche para los de la noche, \u00a1ahora eres nuestro Mariatxo!)<\/p>\n<p><\/p>\n<p>Nunca m\u00e1s se supo de Mariatxo.<\/p>\n<p><\/p>\n<hr class=\"wp-block-separator\" \/>\n<p><\/p>\n<h2 class=\"wp-block-heading\"><span class=\"ez-toc-section\" id=\"Le-pont-dAzelain\"><\/span>El puente Azelain<span class=\"ez-toc-section-end\"><\/span><\/h2>\n<p><\/p>\n<p>Se dice que con el tiempo, un puente en Azelain, ahora desaparecido, sobre el r\u00edo Oria, y un palacio hom\u00f3nimo existi\u00f3 en el distrito de Sorabilla d&#039;Andoain y que fueron construidos de la noche a la ma\u00f1ana por brujas.<\/p>\n<p>Tambi\u00e9n se dice que fue el lami\u00f1ak quien construy\u00f3 este palacio. Lo cierto es que un alba\u00f1il, incapaz de construir el puente, prometi\u00f3 su alma a las brujas pidiendo su ayuda. R\u00e1pidamente comenzaron a construir la misma noche y cuando casi terminaron, comenzaron a cantar:<\/p>\n<p>\u201cEskuz esku labaingo arria, ta akabatu dugu Azelaingo zubia. Ea neskak, eun ta milla gaituk, arri baten paltan gaituk! &quot;<br \/>(Trabajando mano a mano en la piedra de Labain, casi hemos terminado el puente de Azelain. Ea, chicas, somos ciento mil, \u00a1con una sola piedra y estamos llegando al final!).<\/p>\n<p><\/p>\n<p>Al o\u00edr tal cosa, sinti\u00e9ndose perdido, el cantero corri\u00f3 a buscar al sacerdote para realizar un exorcismo. As\u00ed lo hizo y las aterrorizadas brujas huyeron, olvid\u00e1ndose de poner la \u00faltima piedra.<\/p>\n<p><\/p>\n<hr class=\"wp-block-separator\" \/>\n<p><\/p>\n<h2 class=\"wp-block-heading\"><span class=\"ez-toc-section\" id=\"Frappe-moi-encore\"><\/span>Golp\u00e9ame de nuevo<span class=\"ez-toc-section-end\"><\/span><\/h2>\n<p><\/p>\n<p>Un d\u00eda, una lavandera de Altzo, descubri\u00f3 muy cerca de ella, un gato negro que la miraba con recelo. La sorpresa le puso los pelos de punta, no tuvo otra idea que agarrar un palo cercano y darle al animal un tremendo golpe. Pero, curiosamente, \u00e9ste, no hizo el menor gesto para escapar, al contrario, se sent\u00f3 sobre las dos patas traseras, mirando inm\u00f3vil como una estatua a nuestra lavandera.<\/p>\n<p>Esto le pareci\u00f3 tan extra\u00f1o a la lavandera que retrocedi\u00f3 varios pasos. Sin embargo, tuvo a\u00fan m\u00e1s miedo cuando de repente, el gato le pregunt\u00f3 con voz femenina y urgente:<br \/>- \u00a1Golp\u00e9ame de nuevo! para lo que quieras, golp\u00e9ame de nuevo!<\/p>\n<p><\/p>\n<p>Al darse cuenta muy r\u00e1pido de que estaba lidiando con una bruja y sabiendo que para lastimarlos hab\u00eda que golpearlos con un n\u00famero impar y que los gatos normales no hablan, aunque sean negros, llevados por el p\u00e1nico m\u00e1s profundo, la lavandera abandon\u00f3 al gato. a su suerte y se escap\u00f3 a su casa, olvid\u00e1ndose de la ropa que estaba lavando en el acto.<\/p>\n<p><\/p>\n<hr class=\"wp-block-separator\" \/>\n<p><\/p>\n<h2 class=\"wp-block-heading\"><span class=\"ez-toc-section\" id=\"Mauvaise-rencontre-a-Zubiaundi\"><\/span>Mal encuentro en Zubiaundi<span class=\"ez-toc-section-end\"><\/span><\/h2>\n<p><\/p>\n<p>Un viernes por la noche, un aldeano de Leintz-Gatzaga, llamado Manuel Beitia, que pasaba por el puente de Zubiaundi, se encontr\u00f3 con un grupo de ancianas de aspecto extra\u00f1o que le preguntaron:<br \/>- \u00bfA d\u00f3nde vas Manuel?<\/p>\n<p><\/p>\n<p>El interrogado, suficientemente sincero, les respondi\u00f3:<br \/>- A esta finca que est\u00e1 al otro lado del r\u00edo para saber si alguien querr\u00e1 acompa\u00f1arme en la romer\u00eda al santuario de Arantzazu.<\/p>\n<p><\/p>\n<p>Lo tom\u00f3 mal porque no deber\u00eda haber hablado de eso con estas ancianas que resultaron ser brujas y, como tales, agresivas en cuanto se enteraron del cristianismo. Adem\u00e1s, no tard\u00f3 en comprender su error porque, con toda la violencia del mundo, las brujas se arrojaron sobre el pobre, sin agarrarle el pelo, lo metieron en un horno pas\u00e1ndose toda la noche aliment\u00e1ndolo con le\u00f1a para dejarlo molido. .<\/p>\n<p><\/p>\n<hr class=\"wp-block-separator\" \/>\n<p><\/p>\n<h2 class=\"wp-block-heading\"><span class=\"ez-toc-section\" id=\"Une-sorciere-attrapee\"><\/span>Una bruja atrapada<span class=\"ez-toc-section-end\"><\/span><\/h2>\n<p><\/p>\n<p>En una finca de Hondarribia, el ganado empez\u00f3 a adelgazar peligrosamente en el corral. Como esto solo pod\u00eda ser obra de una bruja seg\u00fan el sacerdote, le tendieron una trampa para atraparlo. Una noche encendieron dos velas benditas en el corral que metieron en una caja con la parte inferior abierta. En la parte superior, colocaron una bolsa con art\u00edculos para ocultar las velas benditas de la bruja.<\/p>\n<p>No pas\u00f3 mucho tiempo antes de que apareciera en la forma de un gato negro amenazador montado en una vaca. Los hombres abandonaron su escondite y encendieron la luz. Inmediatamente, el gato les suplic\u00f3 que lo apagaran, pero este \u00faltimo, temiendo que pudiera escapar, lo dej\u00f3 encendido. As\u00ed que cuando amaneci\u00f3, pudieron ver que el animal se convert\u00eda en una anciana del barrio.<\/p>\n<p><\/p>\n<hr class=\"wp-block-separator\" \/>\n<p><\/p>\n<h2 class=\"wp-block-heading\"><span class=\"ez-toc-section\" id=\"Un-voleur-de-boudins\"><\/span>Un ladr\u00f3n de morcillas<span class=\"ez-toc-section-end\"><\/span><\/h2>\n<p><\/p>\n<p>El d\u00eda de San Mart\u00edn, en una granja de Astigarrabia, un pueblo rural de la regi\u00f3n de Mutriku, se mat\u00f3 al cerdo. La gente de la casa qued\u00f3 consternada al ver que se estaban robando morcillas, salchichas y algunas otras buenas piezas del animal. Esto durante varios a\u00f1os.<\/p>\n<p>Por tanto, el due\u00f1o de la casa decidi\u00f3 vigilar. Cuando termin\u00f3 la matanza, nuestro hombre se escondi\u00f3 detr\u00e1s de la puerta donde se guardaban los embutidos y esper\u00f3 all\u00ed. Por la noche, un peque\u00f1o perro no tard\u00f3 en aparecer. Un perrito de aspecto inofensivo se dirigi\u00f3 directamente a las morcillas y las salchichas y se llev\u00f3 a la boca varios trozos de embutidos frescos. Evidentemente, s\u00ed fue el ladr\u00f3n y no pudo haber ido muy lejos con su bot\u00edn porque el granjero comenz\u00f3 a golpear al perro rompi\u00e9ndole las patas traseras.<\/p>\n<p>A pesar de esta desventaja, el animal pudo escapar y salvar su vida. El due\u00f1o de la finca recogi\u00f3 sus morcillas y otros embutidos y luego le cont\u00f3 a su familia lo sucedido. Al d\u00eda siguiente apareci\u00f3 el sacrist\u00e1n con las dos piernas rotas y sin poder explicar su accidente con convicci\u00f3n. Todos en Astigarribia empezaron a pensar que el perro ladr\u00f3n y el sacrist\u00e1n, probablemente un hechicero, eran la misma persona.<\/p>\n<p><\/p>\t\t\t\t\t\t\t\t<\/div>\n\t\t\t\t<\/div>\n\t\t\t\t\t<\/div>\n\t\t<\/div>\n\t\t\t\t\t<\/div>\n\t\t<\/section>\n\t\t\t\t<\/div>","protected":false},"excerpt":{"rendered":"<p>Mythologie Basque Wiki Sorci\u00e8res en Guipuzcoa Voici des histoires de sorci\u00e8res en Guipuzcoa : le charbonnier et les sorci\u00e8res, lessive &hellip; <\/p>","protected":false},"author":1,"featured_media":0,"parent":1004,"menu_order":0,"comment_status":"closed","ping_status":"closed","template":"","meta":{"footnotes":""},"class_list":["post-1115","page","type-page","status-publish","hentry"],"amp_enabled":true,"_links":{"self":[{"href":"https:\/\/mythslegendes.com\/es\/wp-json\/wp\/v2\/pages\/1115","targetHints":{"allow":["GET"]}}],"collection":[{"href":"https:\/\/mythslegendes.com\/es\/wp-json\/wp\/v2\/pages"}],"about":[{"href":"https:\/\/mythslegendes.com\/es\/wp-json\/wp\/v2\/types\/page"}],"author":[{"embeddable":true,"href":"https:\/\/mythslegendes.com\/es\/wp-json\/wp\/v2\/users\/1"}],"replies":[{"embeddable":true,"href":"https:\/\/mythslegendes.com\/es\/wp-json\/wp\/v2\/comments?post=1115"}],"version-history":[{"count":1,"href":"https:\/\/mythslegendes.com\/es\/wp-json\/wp\/v2\/pages\/1115\/revisions"}],"predecessor-version":[{"id":24660,"href":"https:\/\/mythslegendes.com\/es\/wp-json\/wp\/v2\/pages\/1115\/revisions\/24660"}],"up":[{"embeddable":true,"href":"https:\/\/mythslegendes.com\/es\/wp-json\/wp\/v2\/pages\/1004"}],"wp:attachment":[{"href":"https:\/\/mythslegendes.com\/es\/wp-json\/wp\/v2\/media?parent=1115"}],"curies":[{"name":"wp","href":"https:\/\/api.w.org\/{rel}","templated":true}]}}