{"id":1118,"date":"2020-06-23T10:06:07","date_gmt":"2020-06-23T09:06:07","guid":{"rendered":"https:\/\/mythslegendes.com\/?page_id=1118"},"modified":"2022-12-03T22:07:02","modified_gmt":"2022-12-03T22:07:02","slug":"la-sorciere-de-kimuko","status":"publish","type":"page","link":"https:\/\/mythslegendes.com\/es\/mitologia-vasca\/la-bruja-de-kimuko\/","title":{"rendered":"La bruja de kimuko"},"content":{"rendered":"<div data-elementor-type=\"wp-page\" data-elementor-id=\"1118\" class=\"elementor elementor-1118\">\n\t\t\t\t\t\t<section class=\"elementor-section elementor-top-section elementor-element elementor-element-880feb8 elementor-section-boxed elementor-section-height-default elementor-section-height-default\" data-id=\"880feb8\" data-element_type=\"section\" data-e-type=\"section\">\n\t\t\t\t\t\t<div class=\"elementor-container elementor-column-gap-default\">\n\t\t\t\t\t<div class=\"elementor-column elementor-col-50 elementor-top-column elementor-element elementor-element-d3b1ace\" data-id=\"d3b1ace\" data-element_type=\"column\" data-e-type=\"column\">\n\t\t\t<div class=\"elementor-widget-wrap elementor-element-populated\">\n\t\t\t\t\t\t<div class=\"elementor-element elementor-element-a8358e7 elementor-align-justify elementor-widget elementor-widget-button\" data-id=\"a8358e7\" data-element_type=\"widget\" data-e-type=\"widget\" data-widget_type=\"button.default\">\n\t\t\t\t<div class=\"elementor-widget-container\">\n\t\t\t\t\t\t\t\t\t<div class=\"elementor-button-wrapper\">\n\t\t\t\t\t<a class=\"elementor-button elementor-button-link elementor-size-sm\" href=\"https:\/\/mythslegendes.com\/es\/mitologia-vasca\/\">\n\t\t\t\t\t\t<span class=\"elementor-button-content-wrapper\">\n\t\t\t\t\t\t\t\t\t<span class=\"elementor-button-text\">Mitolog\u00eda vasca<\/span>\n\t\t\t\t\t<\/span>\n\t\t\t\t\t<\/a>\n\t\t\t\t<\/div>\n\t\t\t\t\t\t\t\t<\/div>\n\t\t\t\t<\/div>\n\t\t\t\t\t<\/div>\n\t\t<\/div>\n\t\t\t\t<div class=\"elementor-column elementor-col-50 elementor-top-column elementor-element elementor-element-1f95dc0\" data-id=\"1f95dc0\" data-element_type=\"column\" data-e-type=\"column\">\n\t\t\t<div class=\"elementor-widget-wrap elementor-element-populated\">\n\t\t\t\t\t\t<div class=\"elementor-element elementor-element-4624a37 elementor-align-justify elementor-widget elementor-widget-button\" data-id=\"4624a37\" data-element_type=\"widget\" data-e-type=\"widget\" data-widget_type=\"button.default\">\n\t\t\t\t<div class=\"elementor-widget-container\">\n\t\t\t\t\t\t\t\t\t<div class=\"elementor-button-wrapper\">\n\t\t\t\t\t<a class=\"elementor-button elementor-button-link elementor-size-sm\" href=\"https:\/\/fr.wikipedia.org\/wiki\/Mythologie_basque\" target=\"_blank\" rel=\"noopener\">\n\t\t\t\t\t\t<span class=\"elementor-button-content-wrapper\">\n\t\t\t\t\t\t\t\t\t<span class=\"elementor-button-text\">Wiki<\/span>\n\t\t\t\t\t<\/span>\n\t\t\t\t\t<\/a>\n\t\t\t\t<\/div>\n\t\t\t\t\t\t\t\t<\/div>\n\t\t\t\t<\/div>\n\t\t\t\t\t<\/div>\n\t\t<\/div>\n\t\t\t\t\t<\/div>\n\t\t<\/section>\n\t\t\t\t<section class=\"elementor-section elementor-top-section elementor-element elementor-element-418f2c21 elementor-section-boxed elementor-section-height-default elementor-section-height-default\" data-id=\"418f2c21\" data-element_type=\"section\" data-e-type=\"section\">\n\t\t\t\t\t\t<div class=\"elementor-container elementor-column-gap-default\">\n\t\t\t\t\t<div class=\"elementor-column elementor-col-100 elementor-top-column elementor-element elementor-element-407e9f81\" data-id=\"407e9f81\" data-element_type=\"column\" data-e-type=\"column\">\n\t\t\t<div class=\"elementor-widget-wrap elementor-element-populated\">\n\t\t\t\t\t\t<div class=\"elementor-element elementor-element-35e5351f elementor-widget elementor-widget-text-editor\" data-id=\"35e5351f\" data-element_type=\"widget\" data-e-type=\"widget\" data-widget_type=\"text-editor.default\">\n\t\t\t\t<div class=\"elementor-widget-container\">\n\t\t\t\t\t\t\t\t\t\n<p>Un d\u00eda, al anochecer, un hombre de la finca Kimuko en el pueblo de Aitola, un distrito de Azkoitia volv\u00eda a casa del trabajo, cuando se encontr\u00f3 con una mujer en su camino, inm\u00f3vil, mir\u00e1ndolo suplicante. Como no era ni vieja ni joven, ni hermosa ni fea, ni delgada ni gorda, concluy\u00f3 que era completamente desconocida en la zona.<\/p>\n<p><img decoding=\"async\" class=\"alignnone wp-image-5284 size-full\" src=\"https:\/\/mythslegendes.com\/wp-content\/uploads\/2020\/09\/AlphaOmega-e1602613368367.png\" alt=\"La bruja de kimuko\" width=\"25\" height=\"26\" title=\"\"><\/p>\n<div id=\"ez-toc-container\" class=\"ez-toc-v2_0_82_2 counter-hierarchy ez-toc-counter ez-toc-grey ez-toc-container-direction\">\n<div class=\"ez-toc-title-container\">\n<p class=\"ez-toc-title\" style=\"cursor:inherit\">Contenido<\/p>\n<span class=\"ez-toc-title-toggle\"><a href=\"#\" class=\"ez-toc-pull-right ez-toc-btn ez-toc-btn-xs ez-toc-btn-default ez-toc-toggle\" aria-label=\"Alternar tabla de contenidos\"><span class=\"ez-toc-js-icon-con\"><span class=\"\"><span class=\"eztoc-hide\" style=\"display:none;\">Palanca<\/span><span class=\"ez-toc-icon-toggle-span\"><svg style=\"fill: #999;color:#999\" xmlns=\"http:\/\/www.w3.org\/2000\/svg\" class=\"list-377408\" width=\"20px\" height=\"20px\" viewbox=\"0 0 24 24\" fill=\"none\"><path d=\"M6 6H4v2h2V6zm14 0H8v2h12V6zM4 11h2v2H4v-2zm16 0H8v2h12v-2zM4 16h2v2H4v-2zm16 0H8v2h12v-2z\" fill=\"currentColor\"><\/path><\/svg><svg style=\"fill: #999;color:#999\" class=\"arrow-unsorted-368013\" xmlns=\"http:\/\/www.w3.org\/2000\/svg\" width=\"10px\" height=\"10px\" viewbox=\"0 0 24 24\" version=\"1.2\" baseprofile=\"tiny\"><path d=\"M18.2 9.3l-6.2-6.3-6.2 6.3c-.2.2-.3.4-.3.7s.1.5.3.7c.2.2.4.3.7.3h11c.3 0 .5-.1.7-.3.2-.2.3-.5.3-.7s-.1-.5-.3-.7zM5.8 14.7l6.2 6.3 6.2-6.3c.2-.2.3-.5.3-.7s-.1-.5-.3-.7c-.2-.2-.4-.3-.7-.3h-11c-.3 0-.5.1-.7.3-.2.2-.3.5-.3.7s.1.5.3.7z\"\/><\/svg><\/span><\/span><\/span><\/a><\/span><\/div>\n<nav><ul class='ez-toc-list ez-toc-list-level-1' ><li class='ez-toc-page-1 ez-toc-heading-level-2'><a class=\"ez-toc-link ez-toc-heading-1\" href=\"https:\/\/mythslegendes.com\/es\/mitologia-vasca\/la-bruja-de-kimuko\/#La-sorciere-de-Kimuko\" >La bruja de kimuko<\/a><\/li><\/ul><\/nav><\/div>\n<h2><span class=\"ez-toc-section\" id=\"La-sorciere-de-Kimuko\"><\/span>La bruja de kimuko<span class=\"ez-toc-section-end\"><\/span><\/h2>\n\n<p>Nuestro hombre se detuvo frente a ella y se frot\u00f3 la calva debajo de la boina, mir\u00e1ndola aturdido.<br \/>- Necesito tu ayuda ! dijo ella sin rodeos. Me sorprendi\u00f3 el segundo golpe del angelus fuera de mi casa y no puedo volver all\u00ed.<\/p>\n\n<p>El hombre salt\u00f3 lejos de la desconocida, ahora mir\u00e1ndola con obvio miedo. Se dio cuenta de que estaba lidiando con una bruja y hab\u00eda o\u00eddo que se mov\u00edan libremente por el mundo entre el toque del angelus del mediod\u00eda y el toque del angelus de la noche. Adem\u00e1s, si se sorprendieron antes del primer golpe de la noche, no solo no pudieron regresar a casa sino que perdieron todos sus poderes.<br \/>- Ayudame ! no tengas miedo ! insisti\u00f3 el extra\u00f1o. \u00a1Si me ayudas, ser\u00e9 generoso contigo !.<\/p>\n\n<p>El granjero se alej\u00f3 con miedo y no dijo nada, la pobre bruja comenz\u00f3 a llorar sin pensar. Tanto es as\u00ed que le acaba ablandando.<br \/>- Es decir ! Te ayudar\u00e9\u2026 respondi\u00f3 el hombre, pero dime qu\u00e9 hacer.<\/p>\n\n<p>Aliviada, la bruja le pregunt\u00f3:<br \/>- \u00a1Cargame sobre tus hombros y me dejar\u00e1s donde te digo!<\/p>\n\n<p>Aunque no muy tranquilizado, el hombre carg\u00f3 a esta mujer en sus hombros y la condujo al lugar como estaba planeado pero para su sorpresa, pas\u00f3 a estar muy cerca de su finca. Cuando la dej\u00f3 en el borde de la entrada de la cueva, ella dijo:<br \/>- \u00a1Para agradecerle, ma\u00f1ana por la ma\u00f1ana encontrar\u00e1 una nueva camisa de lino debajo de su almohada!<\/p>\n\n<p>De camino a casa, nuestro hombre le cont\u00f3 todo a su familia y escuch\u00f3 todo tipo de burlas. Tuvo que aguantar todo, \u00a1bebiste m\u00e1s vino de lo habitual! y otros chistes que siguen creyendo que se vuelven locos. Pero cesaron r\u00e1pidamente, a la ma\u00f1ana siguiente cuando, efectivamente, nuestro hombre sac\u00f3 de debajo de la almohada una camisa de lino nueva, limpia y perfectamente planchada. Entendieron a partir de entonces que el hombre no hab\u00eda mentido y que esta misteriosa bruja hab\u00eda cumplido su promesa.<\/p>\n\t\t\t\t\t\t\t\t<\/div>\n\t\t\t\t<\/div>\n\t\t\t\t\t<\/div>\n\t\t<\/div>\n\t\t\t\t\t<\/div>\n\t\t<\/section>\n\t\t\t\t<\/div>","protected":false},"excerpt":{"rendered":"<p>Mythologie Basque Wiki Un jour, au cr\u00e9puscule, un homme de la ferme Kimuko dans le bourg d&rsquo;Aitola, un quartier d&rsquo;Azkoitia &hellip; <\/p>","protected":false},"author":1,"featured_media":0,"parent":1004,"menu_order":0,"comment_status":"closed","ping_status":"closed","template":"","meta":{"footnotes":""},"class_list":["post-1118","page","type-page","status-publish","hentry"],"amp_enabled":true,"_links":{"self":[{"href":"https:\/\/mythslegendes.com\/es\/wp-json\/wp\/v2\/pages\/1118","targetHints":{"allow":["GET"]}}],"collection":[{"href":"https:\/\/mythslegendes.com\/es\/wp-json\/wp\/v2\/pages"}],"about":[{"href":"https:\/\/mythslegendes.com\/es\/wp-json\/wp\/v2\/types\/page"}],"author":[{"embeddable":true,"href":"https:\/\/mythslegendes.com\/es\/wp-json\/wp\/v2\/users\/1"}],"replies":[{"embeddable":true,"href":"https:\/\/mythslegendes.com\/es\/wp-json\/wp\/v2\/comments?post=1118"}],"version-history":[{"count":1,"href":"https:\/\/mythslegendes.com\/es\/wp-json\/wp\/v2\/pages\/1118\/revisions"}],"predecessor-version":[{"id":24661,"href":"https:\/\/mythslegendes.com\/es\/wp-json\/wp\/v2\/pages\/1118\/revisions\/24661"}],"up":[{"embeddable":true,"href":"https:\/\/mythslegendes.com\/es\/wp-json\/wp\/v2\/pages\/1004"}],"wp:attachment":[{"href":"https:\/\/mythslegendes.com\/es\/wp-json\/wp\/v2\/media?parent=1118"}],"curies":[{"name":"wp","href":"https:\/\/api.w.org\/{rel}","templated":true}]}}