{"id":1122,"date":"2020-06-23T10:08:56","date_gmt":"2020-06-23T09:08:56","guid":{"rendered":"https:\/\/mythslegendes.com\/?page_id=1122"},"modified":"2022-12-03T22:07:02","modified_gmt":"2022-12-03T22:07:02","slug":"la-fileuse-et-le-chat-noir","status":"publish","type":"page","link":"https:\/\/mythslegendes.com\/es\/mitologia-vasca\/el-spinner-y-el-gato-negro\/","title":{"rendered":"La ruleta y el gato negro"},"content":{"rendered":"<div data-elementor-type=\"wp-page\" data-elementor-id=\"1122\" class=\"elementor elementor-1122\">\n\t\t\t\t\t\t<section class=\"elementor-section elementor-top-section elementor-element elementor-element-1e96357 elementor-section-boxed elementor-section-height-default elementor-section-height-default\" data-id=\"1e96357\" data-element_type=\"section\" data-e-type=\"section\">\n\t\t\t\t\t\t<div class=\"elementor-container elementor-column-gap-default\">\n\t\t\t\t\t<div class=\"elementor-column elementor-col-50 elementor-top-column elementor-element elementor-element-c64e96f\" data-id=\"c64e96f\" data-element_type=\"column\" data-e-type=\"column\">\n\t\t\t<div class=\"elementor-widget-wrap elementor-element-populated\">\n\t\t\t\t\t\t<div class=\"elementor-element elementor-element-fba98c3 elementor-align-justify elementor-widget elementor-widget-button\" data-id=\"fba98c3\" data-element_type=\"widget\" data-e-type=\"widget\" data-widget_type=\"button.default\">\n\t\t\t\t<div class=\"elementor-widget-container\">\n\t\t\t\t\t\t\t\t\t<div class=\"elementor-button-wrapper\">\n\t\t\t\t\t<a class=\"elementor-button elementor-button-link elementor-size-sm\" href=\"https:\/\/mythslegendes.com\/es\/mitologia-vasca\/\">\n\t\t\t\t\t\t<span class=\"elementor-button-content-wrapper\">\n\t\t\t\t\t\t\t\t\t<span class=\"elementor-button-text\">Mitolog\u00eda vasca<\/span>\n\t\t\t\t\t<\/span>\n\t\t\t\t\t<\/a>\n\t\t\t\t<\/div>\n\t\t\t\t\t\t\t\t<\/div>\n\t\t\t\t<\/div>\n\t\t\t\t\t<\/div>\n\t\t<\/div>\n\t\t\t\t<div class=\"elementor-column elementor-col-50 elementor-top-column elementor-element elementor-element-22d4e12\" data-id=\"22d4e12\" data-element_type=\"column\" data-e-type=\"column\">\n\t\t\t<div class=\"elementor-widget-wrap elementor-element-populated\">\n\t\t\t\t\t\t<div class=\"elementor-element elementor-element-a92f814 elementor-align-justify elementor-widget elementor-widget-button\" data-id=\"a92f814\" data-element_type=\"widget\" data-e-type=\"widget\" data-widget_type=\"button.default\">\n\t\t\t\t<div class=\"elementor-widget-container\">\n\t\t\t\t\t\t\t\t\t<div class=\"elementor-button-wrapper\">\n\t\t\t\t\t<a class=\"elementor-button elementor-button-link elementor-size-sm\" href=\"https:\/\/fr.wikipedia.org\/wiki\/Mythologie_basque\" target=\"_blank\" rel=\"noopener\">\n\t\t\t\t\t\t<span class=\"elementor-button-content-wrapper\">\n\t\t\t\t\t\t\t\t\t<span class=\"elementor-button-text\">Wiki<\/span>\n\t\t\t\t\t<\/span>\n\t\t\t\t\t<\/a>\n\t\t\t\t<\/div>\n\t\t\t\t\t\t\t\t<\/div>\n\t\t\t\t<\/div>\n\t\t\t\t\t<\/div>\n\t\t<\/div>\n\t\t\t\t\t<\/div>\n\t\t<\/section>\n\t\t\t\t<section class=\"elementor-section elementor-top-section elementor-element elementor-element-20f4698c elementor-section-boxed elementor-section-height-default elementor-section-height-default\" data-id=\"20f4698c\" data-element_type=\"section\" data-e-type=\"section\">\n\t\t\t\t\t\t<div class=\"elementor-container elementor-column-gap-default\">\n\t\t\t\t\t<div class=\"elementor-column elementor-col-100 elementor-top-column elementor-element elementor-element-1c908def\" data-id=\"1c908def\" data-element_type=\"column\" data-e-type=\"column\">\n\t\t\t<div class=\"elementor-widget-wrap elementor-element-populated\">\n\t\t\t\t\t\t<div class=\"elementor-element elementor-element-2a5eedd2 elementor-widget elementor-widget-text-editor\" data-id=\"2a5eedd2\" data-element_type=\"widget\" data-e-type=\"widget\" data-widget_type=\"text-editor.default\">\n\t\t\t\t<div class=\"elementor-widget-container\">\n\t\t\t\t\t\t\t\t\t<p><\/p>\n<p>En una finca de Mazmela, un pueblo del interior de Gipuzkoa, una mujer estuvo hilando hasta el amanecer. Como era invierno y hac\u00eda bastante fr\u00edo, trabajaba cerca de la chimenea de la cocina. Una noche, nuestra hilandera, absorta en su trabajo, tuvo un gran susto cuando se dio cuenta de que un gran gato negro la miraba fijamente, plantado en medio de la sala.<\/p>\n<p><img decoding=\"async\" class=\"alignnone wp-image-5284 size-full\" src=\"https:\/\/mythslegendes.com\/wp-content\/uploads\/2020\/09\/AlphaOmega-e1602613368367.png\" alt=\"la ruleta y el gato negro\" width=\"25\" height=\"26\" title=\"\"><\/p>\n<div id=\"ez-toc-container\" class=\"ez-toc-v2_0_82_2 counter-hierarchy ez-toc-counter ez-toc-grey ez-toc-container-direction\">\n<div class=\"ez-toc-title-container\">\n<p class=\"ez-toc-title\" style=\"cursor:inherit\">Contenido<\/p>\n<span class=\"ez-toc-title-toggle\"><a href=\"#\" class=\"ez-toc-pull-right ez-toc-btn ez-toc-btn-xs ez-toc-btn-default ez-toc-toggle\" aria-label=\"Alternar tabla de contenidos\"><span class=\"ez-toc-js-icon-con\"><span class=\"\"><span class=\"eztoc-hide\" style=\"display:none;\">Palanca<\/span><span class=\"ez-toc-icon-toggle-span\"><svg style=\"fill: #999;color:#999\" xmlns=\"http:\/\/www.w3.org\/2000\/svg\" class=\"list-377408\" width=\"20px\" height=\"20px\" viewbox=\"0 0 24 24\" fill=\"none\"><path d=\"M6 6H4v2h2V6zm14 0H8v2h12V6zM4 11h2v2H4v-2zm16 0H8v2h12v-2zM4 16h2v2H4v-2zm16 0H8v2h12v-2z\" fill=\"currentColor\"><\/path><\/svg><svg style=\"fill: #999;color:#999\" class=\"arrow-unsorted-368013\" xmlns=\"http:\/\/www.w3.org\/2000\/svg\" width=\"10px\" height=\"10px\" viewbox=\"0 0 24 24\" version=\"1.2\" baseprofile=\"tiny\"><path d=\"M18.2 9.3l-6.2-6.3-6.2 6.3c-.2.2-.3.4-.3.7s.1.5.3.7c.2.2.4.3.7.3h11c.3 0 .5-.1.7-.3.2-.2.3-.5.3-.7s-.1-.5-.3-.7zM5.8 14.7l6.2 6.3 6.2-6.3c.2-.2.3-.5.3-.7s-.1-.5-.3-.7c-.2-.2-.4-.3-.7-.3h-11c-.3 0-.5.1-.7.3-.2.2-.3.5-.3.7s.1.5.3.7z\"\/><\/svg><\/span><\/span><\/span><\/a><\/span><\/div>\n<nav><ul class='ez-toc-list ez-toc-list-level-1' ><li class='ez-toc-page-1 ez-toc-heading-level-2'><a class=\"ez-toc-link ez-toc-heading-1\" href=\"https:\/\/mythslegendes.com\/es\/mitologia-vasca\/el-spinner-y-el-gato-negro\/#La-fileuse-et-le-chat-noir\" >La ruleta y el gato negro<\/a><\/li><\/ul><\/nav><\/div>\n<h2><span class=\"ez-toc-section\" id=\"La-fileuse-et-le-chat-noir\"><\/span>La ruleta y el gato negro<span class=\"ez-toc-section-end\"><\/span><\/h2>\n<p>De momento, la mujer pudo reaccionar, aterrorizada por el miedo. Pero el gato sin moverse lo m\u00e1s m\u00ednimo, inm\u00f3vil y hasta pareciendo desafiarla, la hilandera trat\u00f3 de hacerlo salir:<br \/>- \u00a1Salir! \u00a1Vete de aqui! ella le grit\u00f3.<\/p>\n<p><\/p>\n<p><\/p>\n<p>El gato se dio la vuelta y desapareci\u00f3 en silencio, perdi\u00e9ndose en la oscuridad pasando por un rinc\u00f3n de la cocina. Despu\u00e9s de este incidente, la hilandera no pudo seguir trabajando y se fue a la cama con el coraz\u00f3n desbocado. A la noche siguiente, a\u00fan concentrada en su trabajo, volvi\u00f3 a ver que el mismo gato negro se instal\u00f3 en el mismo lugar que el d\u00eda anterior, mirando a la mujer con una sonrisa. Volvi\u00f3 a saltar y de la misma manera trat\u00f3 de asustar al animal golpeando el suelo con el pie.<\/p>\n<p>- \u00a1Vete de aqu\u00ed! \u00a1Vete a la mierda! le grit\u00f3 de nuevo pero esta vez el gato no se movi\u00f3. \u00a1Vete a la mierda! \u00a1Vete a la mierda! ella repiti\u00f3 a\u00fan m\u00e1s fuerte. El animal no mostr\u00f3 ninguna intenci\u00f3n de moverse, mirando desafiante a nuestra ruleta y temblando de tal manera que parec\u00eda que se estaba riendo siniestramente.<\/p>\n<p><\/p>\n<p><\/p>\n<p>La mujer corri\u00f3 al dormitorio temblando de miedo y se meti\u00f3 en la cama completamente vestida. Su marido despert\u00f3 sobresaltado y, al ver a su mujer vestida a su lado, no pudo ocultar su sorpresa.<br \/>\u2013 \u00bfQu\u00e9 te pasa, probablemente has visto al diablo? le pregunt\u00f3 a ella.<br \/>\u2013 \u00a1Pobre de m\u00ed, si no fue el diablo, lo que vi probablemente fue su amigo! Respondi\u00f3 su esposa, asfixi\u00e1ndose.<\/p>\n<p><\/p>\n<p><\/p>\n<p>Entonces le cont\u00f3 a su marido, su desventura con el gran gato negro, ya que hab\u00eda podido entrar dos veces seguidas a la cocina sin hacer el menor ruido, c\u00f3mo la miraba fijamente. El marido frunci\u00f3 el ce\u00f1o, muy preocupado, fue a la cocina para comprobar por s\u00ed mismo si el animal segu\u00eda all\u00ed o si se hab\u00eda marchado. De regreso en el dormitorio, le propuso a su esposa:<br \/>\u2013 Ma\u00f1ana te acuestas despu\u00e9s de cenar, yo me quedo para ir a la cocina con tu ropa puesta.<\/p>\n<p><\/p>\n<p><\/p>\n<p>As\u00ed lo hicieron. Terminada la cena, el hombre se disfraz\u00f3 con la ropa de su esposa mientras ella se acostaba. Al amanecer, cuando el hombre, que no sab\u00eda hilar, fingiendo trabajar junto al fuego, not\u00f3 con el rabillo del ojo que un enorme gato negro se acercaba a \u00e9l. El animal se plant\u00f3 frente a la falsa hilandera, mir\u00e1ndola muy extra\u00f1ado, muy sorprendido de ver que esa tarde ten\u00eda grandes bigotes.<\/p>\n<p>Incapaz de contener su curiosidad, el gato le pregunt\u00f3 a la falsa ruleta:<br \/>\u2013 \u00bfC\u00f3mo es que un hombre gira?<\/p>\n<p><\/p>\n<p><\/p>\n<p>Y \u00e9l respondi\u00f3:<br \/>\u2013 \u00bfC\u00f3mo es que un gato puede hablar?<\/p>\n<p><\/p>\n<p><\/p>\n<p>Entonces el hombre tom\u00f3 resueltamente la brasa del hogar y le dio un golpe violento al gato, mat\u00e1ndolo instant\u00e1neamente. Cuando vio que el animal estaba muerto, y muy muerto, lo tom\u00f3 por la cola y lo arroj\u00f3 por la ventana hacia el jard\u00edn. El hombre se acost\u00f3, le cont\u00f3 a su esposa lo sucedido y ambos durmieron tranquilos. Pero a la ma\u00f1ana siguiente se llevaron una desagradable sorpresa al levantarse porque en el jard\u00edn, en lugar de encontrar un gato, vieron a una anciana vestida de rojo. Era una vecina, una bruja sin duda, que por la noche cometer\u00eda sus fechor\u00edas transformada en gato negro.<\/p>\n<p><\/p>\t\t\t\t\t\t\t\t<\/div>\n\t\t\t\t<\/div>\n\t\t\t\t\t<\/div>\n\t\t<\/div>\n\t\t\t\t\t<\/div>\n\t\t<\/section>\n\t\t\t\t<\/div>","protected":false},"excerpt":{"rendered":"<p>Mythologie Basque Wiki Dans une ferme de Mazmela, village du fin fond du Gipuzkoa, une femme \u00e9tait en train de &hellip; <\/p>","protected":false},"author":1,"featured_media":0,"parent":1004,"menu_order":0,"comment_status":"closed","ping_status":"closed","template":"","meta":{"footnotes":""},"class_list":["post-1122","page","type-page","status-publish","hentry"],"amp_enabled":true,"_links":{"self":[{"href":"https:\/\/mythslegendes.com\/es\/wp-json\/wp\/v2\/pages\/1122","targetHints":{"allow":["GET"]}}],"collection":[{"href":"https:\/\/mythslegendes.com\/es\/wp-json\/wp\/v2\/pages"}],"about":[{"href":"https:\/\/mythslegendes.com\/es\/wp-json\/wp\/v2\/types\/page"}],"author":[{"embeddable":true,"href":"https:\/\/mythslegendes.com\/es\/wp-json\/wp\/v2\/users\/1"}],"replies":[{"embeddable":true,"href":"https:\/\/mythslegendes.com\/es\/wp-json\/wp\/v2\/comments?post=1122"}],"version-history":[{"count":1,"href":"https:\/\/mythslegendes.com\/es\/wp-json\/wp\/v2\/pages\/1122\/revisions"}],"predecessor-version":[{"id":24662,"href":"https:\/\/mythslegendes.com\/es\/wp-json\/wp\/v2\/pages\/1122\/revisions\/24662"}],"up":[{"embeddable":true,"href":"https:\/\/mythslegendes.com\/es\/wp-json\/wp\/v2\/pages\/1004"}],"wp:attachment":[{"href":"https:\/\/mythslegendes.com\/es\/wp-json\/wp\/v2\/media?parent=1122"}],"curies":[{"name":"wp","href":"https:\/\/api.w.org\/{rel}","templated":true}]}}