{"id":1132,"date":"2020-06-23T10:30:09","date_gmt":"2020-06-23T09:30:09","guid":{"rendered":"https:\/\/mythslegendes.com\/?page_id=1132"},"modified":"2022-12-03T22:07:02","modified_gmt":"2022-12-03T22:07:02","slug":"acheria-le-renard","status":"publish","type":"page","link":"https:\/\/mythslegendes.com\/es\/mitologia-vasca\/acheria-el-zorro\/","title":{"rendered":"Acheria, la zorra"},"content":{"rendered":"<div data-elementor-type=\"wp-page\" data-elementor-id=\"1132\" class=\"elementor elementor-1132\">\n\t\t\t\t\t\t<section class=\"elementor-section elementor-top-section elementor-element elementor-element-1dfc301 elementor-section-boxed elementor-section-height-default elementor-section-height-default\" data-id=\"1dfc301\" data-element_type=\"section\" data-e-type=\"section\">\n\t\t\t\t\t\t<div class=\"elementor-container elementor-column-gap-default\">\n\t\t\t\t\t<div class=\"elementor-column elementor-col-50 elementor-top-column elementor-element elementor-element-f3bc934\" data-id=\"f3bc934\" data-element_type=\"column\" data-e-type=\"column\">\n\t\t\t<div class=\"elementor-widget-wrap elementor-element-populated\">\n\t\t\t\t\t\t<div class=\"elementor-element elementor-element-b1e838c elementor-align-justify elementor-widget elementor-widget-button\" data-id=\"b1e838c\" data-element_type=\"widget\" data-e-type=\"widget\" data-widget_type=\"button.default\">\n\t\t\t\t<div class=\"elementor-widget-container\">\n\t\t\t\t\t\t\t\t\t<div class=\"elementor-button-wrapper\">\n\t\t\t\t\t<a class=\"elementor-button elementor-button-link elementor-size-sm\" href=\"https:\/\/mythslegendes.com\/es\/mitologia-vasca\/\">\n\t\t\t\t\t\t<span class=\"elementor-button-content-wrapper\">\n\t\t\t\t\t\t\t\t\t<span class=\"elementor-button-text\">Mitolog\u00eda vasca<\/span>\n\t\t\t\t\t<\/span>\n\t\t\t\t\t<\/a>\n\t\t\t\t<\/div>\n\t\t\t\t\t\t\t\t<\/div>\n\t\t\t\t<\/div>\n\t\t\t\t\t<\/div>\n\t\t<\/div>\n\t\t\t\t<div class=\"elementor-column elementor-col-50 elementor-top-column elementor-element elementor-element-e1081b3\" data-id=\"e1081b3\" data-element_type=\"column\" data-e-type=\"column\">\n\t\t\t<div class=\"elementor-widget-wrap elementor-element-populated\">\n\t\t\t\t\t\t<div class=\"elementor-element elementor-element-58ae687 elementor-align-justify elementor-widget elementor-widget-button\" data-id=\"58ae687\" data-element_type=\"widget\" data-e-type=\"widget\" data-widget_type=\"button.default\">\n\t\t\t\t<div class=\"elementor-widget-container\">\n\t\t\t\t\t\t\t\t\t<div class=\"elementor-button-wrapper\">\n\t\t\t\t\t<a class=\"elementor-button elementor-button-link elementor-size-sm\" href=\"https:\/\/fr.wikipedia.org\/wiki\/Mythologie_basque\" target=\"_blank\" rel=\"noopener\">\n\t\t\t\t\t\t<span class=\"elementor-button-content-wrapper\">\n\t\t\t\t\t\t\t\t\t<span class=\"elementor-button-text\">Wiki<\/span>\n\t\t\t\t\t<\/span>\n\t\t\t\t\t<\/a>\n\t\t\t\t<\/div>\n\t\t\t\t\t\t\t\t<\/div>\n\t\t\t\t<\/div>\n\t\t\t\t\t<\/div>\n\t\t<\/div>\n\t\t\t\t\t<\/div>\n\t\t<\/section>\n\t\t\t\t<section class=\"elementor-section elementor-top-section elementor-element elementor-element-5f9cf14b elementor-section-boxed elementor-section-height-default elementor-section-height-default\" data-id=\"5f9cf14b\" data-element_type=\"section\" data-e-type=\"section\">\n\t\t\t\t\t\t<div class=\"elementor-container elementor-column-gap-default\">\n\t\t\t\t\t<div class=\"elementor-column elementor-col-100 elementor-top-column elementor-element elementor-element-31be27df\" data-id=\"31be27df\" data-element_type=\"column\" data-e-type=\"column\">\n\t\t\t<div class=\"elementor-widget-wrap elementor-element-populated\">\n\t\t\t\t\t\t<div class=\"elementor-element elementor-element-82dc0ef elementor-widget elementor-widget-text-editor\" data-id=\"82dc0ef\" data-element_type=\"widget\" data-e-type=\"widget\" data-widget_type=\"text-editor.default\">\n\t\t\t\t<div class=\"elementor-widget-container\">\n\t\t\t\t\t\t\t\t\t<p><\/p>\n<p>Un d\u00eda, un zorro llamado Acheria ten\u00eda mucha hambre. No sab\u00eda qu\u00e9 pensar. Il voyait passer tous les jours un berger avec son troupeau et se dit \u00e0 lui-m\u00eame qu&#039;il devrait lui voler son lait et son fromage et faire ainsi un vrai festin, mais il lui fallait quelqu&#039;un pour l&#039;aider afin de faire cualquier cosa.<\/p>\n<p><img decoding=\"async\" class=\"alignnone wp-image-5284 size-full\" src=\"https:\/\/mythslegendes.com\/wp-content\/uploads\/2020\/09\/AlphaOmega-e1602613368367.png\" alt=\"aqueria\" width=\"25\" height=\"26\" title=\"\"><\/p>\n<div id=\"ez-toc-container\" class=\"ez-toc-v2_0_82_2 counter-hierarchy ez-toc-counter ez-toc-grey ez-toc-container-direction\">\n<div class=\"ez-toc-title-container\">\n<p class=\"ez-toc-title\" style=\"cursor:inherit\">Contenido<\/p>\n<span class=\"ez-toc-title-toggle\"><a href=\"#\" class=\"ez-toc-pull-right ez-toc-btn ez-toc-btn-xs ez-toc-btn-default ez-toc-toggle\" aria-label=\"Alternar tabla de contenidos\"><span class=\"ez-toc-js-icon-con\"><span class=\"\"><span class=\"eztoc-hide\" style=\"display:none;\">Palanca<\/span><span class=\"ez-toc-icon-toggle-span\"><svg style=\"fill: #999;color:#999\" xmlns=\"http:\/\/www.w3.org\/2000\/svg\" class=\"list-377408\" width=\"20px\" height=\"20px\" viewbox=\"0 0 24 24\" fill=\"none\"><path d=\"M6 6H4v2h2V6zm14 0H8v2h12V6zM4 11h2v2H4v-2zm16 0H8v2h12v-2zM4 16h2v2H4v-2zm16 0H8v2h12v-2z\" fill=\"currentColor\"><\/path><\/svg><svg style=\"fill: #999;color:#999\" class=\"arrow-unsorted-368013\" xmlns=\"http:\/\/www.w3.org\/2000\/svg\" width=\"10px\" height=\"10px\" viewbox=\"0 0 24 24\" version=\"1.2\" baseprofile=\"tiny\"><path d=\"M18.2 9.3l-6.2-6.3-6.2 6.3c-.2.2-.3.4-.3.7s.1.5.3.7c.2.2.4.3.7.3h11c.3 0 .5-.1.7-.3.2-.2.3-.5.3-.7s-.1-.5-.3-.7zM5.8 14.7l6.2 6.3 6.2-6.3c.2-.2.3-.5.3-.7s-.1-.5-.3-.7c-.2-.2-.4-.3-.7-.3h-11c-.3 0-.5.1-.7.3-.2.2-.3.5-.3.7s.1.5.3.7z\"\/><\/svg><\/span><\/span><\/span><\/a><\/span><\/div>\n<nav><ul class='ez-toc-list ez-toc-list-level-1' ><li class='ez-toc-page-1 ez-toc-heading-level-2'><a class=\"ez-toc-link ez-toc-heading-1\" href=\"https:\/\/mythslegendes.com\/es\/mitologia-vasca\/acheria-el-zorro\/#Acheria\" >acheria<\/a><\/li><\/ul><\/nav><\/div>\n<h2><span class=\"ez-toc-section\" id=\"Acheria\"><\/span>acheria<span class=\"ez-toc-section-end\"><\/span><\/h2>\n<p><\/p>\n<p>Entonces se acerc\u00f3 a un lobo y le dijo:<\/p>\n<p>&quot;\u00a1Lobo, lobo!&quot; Deber\u00edamos poder darnos un fest\u00edn con leche y queso de un pastor que conozco. Ir\u00e1s donde pasta el reba\u00f1o y desde lejos tendr\u00e1s que gritar: Uhur, uhur, uhur. El pastor, despu\u00e9s de orde\u00f1ar sus ovejas, las lleva al campo, con su perro, muy temprano por la ma\u00f1ana y regresa a trabajar a casa donde prepara su queso. Cuando empieces a aullar: Uhur, uhur, y el perro empiece a ladrar, el pastor dejar\u00e1 todo y saldr\u00e1 corriendo. Mientras tanto te robar\u00e9 la leche y la compartiremos cuando te unas a m\u00ed. \u00bb<\/p>\n<p><\/p>\n<p>El lobo accedi\u00f3 a darse un fest\u00edn y se fue. Hizo lo que le dijo el zorro.<\/p>\n<p><\/p>\n<p>El perro empez\u00f3 a ladrar cuando el lobo se acerc\u00f3. Y cuando el hombre oy\u00f3 esto, sali\u00f3 dejando todo y nuestra zorra fue y rob\u00f3 el plato en que estaba la cuajada. \u00bfQu\u00e9 hizo despu\u00e9s, antes de que llegara el lobo? Con mucho cuidado sac\u00f3 la crema y se comi\u00f3 todo el contenido del frasco. Despu\u00e9s de comerlo todo, lo llen\u00f3 de esti\u00e9rcol y le puso encima la nata y esper\u00f3 al lobo en el lugar que le hab\u00eda indicado. <\/p>\n<p>El zorro le dijo al lobo, como era \u00e9l quien iba a compartir, que como la parte de arriba era mucho mejor que la de adentro, el que la eligiera solo tendr\u00eda eso y el otro tendr\u00eda todo lo dem\u00e1s. \u201cAhora elige lo que quieras. \u00bb<\/p>\n<p><\/p>\n<p>El lobo le dijo:<br \/>\u201cNo quiero tomar la delantera; Prefiero lo que est\u00e1 abajo. \u00bb<\/p>\n<p><\/p>\n<p>Entonces el zorro se hizo cargo y le dio al pobre lobo un cubo lleno de esti\u00e9rcol. Al ver esto, el lobo se enoj\u00f3, pero el zorro le dijo:<br \/>&quot; No es mi culpa. Al parecer el pastor lo hace as\u00ed. \u00bb<\/p>\n<p><\/p>\n<p>Y el zorro se fue muy satisfecho.<\/p>\n<p><\/p>\n<p>Otro d\u00eda todav\u00eda ten\u00eda mucha hambre y no sab\u00eda qu\u00e9 pensar. Todos los d\u00edas ve\u00eda pasar por el camino a un ni\u00f1o con la cena de su padre.<\/p>\n<p><\/p>\n<p>Le dijo a un mirlo:<br \/>\u201cMerle, \u00bfsabes qu\u00e9 debemos hacer? Deber\u00edamos tener una buena comida. Un chico pasar\u00e1 por aqu\u00ed dentro de poco. Ir\u00e1s delante de \u00e9l y cuando el ni\u00f1o quiera cogerte, ir\u00e1s un poco m\u00e1s lejos cojeando y cuando hayas hecho esto varias veces, el ni\u00f1o, vencido por la impaciencia, dejar\u00e1 su cesta para cogerte m\u00e1s r\u00e1pido. . Tomar\u00e9 esta canasta, ir\u00e9 a tal lugar y all\u00ed la compartiremos y tendremos una buena comida. \u00bb<\/p>\n<p><\/p>\n<p>El mirlo le dice que s\u00ed.<\/p>\n<p><\/p>\n<p>Cuando el ni\u00f1o pas\u00f3, el mirlo pas\u00f3 cojeando junto al ni\u00f1o. Cuando el ni\u00f1o se inclin\u00f3 (para atraparlo), el mirlo escap\u00f3 un poco m\u00e1s. Finalmente, el ni\u00f1o se impacient\u00f3 y dej\u00f3 su cesta en el suelo para perseguir m\u00e1s r\u00e1pidamente al mirlo. El zorro, que estaba acechando para agarrar la cesta, se la llev\u00f3 lejos, no al lugar acordado, sino a su guarida y all\u00ed se atiborr\u00f3, comi\u00e9ndose la parte del mirlo como si fuera suya.<\/p>\n<p><\/p>\n<p>Luego se dijo a s\u00ed mismo:<br \/>\u201cNo es bueno quedarse aqu\u00ed. El lobo es mi enemigo y tambi\u00e9n lo es el mirlo. Algo me pasar\u00e1 si me quedo aqu\u00ed. Tengo que ir al otro lado del agua. \u00bb<br \/>Fue a pararse a la orilla del agua. Pas\u00f3 un barquero y el zorro le dijo:<br \/>&quot;\u00a1Ho! hombre, hola! \u00bfMe llevar\u00e1s al otro lado? Te dir\u00e9 tres verdades. \u00bb<br \/>El hombre le dice que s\u00ed.<\/p>\n<p><\/p>\n<p>El zorro salt\u00f3 (al bote) y comenz\u00f3 diciendo:<br \/>\u201cLa gente dice que la metura es tan buena como el pan. Es una mentira. El pan es mejor. Esta es una verdad. \u00bb<\/p>\n<p><\/p>\n<p>Cuando estaba en medio del r\u00edo, dijo:<br \/>\u201cTambi\u00e9n dicen: \u201c\u00a1Qu\u00e9 hermosa noche, est\u00e1 tan clara como el d\u00eda!\u201d \u00bb Esto tambi\u00e9n es mentira. El d\u00eda siempre es m\u00e1s claro. Aqu\u00ed est\u00e1 la segunda verdad. \u00bb<\/p>\n<p><\/p>\n<p>Y la tercera le dijo mientras se acercaban al banco.<br \/>&quot; Oh ! hombre hombre! tienes malos pantalones y te quedaran mucho peores, si no pasas a gente que paga mas que yo.<br \/>\u201cEsto es muy cierto\u201d, dijo el hombre, y el zorro salt\u00f3 al suelo.<\/p>\n<p><\/p>\n<p>As\u00ed que estuve all\u00ed a la orilla del agua y all\u00ed aprend\u00ed estas tres verdades y desde entonces nunca las he olvidado.<\/p>\n<p><\/p>\t\t\t\t\t\t\t\t<\/div>\n\t\t\t\t<\/div>\n\t\t\t\t\t<\/div>\n\t\t<\/div>\n\t\t\t\t\t<\/div>\n\t\t<\/section>\n\t\t\t\t<\/div>","protected":false},"excerpt":{"rendered":"<p>Mythologie Basque Wiki Un jour, un renard nomm\u00e9 Acheria avait grand faim. Il ne savait que penser. Il voyait passer &hellip; <\/p>","protected":false},"author":1,"featured_media":0,"parent":1004,"menu_order":0,"comment_status":"closed","ping_status":"closed","template":"","meta":{"footnotes":""},"class_list":["post-1132","page","type-page","status-publish","hentry"],"amp_enabled":true,"_links":{"self":[{"href":"https:\/\/mythslegendes.com\/es\/wp-json\/wp\/v2\/pages\/1132","targetHints":{"allow":["GET"]}}],"collection":[{"href":"https:\/\/mythslegendes.com\/es\/wp-json\/wp\/v2\/pages"}],"about":[{"href":"https:\/\/mythslegendes.com\/es\/wp-json\/wp\/v2\/types\/page"}],"author":[{"embeddable":true,"href":"https:\/\/mythslegendes.com\/es\/wp-json\/wp\/v2\/users\/1"}],"replies":[{"embeddable":true,"href":"https:\/\/mythslegendes.com\/es\/wp-json\/wp\/v2\/comments?post=1132"}],"version-history":[{"count":1,"href":"https:\/\/mythslegendes.com\/es\/wp-json\/wp\/v2\/pages\/1132\/revisions"}],"predecessor-version":[{"id":24663,"href":"https:\/\/mythslegendes.com\/es\/wp-json\/wp\/v2\/pages\/1132\/revisions\/24663"}],"up":[{"embeddable":true,"href":"https:\/\/mythslegendes.com\/es\/wp-json\/wp\/v2\/pages\/1004"}],"wp:attachment":[{"href":"https:\/\/mythslegendes.com\/es\/wp-json\/wp\/v2\/media?parent=1132"}],"curies":[{"name":"wp","href":"https:\/\/api.w.org\/{rel}","templated":true}]}}