{"id":1136,"date":"2020-06-23T10:39:57","date_gmt":"2020-06-23T09:39:57","guid":{"rendered":"https:\/\/mythslegendes.com\/?page_id=1136"},"modified":"2022-12-03T22:07:02","modified_gmt":"2022-12-03T22:07:02","slug":"contes-basques-1","status":"publish","type":"page","link":"https:\/\/mythslegendes.com\/es\/mitologia-vasca\/cuentos-vascos-1\/","title":{"rendered":"Cuentos vascos 1"},"content":{"rendered":"<div data-elementor-type=\"wp-page\" data-elementor-id=\"1136\" class=\"elementor elementor-1136\">\n\t\t\t\t\t\t<section class=\"elementor-section elementor-top-section elementor-element elementor-element-a2acb0f elementor-section-boxed elementor-section-height-default elementor-section-height-default\" data-id=\"a2acb0f\" data-element_type=\"section\" data-e-type=\"section\">\n\t\t\t\t\t\t<div class=\"elementor-container elementor-column-gap-default\">\n\t\t\t\t\t<div class=\"elementor-column elementor-col-50 elementor-top-column elementor-element elementor-element-9e88977\" data-id=\"9e88977\" data-element_type=\"column\" data-e-type=\"column\">\n\t\t\t<div class=\"elementor-widget-wrap elementor-element-populated\">\n\t\t\t\t\t\t<div class=\"elementor-element elementor-element-005ed13 elementor-align-justify elementor-widget elementor-widget-button\" data-id=\"005ed13\" data-element_type=\"widget\" data-e-type=\"widget\" data-widget_type=\"button.default\">\n\t\t\t\t<div class=\"elementor-widget-container\">\n\t\t\t\t\t\t\t\t\t<div class=\"elementor-button-wrapper\">\n\t\t\t\t\t<a class=\"elementor-button elementor-button-link elementor-size-sm\" href=\"https:\/\/mythslegendes.com\/es\/mitologia-vasca\/\">\n\t\t\t\t\t\t<span class=\"elementor-button-content-wrapper\">\n\t\t\t\t\t\t\t\t\t<span class=\"elementor-button-text\">Mitolog\u00eda vasca<\/span>\n\t\t\t\t\t<\/span>\n\t\t\t\t\t<\/a>\n\t\t\t\t<\/div>\n\t\t\t\t\t\t\t\t<\/div>\n\t\t\t\t<\/div>\n\t\t\t\t\t<\/div>\n\t\t<\/div>\n\t\t\t\t<div class=\"elementor-column elementor-col-50 elementor-top-column elementor-element elementor-element-c0d0834\" data-id=\"c0d0834\" data-element_type=\"column\" data-e-type=\"column\">\n\t\t\t<div class=\"elementor-widget-wrap elementor-element-populated\">\n\t\t\t\t\t\t<div class=\"elementor-element elementor-element-a7705c7 elementor-align-justify elementor-widget elementor-widget-button\" data-id=\"a7705c7\" data-element_type=\"widget\" data-e-type=\"widget\" data-widget_type=\"button.default\">\n\t\t\t\t<div class=\"elementor-widget-container\">\n\t\t\t\t\t\t\t\t\t<div class=\"elementor-button-wrapper\">\n\t\t\t\t\t<a class=\"elementor-button elementor-button-link elementor-size-sm\" href=\"https:\/\/fr.wikipedia.org\/wiki\/Mythologie_basque\" target=\"_blank\" rel=\"noopener\">\n\t\t\t\t\t\t<span class=\"elementor-button-content-wrapper\">\n\t\t\t\t\t\t\t\t\t<span class=\"elementor-button-text\">Wiki<\/span>\n\t\t\t\t\t<\/span>\n\t\t\t\t\t<\/a>\n\t\t\t\t<\/div>\n\t\t\t\t\t\t\t\t<\/div>\n\t\t\t\t<\/div>\n\t\t\t\t\t<\/div>\n\t\t<\/div>\n\t\t\t\t\t<\/div>\n\t\t<\/section>\n\t\t\t\t<section class=\"elementor-section elementor-top-section elementor-element elementor-element-5bc00782 elementor-section-boxed elementor-section-height-default elementor-section-height-default\" data-id=\"5bc00782\" data-element_type=\"section\" data-e-type=\"section\">\n\t\t\t\t\t\t<div class=\"elementor-container elementor-column-gap-default\">\n\t\t\t\t\t<div class=\"elementor-column elementor-col-100 elementor-top-column elementor-element elementor-element-3bb64473\" data-id=\"3bb64473\" data-element_type=\"column\" data-e-type=\"column\">\n\t\t\t<div class=\"elementor-widget-wrap elementor-element-populated\">\n\t\t\t\t\t\t<div class=\"elementor-element elementor-element-24f85526 elementor-widget elementor-widget-text-editor\" data-id=\"24f85526\" data-element_type=\"widget\" data-e-type=\"widget\" data-widget_type=\"text-editor.default\">\n\t\t\t\t<div class=\"elementor-widget-container\">\n\t\t\t\t\t\t\t\t\t<p><\/p>\n<div id=\"ez-toc-container\" class=\"ez-toc-v2_0_82_2 counter-hierarchy ez-toc-counter ez-toc-grey ez-toc-container-direction\">\n<div class=\"ez-toc-title-container\">\n<p class=\"ez-toc-title\" style=\"cursor:inherit\">Contenido<\/p>\n<span class=\"ez-toc-title-toggle\"><a href=\"#\" class=\"ez-toc-pull-right ez-toc-btn ez-toc-btn-xs ez-toc-btn-default ez-toc-toggle\" aria-label=\"Alternar tabla de contenidos\"><span class=\"ez-toc-js-icon-con\"><span class=\"\"><span class=\"eztoc-hide\" style=\"display:none;\">Palanca<\/span><span class=\"ez-toc-icon-toggle-span\"><svg style=\"fill: #999;color:#999\" xmlns=\"http:\/\/www.w3.org\/2000\/svg\" class=\"list-377408\" width=\"20px\" height=\"20px\" viewbox=\"0 0 24 24\" fill=\"none\"><path d=\"M6 6H4v2h2V6zm14 0H8v2h12V6zM4 11h2v2H4v-2zm16 0H8v2h12v-2zM4 16h2v2H4v-2zm16 0H8v2h12v-2z\" fill=\"currentColor\"><\/path><\/svg><svg style=\"fill: #999;color:#999\" class=\"arrow-unsorted-368013\" xmlns=\"http:\/\/www.w3.org\/2000\/svg\" width=\"10px\" height=\"10px\" viewbox=\"0 0 24 24\" version=\"1.2\" baseprofile=\"tiny\"><path d=\"M18.2 9.3l-6.2-6.3-6.2 6.3c-.2.2-.3.4-.3.7s.1.5.3.7c.2.2.4.3.7.3h11c.3 0 .5-.1.7-.3.2-.2.3-.5.3-.7s-.1-.5-.3-.7zM5.8 14.7l6.2 6.3 6.2-6.3c.2-.2.3-.5.3-.7s-.1-.5-.3-.7c-.2-.2-.4-.3-.7-.3h-11c-.3 0-.5.1-.7.3-.2.2-.3.5-.3.7s.1.5.3.7z\"\/><\/svg><\/span><\/span><\/span><\/a><\/span><\/div>\n<nav><ul class='ez-toc-list ez-toc-list-level-1' ><li class='ez-toc-page-1 ez-toc-heading-level-2'><a class=\"ez-toc-link ez-toc-heading-1\" href=\"https:\/\/mythslegendes.com\/es\/mitologia-vasca\/cuentos-vascos-1\/#Contes-basques\" >Cuentos vascos<\/a><\/li><li class='ez-toc-page-1 ez-toc-heading-level-2'><a class=\"ez-toc-link ez-toc-heading-2\" href=\"https:\/\/mythslegendes.com\/es\/mitologia-vasca\/cuentos-vascos-1\/#Les-deux-freres\" >los dos hermanos<\/a><\/li><li class='ez-toc-page-1 ez-toc-heading-level-2'><a class=\"ez-toc-link ez-toc-heading-3\" href=\"https:\/\/mythslegendes.com\/es\/mitologia-vasca\/cuentos-vascos-1\/#Lage-du-diable\" >la era del diablo<\/a><\/li><li class='ez-toc-page-1 ez-toc-heading-level-2'><a class=\"ez-toc-link ez-toc-heading-4\" href=\"https:\/\/mythslegendes.com\/es\/mitologia-vasca\/cuentos-vascos-1\/#Don-Diego-et-Mari\" >Don Diego y Mari<\/a><\/li><\/ul><\/nav><\/div>\n<h2 class=\"wp-block-heading\"><span class=\"ez-toc-section\" id=\"Contes-basques\"><\/span>Cuentos vascos<span class=\"ez-toc-section-end\"><\/span><\/h2>\n<p>Aqu\u00ed hay tres cuentos. <a href=\"https:\/\/mythslegendes.com\/es\/mitologia-vasca\/\">vasco<\/a> : Los dos hermanos, la era del diablo, Don diego y Mari<\/p>\n<p><img decoding=\"async\" class=\"alignnone wp-image-5284 size-full\" src=\"https:\/\/mythslegendes.com\/wp-content\/uploads\/2020\/09\/AlphaOmega-e1602613368367.png\" alt=\"Cuentos vascos\" width=\"25\" height=\"26\" title=\"\"><\/p>\n<h2><span class=\"ez-toc-section\" id=\"Les-deux-freres\"><\/span>los dos hermanos<span class=\"ez-toc-section-end\"><\/span><\/h2>\n<p><\/p>\n<p>Una mujer ten\u00eda dos hijos, uno sabio y otro loco. El sabio dirig\u00eda la casa, porque la madre estaba enferma. Como remedio a sus dolores tom\u00f3 ba\u00f1os que el sabio prepar\u00f3 muy bien. Ahora bien, un d\u00eda que el sabio hab\u00eda salido, el loco se encarg\u00f3 de preparar el ba\u00f1o. Muy contento con este trabajo, imagina que est\u00e1 obligado a superar a su hermano en preparaci\u00f3n; hace meter a su madre en la tina y le echa un balde de agua hirviendo. La pobre mujer se cocin\u00f3 al instante.<\/p>\n<p>As\u00ed, s\u00f3lo los dos hermanos se quedaron en casa. Un d\u00eda fueron al mercado a comprar un cerdo. Terminada la compra, el sabio, a\u00fan teniendo negocios en el mercado, encomienda el cerdo a su hermano para que lo lleve a casa con una cuerda. En el camino, el cerdo habl\u00f3 en su idioma; y el loco, aburrido de o\u00edrlo:<br \/>&quot;Apostemos, dijo, qui\u00e9n vendr\u00e1 a nosotros m\u00e1s pronto&quot;.<\/p>\n<p><\/p>\n<p>Suelta la cuerda y comienza a correr. Por la noche, el sabio regresa y pregunta por el cerdo. El loco cuenta lo sucedido.<br \/>\u2013 \u201cOtra vez, dijo el sabio, recuerda que siempre debes tirar de la cuerda de lo que compraste en el mercado\u201d.<br \/>&quot;Bien&quot;, dijo el loco.<\/p>\n<p><\/p>\n<p>En el pr\u00f3ximo mercado, los dos hermanos van a comprar un c\u00e1ntaro, que el loco se encarga de traer de vuelta. Pero como no hab\u00eda olvidado el consejo de su hermano, at\u00f3 una cuerda al c\u00e1ntaro que empez\u00f3 a arrastrar por el camino: se rompi\u00f3 en mil pedazos. El sabio, viendo que en nada acertaba, y que adem\u00e1s le faltaban recursos, hizo comprender al loco que se reduc\u00edan a mendigar. Se van, y el sabio, siendo el primero en salir, le dice al tonto que abra la puerta; despu\u00e9s de lo cual sigui\u00f3 adelante.<\/p>\n<p>El loco entendi\u00f3 que ten\u00eda que ponerle la puerta a la espalda. As\u00ed que la sac\u00f3 de sus goznes y se la llev\u00f3 con \u00e9l. Y, aunque su hermano le hab\u00eda dicho que ser\u00eda in\u00fatil, se neg\u00f3 a desprenderse de \u00e9l. Por la tarde, llegaron a un bosque y, para no tumbarse en la tierra desnuda, treparon a un \u00e1rbol, el loco todav\u00eda sujetando su puerta. A medianoche, diez ladrones se detuvieron al pie del \u00e1rbol para repartir una bolsa de oro.<\/p>\n<p>Mientras contaban, el loco le dijo a su hermano:<br \/>\u201cYa no puedo sostener esa puerta, y \u00e9l la dej\u00f3 caer. Los ladrones asustados creyeron que Dios les estaba tirando un pedazo del cielo y se fueron corriendo. El sabio no se molest\u00f3 en contar el oro. Los dos hermanos construyeron un hermoso castillo y vivieron c\u00f3modamente.<\/p>\n<p><\/p>\n<hr class=\"wp-block-separator\" \/>\n<p><\/p>\n<h2 class=\"wp-block-heading\"><span class=\"ez-toc-section\" id=\"Lage-du-diable\"><\/span>la era del diablo<span class=\"ez-toc-section-end\"><\/span><\/h2>\n<p><\/p>\n<p>\u00c9rase una vez un pobre carbonero que ten\u00eda tantos hijos que no pod\u00eda alimentarlos, por m\u00e1s que lo intentaba. Un d\u00eda, cuando estaba ocupado con su trabajo, vio que se le acercaba un anciano que, despu\u00e9s de mirarlo durante un largo rato, finalmente le pregunt\u00f3, con una apariencia de inter\u00e9s, si realmente estaba feliz con su puesto. .<\/p>\n<p>\u2013 \u201c\u00bfC\u00f3mo podr\u00eda ser? dijo el carbonero. Sudo y trabajo en vano despu\u00e9s de este horno maldito, desde la ma\u00f1ana hasta la tarde y, a menudo, desde la tarde hasta la ma\u00f1ana; a pesar de todo, mi esposa y mis hijos, de quienes no s\u00e9 la cuenta, est\u00e1n pasando hambre\u201d.<\/p>\n<p><\/p>\n<p>El anciano, asumiendo un aire dulce, dijo al carbonero:<br \/>\u201cPor muy trabajador y honesto que parezcas, mereces ser m\u00e1s feliz, puedo verlo. Ahora, quiero ser agradable contigo y te prometo todo el dinero que puedas llevar, con una peque\u00f1a condici\u00f3n: que me digas mi edad dentro de una semana\u201d.<\/p>\n<p><\/p>\n<p>El carbonero acept\u00f3 de inmediato. Sin embargo, la reflexi\u00f3n que le vino despu\u00e9s, le pareci\u00f3 oportuno hablar con su mujer sobre el mercado. La esposa del carbonero no era tonta:<br \/>&quot;No te preocupes&quot;, le dijo a su marido; en la semana, encontrar\u00e9 la manera de saber la edad de este anciano\u201d.<\/p>\n<p><\/p>\n<p>La semana pasada, el carbonero y su esposa van al bosque. Llegada a la estufa de carb\u00f3n, la carbonera se quita la ropa, se unta con miel y comienza a chapotear en un barril lleno de plumas, tra\u00eddo all\u00ed para tal fin. El anciano llega a la hora se\u00f1alada y ve salir del tonel una bestia fant\u00e1stica, ni cuadr\u00fapeda ni p\u00e1jaro, y retozando frente a \u00e9l, con todo tipo de muecas y gestos extraordinarios.<\/p>\n<p>Se sorprende y sin pensarlo:<br \/>\u2013 \u201cHace novecientos a\u00f1os que estoy en el mundo y nunca he visto nada igual\u201d.<\/p>\n<p><\/p>\n<p>Entonces la mujer emplumada desaparece, y el carbonero, con aire astuto, toma del brazo al anciano y le susurra al o\u00eddo:<br \/>\u201cTienes novecientos a\u00f1os.<br \/>\u201cNo lo puedo negar, dijo el anciano, y has ganado tu bolsa de oro\u201d.<br \/>Siendo pesado el saco, y el carbonero, su mujer y todos sus hijos, cualquiera que fuese su n\u00famero, ya no tuvieron que pasar hambre.<\/p>\n<p><\/p>\n<hr class=\"wp-block-separator\" \/>\n<p><\/p>\n<h2 class=\"wp-block-heading\"><span class=\"ez-toc-section\" id=\"Don-Diego-et-Mari\"><\/span>Don Diego y Mari<span class=\"ez-toc-section-end\"><\/span><\/h2>\n<p><\/p>\n<p>Don Diego L\u00f3pez de Haro era muy buen monta\u00f1ero. Un d\u00eda hab\u00eda ido a cazar jabal\u00edes cuando escuch\u00f3 en lo alto a una mujer cantando muy fuerte. Se acerc\u00f3, la vio muy hermosa y muy bien vestida, se enamor\u00f3 profundamente de ella y le pregunt\u00f3 qui\u00e9n era.<\/p>\n<p><\/p>\n<p>Ella le dijo que era de muy alto linaje. \u00c9l le dijo que ya que ese era el caso, \u00e9l se casar\u00eda con ella si ella lo deseaba, porque \u00e9l era el Se\u00f1or de esta tierra.<br \/>Ella acept\u00f3 pero con una condici\u00f3n, que \u00e9l le prometiera no hacer nunca la se\u00f1al de la cruz.<\/p>\n<p><\/p>\n<p>\u00c9l le prometi\u00f3, ella se fue con \u00e9l. Esta Se\u00f1ora era muy hermosa, ten\u00eda un cuerpo bien hecho aparte de esto, ten\u00eda una pata de chivo.<\/p>\n<p><\/p>\n<p>Vivieron juntos durante mucho tiempo y tuvieron dos hijos, un ni\u00f1o y una ni\u00f1a. El hijo se llamaba I\u00f1igo Guerra.<\/p>\n<p><\/p>\n<p>Entonces un d\u00eda Don Diego se santigu\u00f3 mientras estaba en la mesa comiendo con su familia. Al instante, su esposa se arroj\u00f3 fuera de la habitaci\u00f3n con su hija, por la ventana del palacio y huy\u00f3 por las monta\u00f1as, de modo que ya no la vieran; ni ella ni su hija.<\/p>\n<p><\/p>\t\t\t\t\t\t\t\t<\/div>\n\t\t\t\t<\/div>\n\t\t\t\t\t<\/div>\n\t\t<\/div>\n\t\t\t\t\t<\/div>\n\t\t<\/section>\n\t\t\t\t<\/div>","protected":false},"excerpt":{"rendered":"<p>Wiki Mitolog\u00eda Vasca Cuentos Vascos He aqu\u00ed tres cuentos vascos: Los dos hermanos, la edad del diablo, Don Diego y Mari\u2026 <\/p>","protected":false},"author":1,"featured_media":0,"parent":1004,"menu_order":0,"comment_status":"closed","ping_status":"closed","template":"","meta":{"footnotes":""},"class_list":["post-1136","page","type-page","status-publish","hentry"],"amp_enabled":true,"_links":{"self":[{"href":"https:\/\/mythslegendes.com\/es\/wp-json\/wp\/v2\/pages\/1136","targetHints":{"allow":["GET"]}}],"collection":[{"href":"https:\/\/mythslegendes.com\/es\/wp-json\/wp\/v2\/pages"}],"about":[{"href":"https:\/\/mythslegendes.com\/es\/wp-json\/wp\/v2\/types\/page"}],"author":[{"embeddable":true,"href":"https:\/\/mythslegendes.com\/es\/wp-json\/wp\/v2\/users\/1"}],"replies":[{"embeddable":true,"href":"https:\/\/mythslegendes.com\/es\/wp-json\/wp\/v2\/comments?post=1136"}],"version-history":[{"count":1,"href":"https:\/\/mythslegendes.com\/es\/wp-json\/wp\/v2\/pages\/1136\/revisions"}],"predecessor-version":[{"id":24664,"href":"https:\/\/mythslegendes.com\/es\/wp-json\/wp\/v2\/pages\/1136\/revisions\/24664"}],"up":[{"embeddable":true,"href":"https:\/\/mythslegendes.com\/es\/wp-json\/wp\/v2\/pages\/1004"}],"wp:attachment":[{"href":"https:\/\/mythslegendes.com\/es\/wp-json\/wp\/v2\/media?parent=1136"}],"curies":[{"name":"wp","href":"https:\/\/api.w.org\/{rel}","templated":true}]}}