{"id":1145,"date":"2020-06-23T10:41:26","date_gmt":"2020-06-23T09:41:26","guid":{"rendered":"https:\/\/mythslegendes.com\/?page_id=1145"},"modified":"2022-12-03T22:07:02","modified_gmt":"2022-12-03T22:07:02","slug":"la-maison-vide-delkorri","status":"publish","type":"page","link":"https:\/\/mythslegendes.com\/es\/mitologia-vasca\/la-casa-vacia-delkorri\/","title":{"rendered":"La casa vac\u00eda de Elkorri"},"content":{"rendered":"<div data-elementor-type=\"wp-page\" data-elementor-id=\"1145\" class=\"elementor elementor-1145\">\n\t\t\t\t\t\t<section class=\"elementor-section elementor-top-section elementor-element elementor-element-bbe27c4 elementor-section-boxed elementor-section-height-default elementor-section-height-default\" data-id=\"bbe27c4\" data-element_type=\"section\" data-e-type=\"section\">\n\t\t\t\t\t\t<div class=\"elementor-container elementor-column-gap-default\">\n\t\t\t\t\t<div class=\"elementor-column elementor-col-50 elementor-top-column elementor-element elementor-element-9e95aec\" data-id=\"9e95aec\" data-element_type=\"column\" data-e-type=\"column\">\n\t\t\t<div class=\"elementor-widget-wrap elementor-element-populated\">\n\t\t\t\t\t\t<div class=\"elementor-element elementor-element-74a4a4f elementor-align-justify elementor-widget elementor-widget-button\" data-id=\"74a4a4f\" data-element_type=\"widget\" data-e-type=\"widget\" data-widget_type=\"button.default\">\n\t\t\t\t<div class=\"elementor-widget-container\">\n\t\t\t\t\t\t\t\t\t<div class=\"elementor-button-wrapper\">\n\t\t\t\t\t<a class=\"elementor-button elementor-button-link elementor-size-sm\" href=\"https:\/\/mythslegendes.com\/es\/mitologia-vasca\/\">\n\t\t\t\t\t\t<span class=\"elementor-button-content-wrapper\">\n\t\t\t\t\t\t\t\t\t<span class=\"elementor-button-text\">Mitolog\u00eda vasca<\/span>\n\t\t\t\t\t<\/span>\n\t\t\t\t\t<\/a>\n\t\t\t\t<\/div>\n\t\t\t\t\t\t\t\t<\/div>\n\t\t\t\t<\/div>\n\t\t\t\t\t<\/div>\n\t\t<\/div>\n\t\t\t\t<div class=\"elementor-column elementor-col-50 elementor-top-column elementor-element elementor-element-786b486\" data-id=\"786b486\" data-element_type=\"column\" data-e-type=\"column\">\n\t\t\t<div class=\"elementor-widget-wrap elementor-element-populated\">\n\t\t\t\t\t\t<div class=\"elementor-element elementor-element-3b903b3 elementor-align-justify elementor-widget elementor-widget-button\" data-id=\"3b903b3\" data-element_type=\"widget\" data-e-type=\"widget\" data-widget_type=\"button.default\">\n\t\t\t\t<div class=\"elementor-widget-container\">\n\t\t\t\t\t\t\t\t\t<div class=\"elementor-button-wrapper\">\n\t\t\t\t\t<a class=\"elementor-button elementor-button-link elementor-size-sm\" href=\"https:\/\/fr.wikipedia.org\/wiki\/Mythologie_basque\" target=\"_blank\" rel=\"noopener\">\n\t\t\t\t\t\t<span class=\"elementor-button-content-wrapper\">\n\t\t\t\t\t\t\t\t\t<span class=\"elementor-button-text\">Wiki<\/span>\n\t\t\t\t\t<\/span>\n\t\t\t\t\t<\/a>\n\t\t\t\t<\/div>\n\t\t\t\t\t\t\t\t<\/div>\n\t\t\t\t<\/div>\n\t\t\t\t\t<\/div>\n\t\t<\/div>\n\t\t\t\t\t<\/div>\n\t\t<\/section>\n\t\t\t\t<section class=\"elementor-section elementor-top-section elementor-element elementor-element-6cf8c215 elementor-section-boxed elementor-section-height-default elementor-section-height-default\" data-id=\"6cf8c215\" data-element_type=\"section\" data-e-type=\"section\">\n\t\t\t\t\t\t<div class=\"elementor-container elementor-column-gap-default\">\n\t\t\t\t\t<div class=\"elementor-column elementor-col-100 elementor-top-column elementor-element elementor-element-72ec778f\" data-id=\"72ec778f\" data-element_type=\"column\" data-e-type=\"column\">\n\t\t\t<div class=\"elementor-widget-wrap elementor-element-populated\">\n\t\t\t\t\t\t<div class=\"elementor-element elementor-element-12893a56 elementor-widget elementor-widget-text-editor\" data-id=\"12893a56\" data-element_type=\"widget\" data-e-type=\"widget\" data-widget_type=\"text-editor.default\">\n\t\t\t\t<div class=\"elementor-widget-container\">\n\t\t\t\t\t\t\t\t\t<p><\/p>\n<p>Una vez en Navarra en Elkorri hab\u00eda un joven travieso y mal informado. Dijo que no hab\u00eda alma perdida ni fantasma.<br \/>No fue bien asesorado pero sus compatriotas no fueron mejores porque lo explotaron del pueblo con piedras.<\/p>\n<p><img decoding=\"async\" class=\"alignnone wp-image-5284 size-full\" src=\"https:\/\/mythslegendes.com\/wp-content\/uploads\/2020\/09\/AlphaOmega-e1602613368367.png\" alt=\"La casa vac\u00eda Elkorri\" width=\"25\" height=\"26\" title=\"\"><\/p>\n<div id=\"ez-toc-container\" class=\"ez-toc-v2_0_82_2 counter-hierarchy ez-toc-counter ez-toc-grey ez-toc-container-direction\">\n<div class=\"ez-toc-title-container\">\n<p class=\"ez-toc-title\" style=\"cursor:inherit\">Contenido<\/p>\n<span class=\"ez-toc-title-toggle\"><a href=\"#\" class=\"ez-toc-pull-right ez-toc-btn ez-toc-btn-xs ez-toc-btn-default ez-toc-toggle\" aria-label=\"Alternar tabla de contenidos\"><span class=\"ez-toc-js-icon-con\"><span class=\"\"><span class=\"eztoc-hide\" style=\"display:none;\">Palanca<\/span><span class=\"ez-toc-icon-toggle-span\"><svg style=\"fill: #999;color:#999\" xmlns=\"http:\/\/www.w3.org\/2000\/svg\" class=\"list-377408\" width=\"20px\" height=\"20px\" viewbox=\"0 0 24 24\" fill=\"none\"><path d=\"M6 6H4v2h2V6zm14 0H8v2h12V6zM4 11h2v2H4v-2zm16 0H8v2h12v-2zM4 16h2v2H4v-2zm16 0H8v2h12v-2z\" fill=\"currentColor\"><\/path><\/svg><svg style=\"fill: #999;color:#999\" class=\"arrow-unsorted-368013\" xmlns=\"http:\/\/www.w3.org\/2000\/svg\" width=\"10px\" height=\"10px\" viewbox=\"0 0 24 24\" version=\"1.2\" baseprofile=\"tiny\"><path d=\"M18.2 9.3l-6.2-6.3-6.2 6.3c-.2.2-.3.4-.3.7s.1.5.3.7c.2.2.4.3.7.3h11c.3 0 .5-.1.7-.3.2-.2.3-.5.3-.7s-.1-.5-.3-.7zM5.8 14.7l6.2 6.3 6.2-6.3c.2-.2.3-.5.3-.7s-.1-.5-.3-.7c-.2-.2-.4-.3-.7-.3h-11c-.3 0-.5.1-.7.3-.2.2-.3.5-.3.7s.1.5.3.7z\"\/><\/svg><\/span><\/span><\/span><\/a><\/span><\/div>\n<nav><ul class='ez-toc-list ez-toc-list-level-1' ><li class='ez-toc-page-1 ez-toc-heading-level-2'><a class=\"ez-toc-link ez-toc-heading-1\" href=\"https:\/\/mythslegendes.com\/es\/mitologia-vasca\/la-casa-vacia-delkorri\/#La-maison-vide-dElkorri\" >La casa vac\u00eda de Elkorri<\/a><\/li><\/ul><\/nav><\/div>\n<h2><span class=\"ez-toc-section\" id=\"La-maison-vide-dElkorri\"><\/span>La casa vac\u00eda de Elkorri<span class=\"ez-toc-section-end\"><\/span><\/h2>\n<p><\/p>\n<p>Expulsado de todos los pueblos, acaba llegando a Elkorri, un lugar perdido entre el puerto de Lizarrosti y Etxarri-Aranaz. All\u00ed hab\u00eda una casa vac\u00eda. Nadie se atrevi\u00f3 a entrar porque, seg\u00fan dijeron, hab\u00eda un alma perdida vagando por all\u00ed.<\/p>\n<p><\/p>\n<p>El joven entr\u00f3 sin miedo. Quer\u00eda vivir aqu\u00ed, en esta casa. Cuando comenz\u00f3 a preparar la comida en la chimenea, escuch\u00f3 una voz que ven\u00eda de arriba, por donde se escapaba el humo:<br \/>&quot;\u00bfCaer\u00e9 o no caer\u00e9?&quot; &quot;<br \/>&quot;Si quieres que s\u00ed, si no lo quieres, no&quot;.<\/p>\n<p><\/p>\n<p>Una cabeza humana cay\u00f3 en las cenizas del hogar. Entonces el joven lo puso en la punta de su saliva y lo tir\u00f3 en un rinc\u00f3n de la cocina.<br \/>De nuevo escuch\u00f3 la misma voz. Respondi\u00f3 de la misma manera. Inmediatamente otra parte del cuerpo cay\u00f3 de la chimenea, y el ni\u00f1o lo sac\u00f3, todav\u00eda de la misma manera.<\/p>\n<p>Nuevamente el di\u00e1logo se repiti\u00f3 hasta que todos los miembros del cuerpo finalmente cayeron. Todos r\u00e1pidamente ensamblaron y moldearon a un hombre que le dijo en voz alta al ni\u00f1o:<\/p>\n<p>\u201cDices que no lo soy; pero s\u00ed lo soy \u201d.<br \/>&quot;S\u00ed, t\u00fa tambi\u00e9n&quot; respondi\u00f3 el nuevo anfitri\u00f3n. Pero mantente siete etapas separadas, y adelante \u201d.<br \/>&quot;Toma esa azada&quot;, le dijo el fantasma.<br \/>&quot;T\u00f3malo si quieres&quot; respondi\u00f3 el joven.<\/p>\n<p><\/p>\n<p>Y el fantasma se llev\u00f3 la azada. Seguido por el joven se dirigi\u00f3 a otra habitaci\u00f3n de la casa donde le dijo a su compa\u00f1ero:<br \/>&quot;Cava aqu\u00ed con esta azada&quot;<br \/>&quot;Cava si quieres&quot;, respondi\u00f3 el otro.<\/p>\n<p><\/p>\n<p>El fantasma abri\u00f3 un agujero en el suelo y descubri\u00f3 un mont\u00f3n de oro. Le dijo al joven:<br \/>\u201cEste oro es para ti: te nombro due\u00f1o. Sin un &quot;nombre&quot;, no podr\u00eda tener ning\u00fan valor. Gracias a ti ahora podr\u00e9 disfrutar del descanso eterno \u201ddiciendo esto, el espectro desapareci\u00f3.<\/p>\n<p><\/p>\n<p>Entonces el joven regres\u00f3 a su aldea, donde esta vez fue bien recibido.<\/p>\n<p><\/p>\t\t\t\t\t\t\t\t<\/div>\n\t\t\t\t<\/div>\n\t\t\t\t\t<\/div>\n\t\t<\/div>\n\t\t\t\t\t<\/div>\n\t\t<\/section>\n\t\t\t\t<\/div>","protected":false},"excerpt":{"rendered":"<p>Wiki Mitolog\u00eda Vasca Hab\u00eda una vez en Navarra en Elkorri un joven travieso y desinformado. \u00c9l dec\u00eda \u2026 <\/p>","protected":false},"author":1,"featured_media":0,"parent":1004,"menu_order":0,"comment_status":"closed","ping_status":"closed","template":"","meta":{"footnotes":""},"class_list":["post-1145","page","type-page","status-publish","hentry"],"amp_enabled":true,"_links":{"self":[{"href":"https:\/\/mythslegendes.com\/es\/wp-json\/wp\/v2\/pages\/1145","targetHints":{"allow":["GET"]}}],"collection":[{"href":"https:\/\/mythslegendes.com\/es\/wp-json\/wp\/v2\/pages"}],"about":[{"href":"https:\/\/mythslegendes.com\/es\/wp-json\/wp\/v2\/types\/page"}],"author":[{"embeddable":true,"href":"https:\/\/mythslegendes.com\/es\/wp-json\/wp\/v2\/users\/1"}],"replies":[{"embeddable":true,"href":"https:\/\/mythslegendes.com\/es\/wp-json\/wp\/v2\/comments?post=1145"}],"version-history":[{"count":1,"href":"https:\/\/mythslegendes.com\/es\/wp-json\/wp\/v2\/pages\/1145\/revisions"}],"predecessor-version":[{"id":24667,"href":"https:\/\/mythslegendes.com\/es\/wp-json\/wp\/v2\/pages\/1145\/revisions\/24667"}],"up":[{"embeddable":true,"href":"https:\/\/mythslegendes.com\/es\/wp-json\/wp\/v2\/pages\/1004"}],"wp:attachment":[{"href":"https:\/\/mythslegendes.com\/es\/wp-json\/wp\/v2\/media?parent=1145"}],"curies":[{"name":"wp","href":"https:\/\/api.w.org\/{rel}","templated":true}]}}