{"id":1150,"date":"2020-06-23T10:46:29","date_gmt":"2020-06-23T09:46:29","guid":{"rendered":"https:\/\/mythslegendes.com\/?page_id=1150"},"modified":"2022-12-03T22:07:02","modified_gmt":"2022-12-03T22:07:02","slug":"contes-basques-3","status":"publish","type":"page","link":"https:\/\/mythslegendes.com\/es\/mitologia-vasca\/cuentos-vascos-3\/","title":{"rendered":"Cuentos vascos 3"},"content":{"rendered":"<div data-elementor-type=\"wp-page\" data-elementor-id=\"1150\" class=\"elementor elementor-1150\">\n\t\t\t\t\t\t<section class=\"elementor-section elementor-top-section elementor-element elementor-element-d8f32ee elementor-section-boxed elementor-section-height-default elementor-section-height-default\" data-id=\"d8f32ee\" data-element_type=\"section\" data-e-type=\"section\">\n\t\t\t\t\t\t<div class=\"elementor-container elementor-column-gap-default\">\n\t\t\t\t\t<div class=\"elementor-column elementor-col-50 elementor-top-column elementor-element elementor-element-dfc3256\" data-id=\"dfc3256\" data-element_type=\"column\" data-e-type=\"column\">\n\t\t\t<div class=\"elementor-widget-wrap elementor-element-populated\">\n\t\t\t\t\t\t<div class=\"elementor-element elementor-element-5ea75ff elementor-align-justify elementor-widget elementor-widget-button\" data-id=\"5ea75ff\" data-element_type=\"widget\" data-e-type=\"widget\" data-widget_type=\"button.default\">\n\t\t\t\t<div class=\"elementor-widget-container\">\n\t\t\t\t\t\t\t\t\t<div class=\"elementor-button-wrapper\">\n\t\t\t\t\t<a class=\"elementor-button elementor-button-link elementor-size-sm\" href=\"https:\/\/mythslegendes.com\/es\/mitologia-vasca\/\">\n\t\t\t\t\t\t<span class=\"elementor-button-content-wrapper\">\n\t\t\t\t\t\t\t\t\t<span class=\"elementor-button-text\">Mitolog\u00eda vasca<\/span>\n\t\t\t\t\t<\/span>\n\t\t\t\t\t<\/a>\n\t\t\t\t<\/div>\n\t\t\t\t\t\t\t\t<\/div>\n\t\t\t\t<\/div>\n\t\t\t\t\t<\/div>\n\t\t<\/div>\n\t\t\t\t<div class=\"elementor-column elementor-col-50 elementor-top-column elementor-element elementor-element-51a46bd\" data-id=\"51a46bd\" data-element_type=\"column\" data-e-type=\"column\">\n\t\t\t<div class=\"elementor-widget-wrap elementor-element-populated\">\n\t\t\t\t\t\t<div class=\"elementor-element elementor-element-c48fc9c elementor-align-justify elementor-widget elementor-widget-button\" data-id=\"c48fc9c\" data-element_type=\"widget\" data-e-type=\"widget\" data-widget_type=\"button.default\">\n\t\t\t\t<div class=\"elementor-widget-container\">\n\t\t\t\t\t\t\t\t\t<div class=\"elementor-button-wrapper\">\n\t\t\t\t\t<a class=\"elementor-button elementor-button-link elementor-size-sm\" href=\"https:\/\/fr.wikipedia.org\/wiki\/Mythologie_basque\" target=\"_blank\" rel=\"noopener\">\n\t\t\t\t\t\t<span class=\"elementor-button-content-wrapper\">\n\t\t\t\t\t\t\t\t\t<span class=\"elementor-button-text\">Wiki<\/span>\n\t\t\t\t\t<\/span>\n\t\t\t\t\t<\/a>\n\t\t\t\t<\/div>\n\t\t\t\t\t\t\t\t<\/div>\n\t\t\t\t<\/div>\n\t\t\t\t\t<\/div>\n\t\t<\/div>\n\t\t\t\t\t<\/div>\n\t\t<\/section>\n\t\t\t\t<section class=\"elementor-section elementor-top-section elementor-element elementor-element-37cbca50 elementor-section-boxed elementor-section-height-default elementor-section-height-default\" data-id=\"37cbca50\" data-element_type=\"section\" data-e-type=\"section\">\n\t\t\t\t\t\t<div class=\"elementor-container elementor-column-gap-default\">\n\t\t\t\t\t<div class=\"elementor-column elementor-col-100 elementor-top-column elementor-element elementor-element-3232ee80\" data-id=\"3232ee80\" data-element_type=\"column\" data-e-type=\"column\">\n\t\t\t<div class=\"elementor-widget-wrap elementor-element-populated\">\n\t\t\t\t\t\t<div class=\"elementor-element elementor-element-d562d8f elementor-widget elementor-widget-text-editor\" data-id=\"d562d8f\" data-element_type=\"widget\" data-e-type=\"widget\" data-widget_type=\"text-editor.default\">\n\t\t\t\t<div class=\"elementor-widget-container\">\n\t\t\t\t\t\t\t\t\t<p><\/p>\n<div id=\"ez-toc-container\" class=\"ez-toc-v2_0_82_2 counter-hierarchy ez-toc-counter ez-toc-grey ez-toc-container-direction\">\n<div class=\"ez-toc-title-container\">\n<p class=\"ez-toc-title\" style=\"cursor:inherit\">Contenido<\/p>\n<span class=\"ez-toc-title-toggle\"><a href=\"#\" class=\"ez-toc-pull-right ez-toc-btn ez-toc-btn-xs ez-toc-btn-default ez-toc-toggle\" aria-label=\"Alternar tabla de contenidos\"><span class=\"ez-toc-js-icon-con\"><span class=\"\"><span class=\"eztoc-hide\" style=\"display:none;\">Palanca<\/span><span class=\"ez-toc-icon-toggle-span\"><svg style=\"fill: #999;color:#999\" xmlns=\"http:\/\/www.w3.org\/2000\/svg\" class=\"list-377408\" width=\"20px\" height=\"20px\" viewbox=\"0 0 24 24\" fill=\"none\"><path d=\"M6 6H4v2h2V6zm14 0H8v2h12V6zM4 11h2v2H4v-2zm16 0H8v2h12v-2zM4 16h2v2H4v-2zm16 0H8v2h12v-2z\" fill=\"currentColor\"><\/path><\/svg><svg style=\"fill: #999;color:#999\" class=\"arrow-unsorted-368013\" xmlns=\"http:\/\/www.w3.org\/2000\/svg\" width=\"10px\" height=\"10px\" viewbox=\"0 0 24 24\" version=\"1.2\" baseprofile=\"tiny\"><path d=\"M18.2 9.3l-6.2-6.3-6.2 6.3c-.2.2-.3.4-.3.7s.1.5.3.7c.2.2.4.3.7.3h11c.3 0 .5-.1.7-.3.2-.2.3-.5.3-.7s-.1-.5-.3-.7zM5.8 14.7l6.2 6.3 6.2-6.3c.2-.2.3-.5.3-.7s-.1-.5-.3-.7c-.2-.2-.4-.3-.7-.3h-11c-.3 0-.5.1-.7.3-.2.2-.3.5-.3.7s.1.5.3.7z\"\/><\/svg><\/span><\/span><\/span><\/a><\/span><\/div>\n<nav><ul class='ez-toc-list ez-toc-list-level-1' ><li class='ez-toc-page-1 ez-toc-heading-level-2'><a class=\"ez-toc-link ez-toc-heading-1\" href=\"https:\/\/mythslegendes.com\/es\/mitologia-vasca\/cuentos-vascos-3\/#Contes-basques\" >Cuentos vascos<\/a><\/li><li class='ez-toc-page-1 ez-toc-heading-level-2'><a class=\"ez-toc-link ez-toc-heading-2\" href=\"https:\/\/mythslegendes.com\/es\/mitologia-vasca\/cuentos-vascos-3\/#Lane-et-le-loup\" >el burro y el lobo<\/a><\/li><li class='ez-toc-page-1 ez-toc-heading-level-2'><a class=\"ez-toc-link ez-toc-heading-3\" href=\"https:\/\/mythslegendes.com\/es\/mitologia-vasca\/cuentos-vascos-3\/#Dominichtekun\" >Dominichtekun<\/a><\/li><li class='ez-toc-page-1 ez-toc-heading-level-2'><a class=\"ez-toc-link ez-toc-heading-4\" href=\"https:\/\/mythslegendes.com\/es\/mitologia-vasca\/cuentos-vascos-3\/#Mari-et-Diego-Lopez\" >Esposo y Diego Lopez<\/a><\/li><\/ul><\/nav><\/div>\n<h2 class=\"wp-block-heading\"><span class=\"ez-toc-section\" id=\"Contes-basques\"><\/span>Cuentos vascos<span class=\"ez-toc-section-end\"><\/span><\/h2>\n<p>Aqu\u00ed hay varios cuentos. <a href=\"https:\/\/mythslegendes.com\/es\/mitologia-vasca\/\">vasco<\/a> : l&rsquo;\u00e2ne et le loup, Dominichtekun, Mari et Diego Lopez<\/p>\n<p><img decoding=\"async\" class=\"alignnone wp-image-5284 size-full\" src=\"https:\/\/mythslegendes.com\/wp-content\/uploads\/2020\/09\/AlphaOmega-e1602613368367.png\" alt=\"Cuentos vascos\" width=\"25\" height=\"26\" title=\"\"><\/p>\n<h2><span class=\"ez-toc-section\" id=\"Lane-et-le-loup\"><\/span>el burro y el lobo<span class=\"ez-toc-section-end\"><\/span><\/h2>\n<p><\/p>\n<p><\/p>\n<p>Comme beaucoup dans le monde, il y avait un \u00e2ne. Il s&rsquo;en allait, charg\u00e9 de vin de Malaga dans un ravin. des loups, parce que les loups raffolent de la viande d&rsquo;\u00e2ne.) Il voyageait ainsi, quand il vit arriver un loup au loin ; il n&rsquo;y avait nulle part o\u00f9 se cacher. <\/p>\n<p>Le loup l&rsquo;atteignit et l&rsquo;\u00e2ne lui dit:<br \/>\u00abBonjour, bonjour M. le Loup, dans le cas o\u00f9 vous auriez soif, j&rsquo;ai du bon malaga \u00e0 vous offrir.<br \/>Je n&rsquo;ai pas soif ! Mais je suis incroyablement affam\u00e9 !<br \/>Mon repas d&rsquo;aujourd&rsquo;hui sera ta t\u00eate et tes oreilles.<br \/>Sr. Wolf, \u00bfser\u00eda tan amable de dejarme<br \/>escuchar una misa? \u00bb<\/p>\n<p><\/p>\n<p><\/p>\n<p>II lui dit : \u00ab Bon ! d&rsquo;accord. \u00bb<br \/>Notre \u00e2ne s&rsquo;en alla donc. Quand il fut entr\u00e9 dans l&rsquo;\u00e9glise il ferma la porte de l&rsquo;int\u00e9rieur avec son pied et se tint l\u00e0 tranquillement.<\/p>\n<p><\/p>\n<p><\/p>\n<p>Quand le loup commen\u00e7a \u00e0 s&rsquo;impatienter d&rsquo;attendre, il s&rsquo;\u00e9cria:<br \/>\u201c\u00a1Dios m\u00edo, esta misa es larga! parece el Domingo de Ramos. \u00bb<br \/>L&rsquo;\u00e2ne lui dit:<br \/>\u00ab Sale vieux loup, prends patience. Moi je reste avec les anges et j&rsquo;ai la vie (sauve) pour aujourd&rsquo;hui.<br \/>&#8211; Oh, la la ! mauvais \u00e2ne, quel morveux tu fais. Si jamais tu recroises mon chemin, de messe tu n&rsquo;entendras pas. \u00bb<\/p>\n<p><\/p>\n<p><\/p>\n<p>L&rsquo;\u00e2ne lui dit:<br \/>\u00ab II n&rsquo;y a pas de chien autour du troupeau d&rsquo;Alagaia, si tu vas l\u00e0-bas tu auras pour toi nombre de moutons. \u00bb<br \/>Le loup abandonna et partit \u00e0 la recherche du troupeau que l&rsquo;\u00e2ne lui avait indiqu\u00e9. Quand l&rsquo;\u00e2ne vit que le loup \u00e9tait parti il sortit de l&rsquo;\u00e9glise et s&rsquo;en retourna chez lui et prit bonne garde ne plus jamais s&rsquo;approcher de l&rsquo;endroit o\u00f9 vivait le loup.<\/p>\n<p><\/p>\n<p><\/p>\n<hr class=\"wp-block-separator\" \/>\n<p><\/p>\n<p><\/p>\n<h2 class=\"wp-block-heading\"><span class=\"ez-toc-section\" id=\"Dominichtekun\"><\/span>Dominichtekun<span class=\"ez-toc-section-end\"><\/span><\/h2>\n<p><\/p>\n<p><\/p>\n<p>Au temps jadis, dans une maison, tous les enfants venaient \u00e0 mourir, vite apr\u00e8s leur naissance. On ne les avaient pas plus t\u00f4t entre les mains, que, ni une, ni deux, ils \u00e9taient perdus \u00e0 jamais. Quatre ou cinq petits avaient d\u00e9j\u00e0 p\u00e9ri de cette mani\u00e8re, et voil\u00e0 qu&rsquo;un enfant allait encore na\u00eetre sous peu. L&rsquo;anxi\u00e9t\u00e9 de tous \u00e9tait grande, parce qu&rsquo;on ne savait comment faire pour conserver l&rsquo;enfant qui allait venir. <\/p>\n<p>Tandis qu&rsquo;ils \u00e9taient tous ainsi dans la d\u00e9solation, un petit ange naquit, mignon on ne peu plus. Et dire que, cette fois encore, il leur faudrait perdre un amour pareil !&#8230; Tous, ils pleuraient donc, lorsque, venu aux nouvelles, se pr\u00e9sente un homme tr\u00e8s vieux du voisinage. Stup\u00e9fait de les voir tous en larmes, il leur demande s&rsquo;il serait arriv\u00e9 quelque malheur.<\/p>\n<p><\/p>\n<p><\/p>\n<p>&#8211;\u00a0\u00bb Non, non, il n&rsquo;y a rien encore; l&rsquo;enfant ne vient que de na\u00eetre \u00e0 l&rsquo;instant. Mais&#8230;<br \/>&#8211;\u00a0\u00bb Mais ?&#8230; quoi, mais ? De quoi donc avez-vous peur, que vous fondiez ainsi en larme ?<br \/>&#8211;\u00a0\u00bb Nous ne pensons pas qu&rsquo;il vaille beaucoup la peine de vous dire ce que nous n&rsquo;avons encore dit \u00e0 personne jusqu&rsquo;ici&#8230; Mais, puisque vous voulez le savoir, eh bien ! voici ce qui toujours nous arrive: les enfants que nous avons eus jusqu&rsquo;ici, nous les avons tous perdus, sans m\u00eame que nous nous en soyons aper\u00e7us. Et maintenant, nous sommes ici \u00e0 nous demander quand viendra le tour de celui-ci.<\/p>\n<p>&#8211;\u00a0\u00bb C&rsquo;est tout, bonnes gens ? Si je l&rsquo;avais su !&#8230; Nous rem\u00e9dierons au mal, oui, nous rem\u00e9dierons !&#8230; C&rsquo;est bien ; comme cela ; tenez ainsi le cher petit ange, jusqu&rsquo;\u00e0 ce que j&rsquo;en d\u00e9cide autrement&#8230;\u00a0\u00bb<br \/>Au m\u00eame moment, ayant eu quelque peu froid d&rsquo;\u00eatre ainsi tenu par les genoux, l&rsquo;enfant \u00e9ternua. Et, tout de suite, le vieil homme lui cria:<br \/>-\u201c\u00a1Dominichtekun, ni\u00f1o! \u00bb<\/p>\n<p>Al mismo tiempo se escuch\u00f3 una voz fuertemente irritada proveniente de detr\u00e1s de la puerta:<br \/>&#8211;\u00a0\u00bb Maudit, celui qui t&rsquo;a enseign\u00e9 cela ! maudit, toi-m\u00eame !\u00a0\u00bb<\/p>\n<p>Et, dans le temps qu&rsquo;il lan\u00e7ait cette mal\u00e9diction, un grand lami\u00f1a, vraiment horrible, s&rsquo;en allait en temp\u00eate par la chemin\u00e9e&#8230; Depuis lors et gr\u00e2ce au vieil homme, l&rsquo;enfant vit toujours. Et,<br \/>-n&rsquo;est-ce pas un miracle ?<br \/>&#8211; depuis lors aussi, il ne meurt plus d&rsquo;enfant nulle part, de la maladie tout au moins qui les faisait mourir jusque-l\u00e0. Et cela, parceque, \u00e0 chaque \u00e9ternuement, chaque maman dit \u00e0 son enfant:<br \/>&#8211;\u00a0\u00bb Dominichtekun, enfant !\u00a0\u00bb<\/p>\n<p><\/p>\n<p><\/p>\n<hr class=\"wp-block-separator\" \/>\n<p><\/p>\n<p><\/p>\n<h2 class=\"wp-block-heading\"><span class=\"ez-toc-section\" id=\"Mari-et-Diego-Lopez\"><\/span>Esposo y Diego Lopez<span class=\"ez-toc-section-end\"><\/span><\/h2>\n<p><\/p>\n<p><\/p>\n<p>Diego L\u00f3pez, que fue a perseguir a los moros, fue capturado y llevado a prisi\u00f3n en Toledo.<\/p>\n<p>Son fils, Liiko Lopez qui en \u00e9tait tr\u00e8s affect\u00e9, consulta les gens de son pays sur la mani\u00e8re de s&rsquo;y prendre pour le d\u00e9livrer. Ils lui dirent qu&rsquo;ils ne voyaient pas de solution \u00e0 moins qu&rsquo;il aille \u00e0 la montagne chercher sa m\u00e8re (la myst\u00e9rieuse dame de la montagne, Mari, avec laquelle Diego Lopez s&rsquo;\u00e9tait mari\u00e9), afin de lui demander conseil, ce qu&rsquo;il fit.<\/p>\n<p><\/p>\n<p><\/p>\n<p>seul, \u00e0 cheval ; il la trouva tout en haut d&rsquo;un rocher ; elle lui dit :<br \/>&#8211; Fils Liiko, approche, car je sais bien pourquoi tu viens.<br \/>\u00c9l se present\u00f3 ante ella y ella le dijo:<br \/>&#8211; Tu viens me demander comment s&rsquo;y prendre pour faire sortir ton p\u00e8re de prison.<\/p>\n<p><\/p>\n<p><\/p>\n<p>Il y avait un cheval qui s&rsquo;en allait seul par la montagne , elle l&rsquo;appela par son nom en disant Pardal, elle lui posa un mors. Elle recommanda \u00e0 son fils de ne pas le soumettre \u00e0 quelque contrainte que ce soit dans le but de lui enlever la selle ou le mors, de lui donner \u00e0 boire, \u00e0 manger ou de le ferrer. Elle lui dit que ce cheval l&rsquo;accompagnerait toute sa vie, que jamais il ne combattrait sans vaincre, et qu&rsquo;il le chevaucherait et serait le jour m\u00eame \u00e0 Tol\u00e8de devant la porte de la prison de son p\u00e8re.<\/p>\n<p>Alors il descendrait de sa monture, et rencontrant son p\u00e8re dans une cour, il le prendrait par la main et faisant semblant de parler avec lui, il l&#8217;emm\u00e8nerait \u00e0 la porte o\u00f9 se tient le cheval et arriv\u00e9s l\u00e0, ils l&rsquo;enfourcheraient tous les deux, et avant la nuit seraient dans leurs terres.<br \/>Y as\u00ed fue.<\/p>\n<p><\/p>\t\t\t\t\t\t\t\t<\/div>\n\t\t\t\t<\/div>\n\t\t\t\t\t<\/div>\n\t\t<\/div>\n\t\t\t\t\t<\/div>\n\t\t<\/section>\n\t\t\t\t<\/div>","protected":false},"excerpt":{"rendered":"<p>Wiki Mitolog\u00eda Vasca Cuentos Vascos Aqu\u00ed tienes varios cuentos vascos: el burro y el lobo, Dominichtekun, Mari y Diego L\u00f3pez El burro\u2026 <\/p>","protected":false},"author":1,"featured_media":0,"parent":1004,"menu_order":0,"comment_status":"closed","ping_status":"closed","template":"","meta":{"footnotes":""},"class_list":["post-1150","page","type-page","status-publish","hentry"],"amp_enabled":true,"_links":{"self":[{"href":"https:\/\/mythslegendes.com\/es\/wp-json\/wp\/v2\/pages\/1150","targetHints":{"allow":["GET"]}}],"collection":[{"href":"https:\/\/mythslegendes.com\/es\/wp-json\/wp\/v2\/pages"}],"about":[{"href":"https:\/\/mythslegendes.com\/es\/wp-json\/wp\/v2\/types\/page"}],"author":[{"embeddable":true,"href":"https:\/\/mythslegendes.com\/es\/wp-json\/wp\/v2\/users\/1"}],"replies":[{"embeddable":true,"href":"https:\/\/mythslegendes.com\/es\/wp-json\/wp\/v2\/comments?post=1150"}],"version-history":[{"count":1,"href":"https:\/\/mythslegendes.com\/es\/wp-json\/wp\/v2\/pages\/1150\/revisions"}],"predecessor-version":[{"id":24668,"href":"https:\/\/mythslegendes.com\/es\/wp-json\/wp\/v2\/pages\/1150\/revisions\/24668"}],"up":[{"embeddable":true,"href":"https:\/\/mythslegendes.com\/es\/wp-json\/wp\/v2\/pages\/1004"}],"wp:attachment":[{"href":"https:\/\/mythslegendes.com\/es\/wp-json\/wp\/v2\/media?parent=1150"}],"curies":[{"name":"wp","href":"https:\/\/api.w.org\/{rel}","templated":true}]}}