{"id":1155,"date":"2020-06-23T10:48:50","date_gmt":"2020-06-23T09:48:50","guid":{"rendered":"https:\/\/mythslegendes.com\/?page_id=1155"},"modified":"2022-12-03T22:07:02","modified_gmt":"2022-12-03T22:07:02","slug":"contes-basques-4","status":"publish","type":"page","link":"https:\/\/mythslegendes.com\/es\/mitologia-vasca\/vasco-cuentos-4\/","title":{"rendered":"Cuentos vascos 4"},"content":{"rendered":"<div data-elementor-type=\"wp-page\" data-elementor-id=\"1155\" class=\"elementor elementor-1155\">\n\t\t\t\t\t\t<section class=\"elementor-section elementor-top-section elementor-element elementor-element-77f9595 elementor-section-boxed elementor-section-height-default elementor-section-height-default\" data-id=\"77f9595\" data-element_type=\"section\" data-e-type=\"section\">\n\t\t\t\t\t\t<div class=\"elementor-container elementor-column-gap-default\">\n\t\t\t\t\t<div class=\"elementor-column elementor-col-50 elementor-top-column elementor-element elementor-element-1790eb5\" data-id=\"1790eb5\" data-element_type=\"column\" data-e-type=\"column\">\n\t\t\t<div class=\"elementor-widget-wrap elementor-element-populated\">\n\t\t\t\t\t\t<div class=\"elementor-element elementor-element-8dedc54 elementor-align-justify elementor-widget elementor-widget-button\" data-id=\"8dedc54\" data-element_type=\"widget\" data-e-type=\"widget\" data-widget_type=\"button.default\">\n\t\t\t\t<div class=\"elementor-widget-container\">\n\t\t\t\t\t\t\t\t\t<div class=\"elementor-button-wrapper\">\n\t\t\t\t\t<a class=\"elementor-button elementor-button-link elementor-size-sm\" href=\"https:\/\/mythslegendes.com\/es\/mitologia-vasca\/\">\n\t\t\t\t\t\t<span class=\"elementor-button-content-wrapper\">\n\t\t\t\t\t\t\t\t\t<span class=\"elementor-button-text\">Mitolog\u00eda vasca<\/span>\n\t\t\t\t\t<\/span>\n\t\t\t\t\t<\/a>\n\t\t\t\t<\/div>\n\t\t\t\t\t\t\t\t<\/div>\n\t\t\t\t<\/div>\n\t\t\t\t\t<\/div>\n\t\t<\/div>\n\t\t\t\t<div class=\"elementor-column elementor-col-50 elementor-top-column elementor-element elementor-element-c260ab6\" data-id=\"c260ab6\" data-element_type=\"column\" data-e-type=\"column\">\n\t\t\t<div class=\"elementor-widget-wrap elementor-element-populated\">\n\t\t\t\t\t\t<div class=\"elementor-element elementor-element-a99daac elementor-align-justify elementor-widget elementor-widget-button\" data-id=\"a99daac\" data-element_type=\"widget\" data-e-type=\"widget\" data-widget_type=\"button.default\">\n\t\t\t\t<div class=\"elementor-widget-container\">\n\t\t\t\t\t\t\t\t\t<div class=\"elementor-button-wrapper\">\n\t\t\t\t\t<a class=\"elementor-button elementor-button-link elementor-size-sm\" href=\"https:\/\/fr.wikipedia.org\/wiki\/Mythologie_basque\" target=\"_blank\" rel=\"noopener\">\n\t\t\t\t\t\t<span class=\"elementor-button-content-wrapper\">\n\t\t\t\t\t\t\t\t\t<span class=\"elementor-button-text\">Wiki<\/span>\n\t\t\t\t\t<\/span>\n\t\t\t\t\t<\/a>\n\t\t\t\t<\/div>\n\t\t\t\t\t\t\t\t<\/div>\n\t\t\t\t<\/div>\n\t\t\t\t\t<\/div>\n\t\t<\/div>\n\t\t\t\t\t<\/div>\n\t\t<\/section>\n\t\t\t\t<section class=\"elementor-section elementor-top-section elementor-element elementor-element-7e4ce9b3 elementor-section-boxed elementor-section-height-default elementor-section-height-default\" data-id=\"7e4ce9b3\" data-element_type=\"section\" data-e-type=\"section\">\n\t\t\t\t\t\t<div class=\"elementor-container elementor-column-gap-default\">\n\t\t\t\t\t<div class=\"elementor-column elementor-col-100 elementor-top-column elementor-element elementor-element-71ebe5c4\" data-id=\"71ebe5c4\" data-element_type=\"column\" data-e-type=\"column\">\n\t\t\t<div class=\"elementor-widget-wrap elementor-element-populated\">\n\t\t\t\t\t\t<div class=\"elementor-element elementor-element-3d5b45ec elementor-widget elementor-widget-text-editor\" data-id=\"3d5b45ec\" data-element_type=\"widget\" data-e-type=\"widget\" data-widget_type=\"text-editor.default\">\n\t\t\t\t<div class=\"elementor-widget-container\">\n\t\t\t\t\t\t\t\t\t<p><\/p>\n<div id=\"ez-toc-container\" class=\"ez-toc-v2_0_82_2 counter-hierarchy ez-toc-counter ez-toc-grey ez-toc-container-direction\">\n<div class=\"ez-toc-title-container\">\n<p class=\"ez-toc-title\" style=\"cursor:inherit\">Contenido<\/p>\n<span class=\"ez-toc-title-toggle\"><a href=\"#\" class=\"ez-toc-pull-right ez-toc-btn ez-toc-btn-xs ez-toc-btn-default ez-toc-toggle\" aria-label=\"Alternar tabla de contenidos\"><span class=\"ez-toc-js-icon-con\"><span class=\"\"><span class=\"eztoc-hide\" style=\"display:none;\">Palanca<\/span><span class=\"ez-toc-icon-toggle-span\"><svg style=\"fill: #999;color:#999\" xmlns=\"http:\/\/www.w3.org\/2000\/svg\" class=\"list-377408\" width=\"20px\" height=\"20px\" viewbox=\"0 0 24 24\" fill=\"none\"><path d=\"M6 6H4v2h2V6zm14 0H8v2h12V6zM4 11h2v2H4v-2zm16 0H8v2h12v-2zM4 16h2v2H4v-2zm16 0H8v2h12v-2z\" fill=\"currentColor\"><\/path><\/svg><svg style=\"fill: #999;color:#999\" class=\"arrow-unsorted-368013\" xmlns=\"http:\/\/www.w3.org\/2000\/svg\" width=\"10px\" height=\"10px\" viewbox=\"0 0 24 24\" version=\"1.2\" baseprofile=\"tiny\"><path d=\"M18.2 9.3l-6.2-6.3-6.2 6.3c-.2.2-.3.4-.3.7s.1.5.3.7c.2.2.4.3.7.3h11c.3 0 .5-.1.7-.3.2-.2.3-.5.3-.7s-.1-.5-.3-.7zM5.8 14.7l6.2 6.3 6.2-6.3c.2-.2.3-.5.3-.7s-.1-.5-.3-.7c-.2-.2-.4-.3-.7-.3h-11c-.3 0-.5.1-.7.3-.2.2-.3.5-.3.7s.1.5.3.7z\"\/><\/svg><\/span><\/span><\/span><\/a><\/span><\/div>\n<nav><ul class='ez-toc-list ez-toc-list-level-1' ><li class='ez-toc-page-1 ez-toc-heading-level-2'><a class=\"ez-toc-link ez-toc-heading-1\" href=\"https:\/\/mythslegendes.com\/es\/mitologia-vasca\/vasco-cuentos-4\/#Contes-basques\" >Cuentos vascos<\/a><\/li><li class='ez-toc-page-1 ez-toc-heading-level-2'><a class=\"ez-toc-link ez-toc-heading-2\" href=\"https:\/\/mythslegendes.com\/es\/mitologia-vasca\/vasco-cuentos-4\/#Les-astronomes-dEspagne\" >Astr\u00f3nomos de Espa\u00f1a<\/a><\/li><li class='ez-toc-page-1 ez-toc-heading-level-2'><a class=\"ez-toc-link ez-toc-heading-3\" href=\"https:\/\/mythslegendes.com\/es\/mitologia-vasca\/vasco-cuentos-4\/#Le-dragon-des-Arbailles\" >El drag\u00f3n de Arbailles<\/a><\/li><li class='ez-toc-page-1 ez-toc-heading-level-2'><a class=\"ez-toc-link ez-toc-heading-4\" href=\"https:\/\/mythslegendes.com\/es\/mitologia-vasca\/vasco-cuentos-4\/#Mari-et-le-seminariste\" >Esposo y seminarista<\/a><\/li><\/ul><\/nav><\/div>\n<h2 class=\"wp-block-heading\"><span class=\"ez-toc-section\" id=\"Contes-basques\"><\/span>Cuentos vascos<span class=\"ez-toc-section-end\"><\/span><\/h2>\n<p>Aqu\u00ed hay varios cuentos. <a href=\"https:\/\/mythslegendes.com\/es\/mitologia-vasca\/\">vasco<\/a> : los astr\u00f3nomos de Espa\u00f1a, el drag\u00f3n de Arbailles, Mari y el seminarista<\/p>\n<p><img decoding=\"async\" class=\"alignnone wp-image-5284 size-full\" src=\"https:\/\/mythslegendes.com\/wp-content\/uploads\/2020\/09\/AlphaOmega-e1602613368367.png\" alt=\"Cuentos vascos\" width=\"25\" height=\"26\" title=\"\"><\/p>\n<h2><span class=\"ez-toc-section\" id=\"Les-astronomes-dEspagne\"><\/span>Astr\u00f3nomos de Espa\u00f1a<span class=\"ez-toc-section-end\"><\/span><\/h2>\n<p><\/p>\n<p>Fueron dos, los primeros en el mundo, en escucharlos, y vinieron a Francia para aprovechar sus conocimientos. Mientras esperaban la fortuna, iban a pie, en d\u00edas cortos, con poco gasto. Saliendo de las monta\u00f1as, la noche los sorprendi\u00f3 en un pueblo pobre, donde nunca se hab\u00eda hablado de una posada, ni siquiera de un cabaret. Los dos astr\u00f3nomos llamaron a la puerta de la primera casita, habitada por una anciana soltera, a la que suplicaron alojarlos para esa noche.<\/p>\n<p><\/p>\n<p>&quot;De buena gana, se\u00f1ores&quot;, dijo la anciana, &quot;la buhardilla es bastante grande para ustedes dos, y si comparten mi cena, \u00bfqu\u00e9 m\u00e1s pueden pedir? Pero, \u00bfqu\u00e9 te trae a nosotros donde ning\u00fan extra\u00f1o se ha detenido durante veinte a\u00f1os? \u00bfY quien eres tu?<br \/>\u2013 \u00bb Somos dos astr\u00f3nomos, los m\u00e1s h\u00e1biles que hay en <a href=\"https:\/\/mythslegendes.com\/es\/mitologia-iberica\/\">Espa\u00f1a<\/a>.<br \/>- &quot; No dudo ; pero \u00bfqu\u00e9 son los astr\u00f3nomos?<\/p>\n<p>- \u201cCient\u00edficos que conocen todo lo que sucede en el cielo y predicen, mirando al cielo, lo que debe suceder en la tierra.<br \/>- &quot;\u00bfVes eso? Entonces, \u00bfpodr\u00eda saber si el clima estar\u00e1 agradable ma\u00f1ana? Porque tengo que cosechar un cuadrado de patatas y no es agradable cuando llueve \u201d.<\/p>\n<p>Los dos astr\u00f3nomos miraron hacia el cielo y no vieron nubes ni nieblas, solo estrellas brillantes. Luego, habi\u00e9ndose consultado unos a otros:<br \/>- &quot;Mi buena se\u00f1ora, podemos decirle tiempo seco y caluroso para ma\u00f1ana&quot;, dijeron los astr\u00f3nomos. La buena mujer neg\u00f3 con la cabeza:<br \/>&quot;Temo lo contrario&quot;, dijo; mi burro ha rodado cinco o seis veces por el polvo, y cuando este capricho se apodera de \u00e9l, siempre viene la lluvia \u201d.<\/p>\n<p>Luego de dar su opini\u00f3n as\u00ed, la anciana encendi\u00f3 una l\u00e1mpara y condujo a sus invitados al desv\u00e1n. Todos pronto se durmieron. En medio de la noche uno de los astr\u00f3nomos se levanta y baja a la calle. Llovi\u00f3 mucho.<\/p>\n<p><\/p>\n<p>- &quot;Camarada&quot;, le dijo al otro, &quot;salgamos de en medio lo antes posible. Pronosticamos mal el tiempo y el burro acert\u00f3. Escapemos de las burlas de nuestra anfitriona. No ganar\u00edamos nada en Francia si los burros son m\u00e1s listos que los astr\u00f3nomos en Espa\u00f1a.<\/p>\n<p><\/p>\n<hr class=\"wp-block-separator\" \/>\n<p><\/p>\n<h2 class=\"wp-block-heading\"><span class=\"ez-toc-section\" id=\"Le-dragon-des-Arbailles\"><\/span>El drag\u00f3n de Arbailles<span class=\"ez-toc-section-end\"><\/span><\/h2>\n<p><\/p>\n<p>Cerca de Ahuski se encuentra la cueva de Azalegi. Antiguamente viv\u00eda all\u00ed el &quot;herensuge&quot;. Era una serpiente de siete cabezas. Con su aliento succion\u00f3 el ganado de la monta\u00f1a y se lo comi\u00f3.<\/p>\n<p><\/p>\n<p>Lo mat\u00f3 el hijo de un conde de Zaro, de Alzay.<br \/>Desol\u00f3 un novillo y se llen\u00f3 la piel de polvos y f\u00f3sforos. Lo cosi\u00f3, tom\u00f3 un caballo y camin\u00f3 con esa piel hasta la parte superior de la cueva. Y ah\u00ed empez\u00f3 a silbar. Luego, cuando se dio cuenta de que Herensuge estaba empezando a temblar y moverse, tir\u00f3 la piel. La serpiente aspir\u00f3 la piel con su aliento y se la trag\u00f3.<\/p>\n<p><\/p>\n<p>Luego, el conde se volvi\u00f3. Y vio a Herensuge en llamas volando por el aire hacia el mar, pasando por encima de un bosque, este \u00faltimo cort\u00f3 las copas de las hayas. El conde muri\u00f3 de miedo. Herensuge nunca volvi\u00f3 a aparecer.<\/p>\n<p><\/p>\n<hr class=\"wp-block-separator\" \/>\n<p><\/p>\n<h2 class=\"wp-block-heading\"><span class=\"ez-toc-section\" id=\"Mari-et-le-seminariste\"><\/span>Esposo y seminarista<span class=\"ez-toc-section-end\"><\/span><\/h2>\n<p><\/p>\n<p>Un d\u00eda, una joven, Mari, era pastora en Intzezelai. Los j\u00f3venes seminaristas la vieron venir de Guip\u00fazcoa y se dirig\u00edan hacia San Miguel.<\/p>\n<p><\/p>\n<p>Al regresar a casa, uno de ellos dijo que no quer\u00eda ser sacerdote y subi\u00f3 a Intzezelai para hacerle compa\u00f1\u00eda a Mari.<\/p>\n<p><\/p>\n<p>Mientras ambos cuidaban de la oveja, tron\u00f3. Se refugiaron bajo un frondoso haya en Intzezelai. Fue entonces cuando un rayo cay\u00f3 sobre ellos y murieron.<\/p>\n<p><\/p>\n<p>Desde entonces, esta haya se llama Pagomari (haya).<\/p>\n<p><\/p>\t\t\t\t\t\t\t\t<\/div>\n\t\t\t\t<\/div>\n\t\t\t\t\t<\/div>\n\t\t<\/div>\n\t\t\t\t\t<\/div>\n\t\t<\/section>\n\t\t\t\t<\/div>","protected":false},"excerpt":{"rendered":"<p>Wiki Mitolog\u00eda Vasca Cuentos Vascos Aqu\u00ed tienes varios cuentos vascos: los astr\u00f3nomos de Espa\u00f1a, el drag\u00f3n de Arbailles, Mari y el \u2026 <\/p>","protected":false},"author":1,"featured_media":0,"parent":1004,"menu_order":0,"comment_status":"closed","ping_status":"closed","template":"","meta":{"footnotes":""},"class_list":["post-1155","page","type-page","status-publish","hentry"],"amp_enabled":true,"_links":{"self":[{"href":"https:\/\/mythslegendes.com\/es\/wp-json\/wp\/v2\/pages\/1155","targetHints":{"allow":["GET"]}}],"collection":[{"href":"https:\/\/mythslegendes.com\/es\/wp-json\/wp\/v2\/pages"}],"about":[{"href":"https:\/\/mythslegendes.com\/es\/wp-json\/wp\/v2\/types\/page"}],"author":[{"embeddable":true,"href":"https:\/\/mythslegendes.com\/es\/wp-json\/wp\/v2\/users\/1"}],"replies":[{"embeddable":true,"href":"https:\/\/mythslegendes.com\/es\/wp-json\/wp\/v2\/comments?post=1155"}],"version-history":[{"count":1,"href":"https:\/\/mythslegendes.com\/es\/wp-json\/wp\/v2\/pages\/1155\/revisions"}],"predecessor-version":[{"id":24669,"href":"https:\/\/mythslegendes.com\/es\/wp-json\/wp\/v2\/pages\/1155\/revisions\/24669"}],"up":[{"embeddable":true,"href":"https:\/\/mythslegendes.com\/es\/wp-json\/wp\/v2\/pages\/1004"}],"wp:attachment":[{"href":"https:\/\/mythslegendes.com\/es\/wp-json\/wp\/v2\/media?parent=1155"}],"curies":[{"name":"wp","href":"https:\/\/api.w.org\/{rel}","templated":true}]}}