{"id":1160,"date":"2020-06-23T10:51:37","date_gmt":"2020-06-23T09:51:37","guid":{"rendered":"https:\/\/mythslegendes.com\/?page_id=1160"},"modified":"2022-12-03T22:07:02","modified_gmt":"2022-12-03T22:07:02","slug":"contes-basques-5","status":"publish","type":"page","link":"https:\/\/mythslegendes.com\/es\/mitologia-vasca\/cuentos-vascos-5\/","title":{"rendered":"Cuentos vascos 5"},"content":{"rendered":"<div data-elementor-type=\"wp-page\" data-elementor-id=\"1160\" class=\"elementor elementor-1160\">\n\t\t\t\t\t\t<section class=\"elementor-section elementor-top-section elementor-element elementor-element-7f65d97 elementor-section-boxed elementor-section-height-default elementor-section-height-default\" data-id=\"7f65d97\" data-element_type=\"section\" data-e-type=\"section\">\n\t\t\t\t\t\t<div class=\"elementor-container elementor-column-gap-default\">\n\t\t\t\t\t<div class=\"elementor-column elementor-col-50 elementor-top-column elementor-element elementor-element-c3d50ba\" data-id=\"c3d50ba\" data-element_type=\"column\" data-e-type=\"column\">\n\t\t\t<div class=\"elementor-widget-wrap elementor-element-populated\">\n\t\t\t\t\t\t<div class=\"elementor-element elementor-element-4b42592 elementor-align-justify elementor-widget elementor-widget-button\" data-id=\"4b42592\" data-element_type=\"widget\" data-e-type=\"widget\" data-widget_type=\"button.default\">\n\t\t\t\t<div class=\"elementor-widget-container\">\n\t\t\t\t\t\t\t\t\t<div class=\"elementor-button-wrapper\">\n\t\t\t\t\t<a class=\"elementor-button elementor-button-link elementor-size-sm\" href=\"https:\/\/mythslegendes.com\/es\/mitologia-vasca\/\">\n\t\t\t\t\t\t<span class=\"elementor-button-content-wrapper\">\n\t\t\t\t\t\t\t\t\t<span class=\"elementor-button-text\">Mitolog\u00eda vasca<\/span>\n\t\t\t\t\t<\/span>\n\t\t\t\t\t<\/a>\n\t\t\t\t<\/div>\n\t\t\t\t\t\t\t\t<\/div>\n\t\t\t\t<\/div>\n\t\t\t\t\t<\/div>\n\t\t<\/div>\n\t\t\t\t<div class=\"elementor-column elementor-col-50 elementor-top-column elementor-element elementor-element-0c94ace\" data-id=\"0c94ace\" data-element_type=\"column\" data-e-type=\"column\">\n\t\t\t<div class=\"elementor-widget-wrap elementor-element-populated\">\n\t\t\t\t\t\t<div class=\"elementor-element elementor-element-6074f37 elementor-align-justify elementor-widget elementor-widget-button\" data-id=\"6074f37\" data-element_type=\"widget\" data-e-type=\"widget\" data-widget_type=\"button.default\">\n\t\t\t\t<div class=\"elementor-widget-container\">\n\t\t\t\t\t\t\t\t\t<div class=\"elementor-button-wrapper\">\n\t\t\t\t\t<a class=\"elementor-button elementor-button-link elementor-size-sm\" href=\"https:\/\/fr.wikipedia.org\/wiki\/Mythologie_basque\" target=\"_blank\" rel=\"noopener\">\n\t\t\t\t\t\t<span class=\"elementor-button-content-wrapper\">\n\t\t\t\t\t\t\t\t\t<span class=\"elementor-button-text\">Wiki<\/span>\n\t\t\t\t\t<\/span>\n\t\t\t\t\t<\/a>\n\t\t\t\t<\/div>\n\t\t\t\t\t\t\t\t<\/div>\n\t\t\t\t<\/div>\n\t\t\t\t\t<\/div>\n\t\t<\/div>\n\t\t\t\t\t<\/div>\n\t\t<\/section>\n\t\t\t\t<section class=\"elementor-section elementor-top-section elementor-element elementor-element-2ce6e6b7 elementor-section-boxed elementor-section-height-default elementor-section-height-default\" data-id=\"2ce6e6b7\" data-element_type=\"section\" data-e-type=\"section\">\n\t\t\t\t\t\t<div class=\"elementor-container elementor-column-gap-default\">\n\t\t\t\t\t<div class=\"elementor-column elementor-col-100 elementor-top-column elementor-element elementor-element-50a45125\" data-id=\"50a45125\" data-element_type=\"column\" data-e-type=\"column\">\n\t\t\t<div class=\"elementor-widget-wrap elementor-element-populated\">\n\t\t\t\t\t\t<div class=\"elementor-element elementor-element-212148d4 elementor-widget elementor-widget-text-editor\" data-id=\"212148d4\" data-element_type=\"widget\" data-e-type=\"widget\" data-widget_type=\"text-editor.default\">\n\t\t\t\t<div class=\"elementor-widget-container\">\n\t\t\t\t\t\t\t\t\t<p><\/p>\n<div id=\"ez-toc-container\" class=\"ez-toc-v2_0_82_2 counter-hierarchy ez-toc-counter ez-toc-grey ez-toc-container-direction\">\n<div class=\"ez-toc-title-container\">\n<p class=\"ez-toc-title\" style=\"cursor:inherit\">Contenido<\/p>\n<span class=\"ez-toc-title-toggle\"><a href=\"#\" class=\"ez-toc-pull-right ez-toc-btn ez-toc-btn-xs ez-toc-btn-default ez-toc-toggle\" aria-label=\"Alternar tabla de contenidos\"><span class=\"ez-toc-js-icon-con\"><span class=\"\"><span class=\"eztoc-hide\" style=\"display:none;\">Palanca<\/span><span class=\"ez-toc-icon-toggle-span\"><svg style=\"fill: #999;color:#999\" xmlns=\"http:\/\/www.w3.org\/2000\/svg\" class=\"list-377408\" width=\"20px\" height=\"20px\" viewbox=\"0 0 24 24\" fill=\"none\"><path d=\"M6 6H4v2h2V6zm14 0H8v2h12V6zM4 11h2v2H4v-2zm16 0H8v2h12v-2zM4 16h2v2H4v-2zm16 0H8v2h12v-2z\" fill=\"currentColor\"><\/path><\/svg><svg style=\"fill: #999;color:#999\" class=\"arrow-unsorted-368013\" xmlns=\"http:\/\/www.w3.org\/2000\/svg\" width=\"10px\" height=\"10px\" viewbox=\"0 0 24 24\" version=\"1.2\" baseprofile=\"tiny\"><path d=\"M18.2 9.3l-6.2-6.3-6.2 6.3c-.2.2-.3.4-.3.7s.1.5.3.7c.2.2.4.3.7.3h11c.3 0 .5-.1.7-.3.2-.2.3-.5.3-.7s-.1-.5-.3-.7zM5.8 14.7l6.2 6.3 6.2-6.3c.2-.2.3-.5.3-.7s-.1-.5-.3-.7c-.2-.2-.4-.3-.7-.3h-11c-.3 0-.5.1-.7.3-.2.2-.3.5-.3.7s.1.5.3.7z\"\/><\/svg><\/span><\/span><\/span><\/a><\/span><\/div>\n<nav><ul class='ez-toc-list ez-toc-list-level-1' ><li class='ez-toc-page-1 ez-toc-heading-level-2'><a class=\"ez-toc-link ez-toc-heading-1\" href=\"https:\/\/mythslegendes.com\/es\/mitologia-vasca\/cuentos-vascos-5\/#Contes-basques\" >Cuentos vascos<\/a><\/li><li class='ez-toc-page-1 ez-toc-heading-level-2'><a class=\"ez-toc-link ez-toc-heading-2\" href=\"https:\/\/mythslegendes.com\/es\/mitologia-vasca\/cuentos-vascos-5\/#Le-dragon-dUrdian\" >El drag\u00f3n de Urdian<\/a><\/li><li class='ez-toc-page-1 ez-toc-heading-level-2'><a class=\"ez-toc-link ez-toc-heading-3\" href=\"https:\/\/mythslegendes.com\/es\/mitologia-vasca\/cuentos-vascos-5\/#Mikelats-et-Atarrabi\" >Mikelats y Atarrabi<\/a><\/li><li class='ez-toc-page-1 ez-toc-heading-level-2'><a class=\"ez-toc-link ez-toc-heading-4\" href=\"https:\/\/mythslegendes.com\/es\/mitologia-vasca\/cuentos-vascos-5\/#Barantol-et-la-belle-Dame\" >Barantol y la bella dama<\/a><\/li><\/ul><\/nav><\/div>\n<h2 class=\"wp-block-heading\"><span class=\"ez-toc-section\" id=\"Contes-basques\"><\/span>Cuentos vascos<span class=\"ez-toc-section-end\"><\/span><\/h2>\n<p>Aqu\u00ed hay varios cuentos. <a href=\"https:\/\/mythslegendes.com\/es\/mitologia-vasca\/\">vasco<\/a> : Le dragon d&rsquo;Urdian, Mikelats et Atarrabi, Barantol et la belle dame.<\/p>\n<p><img decoding=\"async\" class=\"alignnone wp-image-5284 size-full\" src=\"https:\/\/mythslegendes.com\/wp-content\/uploads\/2020\/09\/AlphaOmega-e1602613368367.png\" alt=\"Cuentos vascos\" width=\"25\" height=\"26\" title=\"\"><\/p>\n<h2><span class=\"ez-toc-section\" id=\"Le-dragon-dUrdian\"><\/span>El drag\u00f3n de Urdian<span class=\"ez-toc-section-end\"><\/span><\/h2>\n<p><\/p>\n<p><\/p>\n<p>En las cercan\u00edas de Urdian, el Drag\u00f3n sali\u00f3 de su guarida y se comi\u00f3 a una ni\u00f1a todos los d\u00edas. La mejor chica del pueblo. Hab\u00eda una anciana, un poco bruja; ella le dijo a la jovencita:<br \/>&quot;- Toma un huevo peque\u00f1o y golpea la cabeza del Drag\u00f3n cinco veces con este huevo&quot;.<\/p>\n<p><\/p>\n<p><\/p>\n<p>Entonces la bruja le dio el huevo.<br \/>La ni\u00f1a se estaba peinando a la entrada de la guarida del Drag\u00f3n cuando apareci\u00f3 un joven y le dijo:<br \/>&quot; - Qu\u00e9 haces aqu\u00ed ? Tengo que luchar contra ... &quot;<\/p>\n<p><\/p>\n<p><\/p>\n<p>El Drag\u00f3n sali\u00f3 y comenzaron a luchar. El joven dijo:<br \/>&quot;- \u00a1Ah! Si tan solo recibiera un beso de una ni\u00f1a y tres pintas de vino, dominar\u00eda a este monstruo ... &quot;<\/p>\n<p><\/p>\n<p><\/p>\n<p>Mientras tanto, la joven golpea la cabeza del Drag\u00f3n cinco veces con su peque\u00f1o huevo. Al quinto golpe, el monstruo cae muerto.<\/p>\n<p><\/p>\n<p><\/p>\n<hr class=\"wp-block-separator\" \/>\n<p><\/p>\n<p><\/p>\n<h2 class=\"wp-block-heading\"><span class=\"ez-toc-section\" id=\"Mikelats-et-Atarrabi\"><\/span>Mikelats y Atarrabi<span class=\"ez-toc-section-end\"><\/span><\/h2>\n<p><\/p>\n<p><\/p>\n<p>Mikelats y Atarrabi fueron educados en la Escuela del Diablo, una cueva.<br \/>Al final de sus estudios, uno de los escolares permanecer\u00eda al servicio del diablo para siempre. Echaron suertes y fue Mikelats quien cay\u00f3 la suerte de quedarse, sin embargo Atarrabi se apiad\u00f3 de su hermano, de hecho este \u00faltimo estaba atormentado, se qued\u00f3 ah\u00ed, en su rinc\u00f3n, como si ya fuera esclavo del diablo. As\u00ed que tom\u00f3 su lugar.<\/p>\n<p><\/p>\n<p><\/p>\n<p>El diablo oblig\u00f3 a Atarrabi a tamizar la harina que ten\u00eda en sus bien surtidas reservas: era un trabajo interminable porque el salvado, como la harina, pasaba por la malla. El diablo, que seguramente no ten\u00eda demasiada confianza en su disc\u00edpulo, le preguntaba continuamente:<br \/>&quot;- \u00bfD\u00f3nde est\u00e1s Atarrabi? &quot;\u00a0<\/p>\n<p><\/p>\n<p><\/p>\n<p>Y Atarrabi tuvo que responder:<br \/>&quot; - Estoy aqu\u00ed &quot;\u00a0<\/p>\n<p><\/p>\n<p><\/p>\n<p>Atarrabi aprendi\u00f3 a trav\u00e9s de un colador a responderse a s\u00ed mismo:<br \/>&quot;- Estoy aqu\u00ed&quot;, cada vez que el diablo hac\u00eda su pregunta.<\/p>\n<p><\/p>\n<p><\/p>\n<p>Un d\u00eda, el diablo estaba lejos en un rinc\u00f3n de su guarida. Atarrabi empez\u00f3 a salir de este lugar al rev\u00e9s, mientras el colador respond\u00eda al cl\u00e1sico &quot;aqu\u00ed estoy&quot;. Tan pronto como sali\u00f3, el diablo lo vio. Dio un salto, pero demasiado tarde: Atarrabi ya estaba fuera, fuera del alcance de la jurisdicci\u00f3n de su amo.<\/p>\n<p>Solo su sombra a\u00fan se extend\u00eda en la cueva, fue a ella a quien el diablo captur\u00f3. Por tanto, Atarrabi viv\u00eda sin sombra. &quot;\u00a0<\/p>\n<p><\/p>\n<p><\/p>\n<hr class=\"wp-block-separator\" \/>\n<p><\/p>\n<p><\/p>\n<h2 class=\"wp-block-heading\"><span class=\"ez-toc-section\" id=\"Barantol-et-la-belle-Dame\"><\/span>Barantol y la bella dama<span class=\"ez-toc-section-end\"><\/span><\/h2>\n<p><\/p>\n<p><\/p>\n<p>Un d\u00eda, Barantol estaba pastoreando sus vacas en la monta\u00f1a de Jora. La lluvia lo oblig\u00f3 a refugiarse en un agujero debajo de una gran roca. Al entrar, vio a una bella dama bordando.<\/p>\n<p>- &quot; Quien es usted ? Pregunt\u00f3 Barantol.<br \/>&quot;Soy&quot;, dijo la dama, &quot;una princesa encantada. Debo quedarme aqu\u00ed cien a\u00f1os. No se lo digas a nadie, porque de lo contrario ser\u00e9 condenado para siempre \u201d.<\/p>\n<p>Barantol prometi\u00f3 bien, pero no cumpli\u00f3 su palabra. La se\u00f1ora lo supo y cuando el pastor regres\u00f3 a su cueva, ella le dijo:<br \/>- &quot;\u00a1Ah! \u00a1Barantol! \u00a1Barantol! Tu casco siempre permanecer\u00e1 desenfrenado \u201d.<br \/>Y con eso ella desapareci\u00f3. Desde entonces, Barantol nunca ha logrado clavar firmemente una brida en su casco.<\/p>\n<p><\/p>\t\t\t\t\t\t\t\t<\/div>\n\t\t\t\t<\/div>\n\t\t\t\t\t<\/div>\n\t\t<\/div>\n\t\t\t\t\t<\/div>\n\t\t<\/section>\n\t\t\t\t<\/div>","protected":false},"excerpt":{"rendered":"<p>Mitolog\u00eda vasca Wiki Cuentos vascos Aqu\u00ed tienes varios cuentos vascos: El drag\u00f3n de Urdian, Mikelats y Atarrabi, Barantol y la bella\u2026 <\/p>","protected":false},"author":1,"featured_media":0,"parent":1004,"menu_order":0,"comment_status":"closed","ping_status":"closed","template":"","meta":{"footnotes":""},"class_list":["post-1160","page","type-page","status-publish","hentry"],"amp_enabled":true,"_links":{"self":[{"href":"https:\/\/mythslegendes.com\/es\/wp-json\/wp\/v2\/pages\/1160","targetHints":{"allow":["GET"]}}],"collection":[{"href":"https:\/\/mythslegendes.com\/es\/wp-json\/wp\/v2\/pages"}],"about":[{"href":"https:\/\/mythslegendes.com\/es\/wp-json\/wp\/v2\/types\/page"}],"author":[{"embeddable":true,"href":"https:\/\/mythslegendes.com\/es\/wp-json\/wp\/v2\/users\/1"}],"replies":[{"embeddable":true,"href":"https:\/\/mythslegendes.com\/es\/wp-json\/wp\/v2\/comments?post=1160"}],"version-history":[{"count":1,"href":"https:\/\/mythslegendes.com\/es\/wp-json\/wp\/v2\/pages\/1160\/revisions"}],"predecessor-version":[{"id":24670,"href":"https:\/\/mythslegendes.com\/es\/wp-json\/wp\/v2\/pages\/1160\/revisions\/24670"}],"up":[{"embeddable":true,"href":"https:\/\/mythslegendes.com\/es\/wp-json\/wp\/v2\/pages\/1004"}],"wp:attachment":[{"href":"https:\/\/mythslegendes.com\/es\/wp-json\/wp\/v2\/media?parent=1160"}],"curies":[{"name":"wp","href":"https:\/\/api.w.org\/{rel}","templated":true}]}}