{"id":1171,"date":"2020-06-23T11:00:12","date_gmt":"2020-06-23T10:00:12","guid":{"rendered":"https:\/\/mythslegendes.com\/?page_id=1171"},"modified":"2022-12-03T22:07:02","modified_gmt":"2022-12-03T22:07:02","slug":"contes-basques-7","status":"publish","type":"page","link":"https:\/\/mythslegendes.com\/es\/mitologia-vasca\/cuentos-vascos-7\/","title":{"rendered":"Cuentos vascos 7"},"content":{"rendered":"<div data-elementor-type=\"wp-page\" data-elementor-id=\"1171\" class=\"elementor elementor-1171\">\n\t\t\t\t\t\t<section class=\"elementor-section elementor-top-section elementor-element elementor-element-2c93a95 elementor-section-boxed elementor-section-height-default elementor-section-height-default\" data-id=\"2c93a95\" data-element_type=\"section\" data-e-type=\"section\">\n\t\t\t\t\t\t<div class=\"elementor-container elementor-column-gap-default\">\n\t\t\t\t\t<div class=\"elementor-column elementor-col-50 elementor-top-column elementor-element elementor-element-03f4d86\" data-id=\"03f4d86\" data-element_type=\"column\" data-e-type=\"column\">\n\t\t\t<div class=\"elementor-widget-wrap elementor-element-populated\">\n\t\t\t\t\t\t<div class=\"elementor-element elementor-element-c39b2a3 elementor-align-justify elementor-widget elementor-widget-button\" data-id=\"c39b2a3\" data-element_type=\"widget\" data-e-type=\"widget\" data-widget_type=\"button.default\">\n\t\t\t\t<div class=\"elementor-widget-container\">\n\t\t\t\t\t\t\t\t\t<div class=\"elementor-button-wrapper\">\n\t\t\t\t\t<a class=\"elementor-button elementor-button-link elementor-size-sm\" href=\"https:\/\/mythslegendes.com\/es\/mitologia-vasca\/\">\n\t\t\t\t\t\t<span class=\"elementor-button-content-wrapper\">\n\t\t\t\t\t\t\t\t\t<span class=\"elementor-button-text\">Mitolog\u00eda vasca<\/span>\n\t\t\t\t\t<\/span>\n\t\t\t\t\t<\/a>\n\t\t\t\t<\/div>\n\t\t\t\t\t\t\t\t<\/div>\n\t\t\t\t<\/div>\n\t\t\t\t\t<\/div>\n\t\t<\/div>\n\t\t\t\t<div class=\"elementor-column elementor-col-50 elementor-top-column elementor-element elementor-element-a46b794\" data-id=\"a46b794\" data-element_type=\"column\" data-e-type=\"column\">\n\t\t\t<div class=\"elementor-widget-wrap elementor-element-populated\">\n\t\t\t\t\t\t<div class=\"elementor-element elementor-element-12fda33 elementor-align-justify elementor-widget elementor-widget-button\" data-id=\"12fda33\" data-element_type=\"widget\" data-e-type=\"widget\" data-widget_type=\"button.default\">\n\t\t\t\t<div class=\"elementor-widget-container\">\n\t\t\t\t\t\t\t\t\t<div class=\"elementor-button-wrapper\">\n\t\t\t\t\t<a class=\"elementor-button elementor-button-link elementor-size-sm\" href=\"https:\/\/fr.wikipedia.org\/wiki\/Mythologie_basque\" target=\"_blank\" rel=\"noopener\">\n\t\t\t\t\t\t<span class=\"elementor-button-content-wrapper\">\n\t\t\t\t\t\t\t\t\t<span class=\"elementor-button-text\">Wiki<\/span>\n\t\t\t\t\t<\/span>\n\t\t\t\t\t<\/a>\n\t\t\t\t<\/div>\n\t\t\t\t\t\t\t\t<\/div>\n\t\t\t\t<\/div>\n\t\t\t\t\t<\/div>\n\t\t<\/div>\n\t\t\t\t\t<\/div>\n\t\t<\/section>\n\t\t\t\t<section class=\"elementor-section elementor-top-section elementor-element elementor-element-1f594f6c elementor-section-boxed elementor-section-height-default elementor-section-height-default\" data-id=\"1f594f6c\" data-element_type=\"section\" data-e-type=\"section\">\n\t\t\t\t\t\t<div class=\"elementor-container elementor-column-gap-default\">\n\t\t\t\t\t<div class=\"elementor-column elementor-col-100 elementor-top-column elementor-element elementor-element-367d4257\" data-id=\"367d4257\" data-element_type=\"column\" data-e-type=\"column\">\n\t\t\t<div class=\"elementor-widget-wrap elementor-element-populated\">\n\t\t\t\t\t\t<div class=\"elementor-element elementor-element-648154b2 elementor-widget elementor-widget-text-editor\" data-id=\"648154b2\" data-element_type=\"widget\" data-e-type=\"widget\" data-widget_type=\"text-editor.default\">\n\t\t\t\t<div class=\"elementor-widget-container\">\n\t\t\t\t\t\t\t\t\t<p><\/p>\n<div id=\"ez-toc-container\" class=\"ez-toc-v2_0_82_2 counter-hierarchy ez-toc-counter ez-toc-grey ez-toc-container-direction\">\n<div class=\"ez-toc-title-container\">\n<p class=\"ez-toc-title\" style=\"cursor:inherit\">Contenido<\/p>\n<span class=\"ez-toc-title-toggle\"><a href=\"#\" class=\"ez-toc-pull-right ez-toc-btn ez-toc-btn-xs ez-toc-btn-default ez-toc-toggle\" aria-label=\"Alternar tabla de contenidos\"><span class=\"ez-toc-js-icon-con\"><span class=\"\"><span class=\"eztoc-hide\" style=\"display:none;\">Palanca<\/span><span class=\"ez-toc-icon-toggle-span\"><svg style=\"fill: #999;color:#999\" xmlns=\"http:\/\/www.w3.org\/2000\/svg\" class=\"list-377408\" width=\"20px\" height=\"20px\" viewbox=\"0 0 24 24\" fill=\"none\"><path d=\"M6 6H4v2h2V6zm14 0H8v2h12V6zM4 11h2v2H4v-2zm16 0H8v2h12v-2zM4 16h2v2H4v-2zm16 0H8v2h12v-2z\" fill=\"currentColor\"><\/path><\/svg><svg style=\"fill: #999;color:#999\" class=\"arrow-unsorted-368013\" xmlns=\"http:\/\/www.w3.org\/2000\/svg\" width=\"10px\" height=\"10px\" viewbox=\"0 0 24 24\" version=\"1.2\" baseprofile=\"tiny\"><path d=\"M18.2 9.3l-6.2-6.3-6.2 6.3c-.2.2-.3.4-.3.7s.1.5.3.7c.2.2.4.3.7.3h11c.3 0 .5-.1.7-.3.2-.2.3-.5.3-.7s-.1-.5-.3-.7zM5.8 14.7l6.2 6.3 6.2-6.3c.2-.2.3-.5.3-.7s-.1-.5-.3-.7c-.2-.2-.4-.3-.7-.3h-11c-.3 0-.5.1-.7.3-.2.2-.3.5-.3.7s.1.5.3.7z\"\/><\/svg><\/span><\/span><\/span><\/a><\/span><\/div>\n<nav><ul class='ez-toc-list ez-toc-list-level-1' ><li class='ez-toc-page-1 ez-toc-heading-level-2'><a class=\"ez-toc-link ez-toc-heading-1\" href=\"https:\/\/mythslegendes.com\/es\/mitologia-vasca\/cuentos-vascos-7\/#Contes-basques\" >Cuentos vascos<\/a><\/li><li class='ez-toc-page-1 ez-toc-heading-level-2'><a class=\"ez-toc-link ez-toc-heading-2\" href=\"https:\/\/mythslegendes.com\/es\/mitologia-vasca\/cuentos-vascos-7\/#Le-fer-a-cheval-et-les-cerises\" >La herradura y las cerezas<\/a><\/li><li class='ez-toc-page-1 ez-toc-heading-level-2'><a class=\"ez-toc-link ez-toc-heading-3\" href=\"https:\/\/mythslegendes.com\/es\/mitologia-vasca\/cuentos-vascos-7\/#Les-fileuses-dEremedio\" >Hilanderos de Eremedio<\/a><\/li><li class='ez-toc-page-1 ez-toc-heading-level-2'><a class=\"ez-toc-link ez-toc-heading-4\" href=\"https:\/\/mythslegendes.com\/es\/mitologia-vasca\/cuentos-vascos-7\/#Le-muletier-de-Bargota\" >Mula de Bargota<\/a><\/li><\/ul><\/nav><\/div>\n<h2 class=\"wp-block-heading\"><span class=\"ez-toc-section\" id=\"Contes-basques\"><\/span>Cuentos vascos<span class=\"ez-toc-section-end\"><\/span><\/h2>\n<p>Aqu\u00ed hay varios cuentos. <a href=\"https:\/\/mythslegendes.com\/es\/mitologia-vasca\/\">vasco<\/a> : La herradura y las cerezas, Las hilanderas de Eremediio, El arriero de Bargota<\/p>\n<p><img decoding=\"async\" class=\"alignnone wp-image-5284 size-full\" src=\"https:\/\/mythslegendes.com\/wp-content\/uploads\/2020\/09\/AlphaOmega-e1602613368367.png\" alt=\"Cuentos vascos\" width=\"25\" height=\"26\" title=\"\"><\/p>\n<h2><span class=\"ez-toc-section\" id=\"Le-fer-a-cheval-et-les-cerises\"><\/span>La herradura y las cerezas<span class=\"ez-toc-section-end\"><\/span><\/h2>\n<p><\/p>\n<p><\/p>\n<p>Una vez, mientras iban por el Pa\u00eds <a href=\"https:\/\/mythslegendes.com\/es\/mitologia-vasca\/\">vasco<\/a>, el Se\u00f1or Jes\u00fas, mostr\u00e1ndole algo en el suelo, dijo a San Pedro: Recoge esta herradura del suelo. Pero Saint-Pierre patea sigilosamente la herradura, dici\u00e9ndose a s\u00ed mismo:<br \/>\u2013 \u201c\u00bfPor qu\u00e9 coleccionar esta asquerosa chatarra?<\/p>\n<p>Entonces el Se\u00f1or Jes\u00fas, tambi\u00e9n con sigilo, recogi\u00f3 \u00e9l mismo el hierro, y al llegar al pueblo, lo vendi\u00f3 por dos sous a un herrero. Luego, con estos dos centavos, compr\u00f3 cerezas. Y partieron de nuevo. Hac\u00eda un calor insoportable. Saint-Pierre, con la boca reseca, mir\u00f3 en todas direcciones y se dijo:<br \/>\u201c\u00bfNo vamos a ver, por aqu\u00ed, s\u00f3lo un peque\u00f1o manantial?<\/p>\n<p>En ese mismo momento, y como si nada hubiera pasado, al Se\u00f1or Jes\u00fas se le cay\u00f3 una cereza de su bolsillo. San Pedro la agarr\u00f3 enseguida y con avidez se la llev\u00f3 a la boca, temiendo ser visto por el Se\u00f1or Jes\u00fas. Un poco m\u00e1s adelante, una, dos, diez veces, veinte veces, era otra vez el mismo juego: el Se\u00f1or Jes\u00fas tir\u00f3 las cerezas, y San Pedro se las comi\u00f3 hasta la \u00faltima.<\/p>\n<p>Luego se detuvieron por un momento bajo la cubierta de un \u00e1rbol, y el Se\u00f1or Jes\u00fas le dijo a San Pedro:<br \/>\u201c\u00a1Si te hubieras agachado una sola vez para levantar la herradura, no habr\u00edas tenido que agacharte veinte veces para comer las cerezas!<\/p>\n<p><\/p>\n<p><\/p>\n<hr class=\"wp-block-separator\" \/>\n<p><\/p>\n<p><\/p>\n<h2 class=\"wp-block-heading\"><span class=\"ez-toc-section\" id=\"Les-fileuses-dEremedio\"><\/span>Hilanderos de Eremedio<span class=\"ez-toc-section-end\"><\/span><\/h2>\n<p><\/p>\n<p><\/p>\n<p>En la casa de Eremediio, todas las noches, se reun\u00edan las hilanderas. Alguien dice:<br \/>\u201cNadie puede dar tres vueltas a una casa por la noche\u201d.<\/p>\n<p><\/p>\n<p><\/p>\n<p>Una de las hilanderas dijo que pod\u00eda hacerlo sin miedo, su nombre era Catalin.<br \/>Ella sali\u00f3 a hacerlo. Dio dos vueltas. En el tercero ella desapareci\u00f3.<\/p>\n<p><\/p>\n<p><\/p>\n<p>Sus compa\u00f1eros, preocupados, se dirigieron a la entrada de la casa:<br \/>\u201c\u00a1Catalina! \u00a1Catal\u00e1n! \u00bb<\/p>\n<p><\/p>\n<p><\/p>\n<p>Ella no respondi\u00f3.<br \/>M\u00e1s tarde, desde el puente cerca de la casa Erzillegi parece que se escuch\u00f3 una voz que dec\u00eda:<br \/>Katalin, bah\u00eda Katalin!<br \/>Katalin Gaueko&#039;ok eaman din<br \/>-(Catalina, si Catalina,<br \/>-Gaueko lo gan\u00f3)-<\/p>\n<p><\/p>\n<p><\/p>\n<p>No hubo m\u00e1s noticias de Catalin. Es porque el Puente Erzillegi se llama Katalinzubi (Puente de Catalina).<\/p>\n<p><\/p>\n<p><\/p>\n<hr class=\"wp-block-separator\" \/>\n<p><\/p>\n<p><\/p>\n<h2 class=\"wp-block-heading\"><span class=\"ez-toc-section\" id=\"Le-muletier-de-Bargota\"><\/span>Mula de Bargota<span class=\"ez-toc-section-end\"><\/span><\/h2>\n<p><\/p>\n<p><\/p>\n<p>Un arriero pas\u00f3 cerca de la iglesia de Bargota (Navarra) con su reba\u00f1o. Se encontr\u00f3 con Juanis, el p\u00e1rroco.<\/p>\n<p>Entonces not\u00f3 que el sonido de los cascabeles de la \u00faltima mula le llegaba de manera muy d\u00e9bil. Volvi\u00f3 la cabeza para ver y se dio cuenta con horror del espect\u00e1culo que ofrec\u00edan todas sus mulas errantes por el aire, alrededor del campanario de la iglesia. Empez\u00f3 a gritar.<\/p>\n<p>Juanis se le acerc\u00f3 y le dijo:<br \/>\u201cNo tengas miedo, te los traer\u00e9 enseguida\u201d.<\/p>\n<p><\/p>\n<p><\/p>\n<p>Qu\u00e9 hizo. Fue porque ten\u00eda encima un estuche de agujas en el que guardaba un ej\u00e9rcito de peque\u00f1os seres llamados mamur.<\/p>\n<p><\/p>\n<p><\/p>\n<p>Eran capaces de maravillas. Podr\u00edan, por ejemplo, transportarlo en un instante a pa\u00edses lejanos. Tambi\u00e9n pod\u00edan construir una casa en una sola noche, provocar la aparici\u00f3n de misteriosos toros, compa\u00f1\u00edas de perdices y manadas de caballos.<\/p>\n<p><\/p>\t\t\t\t\t\t\t\t<\/div>\n\t\t\t\t<\/div>\n\t\t\t\t\t<\/div>\n\t\t<\/div>\n\t\t\t\t\t<\/div>\n\t\t<\/section>\n\t\t\t\t<\/div>","protected":false},"excerpt":{"rendered":"<p>Mythologie Basque Wiki Contes basques Voici divers contes basques : Le fer \u00e0 cheval et les cerises, les fileuses d&rsquo;Eremedio, &hellip; <\/p>","protected":false},"author":1,"featured_media":0,"parent":1004,"menu_order":0,"comment_status":"closed","ping_status":"closed","template":"","meta":{"footnotes":""},"class_list":["post-1171","page","type-page","status-publish","hentry"],"amp_enabled":true,"_links":{"self":[{"href":"https:\/\/mythslegendes.com\/es\/wp-json\/wp\/v2\/pages\/1171","targetHints":{"allow":["GET"]}}],"collection":[{"href":"https:\/\/mythslegendes.com\/es\/wp-json\/wp\/v2\/pages"}],"about":[{"href":"https:\/\/mythslegendes.com\/es\/wp-json\/wp\/v2\/types\/page"}],"author":[{"embeddable":true,"href":"https:\/\/mythslegendes.com\/es\/wp-json\/wp\/v2\/users\/1"}],"replies":[{"embeddable":true,"href":"https:\/\/mythslegendes.com\/es\/wp-json\/wp\/v2\/comments?post=1171"}],"version-history":[{"count":1,"href":"https:\/\/mythslegendes.com\/es\/wp-json\/wp\/v2\/pages\/1171\/revisions"}],"predecessor-version":[{"id":24673,"href":"https:\/\/mythslegendes.com\/es\/wp-json\/wp\/v2\/pages\/1171\/revisions\/24673"}],"up":[{"embeddable":true,"href":"https:\/\/mythslegendes.com\/es\/wp-json\/wp\/v2\/pages\/1004"}],"wp:attachment":[{"href":"https:\/\/mythslegendes.com\/es\/wp-json\/wp\/v2\/media?parent=1171"}],"curies":[{"name":"wp","href":"https:\/\/api.w.org\/{rel}","templated":true}]}}