{"id":1174,"date":"2020-06-23T10:56:47","date_gmt":"2020-06-23T09:56:47","guid":{"rendered":"https:\/\/mythslegendes.com\/?page_id=1174"},"modified":"2022-12-03T22:07:02","modified_gmt":"2022-12-03T22:07:02","slug":"les-mouches-de-mendiondo","status":"publish","type":"page","link":"https:\/\/mythslegendes.com\/es\/mitologia-vasca\/las-moscas-de-mendiondo\/","title":{"rendered":"Moscas de Mendiondo"},"content":{"rendered":"<div data-elementor-type=\"wp-page\" data-elementor-id=\"1174\" class=\"elementor elementor-1174\">\n\t\t\t\t\t\t<section class=\"elementor-section elementor-top-section elementor-element elementor-element-d0160fe elementor-section-boxed elementor-section-height-default elementor-section-height-default\" data-id=\"d0160fe\" data-element_type=\"section\" data-e-type=\"section\">\n\t\t\t\t\t\t<div class=\"elementor-container elementor-column-gap-default\">\n\t\t\t\t\t<div class=\"elementor-column elementor-col-50 elementor-top-column elementor-element elementor-element-73f3ddc\" data-id=\"73f3ddc\" data-element_type=\"column\" data-e-type=\"column\">\n\t\t\t<div class=\"elementor-widget-wrap elementor-element-populated\">\n\t\t\t\t\t\t<div class=\"elementor-element elementor-element-150342f elementor-align-justify elementor-widget elementor-widget-button\" data-id=\"150342f\" data-element_type=\"widget\" data-e-type=\"widget\" data-widget_type=\"button.default\">\n\t\t\t\t<div class=\"elementor-widget-container\">\n\t\t\t\t\t\t\t\t\t<div class=\"elementor-button-wrapper\">\n\t\t\t\t\t<a class=\"elementor-button elementor-button-link elementor-size-sm\" href=\"https:\/\/mythslegendes.com\/es\/mitologia-vasca\/\">\n\t\t\t\t\t\t<span class=\"elementor-button-content-wrapper\">\n\t\t\t\t\t\t\t\t\t<span class=\"elementor-button-text\">Mitolog\u00eda vasca<\/span>\n\t\t\t\t\t<\/span>\n\t\t\t\t\t<\/a>\n\t\t\t\t<\/div>\n\t\t\t\t\t\t\t\t<\/div>\n\t\t\t\t<\/div>\n\t\t\t\t\t<\/div>\n\t\t<\/div>\n\t\t\t\t<div class=\"elementor-column elementor-col-50 elementor-top-column elementor-element elementor-element-39220a3\" data-id=\"39220a3\" data-element_type=\"column\" data-e-type=\"column\">\n\t\t\t<div class=\"elementor-widget-wrap elementor-element-populated\">\n\t\t\t\t\t\t<div class=\"elementor-element elementor-element-6620e42 elementor-align-justify elementor-widget elementor-widget-button\" data-id=\"6620e42\" data-element_type=\"widget\" data-e-type=\"widget\" data-widget_type=\"button.default\">\n\t\t\t\t<div class=\"elementor-widget-container\">\n\t\t\t\t\t\t\t\t\t<div class=\"elementor-button-wrapper\">\n\t\t\t\t\t<a class=\"elementor-button elementor-button-link elementor-size-sm\" href=\"https:\/\/fr.wikipedia.org\/wiki\/Mythologie_basque\" target=\"_blank\" rel=\"noopener\">\n\t\t\t\t\t\t<span class=\"elementor-button-content-wrapper\">\n\t\t\t\t\t\t\t\t\t<span class=\"elementor-button-text\">Wiki<\/span>\n\t\t\t\t\t<\/span>\n\t\t\t\t\t<\/a>\n\t\t\t\t<\/div>\n\t\t\t\t\t\t\t\t<\/div>\n\t\t\t\t<\/div>\n\t\t\t\t\t<\/div>\n\t\t<\/div>\n\t\t\t\t\t<\/div>\n\t\t<\/section>\n\t\t\t\t<section class=\"elementor-section elementor-top-section elementor-element elementor-element-540d4c61 elementor-section-boxed elementor-section-height-default elementor-section-height-default\" data-id=\"540d4c61\" data-element_type=\"section\" data-e-type=\"section\">\n\t\t\t\t\t\t<div class=\"elementor-container elementor-column-gap-default\">\n\t\t\t\t\t<div class=\"elementor-column elementor-col-100 elementor-top-column elementor-element elementor-element-5e6417c5\" data-id=\"5e6417c5\" data-element_type=\"column\" data-e-type=\"column\">\n\t\t\t<div class=\"elementor-widget-wrap elementor-element-populated\">\n\t\t\t\t\t\t<div class=\"elementor-element elementor-element-17bf7a5 elementor-widget elementor-widget-text-editor\" data-id=\"17bf7a5\" data-element_type=\"widget\" data-e-type=\"widget\" data-widget_type=\"text-editor.default\">\n\t\t\t\t<div class=\"elementor-widget-container\">\n\t\t\t\t\t\t\t\t\t<p><\/p>\n<p>El due\u00f1o de la casa, Mendiondo, era un gran holgaz\u00e1n y, sin embargo, el trabajo siempre se terminaba m\u00e1s r\u00e1pido en casa que en los vecinos. En una sola hora de la ma\u00f1ana, se cort\u00f3 la nobleza debajo de la casa; un domingo, durante la misa, se cort\u00f3 todo el trigo de un campo. Los vecinos estaban asombrados porque nunca vieron a un trabajador en su casa.<\/p>\n<p><img decoding=\"async\" class=\"alignnone wp-image-5284 size-full\" src=\"https:\/\/mythslegendes.com\/wp-content\/uploads\/2020\/09\/AlphaOmega-e1602613368367.png\" alt=\"moscas mendiondo\" width=\"25\" height=\"26\" title=\"\"><\/p>\n<div id=\"ez-toc-container\" class=\"ez-toc-v2_0_82_2 counter-hierarchy ez-toc-counter ez-toc-grey ez-toc-container-direction\">\n<div class=\"ez-toc-title-container\">\n<p class=\"ez-toc-title\" style=\"cursor:inherit\">Contenido<\/p>\n<span class=\"ez-toc-title-toggle\"><a href=\"#\" class=\"ez-toc-pull-right ez-toc-btn ez-toc-btn-xs ez-toc-btn-default ez-toc-toggle\" aria-label=\"Alternar tabla de contenidos\"><span class=\"ez-toc-js-icon-con\"><span class=\"\"><span class=\"eztoc-hide\" style=\"display:none;\">Palanca<\/span><span class=\"ez-toc-icon-toggle-span\"><svg style=\"fill: #999;color:#999\" xmlns=\"http:\/\/www.w3.org\/2000\/svg\" class=\"list-377408\" width=\"20px\" height=\"20px\" viewbox=\"0 0 24 24\" fill=\"none\"><path d=\"M6 6H4v2h2V6zm14 0H8v2h12V6zM4 11h2v2H4v-2zm16 0H8v2h12v-2zM4 16h2v2H4v-2zm16 0H8v2h12v-2z\" fill=\"currentColor\"><\/path><\/svg><svg style=\"fill: #999;color:#999\" class=\"arrow-unsorted-368013\" xmlns=\"http:\/\/www.w3.org\/2000\/svg\" width=\"10px\" height=\"10px\" viewbox=\"0 0 24 24\" version=\"1.2\" baseprofile=\"tiny\"><path d=\"M18.2 9.3l-6.2-6.3-6.2 6.3c-.2.2-.3.4-.3.7s.1.5.3.7c.2.2.4.3.7.3h11c.3 0 .5-.1.7-.3.2-.2.3-.5.3-.7s-.1-.5-.3-.7zM5.8 14.7l6.2 6.3 6.2-6.3c.2-.2.3-.5.3-.7s-.1-.5-.3-.7c-.2-.2-.4-.3-.7-.3h-11c-.3 0-.5.1-.7.3-.2.2-.3.5-.3.7s.1.5.3.7z\"\/><\/svg><\/span><\/span><\/span><\/a><\/span><\/div>\n<nav><ul class='ez-toc-list ez-toc-list-level-1' ><li class='ez-toc-page-1 ez-toc-heading-level-2'><a class=\"ez-toc-link ez-toc-heading-1\" href=\"https:\/\/mythslegendes.com\/es\/mitologia-vasca\/las-moscas-de-mendiondo\/#Mouches-de-Mendiondo\" >Moscas Mendiondo<\/a><\/li><\/ul><\/nav><\/div>\n<h2><span class=\"ez-toc-section\" id=\"Mouches-de-Mendiondo\"><\/span>Moscas Mendiondo<span class=\"ez-toc-section-end\"><\/span><\/h2>\n<p>Su esposa tambi\u00e9n se equivoca. Sin embargo, un domingo, antes de ir a misa, lo vio de lejos escondiendo algo en una maleza. Fue, curiosa por saber qu\u00e9 conten\u00eda, y encontr\u00f3 un estuche. La abri\u00f3 y salieron diez moscas. Las moscas revolotean en sus ojos, en sus o\u00eddos y zumban:<\/p>\n<p><\/p>\n<p><\/p>\n<p>- &quot;\u00bfZer egin? zer egin? zer egin? (\u00bfQu\u00e9 hacer? \u00bfQu\u00e9 hacer? \u00bfQu\u00e9 hacer?)<br \/>Aterrada, la mujer les dijo:<\/p>\n<p><\/p>\n<p><\/p>\n<p>- &quot;Vuelve r\u00e1pido al hoyo&quot;.<\/p>\n<p><\/p>\n<p><\/p>\n<p>Las moscas entran inmediatamente al estuche. La mujer lo cerr\u00f3 y volvi\u00f3 a colocarlo en su lugar. Se apresur\u00f3 a contarle a su marido lo que le hab\u00eda pasado, y el marido le confes\u00f3 que eran las moscas las que hac\u00edan el trabajo en su finca. A partir de ese momento, cualquier trabajo que la mujer les diera se hizo en un momento. Un d\u00eda que no hab\u00eda nada que hacer, las moscas atormentaron a la mujer diciendo:<\/p>\n<p><\/p>\n<p><\/p>\n<p>- &quot;\u00a1Lan! lan! lan! (\u00a1trabajo Trabajo trabajo!)<br \/>Ella les dio un colador:<\/p>\n<p><\/p>\n<p><\/p>\n<p>- &quot;Vamos&quot;, les dijo, &quot;llenen de agua el barril vac\u00edo del s\u00f3tano. Tomar\u00e1s el agua en el canal del molino, y la transportar\u00e1s en el tamiz subiendo por el prado que est\u00e1 encima de la casa \u201d.<br \/>En un instante se hizo y las moscas segu\u00edan all\u00ed, acosando a la mujer y zumbando:<\/p>\n<p><\/p>\n<p><\/p>\n<p>- &quot;\u00a1Lan! lan! lan! (\u00a1Trabaja! \u00a1Trabaja! \u00a1Trabaja!) Al agotarse la paciencia, le dijo a su marido:<br \/>- &quot;\u00a1Qu\u00e9 maravillosas son estas moscas! Absolutamente tenemos que deshacernos de \u00e9l.<br \/>- &quot;S\u00ed, respondi\u00f3 el marido, pero cada uno debe pagar su salario.<br \/>- \u201cDales\u201d, dijo la mujer, \u201clos diez gansos que est\u00e1n un poco m\u00e1s arriba de la casa. Al mismo tiempo, los gansos volaron con fuertes gritos hacia las nubes y las moscas de Mendiondo no reaparecieron.<\/p>\n<p><\/p>\t\t\t\t\t\t\t\t<\/div>\n\t\t\t\t<\/div>\n\t\t\t\t\t<\/div>\n\t\t<\/div>\n\t\t\t\t\t<\/div>\n\t\t<\/section>\n\t\t\t\t<\/div>","protected":false},"excerpt":{"rendered":"<p>Wiki Mitolog\u00eda Vasca El se\u00f1or de la casa Mendiondo era un gran holgaz\u00e1n y sin embargo la tarea era siempre m\u00e1s \u2026 <\/p>","protected":false},"author":1,"featured_media":0,"parent":1004,"menu_order":0,"comment_status":"closed","ping_status":"closed","template":"","meta":{"footnotes":""},"class_list":["post-1174","page","type-page","status-publish","hentry"],"amp_enabled":true,"_links":{"self":[{"href":"https:\/\/mythslegendes.com\/es\/wp-json\/wp\/v2\/pages\/1174","targetHints":{"allow":["GET"]}}],"collection":[{"href":"https:\/\/mythslegendes.com\/es\/wp-json\/wp\/v2\/pages"}],"about":[{"href":"https:\/\/mythslegendes.com\/es\/wp-json\/wp\/v2\/types\/page"}],"author":[{"embeddable":true,"href":"https:\/\/mythslegendes.com\/es\/wp-json\/wp\/v2\/users\/1"}],"replies":[{"embeddable":true,"href":"https:\/\/mythslegendes.com\/es\/wp-json\/wp\/v2\/comments?post=1174"}],"version-history":[{"count":1,"href":"https:\/\/mythslegendes.com\/es\/wp-json\/wp\/v2\/pages\/1174\/revisions"}],"predecessor-version":[{"id":24674,"href":"https:\/\/mythslegendes.com\/es\/wp-json\/wp\/v2\/pages\/1174\/revisions\/24674"}],"up":[{"embeddable":true,"href":"https:\/\/mythslegendes.com\/es\/wp-json\/wp\/v2\/pages\/1004"}],"wp:attachment":[{"href":"https:\/\/mythslegendes.com\/es\/wp-json\/wp\/v2\/media?parent=1174"}],"curies":[{"name":"wp","href":"https:\/\/api.w.org\/{rel}","templated":true}]}}