{"id":1178,"date":"2020-06-23T10:57:50","date_gmt":"2020-06-23T09:57:50","guid":{"rendered":"https:\/\/mythslegendes.com\/?page_id=1178"},"modified":"2022-12-03T22:07:03","modified_gmt":"2022-12-03T22:07:03","slug":"le-basa-jaun-aveugle","status":"publish","type":"page","link":"https:\/\/mythslegendes.com\/es\/mitologia-vasca\/le-basa-jaun-ciega\/","title":{"rendered":"El ciego Basa Jaun"},"content":{"rendered":"<div data-elementor-type=\"wp-page\" data-elementor-id=\"1178\" class=\"elementor elementor-1178\">\n\t\t\t\t\t\t<section class=\"elementor-section elementor-top-section elementor-element elementor-element-ec6e387 elementor-section-boxed elementor-section-height-default elementor-section-height-default\" data-id=\"ec6e387\" data-element_type=\"section\" data-e-type=\"section\">\n\t\t\t\t\t\t<div class=\"elementor-container elementor-column-gap-default\">\n\t\t\t\t\t<div class=\"elementor-column elementor-col-50 elementor-top-column elementor-element elementor-element-006e3a2\" data-id=\"006e3a2\" data-element_type=\"column\" data-e-type=\"column\">\n\t\t\t<div class=\"elementor-widget-wrap elementor-element-populated\">\n\t\t\t\t\t\t<div class=\"elementor-element elementor-element-301c3bb elementor-align-justify elementor-widget elementor-widget-button\" data-id=\"301c3bb\" data-element_type=\"widget\" data-e-type=\"widget\" data-widget_type=\"button.default\">\n\t\t\t\t<div class=\"elementor-widget-container\">\n\t\t\t\t\t\t\t\t\t<div class=\"elementor-button-wrapper\">\n\t\t\t\t\t<a class=\"elementor-button elementor-button-link elementor-size-sm\" href=\"https:\/\/mythslegendes.com\/es\/mitologia-vasca\/\">\n\t\t\t\t\t\t<span class=\"elementor-button-content-wrapper\">\n\t\t\t\t\t\t\t\t\t<span class=\"elementor-button-text\">Mitolog\u00eda vasca<\/span>\n\t\t\t\t\t<\/span>\n\t\t\t\t\t<\/a>\n\t\t\t\t<\/div>\n\t\t\t\t\t\t\t\t<\/div>\n\t\t\t\t<\/div>\n\t\t\t\t\t<\/div>\n\t\t<\/div>\n\t\t\t\t<div class=\"elementor-column elementor-col-50 elementor-top-column elementor-element elementor-element-a9119c4\" data-id=\"a9119c4\" data-element_type=\"column\" data-e-type=\"column\">\n\t\t\t<div class=\"elementor-widget-wrap elementor-element-populated\">\n\t\t\t\t\t\t<div class=\"elementor-element elementor-element-bd2e82f elementor-align-justify elementor-widget elementor-widget-button\" data-id=\"bd2e82f\" data-element_type=\"widget\" data-e-type=\"widget\" data-widget_type=\"button.default\">\n\t\t\t\t<div class=\"elementor-widget-container\">\n\t\t\t\t\t\t\t\t\t<div class=\"elementor-button-wrapper\">\n\t\t\t\t\t<a class=\"elementor-button elementor-button-link elementor-size-sm\" href=\"https:\/\/fr.wikipedia.org\/wiki\/Mythologie_basque\" target=\"_blank\" rel=\"noopener\">\n\t\t\t\t\t\t<span class=\"elementor-button-content-wrapper\">\n\t\t\t\t\t\t\t\t\t<span class=\"elementor-button-text\">Wiki<\/span>\n\t\t\t\t\t<\/span>\n\t\t\t\t\t<\/a>\n\t\t\t\t<\/div>\n\t\t\t\t\t\t\t\t<\/div>\n\t\t\t\t<\/div>\n\t\t\t\t\t<\/div>\n\t\t<\/div>\n\t\t\t\t\t<\/div>\n\t\t<\/section>\n\t\t\t\t<section class=\"elementor-section elementor-top-section elementor-element elementor-element-b6ffd73 elementor-section-boxed elementor-section-height-default elementor-section-height-default\" data-id=\"b6ffd73\" data-element_type=\"section\" data-e-type=\"section\">\n\t\t\t\t\t\t<div class=\"elementor-container elementor-column-gap-default\">\n\t\t\t\t\t<div class=\"elementor-column elementor-col-100 elementor-top-column elementor-element elementor-element-70ed4550\" data-id=\"70ed4550\" data-element_type=\"column\" data-e-type=\"column\">\n\t\t\t<div class=\"elementor-widget-wrap elementor-element-populated\">\n\t\t\t\t\t\t<div class=\"elementor-element elementor-element-28a4b2f2 elementor-widget elementor-widget-text-editor\" data-id=\"28a4b2f2\" data-element_type=\"widget\" data-e-type=\"widget\" data-widget_type=\"text-editor.default\">\n\t\t\t\t<div class=\"elementor-widget-container\">\n\t\t\t\t\t\t\t\t\t<p><\/p>\n<p>Esta es la historia del ciego Basa Jaun.<\/p>\n<p><img decoding=\"async\" class=\"alignnone wp-image-5284 size-full\" src=\"https:\/\/mythslegendes.com\/wp-content\/uploads\/2020\/09\/AlphaOmega-e1602613368367.png\" alt=\"Ciego Basa Jaun\" width=\"25\" height=\"26\" title=\"\"><\/p>\n<div id=\"ez-toc-container\" class=\"ez-toc-v2_0_82_2 counter-hierarchy ez-toc-counter ez-toc-grey ez-toc-container-direction\">\n<div class=\"ez-toc-title-container\">\n<p class=\"ez-toc-title\" style=\"cursor:inherit\">Contenido<\/p>\n<span class=\"ez-toc-title-toggle\"><a href=\"#\" class=\"ez-toc-pull-right ez-toc-btn ez-toc-btn-xs ez-toc-btn-default ez-toc-toggle\" aria-label=\"Alternar tabla de contenidos\"><span class=\"ez-toc-js-icon-con\"><span class=\"\"><span class=\"eztoc-hide\" style=\"display:none;\">Palanca<\/span><span class=\"ez-toc-icon-toggle-span\"><svg style=\"fill: #999;color:#999\" xmlns=\"http:\/\/www.w3.org\/2000\/svg\" class=\"list-377408\" width=\"20px\" height=\"20px\" viewbox=\"0 0 24 24\" fill=\"none\"><path d=\"M6 6H4v2h2V6zm14 0H8v2h12V6zM4 11h2v2H4v-2zm16 0H8v2h12v-2zM4 16h2v2H4v-2zm16 0H8v2h12v-2z\" fill=\"currentColor\"><\/path><\/svg><svg style=\"fill: #999;color:#999\" class=\"arrow-unsorted-368013\" xmlns=\"http:\/\/www.w3.org\/2000\/svg\" width=\"10px\" height=\"10px\" viewbox=\"0 0 24 24\" version=\"1.2\" baseprofile=\"tiny\"><path d=\"M18.2 9.3l-6.2-6.3-6.2 6.3c-.2.2-.3.4-.3.7s.1.5.3.7c.2.2.4.3.7.3h11c.3 0 .5-.1.7-.3.2-.2.3-.5.3-.7s-.1-.5-.3-.7zM5.8 14.7l6.2 6.3 6.2-6.3c.2-.2.3-.5.3-.7s-.1-.5-.3-.7c-.2-.2-.4-.3-.7-.3h-11c-.3 0-.5.1-.7.3-.2.2-.3.5-.3.7s.1.5.3.7z\"\/><\/svg><\/span><\/span><\/span><\/a><\/span><\/div>\n<nav><ul class='ez-toc-list ez-toc-list-level-1' ><li class='ez-toc-page-1 ez-toc-heading-level-2'><a class=\"ez-toc-link ez-toc-heading-1\" href=\"https:\/\/mythslegendes.com\/es\/mitologia-vasca\/le-basa-jaun-ciega\/#Le-Basa-Jaun-aveugle\" >El ciego Basa Jaun<\/a><\/li><\/ul><\/nav><\/div>\n<h2><span class=\"ez-toc-section\" id=\"Le-Basa-Jaun-aveugle\"><\/span>El ciego Basa Jaun<span class=\"ez-toc-section-end\"><\/span><\/h2>\n<p>Dos soldados del mismo distrito, habiendo obtenido su permiso, regresaban juntos a casa. Mientras cruzaban un gran bosque, la noche los sorprendi\u00f3. Pero al anochecer hab\u00edan visto un humo en cierta direcci\u00f3n, fueron por ese camino y encontraron una mala caba\u00f1a. Llamaron a la puerta; preguntamos en \u00e9l:<br \/>- &quot; Quien esta ahi ? \u00bb<br \/>- &quot; Dos amigos &quot;.<br \/>- &quot; Qu\u00e9 quer\u00e9is ? \u00bb<br \/>\u2013 \u201cUn alojamiento para esta noche. \u00bb<\/p>\n<p><\/p>\n<p><\/p>\n<p>La puerta se abrio; los dejaron entrar y cerraron la puerta. Los soldados, por valientes que fueran, se asustaron al encontrarse en presencia de un Basa Jaun: todo parecido a un hombre, pero cubierto de pelo y con un solo ojo en medio de la frente. Los Basa Jaun les dieron de comer. Despu\u00e9s de cenar, los pes\u00f3 y dijo al m\u00e1s pesado:<br \/>\u2013 \u201cT\u00fa para esta noche, el otro para ma\u00f1ana\u201d<\/p>\n<p><\/p>\n<p><\/p>\n<p>E inmediatamente atraves\u00f3 al m\u00e1s gordo con un gran broche, sin siquiera quitarle la ropa; at\u00f3 los miembros al asador, lo as\u00f3 a fuego alto y se lo comi\u00f3. El otro se qued\u00f3 aterrorizado, sin saber qu\u00e9 hacer para preservar su vida. El Basa Jaun, bien saciado, se durmi\u00f3. Inmediatamente, el soldado tom\u00f3 el asador con el que hab\u00eda asado a su compa\u00f1ero, lo hizo enrojecer al fuego, se lo clav\u00f3 en el ojo y lo ceg\u00f3. El Basa Jaun, aullando, corri\u00f3 por todas partes para encontrar al extra\u00f1o; pero el soldado inmediatamente se escondi\u00f3 en el establo, en medio del reba\u00f1o de ovejas de Basa Jaun, sin poder salir porque la puerta estaba cerrada.<\/p>\n<p><\/p>\n<p><\/p>\n<p>A la ma\u00f1ana siguiente, el Basa Jaun abri\u00f3 la puerta del establo y, queriendo prender al soldado, hizo pasar entre sus piernas una a una las ovejas que sal\u00edan; pero al soldado se le ocurri\u00f3 despellejar una oveja y ponerse su piel, para que el ciego no la agarrara. Al tocar todas las ovejas, la piel de una de ellas qued\u00f3 en sus manos, y pens\u00f3 que el hombre hab\u00eda pasado por debajo. El soldado escap\u00f3 pero el Basa Jaun, que lo persegu\u00eda como pod\u00eda, le grit\u00f3:<br \/>\u2013 \u201c\u00a1Toma, ll\u00e9vate este anillo, para que cuando est\u00e9s en tu casa cuentes la maravilla que has hecho! Y le tir\u00f3 el anillo.<\/p>\n<p><\/p>\n<p><\/p>\n<p>El soldado lo recogi\u00f3 y se lo puso en el dedo; pero el anillo empez\u00f3 a hablar y decir:<br \/>- &quot; Estoy aqu\u00ed ! estoy aqu\u00ed ! \u00bb<\/p>\n<p><\/p>\n<p><\/p>\n<p>El soldado corri\u00f3, el ciego corri\u00f3; era como una y la misma habitaci\u00f3n. El soldado, exhausto, temiendo que el Basa Jaun lo agarrara, pens\u00f3, cuando lleg\u00f3 cerca de un r\u00edo, en tirarle el anillo, pero no pudo sac\u00e1rselo del dedo. As\u00ed que se cort\u00f3 el dedo y lo arroj\u00f3 junto con el anillo al r\u00edo. El anillo, desde el fondo del agua, segu\u00eda gritando:<br \/>- &quot; Estoy aqu\u00ed ! estoy aqu\u00ed ! \u00bb<\/p>\n<p><\/p>\n<p><\/p>\n<p>El Basa Jaun, al o\u00edr esta llamada, entr\u00f3 en el agua y all\u00ed se ahog\u00f3. El soldado luego cruz\u00f3 el r\u00edo por un puente y escap\u00f3 feliz a su casa.<\/p>\n<p><\/p>\t\t\t\t\t\t\t\t<\/div>\n\t\t\t\t<\/div>\n\t\t\t\t\t<\/div>\n\t\t<\/div>\n\t\t\t\t\t<\/div>\n\t\t<\/section>\n\t\t\t\t<\/div>","protected":false},"excerpt":{"rendered":"<p>Wiki Mitolog\u00eda Vasca Esta es la historia del ciego Basa Jaun. El ciego Basa Jaun Dos soldados del mismo barrio, habiendo obtenido... <\/p>","protected":false},"author":1,"featured_media":0,"parent":1004,"menu_order":0,"comment_status":"closed","ping_status":"closed","template":"","meta":{"footnotes":""},"class_list":["post-1178","page","type-page","status-publish","hentry"],"amp_enabled":true,"_links":{"self":[{"href":"https:\/\/mythslegendes.com\/es\/wp-json\/wp\/v2\/pages\/1178","targetHints":{"allow":["GET"]}}],"collection":[{"href":"https:\/\/mythslegendes.com\/es\/wp-json\/wp\/v2\/pages"}],"about":[{"href":"https:\/\/mythslegendes.com\/es\/wp-json\/wp\/v2\/types\/page"}],"author":[{"embeddable":true,"href":"https:\/\/mythslegendes.com\/es\/wp-json\/wp\/v2\/users\/1"}],"replies":[{"embeddable":true,"href":"https:\/\/mythslegendes.com\/es\/wp-json\/wp\/v2\/comments?post=1178"}],"version-history":[{"count":1,"href":"https:\/\/mythslegendes.com\/es\/wp-json\/wp\/v2\/pages\/1178\/revisions"}],"predecessor-version":[{"id":24675,"href":"https:\/\/mythslegendes.com\/es\/wp-json\/wp\/v2\/pages\/1178\/revisions\/24675"}],"up":[{"embeddable":true,"href":"https:\/\/mythslegendes.com\/es\/wp-json\/wp\/v2\/pages\/1004"}],"wp:attachment":[{"href":"https:\/\/mythslegendes.com\/es\/wp-json\/wp\/v2\/media?parent=1178"}],"curies":[{"name":"wp","href":"https:\/\/api.w.org\/{rel}","templated":true}]}}