{"id":11780,"date":"2021-02-15T17:30:11","date_gmt":"2021-02-15T17:30:11","guid":{"rendered":"https:\/\/mythslegendes.com\/?page_id=11780"},"modified":"2022-12-27T22:13:04","modified_gmt":"2022-12-27T22:13:04","slug":"mythologie-punique-phenicienne-carthaginoise","status":"publish","type":"page","link":"https:\/\/mythslegendes.com\/es\/mitologia-punica-fenicia-cartaginesa\/","title":{"rendered":"Mitolog\u00eda p\u00fanica \u2013 fenicia \u2013 cartaginesa"},"content":{"rendered":"<div data-elementor-type=\"wp-page\" data-elementor-id=\"11780\" class=\"elementor elementor-11780\">\n\t\t\t\t\t\t<section class=\"elementor-section elementor-top-section elementor-element elementor-element-d8ec52d elementor-section-boxed elementor-section-height-default elementor-section-height-default\" data-id=\"d8ec52d\" data-element_type=\"section\" data-e-type=\"section\">\n\t\t\t\t\t\t<div class=\"elementor-container elementor-column-gap-default\">\n\t\t\t\t\t<div class=\"elementor-column elementor-col-33 elementor-top-column elementor-element elementor-element-9da9016\" data-id=\"9da9016\" data-element_type=\"column\" data-e-type=\"column\">\n\t\t\t<div class=\"elementor-widget-wrap elementor-element-populated\">\n\t\t\t\t\t\t<div class=\"elementor-element elementor-element-edd17b1 elementor-align-justify elementor-widget elementor-widget-button\" data-id=\"edd17b1\" data-element_type=\"widget\" data-e-type=\"widget\" data-widget_type=\"button.default\">\n\t\t\t\t<div class=\"elementor-widget-container\">\n\t\t\t\t\t\t\t\t\t<div class=\"elementor-button-wrapper\">\n\t\t\t\t\t<a class=\"elementor-button elementor-button-link elementor-size-sm\" href=\"https:\/\/mythslegendes.com\/es\/mythes-et-legendes-semites-1525\/\">\n\t\t\t\t\t\t<span class=\"elementor-button-content-wrapper\">\n\t\t\t\t\t\t\t\t\t<span class=\"elementor-button-text\">Volver al Grupo Cultural<\/span>\n\t\t\t\t\t<\/span>\n\t\t\t\t\t<\/a>\n\t\t\t\t<\/div>\n\t\t\t\t\t\t\t\t<\/div>\n\t\t\t\t<\/div>\n\t\t\t\t\t<\/div>\n\t\t<\/div>\n\t\t\t\t<div class=\"elementor-column elementor-col-33 elementor-top-column elementor-element elementor-element-0fe38cf\" data-id=\"0fe38cf\" data-element_type=\"column\" data-e-type=\"column\">\n\t\t\t<div class=\"elementor-widget-wrap elementor-element-populated\">\n\t\t\t\t\t\t<div class=\"elementor-element elementor-element-2d7c02c elementor-align-justify elementor-widget elementor-widget-button\" data-id=\"2d7c02c\" data-element_type=\"widget\" data-e-type=\"widget\" data-widget_type=\"button.default\">\n\t\t\t\t<div class=\"elementor-widget-container\">\n\t\t\t\t\t\t\t\t\t<div class=\"elementor-button-wrapper\">\n\t\t\t\t\t<a class=\"elementor-button elementor-button-link elementor-size-sm\" href=\"https:\/\/mythslegendes.com\/es\/bibliotecas-de-libros\/\">\n\t\t\t\t\t\t<span class=\"elementor-button-content-wrapper\">\n\t\t\t\t\t\t\t\t\t<span class=\"elementor-button-text\">Tienda dedicada<\/span>\n\t\t\t\t\t<\/span>\n\t\t\t\t\t<\/a>\n\t\t\t\t<\/div>\n\t\t\t\t\t\t\t\t<\/div>\n\t\t\t\t<\/div>\n\t\t\t\t\t<\/div>\n\t\t<\/div>\n\t\t\t\t<div class=\"elementor-column elementor-col-33 elementor-top-column elementor-element elementor-element-20e45b0\" data-id=\"20e45b0\" data-element_type=\"column\" data-e-type=\"column\">\n\t\t\t<div class=\"elementor-widget-wrap elementor-element-populated\">\n\t\t\t\t\t\t<div class=\"elementor-element elementor-element-a0572ea elementor-align-justify elementor-widget elementor-widget-button\" data-id=\"a0572ea\" data-element_type=\"widget\" data-e-type=\"widget\" data-widget_type=\"button.default\">\n\t\t\t\t<div class=\"elementor-widget-container\">\n\t\t\t\t\t\t\t\t\t<div class=\"elementor-button-wrapper\">\n\t\t\t\t\t<a class=\"elementor-button elementor-button-link elementor-size-sm\" href=\"https:\/\/fr.wikipedia.org\/wiki\/Ph%C3%A9niciens\" target=\"_blank\" rel=\"noopener\">\n\t\t\t\t\t\t<span class=\"elementor-button-content-wrapper\">\n\t\t\t\t\t\t\t\t\t<span class=\"elementor-button-text\">Wiki<\/span>\n\t\t\t\t\t<\/span>\n\t\t\t\t\t<\/a>\n\t\t\t\t<\/div>\n\t\t\t\t\t\t\t\t<\/div>\n\t\t\t\t<\/div>\n\t\t\t\t\t<\/div>\n\t\t<\/div>\n\t\t\t\t\t<\/div>\n\t\t<\/section>\n\t\t\t\t<section class=\"elementor-section elementor-top-section elementor-element elementor-element-dd0ce70 elementor-section-boxed elementor-section-height-default elementor-section-height-default\" data-id=\"dd0ce70\" data-element_type=\"section\" data-e-type=\"section\">\n\t\t\t\t\t\t<div class=\"elementor-container elementor-column-gap-default\">\n\t\t\t\t\t<div class=\"elementor-column elementor-col-100 elementor-top-column elementor-element elementor-element-836e7f3\" data-id=\"836e7f3\" data-element_type=\"column\" data-e-type=\"column\">\n\t\t\t<div class=\"elementor-widget-wrap elementor-element-populated\">\n\t\t\t\t\t\t<div class=\"elementor-element elementor-element-29b568d elementor-widget elementor-widget-heading\" data-id=\"29b568d\" data-element_type=\"widget\" data-e-type=\"widget\" data-widget_type=\"heading.default\">\n\t\t\t\t<div class=\"elementor-widget-container\">\n\t\t\t\t\t<div id=\"ez-toc-container\" class=\"ez-toc-v2_0_82_2 counter-hierarchy ez-toc-counter ez-toc-grey ez-toc-container-direction\">\n<div class=\"ez-toc-title-container\">\n<p class=\"ez-toc-title\" style=\"cursor:inherit\">Contenido<\/p>\n<span class=\"ez-toc-title-toggle\"><a href=\"#\" class=\"ez-toc-pull-right ez-toc-btn ez-toc-btn-xs ez-toc-btn-default ez-toc-toggle\" aria-label=\"Alternar tabla de contenidos\"><span class=\"ez-toc-js-icon-con\"><span class=\"\"><span class=\"eztoc-hide\" style=\"display:none;\">Palanca<\/span><span class=\"ez-toc-icon-toggle-span\"><svg style=\"fill: #999;color:#999\" xmlns=\"http:\/\/www.w3.org\/2000\/svg\" class=\"list-377408\" width=\"20px\" height=\"20px\" viewbox=\"0 0 24 24\" fill=\"none\"><path d=\"M6 6H4v2h2V6zm14 0H8v2h12V6zM4 11h2v2H4v-2zm16 0H8v2h12v-2zM4 16h2v2H4v-2zm16 0H8v2h12v-2z\" fill=\"currentColor\"><\/path><\/svg><svg style=\"fill: #999;color:#999\" class=\"arrow-unsorted-368013\" xmlns=\"http:\/\/www.w3.org\/2000\/svg\" width=\"10px\" height=\"10px\" viewbox=\"0 0 24 24\" version=\"1.2\" baseprofile=\"tiny\"><path d=\"M18.2 9.3l-6.2-6.3-6.2 6.3c-.2.2-.3.4-.3.7s.1.5.3.7c.2.2.4.3.7.3h11c.3 0 .5-.1.7-.3.2-.2.3-.5.3-.7s-.1-.5-.3-.7zM5.8 14.7l6.2 6.3 6.2-6.3c.2-.2.3-.5.3-.7s-.1-.5-.3-.7c-.2-.2-.4-.3-.7-.3h-11c-.3 0-.5.1-.7.3-.2.2-.3.5-.3.7s.1.5.3.7z\"\/><\/svg><\/span><\/span><\/span><\/a><\/span><\/div>\n<nav><ul class='ez-toc-list ez-toc-list-level-1' ><li class='ez-toc-page-1 ez-toc-heading-level-2'><a class=\"ez-toc-link ez-toc-heading-1\" href=\"https:\/\/mythslegendes.com\/es\/mitologia-punica-fenicia-cartaginesa\/#Mythologie-Punique-Phenicienne-Carthaginoise\" >Mitolog\u00eda p\u00fanica - fenicia - cartaginesa<\/a><\/li><li class='ez-toc-page-1 ez-toc-heading-level-2'><a class=\"ez-toc-link ez-toc-heading-2\" href=\"https:\/\/mythslegendes.com\/es\/mitologia-punica-fenicia-cartaginesa\/#Mythologie-Punique-Phenicienne-Carthaginoise-textes\" >Mitolog\u00eda p\u00fanica - fenicia - cartaginesa (textos)<\/a><\/li><\/ul><\/nav><\/div>\n<h2 class=\"elementor-heading-title elementor-size-default\"><span class=\"ez-toc-section\" id=\"Mythologie-Punique-Phenicienne-Carthaginoise\"><\/span>Mitolog\u00eda p\u00fanica - fenicia - cartaginesa<span class=\"ez-toc-section-end\"><\/span><\/h2>\t\t\t\t<\/div>\n\t\t\t\t<\/div>\n\t\t\t\t\t<\/div>\n\t\t<\/div>\n\t\t\t\t\t<\/div>\n\t\t<\/section>\n\t\t\t\t<section class=\"elementor-section elementor-top-section elementor-element elementor-element-5ca2c89 elementor-section-boxed elementor-section-height-default elementor-section-height-default\" data-id=\"5ca2c89\" data-element_type=\"section\" data-e-type=\"section\">\n\t\t\t\t\t\t<div class=\"elementor-container elementor-column-gap-default\">\n\t\t\t\t\t<div class=\"elementor-column elementor-col-100 elementor-top-column elementor-element elementor-element-9f77ba7\" data-id=\"9f77ba7\" data-element_type=\"column\" data-e-type=\"column\">\n\t\t\t<div class=\"elementor-widget-wrap elementor-element-populated\">\n\t\t\t\t\t\t<div class=\"elementor-element elementor-element-bccad31 elementor-widget elementor-widget-text-editor\" data-id=\"bccad31\" data-element_type=\"widget\" data-e-type=\"widget\" data-widget_type=\"text-editor.default\">\n\t\t\t\t<div class=\"elementor-widget-container\">\n\t\t\t\t\t\t\t\t\t<p>los <a href=\"https:\/\/mythslegendes.com\/es\/\">mitolog\u00eda<\/a> La mitolog\u00eda p\u00fanica, fenicia o cartaginesa es muy cercana a la gente de <a href=\"https:\/\/mythslegendes.com\/es\/mitologia-cananea\/\">Cana\u00e1n<\/a>. Esta secci\u00f3n s\u00f3lo cubrir\u00e1 las diferencias con Cana\u00e1n.<\/p><p>Los fenicios son un pueblo antiguo originario de las ciudades de Fenicia, regi\u00f3n que corresponde aproximadamente al actual L\u00edbano. Este nombre proviene de los autores. <a href=\"https:\/\/mythslegendes.com\/es\/mythes-et-legendes-grecques-1664\/\">griegos<\/a> quien escribi\u00f3 sobre ellos. Fenicia siempre ha estado dividida en varias ciudades, siendo las m\u00e1s importantes Biblos, Sid\u00f3n (Sayda), Tiro (Sour) y Arwad, y no sabemos si ten\u00edan conciencia de una identidad com\u00fan. Los historiadores han utilizado el adjetivo \u201cfenicio\u201d para designar la civilizaci\u00f3n que floreci\u00f3 en la regi\u00f3n entre los a\u00f1os 1200 y 300. <abbr class=\"abbr nowrap\" title=\"antes de Cristo\">AV. J.-C.<\/abbr><\/p><p>Carthage est fond\u00e9e par des colons ph\u00e9niciens de Tyr en 814 av. J.-C. D&rsquo;apr\u00e8s la l\u00e9gende, ce serait la reine Didon \u2014\u00a0ou \u00c9lyssa\u00a0\u2014, s\u0153ur du roi de Tyr, Pygmalion, qui fonda la cit\u00e9. La reine aurait demand\u00e9 au souverain voisin Hiarbas, un roi <a href=\"https:\/\/mythslegendes.com\/es\/mythologie-berbere\/\">berb\u00e8re<\/a>, l&rsquo;autorisation de fonder un royaume sur ses terres. Celui-ci lui offrit alors un terrain aussi grand qu&rsquo;une peau de vache. La reine plus maligne fait couper une peau de vache en lani\u00e8res tr\u00e8s fines et trace les contours de Carthage. En r\u00e9f\u00e9rence \u00e0 cette fondatrice mythique, les Carthaginois sont parfois surnomm\u00e9s les \u00ab enfants de Didon \u00bb dans la litt\u00e9rature.<\/p><p><img decoding=\"async\" class=\"alignnone wp-image-5284 size-full\" src=\"https:\/\/mythslegendes.com\/wp-content\/uploads\/2020\/09\/AlphaOmega-e1602613368367.png\" alt=\"Mitolog\u00eda p\u00fanica Mitolog\u00eda fenicia Mitolog\u00eda cartaginesa\" width=\"25\" height=\"26\" title=\"\"><\/p>\t\t\t\t\t\t\t\t<\/div>\n\t\t\t\t<\/div>\n\t\t\t\t\t<\/div>\n\t\t<\/div>\n\t\t\t\t\t<\/div>\n\t\t<\/section>\n\t\t\t\t<section class=\"elementor-section elementor-top-section elementor-element elementor-element-6641dbe elementor-section-boxed elementor-section-height-default elementor-section-height-default\" data-id=\"6641dbe\" data-element_type=\"section\" data-e-type=\"section\">\n\t\t\t\t\t\t<div class=\"elementor-container elementor-column-gap-default\">\n\t\t\t\t\t<div class=\"elementor-column elementor-col-100 elementor-top-column elementor-element elementor-element-1be15aa\" data-id=\"1be15aa\" data-element_type=\"column\" data-e-type=\"column\">\n\t\t\t<div class=\"elementor-widget-wrap elementor-element-populated\">\n\t\t\t\t\t\t<div class=\"elementor-element elementor-element-ae1ac72 elementor-widget elementor-widget-heading\" data-id=\"ae1ac72\" data-element_type=\"widget\" data-e-type=\"widget\" data-widget_type=\"heading.default\">\n\t\t\t\t<div class=\"elementor-widget-container\">\n\t\t\t\t\t<h2 class=\"elementor-heading-title elementor-size-default\"><span class=\"ez-toc-section\" id=\"Mythologie-Punique-Phenicienne-Carthaginoise-textes\"><\/span>Mitolog\u00eda p\u00fanica - fenicia - cartaginesa (textos)<span class=\"ez-toc-section-end\"><\/span><\/h2>\t\t\t\t<\/div>\n\t\t\t\t<\/div>\n\t\t\t\t\t<\/div>\n\t\t<\/div>\n\t\t\t\t\t<\/div>\n\t\t<\/section>\n\t\t\t\t<section class=\"elementor-section elementor-top-section elementor-element elementor-element-c4cc2be elementor-section-boxed elementor-section-height-default elementor-section-height-default\" data-id=\"c4cc2be\" data-element_type=\"section\" data-e-type=\"section\">\n\t\t\t\t\t\t<div class=\"elementor-container elementor-column-gap-default\">\n\t\t\t\t\t<div class=\"elementor-column elementor-col-100 elementor-top-column elementor-element elementor-element-899b737\" data-id=\"899b737\" data-element_type=\"column\" data-e-type=\"column\">\n\t\t\t<div class=\"elementor-widget-wrap elementor-element-populated\">\n\t\t\t\t\t\t<div class=\"elementor-element elementor-element-c0d07d1 elementor-widget elementor-widget-toggle\" data-id=\"c0d07d1\" data-element_type=\"widget\" data-e-type=\"widget\" data-widget_type=\"toggle.default\">\n\t\t\t\t<div class=\"elementor-widget-container\">\n\t\t\t\t\t\t\t<div class=\"elementor-toggle\">\n\t\t\t\t\t\t\t<div class=\"elementor-toggle-item\">\n\t\t\t\t\t<div id=\"elementor-tab-title-2021\" class=\"elementor-tab-title\" data-tab=\"1\" role=\"button\" aria-controls=\"elementor-tab-content-2021\" aria-expanded=\"false\">\n\t\t\t\t\t\t\t\t\t\t\t\t<span class=\"elementor-toggle-icon elementor-toggle-icon-left\" aria-hidden=\"true\">\n\t\t\t\t\t\t\t\t\t\t\t\t\t\t\t<span class=\"elementor-toggle-icon-closed\"><i class=\"fas fa-caret-right\"><\/i><\/span>\n\t\t\t\t\t\t\t\t<span class=\"elementor-toggle-icon-opened\"><i class=\"elementor-toggle-icon-opened fas fa-caret-up\"><\/i><\/span>\n\t\t\t\t\t\t\t\t\t\t\t\t\t<\/span>\n\t\t\t\t\t\t\t\t\t\t\t\t<a class=\"elementor-toggle-title\" tabindex=\"0\">Cultura e historia fenicias<\/a>\n\t\t\t\t\t<\/div>\n\n\t\t\t\t\t<div id=\"elementor-tab-content-2021\" class=\"elementor-tab-content elementor-clearfix\" data-tab=\"1\" role=\"region\" aria-labelledby=\"elementor-tab-title-2021\"><ul><li><strong><a href=\"http:\/\/www.pheniciens.com\/articles\/religion.php\" target=\"_blank\" rel=\"noopener\">La religi\u00f3n fenicia<\/a><\/strong><\/li><li><a href=\"https:\/\/www.um.edu.mt\/library\/oar\/bitstream\/123456789\/33976\/1\/Savona-Ventura_Punic_mythology_and_medicine.PDF\" target=\"_blank\" rel=\"noopener\"><strong>Religi\u00f3n y medicina<\/strong><\/a><\/li><li><strong><a href=\"http:\/\/www.pheniciens.com\/cites\/byblos.php?lang=fr\" target=\"_blank\" rel=\"noopener\">Byblos<\/a><\/strong><\/li><li><strong><a href=\"http:\/\/www.pheniciens.com\/cites\/sidon.php?lang=fr\" target=\"_blank\" rel=\"noopener\">Sid\u00f3n<\/a><\/strong><\/li><li><strong><a href=\"http:\/\/www.pheniciens.com\/cites\/tyr.php?lang=fr\" target=\"_blank\" rel=\"noopener\">Neum\u00e1tico<\/a><\/strong><\/li><li><a href=\"http:\/\/www.pheniciens.com\/cites\/baalbek.php?lang=fr\" target=\"_blank\" rel=\"noopener\"><strong>Baalbek<\/strong><\/a><\/li><li><a href=\"http:\/\/www.pheniciens.com\/cites\/ougarit.php?lang=fr\" target=\"_blank\" rel=\"noopener\"><strong>Ugarit<\/strong><\/a><\/li><li><a href=\"https:\/\/phoenician.org\/carthage_hannibal_barca\/\" target=\"_blank\" rel=\"noopener\"><strong>An\u00edbal Bar\u00e7a<\/strong><\/a><\/li><\/ul><\/div>\n\t\t\t\t<\/div>\n\t\t\t\t\t\t\t<div class=\"elementor-toggle-item\">\n\t\t\t\t\t<div id=\"elementor-tab-title-2022\" class=\"elementor-tab-title\" data-tab=\"2\" role=\"button\" aria-controls=\"elementor-tab-content-2022\" aria-expanded=\"false\">\n\t\t\t\t\t\t\t\t\t\t\t\t<span class=\"elementor-toggle-icon elementor-toggle-icon-left\" aria-hidden=\"true\">\n\t\t\t\t\t\t\t\t\t\t\t\t\t\t\t<span class=\"elementor-toggle-icon-closed\"><i class=\"fas fa-caret-right\"><\/i><\/span>\n\t\t\t\t\t\t\t\t<span class=\"elementor-toggle-icon-opened\"><i class=\"elementor-toggle-icon-opened fas fa-caret-up\"><\/i><\/span>\n\t\t\t\t\t\t\t\t\t\t\t\t\t<\/span>\n\t\t\t\t\t\t\t\t\t\t\t\t<a class=\"elementor-toggle-title\" tabindex=\"0\">Mitos y leyendas de los fenicios<\/a>\n\t\t\t\t\t<\/div>\n\n\t\t\t\t\t<div id=\"elementor-tab-content-2022\" class=\"elementor-tab-content elementor-clearfix\" data-tab=\"2\" role=\"region\" aria-labelledby=\"elementor-tab-title-2022\"><ul><li><strong><a href=\"http:\/\/www.pheniciens.com\/persos\/adonis.php\" target=\"_blank\" rel=\"noopener\">La leyenda de Adon y Ashtarout<\/a><\/strong><\/li><li><strong><a href=\"http:\/\/www.pheniciens.com\/persos\/ahiram.php\" target=\"_blank\" rel=\"noopener\">Ahiram, rey de Biblos<\/a><\/strong><\/li><li><strong><a href=\"http:\/\/www.pheniciens.com\/persos\/echmounazor.php\" target=\"_blank\" rel=\"noopener\">Las maldiciones del rey Echmonazor<\/a><\/strong><\/li><li><strong><a href=\"http:\/\/www.pheniciens.com\/persos\/elissa.php\" target=\"_blank\" rel=\"noopener\">Elisa, fundadora de Cartago<\/a><\/strong><\/li><li><strong><a href=\"http:\/\/www.pheniciens.com\/persos\/ezechiel.php\" target=\"_blank\" rel=\"noopener\">Eleg\u00eda sobre Tiro<\/a><\/strong><\/li><li><strong><a href=\"http:\/\/www.pheniciens.com\/persos\/hannon.php\" target=\"_blank\" rel=\"noopener\">El viaje de Hannon<\/a><\/strong><\/li><li><strong><a href=\"http:\/\/www.pheniciens.com\/persos\/hiram.php\" target=\"_blank\" rel=\"noopener\">Hiram, rey de Tiro y Salom\u00f3n<\/a><\/strong><\/li><li><strong><a href=\"http:\/\/www.pheniciens.com\/persos\/ounamon.php\" target=\"_blank\" rel=\"noopener\">El papiro de Ounamon<\/a><\/strong><\/li><li><a href=\"https:\/\/phoenician.org\/aphrodite_legend\/\" target=\"_blank\" rel=\"noopener\"><strong>Afrodita<\/strong><\/a><\/li><li><a href=\"https:\/\/phoenician.org\/isis_and_osiris_legend\/\" target=\"_blank\" rel=\"noopener\"><strong>Isis y Osiris<\/strong><\/a><\/li><li><a href=\"https:\/\/phoenician.org\/europa_legend\/\" target=\"_blank\" rel=\"noopener\"><strong>Europa<\/strong><\/a><\/li><li><a href=\"https:\/\/phoenician.org\/elissa_dido_legend\/\" target=\"_blank\" rel=\"noopener\"><strong>Elissa (Dido) y el nacimiento de Cartago<\/strong><\/a><\/li><\/ul><\/div>\n\t\t\t\t<\/div>\n\t\t\t\t\t\t\t\t<\/div>\n\t\t\t\t\t\t<\/div>\n\t\t\t\t<\/div>\n\t\t\t\t\t<\/div>\n\t\t<\/div>\n\t\t\t\t\t<\/div>\n\t\t<\/section>\n\t\t\t\t<\/div>","protected":false},"excerpt":{"rendered":"<p>Retour au Groupe Culturel Biblioth\u00e8que Wiki Mythologie Punique &#8211; Ph\u00e9nicienne &#8211; Carthaginoise La mythologie punique, ou mythologie ph\u00e9nicienne, ou mythologie &hellip; <\/p>","protected":false},"author":1,"featured_media":0,"parent":0,"menu_order":0,"comment_status":"closed","ping_status":"closed","template":"","meta":{"footnotes":""},"class_list":["post-11780","page","type-page","status-publish","hentry"],"amp_enabled":true,"_links":{"self":[{"href":"https:\/\/mythslegendes.com\/es\/wp-json\/wp\/v2\/pages\/11780","targetHints":{"allow":["GET"]}}],"collection":[{"href":"https:\/\/mythslegendes.com\/es\/wp-json\/wp\/v2\/pages"}],"about":[{"href":"https:\/\/mythslegendes.com\/es\/wp-json\/wp\/v2\/types\/page"}],"author":[{"embeddable":true,"href":"https:\/\/mythslegendes.com\/es\/wp-json\/wp\/v2\/users\/1"}],"replies":[{"embeddable":true,"href":"https:\/\/mythslegendes.com\/es\/wp-json\/wp\/v2\/comments?post=11780"}],"version-history":[{"count":4,"href":"https:\/\/mythslegendes.com\/es\/wp-json\/wp\/v2\/pages\/11780\/revisions"}],"predecessor-version":[{"id":26479,"href":"https:\/\/mythslegendes.com\/es\/wp-json\/wp\/v2\/pages\/11780\/revisions\/26479"}],"wp:attachment":[{"href":"https:\/\/mythslegendes.com\/es\/wp-json\/wp\/v2\/media?parent=11780"}],"curies":[{"name":"wp","href":"https:\/\/api.w.org\/{rel}","templated":true}]}}