{"id":1183,"date":"2020-06-23T11:04:07","date_gmt":"2020-06-23T10:04:07","guid":{"rendered":"https:\/\/mythslegendes.com\/?page_id=1183"},"modified":"2022-12-03T22:07:03","modified_gmt":"2022-12-03T22:07:03","slug":"contes-basques-8","status":"publish","type":"page","link":"https:\/\/mythslegendes.com\/es\/mitologia-vasca\/cuentos-vascos-8\/","title":{"rendered":"Cuentos vascos 8"},"content":{"rendered":"<div data-elementor-type=\"wp-page\" data-elementor-id=\"1183\" class=\"elementor elementor-1183\">\n\t\t\t\t\t\t<section class=\"elementor-section elementor-top-section elementor-element elementor-element-2811c51 elementor-section-boxed elementor-section-height-default elementor-section-height-default\" data-id=\"2811c51\" data-element_type=\"section\" data-e-type=\"section\">\n\t\t\t\t\t\t<div class=\"elementor-container elementor-column-gap-default\">\n\t\t\t\t\t<div class=\"elementor-column elementor-col-50 elementor-top-column elementor-element elementor-element-57f71df\" data-id=\"57f71df\" data-element_type=\"column\" data-e-type=\"column\">\n\t\t\t<div class=\"elementor-widget-wrap elementor-element-populated\">\n\t\t\t\t\t\t<div class=\"elementor-element elementor-element-136f7d9 elementor-align-justify elementor-widget elementor-widget-button\" data-id=\"136f7d9\" data-element_type=\"widget\" data-e-type=\"widget\" data-widget_type=\"button.default\">\n\t\t\t\t<div class=\"elementor-widget-container\">\n\t\t\t\t\t\t\t\t\t<div class=\"elementor-button-wrapper\">\n\t\t\t\t\t<a class=\"elementor-button elementor-button-link elementor-size-sm\" href=\"https:\/\/mythslegendes.com\/es\/mitologia-vasca\/\">\n\t\t\t\t\t\t<span class=\"elementor-button-content-wrapper\">\n\t\t\t\t\t\t\t\t\t<span class=\"elementor-button-text\">Mitolog\u00eda vasca<\/span>\n\t\t\t\t\t<\/span>\n\t\t\t\t\t<\/a>\n\t\t\t\t<\/div>\n\t\t\t\t\t\t\t\t<\/div>\n\t\t\t\t<\/div>\n\t\t\t\t\t<\/div>\n\t\t<\/div>\n\t\t\t\t<div class=\"elementor-column elementor-col-50 elementor-top-column elementor-element elementor-element-35becfd\" data-id=\"35becfd\" data-element_type=\"column\" data-e-type=\"column\">\n\t\t\t<div class=\"elementor-widget-wrap elementor-element-populated\">\n\t\t\t\t\t\t<div class=\"elementor-element elementor-element-bdce948 elementor-align-justify elementor-widget elementor-widget-button\" data-id=\"bdce948\" data-element_type=\"widget\" data-e-type=\"widget\" data-widget_type=\"button.default\">\n\t\t\t\t<div class=\"elementor-widget-container\">\n\t\t\t\t\t\t\t\t\t<div class=\"elementor-button-wrapper\">\n\t\t\t\t\t<a class=\"elementor-button elementor-button-link elementor-size-sm\" href=\"https:\/\/fr.wikipedia.org\/wiki\/Mythologie_basque\" target=\"_blank\" rel=\"noopener\">\n\t\t\t\t\t\t<span class=\"elementor-button-content-wrapper\">\n\t\t\t\t\t\t\t\t\t<span class=\"elementor-button-text\">Wiki<\/span>\n\t\t\t\t\t<\/span>\n\t\t\t\t\t<\/a>\n\t\t\t\t<\/div>\n\t\t\t\t\t\t\t\t<\/div>\n\t\t\t\t<\/div>\n\t\t\t\t\t<\/div>\n\t\t<\/div>\n\t\t\t\t\t<\/div>\n\t\t<\/section>\n\t\t\t\t<section class=\"elementor-section elementor-top-section elementor-element elementor-element-1a4bd801 elementor-section-boxed elementor-section-height-default elementor-section-height-default\" data-id=\"1a4bd801\" data-element_type=\"section\" data-e-type=\"section\">\n\t\t\t\t\t\t<div class=\"elementor-container elementor-column-gap-default\">\n\t\t\t\t\t<div class=\"elementor-column elementor-col-100 elementor-top-column elementor-element elementor-element-59945519\" data-id=\"59945519\" data-element_type=\"column\" data-e-type=\"column\">\n\t\t\t<div class=\"elementor-widget-wrap elementor-element-populated\">\n\t\t\t\t\t\t<div class=\"elementor-element elementor-element-2039c1ae elementor-widget elementor-widget-text-editor\" data-id=\"2039c1ae\" data-element_type=\"widget\" data-e-type=\"widget\" data-widget_type=\"text-editor.default\">\n\t\t\t\t<div class=\"elementor-widget-container\">\n\t\t\t\t\t\t\t\t\t\n<div id=\"ez-toc-container\" class=\"ez-toc-v2_0_82_2 counter-hierarchy ez-toc-counter ez-toc-grey ez-toc-container-direction\">\n<div class=\"ez-toc-title-container\">\n<p class=\"ez-toc-title\" style=\"cursor:inherit\">Contenido<\/p>\n<span class=\"ez-toc-title-toggle\"><a href=\"#\" class=\"ez-toc-pull-right ez-toc-btn ez-toc-btn-xs ez-toc-btn-default ez-toc-toggle\" aria-label=\"Alternar tabla de contenidos\"><span class=\"ez-toc-js-icon-con\"><span class=\"\"><span class=\"eztoc-hide\" style=\"display:none;\">Palanca<\/span><span class=\"ez-toc-icon-toggle-span\"><svg style=\"fill: #999;color:#999\" xmlns=\"http:\/\/www.w3.org\/2000\/svg\" class=\"list-377408\" width=\"20px\" height=\"20px\" viewbox=\"0 0 24 24\" fill=\"none\"><path d=\"M6 6H4v2h2V6zm14 0H8v2h12V6zM4 11h2v2H4v-2zm16 0H8v2h12v-2zM4 16h2v2H4v-2zm16 0H8v2h12v-2z\" fill=\"currentColor\"><\/path><\/svg><svg style=\"fill: #999;color:#999\" class=\"arrow-unsorted-368013\" xmlns=\"http:\/\/www.w3.org\/2000\/svg\" width=\"10px\" height=\"10px\" viewbox=\"0 0 24 24\" version=\"1.2\" baseprofile=\"tiny\"><path d=\"M18.2 9.3l-6.2-6.3-6.2 6.3c-.2.2-.3.4-.3.7s.1.5.3.7c.2.2.4.3.7.3h11c.3 0 .5-.1.7-.3.2-.2.3-.5.3-.7s-.1-.5-.3-.7zM5.8 14.7l6.2 6.3 6.2-6.3c.2-.2.3-.5.3-.7s-.1-.5-.3-.7c-.2-.2-.4-.3-.7-.3h-11c-.3 0-.5.1-.7.3-.2.2-.3.5-.3.7s.1.5.3.7z\"\/><\/svg><\/span><\/span><\/span><\/a><\/span><\/div>\n<nav><ul class='ez-toc-list ez-toc-list-level-1' ><li class='ez-toc-page-1 ez-toc-heading-level-2'><a class=\"ez-toc-link ez-toc-heading-1\" href=\"https:\/\/mythslegendes.com\/es\/mitologia-vasca\/cuentos-vascos-8\/#Contes-basques\" >Cuentos vascos<\/a><\/li><li class='ez-toc-page-1 ez-toc-heading-level-2'><a class=\"ez-toc-link ez-toc-heading-2\" href=\"https:\/\/mythslegendes.com\/es\/mitologia-vasca\/cuentos-vascos-8\/#Basa-Jaun-et-le-ble\" >Basa Jaun y el trigo<\/a><\/li><li class='ez-toc-page-1 ez-toc-heading-level-2'><a class=\"ez-toc-link ez-toc-heading-3\" href=\"https:\/\/mythslegendes.com\/es\/mitologia-vasca\/cuentos-vascos-8\/#Les-fileuses-de-Lauzpelz\" >Los hilanderos de Lauzpelz<\/a><\/li><li class='ez-toc-page-1 ez-toc-heading-level-2'><a class=\"ez-toc-link ez-toc-heading-4\" href=\"https:\/\/mythslegendes.com\/es\/mitologia-vasca\/cuentos-vascos-8\/#Le-Basa-Jaun-et-les-fileuses\" >Basa Jaun y los hilanderos<\/a><\/li><\/ul><\/nav><\/div>\n<h2 class=\"wp-block-heading\"><span class=\"ez-toc-section\" id=\"Contes-basques\"><\/span>Cuentos vascos<span class=\"ez-toc-section-end\"><\/span><\/h2>\n<p>Aqu\u00ed hay varios cuentos. <a href=\"https:\/\/mythslegendes.com\/es\/mitologia-vasca\/\">vasco<\/a> : Basa Jaun y el trigo, Las hilanderas de Lauzpelz, Basa Jaun y las hilanderas<\/p>\n<p><img decoding=\"async\" class=\"alignnone wp-image-5284 size-full\" src=\"https:\/\/mythslegendes.com\/wp-content\/uploads\/2020\/09\/AlphaOmega-e1602613368367.png\" alt=\"Cuentos vascos\" width=\"25\" height=\"26\" title=\"\"><\/p>\n<h2><span class=\"ez-toc-section\" id=\"Basa-Jaun-et-le-ble\"><\/span>Basa Jaun y el trigo<span class=\"ez-toc-section-end\"><\/span><\/h2>\n\n<p>Un d\u00eda, en Ataun, San Martinico visit\u00f3 a Basa Jaun en su cueva. Era deliberadamente muy alto para la ocasi\u00f3n. Cuando vio all\u00ed, todos estos grandes montones de trigo, hizo una apuesta con el Basa-Jaun: ver qui\u00e9n, de un salto, atravesaba todos estos montones sin tocar ni uno solo de su grano.<\/p>\n\n<p>El Basa-Jaun lo pas\u00f3 f\u00e1cilmente; pero San Martinico cay\u00f3 justo en medio de uno de ellos, que llen\u00f3 de trigo su abarkak (tradicional zapato de pastor). Luego se despidi\u00f3 del &quot;Se\u00f1or Salvaje&quot; y camin\u00f3 hacia el valle.<\/p>\n\n<p>Pero muy r\u00e1pidamente el Basa-Jaun se dio cuenta de que San Martinico llevaba granos de trigo en sus zapatos. Arroj\u00f3 su arma arrojadiza, un hacha, en su direcci\u00f3n. Fue plantado en el tronco de un casta\u00f1o, en un lugar llamado Mekolalde en San Gregorio d&#039;Ataun, a m\u00e1s de un kil\u00f3metro de la cueva de Muskia. No pudo llegar a San Martinico, que para entonces se hab\u00eda alejado, pero \u00e9l no sab\u00eda c\u00f3mo usarlo.<\/p>\n\n<p>Desde lo m\u00e1s profundo de su cueva, el Basa-Jaun comenz\u00f3 a cantar:<br \/>\u201cSi los hombres hubieran conocido esta canci\u00f3n, se habr\u00edan beneficiado de ella;<br \/>cuando las yemas de las hojas, el ma\u00edz se siembra,<br \/>cuando cae, se siembra el trigo.<br \/>Para Saint Laurent, sembramos el nabo \u201d.<\/p>\n\n<p>Un hombre que pasaba escuch\u00f3 la canci\u00f3n. Entonces San Martinico sembr\u00f3 los granos de trigo en oto\u00f1o y as\u00ed cosech\u00f3 por primera vez este cereal cuyo cultivo luego se extendi\u00f3 por todo el mundo.<\/p>\n<hr class=\"wp-block-separator\" \/>\n<h2 class=\"wp-block-heading\"><span class=\"ez-toc-section\" id=\"Les-fileuses-de-Lauzpelz\"><\/span>Los hilanderos de Lauzpelz<span class=\"ez-toc-section-end\"><\/span><\/h2>\n\n<p>Un nutrido grupo de hilanderos se reun\u00eda todas las noches en la casa de Lauzpelz en Ataun.<br \/>Una vez, la ni\u00f1a de la casa hizo una apuesta con sus compa\u00f1eros de que ir\u00eda a buscar agua a la fuente Joxintxiota ubicada en la monta\u00f1a donde se ubica la casa Iturrioz.<\/p>\n\n<p>Tomando un recipiente, se acerc\u00f3 a la fuente mientras los otros hilanderos observaban desde el porche de Lauzpelz a la luz de la luna. De vez en cuando sus compa\u00f1eros le gritaban:<br \/>&quot; D\u00f3nde vas ? &quot;.<br \/>&quot;En tal y tal lugar&quot; respondi\u00f3, se\u00f1alando el lugar al que se dirig\u00eda.<\/p>\n\n<p>Pero a una de esas llamadas no respondi\u00f3. Sus camaradas renovaron su llamamiento, pero en vano. En el porche, los hilanderos se asustaron ante la idea de alguna desgracia que le hab\u00eda pasado a su amigo.<\/p>\n\n<p>Con eso, una r\u00e1faga de viento sopl\u00f3 en el p\u00f3rtico de Lauzpelz e insinu\u00f3 estas palabras:<br \/>&quot;Gaua Gauekontzat eta eune eunezkontzat&quot;.<br \/>&quot;La noche para Gaueko y el d\u00eda para el d\u00eda&quot;.<\/p>\n\n<p>Desde entonces no se ha sabido nada sobre la hija de Lauzpelz.<\/p>\n<hr class=\"wp-block-separator\" \/>\n<h2 class=\"wp-block-heading\"><span class=\"ez-toc-section\" id=\"Le-Basa-Jaun-et-les-fileuses\"><\/span>Basa Jaun y los hilanderos<span class=\"ez-toc-section-end\"><\/span><\/h2>\n\n<p>Las mujeres volv\u00edan a casa por la noche, despu\u00e9s de haber entrado en la casa Batix en Larrazabal.<br \/>Oyeron un irrintzi (relincho de Basa Jaun) y respondieron.<\/p>\n\n<p>Oyeron otro, un poco m\u00e1s cerca, en Larretagan, lo contestaron de la misma manera.<br \/>Pero cuando escucharon otro mucho m\u00e1s cerca, se asustaron y huyeron a una casa.<br \/>Cuando cerr\u00f3 la puerta, lo que sucedi\u00f3 al lanzar fuego golpe\u00f3 la puerta y dej\u00f3 diez huellas en los dedos.<\/p>\n\n<p>Esta casa se llama Urkiza-aurrekua.<\/p>\n\t\t\t\t\t\t\t\t<\/div>\n\t\t\t\t<\/div>\n\t\t\t\t\t<\/div>\n\t\t<\/div>\n\t\t\t\t\t<\/div>\n\t\t<\/section>\n\t\t\t\t<\/div>","protected":false},"excerpt":{"rendered":"<p>Mythologie Basque Wiki Contes basques Voici divers contes basques : Basa Jaun et le bl\u00e9, Les fileuses de Lauzpelz, Basa &hellip; <\/p>","protected":false},"author":1,"featured_media":0,"parent":1004,"menu_order":0,"comment_status":"closed","ping_status":"closed","template":"","meta":{"footnotes":""},"class_list":["post-1183","page","type-page","status-publish","hentry"],"amp_enabled":true,"_links":{"self":[{"href":"https:\/\/mythslegendes.com\/es\/wp-json\/wp\/v2\/pages\/1183","targetHints":{"allow":["GET"]}}],"collection":[{"href":"https:\/\/mythslegendes.com\/es\/wp-json\/wp\/v2\/pages"}],"about":[{"href":"https:\/\/mythslegendes.com\/es\/wp-json\/wp\/v2\/types\/page"}],"author":[{"embeddable":true,"href":"https:\/\/mythslegendes.com\/es\/wp-json\/wp\/v2\/users\/1"}],"replies":[{"embeddable":true,"href":"https:\/\/mythslegendes.com\/es\/wp-json\/wp\/v2\/comments?post=1183"}],"version-history":[{"count":1,"href":"https:\/\/mythslegendes.com\/es\/wp-json\/wp\/v2\/pages\/1183\/revisions"}],"predecessor-version":[{"id":24676,"href":"https:\/\/mythslegendes.com\/es\/wp-json\/wp\/v2\/pages\/1183\/revisions\/24676"}],"up":[{"embeddable":true,"href":"https:\/\/mythslegendes.com\/es\/wp-json\/wp\/v2\/pages\/1004"}],"wp:attachment":[{"href":"https:\/\/mythslegendes.com\/es\/wp-json\/wp\/v2\/media?parent=1183"}],"curies":[{"name":"wp","href":"https:\/\/api.w.org\/{rel}","templated":true}]}}