{"id":1189,"date":"2020-06-23T11:06:31","date_gmt":"2020-06-23T10:06:31","guid":{"rendered":"https:\/\/mythslegendes.com\/?page_id=1189"},"modified":"2022-12-03T22:07:03","modified_gmt":"2022-12-03T22:07:03","slug":"la-fille-belle-et-paresseuse","status":"publish","type":"page","link":"https:\/\/mythslegendes.com\/es\/mitologia-vasca\/la-chica-hermosa-y-perezosa\/","title":{"rendered":"La chica hermosa y perezosa"},"content":{"rendered":"<div data-elementor-type=\"wp-page\" data-elementor-id=\"1189\" class=\"elementor elementor-1189\">\n\t\t\t\t\t\t<section class=\"elementor-section elementor-top-section elementor-element elementor-element-cb7d052 elementor-section-boxed elementor-section-height-default elementor-section-height-default\" data-id=\"cb7d052\" data-element_type=\"section\" data-e-type=\"section\">\n\t\t\t\t\t\t<div class=\"elementor-container elementor-column-gap-default\">\n\t\t\t\t\t<div class=\"elementor-column elementor-col-50 elementor-top-column elementor-element elementor-element-bf62119\" data-id=\"bf62119\" data-element_type=\"column\" data-e-type=\"column\">\n\t\t\t<div class=\"elementor-widget-wrap elementor-element-populated\">\n\t\t\t\t\t\t<div class=\"elementor-element elementor-element-3aed4ad elementor-align-justify elementor-widget elementor-widget-button\" data-id=\"3aed4ad\" data-element_type=\"widget\" data-e-type=\"widget\" data-widget_type=\"button.default\">\n\t\t\t\t<div class=\"elementor-widget-container\">\n\t\t\t\t\t\t\t\t\t<div class=\"elementor-button-wrapper\">\n\t\t\t\t\t<a class=\"elementor-button elementor-button-link elementor-size-sm\" href=\"https:\/\/mythslegendes.com\/es\/mitologia-vasca\/\">\n\t\t\t\t\t\t<span class=\"elementor-button-content-wrapper\">\n\t\t\t\t\t\t\t\t\t<span class=\"elementor-button-text\">Mitolog\u00eda vasca<\/span>\n\t\t\t\t\t<\/span>\n\t\t\t\t\t<\/a>\n\t\t\t\t<\/div>\n\t\t\t\t\t\t\t\t<\/div>\n\t\t\t\t<\/div>\n\t\t\t\t\t<\/div>\n\t\t<\/div>\n\t\t\t\t<div class=\"elementor-column elementor-col-50 elementor-top-column elementor-element elementor-element-1c760ad\" data-id=\"1c760ad\" data-element_type=\"column\" data-e-type=\"column\">\n\t\t\t<div class=\"elementor-widget-wrap elementor-element-populated\">\n\t\t\t\t\t\t<div class=\"elementor-element elementor-element-4322329 elementor-align-justify elementor-widget elementor-widget-button\" data-id=\"4322329\" data-element_type=\"widget\" data-e-type=\"widget\" data-widget_type=\"button.default\">\n\t\t\t\t<div class=\"elementor-widget-container\">\n\t\t\t\t\t\t\t\t\t<div class=\"elementor-button-wrapper\">\n\t\t\t\t\t<a class=\"elementor-button elementor-button-link elementor-size-sm\" href=\"https:\/\/fr.wikipedia.org\/wiki\/Mythologie_basque\" target=\"_blank\" rel=\"noopener\">\n\t\t\t\t\t\t<span class=\"elementor-button-content-wrapper\">\n\t\t\t\t\t\t\t\t\t<span class=\"elementor-button-text\">Wiki<\/span>\n\t\t\t\t\t<\/span>\n\t\t\t\t\t<\/a>\n\t\t\t\t<\/div>\n\t\t\t\t\t\t\t\t<\/div>\n\t\t\t\t<\/div>\n\t\t\t\t\t<\/div>\n\t\t<\/div>\n\t\t\t\t\t<\/div>\n\t\t<\/section>\n\t\t\t\t<section class=\"elementor-section elementor-top-section elementor-element elementor-element-3f8a656a elementor-section-boxed elementor-section-height-default elementor-section-height-default\" data-id=\"3f8a656a\" data-element_type=\"section\" data-e-type=\"section\">\n\t\t\t\t\t\t<div class=\"elementor-container elementor-column-gap-default\">\n\t\t\t\t\t<div class=\"elementor-column elementor-col-100 elementor-top-column elementor-element elementor-element-1e4b75a\" data-id=\"1e4b75a\" data-element_type=\"column\" data-e-type=\"column\">\n\t\t\t<div class=\"elementor-widget-wrap elementor-element-populated\">\n\t\t\t\t\t\t<div class=\"elementor-element elementor-element-6b8e595c elementor-widget elementor-widget-text-editor\" data-id=\"6b8e595c\" data-element_type=\"widget\" data-e-type=\"widget\" data-widget_type=\"text-editor.default\">\n\t\t\t\t<div class=\"elementor-widget-container\">\n\t\t\t\t\t\t\t\t\t<p><\/p>\n<p>Hab\u00eda una vez una madre que ten\u00eda una hermosa hija. La madre todav\u00eda estaba trabajando mucho, pero la hija no quer\u00eda hacer nada. La golpe\u00f3 tan fuerte que se iba a sentar en una piedra plana a llorar. Un d\u00eda pasaba el joven caballero del castillo. Le pregunt\u00f3 a ella;<br \/>&quot;\u00bfQu\u00e9 hace que una chica tan hermosa llore as\u00ed?&quot;<\/p>\n<p><img decoding=\"async\" class=\"alignnone wp-image-5284 size-full\" src=\"https:\/\/mythslegendes.com\/wp-content\/uploads\/2020\/09\/AlphaOmega-e1602613368367.png\" alt=\"La chica hermosa y perezosa\" width=\"25\" height=\"26\" title=\"\"><\/p>\n<div id=\"ez-toc-container\" class=\"ez-toc-v2_0_83 counter-hierarchy ez-toc-counter ez-toc-grey ez-toc-container-direction\">\n<div class=\"ez-toc-title-container\">\n<p class=\"ez-toc-title\" style=\"cursor:inherit\">Contenido<\/p>\n<span class=\"ez-toc-title-toggle\"><a href=\"#\" class=\"ez-toc-pull-right ez-toc-btn ez-toc-btn-xs ez-toc-btn-default ez-toc-toggle\" aria-label=\"Alternar tabla de contenidos\"><span class=\"ez-toc-js-icon-con\"><span class=\"\"><span class=\"eztoc-hide\" style=\"display:none;\">Palanca<\/span><span class=\"ez-toc-icon-toggle-span\"><svg style=\"fill: #999;color:#999\" xmlns=\"http:\/\/www.w3.org\/2000\/svg\" class=\"list-377408\" width=\"20px\" height=\"20px\" viewbox=\"0 0 24 24\" fill=\"none\"><path d=\"M6 6H4v2h2V6zm14 0H8v2h12V6zM4 11h2v2H4v-2zm16 0H8v2h12v-2zM4 16h2v2H4v-2zm16 0H8v2h12v-2z\" fill=\"currentColor\"><\/path><\/svg><svg style=\"fill: #999;color:#999\" class=\"arrow-unsorted-368013\" xmlns=\"http:\/\/www.w3.org\/2000\/svg\" width=\"10px\" height=\"10px\" viewbox=\"0 0 24 24\" version=\"1.2\" baseprofile=\"tiny\"><path d=\"M18.2 9.3l-6.2-6.3-6.2 6.3c-.2.2-.3.4-.3.7s.1.5.3.7c.2.2.4.3.7.3h11c.3 0 .5-.1.7-.3.2-.2.3-.5.3-.7s-.1-.5-.3-.7zM5.8 14.7l6.2 6.3 6.2-6.3c.2-.2.3-.5.3-.7s-.1-.5-.3-.7c-.2-.2-.4-.3-.7-.3h-11c-.3 0-.5.1-.7.3-.2.2-.3.5-.3.7s.1.5.3.7z\"\/><\/svg><\/span><\/span><\/span><\/a><\/span><\/div>\n<nav><ul class='ez-toc-list ez-toc-list-level-1' ><li class='ez-toc-page-1 ez-toc-heading-level-2'><a class=\"ez-toc-link ez-toc-heading-1\" href=\"https:\/\/mythslegendes.com\/es\/mitologia-vasca\/la-chica-hermosa-y-perezosa\/#La-fille-belle-et-paresseuse\" >La chica hermosa y perezosa<\/a><\/li><\/ul><\/nav><\/div>\n<h2><span class=\"ez-toc-section\" id=\"La-fille-belle-et-paresseuse\"><\/span>La chica hermosa y perezosa<span class=\"ez-toc-section-end\"><\/span><\/h2>\n<p><\/p>\n<p><\/p>\n<p>La mujer respondi\u00f3:<br \/>\u201cElla es demasiado hermosa para trabajar. \u00bb<\/p>\n<p><\/p>\n<p><\/p>\n<p>El joven caballero le pregunt\u00f3 si sab\u00eda coser.<\/p>\n<p><\/p>\n<p><\/p>\n<p>Ella respondi\u00f3: \u201cS\u00ed, si quisiera podr\u00eda hacer siete camisas en un d\u00eda. \u00bb<\/p>\n<p><\/p>\n<p><\/p>\n<p>El joven caballero estaba muy enamorado de la hermosa muchacha. Fue a su casa y trajo un trozo de lona y le dijo:<br \/>\u201cAqu\u00ed hay suficiente para hacer siete camisas y si las terminas antes de esa fecha nos casaremos juntos\u201d.<\/p>\n<p><\/p>\n<p><\/p>\n<p>Se qued\u00f3 pensativa sin hacer nada, con l\u00e1grimas en los ojos.<br \/>Entonces se le acerc\u00f3 una anciana, era una bruja y le dijo:<br \/>&quot;\u00bfQu\u00e9 tienes para estar tan triste?&quot; \u00bb<\/p>\n<p><\/p>\n<p><\/p>\n<p>Ella respondi\u00f3: \u201cTal se\u00f1or me trajo siete camisas para coser, pero no s\u00e9 c\u00f3mo hacerlas. Me quedo aqu\u00ed, pensando. \u00bb<\/p>\n<p><\/p>\n<p><\/p>\n<p>La anciana le dijo:<br \/>\u201c\u00bfSabes coser?<br \/>-S\u00e9 enhebrar el hilo en la aguja, (eso es todo). \u00bb<\/p>\n<p><\/p>\n<p><\/p>\n<p>La mujer le dijo:<br \/>\u201cHar\u00e9 tus camisas para dicha fecha, si recuerdas mi nombre dentro de un a\u00f1o y un d\u00eda. Y agreg\u00f3: &quot;Si no te acuerdas, har\u00e9 contigo lo que yo quiera&quot;. Maria Kirikitoun, nadie recordar\u00e1 mi nombre. \u00bb<\/p>\n<p><\/p>\n<p><\/p>\n<p>Y ella acept\u00f3. Ella le hizo las siete camisas en el tiempo asignado. Cuando lleg\u00f3 el joven, las camisas estaban listas; fue con alegr\u00eda que tom\u00f3 a la joven y se casaron.<\/p>\n<p><\/p>\n<p><\/p>\n<p>Pero la hermosa joven se puso m\u00e1s y m\u00e1s triste; aunque su marido organizaba grandes fiestas para ella, nunca se re\u00eda. Un d\u00eda tuvieron grandes fiestas. En ese momento lleg\u00f3 a la puerta una anciana y le pregunt\u00f3 al sirviente:<br \/>\u201c\u00bfPor qu\u00e9 das fiestas tan grandes? \u00bb<\/p>\n<p><\/p>\n<p><\/p>\n<p>Ella respondi\u00f3: \u201cNuestra se\u00f1ora nunca se r\u00ede y el se\u00f1or da estas grandes fiestas para animarla. \u00bb<\/p>\n<p><\/p>\n<p><\/p>\n<p>La anciana respondi\u00f3:<br \/>\u201cSi hubiera visto lo que escuch\u00e9 hoy, seguramente se estar\u00eda riendo. \u00bb<br \/>La criada le dijo: &quot;Qu\u00e9date ah\u00ed, se lo dir\u00e9 enseguida&quot;. \u00bb<\/p>\n<p><\/p>\n<p><\/p>\n<p>La anciana fue tra\u00edda y ella les dijo que hab\u00eda visto a una anciana saltar de un lado a otro de una zanja, diciendo sin cesar:<br \/>\u201c\u00a1Hupa! \u00a1alarido! Maria Kirikitoun, nadie recordar\u00e1 mi nombre. \u00bb<\/p>\n<p><\/p>\n<p><\/p>\n<p>Cuando la joven escuch\u00f3 esto, inmediatamente se regocij\u00f3 y escribi\u00f3 este nombre inmediatamente. Recompens\u00f3 bien a la anciana y se puso muy contenta y cuando lleg\u00f3 la otra anciana sab\u00eda su nombre.<\/p>\n<p><\/p>\t\t\t\t\t\t\t\t<\/div>\n\t\t\t\t<\/div>\n\t\t\t\t\t<\/div>\n\t\t<\/div>\n\t\t\t\t\t<\/div>\n\t\t<\/section>\n\t\t\t\t<\/div>","protected":false},"excerpt":{"rendered":"<p>Mythologie Basque Wiki Il y avait une fois une m\u00e8re qui avait une fille belle. La m\u00e8re faisait toujours beaucoup &hellip; <\/p>","protected":false},"author":1,"featured_media":0,"parent":1004,"menu_order":0,"comment_status":"closed","ping_status":"closed","template":"","meta":{"footnotes":""},"class_list":["post-1189","page","type-page","status-publish","hentry"],"amp_enabled":true,"_links":{"self":[{"href":"https:\/\/mythslegendes.com\/es\/wp-json\/wp\/v2\/pages\/1189","targetHints":{"allow":["GET"]}}],"collection":[{"href":"https:\/\/mythslegendes.com\/es\/wp-json\/wp\/v2\/pages"}],"about":[{"href":"https:\/\/mythslegendes.com\/es\/wp-json\/wp\/v2\/types\/page"}],"author":[{"embeddable":true,"href":"https:\/\/mythslegendes.com\/es\/wp-json\/wp\/v2\/users\/1"}],"replies":[{"embeddable":true,"href":"https:\/\/mythslegendes.com\/es\/wp-json\/wp\/v2\/comments?post=1189"}],"version-history":[{"count":1,"href":"https:\/\/mythslegendes.com\/es\/wp-json\/wp\/v2\/pages\/1189\/revisions"}],"predecessor-version":[{"id":24678,"href":"https:\/\/mythslegendes.com\/es\/wp-json\/wp\/v2\/pages\/1189\/revisions\/24678"}],"up":[{"embeddable":true,"href":"https:\/\/mythslegendes.com\/es\/wp-json\/wp\/v2\/pages\/1004"}],"wp:attachment":[{"href":"https:\/\/mythslegendes.com\/es\/wp-json\/wp\/v2\/media?parent=1189"}],"curies":[{"name":"wp","href":"https:\/\/api.w.org\/{rel}","templated":true}]}}