{"id":1198,"date":"2020-06-23T11:12:44","date_gmt":"2020-06-23T10:12:44","guid":{"rendered":"https:\/\/mythslegendes.com\/?page_id=1198"},"modified":"2022-12-03T22:07:03","modified_gmt":"2022-12-03T22:07:03","slug":"contes-basques-10","status":"publish","type":"page","link":"https:\/\/mythslegendes.com\/es\/mitologia-vasca\/cuentos-vascos-10\/","title":{"rendered":"Cuentos vascos 10"},"content":{"rendered":"<div data-elementor-type=\"wp-page\" data-elementor-id=\"1198\" class=\"elementor elementor-1198\">\n\t\t\t\t\t\t<section class=\"elementor-section elementor-top-section elementor-element elementor-element-af80cae elementor-section-boxed elementor-section-height-default elementor-section-height-default\" data-id=\"af80cae\" data-element_type=\"section\" data-e-type=\"section\">\n\t\t\t\t\t\t<div class=\"elementor-container elementor-column-gap-default\">\n\t\t\t\t\t<div class=\"elementor-column elementor-col-50 elementor-top-column elementor-element elementor-element-60e4102\" data-id=\"60e4102\" data-element_type=\"column\" data-e-type=\"column\">\n\t\t\t<div class=\"elementor-widget-wrap elementor-element-populated\">\n\t\t\t\t\t\t<div class=\"elementor-element elementor-element-afdeb43 elementor-align-justify elementor-widget elementor-widget-button\" data-id=\"afdeb43\" data-element_type=\"widget\" data-e-type=\"widget\" data-widget_type=\"button.default\">\n\t\t\t\t<div class=\"elementor-widget-container\">\n\t\t\t\t\t\t\t\t\t<div class=\"elementor-button-wrapper\">\n\t\t\t\t\t<a class=\"elementor-button elementor-button-link elementor-size-sm\" href=\"https:\/\/mythslegendes.com\/es\/mitologia-vasca\/\">\n\t\t\t\t\t\t<span class=\"elementor-button-content-wrapper\">\n\t\t\t\t\t\t\t\t\t<span class=\"elementor-button-text\">Mitolog\u00eda vasca<\/span>\n\t\t\t\t\t<\/span>\n\t\t\t\t\t<\/a>\n\t\t\t\t<\/div>\n\t\t\t\t\t\t\t\t<\/div>\n\t\t\t\t<\/div>\n\t\t\t\t\t<\/div>\n\t\t<\/div>\n\t\t\t\t<div class=\"elementor-column elementor-col-50 elementor-top-column elementor-element elementor-element-7ea17de\" data-id=\"7ea17de\" data-element_type=\"column\" data-e-type=\"column\">\n\t\t\t<div class=\"elementor-widget-wrap elementor-element-populated\">\n\t\t\t\t\t\t<div class=\"elementor-element elementor-element-b97c4ec elementor-align-justify elementor-widget elementor-widget-button\" data-id=\"b97c4ec\" data-element_type=\"widget\" data-e-type=\"widget\" data-widget_type=\"button.default\">\n\t\t\t\t<div class=\"elementor-widget-container\">\n\t\t\t\t\t\t\t\t\t<div class=\"elementor-button-wrapper\">\n\t\t\t\t\t<a class=\"elementor-button elementor-button-link elementor-size-sm\" href=\"https:\/\/fr.wikipedia.org\/wiki\/Mythologie_basque\" target=\"_blank\" rel=\"noopener\">\n\t\t\t\t\t\t<span class=\"elementor-button-content-wrapper\">\n\t\t\t\t\t\t\t\t\t<span class=\"elementor-button-text\">Wiki<\/span>\n\t\t\t\t\t<\/span>\n\t\t\t\t\t<\/a>\n\t\t\t\t<\/div>\n\t\t\t\t\t\t\t\t<\/div>\n\t\t\t\t<\/div>\n\t\t\t\t\t<\/div>\n\t\t<\/div>\n\t\t\t\t\t<\/div>\n\t\t<\/section>\n\t\t\t\t<section class=\"elementor-section elementor-top-section elementor-element elementor-element-6afd99e8 elementor-section-boxed elementor-section-height-default elementor-section-height-default\" data-id=\"6afd99e8\" data-element_type=\"section\" data-e-type=\"section\">\n\t\t\t\t\t\t<div class=\"elementor-container elementor-column-gap-default\">\n\t\t\t\t\t<div class=\"elementor-column elementor-col-100 elementor-top-column elementor-element elementor-element-518b5da4\" data-id=\"518b5da4\" data-element_type=\"column\" data-e-type=\"column\">\n\t\t\t<div class=\"elementor-widget-wrap elementor-element-populated\">\n\t\t\t\t\t\t<div class=\"elementor-element elementor-element-4b1827e7 elementor-widget elementor-widget-text-editor\" data-id=\"4b1827e7\" data-element_type=\"widget\" data-e-type=\"widget\" data-widget_type=\"text-editor.default\">\n\t\t\t\t<div class=\"elementor-widget-container\">\n\t\t\t\t\t\t\t\t\t<p><\/p>\n<div id=\"ez-toc-container\" class=\"ez-toc-v2_0_82_2 counter-hierarchy ez-toc-counter ez-toc-grey ez-toc-container-direction\">\n<div class=\"ez-toc-title-container\">\n<p class=\"ez-toc-title\" style=\"cursor:inherit\">Contenido<\/p>\n<span class=\"ez-toc-title-toggle\"><a href=\"#\" class=\"ez-toc-pull-right ez-toc-btn ez-toc-btn-xs ez-toc-btn-default ez-toc-toggle\" aria-label=\"Alternar tabla de contenidos\"><span class=\"ez-toc-js-icon-con\"><span class=\"\"><span class=\"eztoc-hide\" style=\"display:none;\">Palanca<\/span><span class=\"ez-toc-icon-toggle-span\"><svg style=\"fill: #999;color:#999\" xmlns=\"http:\/\/www.w3.org\/2000\/svg\" class=\"list-377408\" width=\"20px\" height=\"20px\" viewbox=\"0 0 24 24\" fill=\"none\"><path d=\"M6 6H4v2h2V6zm14 0H8v2h12V6zM4 11h2v2H4v-2zm16 0H8v2h12v-2zM4 16h2v2H4v-2zm16 0H8v2h12v-2z\" fill=\"currentColor\"><\/path><\/svg><svg style=\"fill: #999;color:#999\" class=\"arrow-unsorted-368013\" xmlns=\"http:\/\/www.w3.org\/2000\/svg\" width=\"10px\" height=\"10px\" viewbox=\"0 0 24 24\" version=\"1.2\" baseprofile=\"tiny\"><path d=\"M18.2 9.3l-6.2-6.3-6.2 6.3c-.2.2-.3.4-.3.7s.1.5.3.7c.2.2.4.3.7.3h11c.3 0 .5-.1.7-.3.2-.2.3-.5.3-.7s-.1-.5-.3-.7zM5.8 14.7l6.2 6.3 6.2-6.3c.2-.2.3-.5.3-.7s-.1-.5-.3-.7c-.2-.2-.4-.3-.7-.3h-11c-.3 0-.5.1-.7.3-.2.2-.3.5-.3.7s.1.5.3.7z\"\/><\/svg><\/span><\/span><\/span><\/a><\/span><\/div>\n<nav><ul class='ez-toc-list ez-toc-list-level-1' ><li class='ez-toc-page-1 ez-toc-heading-level-2'><a class=\"ez-toc-link ez-toc-heading-1\" href=\"https:\/\/mythslegendes.com\/es\/mitologia-vasca\/cuentos-vascos-10\/#Contes-basques\" >Cuentos vascos<\/a><\/li><li class='ez-toc-page-1 ez-toc-heading-level-2'><a class=\"ez-toc-link ez-toc-heading-2\" href=\"https:\/\/mythslegendes.com\/es\/mitologia-vasca\/cuentos-vascos-10\/#Le-Basa-Jaun-et-le-Salve-Regina\" >El Basa Jaun y el Salve Regina<\/a><\/li><li class='ez-toc-page-1 ez-toc-heading-level-2'><a class=\"ez-toc-link ez-toc-heading-3\" href=\"https:\/\/mythslegendes.com\/es\/mitologia-vasca\/cuentos-vascos-10\/#Le-pauvre-soldat-et-lhomme-riche\" >El pobre soldado y el rico<\/a><\/li><li class='ez-toc-page-1 ez-toc-heading-level-2'><a class=\"ez-toc-link ez-toc-heading-4\" href=\"https:\/\/mythslegendes.com\/es\/mitologia-vasca\/cuentos-vascos-10\/#Basa-Jaun-et-laxe-du-moulin\" >Basa Jaun y el eje del molino<\/a><\/li><\/ul><\/nav><\/div>\n<h2 class=\"wp-block-heading\"><span class=\"ez-toc-section\" id=\"Contes-basques\"><\/span>Cuentos vascos<span class=\"ez-toc-section-end\"><\/span><\/h2>\n<p>Aqu\u00ed hay varios cuentos. <a href=\"https:\/\/mythslegendes.com\/es\/mitologia-vasca\/\">vasco<\/a> : La Basa Jaun y la Salve Regina, El soldado pobre y el rico, Basa Jaun y el eje del molino<\/p>\n<p><img decoding=\"async\" class=\"alignnone wp-image-5284 size-full\" src=\"https:\/\/mythslegendes.com\/wp-content\/uploads\/2020\/09\/AlphaOmega-e1602613368367.png\" alt=\"Cuentos vascos\" width=\"25\" height=\"26\" title=\"\"><\/p>\n<h2><span class=\"ez-toc-section\" id=\"Le-Basa-Jaun-et-le-Salve-Regina\"><\/span>El Basa Jaun y el Salve Regina<span class=\"ez-toc-section-end\"><\/span><\/h2>\n<p><\/p>\n<p>Cuando se fund\u00f3 el pueblo de Larrau (Soule), el pa\u00eds estaba cubierto de bosques v\u00edrgenes, y el se\u00f1or salvaje lleg\u00f3 a preocupar a los habitantes, caus\u00e1ndoles muchos da\u00f1os a sus propiedades. Entonces el p\u00e1rroco de Larrau estableci\u00f3 la costumbre de decir un Salve Regina todos los s\u00e1bados al comienzo de la noche, y as\u00ed logramos mantener alejado al se\u00f1or salvaje.<\/p>\n<p><\/p>\n<hr class=\"wp-block-separator\" \/>\n<p><\/p>\n<h2 class=\"wp-block-heading\"><span class=\"ez-toc-section\" id=\"Le-pauvre-soldat-et-lhomme-riche\"><\/span>El pobre soldado y el rico<span class=\"ez-toc-section-end\"><\/span><\/h2>\n<p><\/p>\n<p>Como muchos en el mundo, hab\u00eda un esposo y una esposa. Tuvieron un hijo \u00fanico. Lleg\u00f3 el momento de la conscripci\u00f3n. Se fue con gran dolor. Al final de los siete a\u00f1os regres\u00f3 a casa con cinco sueldos en el bolsillo. Mientras caminaba, un pobre se le present\u00f3 y le pidi\u00f3 caridad en el nombre de Dios. Le dio un centavo, dici\u00e9ndole que solo ten\u00eda cinco centavos, pero en el nombre de Dios no pod\u00eda negarse.<\/p>\n<p><\/p>\n<p>Un momento despu\u00e9s, otro pobre se acerc\u00f3 y pidi\u00f3 caridad en el nombre de Dios. Se lo dio, dici\u00e9ndole igualmente:<br \/>\u201cYo, que solo ten\u00eda cinco centavos para regresar a casa despu\u00e9s de siete a\u00f1os de servicio, ya he dado uno, pero no puedo negarme. Siempre tendr\u00e9 suficiente para pagar el desayuno &quot;.<\/p>\n<p><\/p>\n<p>Y sigui\u00f3 su camino, pero despu\u00e9s de un rato vino otro pobre y volvi\u00f3 a dar.<\/p>\n<p>Este pobre le dijo:<br \/>\u201cIr\u00e1s a tal o cual casa y le pedir\u00e1s al se\u00f1or Tahentozen que cante en el nombre de Dios. No da caridad a nadie, pero te recibir\u00e1 por curiosidad, para conocer la noticia. Cuando le hayas contado todo lo que has visto, te preguntar\u00e1 de d\u00f3nde eres. Tendr\u00e1s que decir que vienes del cielo, pero que no viste nada m\u00e1s que los pobres y los lisiados y que solo hab\u00eda ricos en el infierno.<\/p>\n<p>Tambi\u00e9n dir\u00e1s:<br \/>-En la puerta del infierno hay dos demonios sentados en sillones, y vi un sill\u00f3n vac\u00edo y les pregunt\u00e9 qui\u00e9n era y vinieron dos demonios que estaban parados junto a la puerta, cojeando como si fueran cojos y me dijeron : es para el Sr. Tahentozen. Nunca hace caridad, y si no cambia, su lugar est\u00e1 ah\u00ed. &quot;<\/p>\n<p><\/p>\n<p>Nuestro soldado fue adonde le dijeron que fuera y pidi\u00f3 caridad en el nombre de Dios. Pero la criada, como de costumbre, lo despidi\u00f3. El maestro, habiendo escuchado a alguien, pregunta a la criada qui\u00e9n estaba all\u00ed. La criada respondi\u00f3 que era un soldado pidiendo caridad. Le dijo que lo dejara entrar para conocer la noticia. Nuestro soldado le cont\u00f3 todo lo que le hab\u00eda dicho el pobre. Y en qu\u00e9 empez\u00f3 a pensar el rico; mantuvo al soldado en casa y lo hizo rico y dividi\u00f3 el resto (de su dinero) entre los pobres.<\/p>\n<p><\/p>\n<hr class=\"wp-block-separator\" \/>\n<p><\/p>\n<h2 class=\"wp-block-heading\"><span class=\"ez-toc-section\" id=\"Basa-Jaun-et-laxe-du-moulin\"><\/span>Basa Jaun y el eje del molino<span class=\"ez-toc-section-end\"><\/span><\/h2>\n<p><\/p>\n<p>El molino de San Martinico estaba hecho de roble. Cuando fue operado se quem\u00f3, lo que lo dej\u00f3 inutilizable.<br \/>Por otro lado, el eje del molino de Basa Jaun dur\u00f3 mucho m\u00e1s. San Martinico se encarg\u00f3 de anunciar por todas partes, sin m\u00e1s comentarios, que su propio molino estaba en funcionamiento.<\/p>\n<p><\/p>\n<p>\u201cEsto significa que puso un eje de aliso\u201d, coment\u00f3 el Basa Jaun.<\/p>\n<p><\/p>\n<p>&quot;Pondr\u00e1 uno&quot;, respondi\u00f3 el pregonero.<\/p>\n<p><\/p>\n<p>As\u00ed, gracias al truco de San Martinico, los hombres pudieron empezar a beneficiarse de las ventajas de los molinos en todo el mundo.<\/p>\n<p><\/p>\t\t\t\t\t\t\t\t<\/div>\n\t\t\t\t<\/div>\n\t\t\t\t\t<\/div>\n\t\t<\/div>\n\t\t\t\t\t<\/div>\n\t\t<\/section>\n\t\t\t\t<\/div>","protected":false},"excerpt":{"rendered":"<p>Mythologie Basque Wiki Contes basques Voici divers contes basques : Le Basa Jaun et le Salve Regina, Le pauvre soldat &hellip; <\/p>","protected":false},"author":1,"featured_media":0,"parent":1004,"menu_order":0,"comment_status":"closed","ping_status":"closed","template":"","meta":{"footnotes":""},"class_list":["post-1198","page","type-page","status-publish","hentry"],"amp_enabled":true,"_links":{"self":[{"href":"https:\/\/mythslegendes.com\/es\/wp-json\/wp\/v2\/pages\/1198","targetHints":{"allow":["GET"]}}],"collection":[{"href":"https:\/\/mythslegendes.com\/es\/wp-json\/wp\/v2\/pages"}],"about":[{"href":"https:\/\/mythslegendes.com\/es\/wp-json\/wp\/v2\/types\/page"}],"author":[{"embeddable":true,"href":"https:\/\/mythslegendes.com\/es\/wp-json\/wp\/v2\/users\/1"}],"replies":[{"embeddable":true,"href":"https:\/\/mythslegendes.com\/es\/wp-json\/wp\/v2\/comments?post=1198"}],"version-history":[{"count":1,"href":"https:\/\/mythslegendes.com\/es\/wp-json\/wp\/v2\/pages\/1198\/revisions"}],"predecessor-version":[{"id":24680,"href":"https:\/\/mythslegendes.com\/es\/wp-json\/wp\/v2\/pages\/1198\/revisions\/24680"}],"up":[{"embeddable":true,"href":"https:\/\/mythslegendes.com\/es\/wp-json\/wp\/v2\/pages\/1004"}],"wp:attachment":[{"href":"https:\/\/mythslegendes.com\/es\/wp-json\/wp\/v2\/media?parent=1198"}],"curies":[{"name":"wp","href":"https:\/\/api.w.org\/{rel}","templated":true}]}}