{"id":1200,"date":"2020-06-23T11:11:31","date_gmt":"2020-06-23T10:11:31","guid":{"rendered":"https:\/\/mythslegendes.com\/?page_id=1200"},"modified":"2022-12-03T22:07:03","modified_gmt":"2022-12-03T22:07:03","slug":"le-fils-de-lours","status":"publish","type":"page","link":"https:\/\/mythslegendes.com\/es\/mitologia-vasca\/el-hijo-de-oso\/","title":{"rendered":"el hijo del oso"},"content":{"rendered":"<div data-elementor-type=\"wp-page\" data-elementor-id=\"1200\" class=\"elementor elementor-1200\">\n\t\t\t\t\t\t<section class=\"elementor-section elementor-top-section elementor-element elementor-element-1d18531 elementor-section-boxed elementor-section-height-default elementor-section-height-default\" data-id=\"1d18531\" data-element_type=\"section\" data-e-type=\"section\">\n\t\t\t\t\t\t<div class=\"elementor-container elementor-column-gap-default\">\n\t\t\t\t\t<div class=\"elementor-column elementor-col-50 elementor-top-column elementor-element elementor-element-bbfe175\" data-id=\"bbfe175\" data-element_type=\"column\" data-e-type=\"column\">\n\t\t\t<div class=\"elementor-widget-wrap elementor-element-populated\">\n\t\t\t\t\t\t<div class=\"elementor-element elementor-element-145e50a elementor-align-justify elementor-widget elementor-widget-button\" data-id=\"145e50a\" data-element_type=\"widget\" data-e-type=\"widget\" data-widget_type=\"button.default\">\n\t\t\t\t<div class=\"elementor-widget-container\">\n\t\t\t\t\t\t\t\t\t<div class=\"elementor-button-wrapper\">\n\t\t\t\t\t<a class=\"elementor-button elementor-button-link elementor-size-sm\" href=\"https:\/\/mythslegendes.com\/es\/mitologia-vasca\/\">\n\t\t\t\t\t\t<span class=\"elementor-button-content-wrapper\">\n\t\t\t\t\t\t\t\t\t<span class=\"elementor-button-text\">Mitolog\u00eda vasca<\/span>\n\t\t\t\t\t<\/span>\n\t\t\t\t\t<\/a>\n\t\t\t\t<\/div>\n\t\t\t\t\t\t\t\t<\/div>\n\t\t\t\t<\/div>\n\t\t\t\t\t<\/div>\n\t\t<\/div>\n\t\t\t\t<div class=\"elementor-column elementor-col-50 elementor-top-column elementor-element elementor-element-8959aa2\" data-id=\"8959aa2\" data-element_type=\"column\" data-e-type=\"column\">\n\t\t\t<div class=\"elementor-widget-wrap elementor-element-populated\">\n\t\t\t\t\t\t<div class=\"elementor-element elementor-element-07dba33 elementor-align-justify elementor-widget elementor-widget-button\" data-id=\"07dba33\" data-element_type=\"widget\" data-e-type=\"widget\" data-widget_type=\"button.default\">\n\t\t\t\t<div class=\"elementor-widget-container\">\n\t\t\t\t\t\t\t\t\t<div class=\"elementor-button-wrapper\">\n\t\t\t\t\t<a class=\"elementor-button elementor-button-link elementor-size-sm\" href=\"https:\/\/fr.wikipedia.org\/wiki\/Mythologie_basque\" target=\"_blank\" rel=\"noopener\">\n\t\t\t\t\t\t<span class=\"elementor-button-content-wrapper\">\n\t\t\t\t\t\t\t\t\t<span class=\"elementor-button-text\">Wiki<\/span>\n\t\t\t\t\t<\/span>\n\t\t\t\t\t<\/a>\n\t\t\t\t<\/div>\n\t\t\t\t\t\t\t\t<\/div>\n\t\t\t\t<\/div>\n\t\t\t\t\t<\/div>\n\t\t<\/div>\n\t\t\t\t\t<\/div>\n\t\t<\/section>\n\t\t\t\t<section class=\"elementor-section elementor-top-section elementor-element elementor-element-75cbc5c9 elementor-section-boxed elementor-section-height-default elementor-section-height-default\" data-id=\"75cbc5c9\" data-element_type=\"section\" data-e-type=\"section\">\n\t\t\t\t\t\t<div class=\"elementor-container elementor-column-gap-default\">\n\t\t\t\t\t<div class=\"elementor-column elementor-col-100 elementor-top-column elementor-element elementor-element-4660bc36\" data-id=\"4660bc36\" data-element_type=\"column\" data-e-type=\"column\">\n\t\t\t<div class=\"elementor-widget-wrap elementor-element-populated\">\n\t\t\t\t\t\t<div class=\"elementor-element elementor-element-7a8efc51 elementor-widget elementor-widget-text-editor\" data-id=\"7a8efc51\" data-element_type=\"widget\" data-e-type=\"widget\" data-widget_type=\"text-editor.default\">\n\t\t\t\t<div class=\"elementor-widget-container\">\n\t\t\t\t\t\t\t\t\t<p><\/p>\n<p>Una joven iba de Mendive a Otchagavia en Espa\u00f1a. Mientras cruzaba la selva de Irati, se encontr\u00f3 con un oso. Ella se asust\u00f3 y cerr\u00f3 los ojos. As\u00ed que el oso la tir\u00f3 sobre su espalda y la llev\u00f3 a su cueva.<\/p>\n<p><img decoding=\"async\" class=\"alignnone wp-image-5284 size-full\" src=\"https:\/\/mythslegendes.com\/wp-content\/uploads\/2020\/09\/AlphaOmega-e1602613368367.png\" alt=\"hijo de oso\" width=\"25\" height=\"26\" title=\"\"><\/p>\n<div id=\"ez-toc-container\" class=\"ez-toc-v2_0_82_2 counter-hierarchy ez-toc-counter ez-toc-grey ez-toc-container-direction\">\n<div class=\"ez-toc-title-container\">\n<p class=\"ez-toc-title\" style=\"cursor:inherit\">Contenido<\/p>\n<span class=\"ez-toc-title-toggle\"><a href=\"#\" class=\"ez-toc-pull-right ez-toc-btn ez-toc-btn-xs ez-toc-btn-default ez-toc-toggle\" aria-label=\"Alternar tabla de contenidos\"><span class=\"ez-toc-js-icon-con\"><span class=\"\"><span class=\"eztoc-hide\" style=\"display:none;\">Palanca<\/span><span class=\"ez-toc-icon-toggle-span\"><svg style=\"fill: #999;color:#999\" xmlns=\"http:\/\/www.w3.org\/2000\/svg\" class=\"list-377408\" width=\"20px\" height=\"20px\" viewbox=\"0 0 24 24\" fill=\"none\"><path d=\"M6 6H4v2h2V6zm14 0H8v2h12V6zM4 11h2v2H4v-2zm16 0H8v2h12v-2zM4 16h2v2H4v-2zm16 0H8v2h12v-2z\" fill=\"currentColor\"><\/path><\/svg><svg style=\"fill: #999;color:#999\" class=\"arrow-unsorted-368013\" xmlns=\"http:\/\/www.w3.org\/2000\/svg\" width=\"10px\" height=\"10px\" viewbox=\"0 0 24 24\" version=\"1.2\" baseprofile=\"tiny\"><path d=\"M18.2 9.3l-6.2-6.3-6.2 6.3c-.2.2-.3.4-.3.7s.1.5.3.7c.2.2.4.3.7.3h11c.3 0 .5-.1.7-.3.2-.2.3-.5.3-.7s-.1-.5-.3-.7zM5.8 14.7l6.2 6.3 6.2-6.3c.2-.2.3-.5.3-.7s-.1-.5-.3-.7c-.2-.2-.4-.3-.7-.3h-11c-.3 0-.5.1-.7.3-.2.2-.3.5-.3.7s.1.5.3.7z\"\/><\/svg><\/span><\/span><\/span><\/a><\/span><\/div>\n<nav><ul class='ez-toc-list ez-toc-list-level-1' ><li class='ez-toc-page-1 ez-toc-heading-level-2'><a class=\"ez-toc-link ez-toc-heading-1\" href=\"https:\/\/mythslegendes.com\/es\/mitologia-vasca\/el-hijo-de-oso\/#Le-fils-de-lours\" >el hijo del oso<\/a><\/li><\/ul><\/nav><\/div>\n<h2><span class=\"ez-toc-section\" id=\"Le-fils-de-lours\"><\/span>el hijo del oso<span class=\"ez-toc-section-end\"><\/span><\/h2>\n<p>Un a\u00f1o despu\u00e9s la joven tuvo un hijo; luego permaneci\u00f3 ocho a\u00f1os sin salir de la cueva. Todas las ma\u00f1anas sal\u00eda el oso y cerraba la entrada con un trozo de roca. Y despu\u00e9s de que se fue, el peque\u00f1o prob\u00f3 su fuerza en la roca y trat\u00f3 de derribarla. Le dijo a su madre:<br \/>&quot;Poco a poco, subir\u00e9 esto&quot;<\/p>\n<p><\/p>\n<p><\/p>\n<p>Un buen d\u00eda lo super\u00f3 y escap\u00f3 con su madre.<br \/>Un vaquero los recogi\u00f3 y aliment\u00f3 al ni\u00f1o con leche de una de sus vacas, todo para \u00e9l. El ni\u00f1o amamant\u00f3 al mismo. Y pronto se hizo tan fuerte que el vaquero y la gente del barrio temieron que les pasara algo malo. Se pusieron de acuerdo, para destruirlo, con los pastores de un cayolar cuyos perros eran famosos por su ferocidad.<\/p>\n<p><\/p>\n<p><\/p>\n<p>Un d\u00eda que en la casa se apag\u00f3 el fuego, el pastor mand\u00f3 al muchacho a pedir brasas encendidas al cayolar. Los pastores pusieron a los perros contra \u00e9l. El ni\u00f1o recogi\u00f3 una rama de le\u00f1a del suelo y la combati\u00f3 tan bien que los perros huyeron uno tras otro, tullidos y aullando. Los pastores, temiendo su c\u00f3lera, se escaparon del cayolar y el muchacho tom\u00f3 el fuego a sus anchas.<\/p>\n<p><\/p>\n<p><\/p>\n<p>El pastor hab\u00eda contado que los perros lo habr\u00edan desgarrado. Por lo tanto, qued\u00f3 estupefacto al verla y sinti\u00f3 que su miedo se redoblaba. De nuevo hizo un complot con sus vecinos para destruirlo, aunque el ni\u00f1o hab\u00eda sido hasta entonces un fiel servidor.<\/p>\n<p>Una noche que los lobos merodeaban por el borde donde estaban encerrados los terneros, el vaquero le dijo con picard\u00eda al ni\u00f1o:<br \/>\u201c\u2013 Escucho un ruido del lado de la frontera; sin duda los terneros se han escapado; los reunir\u00e1 y los traer\u00e1 de vuelta\u201d\u00a0<\/p>\n<p><\/p>\n<p><\/p>\n<p>El ni\u00f1o corri\u00f3 hacia \u00e9l, arranc\u00f3 un haya de doce a\u00f1os al pasar y, golpeando a derecha e izquierda, llev\u00f3 a los lobos al borde. Cerr\u00f3 la puerta con firmeza y volvi\u00f3 con su amo.<br \/>El maestro le dijo:<br \/>&quot;\u00bfTrajiste los terneros?<br \/>&quot; - S\u00ed ! est\u00e1n tranquilamente con los dem\u00e1s\u201d.<\/p>\n<p><\/p>\n<p><\/p>\n<p>El maestro, enga\u00f1ado por su propio artificio, no perdi\u00f3 tiempo en ir a ver lo que suced\u00eda en el abordaje.<br \/>En cuanto al ni\u00f1o, \u00e9l tambi\u00e9n sali\u00f3 y se fue para no se sabe ad\u00f3nde.<\/p>\n<p><\/p>\t\t\t\t\t\t\t\t<\/div>\n\t\t\t\t<\/div>\n\t\t\t\t\t<\/div>\n\t\t<\/div>\n\t\t\t\t\t<\/div>\n\t\t<\/section>\n\t\t\t\t<\/div>","protected":false},"excerpt":{"rendered":"<p>Wiki Mitolog\u00eda Vasca Una joven iba de Mendive a Otchagavia en Espa\u00f1a. A su paso por la selva de Irati, hizo... <\/p>","protected":false},"author":1,"featured_media":0,"parent":1004,"menu_order":0,"comment_status":"closed","ping_status":"closed","template":"","meta":{"footnotes":""},"class_list":["post-1200","page","type-page","status-publish","hentry"],"amp_enabled":true,"_links":{"self":[{"href":"https:\/\/mythslegendes.com\/es\/wp-json\/wp\/v2\/pages\/1200","targetHints":{"allow":["GET"]}}],"collection":[{"href":"https:\/\/mythslegendes.com\/es\/wp-json\/wp\/v2\/pages"}],"about":[{"href":"https:\/\/mythslegendes.com\/es\/wp-json\/wp\/v2\/types\/page"}],"author":[{"embeddable":true,"href":"https:\/\/mythslegendes.com\/es\/wp-json\/wp\/v2\/users\/1"}],"replies":[{"embeddable":true,"href":"https:\/\/mythslegendes.com\/es\/wp-json\/wp\/v2\/comments?post=1200"}],"version-history":[{"count":1,"href":"https:\/\/mythslegendes.com\/es\/wp-json\/wp\/v2\/pages\/1200\/revisions"}],"predecessor-version":[{"id":24681,"href":"https:\/\/mythslegendes.com\/es\/wp-json\/wp\/v2\/pages\/1200\/revisions\/24681"}],"up":[{"embeddable":true,"href":"https:\/\/mythslegendes.com\/es\/wp-json\/wp\/v2\/pages\/1004"}],"wp:attachment":[{"href":"https:\/\/mythslegendes.com\/es\/wp-json\/wp\/v2\/media?parent=1200"}],"curies":[{"name":"wp","href":"https:\/\/api.w.org\/{rel}","templated":true}]}}