{"id":1209,"date":"2020-06-23T11:16:05","date_gmt":"2020-06-23T10:16:05","guid":{"rendered":"https:\/\/mythslegendes.com\/?page_id=1209"},"modified":"2022-12-03T22:07:03","modified_gmt":"2022-12-03T22:07:03","slug":"contes-basques-12","status":"publish","type":"page","link":"https:\/\/mythslegendes.com\/es\/mitologia-vasca\/cuentos-vascos-12\/","title":{"rendered":"Cuentos vascos 12"},"content":{"rendered":"<div data-elementor-type=\"wp-page\" data-elementor-id=\"1209\" class=\"elementor elementor-1209\">\n\t\t\t\t\t\t<section class=\"elementor-section elementor-top-section elementor-element elementor-element-2cb2e28 elementor-section-boxed elementor-section-height-default elementor-section-height-default\" data-id=\"2cb2e28\" data-element_type=\"section\" data-e-type=\"section\">\n\t\t\t\t\t\t<div class=\"elementor-container elementor-column-gap-default\">\n\t\t\t\t\t<div class=\"elementor-column elementor-col-50 elementor-top-column elementor-element elementor-element-9ad13e7\" data-id=\"9ad13e7\" data-element_type=\"column\" data-e-type=\"column\">\n\t\t\t<div class=\"elementor-widget-wrap elementor-element-populated\">\n\t\t\t\t\t\t<div class=\"elementor-element elementor-element-f5c22c2 elementor-align-justify elementor-widget elementor-widget-button\" data-id=\"f5c22c2\" data-element_type=\"widget\" data-e-type=\"widget\" data-widget_type=\"button.default\">\n\t\t\t\t<div class=\"elementor-widget-container\">\n\t\t\t\t\t\t\t\t\t<div class=\"elementor-button-wrapper\">\n\t\t\t\t\t<a class=\"elementor-button elementor-button-link elementor-size-sm\" href=\"https:\/\/mythslegendes.com\/es\/mitologia-vasca\/\">\n\t\t\t\t\t\t<span class=\"elementor-button-content-wrapper\">\n\t\t\t\t\t\t\t\t\t<span class=\"elementor-button-text\">Mitolog\u00eda vasca<\/span>\n\t\t\t\t\t<\/span>\n\t\t\t\t\t<\/a>\n\t\t\t\t<\/div>\n\t\t\t\t\t\t\t\t<\/div>\n\t\t\t\t<\/div>\n\t\t\t\t\t<\/div>\n\t\t<\/div>\n\t\t\t\t<div class=\"elementor-column elementor-col-50 elementor-top-column elementor-element elementor-element-046f834\" data-id=\"046f834\" data-element_type=\"column\" data-e-type=\"column\">\n\t\t\t<div class=\"elementor-widget-wrap elementor-element-populated\">\n\t\t\t\t\t\t<div class=\"elementor-element elementor-element-9e863f6 elementor-align-justify elementor-widget elementor-widget-button\" data-id=\"9e863f6\" data-element_type=\"widget\" data-e-type=\"widget\" data-widget_type=\"button.default\">\n\t\t\t\t<div class=\"elementor-widget-container\">\n\t\t\t\t\t\t\t\t\t<div class=\"elementor-button-wrapper\">\n\t\t\t\t\t<a class=\"elementor-button elementor-button-link elementor-size-sm\" href=\"https:\/\/fr.wikipedia.org\/wiki\/Mythologie_basque\" target=\"_blank\" rel=\"noopener\">\n\t\t\t\t\t\t<span class=\"elementor-button-content-wrapper\">\n\t\t\t\t\t\t\t\t\t<span class=\"elementor-button-text\">Wiki<\/span>\n\t\t\t\t\t<\/span>\n\t\t\t\t\t<\/a>\n\t\t\t\t<\/div>\n\t\t\t\t\t\t\t\t<\/div>\n\t\t\t\t<\/div>\n\t\t\t\t\t<\/div>\n\t\t<\/div>\n\t\t\t\t\t<\/div>\n\t\t<\/section>\n\t\t\t\t<section class=\"elementor-section elementor-top-section elementor-element elementor-element-5751026 elementor-section-boxed elementor-section-height-default elementor-section-height-default\" data-id=\"5751026\" data-element_type=\"section\" data-e-type=\"section\">\n\t\t\t\t\t\t<div class=\"elementor-container elementor-column-gap-default\">\n\t\t\t\t\t<div class=\"elementor-column elementor-col-100 elementor-top-column elementor-element elementor-element-48ff79e2\" data-id=\"48ff79e2\" data-element_type=\"column\" data-e-type=\"column\">\n\t\t\t<div class=\"elementor-widget-wrap elementor-element-populated\">\n\t\t\t\t\t\t<div class=\"elementor-element elementor-element-421b9cc elementor-widget elementor-widget-text-editor\" data-id=\"421b9cc\" data-element_type=\"widget\" data-e-type=\"widget\" data-widget_type=\"text-editor.default\">\n\t\t\t\t<div class=\"elementor-widget-container\">\n\t\t\t\t\t\t\t\t\t<p><\/p>\n<div id=\"ez-toc-container\" class=\"ez-toc-v2_0_82_2 counter-hierarchy ez-toc-counter ez-toc-grey ez-toc-container-direction\">\n<div class=\"ez-toc-title-container\">\n<p class=\"ez-toc-title\" style=\"cursor:inherit\">Contenido<\/p>\n<span class=\"ez-toc-title-toggle\"><a href=\"#\" class=\"ez-toc-pull-right ez-toc-btn ez-toc-btn-xs ez-toc-btn-default ez-toc-toggle\" aria-label=\"Alternar tabla de contenidos\"><span class=\"ez-toc-js-icon-con\"><span class=\"\"><span class=\"eztoc-hide\" style=\"display:none;\">Palanca<\/span><span class=\"ez-toc-icon-toggle-span\"><svg style=\"fill: #999;color:#999\" xmlns=\"http:\/\/www.w3.org\/2000\/svg\" class=\"list-377408\" width=\"20px\" height=\"20px\" viewbox=\"0 0 24 24\" fill=\"none\"><path d=\"M6 6H4v2h2V6zm14 0H8v2h12V6zM4 11h2v2H4v-2zm16 0H8v2h12v-2zM4 16h2v2H4v-2zm16 0H8v2h12v-2z\" fill=\"currentColor\"><\/path><\/svg><svg style=\"fill: #999;color:#999\" class=\"arrow-unsorted-368013\" xmlns=\"http:\/\/www.w3.org\/2000\/svg\" width=\"10px\" height=\"10px\" viewbox=\"0 0 24 24\" version=\"1.2\" baseprofile=\"tiny\"><path d=\"M18.2 9.3l-6.2-6.3-6.2 6.3c-.2.2-.3.4-.3.7s.1.5.3.7c.2.2.4.3.7.3h11c.3 0 .5-.1.7-.3.2-.2.3-.5.3-.7s-.1-.5-.3-.7zM5.8 14.7l6.2 6.3 6.2-6.3c.2-.2.3-.5.3-.7s-.1-.5-.3-.7c-.2-.2-.4-.3-.7-.3h-11c-.3 0-.5.1-.7.3-.2.2-.3.5-.3.7s.1.5.3.7z\"\/><\/svg><\/span><\/span><\/span><\/a><\/span><\/div>\n<nav><ul class='ez-toc-list ez-toc-list-level-1' ><li class='ez-toc-page-1 ez-toc-heading-level-2'><a class=\"ez-toc-link ez-toc-heading-1\" href=\"https:\/\/mythslegendes.com\/es\/mitologia-vasca\/cuentos-vascos-12\/#Contes-basques\" >Cuentos vascos<\/a><\/li><li class='ez-toc-page-1 ez-toc-heading-level-2'><a class=\"ez-toc-link ez-toc-heading-2\" href=\"https:\/\/mythslegendes.com\/es\/mitologia-vasca\/cuentos-vascos-12\/#Le-four-dAhurhutze\" >horno ahurhutze<\/a><\/li><li class='ez-toc-page-1 ez-toc-heading-level-2'><a class=\"ez-toc-link ez-toc-heading-3\" href=\"https:\/\/mythslegendes.com\/es\/mitologia-vasca\/cuentos-vascos-12\/#Le-petit-berger-et-la-vierge\" >El Pastorcito y la Virgen<\/a><\/li><li class='ez-toc-page-1 ez-toc-heading-level-2'><a class=\"ez-toc-link ez-toc-heading-4\" href=\"https:\/\/mythslegendes.com\/es\/mitologia-vasca\/cuentos-vascos-12\/#Basa-Jaun-et-la-soudure\" >Basa Jaun y soldadura<\/a><\/li><\/ul><\/nav><\/div>\n<h2 class=\"wp-block-heading\"><span class=\"ez-toc-section\" id=\"Contes-basques\"><\/span>Cuentos vascos<span class=\"ez-toc-section-end\"><\/span><\/h2>\n<p>Aqu\u00ed hay varios cuentos. <a href=\"https:\/\/mythslegendes.com\/es\/mitologia-vasca\/\">vasco<\/a> : El horno de Ahurhutze, El pastorcito y la virgen, Basa Jaun y soldadura<\/p>\n<p><img decoding=\"async\" class=\"alignnone wp-image-5284 size-full\" src=\"https:\/\/mythslegendes.com\/wp-content\/uploads\/2020\/09\/AlphaOmega-e1602613368367.png\" alt=\"Cuentos vascos\" width=\"25\" height=\"26\" title=\"\"><\/p>\n<h2><span class=\"ez-toc-section\" id=\"Le-four-dAhurhutze\"><\/span>horno ahurhutze<span class=\"ez-toc-section-end\"><\/span><\/h2>\n<p><\/p>\n<p><\/p>\n<p>Solia ser <a href=\"https:\/\/mythslegendes.com\/es\/mitologia-iberica\/\">Espa\u00f1a<\/a>, un pueblo llamado D&#039;Ahurhutze. Cierto s\u00e1bado, una mujer estaba haciendo el lote all\u00ed. Una vieja mendiga se present\u00f3 en la puerta, pidiendo limosna de un panqueque horneado. Entonces la mujer puso un poco de masa en el horno y de repente esta masa se convirti\u00f3 en un hermoso pan. Pero encontr\u00f3 el pan demasiado grande para una obra de caridad.<\/p>\n<p>Puso una cantidad m\u00e1s peque\u00f1a de masa en el horno, pero el panqueque se convirti\u00f3 en un pan tan grande que apenas pod\u00eda sacarlo. As\u00ed que toma un pedacito diminuto de masa de la yema de su dedo y crece tanto que todo el horno se llen\u00f3 y la mujer no pudo sacarlo. Entonces la anciana mendiga dijo:<\/p>\n<p><\/p>\n<p><\/p>\n<p>\u2013 \u201cYo soy la santa virgen. El s\u00e1bado es mi d\u00eda y porque encontraste que tu limosna era demasiado para un pobre, de ahora en adelante no se cosechar\u00e1 m\u00e1s trigo en tu pueblo\u201d.<br \/>Dicho esto, la santa virgen desapareci\u00f3. Desde entonces, cuando las mujeres ponen el pan en el horno, dicen:<br \/>\u201cDios lo bendiga como el pan de Ahurhutze.<\/p>\n<p><\/p>\n<p><\/p>\n<hr class=\"wp-block-separator\" \/>\n<p><\/p>\n<p><\/p>\n<h2 class=\"wp-block-heading\"><span class=\"ez-toc-section\" id=\"Le-petit-berger-et-la-vierge\"><\/span>El Pastorcito y la Virgen<span class=\"ez-toc-section-end\"><\/span><\/h2>\n<p><\/p>\n<p><\/p>\n<p>Un d\u00eda, la Virgen se le apareci\u00f3 a un joven pastor de una casa de Amezketa llamado Loidi, sobre la roca situada en el paso de Igaratza, cerca del camino que baja al pueblo.<\/p>\n<p><\/p>\n<p><\/p>\n<p>Ella le pidi\u00f3 que trajera tres tablones y siete tejas del pueblo, dici\u00e9ndole que esta carga no lo cansar\u00eda.<br \/>El ni\u00f1o baj\u00f3 a su casa y denunci\u00f3 el incidente a sus padres, quienes se burlaron de \u00e9l y no le permitieron tomar lo que ped\u00eda.<\/p>\n<p><\/p>\n<p><\/p>\n<p>La virgen se le apareci\u00f3 una segunda y luego una tercera vez, siempre pregunt\u00e1ndole lo mismo. Pero los padres del ni\u00f1o segu\u00edan incr\u00e9dulos y le impidieron cumplir sus deseos.<\/p>\n<p><\/p>\n<p><\/p>\n<p>La virgen se transport\u00f3 entonces a Arantzazu; dice que en Loidi nunca faltar\u00e1 un paral\u00edtico o un manco.<\/p>\n<p><\/p>\n<p><\/p>\n<p>Se dice que esta maldici\u00f3n nunca dej\u00f3 de ejercerse. La virgen dej\u00f3 una marca en la roca, una huella que a\u00fan es visible. Con el agua que all\u00ed se acumula cuando llueve, muchos pastores que frecuentan el lugar se santiguan, y llegan a depositar monedas para atraer algunas gracias del cielo.<\/p>\n<p><\/p>\n<p><\/p>\n<p>Si el peregrino que va a San Miguel de Aralar pasa por all\u00ed, debe recoger todas las monedas y entregarlas al monasterio del Arc\u00e1ngel o a cualquier otra iglesia o ermita, como donaci\u00f3n a la colecta durante una misa celebrada para el reposo. de las almas de los antepasados. Si no lo hace, corre el riesgo de una retribuci\u00f3n celestial.<\/p>\n<p><\/p>\n<p><\/p>\n<hr class=\"wp-block-separator\" \/>\n<p><\/p>\n<p><\/p>\n<h2 class=\"wp-block-heading\"><span class=\"ez-toc-section\" id=\"Basa-Jaun-et-la-soudure\"><\/span>Basa Jaun y soldadura<span class=\"ez-toc-section-end\"><\/span><\/h2>\n<p><\/p>\n<p><\/p>\n<p>San Martinico quer\u00eda saber c\u00f3mo el Basa Jaun soldaba dos piezas de hierro. Para ello envi\u00f3 a su sirviente a contar por todo el pa\u00eds de Kortezubi que hab\u00eda descubierto el medio del soldador.<\/p>\n<p><\/p>\n<p><\/p>\n<p>Entonces el Basa Jaun pregunt\u00f3 al pregonero:<br \/>&quot;\u00bfSan Martinico podr\u00eda rociar agua de arcilla sobre las piezas de hierro?&quot; \u00bb<br \/>&quot;No, no lo hizo, \u00a1pero ahora lo har\u00e1!&quot; respondi\u00f3.<\/p>\n<p><\/p>\n<p><\/p>\n<p>As\u00ed fue como, utilizando arcilla suspendida en agua como fundente, San Martinico pudo soldar el hierro.<\/p>\n<p><\/p>\n<p><\/p>\n<p>Esta t\u00e9cnica luego se extendi\u00f3 a todos los pueblos.<\/p>\n<p><\/p>\n<div>\u00a0<\/div>\t\t\t\t\t\t\t\t<\/div>\n\t\t\t\t<\/div>\n\t\t\t\t\t<\/div>\n\t\t<\/div>\n\t\t\t\t\t<\/div>\n\t\t<\/section>\n\t\t\t\t<\/div>","protected":false},"excerpt":{"rendered":"<p>Mitolog\u00eda vasca Wiki Cuentos vascos Aqu\u00ed tienes varios cuentos vascos: El horno de Ahurhutze, El pastorcito y la virgen, Basa\u2026 <\/p>","protected":false},"author":1,"featured_media":0,"parent":1004,"menu_order":0,"comment_status":"closed","ping_status":"closed","template":"","meta":{"footnotes":""},"class_list":["post-1209","page","type-page","status-publish","hentry"],"amp_enabled":true,"_links":{"self":[{"href":"https:\/\/mythslegendes.com\/es\/wp-json\/wp\/v2\/pages\/1209","targetHints":{"allow":["GET"]}}],"collection":[{"href":"https:\/\/mythslegendes.com\/es\/wp-json\/wp\/v2\/pages"}],"about":[{"href":"https:\/\/mythslegendes.com\/es\/wp-json\/wp\/v2\/types\/page"}],"author":[{"embeddable":true,"href":"https:\/\/mythslegendes.com\/es\/wp-json\/wp\/v2\/users\/1"}],"replies":[{"embeddable":true,"href":"https:\/\/mythslegendes.com\/es\/wp-json\/wp\/v2\/comments?post=1209"}],"version-history":[{"count":1,"href":"https:\/\/mythslegendes.com\/es\/wp-json\/wp\/v2\/pages\/1209\/revisions"}],"predecessor-version":[{"id":24683,"href":"https:\/\/mythslegendes.com\/es\/wp-json\/wp\/v2\/pages\/1209\/revisions\/24683"}],"up":[{"embeddable":true,"href":"https:\/\/mythslegendes.com\/es\/wp-json\/wp\/v2\/pages\/1004"}],"wp:attachment":[{"href":"https:\/\/mythslegendes.com\/es\/wp-json\/wp\/v2\/media?parent=1209"}],"curies":[{"name":"wp","href":"https:\/\/api.w.org\/{rel}","templated":true}]}}