{"id":1231,"date":"2020-06-23T11:29:07","date_gmt":"2020-06-23T10:29:07","guid":{"rendered":"https:\/\/mythslegendes.com\/?page_id=1231"},"modified":"2022-12-03T22:07:03","modified_gmt":"2022-12-03T22:07:03","slug":"quatorze","status":"publish","type":"page","link":"https:\/\/mythslegendes.com\/es\/mitologia-vasca\/catorce\/","title":{"rendered":"Catorce"},"content":{"rendered":"<div data-elementor-type=\"wp-page\" data-elementor-id=\"1231\" class=\"elementor elementor-1231\">\n\t\t\t\t\t\t<section class=\"elementor-section elementor-top-section elementor-element elementor-element-7394a49 elementor-section-boxed elementor-section-height-default elementor-section-height-default\" data-id=\"7394a49\" data-element_type=\"section\" data-e-type=\"section\">\n\t\t\t\t\t\t<div class=\"elementor-container elementor-column-gap-default\">\n\t\t\t\t\t<div class=\"elementor-column elementor-col-50 elementor-top-column elementor-element elementor-element-8af71d5\" data-id=\"8af71d5\" data-element_type=\"column\" data-e-type=\"column\">\n\t\t\t<div class=\"elementor-widget-wrap elementor-element-populated\">\n\t\t\t\t\t\t<div class=\"elementor-element elementor-element-72e7a90 elementor-align-justify elementor-widget elementor-widget-button\" data-id=\"72e7a90\" data-element_type=\"widget\" data-e-type=\"widget\" data-widget_type=\"button.default\">\n\t\t\t\t<div class=\"elementor-widget-container\">\n\t\t\t\t\t\t\t\t\t<div class=\"elementor-button-wrapper\">\n\t\t\t\t\t<a class=\"elementor-button elementor-button-link elementor-size-sm\" href=\"https:\/\/mythslegendes.com\/es\/mitologia-vasca\/\">\n\t\t\t\t\t\t<span class=\"elementor-button-content-wrapper\">\n\t\t\t\t\t\t\t\t\t<span class=\"elementor-button-text\">Mitolog\u00eda vasca<\/span>\n\t\t\t\t\t<\/span>\n\t\t\t\t\t<\/a>\n\t\t\t\t<\/div>\n\t\t\t\t\t\t\t\t<\/div>\n\t\t\t\t<\/div>\n\t\t\t\t\t<\/div>\n\t\t<\/div>\n\t\t\t\t<div class=\"elementor-column elementor-col-50 elementor-top-column elementor-element elementor-element-7156148\" data-id=\"7156148\" data-element_type=\"column\" data-e-type=\"column\">\n\t\t\t<div class=\"elementor-widget-wrap elementor-element-populated\">\n\t\t\t\t\t\t<div class=\"elementor-element elementor-element-133c090 elementor-align-justify elementor-widget elementor-widget-button\" data-id=\"133c090\" data-element_type=\"widget\" data-e-type=\"widget\" data-widget_type=\"button.default\">\n\t\t\t\t<div class=\"elementor-widget-container\">\n\t\t\t\t\t\t\t\t\t<div class=\"elementor-button-wrapper\">\n\t\t\t\t\t<a class=\"elementor-button elementor-button-link elementor-size-sm\" href=\"https:\/\/fr.wikipedia.org\/wiki\/Mythologie_basque\" target=\"_blank\" rel=\"noopener\">\n\t\t\t\t\t\t<span class=\"elementor-button-content-wrapper\">\n\t\t\t\t\t\t\t\t\t<span class=\"elementor-button-text\">Wiki<\/span>\n\t\t\t\t\t<\/span>\n\t\t\t\t\t<\/a>\n\t\t\t\t<\/div>\n\t\t\t\t\t\t\t\t<\/div>\n\t\t\t\t<\/div>\n\t\t\t\t\t<\/div>\n\t\t<\/div>\n\t\t\t\t\t<\/div>\n\t\t<\/section>\n\t\t\t\t<section class=\"elementor-section elementor-top-section elementor-element elementor-element-2e6b896e elementor-section-boxed elementor-section-height-default elementor-section-height-default\" data-id=\"2e6b896e\" data-element_type=\"section\" data-e-type=\"section\">\n\t\t\t\t\t\t<div class=\"elementor-container elementor-column-gap-default\">\n\t\t\t\t\t<div class=\"elementor-column elementor-col-100 elementor-top-column elementor-element elementor-element-6ace7e51\" data-id=\"6ace7e51\" data-element_type=\"column\" data-e-type=\"column\">\n\t\t\t<div class=\"elementor-widget-wrap elementor-element-populated\">\n\t\t\t\t\t\t<div class=\"elementor-element elementor-element-44ee2710 elementor-widget elementor-widget-text-editor\" data-id=\"44ee2710\" data-element_type=\"widget\" data-e-type=\"widget\" data-widget_type=\"text-editor.default\">\n\t\t\t\t<div class=\"elementor-widget-container\">\n\t\t\t\t\t\t\t\t\t<p><\/p>\n<p>Como muchos en el mundo, hab\u00eda una madre y su hijo. Este muchacho era tan fuerte como catorce hombres juntos, pero tambi\u00e9n ten\u00eda que comer como catorce. Eran pobres y por eso no siempre ten\u00eda para comer. Una vez le dijo a su madre que era mejor que intentara irse a alg\u00fan lado, a ver si se sal\u00eda con la suya, que no aguantaba m\u00e1s esta situaci\u00f3n y que ver c\u00f3mo le costaba a su madre alimentarlo adolorida. a \u00e9l.<\/p>\n<p><img decoding=\"async\" class=\"alignnone wp-image-5284 size-full\" src=\"https:\/\/mythslegendes.com\/wp-content\/uploads\/2020\/09\/AlphaOmega-e1602613368367.png\" alt=\"catorce\" width=\"25\" height=\"26\" title=\"\"><\/p>\n<div id=\"ez-toc-container\" class=\"ez-toc-v2_0_83 counter-hierarchy ez-toc-counter ez-toc-grey ez-toc-container-direction\">\n<div class=\"ez-toc-title-container\">\n<p class=\"ez-toc-title\" style=\"cursor:inherit\">Contenido<\/p>\n<span class=\"ez-toc-title-toggle\"><a href=\"#\" class=\"ez-toc-pull-right ez-toc-btn ez-toc-btn-xs ez-toc-btn-default ez-toc-toggle\" aria-label=\"Alternar tabla de contenidos\"><span class=\"ez-toc-js-icon-con\"><span class=\"\"><span class=\"eztoc-hide\" style=\"display:none;\">Palanca<\/span><span class=\"ez-toc-icon-toggle-span\"><svg style=\"fill: #999;color:#999\" xmlns=\"http:\/\/www.w3.org\/2000\/svg\" class=\"list-377408\" width=\"20px\" height=\"20px\" viewbox=\"0 0 24 24\" fill=\"none\"><path d=\"M6 6H4v2h2V6zm14 0H8v2h12V6zM4 11h2v2H4v-2zm16 0H8v2h12v-2zM4 16h2v2H4v-2zm16 0H8v2h12v-2z\" fill=\"currentColor\"><\/path><\/svg><svg style=\"fill: #999;color:#999\" class=\"arrow-unsorted-368013\" xmlns=\"http:\/\/www.w3.org\/2000\/svg\" width=\"10px\" height=\"10px\" viewbox=\"0 0 24 24\" version=\"1.2\" baseprofile=\"tiny\"><path d=\"M18.2 9.3l-6.2-6.3-6.2 6.3c-.2.2-.3.4-.3.7s.1.5.3.7c.2.2.4.3.7.3h11c.3 0 .5-.1.7-.3.2-.2.3-.5.3-.7s-.1-.5-.3-.7zM5.8 14.7l6.2 6.3 6.2-6.3c.2-.2.3-.5.3-.7s-.1-.5-.3-.7c-.2-.2-.4-.3-.7-.3h-11c-.3 0-.5.1-.7.3-.2.2-.3.5-.3.7s.1.5.3.7z\"\/><\/svg><\/span><\/span><\/span><\/a><\/span><\/div>\n<nav><ul class='ez-toc-list ez-toc-list-level-1' ><li class='ez-toc-page-1 ez-toc-heading-level-2'><a class=\"ez-toc-link ez-toc-heading-1\" href=\"https:\/\/mythslegendes.com\/es\/mitologia-vasca\/catorce\/#Quatorze\" >Catorce<\/a><\/li><\/ul><\/nav><\/div>\n<h2><span class=\"ez-toc-section\" id=\"Quatorze\"><\/span>Catorce<span class=\"ez-toc-section-end\"><\/span><\/h2>\n<p><\/p>\n<p><\/p>\n<p>Su madre consinti\u00f3, con dificultad, en dejarlo ir. As\u00ed que fue lejos, lejos, muy lejos y lleg\u00f3 a una casa grande. Pregunt\u00f3 si necesitaban un sirviente y le dijeron que se lo pedir\u00edan al amo. El maestro vino en persona y le dijo: \u201cUsualmente empleo trabajadores experimentados, pero estoy dispuesto a aceptarte de todos modos. \u00bb<\/p>\n<p><\/p>\n<p><\/p>\n<p>El ni\u00f1o respondi\u00f3: \u201cDebo advertirte que como catorce hombres, pero trabajo en proporci\u00f3n. \u00bb<br \/>Le pregunt\u00f3: &quot;\u00bfQu\u00e9 sabes hacer?&quot; \u00bb<br \/>Le dijo: &quot;Yo s\u00e9 hacer un poco de todo&quot;. \u00bb<\/p>\n<p><\/p>\n<p><\/p>\n<p>Al d\u00eda siguiente el amo lo llev\u00f3 a un campo y le dijo:<br \/>\u201cHay que segar todo este prado. \u00c9l le dice que s\u00ed.<\/p>\n<p><\/p>\n<p><\/p>\n<p>El maestro se fue. A las ocho lleg\u00f3 la criada con el desayuno. Ten\u00eda una cesta llena de comestibles; hab\u00eda seis panes, medio jam\u00f3n y seis botellas de vino. Nuestro chico estaba encantado. La sirvienta se sorprendi\u00f3 al ver que todo el prado estaba segado y fue a dec\u00edrselo al amo. Estaba igualmente feliz de ver que ten\u00eda un sirviente tan valioso. \u00c9l le pidi\u00f3 que fuera a cortar otro prado.<\/p>\n<p>Antes del mediod\u00eda todo estaba en el suelo. La criada lleg\u00f3 con el almuerzo y se asombr\u00f3 al ver todo el trabajo que hab\u00eda hecho. Ella le hab\u00eda tra\u00eddo siete panes, siete botellas de vino y a\u00fan m\u00e1s jam\u00f3n, pero \u00e9l se lo trag\u00f3 todo. El maestro le dio otro campo de hierba para cortar. F\u00e1cilmente se absolvi\u00f3 de su tarea antes del anochecer. Nuestro amo estaba muy complacido con \u00e9l y lo aliment\u00f3 bien. La criada tambi\u00e9n estaba muy feliz.<\/p>\n<p><\/p>\n<p><\/p>\n<p>Mientras hubo trabajo, el amo no dijo nada, pero luego, cuando vio que toda la cosecha se hab\u00eda usado solo para alimentar al sirviente, ya no supo c\u00f3mo deshacerse de \u00e9l. Lo envi\u00f3 a un bosque donde sab\u00eda que hab\u00eda animales terribles y le dijo que trajera un poco de madera. Tan pronto como lleg\u00f3 all\u00ed, un oso lo atac\u00f3. Lo tom\u00f3 por las fosas nasales, lo arroj\u00f3 al suelo y le torci\u00f3 el cuello. Empez\u00f3 a arrancar todos los \u00e1rboles j\u00f3venes y nuevamente fue atacado por un lobo, lo tom\u00f3 como un oso, por las fosas nasales, lo arroj\u00f3 al suelo y le torci\u00f3 el cuello.<\/p>\n<p><\/p>\n<p><\/p>\n<p>Lleg\u00f3 a la casa por la tarde y el maestro se asombr\u00f3 de verlo regresar. Le dio una buena cena, pero no estaba contento, porque hab\u00eda arrancado todos los \u00e1rboles j\u00f3venes. Por la noche el amo le dio vueltas en la cabeza a lo que bien pod\u00eda hacer con su sirviente y decidi\u00f3 enviarlo a un bosque a\u00fan m\u00e1s terrible, con la esperanza de que alg\u00fan animal lo devorara.<\/p>\n<p>Nuestro joven se fue de nuevo. Estaba derribando muchos \u00e1rboles altos, cuando un le\u00f3n lo atac\u00f3. Lo mat\u00f3 de un solo golpe. Luego se le acerc\u00f3 otro animal igual de peligroso y lo acab\u00f3 igual de r\u00e1pido. Por la noche, cuando lleg\u00f3 a casa, se dijo a s\u00ed mismo:<br \/>\u201c\u00bfPor qu\u00e9 mi amo me env\u00eda al bosque? Tal vez est\u00e9 cansado de m\u00ed. \u00bb<\/p>\n<p><\/p>\n<p><\/p>\n<p>Y resolvi\u00f3 decirle que se ir\u00eda de la casa. Cuando lleg\u00f3, su amo lo recibi\u00f3 bien, pero no entend\u00eda c\u00f3mo pod\u00eda haber regresado con vida. Le ofreci\u00f3 una buena cena y nuestro chico le dijo:<br \/>\u201cEs mejor que me vaya. Aqu\u00ed no hay m\u00e1s trabajo para m\u00ed. \u00bb<\/p>\n<p><\/p>\n<p><\/p>\n<p>Puedes imaginar lo complacido que estaba el maestro. Inmediatamente le dio su salario y el ni\u00f1o se fue. Se fue muy, muy, muy lejos, pero pronto se le acab\u00f3 el dinero y se pregunt\u00f3 qu\u00e9 ser\u00eda de \u00e9l.<\/p>\n<p><\/p>\n<p><\/p>\n<p>Vio a dos hombres parados junto a un r\u00edo. Camin\u00f3 hacia ellos y los hombres le preguntaron si los llevar\u00eda al otro lado. Respondi\u00f3 que s\u00ed, y los carg\u00f3 a ambos a la espalda, estos hombres eran Nuestro Se\u00f1or y San Pedro. Cuando estaban en medio del r\u00edo, Nuestro Se\u00f1or les dijo:<br \/>Debo ser pesado.<br \/>-Te tiro al agua si no te callas, ya tengo bastante que hacer. \u00bb<\/p>\n<p><\/p>\n<p><\/p>\n<p>Cuando llegaron al otro lado, el Se\u00f1or le dijo:<br \/>\u201c\u00bfQu\u00e9 debo darte como recompensa?<br \/>\u201cLo que quieras, d\u00e1melo r\u00e1pido, porque me muero de hambre. \u00bb<br \/>\u00c9l le dio una bolsa y le dijo: \u201cCualquier cosa que quieras entrar\u00e1 en esta bolsa. \u00bb<\/p>\n<p><\/p>\n<p><\/p>\n<p>Y se fue. Lleg\u00f3 a un pueblo y al pasar por una panader\u00eda aspir\u00f3 un delicioso olor a pan caliente y les dijo: \u201c\u00a1Entren en mi bolso! y se encontraron en su bolsa. Se fue a un rinc\u00f3n del bosque y all\u00ed vivi\u00f3 de lo que le hab\u00eda dado su bolsa. Camin\u00f3 de regreso a la ciudad y pas\u00f3 por delante de una tienda de delicatessen. Hab\u00eda morcillas, chorizos, jamones y muchas cosas buenas.<\/p>\n<p>\u00c9l dijo: &quot;\u00a1M\u00e9tete en mi bolso!&quot; y tan pronto como dijo eso, la bolsa estaba llena. Fue a vaciarlo de nuevo como hab\u00eda hecho con los panes y volvi\u00f3 al pueblo. Frente a una posada dice: \u201cEntra en mi bolsa. All\u00ed hab\u00eda botellas de buen vino y licores, ya todas estas cosas buenas dec\u00eda: &quot;\u00a1Venid a mi bolsa!&quot; y su bolsa se llen\u00f3 de ella.<\/p>\n<p><\/p>\n<p><\/p>\n<p>Se fue a un rinc\u00f3n del bosque, all\u00ed ten\u00eda provisiones para unos d\u00edas, y cuando se hart\u00f3, sali\u00f3 a caminar. Un d\u00eda vio a ni\u00f1as llorando y les pregunt\u00f3: &quot;\u00bfQu\u00e9 les pasa?&quot; Respondieron que su padre estaba muy enfermo. Pregunt\u00f3 si pod\u00eda verlo. Le dijeron que si.<\/p>\n<p><\/p>\n<p><\/p>\n<p>Entonces fue all\u00ed y el pobre hombre le dijo que hab\u00eda entregado su alma al diablo y que lo esperaba ese d\u00eda y que estaba temblando de antemano. Nuestro Catorce pregunt\u00f3 si pod\u00eda sentarse en la esquina de la cama para ver al diablo. \u00c9l le dice que s\u00ed. Luego se escondi\u00f3 con su bolso. Un momento despu\u00e9s lleg\u00f3 el diablo y nuestro joven le dijo:<br \/>\u201c\u00a1M\u00e9tete en mi bolso! \u00bb<\/p>\n<p><\/p>\n<p><\/p>\n<p>Y tan pronto como dijo eso, el diablo se meti\u00f3 all\u00ed. \u00a1Juzgad la alegr\u00eda de nuestro hombre! Nuestro chico sali\u00f3 a buscar unos picapedreros y les dijo:<br \/>&quot;\u00a1Golpear duro! el diablo est\u00e1 en esa bolsa. \u00bb<\/p>\n<p><\/p>\n<p><\/p>\n<p>Se pusieron manos a la obra y lo golpearon y el diablo grit\u00f3:<br \/>&quot;\u00a1AIE Aie Aie! dejame salir ! dejame salir ! AIE Aie Aie ! \u00bb<\/p>\n<p><\/p>\n<p><\/p>\n<p>El ni\u00f1o dijo: \u201cAcepto si me traes un papel firmado por todos los demonios del infierno, que no tienes derechos sobre este hombre. El diablo accedi\u00f3 y el ni\u00f1o lo dej\u00f3 ir. Un momento despu\u00e9s, el diablo estaba de vuelta con el papel. El ni\u00f1o lo hizo volver a introducir en el saco y lo golpe\u00f3 con los picapedreros, mientras le llevaba el preciado papel al anciano. \u00a1Piensa en lo felices que estaban en esa casa!<\/p>\n<p>Nuestro hombre se fue. Camin\u00f3 durante mucho, mucho tiempo. Se sent\u00eda cansado de este mundo. Se dijo a s\u00ed mismo: &quot;Me gustar\u00eda ir al cielo&quot;. Sigui\u00f3 su camino, mucho, mucho tiempo, pero lleg\u00f3 al infierno; pero en cuanto los diablos vieron que era Catorce cerraron todas las puertas. Se fue de nuevo, lejos, muy lejos y lleg\u00f3 al cielo.<\/p>\n<p><\/p>\n<p><\/p>\n<p>All\u00ed las puertas se cerraron ante \u00e9l. \u00bfQu\u00e9 hizo Catorce? Desliz\u00f3 su bolso por el ojo de la cerradura y se dijo:<br \/>\u201c\u00a1M\u00e9tete en la bolsa! \u00bb<\/p>\n<p><\/p>\n<p><\/p>\n<p>Tan pronto como dijo eso, se encontr\u00f3 dentro de la bolsa y todav\u00eda est\u00e1 all\u00ed, detr\u00e1s de la puerta y cuando vayas al cielo, mira de cerca y lo ver\u00e1s all\u00ed.<\/p>\n<p><\/p>\t\t\t\t\t\t\t\t<\/div>\n\t\t\t\t<\/div>\n\t\t\t\t\t<\/div>\n\t\t<\/div>\n\t\t\t\t\t<\/div>\n\t\t<\/section>\n\t\t\t\t<\/div>","protected":false},"excerpt":{"rendered":"<p>Mythologie Basque Wiki Comme beaucoup dans le monde, il y avait une m\u00e8re et son fils. Ce gar\u00e7on \u00e9tait aussi &hellip; <\/p>","protected":false},"author":1,"featured_media":0,"parent":1004,"menu_order":0,"comment_status":"closed","ping_status":"closed","template":"","meta":{"footnotes":""},"class_list":["post-1231","page","type-page","status-publish","hentry"],"amp_enabled":true,"_links":{"self":[{"href":"https:\/\/mythslegendes.com\/es\/wp-json\/wp\/v2\/pages\/1231","targetHints":{"allow":["GET"]}}],"collection":[{"href":"https:\/\/mythslegendes.com\/es\/wp-json\/wp\/v2\/pages"}],"about":[{"href":"https:\/\/mythslegendes.com\/es\/wp-json\/wp\/v2\/types\/page"}],"author":[{"embeddable":true,"href":"https:\/\/mythslegendes.com\/es\/wp-json\/wp\/v2\/users\/1"}],"replies":[{"embeddable":true,"href":"https:\/\/mythslegendes.com\/es\/wp-json\/wp\/v2\/comments?post=1231"}],"version-history":[{"count":1,"href":"https:\/\/mythslegendes.com\/es\/wp-json\/wp\/v2\/pages\/1231\/revisions"}],"predecessor-version":[{"id":24689,"href":"https:\/\/mythslegendes.com\/es\/wp-json\/wp\/v2\/pages\/1231\/revisions\/24689"}],"up":[{"embeddable":true,"href":"https:\/\/mythslegendes.com\/es\/wp-json\/wp\/v2\/pages\/1004"}],"wp:attachment":[{"href":"https:\/\/mythslegendes.com\/es\/wp-json\/wp\/v2\/media?parent=1231"}],"curies":[{"name":"wp","href":"https:\/\/api.w.org\/{rel}","templated":true}]}}