{"id":1239,"date":"2020-06-23T11:37:38","date_gmt":"2020-06-23T10:37:38","guid":{"rendered":"https:\/\/mythslegendes.com\/?page_id=1239"},"modified":"2022-12-03T22:07:03","modified_gmt":"2022-12-03T22:07:03","slug":"contes-basques-18","status":"publish","type":"page","link":"https:\/\/mythslegendes.com\/es\/mitologia-vasca\/cuentos-vascos-18\/","title":{"rendered":"cuentos vascos 18"},"content":{"rendered":"<div data-elementor-type=\"wp-page\" data-elementor-id=\"1239\" class=\"elementor elementor-1239\">\n\t\t\t\t\t\t<section class=\"elementor-section elementor-top-section elementor-element elementor-element-d9bd84a elementor-section-boxed elementor-section-height-default elementor-section-height-default\" data-id=\"d9bd84a\" data-element_type=\"section\" data-e-type=\"section\">\n\t\t\t\t\t\t<div class=\"elementor-container elementor-column-gap-default\">\n\t\t\t\t\t<div class=\"elementor-column elementor-col-50 elementor-top-column elementor-element elementor-element-ea20e1e\" data-id=\"ea20e1e\" data-element_type=\"column\" data-e-type=\"column\">\n\t\t\t<div class=\"elementor-widget-wrap elementor-element-populated\">\n\t\t\t\t\t\t<div class=\"elementor-element elementor-element-e7d42d4 elementor-align-justify elementor-widget elementor-widget-button\" data-id=\"e7d42d4\" data-element_type=\"widget\" data-e-type=\"widget\" data-widget_type=\"button.default\">\n\t\t\t\t<div class=\"elementor-widget-container\">\n\t\t\t\t\t\t\t\t\t<div class=\"elementor-button-wrapper\">\n\t\t\t\t\t<a class=\"elementor-button elementor-button-link elementor-size-sm\" href=\"https:\/\/mythslegendes.com\/es\/mitologia-vasca\/\">\n\t\t\t\t\t\t<span class=\"elementor-button-content-wrapper\">\n\t\t\t\t\t\t\t\t\t<span class=\"elementor-button-text\">Mitolog\u00eda vasca<\/span>\n\t\t\t\t\t<\/span>\n\t\t\t\t\t<\/a>\n\t\t\t\t<\/div>\n\t\t\t\t\t\t\t\t<\/div>\n\t\t\t\t<\/div>\n\t\t\t\t\t<\/div>\n\t\t<\/div>\n\t\t\t\t<div class=\"elementor-column elementor-col-50 elementor-top-column elementor-element elementor-element-ac74a06\" data-id=\"ac74a06\" data-element_type=\"column\" data-e-type=\"column\">\n\t\t\t<div class=\"elementor-widget-wrap elementor-element-populated\">\n\t\t\t\t\t\t<div class=\"elementor-element elementor-element-ec085dc elementor-align-justify elementor-widget elementor-widget-button\" data-id=\"ec085dc\" data-element_type=\"widget\" data-e-type=\"widget\" data-widget_type=\"button.default\">\n\t\t\t\t<div class=\"elementor-widget-container\">\n\t\t\t\t\t\t\t\t\t<div class=\"elementor-button-wrapper\">\n\t\t\t\t\t<a class=\"elementor-button elementor-button-link elementor-size-sm\" href=\"https:\/\/fr.wikipedia.org\/wiki\/Mythologie_basque\" target=\"_blank\" rel=\"noopener\">\n\t\t\t\t\t\t<span class=\"elementor-button-content-wrapper\">\n\t\t\t\t\t\t\t\t\t<span class=\"elementor-button-text\">Wiki<\/span>\n\t\t\t\t\t<\/span>\n\t\t\t\t\t<\/a>\n\t\t\t\t<\/div>\n\t\t\t\t\t\t\t\t<\/div>\n\t\t\t\t<\/div>\n\t\t\t\t\t<\/div>\n\t\t<\/div>\n\t\t\t\t\t<\/div>\n\t\t<\/section>\n\t\t\t\t<section class=\"elementor-section elementor-top-section elementor-element elementor-element-9e6a039 elementor-section-boxed elementor-section-height-default elementor-section-height-default\" data-id=\"9e6a039\" data-element_type=\"section\" data-e-type=\"section\">\n\t\t\t\t\t\t<div class=\"elementor-container elementor-column-gap-default\">\n\t\t\t\t\t<div class=\"elementor-column elementor-col-100 elementor-top-column elementor-element elementor-element-7ebb72b2\" data-id=\"7ebb72b2\" data-element_type=\"column\" data-e-type=\"column\">\n\t\t\t<div class=\"elementor-widget-wrap elementor-element-populated\">\n\t\t\t\t\t\t<div class=\"elementor-element elementor-element-6aaf54d elementor-widget elementor-widget-text-editor\" data-id=\"6aaf54d\" data-element_type=\"widget\" data-e-type=\"widget\" data-widget_type=\"text-editor.default\">\n\t\t\t\t<div class=\"elementor-widget-container\">\n\t\t\t\t\t\t\t\t\t<p><\/p>\n<div id=\"ez-toc-container\" class=\"ez-toc-v2_0_82_2 counter-hierarchy ez-toc-counter ez-toc-grey ez-toc-container-direction\">\n<div class=\"ez-toc-title-container\">\n<p class=\"ez-toc-title\" style=\"cursor:inherit\">Contenido<\/p>\n<span class=\"ez-toc-title-toggle\"><a href=\"#\" class=\"ez-toc-pull-right ez-toc-btn ez-toc-btn-xs ez-toc-btn-default ez-toc-toggle\" aria-label=\"Alternar tabla de contenidos\"><span class=\"ez-toc-js-icon-con\"><span class=\"\"><span class=\"eztoc-hide\" style=\"display:none;\">Palanca<\/span><span class=\"ez-toc-icon-toggle-span\"><svg style=\"fill: #999;color:#999\" xmlns=\"http:\/\/www.w3.org\/2000\/svg\" class=\"list-377408\" width=\"20px\" height=\"20px\" viewbox=\"0 0 24 24\" fill=\"none\"><path d=\"M6 6H4v2h2V6zm14 0H8v2h12V6zM4 11h2v2H4v-2zm16 0H8v2h12v-2zM4 16h2v2H4v-2zm16 0H8v2h12v-2z\" fill=\"currentColor\"><\/path><\/svg><svg style=\"fill: #999;color:#999\" class=\"arrow-unsorted-368013\" xmlns=\"http:\/\/www.w3.org\/2000\/svg\" width=\"10px\" height=\"10px\" viewbox=\"0 0 24 24\" version=\"1.2\" baseprofile=\"tiny\"><path d=\"M18.2 9.3l-6.2-6.3-6.2 6.3c-.2.2-.3.4-.3.7s.1.5.3.7c.2.2.4.3.7.3h11c.3 0 .5-.1.7-.3.2-.2.3-.5.3-.7s-.1-.5-.3-.7zM5.8 14.7l6.2 6.3 6.2-6.3c.2-.2.3-.5.3-.7s-.1-.5-.3-.7c-.2-.2-.4-.3-.7-.3h-11c-.3 0-.5.1-.7.3-.2.2-.3.5-.3.7s.1.5.3.7z\"\/><\/svg><\/span><\/span><\/span><\/a><\/span><\/div>\n<nav><ul class='ez-toc-list ez-toc-list-level-1' ><li class='ez-toc-page-1 ez-toc-heading-level-2'><a class=\"ez-toc-link ez-toc-heading-1\" href=\"https:\/\/mythslegendes.com\/es\/mitologia-vasca\/cuentos-vascos-18\/#Contes-basques\" >Cuentos vascos<\/a><\/li><li class='ez-toc-page-1 ez-toc-heading-level-2'><a class=\"ez-toc-link ez-toc-heading-2\" href=\"https:\/\/mythslegendes.com\/es\/mitologia-vasca\/cuentos-vascos-18\/#Herensuge-et-Gaston-de-Belzunce\" >Herensuge y Gast\u00f3n de Belzunce<\/a><\/li><li class='ez-toc-page-1 ez-toc-heading-level-2'><a class=\"ez-toc-link ez-toc-heading-3\" href=\"https:\/\/mythslegendes.com\/es\/mitologia-vasca\/cuentos-vascos-18\/#La-bergere-de-Bidarrai\" >La pastora de Bidarrai<\/a><\/li><li class='ez-toc-page-1 ez-toc-heading-level-2'><a class=\"ez-toc-link ez-toc-heading-4\" href=\"https:\/\/mythslegendes.com\/es\/mitologia-vasca\/cuentos-vascos-18\/#Lhomme-et-la-couleuvre\" >El hombre y la serpiente.<\/a><\/li><\/ul><\/nav><\/div>\n<h2 class=\"wp-block-heading\"><span class=\"ez-toc-section\" id=\"Contes-basques\"><\/span>Cuentos vascos<span class=\"ez-toc-section-end\"><\/span><\/h2>\n<p>Aqu\u00ed hay varios cuentos. <a href=\"https:\/\/mythslegendes.com\/es\/mitologia-vasca\/\">vasco<\/a> : Herensuge y Gaston de Belzunce, la pastora de Bidarrai, el hombre y la serpiente<\/p>\n<p><img decoding=\"async\" class=\"alignnone wp-image-5284 size-full\" src=\"https:\/\/mythslegendes.com\/wp-content\/uploads\/2020\/09\/AlphaOmega-e1602613368367.png\" alt=\"Cuentos vascos\" width=\"25\" height=\"26\" title=\"\"><\/p>\n<h2><span class=\"ez-toc-section\" id=\"Herensuge-et-Gaston-de-Belzunce\"><\/span>Herensuge y Gast\u00f3n de Belzunce<span class=\"ez-toc-section-end\"><\/span><\/h2>\n<p><\/p>\n<p><\/p>\n<p>En 1407, una serpiente monstruosa, procedente de los Pirineos, caus\u00f3 destrozos en las orillas del Nive. Todos huyeron de los alrededores de Irubi (St Pierre d&#039;Irube), donde una cueva serv\u00eda de refugio a la hidra.<\/p>\n<p><\/p>\n<p><\/p>\n<p>Gast\u00f3n de Belsunce, un navarro de apenas diecinueve a\u00f1os, acompa\u00f1ado de un \u00fanico escudero, y teniendo como \u00fanica arma una lanza, acudi\u00f3 a desafiar al monstruo en su guarida. Cuando sali\u00f3 la enorme serpiente, el escudero huy\u00f3, s\u00f3lo qued\u00f3 el intr\u00e9pido Gast\u00f3n.<\/p>\n<p>Heri\u00f3 al monstruo antes de que lo abrazara y los dos, fuertemente atados, rodaron pendiente abajo.<br \/>Cayeron al Nive donde fueron encontrados muertos al d\u00eda siguiente.<\/p>\n<p><\/p>\n<p><\/p>\n<hr class=\"wp-block-separator\" \/>\n<p><\/p>\n<p><\/p>\n<h2 class=\"wp-block-heading\"><span class=\"ez-toc-section\" id=\"La-bergere-de-Bidarrai\"><\/span>La pastora de Bidarrai<span class=\"ez-toc-section-end\"><\/span><\/h2>\n<p><\/p>\n<p><\/p>\n<p>Una joven pastora de Bidarrai estaba pastando su reba\u00f1o de ovejas en el monte Iuskai. Un d\u00eda ella desapareci\u00f3. Sus padres y vecinos la buscaron en vano. No sab\u00edan nada de ella.<\/p>\n<p><\/p>\n<p><\/p>\n<p>Por la noche, en las cercan\u00edas de Iuskai, se escuch\u00f3 repetidamente una voz que dec\u00eda:<br \/>&quot;\u00a1Atr\u00e1s! \u00a1atr\u00e1s! \u201c\u00a0<br \/>(\u00a1Espera espera!)<\/p>\n<p><\/p>\n<p><\/p>\n<p>La gente qued\u00f3 at\u00f3nita.<br \/>Una noche vimos un chorro de luz atravesando el espacio, era como una estrella dirigi\u00e9ndose hacia el macizo de Zelharburu, entraba en una de las cuevas.<br \/>Al d\u00eda siguiente, los lugare\u00f1os fueron a explorar la cavidad y all\u00ed, en el fondo, vieron a la pastora petrificada. Hoy la llaman Harpeko Saindua (la santa de la cueva).<\/p>\n<p><\/p>\n<p><\/p>\n<hr class=\"wp-block-separator\" \/>\n<p><\/p>\n<p><\/p>\n<h2 class=\"wp-block-heading\"><span class=\"ez-toc-section\" id=\"Lhomme-et-la-couleuvre\"><\/span>El hombre y la serpiente.<span class=\"ez-toc-section-end\"><\/span><\/h2>\n<p><\/p>\n<p><\/p>\n<p>En Ormazarreta, en la monta\u00f1a de Aralar, un pastor hab\u00eda ido a pastar sus ovejas. Encontr\u00f3 una cr\u00eda de serpiente que le pareci\u00f3 un animal bonito y se la llev\u00f3 en una bolsa. Le ense\u00f1\u00f3 a beber suero.<br \/>Entonces, todos los d\u00edas a la misma hora, la joven serpiente ven\u00eda a beber el suero.<\/p>\n<p><\/p>\n<p><\/p>\n<p>Durante el invierno los pastores bajan a sus casas. Pero el pastor de Ormazarreta, cuando volvi\u00f3 en primavera, vino con un silbido y la serpiente volvi\u00f3 como antes. Entonces el pastor vendi\u00f3 sus ovejas y ya no subi\u00f3 a Aralar.<br \/>Sin embargo, una vez que regres\u00f3 a San Miguel de Aralar y pasando por Ormazarreta dijo a sus amigos:<br \/>&quot;Puedo sacar un monstruo aqu\u00ed&quot;.<\/p>\n<p><\/p>\n<p><\/p>\n<p>Comenzaron a discutir y \u00e9l sac\u00f3 el silbato y silb\u00f3, entonces apareci\u00f3 una serpiente enorme. El pastor se acerc\u00f3 pensando que no le har\u00eda nada, pero cuando la serpiente vio que no hab\u00eda suero, lo rode\u00f3 de pies a cabeza y lo asfixi\u00f3.<\/p>\n<p><\/p>\t\t\t\t\t\t\t\t<\/div>\n\t\t\t\t<\/div>\n\t\t\t\t\t<\/div>\n\t\t<\/div>\n\t\t\t\t\t<\/div>\n\t\t<\/section>\n\t\t\t\t<\/div>","protected":false},"excerpt":{"rendered":"<p>Mythologie Basque Wiki Contes basques Voici divers contes basques : Herensuge et Gaston de Belzunce, la berg\u00e8re de Bidarrai, l&rsquo;homme &hellip; <\/p>","protected":false},"author":1,"featured_media":0,"parent":1004,"menu_order":0,"comment_status":"closed","ping_status":"closed","template":"","meta":{"footnotes":""},"class_list":["post-1239","page","type-page","status-publish","hentry"],"amp_enabled":true,"_links":{"self":[{"href":"https:\/\/mythslegendes.com\/es\/wp-json\/wp\/v2\/pages\/1239","targetHints":{"allow":["GET"]}}],"collection":[{"href":"https:\/\/mythslegendes.com\/es\/wp-json\/wp\/v2\/pages"}],"about":[{"href":"https:\/\/mythslegendes.com\/es\/wp-json\/wp\/v2\/types\/page"}],"author":[{"embeddable":true,"href":"https:\/\/mythslegendes.com\/es\/wp-json\/wp\/v2\/users\/1"}],"replies":[{"embeddable":true,"href":"https:\/\/mythslegendes.com\/es\/wp-json\/wp\/v2\/comments?post=1239"}],"version-history":[{"count":1,"href":"https:\/\/mythslegendes.com\/es\/wp-json\/wp\/v2\/pages\/1239\/revisions"}],"predecessor-version":[{"id":24691,"href":"https:\/\/mythslegendes.com\/es\/wp-json\/wp\/v2\/pages\/1239\/revisions\/24691"}],"up":[{"embeddable":true,"href":"https:\/\/mythslegendes.com\/es\/wp-json\/wp\/v2\/pages\/1004"}],"wp:attachment":[{"href":"https:\/\/mythslegendes.com\/es\/wp-json\/wp\/v2\/media?parent=1239"}],"curies":[{"name":"wp","href":"https:\/\/api.w.org\/{rel}","templated":true}]}}