{"id":1241,"date":"2020-06-23T11:36:42","date_gmt":"2020-06-23T10:36:42","guid":{"rendered":"https:\/\/mythslegendes.com\/?page_id=1241"},"modified":"2022-12-03T22:07:03","modified_gmt":"2022-12-03T22:07:03","slug":"la-sainte-orpheline","status":"publish","type":"page","link":"https:\/\/mythslegendes.com\/es\/mitologia-vasca\/el-santo-huerfano\/","title":{"rendered":"El santo hu\u00e9rfano"},"content":{"rendered":"<div data-elementor-type=\"wp-page\" data-elementor-id=\"1241\" class=\"elementor elementor-1241\">\n\t\t\t\t\t\t<section class=\"elementor-section elementor-top-section elementor-element elementor-element-752a714 elementor-section-boxed elementor-section-height-default elementor-section-height-default\" data-id=\"752a714\" data-element_type=\"section\" data-e-type=\"section\">\n\t\t\t\t\t\t<div class=\"elementor-container elementor-column-gap-default\">\n\t\t\t\t\t<div class=\"elementor-column elementor-col-50 elementor-top-column elementor-element elementor-element-4d7014f\" data-id=\"4d7014f\" data-element_type=\"column\" data-e-type=\"column\">\n\t\t\t<div class=\"elementor-widget-wrap elementor-element-populated\">\n\t\t\t\t\t\t<div class=\"elementor-element elementor-element-ba0616e elementor-align-justify elementor-widget elementor-widget-button\" data-id=\"ba0616e\" data-element_type=\"widget\" data-e-type=\"widget\" data-widget_type=\"button.default\">\n\t\t\t\t<div class=\"elementor-widget-container\">\n\t\t\t\t\t\t\t\t\t<div class=\"elementor-button-wrapper\">\n\t\t\t\t\t<a class=\"elementor-button elementor-button-link elementor-size-sm\" href=\"https:\/\/mythslegendes.com\/es\/mitologia-vasca\/\">\n\t\t\t\t\t\t<span class=\"elementor-button-content-wrapper\">\n\t\t\t\t\t\t\t\t\t<span class=\"elementor-button-text\">Mitolog\u00eda vasca<\/span>\n\t\t\t\t\t<\/span>\n\t\t\t\t\t<\/a>\n\t\t\t\t<\/div>\n\t\t\t\t\t\t\t\t<\/div>\n\t\t\t\t<\/div>\n\t\t\t\t\t<\/div>\n\t\t<\/div>\n\t\t\t\t<div class=\"elementor-column elementor-col-50 elementor-top-column elementor-element elementor-element-6f1d6ac\" data-id=\"6f1d6ac\" data-element_type=\"column\" data-e-type=\"column\">\n\t\t\t<div class=\"elementor-widget-wrap elementor-element-populated\">\n\t\t\t\t\t\t<div class=\"elementor-element elementor-element-ed05a47 elementor-align-justify elementor-widget elementor-widget-button\" data-id=\"ed05a47\" data-element_type=\"widget\" data-e-type=\"widget\" data-widget_type=\"button.default\">\n\t\t\t\t<div class=\"elementor-widget-container\">\n\t\t\t\t\t\t\t\t\t<div class=\"elementor-button-wrapper\">\n\t\t\t\t\t<a class=\"elementor-button elementor-button-link elementor-size-sm\" href=\"https:\/\/fr.wikipedia.org\/wiki\/Mythologie_basque\" target=\"_blank\" rel=\"noopener\">\n\t\t\t\t\t\t<span class=\"elementor-button-content-wrapper\">\n\t\t\t\t\t\t\t\t\t<span class=\"elementor-button-text\">Wiki<\/span>\n\t\t\t\t\t<\/span>\n\t\t\t\t\t<\/a>\n\t\t\t\t<\/div>\n\t\t\t\t\t\t\t\t<\/div>\n\t\t\t\t<\/div>\n\t\t\t\t\t<\/div>\n\t\t<\/div>\n\t\t\t\t\t<\/div>\n\t\t<\/section>\n\t\t\t\t<section class=\"elementor-section elementor-top-section elementor-element elementor-element-5d8046a4 elementor-section-boxed elementor-section-height-default elementor-section-height-default\" data-id=\"5d8046a4\" data-element_type=\"section\" data-e-type=\"section\">\n\t\t\t\t\t\t<div class=\"elementor-container elementor-column-gap-default\">\n\t\t\t\t\t<div class=\"elementor-column elementor-col-100 elementor-top-column elementor-element elementor-element-7c758d35\" data-id=\"7c758d35\" data-element_type=\"column\" data-e-type=\"column\">\n\t\t\t<div class=\"elementor-widget-wrap elementor-element-populated\">\n\t\t\t\t\t\t<div class=\"elementor-element elementor-element-54962e83 elementor-widget elementor-widget-text-editor\" data-id=\"54962e83\" data-element_type=\"widget\" data-e-type=\"widget\" data-widget_type=\"text-editor.default\">\n\t\t\t\t<div class=\"elementor-widget-container\">\n\t\t\t\t\t\t\t\t\t<p><\/p>\n<p>Hab\u00eda una joven que viv\u00eda lejos del mundo, sola, en santidad. Todos los d\u00edas una paloma le tra\u00eda su comida. Un d\u00eda vio a una joven que dos gendarmes llevaban a prisi\u00f3n o a muerte. La santa hu\u00e9rfana se dijo a s\u00ed misma:<br \/>\u201cSi hubiera vivido como yo, no la habr\u00edan llevado a prisi\u00f3n. \u00bb<\/p>\n<p><img decoding=\"async\" class=\"alignnone wp-image-5284 size-full\" src=\"https:\/\/mythslegendes.com\/wp-content\/uploads\/2020\/09\/AlphaOmega-e1602613368367.png\" alt=\"El santo hu\u00e9rfano\" width=\"25\" height=\"26\" title=\"\"><\/p>\n<div id=\"ez-toc-container\" class=\"ez-toc-v2_0_82_2 counter-hierarchy ez-toc-counter ez-toc-grey ez-toc-container-direction\">\n<div class=\"ez-toc-title-container\">\n<p class=\"ez-toc-title\" style=\"cursor:inherit\">Contenido<\/p>\n<span class=\"ez-toc-title-toggle\"><a href=\"#\" class=\"ez-toc-pull-right ez-toc-btn ez-toc-btn-xs ez-toc-btn-default ez-toc-toggle\" aria-label=\"Alternar tabla de contenidos\"><span class=\"ez-toc-js-icon-con\"><span class=\"\"><span class=\"eztoc-hide\" style=\"display:none;\">Palanca<\/span><span class=\"ez-toc-icon-toggle-span\"><svg style=\"fill: #999;color:#999\" xmlns=\"http:\/\/www.w3.org\/2000\/svg\" class=\"list-377408\" width=\"20px\" height=\"20px\" viewbox=\"0 0 24 24\" fill=\"none\"><path d=\"M6 6H4v2h2V6zm14 0H8v2h12V6zM4 11h2v2H4v-2zm16 0H8v2h12v-2zM4 16h2v2H4v-2zm16 0H8v2h12v-2z\" fill=\"currentColor\"><\/path><\/svg><svg style=\"fill: #999;color:#999\" class=\"arrow-unsorted-368013\" xmlns=\"http:\/\/www.w3.org\/2000\/svg\" width=\"10px\" height=\"10px\" viewbox=\"0 0 24 24\" version=\"1.2\" baseprofile=\"tiny\"><path d=\"M18.2 9.3l-6.2-6.3-6.2 6.3c-.2.2-.3.4-.3.7s.1.5.3.7c.2.2.4.3.7.3h11c.3 0 .5-.1.7-.3.2-.2.3-.5.3-.7s-.1-.5-.3-.7zM5.8 14.7l6.2 6.3 6.2-6.3c.2-.2.3-.5.3-.7s-.1-.5-.3-.7c-.2-.2-.4-.3-.7-.3h-11c-.3 0-.5.1-.7.3-.2.2-.3.5-.3.7s.1.5.3.7z\"\/><\/svg><\/span><\/span><\/span><\/a><\/span><\/div>\n<nav><ul class='ez-toc-list ez-toc-list-level-1' ><li class='ez-toc-page-1 ez-toc-heading-level-2'><a class=\"ez-toc-link ez-toc-heading-1\" href=\"https:\/\/mythslegendes.com\/es\/mitologia-vasca\/el-santo-huerfano\/#La-sainte-orpheline\" >El santo hu\u00e9rfano<\/a><\/li><\/ul><\/nav><\/div>\n<h2><span class=\"ez-toc-section\" id=\"La-sainte-orpheline\"><\/span>El santo hu\u00e9rfano<span class=\"ez-toc-section-end\"><\/span><\/h2>\n<p><\/p>\n<p><\/p>\n<p>Y dicho esto, tuvo un pensamiento orgulloso y desde ese d\u00eda la paloma ya no le tra\u00eda comida. Ella fue donde un sacerdote y le cont\u00f3 lo que hab\u00eda sucedido y que desde entonces no hab\u00eda recibido ning\u00fan alimento. Este sacerdote le dijo que hab\u00eda sido castigada por ese pensamiento y que ten\u00eda que presenciar el nacimiento de tres ni\u00f1os y ver cu\u00e1les ser\u00edan sus regalos.<\/p>\n<p>El primero era hijo de un rey. Le pidi\u00f3 permiso a la reina para quedarse en su habitaci\u00f3n, en cualquier rinc\u00f3n, no le importar\u00eda que solo le diera permiso. Ella accedi\u00f3.<\/p>\n<p><\/p>\n<p><\/p>\n<p>Cuando esta reina dio a luz a un ni\u00f1o, el ni\u00f1o llevaba un cord\u00f3n blanco alrededor del cuello, y el hu\u00e9rfano comprendi\u00f3 que a los dieciocho a\u00f1os ser\u00eda guillotinado. Vio nacer a otro ni\u00f1o, una ni\u00f1a con un cord\u00f3n rojo alrededor del cuello, y vio que ir\u00eda mal y se perder\u00eda. Vio un tercer nacimiento, era un ni\u00f1o y llevaba un cord\u00f3n azul, lo que significaba que ser\u00eda muy bueno.<\/p>\n<p><\/p>\n<p><\/p>\n<p>Despu\u00e9s de ver esto, el hu\u00e9rfano regres\u00f3 con la reina. All\u00ed vivi\u00f3 feliz, cuidando especialmente del ni\u00f1o. Cuando ella lo acariciaba, muchas veces le dec\u00eda en tono triste:<br \/>&quot;\u00a1Pobre ni\u00f1o! \u00bb<\/p>\n<p><\/p>\n<p><\/p>\n<p>La madre se dio cuenta de esto y un d\u00eda le dijo: \u201cParece que este ni\u00f1o es muy desgraciado. \u00bfEs eso lo que haces cuando acaricias a un ni\u00f1o, como si estuviera muy triste, o como si algo le fuera a pasar? \u00bb<\/p>\n<p><\/p>\n<p><\/p>\n<p>Ella le dijo esto m\u00e1s de una vez. Y a medida que se acercaba la edad (fatal), la hu\u00e9rfana le cont\u00f3 a la reina lo que le suceder\u00eda a los dieciocho a\u00f1os. Te dejar\u00e9 juzgar la sentencia de la reina. Se lo repiti\u00f3 a su marido y el padre y la madre se lo dijeron a su hijo; quien dijo que ten\u00eda que salir de la casa inmediatamente. Luego viaj\u00f3 un largo camino hasta otra ciudad. Y como ten\u00eda educaci\u00f3n, se puso en una casa donde hab\u00eda una gran tienda. All\u00ed se vend\u00eda todo y como este joven era muy sabio, todos lo quer\u00edan.<\/p>\n<p>Lo o\u00edamos salir de casa todas las noches, pero no sab\u00edamos d\u00f3nde. El maestro ten\u00eda curiosidad (por saber) e hizo un agujero encima de la tienda, porque tambi\u00e9n pasar\u00eda all\u00ed durante la noche. Lo vio tomar una vela y poner el valor de esta vela en la caja registradora a trav\u00e9s del agujero del mostrador, contando el dinero en voz alta. Tomando consigo la vela, se arrodill\u00f3 y se dirigi\u00f3 a una capilla bastante alejada, todav\u00eda caminando de rodillas.<\/p>\n<p><\/p>\n<p><\/p>\n<p>El maestro lo sigui\u00f3 durante ocho d\u00edas y el ni\u00f1o siempre hac\u00eda lo mismo y al octavo d\u00eda el maestro mir\u00f3 por el ojo de la cerradura de la capilla y vio a un \u00e1ngel bajar y arrojarle una cadena a nuestro joven y el \u00e1ngel llevado por los aires. . Un momento despu\u00e9s volvi\u00f3 a bajar y regres\u00f3 a la casa de su amo.<\/p>\n<p><\/p>\n<p><\/p>\n<p>El maestro le dijo que lo hab\u00eda visto todo y el ni\u00f1o le dijo que sus penitencias tambi\u00e9n hab\u00edan terminado y que deb\u00eda irse a casa. El maestro no lo quiso.<br \/>\u201cIr\u00e1s despu\u00e9s, si quieres, pero primero debes casarte con mi hija. \u00bb<\/p>\n<p><\/p>\n<p><\/p>\n<p>Le dijo que ten\u00eda un padre y una madre y que no pod\u00eda hacerlo sin dec\u00edrselo, pero que si estaban de acuerdo lo har\u00eda de buen grado.<\/p>\n<p><\/p>\n<p><\/p>\n<p>Se fue directamente a casa. \u00a1Piensas qu\u00e9 alegr\u00eda para el rey y la reina! Temblaban constantemente por miedo a saber que hab\u00edan ahorcado a su amado hijo. No sab\u00edan qu\u00e9 hacer con la alegr\u00eda. Les cont\u00f3 c\u00f3mo hab\u00eda hecho penitencia y que sin duda el buen Dios lo hab\u00eda perdonado y c\u00f3mo su antiguo amo quer\u00eda casarlo con su hija. Lo cual hizo y todos vivieron felices y murieron bien.<\/p>\n<p><\/p>\t\t\t\t\t\t\t\t<\/div>\n\t\t\t\t<\/div>\n\t\t\t\t\t<\/div>\n\t\t<\/div>\n\t\t\t\t\t<\/div>\n\t\t<\/section>\n\t\t\t\t<\/div>","protected":false},"excerpt":{"rendered":"<p>Mythologie Basque Wiki Il y avait une jeune fille qui vivait loin du monde, seule, dans la saintet\u00e9. Tous les &hellip; <\/p>","protected":false},"author":1,"featured_media":0,"parent":1004,"menu_order":0,"comment_status":"closed","ping_status":"closed","template":"","meta":{"footnotes":""},"class_list":["post-1241","page","type-page","status-publish","hentry"],"amp_enabled":true,"_links":{"self":[{"href":"https:\/\/mythslegendes.com\/es\/wp-json\/wp\/v2\/pages\/1241","targetHints":{"allow":["GET"]}}],"collection":[{"href":"https:\/\/mythslegendes.com\/es\/wp-json\/wp\/v2\/pages"}],"about":[{"href":"https:\/\/mythslegendes.com\/es\/wp-json\/wp\/v2\/types\/page"}],"author":[{"embeddable":true,"href":"https:\/\/mythslegendes.com\/es\/wp-json\/wp\/v2\/users\/1"}],"replies":[{"embeddable":true,"href":"https:\/\/mythslegendes.com\/es\/wp-json\/wp\/v2\/comments?post=1241"}],"version-history":[{"count":1,"href":"https:\/\/mythslegendes.com\/es\/wp-json\/wp\/v2\/pages\/1241\/revisions"}],"predecessor-version":[{"id":24692,"href":"https:\/\/mythslegendes.com\/es\/wp-json\/wp\/v2\/pages\/1241\/revisions\/24692"}],"up":[{"embeddable":true,"href":"https:\/\/mythslegendes.com\/es\/wp-json\/wp\/v2\/pages\/1004"}],"wp:attachment":[{"href":"https:\/\/mythslegendes.com\/es\/wp-json\/wp\/v2\/media?parent=1241"}],"curies":[{"name":"wp","href":"https:\/\/api.w.org\/{rel}","templated":true}]}}