{"id":1246,"date":"2020-06-23T11:39:04","date_gmt":"2020-06-23T10:39:04","guid":{"rendered":"https:\/\/mythslegendes.com\/?page_id=1246"},"modified":"2022-12-03T22:07:03","modified_gmt":"2022-12-03T22:07:03","slug":"contes-basques-19","status":"publish","type":"page","link":"https:\/\/mythslegendes.com\/es\/mitologia-vasca\/cuentos-vascos-19\/","title":{"rendered":"Cuentos vascos 19"},"content":{"rendered":"<div data-elementor-type=\"wp-page\" data-elementor-id=\"1246\" class=\"elementor elementor-1246\">\n\t\t\t\t\t\t<section class=\"elementor-section elementor-top-section elementor-element elementor-element-32f299c elementor-section-boxed elementor-section-height-default elementor-section-height-default\" data-id=\"32f299c\" data-element_type=\"section\" data-e-type=\"section\">\n\t\t\t\t\t\t<div class=\"elementor-container elementor-column-gap-default\">\n\t\t\t\t\t<div class=\"elementor-column elementor-col-50 elementor-top-column elementor-element elementor-element-effd0c3\" data-id=\"effd0c3\" data-element_type=\"column\" data-e-type=\"column\">\n\t\t\t<div class=\"elementor-widget-wrap elementor-element-populated\">\n\t\t\t\t\t\t<div class=\"elementor-element elementor-element-289052f elementor-align-justify elementor-widget elementor-widget-button\" data-id=\"289052f\" data-element_type=\"widget\" data-e-type=\"widget\" data-widget_type=\"button.default\">\n\t\t\t\t<div class=\"elementor-widget-container\">\n\t\t\t\t\t\t\t\t\t<div class=\"elementor-button-wrapper\">\n\t\t\t\t\t<a class=\"elementor-button elementor-button-link elementor-size-sm\" href=\"https:\/\/mythslegendes.com\/es\/mitologia-vasca\/\">\n\t\t\t\t\t\t<span class=\"elementor-button-content-wrapper\">\n\t\t\t\t\t\t\t\t\t<span class=\"elementor-button-text\">Mitolog\u00eda vasca<\/span>\n\t\t\t\t\t<\/span>\n\t\t\t\t\t<\/a>\n\t\t\t\t<\/div>\n\t\t\t\t\t\t\t\t<\/div>\n\t\t\t\t<\/div>\n\t\t\t\t\t<\/div>\n\t\t<\/div>\n\t\t\t\t<div class=\"elementor-column elementor-col-50 elementor-top-column elementor-element elementor-element-3e3edad\" data-id=\"3e3edad\" data-element_type=\"column\" data-e-type=\"column\">\n\t\t\t<div class=\"elementor-widget-wrap elementor-element-populated\">\n\t\t\t\t\t\t<div class=\"elementor-element elementor-element-1b42435 elementor-align-justify elementor-widget elementor-widget-button\" data-id=\"1b42435\" data-element_type=\"widget\" data-e-type=\"widget\" data-widget_type=\"button.default\">\n\t\t\t\t<div class=\"elementor-widget-container\">\n\t\t\t\t\t\t\t\t\t<div class=\"elementor-button-wrapper\">\n\t\t\t\t\t<a class=\"elementor-button elementor-button-link elementor-size-sm\" href=\"https:\/\/fr.wikipedia.org\/wiki\/Mythologie_basque\" target=\"_blank\" rel=\"noopener\">\n\t\t\t\t\t\t<span class=\"elementor-button-content-wrapper\">\n\t\t\t\t\t\t\t\t\t<span class=\"elementor-button-text\">Wiki<\/span>\n\t\t\t\t\t<\/span>\n\t\t\t\t\t<\/a>\n\t\t\t\t<\/div>\n\t\t\t\t\t\t\t\t<\/div>\n\t\t\t\t<\/div>\n\t\t\t\t\t<\/div>\n\t\t<\/div>\n\t\t\t\t\t<\/div>\n\t\t<\/section>\n\t\t\t\t<section class=\"elementor-section elementor-top-section elementor-element elementor-element-50595ab6 elementor-section-boxed elementor-section-height-default elementor-section-height-default\" data-id=\"50595ab6\" data-element_type=\"section\" data-e-type=\"section\">\n\t\t\t\t\t\t<div class=\"elementor-container elementor-column-gap-default\">\n\t\t\t\t\t<div class=\"elementor-column elementor-col-100 elementor-top-column elementor-element elementor-element-362035cf\" data-id=\"362035cf\" data-element_type=\"column\" data-e-type=\"column\">\n\t\t\t<div class=\"elementor-widget-wrap elementor-element-populated\">\n\t\t\t\t\t\t<div class=\"elementor-element elementor-element-580a26ae elementor-widget elementor-widget-text-editor\" data-id=\"580a26ae\" data-element_type=\"widget\" data-e-type=\"widget\" data-widget_type=\"text-editor.default\">\n\t\t\t\t<div class=\"elementor-widget-container\">\n\t\t\t\t\t\t\t\t\t<p><\/p>\n<div id=\"ez-toc-container\" class=\"ez-toc-v2_0_82_2 counter-hierarchy ez-toc-counter ez-toc-grey ez-toc-container-direction\">\n<div class=\"ez-toc-title-container\">\n<p class=\"ez-toc-title\" style=\"cursor:inherit\">Contenido<\/p>\n<span class=\"ez-toc-title-toggle\"><a href=\"#\" class=\"ez-toc-pull-right ez-toc-btn ez-toc-btn-xs ez-toc-btn-default ez-toc-toggle\" aria-label=\"Alternar tabla de contenidos\"><span class=\"ez-toc-js-icon-con\"><span class=\"\"><span class=\"eztoc-hide\" style=\"display:none;\">Palanca<\/span><span class=\"ez-toc-icon-toggle-span\"><svg style=\"fill: #999;color:#999\" xmlns=\"http:\/\/www.w3.org\/2000\/svg\" class=\"list-377408\" width=\"20px\" height=\"20px\" viewbox=\"0 0 24 24\" fill=\"none\"><path d=\"M6 6H4v2h2V6zm14 0H8v2h12V6zM4 11h2v2H4v-2zm16 0H8v2h12v-2zM4 16h2v2H4v-2zm16 0H8v2h12v-2z\" fill=\"currentColor\"><\/path><\/svg><svg style=\"fill: #999;color:#999\" class=\"arrow-unsorted-368013\" xmlns=\"http:\/\/www.w3.org\/2000\/svg\" width=\"10px\" height=\"10px\" viewbox=\"0 0 24 24\" version=\"1.2\" baseprofile=\"tiny\"><path d=\"M18.2 9.3l-6.2-6.3-6.2 6.3c-.2.2-.3.4-.3.7s.1.5.3.7c.2.2.4.3.7.3h11c.3 0 .5-.1.7-.3.2-.2.3-.5.3-.7s-.1-.5-.3-.7zM5.8 14.7l6.2 6.3 6.2-6.3c.2-.2.3-.5.3-.7s-.1-.5-.3-.7c-.2-.2-.4-.3-.7-.3h-11c-.3 0-.5.1-.7.3-.2.2-.3.5-.3.7s.1.5.3.7z\"\/><\/svg><\/span><\/span><\/span><\/a><\/span><\/div>\n<nav><ul class='ez-toc-list ez-toc-list-level-1' ><li class='ez-toc-page-1 ez-toc-heading-level-2'><a class=\"ez-toc-link ez-toc-heading-1\" href=\"https:\/\/mythslegendes.com\/es\/mitologia-vasca\/cuentos-vascos-19\/#Contes-basques\" >Cuentos vascos<\/a><\/li><li class='ez-toc-page-1 ez-toc-heading-level-2'><a class=\"ez-toc-link ez-toc-heading-2\" href=\"https:\/\/mythslegendes.com\/es\/mitologia-vasca\/cuentos-vascos-19\/#Le-seigneur-de-Muntxaraz\" >El se\u00f1or de Muntxaraz<\/a><\/li><li class='ez-toc-page-1 ez-toc-heading-level-2'><a class=\"ez-toc-link ez-toc-heading-3\" href=\"https:\/\/mythslegendes.com\/es\/mitologia-vasca\/cuentos-vascos-19\/#Les-bons-et-les-mechants\" >Los buenos y los malos<\/a><\/li><li class='ez-toc-page-1 ez-toc-heading-level-2'><a class=\"ez-toc-link ez-toc-heading-4\" href=\"https:\/\/mythslegendes.com\/es\/mitologia-vasca\/cuentos-vascos-19\/#Les-Jentils-de-Leizadi\" >Los Jentils de Leizadi<\/a><\/li><\/ul><\/nav><\/div>\n<h2 class=\"wp-block-heading\"><span class=\"ez-toc-section\" id=\"Contes-basques\"><\/span>Cuentos vascos<span class=\"ez-toc-section-end\"><\/span><\/h2>\n<p>Aqu\u00ed hay varios cuentos. <a href=\"https:\/\/mythslegendes.com\/es\/mitologia-vasca\/\">vasco<\/a> : el se\u00f1or de Muntxaraz, los buenos y los malos, los Jentils de Leizadi<\/p>\n<p><img decoding=\"async\" class=\"alignnone wp-image-5284 size-full\" src=\"https:\/\/mythslegendes.com\/wp-content\/uploads\/2020\/09\/AlphaOmega-e1602613368367.png\" alt=\"Cuentos vascos\" width=\"25\" height=\"26\" title=\"\"><\/p>\n<h2><span class=\"ez-toc-section\" id=\"Le-seigneur-de-Muntxaraz\"><\/span>El se\u00f1or de Muntxaraz<span class=\"ez-toc-section-end\"><\/span><\/h2>\n<p><\/p>\n<p><\/p>\n<p>Un rey de Navarra dijo:<\/p>\n<p><\/p>\n<p><\/p>\n<p>Dar\u00e9 a mi hija en matrimonio a quien luchar\u00e1 y vencer\u00e1 a un negro de mi corte \u201d.<\/p>\n<p><\/p>\n<p><\/p>\n<p>El Se\u00f1or de Muntxaraz se adelant\u00f3 y triunf\u00f3 sobre la oscuridad. Entonces se cas\u00f3 con la infanta y la pareja se mud\u00f3 a su palacio en Abadiano.<\/p>\n<p><\/p>\n<p><\/p>\n<p>Tuvieron hijos e hijas. El mayor se llamaba Ibon y el \u00faltimo hijo era Marriuka. El primero iba a heredar la casa, por eso Marriuka lo odiaba. Organiz\u00f3 una excursi\u00f3n a Anboto con, entre otros, Ibon.<\/p>\n<p><\/p>\n<p><\/p>\n<p>All\u00ed arriba comieron y Marriuka dispuso que le sirvieran mucho vino a su hermano mayor. Este \u00faltimo fue abatido por la bebida y se qued\u00f3 dormido en el campo.<\/p>\n<p><\/p>\n<p><\/p>\n<p>Ayudada por una criada, Marriuka lo agarr\u00f3 y lo tir\u00f3 de las rocas. As\u00ed muri\u00f3 Ibon.<br \/>Marriuka regres\u00f3 a Muntxaraz y le dijo a su padre que Ibon hab\u00eda muerto en Anboto, tras una ca\u00edda en el macizo rocoso. Pero su conciencia lo acus\u00f3.<\/p>\n<p><\/p>\n<p><\/p>\n<p>Esa noche aparecieron en Muntxaraz los ximelgorri o genios diab\u00f3licos. Marriuka desapareci\u00f3. Como vive en Anboto o Sarrimendi, depende de la \u00e9poca.<\/p>\n<p><\/p>\n<p><\/p>\n<p>Cuando va a Oiz se la ve cruzando el aire como un chorro de fuego.<\/p>\n<p><\/p>\n<p><\/p>\n<hr class=\"wp-block-separator\" \/>\n<p><\/p>\n<p><\/p>\n<h2 class=\"wp-block-heading\"><span class=\"ez-toc-section\" id=\"Les-bons-et-les-mechants\"><\/span>Los buenos y los malos<span class=\"ez-toc-section-end\"><\/span><\/h2>\n<p><\/p>\n<p><\/p>\n<p>Un d\u00eda cay\u00f3 un rayo sobre un pueblo, y el buen San Pedro le pregunt\u00f3 al Se\u00f1or Jes\u00fas:<br \/>- &quot;Se\u00f1or, \u00bfpor qu\u00e9 cay\u00f3 un rayo sobre los buenos y los malos?&quot; \u00bfPor qu\u00e9 no solo con los malos? &quot;.<\/p>\n<p>En ese momento, Jes\u00fas no respondi\u00f3. Pero, m\u00e1s adelante, el Se\u00f1or Jes\u00fas dijo a San Pedro:<br \/>- &quot;Pierre, toma este enjambre de abejas&quot;.<br \/>- &quot;No tenemos una colmena, se\u00f1or. &quot;<br \/>-&quot; Es igual; ponlo contra tu pecho. &quot;<\/p>\n<p>San Pedro, por tanto, coloca el enjambre contra su pecho e inmediatamente comienza a llorar:<br \/>- &quot;\u00a1Ay! \u00a1Todos me est\u00e1n picando! \u00a1Ay!\u2026. &quot;<\/p>\n<p>Un poco m\u00e1s adelante, entonces, el Se\u00f1or Jes\u00fas:<br \/>- &quot;Dame el enjambre de abejas, que la hago entrar aqu\u00ed a la colmena&quot;<br \/>- &quot;\u00a1Se\u00f1or, pero es que claro que los aplast\u00e9 a todos!&quot; &quot;<br \/>-&quot; Por qu\u00e9 ? &quot;<br \/>- &quot;Porque me picaron&quot;. &quot;<br \/>- &quot;\u00bfPicaron? Todas ? Entonces, \u00bfpor qu\u00e9 aplastarlos a todos, a los buenos y a los malos? &quot;.<\/p>\n<p><\/p>\n<p><\/p>\n<hr class=\"wp-block-separator\" \/>\n<p><\/p>\n<p><\/p>\n<h2 class=\"wp-block-heading\"><span class=\"ez-toc-section\" id=\"Les-Jentils-de-Leizadi\"><\/span>Los Jentils de Leizadi<span class=\"ez-toc-section-end\"><\/span><\/h2>\n<p><\/p>\n<p><\/p>\n<p>Los Jentil, que viv\u00edan en la cueva de Leizadi, bajaron al lugar llamado Aizgerriko hasta las casas Begiriztain y Ayorre.<\/p>\n<p>Con sus canciones hac\u00edan feliz a la gente. Todos los d\u00edas uno de ellos iba a ver a un pastor que estaba parado en la cueva inferior de Leizadi, le ped\u00eda leche. El pastor le dio un poco hasta que, cansado de ser molestado tantas veces, calent\u00f3 la piedra que serv\u00eda de asiento del Jentil durante las visitas en las que beb\u00eda leche.<\/p>\n<p><\/p>\n<p><\/p>\n<p>Cuando lleg\u00f3, se sent\u00f3 como de costumbre pero tuvo que levantarse r\u00e1pidamente despu\u00e9s de quemarse las nalgas.<br \/>Dej\u00f3 este lugar para siempre.<\/p>\n<p><\/p>\t\t\t\t\t\t\t\t<\/div>\n\t\t\t\t<\/div>\n\t\t\t\t\t<\/div>\n\t\t<\/div>\n\t\t\t\t\t<\/div>\n\t\t<\/section>\n\t\t\t\t<\/div>","protected":false},"excerpt":{"rendered":"<p>Mythologie Basque Wiki Contes basques Voici divers contes basques : le seigneur de Muntxaraz, les bons et les m\u00e9chants, les &hellip; <\/p>","protected":false},"author":1,"featured_media":0,"parent":1004,"menu_order":0,"comment_status":"closed","ping_status":"closed","template":"","meta":{"footnotes":""},"class_list":["post-1246","page","type-page","status-publish","hentry"],"amp_enabled":true,"_links":{"self":[{"href":"https:\/\/mythslegendes.com\/es\/wp-json\/wp\/v2\/pages\/1246","targetHints":{"allow":["GET"]}}],"collection":[{"href":"https:\/\/mythslegendes.com\/es\/wp-json\/wp\/v2\/pages"}],"about":[{"href":"https:\/\/mythslegendes.com\/es\/wp-json\/wp\/v2\/types\/page"}],"author":[{"embeddable":true,"href":"https:\/\/mythslegendes.com\/es\/wp-json\/wp\/v2\/users\/1"}],"replies":[{"embeddable":true,"href":"https:\/\/mythslegendes.com\/es\/wp-json\/wp\/v2\/comments?post=1246"}],"version-history":[{"count":1,"href":"https:\/\/mythslegendes.com\/es\/wp-json\/wp\/v2\/pages\/1246\/revisions"}],"predecessor-version":[{"id":24693,"href":"https:\/\/mythslegendes.com\/es\/wp-json\/wp\/v2\/pages\/1246\/revisions\/24693"}],"up":[{"embeddable":true,"href":"https:\/\/mythslegendes.com\/es\/wp-json\/wp\/v2\/pages\/1004"}],"wp:attachment":[{"href":"https:\/\/mythslegendes.com\/es\/wp-json\/wp\/v2\/media?parent=1246"}],"curies":[{"name":"wp","href":"https:\/\/api.w.org\/{rel}","templated":true}]}}