{"id":1250,"date":"2020-06-23T11:42:11","date_gmt":"2020-06-23T10:42:11","guid":{"rendered":"https:\/\/mythslegendes.com\/?page_id=1250"},"modified":"2022-12-03T22:07:04","modified_gmt":"2022-12-03T22:07:04","slug":"contes-basques-20","status":"publish","type":"page","link":"https:\/\/mythslegendes.com\/es\/mitologia-vasca\/cuentos-vascos-20\/","title":{"rendered":"Cuentos vascos 20"},"content":{"rendered":"<div data-elementor-type=\"wp-page\" data-elementor-id=\"1250\" class=\"elementor elementor-1250\">\n\t\t\t\t\t\t<section class=\"elementor-section elementor-top-section elementor-element elementor-element-82ae4b4 elementor-section-boxed elementor-section-height-default elementor-section-height-default\" data-id=\"82ae4b4\" data-element_type=\"section\" data-e-type=\"section\">\n\t\t\t\t\t\t<div class=\"elementor-container elementor-column-gap-default\">\n\t\t\t\t\t<div class=\"elementor-column elementor-col-50 elementor-top-column elementor-element elementor-element-0c2cfd2\" data-id=\"0c2cfd2\" data-element_type=\"column\" data-e-type=\"column\">\n\t\t\t<div class=\"elementor-widget-wrap elementor-element-populated\">\n\t\t\t\t\t\t<div class=\"elementor-element elementor-element-b20e1c4 elementor-align-justify elementor-widget elementor-widget-button\" data-id=\"b20e1c4\" data-element_type=\"widget\" data-e-type=\"widget\" data-widget_type=\"button.default\">\n\t\t\t\t<div class=\"elementor-widget-container\">\n\t\t\t\t\t\t\t\t\t<div class=\"elementor-button-wrapper\">\n\t\t\t\t\t<a class=\"elementor-button elementor-button-link elementor-size-sm\" href=\"https:\/\/mythslegendes.com\/es\/mitologia-vasca\/\">\n\t\t\t\t\t\t<span class=\"elementor-button-content-wrapper\">\n\t\t\t\t\t\t\t\t\t<span class=\"elementor-button-text\">Mitolog\u00eda vasca<\/span>\n\t\t\t\t\t<\/span>\n\t\t\t\t\t<\/a>\n\t\t\t\t<\/div>\n\t\t\t\t\t\t\t\t<\/div>\n\t\t\t\t<\/div>\n\t\t\t\t\t<\/div>\n\t\t<\/div>\n\t\t\t\t<div class=\"elementor-column elementor-col-50 elementor-top-column elementor-element elementor-element-47cf69b\" data-id=\"47cf69b\" data-element_type=\"column\" data-e-type=\"column\">\n\t\t\t<div class=\"elementor-widget-wrap elementor-element-populated\">\n\t\t\t\t\t\t<div class=\"elementor-element elementor-element-f4e7753 elementor-align-justify elementor-widget elementor-widget-button\" data-id=\"f4e7753\" data-element_type=\"widget\" data-e-type=\"widget\" data-widget_type=\"button.default\">\n\t\t\t\t<div class=\"elementor-widget-container\">\n\t\t\t\t\t\t\t\t\t<div class=\"elementor-button-wrapper\">\n\t\t\t\t\t<a class=\"elementor-button elementor-button-link elementor-size-sm\" href=\"https:\/\/fr.wikipedia.org\/wiki\/Mythologie_basque\" target=\"_blank\" rel=\"noopener\">\n\t\t\t\t\t\t<span class=\"elementor-button-content-wrapper\">\n\t\t\t\t\t\t\t\t\t<span class=\"elementor-button-text\">Wiki<\/span>\n\t\t\t\t\t<\/span>\n\t\t\t\t\t<\/a>\n\t\t\t\t<\/div>\n\t\t\t\t\t\t\t\t<\/div>\n\t\t\t\t<\/div>\n\t\t\t\t\t<\/div>\n\t\t<\/div>\n\t\t\t\t\t<\/div>\n\t\t<\/section>\n\t\t\t\t<section class=\"elementor-section elementor-top-section elementor-element elementor-element-ef78f5c elementor-section-boxed elementor-section-height-default elementor-section-height-default\" data-id=\"ef78f5c\" data-element_type=\"section\" data-e-type=\"section\">\n\t\t\t\t\t\t<div class=\"elementor-container elementor-column-gap-default\">\n\t\t\t\t\t<div class=\"elementor-column elementor-col-100 elementor-top-column elementor-element elementor-element-159b56de\" data-id=\"159b56de\" data-element_type=\"column\" data-e-type=\"column\">\n\t\t\t<div class=\"elementor-widget-wrap elementor-element-populated\">\n\t\t\t\t\t\t<div class=\"elementor-element elementor-element-1025801 elementor-widget elementor-widget-text-editor\" data-id=\"1025801\" data-element_type=\"widget\" data-e-type=\"widget\" data-widget_type=\"text-editor.default\">\n\t\t\t\t<div class=\"elementor-widget-container\">\n\t\t\t\t\t\t\t\t\t<p><\/p>\n<div id=\"ez-toc-container\" class=\"ez-toc-v2_0_82_2 counter-hierarchy ez-toc-counter ez-toc-grey ez-toc-container-direction\">\n<div class=\"ez-toc-title-container\">\n<p class=\"ez-toc-title\" style=\"cursor:inherit\">Contenido<\/p>\n<span class=\"ez-toc-title-toggle\"><a href=\"#\" class=\"ez-toc-pull-right ez-toc-btn ez-toc-btn-xs ez-toc-btn-default ez-toc-toggle\" aria-label=\"Alternar tabla de contenidos\"><span class=\"ez-toc-js-icon-con\"><span class=\"\"><span class=\"eztoc-hide\" style=\"display:none;\">Palanca<\/span><span class=\"ez-toc-icon-toggle-span\"><svg style=\"fill: #999;color:#999\" xmlns=\"http:\/\/www.w3.org\/2000\/svg\" class=\"list-377408\" width=\"20px\" height=\"20px\" viewbox=\"0 0 24 24\" fill=\"none\"><path d=\"M6 6H4v2h2V6zm14 0H8v2h12V6zM4 11h2v2H4v-2zm16 0H8v2h12v-2zM4 16h2v2H4v-2zm16 0H8v2h12v-2z\" fill=\"currentColor\"><\/path><\/svg><svg style=\"fill: #999;color:#999\" class=\"arrow-unsorted-368013\" xmlns=\"http:\/\/www.w3.org\/2000\/svg\" width=\"10px\" height=\"10px\" viewbox=\"0 0 24 24\" version=\"1.2\" baseprofile=\"tiny\"><path d=\"M18.2 9.3l-6.2-6.3-6.2 6.3c-.2.2-.3.4-.3.7s.1.5.3.7c.2.2.4.3.7.3h11c.3 0 .5-.1.7-.3.2-.2.3-.5.3-.7s-.1-.5-.3-.7zM5.8 14.7l6.2 6.3 6.2-6.3c.2-.2.3-.5.3-.7s-.1-.5-.3-.7c-.2-.2-.4-.3-.7-.3h-11c-.3 0-.5.1-.7.3-.2.2-.3.5-.3.7s.1.5.3.7z\"\/><\/svg><\/span><\/span><\/span><\/a><\/span><\/div>\n<nav><ul class='ez-toc-list ez-toc-list-level-1' ><li class='ez-toc-page-1 ez-toc-heading-level-2'><a class=\"ez-toc-link ez-toc-heading-1\" href=\"https:\/\/mythslegendes.com\/es\/mitologia-vasca\/cuentos-vascos-20\/#Contes-basques\" >Cuentos vascos<\/a><\/li><li class='ez-toc-page-1 ez-toc-heading-level-2'><a class=\"ez-toc-link ez-toc-heading-2\" href=\"https:\/\/mythslegendes.com\/es\/mitologia-vasca\/cuentos-vascos-20\/#Le-septieme-commandement\" >El septimo mandamiento<\/a><\/li><li class='ez-toc-page-1 ez-toc-heading-level-2'><a class=\"ez-toc-link ez-toc-heading-3\" href=\"https:\/\/mythslegendes.com\/es\/mitologia-vasca\/cuentos-vascos-20\/#Le-cailloux-et-la-bouse-de-vache\" >Guijarros y esti\u00e9rcol de vaca<\/a><\/li><li class='ez-toc-page-1 ez-toc-heading-level-2'><a class=\"ez-toc-link ez-toc-heading-4\" href=\"https:\/\/mythslegendes.com\/es\/mitologia-vasca\/cuentos-vascos-20\/#Le-serpent-dAlcay\" >La Serpiente de Alcay<\/a><\/li><\/ul><\/nav><\/div>\n<h2 class=\"wp-block-heading\"><span class=\"ez-toc-section\" id=\"Contes-basques\"><\/span>Cuentos vascos<span class=\"ez-toc-section-end\"><\/span><\/h2>\n<p>Aqu\u00ed hay varios cuentos. <a href=\"https:\/\/mythslegendes.com\/es\/mitologia-vasca\/\">vasco<\/a> : el s\u00e9ptimo mandamiento, los guijarros y el esti\u00e9rcol de vaca, la serpiente de Alcay<\/p>\n<p><img decoding=\"async\" class=\"alignnone wp-image-5284 size-full\" src=\"https:\/\/mythslegendes.com\/wp-content\/uploads\/2020\/09\/AlphaOmega-e1602613368367.png\" alt=\"Cuentos vascos\" width=\"25\" height=\"26\" title=\"\"><\/p>\n<h2><span class=\"ez-toc-section\" id=\"Le-septieme-commandement\"><\/span>El septimo mandamiento<span class=\"ez-toc-section-end\"><\/span><\/h2>\n<p><\/p>\n<p><\/p>\n<p>Un d\u00eda, mientras el Se\u00f1or Jes\u00fas y San Pedro iban de un lado a otro por la tierra <a href=\"https:\/\/mythslegendes.com\/es\/mitologia-vasca\/\">vasco<\/a>, San Pedro se enfureci\u00f3 violentamente. Observ\u00f3 que, a la izquierda, a la derecha, amos y sirvientes, vendedores y compradores, trabajadores y ociosos, todos se dedicaban al robo.<\/p>\n<p><\/p>\n<p><\/p>\n<p>\u2013 \u201c\u00a1Se\u00f1or, debes darles una buena paliza a estos sinverg\u00fcenzas de ladrones!. \u00bb<br \/>\u201c\u00a1C\u00e1llate, Pedro! como si fueran ladrones!\u2026\u201d\u00a0<br \/>\u201c\u00a1No son ladrones! Entonces, \u00bfqu\u00e9 son? \u00bb<\/p>\n<p>\u2013 \u201cPara que haya ladrones, tendr\u00eda que haber un s\u00e9ptimo mandamiento. Ahora, desde hace mucho tiempo, los hombres han tachado el s\u00e9ptimo de entre mis mandamientos. Por eso no hay m\u00e1s robos, ni m\u00e1s ladrones. \u00bb<br \/>\u2013 \u201c\u00a1Pero es que no has tachado este mandamiento!\u2026\u201d<br \/>\u2013 \u201cAs\u00ed es, Pierre, tambi\u00e9n, les guste o no a los hombres, siempre hay \u2013\u00a1ay!\u2013 ladrones que habr\u00e1 que castigar. \u00bb<\/p>\n<p><\/p>\n<p><\/p>\n<hr class=\"wp-block-separator\" \/>\n<p><\/p>\n<p><\/p>\n<h2 class=\"wp-block-heading\"><span class=\"ez-toc-section\" id=\"Le-cailloux-et-la-bouse-de-vache\"><\/span>Guijarros y esti\u00e9rcol de vaca<span class=\"ez-toc-section-end\"><\/span><\/h2>\n<p><\/p>\n<p><\/p>\n<p>El Se\u00f1or Jes\u00fas y San Pedro se fueron un d\u00eda juntos. San Pedro, habiendo comenzado a mirar a su alrededor, golpe\u00f3 con el pie una piedra grande, \u00a1y el pobre hombre se lo tom\u00f3 muy mal! Se enoj\u00f3 y tom\u00f3 la piedra en sus manos para lanzarla con todas sus fuerzas.<\/p>\n<p>Pero el Se\u00f1or Jes\u00fas entonces le dijo:<br \/>&quot;\u00a1No te enojes tanto! De esta piedra en bruto har\u00e9 vasco. \u00bb<br \/>Y as\u00ed lo hizo. M\u00e1s adelante, mientras a\u00fan caminaban, San Pedro resbal\u00f3 en un esti\u00e9rcol de vaca y casi cay\u00f3 de cuerpo entero.<\/p>\n<p>El desgraciado a\u00fan estaba enojado, pero el Se\u00f1or Jes\u00fas le dijo:<br \/>\u2013 \u201c\u00a1No te enojes, Pierre! \u00a1Solo ten cuidado donde pisas! \u00bfQu\u00e9 vamos a hacer con este esti\u00e9rcol de vaca?<br \/>\u201cQue sea el gallego, se\u00f1or.<br \/>\u2013 \u201cEntonces vamos a hacer un gallego de eso, Pierre. \u00bb<br \/>Y tambi\u00e9n el Se\u00f1or Jes\u00fas.<\/p>\n<p><\/p>\n<p><\/p>\n<hr class=\"wp-block-separator\" \/>\n<p><\/p>\n<p><\/p>\n<h2 class=\"wp-block-heading\"><span class=\"ez-toc-section\" id=\"Le-serpent-dAlcay\"><\/span>La Serpiente de Alcay<span class=\"ez-toc-section-end\"><\/span><\/h2>\n<p><\/p>\n<p><\/p>\n<p>Al borde del bosque de Zouhoure, hay un pasto en la ladera de la monta\u00f1a Azal\u00e9guy, y, en medio de la ladera, una guarida que domina un abismo.<br \/>Antiguamente los pastores de los alrededores perd\u00edan su ganado y no encontraban rastro de \u00e9l por ninguna parte.<\/p>\n<p><\/p>\n<p><\/p>\n<p>Un d\u00eda, una serpiente terrible sali\u00f3 de la guarida para ir a beber. Vimos su cabeza en el agua del arroyo, y su cola todav\u00eda cerca de la guarida. Atrajo a las ovejas solo con su aspiraci\u00f3n y se las trag\u00f3. Entonces, \u00bfqu\u00e9 hab\u00eda que hacer?<\/p>\n<p><\/p>\n<p><\/p>\n<p>En ese momento, hab\u00eda en Athaguy un caballero, m\u00e1s joven de esta casa, que no ten\u00eda miedo de nada. Quer\u00eda saber si ser\u00eda el amo de la serpiente. Puso una piel de vaca llena de polvo en su montura y se alej\u00f3.<\/p>\n<p><\/p>\n<p><\/p>\n<p>Cuando lleg\u00f3 a Harburia, at\u00f3 su montura a un \u00e1rbol de espino. Desde la cima de la monta\u00f1a de Azal\u00e9guy, hizo rodar la piel a pasos agigantados frente a la cueva. \u00a1Ay! Bien ! El Buen Dios le hab\u00eda dado agilidad.<\/p>\n<p><\/p>\n<p><\/p>\n<p>Mont\u00f3 su caballo, comparable al rel\u00e1mpago, descendi\u00f3 el valle y se volvi\u00f3 hacia Al\u00e7ay. Llegaba al collado de Hangaitz cuando oy\u00f3 el ruido de cien campanas a sus espaldas. Habi\u00e9ndose tragado la serpiente la piel de vaca, la p\u00f3lvora se hab\u00eda incendiado. Baj\u00f3 rodando por el Bois d&#039;Ithe, destrozando las j\u00f3venes hayas con la punta de la cola. A trav\u00e9s de Aussurucq lleg\u00f3 al mar y all\u00ed se ahog\u00f3. Para el caballero de Athaguy, el silbido de la serpiente y el ruido convirtieron su sangre en agua; se meti\u00f3 en su cama y muri\u00f3. &quot;\u00a0<\/p>\n<p><\/p>\t\t\t\t\t\t\t\t<\/div>\n\t\t\t\t<\/div>\n\t\t\t\t\t<\/div>\n\t\t<\/div>\n\t\t\t\t\t<\/div>\n\t\t<\/section>\n\t\t\t\t<\/div>","protected":false},"excerpt":{"rendered":"<p>Mythologie Basque Wiki Contes basques Voici divers contes basques : le septi\u00e8me commandement, le cailloux et la bouse de vache, &hellip; <\/p>","protected":false},"author":1,"featured_media":0,"parent":1004,"menu_order":0,"comment_status":"closed","ping_status":"closed","template":"","meta":{"footnotes":""},"class_list":["post-1250","page","type-page","status-publish","hentry"],"amp_enabled":true,"_links":{"self":[{"href":"https:\/\/mythslegendes.com\/es\/wp-json\/wp\/v2\/pages\/1250","targetHints":{"allow":["GET"]}}],"collection":[{"href":"https:\/\/mythslegendes.com\/es\/wp-json\/wp\/v2\/pages"}],"about":[{"href":"https:\/\/mythslegendes.com\/es\/wp-json\/wp\/v2\/types\/page"}],"author":[{"embeddable":true,"href":"https:\/\/mythslegendes.com\/es\/wp-json\/wp\/v2\/users\/1"}],"replies":[{"embeddable":true,"href":"https:\/\/mythslegendes.com\/es\/wp-json\/wp\/v2\/comments?post=1250"}],"version-history":[{"count":1,"href":"https:\/\/mythslegendes.com\/es\/wp-json\/wp\/v2\/pages\/1250\/revisions"}],"predecessor-version":[{"id":24694,"href":"https:\/\/mythslegendes.com\/es\/wp-json\/wp\/v2\/pages\/1250\/revisions\/24694"}],"up":[{"embeddable":true,"href":"https:\/\/mythslegendes.com\/es\/wp-json\/wp\/v2\/pages\/1004"}],"wp:attachment":[{"href":"https:\/\/mythslegendes.com\/es\/wp-json\/wp\/v2\/media?parent=1250"}],"curies":[{"name":"wp","href":"https:\/\/api.w.org\/{rel}","templated":true}]}}