{"id":1253,"date":"2020-06-23T11:41:21","date_gmt":"2020-06-23T10:41:21","guid":{"rendered":"https:\/\/mythslegendes.com\/?page_id=1253"},"modified":"2022-12-03T22:07:04","modified_gmt":"2022-12-03T22:07:04","slug":"jesus-christ-et-le-vieux-soldat","status":"publish","type":"page","link":"https:\/\/mythslegendes.com\/es\/mitologia-vasca\/jesucristo-y-el-viejo-soldado\/","title":{"rendered":"Jesucristo y el viejo soldado"},"content":{"rendered":"<div data-elementor-type=\"wp-page\" data-elementor-id=\"1253\" class=\"elementor elementor-1253\">\n\t\t\t\t\t\t<section class=\"elementor-section elementor-top-section elementor-element elementor-element-b4a21b2 elementor-section-boxed elementor-section-height-default elementor-section-height-default\" data-id=\"b4a21b2\" data-element_type=\"section\" data-e-type=\"section\">\n\t\t\t\t\t\t<div class=\"elementor-container elementor-column-gap-default\">\n\t\t\t\t\t<div class=\"elementor-column elementor-col-50 elementor-top-column elementor-element elementor-element-b74406c\" data-id=\"b74406c\" data-element_type=\"column\" data-e-type=\"column\">\n\t\t\t<div class=\"elementor-widget-wrap elementor-element-populated\">\n\t\t\t\t\t\t<div class=\"elementor-element elementor-element-59c2b10 elementor-align-justify elementor-widget elementor-widget-button\" data-id=\"59c2b10\" data-element_type=\"widget\" data-e-type=\"widget\" data-widget_type=\"button.default\">\n\t\t\t\t<div class=\"elementor-widget-container\">\n\t\t\t\t\t\t\t\t\t<div class=\"elementor-button-wrapper\">\n\t\t\t\t\t<a class=\"elementor-button elementor-button-link elementor-size-sm\" href=\"https:\/\/mythslegendes.com\/es\/mitologia-vasca\/\">\n\t\t\t\t\t\t<span class=\"elementor-button-content-wrapper\">\n\t\t\t\t\t\t\t\t\t<span class=\"elementor-button-text\">Mitolog\u00eda vasca<\/span>\n\t\t\t\t\t<\/span>\n\t\t\t\t\t<\/a>\n\t\t\t\t<\/div>\n\t\t\t\t\t\t\t\t<\/div>\n\t\t\t\t<\/div>\n\t\t\t\t\t<\/div>\n\t\t<\/div>\n\t\t\t\t<div class=\"elementor-column elementor-col-50 elementor-top-column elementor-element elementor-element-fa95e13\" data-id=\"fa95e13\" data-element_type=\"column\" data-e-type=\"column\">\n\t\t\t<div class=\"elementor-widget-wrap elementor-element-populated\">\n\t\t\t\t\t\t<div class=\"elementor-element elementor-element-ca586b6 elementor-align-justify elementor-widget elementor-widget-button\" data-id=\"ca586b6\" data-element_type=\"widget\" data-e-type=\"widget\" data-widget_type=\"button.default\">\n\t\t\t\t<div class=\"elementor-widget-container\">\n\t\t\t\t\t\t\t\t\t<div class=\"elementor-button-wrapper\">\n\t\t\t\t\t<a class=\"elementor-button elementor-button-link elementor-size-sm\" href=\"https:\/\/fr.wikipedia.org\/wiki\/Mythologie_basque\" target=\"_blank\" rel=\"noopener\">\n\t\t\t\t\t\t<span class=\"elementor-button-content-wrapper\">\n\t\t\t\t\t\t\t\t\t<span class=\"elementor-button-text\">Wiki<\/span>\n\t\t\t\t\t<\/span>\n\t\t\t\t\t<\/a>\n\t\t\t\t<\/div>\n\t\t\t\t\t\t\t\t<\/div>\n\t\t\t\t<\/div>\n\t\t\t\t\t<\/div>\n\t\t<\/div>\n\t\t\t\t\t<\/div>\n\t\t<\/section>\n\t\t\t\t<section class=\"elementor-section elementor-top-section elementor-element elementor-element-f002b98 elementor-section-boxed elementor-section-height-default elementor-section-height-default\" data-id=\"f002b98\" data-element_type=\"section\" data-e-type=\"section\">\n\t\t\t\t\t\t<div class=\"elementor-container elementor-column-gap-default\">\n\t\t\t\t\t<div class=\"elementor-column elementor-col-100 elementor-top-column elementor-element elementor-element-4b42fc01\" data-id=\"4b42fc01\" data-element_type=\"column\" data-e-type=\"column\">\n\t\t\t<div class=\"elementor-widget-wrap elementor-element-populated\">\n\t\t\t\t\t\t<div class=\"elementor-element elementor-element-6d6a0d14 elementor-widget elementor-widget-text-editor\" data-id=\"6d6a0d14\" data-element_type=\"widget\" data-e-type=\"widget\" data-widget_type=\"text-editor.default\">\n\t\t\t\t<div class=\"elementor-widget-container\">\n\t\t\t\t\t\t\t\t\t<p><\/p>\n<p>Una vez que Jesucristo iba con sus disc\u00edpulos a Jerusal\u00e9n, se encontr\u00f3 con un anciano y le pidi\u00f3 limosna. El anciano le dijo:<br \/>\u201cSoy un viejo soldado y me despidieron del ej\u00e9rcito con solo dos centavos, porque ya no serv\u00eda para nada. Ya he dado un centavo por el camino, solo me queda uno y te lo dar\u00e9. &quot;<\/p>\n<p><img decoding=\"async\" class=\"alignnone wp-image-5284 size-full\" src=\"https:\/\/mythslegendes.com\/wp-content\/uploads\/2020\/09\/AlphaOmega-e1602613368367.png\" alt=\"Jes\u00fas y el viejo soldado\" width=\"25\" height=\"26\" title=\"\"><\/p>\n<div id=\"ez-toc-container\" class=\"ez-toc-v2_0_82_2 counter-hierarchy ez-toc-counter ez-toc-grey ez-toc-container-direction\">\n<div class=\"ez-toc-title-container\">\n<p class=\"ez-toc-title\" style=\"cursor:inherit\">Contenido<\/p>\n<span class=\"ez-toc-title-toggle\"><a href=\"#\" class=\"ez-toc-pull-right ez-toc-btn ez-toc-btn-xs ez-toc-btn-default ez-toc-toggle\" aria-label=\"Alternar tabla de contenidos\"><span class=\"ez-toc-js-icon-con\"><span class=\"\"><span class=\"eztoc-hide\" style=\"display:none;\">Palanca<\/span><span class=\"ez-toc-icon-toggle-span\"><svg style=\"fill: #999;color:#999\" xmlns=\"http:\/\/www.w3.org\/2000\/svg\" class=\"list-377408\" width=\"20px\" height=\"20px\" viewbox=\"0 0 24 24\" fill=\"none\"><path d=\"M6 6H4v2h2V6zm14 0H8v2h12V6zM4 11h2v2H4v-2zm16 0H8v2h12v-2zM4 16h2v2H4v-2zm16 0H8v2h12v-2z\" fill=\"currentColor\"><\/path><\/svg><svg style=\"fill: #999;color:#999\" class=\"arrow-unsorted-368013\" xmlns=\"http:\/\/www.w3.org\/2000\/svg\" width=\"10px\" height=\"10px\" viewbox=\"0 0 24 24\" version=\"1.2\" baseprofile=\"tiny\"><path d=\"M18.2 9.3l-6.2-6.3-6.2 6.3c-.2.2-.3.4-.3.7s.1.5.3.7c.2.2.4.3.7.3h11c.3 0 .5-.1.7-.3.2-.2.3-.5.3-.7s-.1-.5-.3-.7zM5.8 14.7l6.2 6.3 6.2-6.3c.2-.2.3-.5.3-.7s-.1-.5-.3-.7c-.2-.2-.4-.3-.7-.3h-11c-.3 0-.5.1-.7.3-.2.2-.3.5-.3.7s.1.5.3.7z\"\/><\/svg><\/span><\/span><\/span><\/a><\/span><\/div>\n<nav><ul class='ez-toc-list ez-toc-list-level-1' ><li class='ez-toc-page-1 ez-toc-heading-level-2'><a class=\"ez-toc-link ez-toc-heading-1\" href=\"https:\/\/mythslegendes.com\/es\/mitologia-vasca\/jesucristo-y-el-viejo-soldado\/#Jesus-et-le-vieux-soldat\" >Jes\u00fas y el viejo soldado<\/a><\/li><\/ul><\/nav><\/div>\n<h2><span class=\"ez-toc-section\" id=\"Jesus-et-le-vieux-soldat\"><\/span>Jes\u00fas y el viejo soldado<span class=\"ez-toc-section-end\"><\/span><\/h2>\n<p><\/p>\n<p>Entonces Jes\u00fas le dijo: &quot;\u00bfQu\u00e9 te gustar\u00eda, una bolsa de oro o el cielo?&quot; &quot;<br \/>San Pedro le dio un codazo en las costillas al anciano: \u201cDi cielo. &quot;<br \/>&quot; Qu\u00e9 ! el paraiso ! Dijo el viejo soldado. \u201cDespu\u00e9s de eso tambi\u00e9n tendremos el para\u00edso. Prefiero una bolsa de oro. &quot;<\/p>\n<p><\/p>\n<p>Y Jes\u00fas le dio la bolsa de oro, y se la dio diciendo;<br \/>&quot;Cuando esta bolsa est\u00e1 vac\u00eda, solo tienes que decir: \u00a1Artchila mur\u00eechila! entra en mi bolso! y lo que quieras ir\u00e1 a la bolsa. &quot;<\/p>\n<p><\/p>\n<p>Nuestro hombre tom\u00f3 la bolsa y comenz\u00f3 a caminar. Despu\u00e9s de caminar un poco, pas\u00f3 frente a la puerta de una posada y vio una hermosa pierna de cordero en la mesa. Ten\u00eda hambre y, abriendo su bolso, dijo:<br \/>&quot;\u00a1Ar\u00eechila murtchila!&quot; deliciosa pierna de cordero, cabe en mi bolso! E instant\u00e1neamente estaba adentro y ten\u00eda todo lo que quer\u00eda.<\/p>\n<p><\/p>\n<p>Un d\u00eda el diablo vino a tentar a este anciano, pero tan pronto como lo escuch\u00f3, abri\u00f3 su bolsa y dijo:<br \/>&quot;Artchila murtchila!&quot; entra en mi bolso! &quot;<\/p>\n<p><\/p>\n<p>Y el diablo mismo entr\u00f3 en el saco. Llev\u00f3 la bolsa, con el diablo dentro, a un herrero, quien la golpe\u00f3 muy fuerte y durante mucho tiempo con su martillo.<\/p>\n<p><\/p>\n<p>Cuando muri\u00f3 el viejo soldado, se fue al cielo. Cuando lleg\u00f3, se le apareci\u00f3 San Pedro y le dijo:<br \/>&quot; Qu\u00e9 est\u00e1s haciendo ah\u00ed ? \u00bfY qu\u00e9 quieres?<br \/>El paraiso.<br \/>Qu\u00e9 ! El paraiso ! \u00bfNo prefieres tener una bolsa?<br \/>oro cuando Dios te dio la opci\u00f3n? Fuera de aqu\u00ed. Ve al infierno. Las puertas est\u00e1n ah\u00ed. &quot;<\/p>\n<p><\/p>\n<p>Nuestro anciano, lleno de tristeza, se dirigi\u00f3 a la puerta del infierno y llam\u00f3, pero en cuanto se abri\u00f3 la puerta el diablo reconoci\u00f3 a su soldado y se puso a llorar:<br \/>&quot;\u00a1No lo dejes entrar!&quot; \u00a1No lo dejes entrar! Nos causar\u00e1 demasiados problemas y demasiada miseria. \u00a1Es realmente malo! &quot;<\/p>\n<p><\/p>\n<p>Y como no quiso recibirlo, regres\u00f3 al para\u00edso y Dios orden\u00f3 a San Pedro que dejara entrar al hombre que hab\u00eda sido tan enemigo del diablo.<\/p>\n<p><\/p>\t\t\t\t\t\t\t\t<\/div>\n\t\t\t\t<\/div>\n\t\t\t\t\t<\/div>\n\t\t<\/div>\n\t\t\t\t\t<\/div>\n\t\t<\/section>\n\t\t\t\t<\/div>","protected":false},"excerpt":{"rendered":"<p>Mythologie Basque Wiki Une fois, J\u00e9sus-Christ s&rsquo;en allait avec ses disciples vers J\u00e9rusalem, il rencontra un vieil homme et lui &hellip; <\/p>","protected":false},"author":1,"featured_media":0,"parent":1004,"menu_order":0,"comment_status":"closed","ping_status":"closed","template":"","meta":{"footnotes":""},"class_list":["post-1253","page","type-page","status-publish","hentry"],"amp_enabled":true,"_links":{"self":[{"href":"https:\/\/mythslegendes.com\/es\/wp-json\/wp\/v2\/pages\/1253","targetHints":{"allow":["GET"]}}],"collection":[{"href":"https:\/\/mythslegendes.com\/es\/wp-json\/wp\/v2\/pages"}],"about":[{"href":"https:\/\/mythslegendes.com\/es\/wp-json\/wp\/v2\/types\/page"}],"author":[{"embeddable":true,"href":"https:\/\/mythslegendes.com\/es\/wp-json\/wp\/v2\/users\/1"}],"replies":[{"embeddable":true,"href":"https:\/\/mythslegendes.com\/es\/wp-json\/wp\/v2\/comments?post=1253"}],"version-history":[{"count":1,"href":"https:\/\/mythslegendes.com\/es\/wp-json\/wp\/v2\/pages\/1253\/revisions"}],"predecessor-version":[{"id":24695,"href":"https:\/\/mythslegendes.com\/es\/wp-json\/wp\/v2\/pages\/1253\/revisions\/24695"}],"up":[{"embeddable":true,"href":"https:\/\/mythslegendes.com\/es\/wp-json\/wp\/v2\/pages\/1004"}],"wp:attachment":[{"href":"https:\/\/mythslegendes.com\/es\/wp-json\/wp\/v2\/media?parent=1253"}],"curies":[{"name":"wp","href":"https:\/\/api.w.org\/{rel}","templated":true}]}}