{"id":1260,"date":"2020-06-23T11:44:10","date_gmt":"2020-06-23T10:44:10","guid":{"rendered":"https:\/\/mythslegendes.com\/?page_id=1260"},"modified":"2022-12-03T22:07:04","modified_gmt":"2022-12-03T22:07:04","slug":"le-jeune-ecolier","status":"publish","type":"page","link":"https:\/\/mythslegendes.com\/es\/mitologia-vasca\/el-joven-colegial\/","title":{"rendered":"El joven colegial"},"content":{"rendered":"<div data-elementor-type=\"wp-page\" data-elementor-id=\"1260\" class=\"elementor elementor-1260\">\n\t\t\t\t\t\t<section class=\"elementor-section elementor-top-section elementor-element elementor-element-fb131b5 elementor-section-boxed elementor-section-height-default elementor-section-height-default\" data-id=\"fb131b5\" data-element_type=\"section\" data-e-type=\"section\">\n\t\t\t\t\t\t<div class=\"elementor-container elementor-column-gap-default\">\n\t\t\t\t\t<div class=\"elementor-column elementor-col-50 elementor-top-column elementor-element elementor-element-2e160d4\" data-id=\"2e160d4\" data-element_type=\"column\" data-e-type=\"column\">\n\t\t\t<div class=\"elementor-widget-wrap elementor-element-populated\">\n\t\t\t\t\t\t<div class=\"elementor-element elementor-element-273dfc9 elementor-align-justify elementor-widget elementor-widget-button\" data-id=\"273dfc9\" data-element_type=\"widget\" data-e-type=\"widget\" data-widget_type=\"button.default\">\n\t\t\t\t<div class=\"elementor-widget-container\">\n\t\t\t\t\t\t\t\t\t<div class=\"elementor-button-wrapper\">\n\t\t\t\t\t<a class=\"elementor-button elementor-button-link elementor-size-sm\" href=\"https:\/\/mythslegendes.com\/es\/mitologia-vasca\/\">\n\t\t\t\t\t\t<span class=\"elementor-button-content-wrapper\">\n\t\t\t\t\t\t\t\t\t<span class=\"elementor-button-text\">Mitolog\u00eda vasca<\/span>\n\t\t\t\t\t<\/span>\n\t\t\t\t\t<\/a>\n\t\t\t\t<\/div>\n\t\t\t\t\t\t\t\t<\/div>\n\t\t\t\t<\/div>\n\t\t\t\t\t<\/div>\n\t\t<\/div>\n\t\t\t\t<div class=\"elementor-column elementor-col-50 elementor-top-column elementor-element elementor-element-025b1c0\" data-id=\"025b1c0\" data-element_type=\"column\" data-e-type=\"column\">\n\t\t\t<div class=\"elementor-widget-wrap elementor-element-populated\">\n\t\t\t\t\t\t<div class=\"elementor-element elementor-element-94f15a0 elementor-align-justify elementor-widget elementor-widget-button\" data-id=\"94f15a0\" data-element_type=\"widget\" data-e-type=\"widget\" data-widget_type=\"button.default\">\n\t\t\t\t<div class=\"elementor-widget-container\">\n\t\t\t\t\t\t\t\t\t<div class=\"elementor-button-wrapper\">\n\t\t\t\t\t<a class=\"elementor-button elementor-button-link elementor-size-sm\" href=\"https:\/\/fr.wikipedia.org\/wiki\/Mythologie_basque\" target=\"_blank\" rel=\"noopener\">\n\t\t\t\t\t\t<span class=\"elementor-button-content-wrapper\">\n\t\t\t\t\t\t\t\t\t<span class=\"elementor-button-text\">Wiki<\/span>\n\t\t\t\t\t<\/span>\n\t\t\t\t\t<\/a>\n\t\t\t\t<\/div>\n\t\t\t\t\t\t\t\t<\/div>\n\t\t\t\t<\/div>\n\t\t\t\t\t<\/div>\n\t\t<\/div>\n\t\t\t\t\t<\/div>\n\t\t<\/section>\n\t\t\t\t<section class=\"elementor-section elementor-top-section elementor-element elementor-element-7259cafc elementor-section-boxed elementor-section-height-default elementor-section-height-default\" data-id=\"7259cafc\" data-element_type=\"section\" data-e-type=\"section\">\n\t\t\t\t\t\t<div class=\"elementor-container elementor-column-gap-default\">\n\t\t\t\t\t<div class=\"elementor-column elementor-col-100 elementor-top-column elementor-element elementor-element-37aadce8\" data-id=\"37aadce8\" data-element_type=\"column\" data-e-type=\"column\">\n\t\t\t<div class=\"elementor-widget-wrap elementor-element-populated\">\n\t\t\t\t\t\t<div class=\"elementor-element elementor-element-3d5b6378 elementor-widget elementor-widget-text-editor\" data-id=\"3d5b6378\" data-element_type=\"widget\" data-e-type=\"widget\" data-widget_type=\"text-editor.default\">\n\t\t\t\t<div class=\"elementor-widget-container\">\n\t\t\t\t\t\t\t\t\t<p><\/p>\n<p>Aqu\u00ed est\u00e1 la historia del joven escolar. Hab\u00eda una vez un caballero y una dama. Tuvieron un hijo. El padre era capit\u00e1n de barco. La madre siempre mandaba a su hijo a la escuela y cuando el padre regresaba de sus viajes le preguntaba a su hijo si hab\u00eda aprendido mucho en la escuela. La madre respondi\u00f3: \u201c\u00a1No, no! no mucho. &quot;<\/p>\n<p><img decoding=\"async\" class=\"alignnone wp-image-5284 size-full\" src=\"https:\/\/mythslegendes.com\/wp-content\/uploads\/2020\/09\/AlphaOmega-e1602613368367.png\" alt=\"joven colegial\" width=\"25\" height=\"26\" title=\"\"><\/p>\n<div id=\"ez-toc-container\" class=\"ez-toc-v2_0_82_2 counter-hierarchy ez-toc-counter ez-toc-grey ez-toc-container-direction\">\n<div class=\"ez-toc-title-container\">\n<p class=\"ez-toc-title\" style=\"cursor:inherit\">Contenido<\/p>\n<span class=\"ez-toc-title-toggle\"><a href=\"#\" class=\"ez-toc-pull-right ez-toc-btn ez-toc-btn-xs ez-toc-btn-default ez-toc-toggle\" aria-label=\"Alternar tabla de contenidos\"><span class=\"ez-toc-js-icon-con\"><span class=\"\"><span class=\"eztoc-hide\" style=\"display:none;\">Palanca<\/span><span class=\"ez-toc-icon-toggle-span\"><svg style=\"fill: #999;color:#999\" xmlns=\"http:\/\/www.w3.org\/2000\/svg\" class=\"list-377408\" width=\"20px\" height=\"20px\" viewbox=\"0 0 24 24\" fill=\"none\"><path d=\"M6 6H4v2h2V6zm14 0H8v2h12V6zM4 11h2v2H4v-2zm16 0H8v2h12v-2zM4 16h2v2H4v-2zm16 0H8v2h12v-2z\" fill=\"currentColor\"><\/path><\/svg><svg style=\"fill: #999;color:#999\" class=\"arrow-unsorted-368013\" xmlns=\"http:\/\/www.w3.org\/2000\/svg\" width=\"10px\" height=\"10px\" viewbox=\"0 0 24 24\" version=\"1.2\" baseprofile=\"tiny\"><path d=\"M18.2 9.3l-6.2-6.3-6.2 6.3c-.2.2-.3.4-.3.7s.1.5.3.7c.2.2.4.3.7.3h11c.3 0 .5-.1.7-.3.2-.2.3-.5.3-.7s-.1-.5-.3-.7zM5.8 14.7l6.2 6.3 6.2-6.3c.2-.2.3-.5.3-.7s-.1-.5-.3-.7c-.2-.2-.4-.3-.7-.3h-11c-.3 0-.5.1-.7.3-.2.2-.3.5-.3.7s.1.5.3.7z\"\/><\/svg><\/span><\/span><\/span><\/a><\/span><\/div>\n<nav><ul class='ez-toc-list ez-toc-list-level-1' ><li class='ez-toc-page-1 ez-toc-heading-level-2'><a class=\"ez-toc-link ez-toc-heading-1\" href=\"https:\/\/mythslegendes.com\/es\/mitologia-vasca\/el-joven-colegial\/#Jeune-ecolier\" >Joven colegial<\/a><\/li><\/ul><\/nav><\/div>\n<h2><span class=\"ez-toc-section\" id=\"Jeune-ecolier\"><\/span>Joven colegial<span class=\"ez-toc-section-end\"><\/span><\/h2>\n<p><\/p>\n<p><\/p>\n<p>El padre volvi\u00f3 a emprender su viaje. Volvi\u00f3 a casa por segunda vez. \u201cHijo m\u00edo, \u00bfqu\u00e9 aprendiste en la escuela?<br \/>- Nada ! respondi\u00f3 el ni\u00f1o a su padre.<br \/>-\u00bfNo has aprendido nada?<br \/>El capit\u00e1n fue al maestro y le pregunt\u00f3 si su hijo estaba aprendiendo algo.<br \/>\u201cNo puedo meter nada en la cabeza de este ni\u00f1o. &quot;<\/p>\n<p><\/p>\n<p><\/p>\n<p>Lleg\u00f3 el ni\u00f1o y el padre volvi\u00f3 a preguntarle qu\u00e9 hab\u00eda aprendido en la escuela.<br \/>\u201c(Para entender) el canto de los p\u00e1jaros. Es todo.<br \/>-\u00a1Oh, hijo m\u00edo, el canto de los p\u00e1jaros! canto de los p\u00e1jaros ! Ven ! \u00a1Sube a bordo del barco conmigo! &quot;<\/p>\n<p><\/p>\n<p><\/p>\n<p>Y se la llev\u00f3 con \u00e9l. Durante la traves\u00eda, un p\u00e1jaro se acerc\u00f3 y se par\u00f3 en la parte trasera del barco, cantando: \u201cWirittitti. kirikiriki. &quot;<br \/>\u201cHijo m\u00edo, vamos, vamos, en lugar de aprender primero el arte de ser capit\u00e1n, aprendiste a cantar p\u00e1jaros. \u00bfSabes lo que canta este p\u00e1jaro?<br \/>- S\u00ed, mi padre. S\u00e9 que canta que ahora estoy bajo tu mando, pero que t\u00fa tambi\u00e9n estar\u00e1s bajo el m\u00edo. &quot;<\/p>\n<p><\/p>\n<p><\/p>\n<p>\u00bfQu\u00e9 hizo el capit\u00e1n? Tom\u00f3 un barril, rompi\u00f3 la tapa y meti\u00f3 a su hijo en \u00e9l. Cerr\u00f3 el ca\u00f1\u00f3n, lo arroj\u00f3 al mar y una tormenta lo arroj\u00f3 a la orilla.<\/p>\n<p><\/p>\n<p><\/p>\n<p>En ese momento pasaba un rey y encontr\u00f3 este barril y llam\u00f3 a sus hombres. Empezaron a querer romperlo y el chico grit\u00f3 desde dentro:<br \/>\u201cSuavemente, suavemente, hay alguien dentro. &quot;<\/p>\n<p><\/p>\n<p><\/p>\n<p>Abrieron el ca\u00f1\u00f3n y sali\u00f3 el chico. El rey lo llev\u00f3 a casa y se cas\u00f3 con la hija del rey.<\/p>\n<p><\/p>\n<p><\/p>\n<p>Un d\u00eda, el padre de este ni\u00f1o fue atrapado en una gran tormenta y el capit\u00e1n fue arrojado a la orilla del mar, fue donde el rey y vio a su hijo. El hijo reconoci\u00f3 al padre, pero el padre no reconoci\u00f3 a su hijo en absoluto y se convirti\u00f3 en el sirviente de su propio hijo.<\/p>\n<p>Un d\u00eda le dijo:<br \/>&quot;\u00bfReconoces qui\u00e9n soy?&quot;<br \/>-No se\u00f1or.<br \/>-Yo soy Fulano de Tal, tu hijo. En ese momento me arrojaste al mar en un barril y ahora el canto del p\u00e1jaro se ha hecho realidad. &quot;<\/p>\n<p><\/p>\n<p><\/p>\n<p>Y despu\u00e9s de eso, padre e hijo vivieron muy felices juntos.<\/p>\n<p><\/p>\t\t\t\t\t\t\t\t<\/div>\n\t\t\t\t<\/div>\n\t\t\t\t\t<\/div>\n\t\t<\/div>\n\t\t\t\t\t<\/div>\n\t\t<\/section>\n\t\t\t\t<\/div>","protected":false},"excerpt":{"rendered":"<p>Wiki Mitolog\u00eda Vasca Esta es la historia del joven colegial. \u00c9rase una vez un caballero y una dama. Ten\u00edan \u2026 <\/p>","protected":false},"author":1,"featured_media":0,"parent":1004,"menu_order":0,"comment_status":"closed","ping_status":"closed","template":"","meta":{"footnotes":""},"class_list":["post-1260","page","type-page","status-publish","hentry"],"amp_enabled":true,"_links":{"self":[{"href":"https:\/\/mythslegendes.com\/es\/wp-json\/wp\/v2\/pages\/1260","targetHints":{"allow":["GET"]}}],"collection":[{"href":"https:\/\/mythslegendes.com\/es\/wp-json\/wp\/v2\/pages"}],"about":[{"href":"https:\/\/mythslegendes.com\/es\/wp-json\/wp\/v2\/types\/page"}],"author":[{"embeddable":true,"href":"https:\/\/mythslegendes.com\/es\/wp-json\/wp\/v2\/users\/1"}],"replies":[{"embeddable":true,"href":"https:\/\/mythslegendes.com\/es\/wp-json\/wp\/v2\/comments?post=1260"}],"version-history":[{"count":1,"href":"https:\/\/mythslegendes.com\/es\/wp-json\/wp\/v2\/pages\/1260\/revisions"}],"predecessor-version":[{"id":24697,"href":"https:\/\/mythslegendes.com\/es\/wp-json\/wp\/v2\/pages\/1260\/revisions\/24697"}],"up":[{"embeddable":true,"href":"https:\/\/mythslegendes.com\/es\/wp-json\/wp\/v2\/pages\/1004"}],"wp:attachment":[{"href":"https:\/\/mythslegendes.com\/es\/wp-json\/wp\/v2\/media?parent=1260"}],"curies":[{"name":"wp","href":"https:\/\/api.w.org\/{rel}","templated":true}]}}